{"id":86753,"date":"2026-04-28T12:06:44","date_gmt":"2026-04-28T11:06:44","guid":{"rendered":"https:\/\/www.guibutik.pt\/loja\/?post_type=product&#038;p=86753"},"modified":"2026-04-28T12:06:44","modified_gmt":"2026-04-28T11:06:44","slug":"sandalia-go-walk-s-skechers-2","status":"publish","type":"product","link":"https:\/\/www.guibutik.pt\/loja\/produto\/sandalia-go-walk-s-skechers-2\/","title":{"rendered":"Sand\u00e1lia Go Walk S Skechers"},"content":{"rendered":"<p>\u00c9 muito f\u00e1cil usar as tuas sand\u00e1lias desportivas preferidas Skechers Hands Free Slip-ins\u00ae: GO WALK Flex\u2122 Sandal &#8211; Glimmer Up. Concebidas com a nossa tecnologia Heel Pillow\u2122, estas sand\u00e1lias com tiras slip-on t\u00eam parte superior em malha com refor\u00e7o no calcanhar, palmilhas anat\u00f3micas Goga Mat\u00ae e amortecimento leve ULTRA GO\u00ae.<\/p>\n<div class=\"slick-slide slick-current slick-active\" data-slick-index=\"0\" aria-hidden=\"false\">\n<div>\n<figure class=\"c-product-highlights__item col-lg-2 contentasset-product-highlight-slip-ins\"><img loading=\"lazy\" decoding=\"async\" src=\"https:\/\/www.skechers.pt\/on\/demandware.static\/-\/Library-Sites-SkechersSharedLibrary\/default\/dw24b82c78\/images\/product\/highlights\/SKX_Hands_Free_Slip-ins_Logo-new.svg\" alt=\"Hands Free Slip-ins\" width=\"100\" height=\"100\" data-loading=\"lazy\" \/><figcaption class=\"c-product-highlights__item__heading\">Hands Free Slip-ins<\/figcaption><\/figure>\n<\/div>\n<\/div>\n<div class=\"slick-slide slick-active\" data-slick-index=\"1\" aria-hidden=\"false\">\n<div>\n<figure class=\"c-product-highlights__item col-lg-2 contentasset-product-highlight-ultra-go\"><img loading=\"lazy\" decoding=\"async\" src=\"https:\/\/www.skechers.pt\/on\/demandware.static\/-\/Library-Sites-SkechersSharedLibrary\/default\/dw72bd399a\/images\/product\/highlights\/ultra_go_color.svg\" alt=\"Ultra Go\" width=\"100\" height=\"100\" data-loading=\"lazy\" \/><figcaption class=\"c-product-highlights__item__heading\">Ultra Go<\/figcaption><\/figure>\n<\/div>\n<\/div>\n<div class=\"slick-slide slick-active\" data-slick-index=\"2\" aria-hidden=\"false\">\n<div>\n<figure class=\"c-product-highlights__item col-lg-2 contentasset-product-highlight-machine-washable\"><img loading=\"lazy\" decoding=\"async\" src=\"https:\/\/www.skechers.pt\/on\/demandware.static\/-\/Library-Sites-SkechersSharedLibrary\/default\/dwf22ce62e\/images\/product\/highlights\/machine_washable_color.svg\" alt=\"Machine Washable\" width=\"100\" height=\"100\" data-loading=\"lazy\" \/><figcaption class=\"c-product-highlights__item__heading\">Machine Washable<\/figcaption><\/figure>\n<\/div>\n<\/div>\n<div class=\"slick-slide slick-active\" data-slick-index=\"3\" aria-hidden=\"false\">\n<div>\n<figure class=\"c-product-highlights__item col-lg-2 contentasset-product-highlight-vegan\"><img loading=\"lazy\" decoding=\"async\" src=\"https:\/\/www.skechers.pt\/on\/demandware.static\/-\/Library-Sites-SkechersSharedLibrary\/default\/dw92d4c9d8\/images\/product\/highlights\/vegan_design_color.svg\" alt=\"Vegan\" width=\"100\" height=\"100\" data-loading=\"lazy\" \/><figcaption class=\"c-product-highlights__item__heading\">Vegan<\/p>\n<div class=\"c-product-technologies__item col-lg-4 col-md-6 \n                            contentasset-pdp-comfort-technology-slip-ins\n\n                             last-type-no-border top-row-padding  comfort-col-small-up\"><img loading=\"lazy\" decoding=\"async\" src=\"https:\/\/www.skechers.pt\/on\/demandware.static\/-\/Library-Sites-SkechersSharedLibrary\/default\/dw24b82c78\/images\/product\/highlights\/SKX_Hands_Free_Slip-ins_Logo-new.svg\" alt=\"Skechers Hands Free Slip-Ins\" width=\"100\" height=\"100\" data-loading=\"lazy\" \/><\/p>\n<div class=\"items__heading__body-container\">Skechers Hands Free Slip-InsPuro conforto com os Skechers Hands Free Slip-ins\u00ae. Sapatilhas f\u00e1ceis de cal\u00e7ar concebidos com a nossa exclusiva Heel Pillow\u2122 que mant\u00e9m o p\u00e9 no lugar.<\/p>\n<\/div>\n<\/div>\n<div class=\"c-product-technologies__item col-lg-4 col-md-6 \n                            contentasset-pdp-comfort-technology-stretch-fit\n\n                             last-type-no-border top-row-padding  comfort-col-small-up\"><img loading=\"lazy\" decoding=\"async\" src=\"https:\/\/www.skechers.pt\/on\/demandware.static\/-\/Library-Sites-SkechersSharedLibrary\/default\/dw645407e5\/images\/product\/comfort-tech\/StretchFit.png\" alt=\"Stretch Fit\" width=\"100\" height=\"100\" data-loading=\"lazy\" \/><\/p>\n<div class=\"items__heading__body-container\">Stretch FitCom um desenho elegante e sem costuras, o nosso cal\u00e7ado Stretch Fit\u00ae proporciona uma sensa\u00e7\u00e3o confort\u00e1vel, f\u00e1ceis de usar!<\/p>\n<\/div>\n<\/div>\n<div class=\"c-product-technologies__item col-lg-4 col-md-6 \n                            contentasset-pdp-comfort-technology-ultra-go\n\n                             last-type-no-border bottom-row-padding  comfort-col-small-up\"><img loading=\"lazy\" decoding=\"async\" src=\"https:\/\/www.skechers.pt\/on\/demandware.static\/-\/Library-Sites-SkechersSharedLibrary\/default\/dw89abdeaa\/images\/product\/comfort-tech\/UltraGo.png\" alt=\"Ultra Go\" width=\"100\" height=\"100\" data-loading=\"lazy\" \/><\/p>\n<div class=\"items__heading__body-container\">Ultra GoIdeal para actividades f\u00edsicas, o nosso amortecimento leve ULTRA GO\u00ae proporciona um efeito altamente reativo e saltitante em cada passada.<\/p>\n<div class=\"c-product-features-details__detail description collapsible-md d-lg-block col-12 col-lg-4\">\n<h2 class=\"c-product-features-details__title title d-none d-md-block\">Principais funcionalidades<\/h2>\n<ul class=\"c-product-features-details__bullets content value\">\n<li class=\"c-product-features-details__bullet\">Painel do calcanhar moldado Skechers Hands Free Slip-ins\u00ae para um ajuste f\u00e1cil<\/li>\n<li class=\"c-product-features-details__bullet\">A Heel Pillow\u2122 mant\u00e9m o teu p\u00e9 firmemente fixo<\/li>\n<li class=\"c-product-features-details__bullet\">Confort\u00e1veis palmilhas Goga Mat\u00ae com contorno<\/li>\n<li class=\"c-product-features-details__bullet\">Amortecimento ULTRA GO leve e reativo<\/li>\n<li class=\"c-product-features-details__bullet\">Artigo composto por materiais 100% veganos<\/li>\n<li class=\"c-product-features-details__bullet\">Calcanhar Skechers Hands Free Slip-ins\u00ae<\/li>\n<\/ul>\n<\/div>\n<div class=\"c-product-features-details__detail details collapsible-md d-lg-block col-12 col-lg-4\">\n<h2 class=\"c-product-features-details__title title d-none d-md-block\">Detalhes do design<\/h2>\n<ul class=\"c-product-features-details__bullets content value\">\n<li class=\"c-product-features-details__bullet\">Parte superior com pain\u00e9is el\u00e1sticos e tiras brilhantes<\/li>\n<li class=\"c-product-features-details__bullet\">Tira de calcanhar<\/li>\n<li class=\"c-product-features-details__bullet\">Sola de tra\u00e7\u00e3o de dupla densidade dur\u00e1vel para proporcionar estabilidade<\/li>\n<li class=\"c-product-features-details__bullet\">Artigo lav\u00e1vel \u00e0 m\u00e1quina<\/li>\n<li class=\"c-product-features-details__bullet\">Altura do salto: 2,5 cm<\/li>\n<li class=\"c-product-features-details__bullet\">Log\u00f3tipo Skechers vis\u00edvel<\/li>\n<\/ul>\n<\/div>\n<div class=\"c-product-features-details__detail details js-product-materials collapsible-md d-lg-block col-12 col-lg-4\">\n<h2 class=\"c-product-features-details__title title d-none d-md-block\">Materiais<\/h2>\n<ul class=\"c-product-features-details__bullets content value\">\n<li class=\"c-product-features-details__bullet\">Outsole: Sint\u00e9tico<\/li>\n<li class=\"c-product-features-details__bullet\">Upper: Textil<\/li>\n<li class=\"c-product-features-details__bullet\">Lining insole: Textil<\/li>\n<\/ul>\n<\/div>\n<\/div>\n<\/div>\n<\/figcaption><\/figure>\n<\/div>\n<\/div>\n","protected":false},"excerpt":{"rendered":"<p>\u00c9 muito f\u00e1cil usar as tuas sand\u00e1lias desportivas preferidas Skechers Hands Free Slip-ins\u00ae: GO WALK Flex\u2122 Sandal &#8211; Glimmer Up. Concebidas com a nossa tecnologia Heel Pillow\u2122, estas sand\u00e1lias com tiras slip-on t\u00eam parte superior em malha com refor\u00e7o no calcanhar, palmilhas anat\u00f3micas Goga Mat\u00ae e amortecimento leve ULTRA GO\u00ae. Hands Free Slip-ins Ultra Go [&hellip;]<\/p>\n","protected":false},"featured_media":86755,"comment_status":"closed","ping_status":"closed","template":"","meta":[],"product_cat":[291,222],"product_tag":[],"class_list":{"0":"post-86753","1":"product","2":"type-product","3":"status-publish","4":"has-post-thumbnail","6":"product_cat-calcado-senhora","7":"product_cat-senhora","8":"ts_product_brand-skechers","10":"first","11":"instock","12":"shipping-taxable","13":"purchasable","14":"product-type-variable"},"yoast_head":"<!-- This site is optimized with the Yoast SEO plugin v27.4 - https:\/\/yoast.com\/product\/yoast-seo-wordpress\/ -->\n<title>Sand\u00e1lia Go Walk S Skechers - Guibutik<\/title>\n<meta name=\"robots\" content=\"index, follow, max-snippet:-1, max-image-preview:large, max-video-preview:-1\" \/>\n<link rel=\"canonical\" href=\"https:\/\/www.guibutik.pt\/loja\/produto\/sandalia-go-walk-s-skechers-2\/\" \/>\n<meta property=\"og:locale\" content=\"pt_PT\" \/>\n<meta property=\"og:type\" content=\"article\" \/>\n<meta property=\"og:title\" content=\"Sand\u00e1lia Go Walk S Skechers - Guibutik\" \/>\n<meta property=\"og:description\" content=\"\u00c9 muito f\u00e1cil usar as tuas sand\u00e1lias desportivas preferidas Skechers Hands Free Slip-ins\u00ae: GO WALK Flex\u2122 Sandal &#8211; Glimmer Up. Concebidas com a nossa tecnologia Heel Pillow\u2122, estas sand\u00e1lias com tiras slip-on t\u00eam parte superior em malha com refor\u00e7o no calcanhar, palmilhas anat\u00f3micas Goga Mat\u00ae e amortecimento leve ULTRA GO\u00ae. Hands Free Slip-ins Ultra Go [&hellip;]\" \/>\n<meta property=\"og:url\" content=\"https:\/\/www.guibutik.pt\/loja\/produto\/sandalia-go-walk-s-skechers-2\/\" \/>\n<meta property=\"og:site_name\" content=\"Guibutik\" \/>\n<meta property=\"article:publisher\" content=\"https:\/\/www.facebook.com\/guibutik\/\" \/>\n<meta property=\"og:image\" content=\"https:\/\/www.guibutik.pt\/loja\/wp-content\/uploads\/2026\/04\/141489_TPE_HERO_LG.jpg\" \/>\n\t<meta property=\"og:image:width\" content=\"800\" \/>\n\t<meta property=\"og:image:height\" content=\"708\" \/>\n\t<meta property=\"og:image:type\" content=\"image\/jpeg\" \/>\n<meta name=\"twitter:card\" content=\"summary_large_image\" \/>\n<meta name=\"twitter:label1\" content=\"Tempo estimado de leitura\" \/>\n\t<meta name=\"twitter:data1\" content=\"3 minutos\" \/>\n<script type=\"application\/ld+json\" class=\"yoast-schema-graph\">{\"@context\":\"https:\\\/\\\/schema.org\",\"@graph\":[{\"@type\":\"WebPage\",\"@id\":\"https:\\\/\\\/www.guibutik.pt\\\/loja\\\/produto\\\/sandalia-go-walk-s-skechers-2\\\/\",\"url\":\"https:\\\/\\\/www.guibutik.pt\\\/loja\\\/produto\\\/sandalia-go-walk-s-skechers-2\\\/\",\"name\":\"Sand\u00e1lia Go Walk S Skechers - Guibutik\",\"isPartOf\":{\"@id\":\"https:\\\/\\\/www.guibutik.pt\\\/loja\\\/#website\"},\"primaryImageOfPage\":{\"@id\":\"https:\\\/\\\/www.guibutik.pt\\\/loja\\\/produto\\\/sandalia-go-walk-s-skechers-2\\\/#primaryimage\"},\"image\":{\"@id\":\"https:\\\/\\\/www.guibutik.pt\\\/loja\\\/produto\\\/sandalia-go-walk-s-skechers-2\\\/#primaryimage\"},\"thumbnailUrl\":\"https:\\\/\\\/www.guibutik.pt\\\/loja\\\/wp-content\\\/uploads\\\/2026\\\/04\\\/141489_TPE_HERO_LG.jpg\",\"datePublished\":\"2026-04-28T11:06:44+00:00\",\"breadcrumb\":{\"@id\":\"https:\\\/\\\/www.guibutik.pt\\\/loja\\\/produto\\\/sandalia-go-walk-s-skechers-2\\\/#breadcrumb\"},\"inLanguage\":\"pt-PT\",\"potentialAction\":[{\"@type\":\"ReadAction\",\"target\":[\"https:\\\/\\\/www.guibutik.pt\\\/loja\\\/produto\\\/sandalia-go-walk-s-skechers-2\\\/\"]}]},{\"@type\":\"ImageObject\",\"inLanguage\":\"pt-PT\",\"@id\":\"https:\\\/\\\/www.guibutik.pt\\\/loja\\\/produto\\\/sandalia-go-walk-s-skechers-2\\\/#primaryimage\",\"url\":\"https:\\\/\\\/www.guibutik.pt\\\/loja\\\/wp-content\\\/uploads\\\/2026\\\/04\\\/141489_TPE_HERO_LG.jpg\",\"contentUrl\":\"https:\\\/\\\/www.guibutik.pt\\\/loja\\\/wp-content\\\/uploads\\\/2026\\\/04\\\/141489_TPE_HERO_LG.jpg\",\"width\":800,\"height\":708},{\"@type\":\"BreadcrumbList\",\"@id\":\"https:\\\/\\\/www.guibutik.pt\\\/loja\\\/produto\\\/sandalia-go-walk-s-skechers-2\\\/#breadcrumb\",\"itemListElement\":[{\"@type\":\"ListItem\",\"position\":1,\"name\":\"In\u00edcio\",\"item\":\"https:\\\/\\\/www.guibutik.pt\\\/loja\\\/\"},{\"@type\":\"ListItem\",\"position\":2,\"name\":\"Loja\",\"item\":\"https:\\\/\\\/www.guibutik.pt\\\/loja\\\/shop\\\/\"},{\"@type\":\"ListItem\",\"position\":3,\"name\":\"Sand\u00e1lia Go Walk S Skechers\"}]},{\"@type\":\"WebSite\",\"@id\":\"https:\\\/\\\/www.guibutik.pt\\\/loja\\\/#website\",\"url\":\"https:\\\/\\\/www.guibutik.pt\\\/loja\\\/\",\"name\":\"Guibutik\",\"description\":\"Moda e Sapataria\",\"potentialAction\":[{\"@type\":\"SearchAction\",\"target\":{\"@type\":\"EntryPoint\",\"urlTemplate\":\"https:\\\/\\\/www.guibutik.pt\\\/loja\\\/?s={search_term_string}\"},\"query-input\":{\"@type\":\"PropertyValueSpecification\",\"valueRequired\":true,\"valueName\":\"search_term_string\"}}],\"inLanguage\":\"pt-PT\"}]}<\/script>\n<!-- \/ Yoast SEO plugin. -->","yoast_head_json":{"title":"Sand\u00e1lia Go Walk S Skechers - Guibutik","robots":{"index":"index","follow":"follow","max-snippet":"max-snippet:-1","max-image-preview":"max-image-preview:large","max-video-preview":"max-video-preview:-1"},"canonical":"https:\/\/www.guibutik.pt\/loja\/produto\/sandalia-go-walk-s-skechers-2\/","og_locale":"pt_PT","og_type":"article","og_title":"Sand\u00e1lia Go Walk S Skechers - Guibutik","og_description":"\u00c9 muito f\u00e1cil usar as tuas sand\u00e1lias desportivas preferidas Skechers Hands Free Slip-ins\u00ae: GO WALK Flex\u2122 Sandal &#8211; Glimmer Up. Concebidas com a nossa tecnologia Heel Pillow\u2122, estas sand\u00e1lias com tiras slip-on t\u00eam parte superior em malha com refor\u00e7o no calcanhar, palmilhas anat\u00f3micas Goga Mat\u00ae e amortecimento leve ULTRA GO\u00ae. Hands Free Slip-ins Ultra Go [&hellip;]","og_url":"https:\/\/www.guibutik.pt\/loja\/produto\/sandalia-go-walk-s-skechers-2\/","og_site_name":"Guibutik","article_publisher":"https:\/\/www.facebook.com\/guibutik\/","og_image":[{"width":800,"height":708,"url":"https:\/\/www.guibutik.pt\/loja\/wp-content\/uploads\/2026\/04\/141489_TPE_HERO_LG.jpg","type":"image\/jpeg"}],"twitter_card":"summary_large_image","twitter_misc":{"Tempo estimado de leitura":"3 minutos"},"schema":{"@context":"https:\/\/schema.org","@graph":[{"@type":"WebPage","@id":"https:\/\/www.guibutik.pt\/loja\/produto\/sandalia-go-walk-s-skechers-2\/","url":"https:\/\/www.guibutik.pt\/loja\/produto\/sandalia-go-walk-s-skechers-2\/","name":"Sand\u00e1lia Go Walk S Skechers - Guibutik","isPartOf":{"@id":"https:\/\/www.guibutik.pt\/loja\/#website"},"primaryImageOfPage":{"@id":"https:\/\/www.guibutik.pt\/loja\/produto\/sandalia-go-walk-s-skechers-2\/#primaryimage"},"image":{"@id":"https:\/\/www.guibutik.pt\/loja\/produto\/sandalia-go-walk-s-skechers-2\/#primaryimage"},"thumbnailUrl":"https:\/\/www.guibutik.pt\/loja\/wp-content\/uploads\/2026\/04\/141489_TPE_HERO_LG.jpg","datePublished":"2026-04-28T11:06:44+00:00","breadcrumb":{"@id":"https:\/\/www.guibutik.pt\/loja\/produto\/sandalia-go-walk-s-skechers-2\/#breadcrumb"},"inLanguage":"pt-PT","potentialAction":[{"@type":"ReadAction","target":["https:\/\/www.guibutik.pt\/loja\/produto\/sandalia-go-walk-s-skechers-2\/"]}]},{"@type":"ImageObject","inLanguage":"pt-PT","@id":"https:\/\/www.guibutik.pt\/loja\/produto\/sandalia-go-walk-s-skechers-2\/#primaryimage","url":"https:\/\/www.guibutik.pt\/loja\/wp-content\/uploads\/2026\/04\/141489_TPE_HERO_LG.jpg","contentUrl":"https:\/\/www.guibutik.pt\/loja\/wp-content\/uploads\/2026\/04\/141489_TPE_HERO_LG.jpg","width":800,"height":708},{"@type":"BreadcrumbList","@id":"https:\/\/www.guibutik.pt\/loja\/produto\/sandalia-go-walk-s-skechers-2\/#breadcrumb","itemListElement":[{"@type":"ListItem","position":1,"name":"In\u00edcio","item":"https:\/\/www.guibutik.pt\/loja\/"},{"@type":"ListItem","position":2,"name":"Loja","item":"https:\/\/www.guibutik.pt\/loja\/shop\/"},{"@type":"ListItem","position":3,"name":"Sand\u00e1lia Go Walk S Skechers"}]},{"@type":"WebSite","@id":"https:\/\/www.guibutik.pt\/loja\/#website","url":"https:\/\/www.guibutik.pt\/loja\/","name":"Guibutik","description":"Moda e Sapataria","potentialAction":[{"@type":"SearchAction","target":{"@type":"EntryPoint","urlTemplate":"https:\/\/www.guibutik.pt\/loja\/?s={search_term_string}"},"query-input":{"@type":"PropertyValueSpecification","valueRequired":true,"valueName":"search_term_string"}}],"inLanguage":"pt-PT"}]}},"_links":{"self":[{"href":"https:\/\/www.guibutik.pt\/loja\/wp-json\/wp\/v2\/product\/86753","targetHints":{"allow":["GET"]}}],"collection":[{"href":"https:\/\/www.guibutik.pt\/loja\/wp-json\/wp\/v2\/product"}],"about":[{"href":"https:\/\/www.guibutik.pt\/loja\/wp-json\/wp\/v2\/types\/product"}],"replies":[{"embeddable":true,"href":"https:\/\/www.guibutik.pt\/loja\/wp-json\/wp\/v2\/comments?post=86753"}],"wp:featuredmedia":[{"embeddable":true,"href":"https:\/\/www.guibutik.pt\/loja\/wp-json\/wp\/v2\/media\/86755"}],"wp:attachment":[{"href":"https:\/\/www.guibutik.pt\/loja\/wp-json\/wp\/v2\/media?parent=86753"}],"wp:term":[{"taxonomy":"product_cat","embeddable":true,"href":"https:\/\/www.guibutik.pt\/loja\/wp-json\/wp\/v2\/product_cat?post=86753"},{"taxonomy":"product_tag","embeddable":true,"href":"https:\/\/www.guibutik.pt\/loja\/wp-json\/wp\/v2\/product_tag?post=86753"}],"curies":[{"name":"wp","href":"https:\/\/api.w.org\/{rel}","templated":true}]}}