{"id":86693,"date":"2026-04-23T18:18:50","date_gmt":"2026-04-23T17:18:50","guid":{"rendered":"https:\/\/www.guibutik.pt\/loja\/?post_type=product&#038;p=86693"},"modified":"2026-04-23T18:18:50","modified_gmt":"2026-04-23T17:18:50","slug":"vestido-s-salsa-3","status":"publish","type":"product","link":"https:\/\/www.guibutik.pt\/loja\/produto\/vestido-s-salsa-3\/","title":{"rendered":"Vestido S Salsa"},"content":{"rendered":"<p>As flores assumem protagonismo e os tecidos tornam-se mais leves. Este vestido camiseiro em bordado ingl\u00eas reflete essa inspira\u00e7\u00e3o atrav\u00e9s de um padr\u00e3o floral vibrante e de uma silhueta fresca, pensada para os dias mais quentes.O bordado ingl\u00eas destaca-se pela textura delicada e pelo toque respir\u00e1vel, proporcionando conforto e leveza ao longo do dia. O padr\u00e3o floral verde ilumina o look e refor\u00e7a a sua express\u00e3o mais feminina, com um toque marcante.A abertura frontal com bot\u00f5es e o decote camiseiro refor\u00e7am o car\u00e1ter cl\u00e1ssico da pe\u00e7a. O cinto remov\u00edvel permite ajustar a cintura e definir a silhueta, enquanto o comprimento midi, as mangas curtas e os bolsos laterais combinam estilo e funcionalidade. O forro interior garante maior conforto ao vestir.Um vestido vers\u00e1til e feminino, ideal para looks leves e elegantes nos dias mais quentes.<br \/>\n&#8211; Vestido camiseiro em bordado ingl\u00eas<br \/>\n&#8211; Padr\u00e3o floral verde<br \/>\n&#8211; Manga curta<br \/>\n&#8211; Abertura frontal com bot\u00f5es<br \/>\n&#8211; Comprimento midi<\/p>\n<p>&#8211; Cinto remov\u00edvel<br \/>\n&#8211; Com bolsos<br \/>\n&#8211; Com forro<\/p>\n<p>Composi\u00e7\u00e3o:<\/p>\n<div class=\"accordion-content page-content\">\n<div id=\"section_2114949968\" class=\"product-composition ng-scope\" data-compositiongroupid=\"2\">\n<div class=\"list-composition\">\n<div class=\"row-composition \" data-compositionname=\"\">\n<div class=\"composition-info\">\n<p class=\"composition-title\">Tecido principal<\/p>\n<ul class=\"composition-list\">\n<li>100% Algod\u00e3o<\/li>\n<\/ul>\n<p class=\"composition-title\">Forro<\/p>\n<ul class=\"composition-list\">\n<li>100% Algod\u00e3o<\/li>\n<\/ul>\n<p>Cuidados de lavagem:<\/p>\n<div class=\"col-sm-12 column clearfix\">\n<p class=\"paragraph\">Lavar m\u00e1quina a 30\u00baC, processo moderado<\/p>\n<\/div>\n<div class=\"col-sm-12 column clearfix\">\n<p class=\"paragraph\">N\u00e3o usar lixivia<\/p>\n<\/div>\n<div class=\"col-sm-12 column clearfix\">\n<p class=\"paragraph\">N\u00e3o passar com ferro quente<\/p>\n<\/div>\n<div class=\"col-sm-12 column clearfix\">\n<p class=\"paragraph\">N\u00e3o limpar a seco com qu\u00edmicos<\/p>\n<\/div>\n<div class=\"col-sm-12 column clearfix\">\n<p class=\"paragraph\">N\u00e3o utilizar m\u00e1quina de secar<\/p>\n<\/div>\n<\/div>\n<\/div>\n<\/div>\n<\/div>\n<\/div>\n","protected":false},"excerpt":{"rendered":"<p>As flores assumem protagonismo e os tecidos tornam-se mais leves. Este vestido camiseiro em bordado ingl\u00eas reflete essa inspira\u00e7\u00e3o atrav\u00e9s de um padr\u00e3o floral vibrante e de uma silhueta fresca, pensada para os dias mais quentes.O bordado ingl\u00eas destaca-se pela textura delicada e pelo toque respir\u00e1vel, proporcionando conforto e leveza ao longo do dia. O [&hellip;]<\/p>\n","protected":false},"featured_media":86705,"comment_status":"closed","ping_status":"closed","template":"","meta":[],"product_cat":[222,281],"product_tag":[],"class_list":{"0":"post-86693","1":"product","2":"type-product","3":"status-publish","4":"has-post-thumbnail","6":"product_cat-senhora","7":"product_cat-vestido","8":"ts_product_brand-salsa","10":"first","11":"instock","12":"shipping-taxable","13":"purchasable","14":"product-type-variable"},"yoast_head":"<!-- This site is optimized with the Yoast SEO plugin v27.4 - https:\/\/yoast.com\/product\/yoast-seo-wordpress\/ -->\n<title>Vestido S Salsa - Guibutik<\/title>\n<meta name=\"robots\" content=\"index, follow, max-snippet:-1, max-image-preview:large, max-video-preview:-1\" \/>\n<link rel=\"canonical\" href=\"https:\/\/www.guibutik.pt\/loja\/produto\/vestido-s-salsa-3\/\" \/>\n<meta property=\"og:locale\" content=\"pt_PT\" \/>\n<meta property=\"og:type\" content=\"article\" \/>\n<meta property=\"og:title\" content=\"Vestido S Salsa - Guibutik\" \/>\n<meta property=\"og:description\" content=\"As flores assumem protagonismo e os tecidos tornam-se mais leves. Este vestido camiseiro em bordado ingl\u00eas reflete essa inspira\u00e7\u00e3o atrav\u00e9s de um padr\u00e3o floral vibrante e de uma silhueta fresca, pensada para os dias mais quentes.O bordado ingl\u00eas destaca-se pela textura delicada e pelo toque respir\u00e1vel, proporcionando conforto e leveza ao longo do dia. O [&hellip;]\" \/>\n<meta property=\"og:url\" content=\"https:\/\/www.guibutik.pt\/loja\/produto\/vestido-s-salsa-3\/\" \/>\n<meta property=\"og:site_name\" content=\"Guibutik\" \/>\n<meta property=\"article:publisher\" content=\"https:\/\/www.facebook.com\/guibutik\/\" \/>\n<meta property=\"og:image\" content=\"https:\/\/www.guibutik.pt\/loja\/wp-content\/uploads\/2026\/04\/21011099.jpg\" \/>\n\t<meta property=\"og:image:width\" content=\"1280\" \/>\n\t<meta property=\"og:image:height\" content=\"1920\" \/>\n\t<meta property=\"og:image:type\" content=\"image\/jpeg\" \/>\n<meta name=\"twitter:card\" content=\"summary_large_image\" \/>\n<meta name=\"twitter:label1\" content=\"Tempo estimado de leitura\" \/>\n\t<meta name=\"twitter:data1\" content=\"2 minutos\" \/>\n<script type=\"application\/ld+json\" class=\"yoast-schema-graph\">{\"@context\":\"https:\\\/\\\/schema.org\",\"@graph\":[{\"@type\":\"WebPage\",\"@id\":\"https:\\\/\\\/www.guibutik.pt\\\/loja\\\/produto\\\/vestido-s-salsa-3\\\/\",\"url\":\"https:\\\/\\\/www.guibutik.pt\\\/loja\\\/produto\\\/vestido-s-salsa-3\\\/\",\"name\":\"Vestido S Salsa - Guibutik\",\"isPartOf\":{\"@id\":\"https:\\\/\\\/www.guibutik.pt\\\/loja\\\/#website\"},\"primaryImageOfPage\":{\"@id\":\"https:\\\/\\\/www.guibutik.pt\\\/loja\\\/produto\\\/vestido-s-salsa-3\\\/#primaryimage\"},\"image\":{\"@id\":\"https:\\\/\\\/www.guibutik.pt\\\/loja\\\/produto\\\/vestido-s-salsa-3\\\/#primaryimage\"},\"thumbnailUrl\":\"https:\\\/\\\/www.guibutik.pt\\\/loja\\\/wp-content\\\/uploads\\\/2026\\\/04\\\/21011099.jpg\",\"datePublished\":\"2026-04-23T17:18:50+00:00\",\"breadcrumb\":{\"@id\":\"https:\\\/\\\/www.guibutik.pt\\\/loja\\\/produto\\\/vestido-s-salsa-3\\\/#breadcrumb\"},\"inLanguage\":\"pt-PT\",\"potentialAction\":[{\"@type\":\"ReadAction\",\"target\":[\"https:\\\/\\\/www.guibutik.pt\\\/loja\\\/produto\\\/vestido-s-salsa-3\\\/\"]}]},{\"@type\":\"ImageObject\",\"inLanguage\":\"pt-PT\",\"@id\":\"https:\\\/\\\/www.guibutik.pt\\\/loja\\\/produto\\\/vestido-s-salsa-3\\\/#primaryimage\",\"url\":\"https:\\\/\\\/www.guibutik.pt\\\/loja\\\/wp-content\\\/uploads\\\/2026\\\/04\\\/21011099.jpg\",\"contentUrl\":\"https:\\\/\\\/www.guibutik.pt\\\/loja\\\/wp-content\\\/uploads\\\/2026\\\/04\\\/21011099.jpg\",\"width\":1280,\"height\":1920},{\"@type\":\"BreadcrumbList\",\"@id\":\"https:\\\/\\\/www.guibutik.pt\\\/loja\\\/produto\\\/vestido-s-salsa-3\\\/#breadcrumb\",\"itemListElement\":[{\"@type\":\"ListItem\",\"position\":1,\"name\":\"In\u00edcio\",\"item\":\"https:\\\/\\\/www.guibutik.pt\\\/loja\\\/\"},{\"@type\":\"ListItem\",\"position\":2,\"name\":\"Loja\",\"item\":\"https:\\\/\\\/www.guibutik.pt\\\/loja\\\/shop\\\/\"},{\"@type\":\"ListItem\",\"position\":3,\"name\":\"Vestido S Salsa\"}]},{\"@type\":\"WebSite\",\"@id\":\"https:\\\/\\\/www.guibutik.pt\\\/loja\\\/#website\",\"url\":\"https:\\\/\\\/www.guibutik.pt\\\/loja\\\/\",\"name\":\"Guibutik\",\"description\":\"Moda e Sapataria\",\"potentialAction\":[{\"@type\":\"SearchAction\",\"target\":{\"@type\":\"EntryPoint\",\"urlTemplate\":\"https:\\\/\\\/www.guibutik.pt\\\/loja\\\/?s={search_term_string}\"},\"query-input\":{\"@type\":\"PropertyValueSpecification\",\"valueRequired\":true,\"valueName\":\"search_term_string\"}}],\"inLanguage\":\"pt-PT\"}]}<\/script>\n<!-- \/ Yoast SEO plugin. -->","yoast_head_json":{"title":"Vestido S Salsa - Guibutik","robots":{"index":"index","follow":"follow","max-snippet":"max-snippet:-1","max-image-preview":"max-image-preview:large","max-video-preview":"max-video-preview:-1"},"canonical":"https:\/\/www.guibutik.pt\/loja\/produto\/vestido-s-salsa-3\/","og_locale":"pt_PT","og_type":"article","og_title":"Vestido S Salsa - Guibutik","og_description":"As flores assumem protagonismo e os tecidos tornam-se mais leves. Este vestido camiseiro em bordado ingl\u00eas reflete essa inspira\u00e7\u00e3o atrav\u00e9s de um padr\u00e3o floral vibrante e de uma silhueta fresca, pensada para os dias mais quentes.O bordado ingl\u00eas destaca-se pela textura delicada e pelo toque respir\u00e1vel, proporcionando conforto e leveza ao longo do dia. O [&hellip;]","og_url":"https:\/\/www.guibutik.pt\/loja\/produto\/vestido-s-salsa-3\/","og_site_name":"Guibutik","article_publisher":"https:\/\/www.facebook.com\/guibutik\/","og_image":[{"width":1280,"height":1920,"url":"https:\/\/www.guibutik.pt\/loja\/wp-content\/uploads\/2026\/04\/21011099.jpg","type":"image\/jpeg"}],"twitter_card":"summary_large_image","twitter_misc":{"Tempo estimado de leitura":"2 minutos"},"schema":{"@context":"https:\/\/schema.org","@graph":[{"@type":"WebPage","@id":"https:\/\/www.guibutik.pt\/loja\/produto\/vestido-s-salsa-3\/","url":"https:\/\/www.guibutik.pt\/loja\/produto\/vestido-s-salsa-3\/","name":"Vestido S Salsa - Guibutik","isPartOf":{"@id":"https:\/\/www.guibutik.pt\/loja\/#website"},"primaryImageOfPage":{"@id":"https:\/\/www.guibutik.pt\/loja\/produto\/vestido-s-salsa-3\/#primaryimage"},"image":{"@id":"https:\/\/www.guibutik.pt\/loja\/produto\/vestido-s-salsa-3\/#primaryimage"},"thumbnailUrl":"https:\/\/www.guibutik.pt\/loja\/wp-content\/uploads\/2026\/04\/21011099.jpg","datePublished":"2026-04-23T17:18:50+00:00","breadcrumb":{"@id":"https:\/\/www.guibutik.pt\/loja\/produto\/vestido-s-salsa-3\/#breadcrumb"},"inLanguage":"pt-PT","potentialAction":[{"@type":"ReadAction","target":["https:\/\/www.guibutik.pt\/loja\/produto\/vestido-s-salsa-3\/"]}]},{"@type":"ImageObject","inLanguage":"pt-PT","@id":"https:\/\/www.guibutik.pt\/loja\/produto\/vestido-s-salsa-3\/#primaryimage","url":"https:\/\/www.guibutik.pt\/loja\/wp-content\/uploads\/2026\/04\/21011099.jpg","contentUrl":"https:\/\/www.guibutik.pt\/loja\/wp-content\/uploads\/2026\/04\/21011099.jpg","width":1280,"height":1920},{"@type":"BreadcrumbList","@id":"https:\/\/www.guibutik.pt\/loja\/produto\/vestido-s-salsa-3\/#breadcrumb","itemListElement":[{"@type":"ListItem","position":1,"name":"In\u00edcio","item":"https:\/\/www.guibutik.pt\/loja\/"},{"@type":"ListItem","position":2,"name":"Loja","item":"https:\/\/www.guibutik.pt\/loja\/shop\/"},{"@type":"ListItem","position":3,"name":"Vestido S Salsa"}]},{"@type":"WebSite","@id":"https:\/\/www.guibutik.pt\/loja\/#website","url":"https:\/\/www.guibutik.pt\/loja\/","name":"Guibutik","description":"Moda e Sapataria","potentialAction":[{"@type":"SearchAction","target":{"@type":"EntryPoint","urlTemplate":"https:\/\/www.guibutik.pt\/loja\/?s={search_term_string}"},"query-input":{"@type":"PropertyValueSpecification","valueRequired":true,"valueName":"search_term_string"}}],"inLanguage":"pt-PT"}]}},"_links":{"self":[{"href":"https:\/\/www.guibutik.pt\/loja\/wp-json\/wp\/v2\/product\/86693","targetHints":{"allow":["GET"]}}],"collection":[{"href":"https:\/\/www.guibutik.pt\/loja\/wp-json\/wp\/v2\/product"}],"about":[{"href":"https:\/\/www.guibutik.pt\/loja\/wp-json\/wp\/v2\/types\/product"}],"replies":[{"embeddable":true,"href":"https:\/\/www.guibutik.pt\/loja\/wp-json\/wp\/v2\/comments?post=86693"}],"wp:featuredmedia":[{"embeddable":true,"href":"https:\/\/www.guibutik.pt\/loja\/wp-json\/wp\/v2\/media\/86705"}],"wp:attachment":[{"href":"https:\/\/www.guibutik.pt\/loja\/wp-json\/wp\/v2\/media?parent=86693"}],"wp:term":[{"taxonomy":"product_cat","embeddable":true,"href":"https:\/\/www.guibutik.pt\/loja\/wp-json\/wp\/v2\/product_cat?post=86693"},{"taxonomy":"product_tag","embeddable":true,"href":"https:\/\/www.guibutik.pt\/loja\/wp-json\/wp\/v2\/product_tag?post=86693"}],"curies":[{"name":"wp","href":"https:\/\/api.w.org\/{rel}","templated":true}]}}