{"id":86275,"date":"2026-04-22T12:44:32","date_gmt":"2026-04-22T11:44:32","guid":{"rendered":"https:\/\/www.guibutik.pt\/loja\/?post_type=product&#038;p=86275"},"modified":"2026-04-22T12:44:32","modified_gmt":"2026-04-22T11:44:32","slug":"t-shirt-h-levis-8","status":"publish","type":"product","link":"https:\/\/www.guibutik.pt\/loja\/produto\/t-shirt-h-levis-8\/","title":{"rendered":"T-Shirt H Levi&#8217;s"},"content":{"rendered":"<ul>\n<li><span dir=\"auto\">Algumas coisas s\u00e3o perfeitas exatamente como s\u00e3o. Nossa camiseta original Housemark com decote em V \u00e9 uma delas. Por isso, optamos por um design simples, com caimento cl\u00e1ssico e nossa estampa ic\u00f4nica.<\/span><\/li>\n<li><span dir=\"auto\">Uma camiseta essencial com decote em V que combina perfeitamente com todos os seus jeans favoritos.<\/span><\/li>\n<\/ul>\n<div class=\"pdp-spec-feature hide-mobile\" data-v-59c762f1=\"\">\n<div class=\"pdp-tabs-header\" data-v-59c762f1=\"\">\n<h3 class=\"pdp-tabs-title\" data-v-59c762f1=\"\"><span dir=\"auto\">Como se encaixa<\/span><\/h3>\n<\/div>\n<div class=\"contentContainer\" data-v-59c762f1=\"\">\n<ul data-v-59c762f1=\"\">\n<li class=\"\" data-v-59c762f1=\"\"><span dir=\"auto\">Ajuste normal<\/span><\/li>\n<\/ul>\n<\/div>\n<\/div>\n<div class=\"pdp-spec-feature hide-mobile\" data-v-f18d8aea=\"\">\n<div class=\"pdp-tabs-header\" data-v-f18d8aea=\"\">\n<h3 class=\"pdp-tabs-title\" data-v-f18d8aea=\"\"><span dir=\"auto\">Composi\u00e7\u00e3o e cuidados<\/span><\/h3>\n<\/div>\n<div class=\"contentContainer\" data-v-f18d8aea=\"\">\n<ul data-v-f18d8aea=\"\">\n<li data-v-f18d8aea=\"\"><span dir=\"auto\">100% Algod\u00e3o<\/span><\/li>\n<li data-v-f18d8aea=\"\"><span dir=\"auto\">Jersey<\/span><\/li>\n<li data-v-f18d8aea=\"\"><span dir=\"auto\">Decote em V<\/span><\/li>\n<li data-v-f18d8aea=\"\"><span dir=\"auto\">Pa\u00eds de origem: Paquist\u00e3o<\/span><\/li>\n<\/ul>\n<\/div>\n<\/div>\n","protected":false},"excerpt":{"rendered":"<p>Algumas coisas s\u00e3o perfeitas exatamente como s\u00e3o. Nossa camiseta original Housemark com decote em V \u00e9 uma delas. Por isso, optamos por um design simples, com caimento cl\u00e1ssico e nossa estampa ic\u00f4nica. Uma camiseta essencial com decote em V que combina perfeitamente com todos os seus jeans favoritos. Como se encaixa Ajuste normal Composi\u00e7\u00e3o e [&hellip;]<\/p>\n","protected":false},"featured_media":86287,"comment_status":"closed","ping_status":"closed","template":"","meta":[],"product_cat":[221,290],"product_tag":[],"class_list":{"0":"post-86275","1":"product","2":"type-product","3":"status-publish","4":"has-post-thumbnail","6":"product_cat-homem","7":"product_cat-t-shirt-homem","8":"ts_product_brand-levis","10":"first","11":"instock","12":"shipping-taxable","13":"purchasable","14":"product-type-variable"},"yoast_head":"<!-- This site is optimized with the Yoast SEO plugin v27.4 - https:\/\/yoast.com\/product\/yoast-seo-wordpress\/ -->\n<title>T-Shirt H Levi&#039;s - Guibutik<\/title>\n<meta name=\"robots\" content=\"index, follow, max-snippet:-1, max-image-preview:large, max-video-preview:-1\" \/>\n<link rel=\"canonical\" href=\"https:\/\/www.guibutik.pt\/loja\/produto\/t-shirt-h-levis-8\/\" \/>\n<meta property=\"og:locale\" content=\"pt_PT\" \/>\n<meta property=\"og:type\" content=\"article\" \/>\n<meta property=\"og:title\" content=\"T-Shirt H Levi&#039;s - Guibutik\" \/>\n<meta property=\"og:description\" content=\"Algumas coisas s\u00e3o perfeitas exatamente como s\u00e3o. Nossa camiseta original Housemark com decote em V \u00e9 uma delas. Por isso, optamos por um design simples, com caimento cl\u00e1ssico e nossa estampa ic\u00f4nica. Uma camiseta essencial com decote em V que combina perfeitamente com todos os seus jeans favoritos. Como se encaixa Ajuste normal Composi\u00e7\u00e3o e [&hellip;]\" \/>\n<meta property=\"og:url\" content=\"https:\/\/www.guibutik.pt\/loja\/produto\/t-shirt-h-levis-8\/\" \/>\n<meta property=\"og:site_name\" content=\"Guibutik\" \/>\n<meta property=\"article:publisher\" content=\"https:\/\/www.facebook.com\/guibutik\/\" \/>\n<meta property=\"og:image\" content=\"https:\/\/www.guibutik.pt\/loja\/wp-content\/uploads\/2026\/04\/85641-0000-1.webp\" \/>\n\t<meta property=\"og:image:width\" content=\"660\" \/>\n\t<meta property=\"og:image:height\" content=\"660\" \/>\n\t<meta property=\"og:image:type\" content=\"image\/webp\" \/>\n<meta name=\"twitter:card\" content=\"summary_large_image\" \/>\n<meta name=\"twitter:label1\" content=\"Tempo estimado de leitura\" \/>\n\t<meta name=\"twitter:data1\" content=\"1 minuto\" \/>\n<script type=\"application\/ld+json\" class=\"yoast-schema-graph\">{\"@context\":\"https:\\\/\\\/schema.org\",\"@graph\":[{\"@type\":\"WebPage\",\"@id\":\"https:\\\/\\\/www.guibutik.pt\\\/loja\\\/produto\\\/t-shirt-h-levis-8\\\/\",\"url\":\"https:\\\/\\\/www.guibutik.pt\\\/loja\\\/produto\\\/t-shirt-h-levis-8\\\/\",\"name\":\"T-Shirt H Levi's - Guibutik\",\"isPartOf\":{\"@id\":\"https:\\\/\\\/www.guibutik.pt\\\/loja\\\/#website\"},\"primaryImageOfPage\":{\"@id\":\"https:\\\/\\\/www.guibutik.pt\\\/loja\\\/produto\\\/t-shirt-h-levis-8\\\/#primaryimage\"},\"image\":{\"@id\":\"https:\\\/\\\/www.guibutik.pt\\\/loja\\\/produto\\\/t-shirt-h-levis-8\\\/#primaryimage\"},\"thumbnailUrl\":\"https:\\\/\\\/www.guibutik.pt\\\/loja\\\/wp-content\\\/uploads\\\/2026\\\/04\\\/85641-0000-1.webp\",\"datePublished\":\"2026-04-22T11:44:32+00:00\",\"breadcrumb\":{\"@id\":\"https:\\\/\\\/www.guibutik.pt\\\/loja\\\/produto\\\/t-shirt-h-levis-8\\\/#breadcrumb\"},\"inLanguage\":\"pt-PT\",\"potentialAction\":[{\"@type\":\"ReadAction\",\"target\":[\"https:\\\/\\\/www.guibutik.pt\\\/loja\\\/produto\\\/t-shirt-h-levis-8\\\/\"]}]},{\"@type\":\"ImageObject\",\"inLanguage\":\"pt-PT\",\"@id\":\"https:\\\/\\\/www.guibutik.pt\\\/loja\\\/produto\\\/t-shirt-h-levis-8\\\/#primaryimage\",\"url\":\"https:\\\/\\\/www.guibutik.pt\\\/loja\\\/wp-content\\\/uploads\\\/2026\\\/04\\\/85641-0000-1.webp\",\"contentUrl\":\"https:\\\/\\\/www.guibutik.pt\\\/loja\\\/wp-content\\\/uploads\\\/2026\\\/04\\\/85641-0000-1.webp\",\"width\":660,\"height\":660},{\"@type\":\"BreadcrumbList\",\"@id\":\"https:\\\/\\\/www.guibutik.pt\\\/loja\\\/produto\\\/t-shirt-h-levis-8\\\/#breadcrumb\",\"itemListElement\":[{\"@type\":\"ListItem\",\"position\":1,\"name\":\"In\u00edcio\",\"item\":\"https:\\\/\\\/www.guibutik.pt\\\/loja\\\/\"},{\"@type\":\"ListItem\",\"position\":2,\"name\":\"Loja\",\"item\":\"https:\\\/\\\/www.guibutik.pt\\\/loja\\\/shop\\\/\"},{\"@type\":\"ListItem\",\"position\":3,\"name\":\"T-Shirt H Levi&#8217;s\"}]},{\"@type\":\"WebSite\",\"@id\":\"https:\\\/\\\/www.guibutik.pt\\\/loja\\\/#website\",\"url\":\"https:\\\/\\\/www.guibutik.pt\\\/loja\\\/\",\"name\":\"Guibutik\",\"description\":\"Moda e Sapataria\",\"potentialAction\":[{\"@type\":\"SearchAction\",\"target\":{\"@type\":\"EntryPoint\",\"urlTemplate\":\"https:\\\/\\\/www.guibutik.pt\\\/loja\\\/?s={search_term_string}\"},\"query-input\":{\"@type\":\"PropertyValueSpecification\",\"valueRequired\":true,\"valueName\":\"search_term_string\"}}],\"inLanguage\":\"pt-PT\"}]}<\/script>\n<!-- \/ Yoast SEO plugin. -->","yoast_head_json":{"title":"T-Shirt H Levi's - Guibutik","robots":{"index":"index","follow":"follow","max-snippet":"max-snippet:-1","max-image-preview":"max-image-preview:large","max-video-preview":"max-video-preview:-1"},"canonical":"https:\/\/www.guibutik.pt\/loja\/produto\/t-shirt-h-levis-8\/","og_locale":"pt_PT","og_type":"article","og_title":"T-Shirt H Levi's - Guibutik","og_description":"Algumas coisas s\u00e3o perfeitas exatamente como s\u00e3o. Nossa camiseta original Housemark com decote em V \u00e9 uma delas. Por isso, optamos por um design simples, com caimento cl\u00e1ssico e nossa estampa ic\u00f4nica. Uma camiseta essencial com decote em V que combina perfeitamente com todos os seus jeans favoritos. Como se encaixa Ajuste normal Composi\u00e7\u00e3o e [&hellip;]","og_url":"https:\/\/www.guibutik.pt\/loja\/produto\/t-shirt-h-levis-8\/","og_site_name":"Guibutik","article_publisher":"https:\/\/www.facebook.com\/guibutik\/","og_image":[{"width":660,"height":660,"url":"https:\/\/www.guibutik.pt\/loja\/wp-content\/uploads\/2026\/04\/85641-0000-1.webp","type":"image\/webp"}],"twitter_card":"summary_large_image","twitter_misc":{"Tempo estimado de leitura":"1 minuto"},"schema":{"@context":"https:\/\/schema.org","@graph":[{"@type":"WebPage","@id":"https:\/\/www.guibutik.pt\/loja\/produto\/t-shirt-h-levis-8\/","url":"https:\/\/www.guibutik.pt\/loja\/produto\/t-shirt-h-levis-8\/","name":"T-Shirt H Levi's - Guibutik","isPartOf":{"@id":"https:\/\/www.guibutik.pt\/loja\/#website"},"primaryImageOfPage":{"@id":"https:\/\/www.guibutik.pt\/loja\/produto\/t-shirt-h-levis-8\/#primaryimage"},"image":{"@id":"https:\/\/www.guibutik.pt\/loja\/produto\/t-shirt-h-levis-8\/#primaryimage"},"thumbnailUrl":"https:\/\/www.guibutik.pt\/loja\/wp-content\/uploads\/2026\/04\/85641-0000-1.webp","datePublished":"2026-04-22T11:44:32+00:00","breadcrumb":{"@id":"https:\/\/www.guibutik.pt\/loja\/produto\/t-shirt-h-levis-8\/#breadcrumb"},"inLanguage":"pt-PT","potentialAction":[{"@type":"ReadAction","target":["https:\/\/www.guibutik.pt\/loja\/produto\/t-shirt-h-levis-8\/"]}]},{"@type":"ImageObject","inLanguage":"pt-PT","@id":"https:\/\/www.guibutik.pt\/loja\/produto\/t-shirt-h-levis-8\/#primaryimage","url":"https:\/\/www.guibutik.pt\/loja\/wp-content\/uploads\/2026\/04\/85641-0000-1.webp","contentUrl":"https:\/\/www.guibutik.pt\/loja\/wp-content\/uploads\/2026\/04\/85641-0000-1.webp","width":660,"height":660},{"@type":"BreadcrumbList","@id":"https:\/\/www.guibutik.pt\/loja\/produto\/t-shirt-h-levis-8\/#breadcrumb","itemListElement":[{"@type":"ListItem","position":1,"name":"In\u00edcio","item":"https:\/\/www.guibutik.pt\/loja\/"},{"@type":"ListItem","position":2,"name":"Loja","item":"https:\/\/www.guibutik.pt\/loja\/shop\/"},{"@type":"ListItem","position":3,"name":"T-Shirt H Levi&#8217;s"}]},{"@type":"WebSite","@id":"https:\/\/www.guibutik.pt\/loja\/#website","url":"https:\/\/www.guibutik.pt\/loja\/","name":"Guibutik","description":"Moda e Sapataria","potentialAction":[{"@type":"SearchAction","target":{"@type":"EntryPoint","urlTemplate":"https:\/\/www.guibutik.pt\/loja\/?s={search_term_string}"},"query-input":{"@type":"PropertyValueSpecification","valueRequired":true,"valueName":"search_term_string"}}],"inLanguage":"pt-PT"}]}},"_links":{"self":[{"href":"https:\/\/www.guibutik.pt\/loja\/wp-json\/wp\/v2\/product\/86275","targetHints":{"allow":["GET"]}}],"collection":[{"href":"https:\/\/www.guibutik.pt\/loja\/wp-json\/wp\/v2\/product"}],"about":[{"href":"https:\/\/www.guibutik.pt\/loja\/wp-json\/wp\/v2\/types\/product"}],"replies":[{"embeddable":true,"href":"https:\/\/www.guibutik.pt\/loja\/wp-json\/wp\/v2\/comments?post=86275"}],"wp:featuredmedia":[{"embeddable":true,"href":"https:\/\/www.guibutik.pt\/loja\/wp-json\/wp\/v2\/media\/86287"}],"wp:attachment":[{"href":"https:\/\/www.guibutik.pt\/loja\/wp-json\/wp\/v2\/media?parent=86275"}],"wp:term":[{"taxonomy":"product_cat","embeddable":true,"href":"https:\/\/www.guibutik.pt\/loja\/wp-json\/wp\/v2\/product_cat?post=86275"},{"taxonomy":"product_tag","embeddable":true,"href":"https:\/\/www.guibutik.pt\/loja\/wp-json\/wp\/v2\/product_tag?post=86275"}],"curies":[{"name":"wp","href":"https:\/\/api.w.org\/{rel}","templated":true}]}}