{"id":85867,"date":"2026-04-07T10:14:37","date_gmt":"2026-04-07T09:14:37","guid":{"rendered":"https:\/\/www.guibutik.pt\/loja\/?post_type=product&#038;p=85867"},"modified":"2026-04-07T10:14:37","modified_gmt":"2026-04-07T09:14:37","slug":"blusa-s-salsa","status":"publish","type":"product","link":"https:\/\/www.guibutik.pt\/loja\/produto\/blusa-s-salsa\/","title":{"rendered":"Blusa S Salsa"},"content":{"rendered":"<p>Com um padr\u00e3o marcante e cheio de personalidade, esta blusa \u00e9 ideal para dar vida aos teus looks. A combina\u00e7\u00e3o de vermelho e branco cria um contraste vibrante e feminino, enquanto o fit regular assegura conforto ao longo do dia. O decote colarinho em V alonga a silhueta e acrescenta um toque elegante, complementado pela abertura frontal com bot\u00f5es. A manga cava com ombro desca\u00eddo refor\u00e7a o seu lado descontra\u00eddo, tornando-a perfeita para conjuga\u00e7\u00f5es vers\u00e1teis, do casual ao mais cuidado.<br \/>\n-Blusa com padr\u00e3o geom\u00e9trico<br \/>\n&#8211; Cor vermelho e branco<br \/>\n&#8211; Fit regular<br \/>\n&#8211; Decote colarinho em V<br \/>\n&#8211; Manga cava com ombro desca\u00eddo<br \/>\n&#8211; Abertura frontal com bot\u00f5es<\/p>\n<p>Composi\u00e7\u00e3o:<\/p>\n<ul class=\"composition-list\">\n<li>83% Viscose<\/li>\n<li>17% Nylon<\/li>\n<\/ul>\n<p>Cuidados de lavagem:<\/p>\n<div class=\"col-sm-12 column clearfix\">\n<p class=\"paragraph\">N\u00e3o usar lixivia<\/p>\n<\/div>\n<div class=\"col-sm-12 column clearfix\">\n<p class=\"paragraph\">N\u00e3o passar com ferro quente<\/p>\n<\/div>\n<div class=\"col-sm-12 column clearfix\">\n<p class=\"paragraph\">N\u00e3o utilizar m\u00e1quina de secar<\/p>\n<\/div>\n<div class=\"col-sm-12 column clearfix\">\n<p class=\"paragraph\">Limpeza a seco delicada P<\/p>\n<\/div>\n<div class=\"col-sm-12 column clearfix\">\n<p class=\"paragraph\">Lavagem \u00e0 m\u00e3o<\/p>\n<\/div>\n","protected":false},"excerpt":{"rendered":"<p>Com um padr\u00e3o marcante e cheio de personalidade, esta blusa \u00e9 ideal para dar vida aos teus looks. A combina\u00e7\u00e3o de vermelho e branco cria um contraste vibrante e feminino, enquanto o fit regular assegura conforto ao longo do dia. O decote colarinho em V alonga a silhueta e acrescenta um toque elegante, complementado pela [&hellip;]<\/p>\n","protected":false},"featured_media":85878,"comment_status":"closed","ping_status":"closed","template":"","meta":[],"product_cat":[283,222],"product_tag":[],"class_list":{"0":"post-85867","1":"product","2":"type-product","3":"status-publish","4":"has-post-thumbnail","6":"product_cat-blusa","7":"product_cat-senhora","8":"ts_product_brand-salsa","10":"first","11":"instock","12":"shipping-taxable","13":"purchasable","14":"product-type-variable"},"yoast_head":"<!-- This site is optimized with the Yoast SEO plugin v27.3 - https:\/\/yoast.com\/product\/yoast-seo-wordpress\/ -->\n<title>Blusa S Salsa - Guibutik<\/title>\n<meta name=\"robots\" content=\"index, follow, max-snippet:-1, max-image-preview:large, max-video-preview:-1\" \/>\n<link rel=\"canonical\" href=\"https:\/\/www.guibutik.pt\/loja\/produto\/blusa-s-salsa\/\" \/>\n<meta property=\"og:locale\" content=\"pt_PT\" \/>\n<meta property=\"og:type\" content=\"article\" \/>\n<meta property=\"og:title\" content=\"Blusa S Salsa - Guibutik\" \/>\n<meta property=\"og:description\" content=\"Com um padr\u00e3o marcante e cheio de personalidade, esta blusa \u00e9 ideal para dar vida aos teus looks. A combina\u00e7\u00e3o de vermelho e branco cria um contraste vibrante e feminino, enquanto o fit regular assegura conforto ao longo do dia. O decote colarinho em V alonga a silhueta e acrescenta um toque elegante, complementado pela [&hellip;]\" \/>\n<meta property=\"og:url\" content=\"https:\/\/www.guibutik.pt\/loja\/produto\/blusa-s-salsa\/\" \/>\n<meta property=\"og:site_name\" content=\"Guibutik\" \/>\n<meta property=\"article:publisher\" content=\"https:\/\/www.facebook.com\/guibutik\/\" \/>\n<meta property=\"og:image\" content=\"https:\/\/www.guibutik.pt\/loja\/wp-content\/uploads\/2026\/04\/21011123.jpg\" \/>\n\t<meta property=\"og:image:width\" content=\"1280\" \/>\n\t<meta property=\"og:image:height\" content=\"1920\" \/>\n\t<meta property=\"og:image:type\" content=\"image\/jpeg\" \/>\n<meta name=\"twitter:card\" content=\"summary_large_image\" \/>\n<meta name=\"twitter:label1\" content=\"Tempo estimado de leitura\" \/>\n\t<meta name=\"twitter:data1\" content=\"1 minuto\" \/>\n<script type=\"application\/ld+json\" class=\"yoast-schema-graph\">{\"@context\":\"https:\\\/\\\/schema.org\",\"@graph\":[{\"@type\":\"WebPage\",\"@id\":\"https:\\\/\\\/www.guibutik.pt\\\/loja\\\/produto\\\/blusa-s-salsa\\\/\",\"url\":\"https:\\\/\\\/www.guibutik.pt\\\/loja\\\/produto\\\/blusa-s-salsa\\\/\",\"name\":\"Blusa S Salsa - Guibutik\",\"isPartOf\":{\"@id\":\"https:\\\/\\\/www.guibutik.pt\\\/loja\\\/#website\"},\"primaryImageOfPage\":{\"@id\":\"https:\\\/\\\/www.guibutik.pt\\\/loja\\\/produto\\\/blusa-s-salsa\\\/#primaryimage\"},\"image\":{\"@id\":\"https:\\\/\\\/www.guibutik.pt\\\/loja\\\/produto\\\/blusa-s-salsa\\\/#primaryimage\"},\"thumbnailUrl\":\"https:\\\/\\\/www.guibutik.pt\\\/loja\\\/wp-content\\\/uploads\\\/2026\\\/04\\\/21011123.jpg\",\"datePublished\":\"2026-04-07T09:14:37+00:00\",\"breadcrumb\":{\"@id\":\"https:\\\/\\\/www.guibutik.pt\\\/loja\\\/produto\\\/blusa-s-salsa\\\/#breadcrumb\"},\"inLanguage\":\"pt-PT\",\"potentialAction\":[{\"@type\":\"ReadAction\",\"target\":[\"https:\\\/\\\/www.guibutik.pt\\\/loja\\\/produto\\\/blusa-s-salsa\\\/\"]}]},{\"@type\":\"ImageObject\",\"inLanguage\":\"pt-PT\",\"@id\":\"https:\\\/\\\/www.guibutik.pt\\\/loja\\\/produto\\\/blusa-s-salsa\\\/#primaryimage\",\"url\":\"https:\\\/\\\/www.guibutik.pt\\\/loja\\\/wp-content\\\/uploads\\\/2026\\\/04\\\/21011123.jpg\",\"contentUrl\":\"https:\\\/\\\/www.guibutik.pt\\\/loja\\\/wp-content\\\/uploads\\\/2026\\\/04\\\/21011123.jpg\",\"width\":1280,\"height\":1920},{\"@type\":\"BreadcrumbList\",\"@id\":\"https:\\\/\\\/www.guibutik.pt\\\/loja\\\/produto\\\/blusa-s-salsa\\\/#breadcrumb\",\"itemListElement\":[{\"@type\":\"ListItem\",\"position\":1,\"name\":\"In\u00edcio\",\"item\":\"https:\\\/\\\/www.guibutik.pt\\\/loja\\\/\"},{\"@type\":\"ListItem\",\"position\":2,\"name\":\"Loja\",\"item\":\"https:\\\/\\\/www.guibutik.pt\\\/loja\\\/shop\\\/\"},{\"@type\":\"ListItem\",\"position\":3,\"name\":\"Blusa S Salsa\"}]},{\"@type\":\"WebSite\",\"@id\":\"https:\\\/\\\/www.guibutik.pt\\\/loja\\\/#website\",\"url\":\"https:\\\/\\\/www.guibutik.pt\\\/loja\\\/\",\"name\":\"Guibutik\",\"description\":\"Moda e Sapataria\",\"potentialAction\":[{\"@type\":\"SearchAction\",\"target\":{\"@type\":\"EntryPoint\",\"urlTemplate\":\"https:\\\/\\\/www.guibutik.pt\\\/loja\\\/?s={search_term_string}\"},\"query-input\":{\"@type\":\"PropertyValueSpecification\",\"valueRequired\":true,\"valueName\":\"search_term_string\"}}],\"inLanguage\":\"pt-PT\"}]}<\/script>\n<!-- \/ Yoast SEO plugin. -->","yoast_head_json":{"title":"Blusa S Salsa - Guibutik","robots":{"index":"index","follow":"follow","max-snippet":"max-snippet:-1","max-image-preview":"max-image-preview:large","max-video-preview":"max-video-preview:-1"},"canonical":"https:\/\/www.guibutik.pt\/loja\/produto\/blusa-s-salsa\/","og_locale":"pt_PT","og_type":"article","og_title":"Blusa S Salsa - Guibutik","og_description":"Com um padr\u00e3o marcante e cheio de personalidade, esta blusa \u00e9 ideal para dar vida aos teus looks. A combina\u00e7\u00e3o de vermelho e branco cria um contraste vibrante e feminino, enquanto o fit regular assegura conforto ao longo do dia. O decote colarinho em V alonga a silhueta e acrescenta um toque elegante, complementado pela [&hellip;]","og_url":"https:\/\/www.guibutik.pt\/loja\/produto\/blusa-s-salsa\/","og_site_name":"Guibutik","article_publisher":"https:\/\/www.facebook.com\/guibutik\/","og_image":[{"width":1280,"height":1920,"url":"https:\/\/www.guibutik.pt\/loja\/wp-content\/uploads\/2026\/04\/21011123.jpg","type":"image\/jpeg"}],"twitter_card":"summary_large_image","twitter_misc":{"Tempo estimado de leitura":"1 minuto"},"schema":{"@context":"https:\/\/schema.org","@graph":[{"@type":"WebPage","@id":"https:\/\/www.guibutik.pt\/loja\/produto\/blusa-s-salsa\/","url":"https:\/\/www.guibutik.pt\/loja\/produto\/blusa-s-salsa\/","name":"Blusa S Salsa - Guibutik","isPartOf":{"@id":"https:\/\/www.guibutik.pt\/loja\/#website"},"primaryImageOfPage":{"@id":"https:\/\/www.guibutik.pt\/loja\/produto\/blusa-s-salsa\/#primaryimage"},"image":{"@id":"https:\/\/www.guibutik.pt\/loja\/produto\/blusa-s-salsa\/#primaryimage"},"thumbnailUrl":"https:\/\/www.guibutik.pt\/loja\/wp-content\/uploads\/2026\/04\/21011123.jpg","datePublished":"2026-04-07T09:14:37+00:00","breadcrumb":{"@id":"https:\/\/www.guibutik.pt\/loja\/produto\/blusa-s-salsa\/#breadcrumb"},"inLanguage":"pt-PT","potentialAction":[{"@type":"ReadAction","target":["https:\/\/www.guibutik.pt\/loja\/produto\/blusa-s-salsa\/"]}]},{"@type":"ImageObject","inLanguage":"pt-PT","@id":"https:\/\/www.guibutik.pt\/loja\/produto\/blusa-s-salsa\/#primaryimage","url":"https:\/\/www.guibutik.pt\/loja\/wp-content\/uploads\/2026\/04\/21011123.jpg","contentUrl":"https:\/\/www.guibutik.pt\/loja\/wp-content\/uploads\/2026\/04\/21011123.jpg","width":1280,"height":1920},{"@type":"BreadcrumbList","@id":"https:\/\/www.guibutik.pt\/loja\/produto\/blusa-s-salsa\/#breadcrumb","itemListElement":[{"@type":"ListItem","position":1,"name":"In\u00edcio","item":"https:\/\/www.guibutik.pt\/loja\/"},{"@type":"ListItem","position":2,"name":"Loja","item":"https:\/\/www.guibutik.pt\/loja\/shop\/"},{"@type":"ListItem","position":3,"name":"Blusa S Salsa"}]},{"@type":"WebSite","@id":"https:\/\/www.guibutik.pt\/loja\/#website","url":"https:\/\/www.guibutik.pt\/loja\/","name":"Guibutik","description":"Moda e Sapataria","potentialAction":[{"@type":"SearchAction","target":{"@type":"EntryPoint","urlTemplate":"https:\/\/www.guibutik.pt\/loja\/?s={search_term_string}"},"query-input":{"@type":"PropertyValueSpecification","valueRequired":true,"valueName":"search_term_string"}}],"inLanguage":"pt-PT"}]}},"_links":{"self":[{"href":"https:\/\/www.guibutik.pt\/loja\/wp-json\/wp\/v2\/product\/85867","targetHints":{"allow":["GET"]}}],"collection":[{"href":"https:\/\/www.guibutik.pt\/loja\/wp-json\/wp\/v2\/product"}],"about":[{"href":"https:\/\/www.guibutik.pt\/loja\/wp-json\/wp\/v2\/types\/product"}],"replies":[{"embeddable":true,"href":"https:\/\/www.guibutik.pt\/loja\/wp-json\/wp\/v2\/comments?post=85867"}],"wp:featuredmedia":[{"embeddable":true,"href":"https:\/\/www.guibutik.pt\/loja\/wp-json\/wp\/v2\/media\/85878"}],"wp:attachment":[{"href":"https:\/\/www.guibutik.pt\/loja\/wp-json\/wp\/v2\/media?parent=85867"}],"wp:term":[{"taxonomy":"product_cat","embeddable":true,"href":"https:\/\/www.guibutik.pt\/loja\/wp-json\/wp\/v2\/product_cat?post=85867"},{"taxonomy":"product_tag","embeddable":true,"href":"https:\/\/www.guibutik.pt\/loja\/wp-json\/wp\/v2\/product_tag?post=85867"}],"curies":[{"name":"wp","href":"https:\/\/api.w.org\/{rel}","templated":true}]}}