{"id":85844,"date":"2026-04-07T10:05:46","date_gmt":"2026-04-07T09:05:46","guid":{"rendered":"https:\/\/www.guibutik.pt\/loja\/?post_type=product&#038;p=85844"},"modified":"2026-04-07T10:05:47","modified_gmt":"2026-04-07T09:05:47","slug":"jeans-wide-leg-s-salsa-3","status":"publish","type":"product","link":"https:\/\/www.guibutik.pt\/loja\/produto\/jeans-wide-leg-s-salsa-3\/","title":{"rendered":"Jeans Wide Leg S Salsa"},"content":{"rendered":"<p>Os jeans wide leg com cintura muito alta, t\u00eam um corte amplo, reto e solto ao longo de toda a perna. S\u00e3o a tend\u00eancia do momento para quem procura conforto e estilo numa s\u00f3 pe\u00e7a. Proporcionam uma silhueta alongada, elegante e ao mesmo tempo descontra\u00edda.<br \/>\n&#8211; Jeans Wide em lightdenim<br \/>\n&#8211; Cor azul claro<br \/>\n&#8211; Cintura muito alta<br \/>\n&#8211; Perna Wide com bainha desfeita<br \/>\n&#8211; Abertura frontal com fecho e bot\u00e3o<br \/>\n&#8211; Cinco bolsos<br \/>\n&#8211; Com presilhas<\/p>\n<p>Composi\u00e7\u00e3o:<\/p>\n<ul class=\"composition-list\">\n<li>100% Lioncel<\/li>\n<\/ul>\n<p>Cuidados de lavagem:<\/p>\n<div class=\"col-sm-12 column clearfix\">\n<p class=\"paragraph\">Lavar m\u00e1quina a 30\u00baC, processo moderado<\/p>\n<\/div>\n<div class=\"col-sm-12 column clearfix\">\n<p class=\"paragraph\">N\u00e3o usar lixivia<\/p>\n<\/div>\n<div class=\"col-sm-12 column clearfix\">\n<p class=\"paragraph\">N\u00e3o passar com ferro quente<\/p>\n<\/div>\n<div class=\"col-sm-12 column clearfix\">\n<p class=\"paragraph\">N\u00e3o limpar a seco com qu\u00edmicos<\/p>\n<\/div>\n<div class=\"col-sm-12 column clearfix\">\n<p class=\"paragraph\">N\u00e3o utilizar m\u00e1quina de secar<\/p>\n<\/div>\n","protected":false},"excerpt":{"rendered":"<p>Os jeans wide leg com cintura muito alta, t\u00eam um corte amplo, reto e solto ao longo de toda a perna. S\u00e3o a tend\u00eancia do momento para quem procura conforto e estilo numa s\u00f3 pe\u00e7a. Proporcionam uma silhueta alongada, elegante e ao mesmo tempo descontra\u00edda. &#8211; Jeans Wide em lightdenim &#8211; Cor azul claro &#8211; [&hellip;]<\/p>\n","protected":false},"featured_media":85850,"comment_status":"closed","ping_status":"closed","template":"","meta":[],"product_cat":[285,222],"product_tag":[],"class_list":{"0":"post-85844","1":"product","2":"type-product","3":"status-publish","4":"has-post-thumbnail","6":"product_cat-calcas-senhora","7":"product_cat-senhora","8":"ts_product_brand-salsa","10":"first","11":"instock","12":"shipping-taxable","13":"purchasable","14":"product-type-variable"},"yoast_head":"<!-- This site is optimized with the Yoast SEO plugin v27.3 - https:\/\/yoast.com\/product\/yoast-seo-wordpress\/ -->\n<title>Jeans Wide Leg S Salsa - Guibutik<\/title>\n<meta name=\"robots\" content=\"index, follow, max-snippet:-1, max-image-preview:large, max-video-preview:-1\" \/>\n<link rel=\"canonical\" href=\"https:\/\/www.guibutik.pt\/loja\/produto\/jeans-wide-leg-s-salsa-3\/\" \/>\n<meta property=\"og:locale\" content=\"pt_PT\" \/>\n<meta property=\"og:type\" content=\"article\" \/>\n<meta property=\"og:title\" content=\"Jeans Wide Leg S Salsa - Guibutik\" \/>\n<meta property=\"og:description\" content=\"Os jeans wide leg com cintura muito alta, t\u00eam um corte amplo, reto e solto ao longo de toda a perna. S\u00e3o a tend\u00eancia do momento para quem procura conforto e estilo numa s\u00f3 pe\u00e7a. Proporcionam uma silhueta alongada, elegante e ao mesmo tempo descontra\u00edda. &#8211; Jeans Wide em lightdenim &#8211; Cor azul claro &#8211; [&hellip;]\" \/>\n<meta property=\"og:url\" content=\"https:\/\/www.guibutik.pt\/loja\/produto\/jeans-wide-leg-s-salsa-3\/\" \/>\n<meta property=\"og:site_name\" content=\"Guibutik\" \/>\n<meta property=\"article:publisher\" content=\"https:\/\/www.facebook.com\/guibutik\/\" \/>\n<meta property=\"article:modified_time\" content=\"2026-04-07T09:05:47+00:00\" \/>\n<meta property=\"og:image\" content=\"https:\/\/www.guibutik.pt\/loja\/wp-content\/uploads\/2026\/04\/21010913.jpg\" \/>\n\t<meta property=\"og:image:width\" content=\"1280\" \/>\n\t<meta property=\"og:image:height\" content=\"1920\" \/>\n\t<meta property=\"og:image:type\" content=\"image\/jpeg\" \/>\n<meta name=\"twitter:card\" content=\"summary_large_image\" \/>\n<meta name=\"twitter:label1\" content=\"Tempo estimado de leitura\" \/>\n\t<meta name=\"twitter:data1\" content=\"1 minuto\" \/>\n<script type=\"application\/ld+json\" class=\"yoast-schema-graph\">{\"@context\":\"https:\\\/\\\/schema.org\",\"@graph\":[{\"@type\":\"WebPage\",\"@id\":\"https:\\\/\\\/www.guibutik.pt\\\/loja\\\/produto\\\/jeans-wide-leg-s-salsa-3\\\/\",\"url\":\"https:\\\/\\\/www.guibutik.pt\\\/loja\\\/produto\\\/jeans-wide-leg-s-salsa-3\\\/\",\"name\":\"Jeans Wide Leg S Salsa - Guibutik\",\"isPartOf\":{\"@id\":\"https:\\\/\\\/www.guibutik.pt\\\/loja\\\/#website\"},\"primaryImageOfPage\":{\"@id\":\"https:\\\/\\\/www.guibutik.pt\\\/loja\\\/produto\\\/jeans-wide-leg-s-salsa-3\\\/#primaryimage\"},\"image\":{\"@id\":\"https:\\\/\\\/www.guibutik.pt\\\/loja\\\/produto\\\/jeans-wide-leg-s-salsa-3\\\/#primaryimage\"},\"thumbnailUrl\":\"https:\\\/\\\/www.guibutik.pt\\\/loja\\\/wp-content\\\/uploads\\\/2026\\\/04\\\/21010913.jpg\",\"datePublished\":\"2026-04-07T09:05:46+00:00\",\"dateModified\":\"2026-04-07T09:05:47+00:00\",\"breadcrumb\":{\"@id\":\"https:\\\/\\\/www.guibutik.pt\\\/loja\\\/produto\\\/jeans-wide-leg-s-salsa-3\\\/#breadcrumb\"},\"inLanguage\":\"pt-PT\",\"potentialAction\":[{\"@type\":\"ReadAction\",\"target\":[\"https:\\\/\\\/www.guibutik.pt\\\/loja\\\/produto\\\/jeans-wide-leg-s-salsa-3\\\/\"]}]},{\"@type\":\"ImageObject\",\"inLanguage\":\"pt-PT\",\"@id\":\"https:\\\/\\\/www.guibutik.pt\\\/loja\\\/produto\\\/jeans-wide-leg-s-salsa-3\\\/#primaryimage\",\"url\":\"https:\\\/\\\/www.guibutik.pt\\\/loja\\\/wp-content\\\/uploads\\\/2026\\\/04\\\/21010913.jpg\",\"contentUrl\":\"https:\\\/\\\/www.guibutik.pt\\\/loja\\\/wp-content\\\/uploads\\\/2026\\\/04\\\/21010913.jpg\",\"width\":1280,\"height\":1920},{\"@type\":\"BreadcrumbList\",\"@id\":\"https:\\\/\\\/www.guibutik.pt\\\/loja\\\/produto\\\/jeans-wide-leg-s-salsa-3\\\/#breadcrumb\",\"itemListElement\":[{\"@type\":\"ListItem\",\"position\":1,\"name\":\"In\u00edcio\",\"item\":\"https:\\\/\\\/www.guibutik.pt\\\/loja\\\/\"},{\"@type\":\"ListItem\",\"position\":2,\"name\":\"Loja\",\"item\":\"https:\\\/\\\/www.guibutik.pt\\\/loja\\\/shop\\\/\"},{\"@type\":\"ListItem\",\"position\":3,\"name\":\"Jeans Wide Leg S Salsa\"}]},{\"@type\":\"WebSite\",\"@id\":\"https:\\\/\\\/www.guibutik.pt\\\/loja\\\/#website\",\"url\":\"https:\\\/\\\/www.guibutik.pt\\\/loja\\\/\",\"name\":\"Guibutik\",\"description\":\"Moda e Sapataria\",\"potentialAction\":[{\"@type\":\"SearchAction\",\"target\":{\"@type\":\"EntryPoint\",\"urlTemplate\":\"https:\\\/\\\/www.guibutik.pt\\\/loja\\\/?s={search_term_string}\"},\"query-input\":{\"@type\":\"PropertyValueSpecification\",\"valueRequired\":true,\"valueName\":\"search_term_string\"}}],\"inLanguage\":\"pt-PT\"}]}<\/script>\n<!-- \/ Yoast SEO plugin. -->","yoast_head_json":{"title":"Jeans Wide Leg S Salsa - Guibutik","robots":{"index":"index","follow":"follow","max-snippet":"max-snippet:-1","max-image-preview":"max-image-preview:large","max-video-preview":"max-video-preview:-1"},"canonical":"https:\/\/www.guibutik.pt\/loja\/produto\/jeans-wide-leg-s-salsa-3\/","og_locale":"pt_PT","og_type":"article","og_title":"Jeans Wide Leg S Salsa - Guibutik","og_description":"Os jeans wide leg com cintura muito alta, t\u00eam um corte amplo, reto e solto ao longo de toda a perna. S\u00e3o a tend\u00eancia do momento para quem procura conforto e estilo numa s\u00f3 pe\u00e7a. Proporcionam uma silhueta alongada, elegante e ao mesmo tempo descontra\u00edda. &#8211; Jeans Wide em lightdenim &#8211; Cor azul claro &#8211; [&hellip;]","og_url":"https:\/\/www.guibutik.pt\/loja\/produto\/jeans-wide-leg-s-salsa-3\/","og_site_name":"Guibutik","article_publisher":"https:\/\/www.facebook.com\/guibutik\/","article_modified_time":"2026-04-07T09:05:47+00:00","og_image":[{"width":1280,"height":1920,"url":"https:\/\/www.guibutik.pt\/loja\/wp-content\/uploads\/2026\/04\/21010913.jpg","type":"image\/jpeg"}],"twitter_card":"summary_large_image","twitter_misc":{"Tempo estimado de leitura":"1 minuto"},"schema":{"@context":"https:\/\/schema.org","@graph":[{"@type":"WebPage","@id":"https:\/\/www.guibutik.pt\/loja\/produto\/jeans-wide-leg-s-salsa-3\/","url":"https:\/\/www.guibutik.pt\/loja\/produto\/jeans-wide-leg-s-salsa-3\/","name":"Jeans Wide Leg S Salsa - Guibutik","isPartOf":{"@id":"https:\/\/www.guibutik.pt\/loja\/#website"},"primaryImageOfPage":{"@id":"https:\/\/www.guibutik.pt\/loja\/produto\/jeans-wide-leg-s-salsa-3\/#primaryimage"},"image":{"@id":"https:\/\/www.guibutik.pt\/loja\/produto\/jeans-wide-leg-s-salsa-3\/#primaryimage"},"thumbnailUrl":"https:\/\/www.guibutik.pt\/loja\/wp-content\/uploads\/2026\/04\/21010913.jpg","datePublished":"2026-04-07T09:05:46+00:00","dateModified":"2026-04-07T09:05:47+00:00","breadcrumb":{"@id":"https:\/\/www.guibutik.pt\/loja\/produto\/jeans-wide-leg-s-salsa-3\/#breadcrumb"},"inLanguage":"pt-PT","potentialAction":[{"@type":"ReadAction","target":["https:\/\/www.guibutik.pt\/loja\/produto\/jeans-wide-leg-s-salsa-3\/"]}]},{"@type":"ImageObject","inLanguage":"pt-PT","@id":"https:\/\/www.guibutik.pt\/loja\/produto\/jeans-wide-leg-s-salsa-3\/#primaryimage","url":"https:\/\/www.guibutik.pt\/loja\/wp-content\/uploads\/2026\/04\/21010913.jpg","contentUrl":"https:\/\/www.guibutik.pt\/loja\/wp-content\/uploads\/2026\/04\/21010913.jpg","width":1280,"height":1920},{"@type":"BreadcrumbList","@id":"https:\/\/www.guibutik.pt\/loja\/produto\/jeans-wide-leg-s-salsa-3\/#breadcrumb","itemListElement":[{"@type":"ListItem","position":1,"name":"In\u00edcio","item":"https:\/\/www.guibutik.pt\/loja\/"},{"@type":"ListItem","position":2,"name":"Loja","item":"https:\/\/www.guibutik.pt\/loja\/shop\/"},{"@type":"ListItem","position":3,"name":"Jeans Wide Leg S Salsa"}]},{"@type":"WebSite","@id":"https:\/\/www.guibutik.pt\/loja\/#website","url":"https:\/\/www.guibutik.pt\/loja\/","name":"Guibutik","description":"Moda e Sapataria","potentialAction":[{"@type":"SearchAction","target":{"@type":"EntryPoint","urlTemplate":"https:\/\/www.guibutik.pt\/loja\/?s={search_term_string}"},"query-input":{"@type":"PropertyValueSpecification","valueRequired":true,"valueName":"search_term_string"}}],"inLanguage":"pt-PT"}]}},"_links":{"self":[{"href":"https:\/\/www.guibutik.pt\/loja\/wp-json\/wp\/v2\/product\/85844","targetHints":{"allow":["GET"]}}],"collection":[{"href":"https:\/\/www.guibutik.pt\/loja\/wp-json\/wp\/v2\/product"}],"about":[{"href":"https:\/\/www.guibutik.pt\/loja\/wp-json\/wp\/v2\/types\/product"}],"replies":[{"embeddable":true,"href":"https:\/\/www.guibutik.pt\/loja\/wp-json\/wp\/v2\/comments?post=85844"}],"wp:featuredmedia":[{"embeddable":true,"href":"https:\/\/www.guibutik.pt\/loja\/wp-json\/wp\/v2\/media\/85850"}],"wp:attachment":[{"href":"https:\/\/www.guibutik.pt\/loja\/wp-json\/wp\/v2\/media?parent=85844"}],"wp:term":[{"taxonomy":"product_cat","embeddable":true,"href":"https:\/\/www.guibutik.pt\/loja\/wp-json\/wp\/v2\/product_cat?post=85844"},{"taxonomy":"product_tag","embeddable":true,"href":"https:\/\/www.guibutik.pt\/loja\/wp-json\/wp\/v2\/product_tag?post=85844"}],"curies":[{"name":"wp","href":"https:\/\/api.w.org\/{rel}","templated":true}]}}