{"id":85273,"date":"2026-04-01T10:18:36","date_gmt":"2026-04-01T09:18:36","guid":{"rendered":"https:\/\/www.guibutik.pt\/loja\/?post_type=product&#038;p=85273"},"modified":"2026-05-12T18:48:03","modified_gmt":"2026-05-12T17:48:03","slug":"jeans-712-s-levis","status":"publish","type":"product","link":"https:\/\/www.guibutik.pt\/loja\/produto\/jeans-712-s-levis\/","title":{"rendered":"Jeans 712 S Levi&#8217;s"},"content":{"rendered":"<p><span dir=\"auto\">Nossas cal\u00e7as jeans 712 Slim Welt Pocket foram criadas para valorizar suas curvas com cintura m\u00e9dia que define a silhueta e um corte slim atemporal. O que as torna especiais? Elas s\u00e3o confeccionadas com bolsos arredondados e detalhes de pregas nos bolsos traseiros, que conferem um toque vintage. Parte da nossa cole\u00e7\u00e3o exclusiva &#8216;Lote 700&#8217;, essas cal\u00e7as jeans foram feitas para favorecer sua silhueta \u2014 o dia todo, todos os dias.<\/span><\/p>\n<ul>\n<li><span dir=\"auto\">Cal\u00e7a jeans slim fit feita para valorizar a silhueta \u2014 o dia todo, todos os dias.<\/span><\/li>\n<li><span dir=\"auto\">Valoriza suas curvas, alonga suas pernas e celebra suas formas.<\/span><\/li>\n<li><span dir=\"auto\">Apresenta cintura m\u00e9dia que acentua a silhueta.<\/span><\/li>\n<li><span dir=\"auto\">Acabamento com um bolso para moedas embutido.<\/span><\/li>\n<li><span dir=\"auto\">O aut\u00eantico car\u00e1ter do denim, aprimorado com elasticidade supermacia. Para jeans que v\u00e3o te deixar de queixo ca\u00eddo. Esse \u00e9 o Levi&#8217;s\u00ae Stellar Stretch. Gra\u00e7as \u00e0 excelente recupera\u00e7\u00e3o integrada, ele valoriza suas curvas e acompanha seus movimentos \u2014 sem ceder ou deformar \u2014 em qualquer lugar e a cada uso.<\/span><\/li>\n<li><span dir=\"auto\">Confeccionamos esta pe\u00e7a com TENCEL\u2122 Lyocell, uma fibra macia<\/span><\/li>\n<\/ul>\n<div class=\"pdp-spec-feature hide-mobile\" data-v-8a16fbe0=\"\">\n<div class=\"pdp-tabs-header\" data-v-8a16fbe0=\"\">\n<h3 class=\"pdp-tabs-title\" data-v-8a16fbe0=\"\"><span dir=\"auto\">Como se encaixa<\/span><\/h3>\n<\/div>\n<div class=\"contentContainer\" data-v-8a16fbe0=\"\">\n<ul data-v-8a16fbe0=\"\">\n<li class=\"\" tabindex=\"0\" data-v-8a16fbe0=\"\"><span dir=\"auto\">Ajustado no quadril e na coxa.<\/span><\/li>\n<li class=\"\" tabindex=\"0\" data-v-8a16fbe0=\"\"><span dir=\"auto\">Esticar<\/span><\/li>\n<li class=\"\" tabindex=\"0\" data-v-8a16fbe0=\"\"><span dir=\"auto\">Cintura m\u00e9dia: 8 3\/4&#8243;<\/span><\/li>\n<li class=\"\" tabindex=\"0\" data-v-8a16fbe0=\"\"><span dir=\"auto\">Pernas finas<\/span><\/li>\n<li class=\"\" tabindex=\"0\" data-v-8a16fbe0=\"\"><span dir=\"auto\">Comprimento da perna: 30&#8243;<\/span><\/li>\n<li class=\"\" tabindex=\"0\" data-v-8a16fbe0=\"\"><span dir=\"auto\">Abertura da perna: 13&#8243;<\/span><\/li>\n<li class=\"\" tabindex=\"0\" data-v-8a16fbe0=\"\"><span dir=\"auto\">Medidas baseadas no tamanho 27 de cintura.<\/span><\/li>\n<li class=\"\" tabindex=\"0\" data-v-8a16fbe0=\"\"><span dir=\"auto\">Fecho de correr<\/span><\/li>\n<li class=\"\" tabindex=\"0\" data-v-8a16fbe0=\"\"><span dir=\"auto\">estilo de 5 bolsos<\/span><\/li>\n<\/ul>\n<\/div>\n<\/div>\n<div class=\"pdp-spec-feature hide-mobile\" data-v-58723e3b=\"\">\n<div class=\"pdp-tabs-header\" data-v-58723e3b=\"\">\n<h3 class=\"pdp-tabs-title\" data-v-58723e3b=\"\"><span dir=\"auto\">Composi\u00e7\u00e3o e cuidados<\/span><\/h3>\n<\/div>\n<div class=\"contentContainer\" data-v-58723e3b=\"\">\n<ul data-v-58723e3b=\"\">\n<li data-v-58723e3b=\"\"><span dir=\"auto\">85% algod\u00e3o, 7% liocel (Lenzin TENCEL\u2122 liocel), 6% elastomulti\u00e9ster, 2% LYCRA\u00ae<\/span><\/li>\n<li data-v-58723e3b=\"\"><span dir=\"auto\">Jeans<\/span><\/li>\n<li data-v-58723e3b=\"\"><span dir=\"auto\">MMC liocel<\/span><\/li>\n<li data-v-58723e3b=\"\"><span dir=\"auto\">Lave suas cal\u00e7as jeans no m\u00e1ximo a cada 10 usos; isso aumenta a vida \u00fatil delas e economiza recursos naturais. Lavar \u00e0 m\u00e1quina com \u00e1gua fria. N\u00e3o usar alvejante. Secar em temperatura m\u00e9dia. Passar a ferro em temperatura morna, se necess\u00e1rio. Lavagem a seco poss\u00edvel. Lavar do avesso com cores semelhantes.<\/span><\/li>\n<li data-v-58723e3b=\"\"><span dir=\"auto\">Pa\u00eds de origem: Turquia<\/span><\/li>\n<\/ul>\n<\/div>\n<\/div>\n","protected":false},"excerpt":{"rendered":"<p>Nossas cal\u00e7as jeans 712 Slim Welt Pocket foram criadas para valorizar suas curvas com cintura m\u00e9dia que define a silhueta e um corte slim atemporal. O que as torna especiais? Elas s\u00e3o confeccionadas com bolsos arredondados e detalhes de pregas nos bolsos traseiros, que conferem um toque vintage. Parte da nossa cole\u00e7\u00e3o exclusiva &#8216;Lote 700&#8217;, [&hellip;]<\/p>\n","protected":false},"featured_media":85290,"comment_status":"closed","ping_status":"closed","template":"","meta":[],"product_cat":[285,222],"product_tag":[],"class_list":{"0":"post-85273","1":"product","2":"type-product","3":"status-publish","4":"has-post-thumbnail","6":"product_cat-calcas-senhora","7":"product_cat-senhora","8":"ts_product_brand-levis","10":"first","11":"instock","12":"shipping-taxable","13":"purchasable","14":"product-type-variable"},"yoast_head":"<!-- This site is optimized with the Yoast SEO plugin v27.6 - https:\/\/yoast.com\/product\/yoast-seo-wordpress\/ -->\n<title>Jeans 712 S Levi&#039;s - Guibutik<\/title>\n<meta name=\"robots\" content=\"index, follow, max-snippet:-1, max-image-preview:large, max-video-preview:-1\" \/>\n<link rel=\"canonical\" href=\"https:\/\/www.guibutik.pt\/loja\/produto\/jeans-712-s-levis\/\" \/>\n<meta property=\"og:locale\" content=\"pt_PT\" \/>\n<meta property=\"og:type\" content=\"article\" \/>\n<meta property=\"og:title\" content=\"Jeans 712 S Levi&#039;s - Guibutik\" \/>\n<meta property=\"og:description\" content=\"Nossas cal\u00e7as jeans 712 Slim Welt Pocket foram criadas para valorizar suas curvas com cintura m\u00e9dia que define a silhueta e um corte slim atemporal. O que as torna especiais? Elas s\u00e3o confeccionadas com bolsos arredondados e detalhes de pregas nos bolsos traseiros, que conferem um toque vintage. Parte da nossa cole\u00e7\u00e3o exclusiva &#8216;Lote 700&#8217;, [&hellip;]\" \/>\n<meta property=\"og:url\" content=\"https:\/\/www.guibutik.pt\/loja\/produto\/jeans-712-s-levis\/\" \/>\n<meta property=\"og:site_name\" content=\"Guibutik\" \/>\n<meta property=\"article:publisher\" content=\"https:\/\/www.facebook.com\/guibutik\/\" \/>\n<meta property=\"article:modified_time\" content=\"2026-05-12T17:48:03+00:00\" \/>\n<meta property=\"og:image\" content=\"https:\/\/www.guibutik.pt\/loja\/wp-content\/uploads\/2026\/04\/A6199-0013-4.webp\" \/>\n\t<meta property=\"og:image:width\" content=\"660\" \/>\n\t<meta property=\"og:image:height\" content=\"660\" \/>\n\t<meta property=\"og:image:type\" content=\"image\/webp\" \/>\n<meta name=\"twitter:card\" content=\"summary_large_image\" \/>\n<meta name=\"twitter:label1\" content=\"Tempo estimado de leitura\" \/>\n\t<meta name=\"twitter:data1\" content=\"2 minutos\" \/>\n<script type=\"application\/ld+json\" class=\"yoast-schema-graph\">{\"@context\":\"https:\\\/\\\/schema.org\",\"@graph\":[{\"@type\":\"WebPage\",\"@id\":\"https:\\\/\\\/www.guibutik.pt\\\/loja\\\/produto\\\/jeans-712-s-levis\\\/\",\"url\":\"https:\\\/\\\/www.guibutik.pt\\\/loja\\\/produto\\\/jeans-712-s-levis\\\/\",\"name\":\"Jeans 712 S Levi's - Guibutik\",\"isPartOf\":{\"@id\":\"https:\\\/\\\/www.guibutik.pt\\\/loja\\\/#website\"},\"primaryImageOfPage\":{\"@id\":\"https:\\\/\\\/www.guibutik.pt\\\/loja\\\/produto\\\/jeans-712-s-levis\\\/#primaryimage\"},\"image\":{\"@id\":\"https:\\\/\\\/www.guibutik.pt\\\/loja\\\/produto\\\/jeans-712-s-levis\\\/#primaryimage\"},\"thumbnailUrl\":\"https:\\\/\\\/www.guibutik.pt\\\/loja\\\/wp-content\\\/uploads\\\/2026\\\/04\\\/A6199-0013-4.webp\",\"datePublished\":\"2026-04-01T09:18:36+00:00\",\"dateModified\":\"2026-05-12T17:48:03+00:00\",\"breadcrumb\":{\"@id\":\"https:\\\/\\\/www.guibutik.pt\\\/loja\\\/produto\\\/jeans-712-s-levis\\\/#breadcrumb\"},\"inLanguage\":\"pt-PT\",\"potentialAction\":[{\"@type\":\"ReadAction\",\"target\":[\"https:\\\/\\\/www.guibutik.pt\\\/loja\\\/produto\\\/jeans-712-s-levis\\\/\"]}]},{\"@type\":\"ImageObject\",\"inLanguage\":\"pt-PT\",\"@id\":\"https:\\\/\\\/www.guibutik.pt\\\/loja\\\/produto\\\/jeans-712-s-levis\\\/#primaryimage\",\"url\":\"https:\\\/\\\/www.guibutik.pt\\\/loja\\\/wp-content\\\/uploads\\\/2026\\\/04\\\/A6199-0013-4.webp\",\"contentUrl\":\"https:\\\/\\\/www.guibutik.pt\\\/loja\\\/wp-content\\\/uploads\\\/2026\\\/04\\\/A6199-0013-4.webp\",\"width\":660,\"height\":660},{\"@type\":\"BreadcrumbList\",\"@id\":\"https:\\\/\\\/www.guibutik.pt\\\/loja\\\/produto\\\/jeans-712-s-levis\\\/#breadcrumb\",\"itemListElement\":[{\"@type\":\"ListItem\",\"position\":1,\"name\":\"In\u00edcio\",\"item\":\"https:\\\/\\\/www.guibutik.pt\\\/loja\\\/\"},{\"@type\":\"ListItem\",\"position\":2,\"name\":\"Loja\",\"item\":\"https:\\\/\\\/www.guibutik.pt\\\/loja\\\/shop\\\/\"},{\"@type\":\"ListItem\",\"position\":3,\"name\":\"Jeans 712 S Levi&#8217;s\"}]},{\"@type\":\"WebSite\",\"@id\":\"https:\\\/\\\/www.guibutik.pt\\\/loja\\\/#website\",\"url\":\"https:\\\/\\\/www.guibutik.pt\\\/loja\\\/\",\"name\":\"Guibutik\",\"description\":\"Moda e Sapataria\",\"potentialAction\":[{\"@type\":\"SearchAction\",\"target\":{\"@type\":\"EntryPoint\",\"urlTemplate\":\"https:\\\/\\\/www.guibutik.pt\\\/loja\\\/?s={search_term_string}\"},\"query-input\":{\"@type\":\"PropertyValueSpecification\",\"valueRequired\":true,\"valueName\":\"search_term_string\"}}],\"inLanguage\":\"pt-PT\"}]}<\/script>\n<!-- \/ Yoast SEO plugin. -->","yoast_head_json":{"title":"Jeans 712 S Levi's - Guibutik","robots":{"index":"index","follow":"follow","max-snippet":"max-snippet:-1","max-image-preview":"max-image-preview:large","max-video-preview":"max-video-preview:-1"},"canonical":"https:\/\/www.guibutik.pt\/loja\/produto\/jeans-712-s-levis\/","og_locale":"pt_PT","og_type":"article","og_title":"Jeans 712 S Levi's - Guibutik","og_description":"Nossas cal\u00e7as jeans 712 Slim Welt Pocket foram criadas para valorizar suas curvas com cintura m\u00e9dia que define a silhueta e um corte slim atemporal. O que as torna especiais? Elas s\u00e3o confeccionadas com bolsos arredondados e detalhes de pregas nos bolsos traseiros, que conferem um toque vintage. Parte da nossa cole\u00e7\u00e3o exclusiva &#8216;Lote 700&#8217;, [&hellip;]","og_url":"https:\/\/www.guibutik.pt\/loja\/produto\/jeans-712-s-levis\/","og_site_name":"Guibutik","article_publisher":"https:\/\/www.facebook.com\/guibutik\/","article_modified_time":"2026-05-12T17:48:03+00:00","og_image":[{"width":660,"height":660,"url":"https:\/\/www.guibutik.pt\/loja\/wp-content\/uploads\/2026\/04\/A6199-0013-4.webp","type":"image\/webp"}],"twitter_card":"summary_large_image","twitter_misc":{"Tempo estimado de leitura":"2 minutos"},"schema":{"@context":"https:\/\/schema.org","@graph":[{"@type":"WebPage","@id":"https:\/\/www.guibutik.pt\/loja\/produto\/jeans-712-s-levis\/","url":"https:\/\/www.guibutik.pt\/loja\/produto\/jeans-712-s-levis\/","name":"Jeans 712 S Levi's - Guibutik","isPartOf":{"@id":"https:\/\/www.guibutik.pt\/loja\/#website"},"primaryImageOfPage":{"@id":"https:\/\/www.guibutik.pt\/loja\/produto\/jeans-712-s-levis\/#primaryimage"},"image":{"@id":"https:\/\/www.guibutik.pt\/loja\/produto\/jeans-712-s-levis\/#primaryimage"},"thumbnailUrl":"https:\/\/www.guibutik.pt\/loja\/wp-content\/uploads\/2026\/04\/A6199-0013-4.webp","datePublished":"2026-04-01T09:18:36+00:00","dateModified":"2026-05-12T17:48:03+00:00","breadcrumb":{"@id":"https:\/\/www.guibutik.pt\/loja\/produto\/jeans-712-s-levis\/#breadcrumb"},"inLanguage":"pt-PT","potentialAction":[{"@type":"ReadAction","target":["https:\/\/www.guibutik.pt\/loja\/produto\/jeans-712-s-levis\/"]}]},{"@type":"ImageObject","inLanguage":"pt-PT","@id":"https:\/\/www.guibutik.pt\/loja\/produto\/jeans-712-s-levis\/#primaryimage","url":"https:\/\/www.guibutik.pt\/loja\/wp-content\/uploads\/2026\/04\/A6199-0013-4.webp","contentUrl":"https:\/\/www.guibutik.pt\/loja\/wp-content\/uploads\/2026\/04\/A6199-0013-4.webp","width":660,"height":660},{"@type":"BreadcrumbList","@id":"https:\/\/www.guibutik.pt\/loja\/produto\/jeans-712-s-levis\/#breadcrumb","itemListElement":[{"@type":"ListItem","position":1,"name":"In\u00edcio","item":"https:\/\/www.guibutik.pt\/loja\/"},{"@type":"ListItem","position":2,"name":"Loja","item":"https:\/\/www.guibutik.pt\/loja\/shop\/"},{"@type":"ListItem","position":3,"name":"Jeans 712 S Levi&#8217;s"}]},{"@type":"WebSite","@id":"https:\/\/www.guibutik.pt\/loja\/#website","url":"https:\/\/www.guibutik.pt\/loja\/","name":"Guibutik","description":"Moda e Sapataria","potentialAction":[{"@type":"SearchAction","target":{"@type":"EntryPoint","urlTemplate":"https:\/\/www.guibutik.pt\/loja\/?s={search_term_string}"},"query-input":{"@type":"PropertyValueSpecification","valueRequired":true,"valueName":"search_term_string"}}],"inLanguage":"pt-PT"}]}},"_links":{"self":[{"href":"https:\/\/www.guibutik.pt\/loja\/wp-json\/wp\/v2\/product\/85273","targetHints":{"allow":["GET"]}}],"collection":[{"href":"https:\/\/www.guibutik.pt\/loja\/wp-json\/wp\/v2\/product"}],"about":[{"href":"https:\/\/www.guibutik.pt\/loja\/wp-json\/wp\/v2\/types\/product"}],"replies":[{"embeddable":true,"href":"https:\/\/www.guibutik.pt\/loja\/wp-json\/wp\/v2\/comments?post=85273"}],"wp:featuredmedia":[{"embeddable":true,"href":"https:\/\/www.guibutik.pt\/loja\/wp-json\/wp\/v2\/media\/85290"}],"wp:attachment":[{"href":"https:\/\/www.guibutik.pt\/loja\/wp-json\/wp\/v2\/media?parent=85273"}],"wp:term":[{"taxonomy":"product_cat","embeddable":true,"href":"https:\/\/www.guibutik.pt\/loja\/wp-json\/wp\/v2\/product_cat?post=85273"},{"taxonomy":"product_tag","embeddable":true,"href":"https:\/\/www.guibutik.pt\/loja\/wp-json\/wp\/v2\/product_tag?post=85273"}],"curies":[{"name":"wp","href":"https:\/\/api.w.org\/{rel}","templated":true}]}}