{"id":85228,"date":"2026-03-31T18:33:29","date_gmt":"2026-03-31T17:33:29","guid":{"rendered":"https:\/\/www.guibutik.pt\/loja\/?post_type=product&#038;p=85228"},"modified":"2026-04-24T19:06:31","modified_gmt":"2026-04-24T18:06:31","slug":"t-shirt-s-levis-2","status":"publish","type":"product","link":"https:\/\/www.guibutik.pt\/loja\/produto\/t-shirt-s-levis-2\/","title":{"rendered":"T-Shirt S Levi&#8217;s"},"content":{"rendered":"<ul>\n<li><span dir=\"auto\">\u00c9 chamado de perfeito por um motivo.<\/span><\/li>\n<li><span dir=\"auto\">Concebido para conforto, estilo casual e versatilidade.<\/span><\/li>\n<li><span dir=\"auto\">Logotipo ic\u00f4nico da Levi&#8217;s\u00ae em patch no peito<\/span><\/li>\n<li><span dir=\"auto\">Colaboramos com a Better Cotton Initiative para melhorar o cultivo de algod\u00e3o em todo o mundo.<\/span><\/li>\n<li><span dir=\"auto\">Esta pe\u00e7a tem um corte oversized, por isso recomendamos escolher um ou dois tamanhos menores.<\/span><\/li>\n<\/ul>\n<div class=\"pdp-spec-feature hide-mobile\" data-v-8a16fbe0=\"\">\n<div class=\"pdp-tabs-header\" data-v-8a16fbe0=\"\">\n<h3 class=\"pdp-tabs-title\" data-v-8a16fbe0=\"\"><span dir=\"auto\">Como se encaixa<\/span><\/h3>\n<\/div>\n<div class=\"contentContainer\" data-v-8a16fbe0=\"\">\n<ul data-v-8a16fbe0=\"\">\n<li class=\"\" tabindex=\"0\" data-v-8a16fbe0=\"\"><span dir=\"auto\">Ajuste cl\u00e1ssico<\/span><\/li>\n<li class=\"\" tabindex=\"0\" data-v-8a16fbe0=\"\"><span dir=\"auto\">Gola redonda<\/span><\/li>\n<li class=\"\" tabindex=\"0\" data-v-8a16fbe0=\"\"><span dir=\"auto\">Gola redonda<\/span><\/li>\n<\/ul>\n<\/div>\n<\/div>\n<div class=\"pdp-spec-feature hide-mobile\" data-v-58723e3b=\"\">\n<div class=\"pdp-tabs-header\" data-v-58723e3b=\"\">\n<h3 class=\"pdp-tabs-title\" data-v-58723e3b=\"\"><span dir=\"auto\">Composi\u00e7\u00e3o e cuidados<\/span><\/h3>\n<\/div>\n<div class=\"contentContainer\" data-v-58723e3b=\"\">\n<ul data-v-58723e3b=\"\">\n<li data-v-58723e3b=\"\"><span dir=\"auto\">100% Algod\u00e3o<\/span><\/li>\n<li data-v-58723e3b=\"\"><span dir=\"auto\">Jersey<\/span><\/li>\n<li data-v-58723e3b=\"\"><span dir=\"auto\">Mangas curtas Materiais<\/span><\/li>\n<li data-v-58723e3b=\"\"><span dir=\"auto\">Lavar \u00e0 m\u00e1quina com \u00e1gua fria, lavar e secar do avesso com cores semelhantes, recomenda-se detergente l\u00edquido, lavagem a seco poss\u00edvel, passar a ferro morno se necess\u00e1rio.<\/span><\/li>\n<li data-v-58723e3b=\"\"><span dir=\"auto\">Pa\u00eds de origem: Bangladesh<\/span><\/li>\n<\/ul>\n<\/div>\n<\/div>\n","protected":false},"excerpt":{"rendered":"<p>\u00c9 chamado de perfeito por um motivo. Concebido para conforto, estilo casual e versatilidade. Logotipo ic\u00f4nico da Levi&#8217;s\u00ae em patch no peito Colaboramos com a Better Cotton Initiative para melhorar o cultivo de algod\u00e3o em todo o mundo. Esta pe\u00e7a tem um corte oversized, por isso recomendamos escolher um ou dois tamanhos menores. Como se [&hellip;]<\/p>\n","protected":false},"featured_media":85239,"comment_status":"closed","ping_status":"closed","template":"","meta":[],"product_cat":[222,226],"product_tag":[],"class_list":{"0":"post-85228","1":"product","2":"type-product","3":"status-publish","4":"has-post-thumbnail","6":"product_cat-senhora","7":"product_cat-t-shirts","8":"ts_product_brand-levis","10":"first","11":"instock","12":"shipping-taxable","13":"purchasable","14":"product-type-variable"},"yoast_head":"<!-- This site is optimized with the Yoast SEO plugin v27.5 - https:\/\/yoast.com\/product\/yoast-seo-wordpress\/ -->\n<title>T-Shirt S Levi&#039;s - Guibutik<\/title>\n<meta name=\"robots\" content=\"index, follow, max-snippet:-1, max-image-preview:large, max-video-preview:-1\" \/>\n<link rel=\"canonical\" href=\"https:\/\/www.guibutik.pt\/loja\/produto\/t-shirt-s-levis-2\/\" \/>\n<meta property=\"og:locale\" content=\"pt_PT\" \/>\n<meta property=\"og:type\" content=\"article\" \/>\n<meta property=\"og:title\" content=\"T-Shirt S Levi&#039;s - Guibutik\" \/>\n<meta property=\"og:description\" content=\"\u00c9 chamado de perfeito por um motivo. Concebido para conforto, estilo casual e versatilidade. Logotipo ic\u00f4nico da Levi&#8217;s\u00ae em patch no peito Colaboramos com a Better Cotton Initiative para melhorar o cultivo de algod\u00e3o em todo o mundo. Esta pe\u00e7a tem um corte oversized, por isso recomendamos escolher um ou dois tamanhos menores. Como se [&hellip;]\" \/>\n<meta property=\"og:url\" content=\"https:\/\/www.guibutik.pt\/loja\/produto\/t-shirt-s-levis-2\/\" \/>\n<meta property=\"og:site_name\" content=\"Guibutik\" \/>\n<meta property=\"article:publisher\" content=\"https:\/\/www.facebook.com\/guibutik\/\" \/>\n<meta property=\"article:modified_time\" content=\"2026-04-24T18:06:31+00:00\" \/>\n<meta property=\"og:image\" content=\"https:\/\/www.guibutik.pt\/loja\/wp-content\/uploads\/2026\/03\/39185-0008-3.jpg\" \/>\n\t<meta property=\"og:image:width\" content=\"1690\" \/>\n\t<meta property=\"og:image:height\" content=\"1857\" \/>\n\t<meta property=\"og:image:type\" content=\"image\/jpeg\" \/>\n<meta name=\"twitter:card\" content=\"summary_large_image\" \/>\n<meta name=\"twitter:label1\" content=\"Tempo estimado de leitura\" \/>\n\t<meta name=\"twitter:data1\" content=\"1 minuto\" \/>\n<script type=\"application\/ld+json\" class=\"yoast-schema-graph\">{\"@context\":\"https:\\\/\\\/schema.org\",\"@graph\":[{\"@type\":\"WebPage\",\"@id\":\"https:\\\/\\\/www.guibutik.pt\\\/loja\\\/produto\\\/t-shirt-s-levis-2\\\/\",\"url\":\"https:\\\/\\\/www.guibutik.pt\\\/loja\\\/produto\\\/t-shirt-s-levis-2\\\/\",\"name\":\"T-Shirt S Levi's - Guibutik\",\"isPartOf\":{\"@id\":\"https:\\\/\\\/www.guibutik.pt\\\/loja\\\/#website\"},\"primaryImageOfPage\":{\"@id\":\"https:\\\/\\\/www.guibutik.pt\\\/loja\\\/produto\\\/t-shirt-s-levis-2\\\/#primaryimage\"},\"image\":{\"@id\":\"https:\\\/\\\/www.guibutik.pt\\\/loja\\\/produto\\\/t-shirt-s-levis-2\\\/#primaryimage\"},\"thumbnailUrl\":\"https:\\\/\\\/www.guibutik.pt\\\/loja\\\/wp-content\\\/uploads\\\/2026\\\/03\\\/39185-0008-3.jpg\",\"datePublished\":\"2026-03-31T17:33:29+00:00\",\"dateModified\":\"2026-04-24T18:06:31+00:00\",\"breadcrumb\":{\"@id\":\"https:\\\/\\\/www.guibutik.pt\\\/loja\\\/produto\\\/t-shirt-s-levis-2\\\/#breadcrumb\"},\"inLanguage\":\"pt-PT\",\"potentialAction\":[{\"@type\":\"ReadAction\",\"target\":[\"https:\\\/\\\/www.guibutik.pt\\\/loja\\\/produto\\\/t-shirt-s-levis-2\\\/\"]}]},{\"@type\":\"ImageObject\",\"inLanguage\":\"pt-PT\",\"@id\":\"https:\\\/\\\/www.guibutik.pt\\\/loja\\\/produto\\\/t-shirt-s-levis-2\\\/#primaryimage\",\"url\":\"https:\\\/\\\/www.guibutik.pt\\\/loja\\\/wp-content\\\/uploads\\\/2026\\\/03\\\/39185-0008-3.jpg\",\"contentUrl\":\"https:\\\/\\\/www.guibutik.pt\\\/loja\\\/wp-content\\\/uploads\\\/2026\\\/03\\\/39185-0008-3.jpg\",\"width\":1690,\"height\":1857},{\"@type\":\"BreadcrumbList\",\"@id\":\"https:\\\/\\\/www.guibutik.pt\\\/loja\\\/produto\\\/t-shirt-s-levis-2\\\/#breadcrumb\",\"itemListElement\":[{\"@type\":\"ListItem\",\"position\":1,\"name\":\"In\u00edcio\",\"item\":\"https:\\\/\\\/www.guibutik.pt\\\/loja\\\/\"},{\"@type\":\"ListItem\",\"position\":2,\"name\":\"Loja\",\"item\":\"https:\\\/\\\/www.guibutik.pt\\\/loja\\\/shop\\\/\"},{\"@type\":\"ListItem\",\"position\":3,\"name\":\"T-Shirt S Levi&#8217;s\"}]},{\"@type\":\"WebSite\",\"@id\":\"https:\\\/\\\/www.guibutik.pt\\\/loja\\\/#website\",\"url\":\"https:\\\/\\\/www.guibutik.pt\\\/loja\\\/\",\"name\":\"Guibutik\",\"description\":\"Moda e Sapataria\",\"potentialAction\":[{\"@type\":\"SearchAction\",\"target\":{\"@type\":\"EntryPoint\",\"urlTemplate\":\"https:\\\/\\\/www.guibutik.pt\\\/loja\\\/?s={search_term_string}\"},\"query-input\":{\"@type\":\"PropertyValueSpecification\",\"valueRequired\":true,\"valueName\":\"search_term_string\"}}],\"inLanguage\":\"pt-PT\"}]}<\/script>\n<!-- \/ Yoast SEO plugin. -->","yoast_head_json":{"title":"T-Shirt S Levi's - Guibutik","robots":{"index":"index","follow":"follow","max-snippet":"max-snippet:-1","max-image-preview":"max-image-preview:large","max-video-preview":"max-video-preview:-1"},"canonical":"https:\/\/www.guibutik.pt\/loja\/produto\/t-shirt-s-levis-2\/","og_locale":"pt_PT","og_type":"article","og_title":"T-Shirt S Levi's - Guibutik","og_description":"\u00c9 chamado de perfeito por um motivo. Concebido para conforto, estilo casual e versatilidade. Logotipo ic\u00f4nico da Levi&#8217;s\u00ae em patch no peito Colaboramos com a Better Cotton Initiative para melhorar o cultivo de algod\u00e3o em todo o mundo. Esta pe\u00e7a tem um corte oversized, por isso recomendamos escolher um ou dois tamanhos menores. Como se [&hellip;]","og_url":"https:\/\/www.guibutik.pt\/loja\/produto\/t-shirt-s-levis-2\/","og_site_name":"Guibutik","article_publisher":"https:\/\/www.facebook.com\/guibutik\/","article_modified_time":"2026-04-24T18:06:31+00:00","og_image":[{"width":1690,"height":1857,"url":"https:\/\/www.guibutik.pt\/loja\/wp-content\/uploads\/2026\/03\/39185-0008-3.jpg","type":"image\/jpeg"}],"twitter_card":"summary_large_image","twitter_misc":{"Tempo estimado de leitura":"1 minuto"},"schema":{"@context":"https:\/\/schema.org","@graph":[{"@type":"WebPage","@id":"https:\/\/www.guibutik.pt\/loja\/produto\/t-shirt-s-levis-2\/","url":"https:\/\/www.guibutik.pt\/loja\/produto\/t-shirt-s-levis-2\/","name":"T-Shirt S Levi's - Guibutik","isPartOf":{"@id":"https:\/\/www.guibutik.pt\/loja\/#website"},"primaryImageOfPage":{"@id":"https:\/\/www.guibutik.pt\/loja\/produto\/t-shirt-s-levis-2\/#primaryimage"},"image":{"@id":"https:\/\/www.guibutik.pt\/loja\/produto\/t-shirt-s-levis-2\/#primaryimage"},"thumbnailUrl":"https:\/\/www.guibutik.pt\/loja\/wp-content\/uploads\/2026\/03\/39185-0008-3.jpg","datePublished":"2026-03-31T17:33:29+00:00","dateModified":"2026-04-24T18:06:31+00:00","breadcrumb":{"@id":"https:\/\/www.guibutik.pt\/loja\/produto\/t-shirt-s-levis-2\/#breadcrumb"},"inLanguage":"pt-PT","potentialAction":[{"@type":"ReadAction","target":["https:\/\/www.guibutik.pt\/loja\/produto\/t-shirt-s-levis-2\/"]}]},{"@type":"ImageObject","inLanguage":"pt-PT","@id":"https:\/\/www.guibutik.pt\/loja\/produto\/t-shirt-s-levis-2\/#primaryimage","url":"https:\/\/www.guibutik.pt\/loja\/wp-content\/uploads\/2026\/03\/39185-0008-3.jpg","contentUrl":"https:\/\/www.guibutik.pt\/loja\/wp-content\/uploads\/2026\/03\/39185-0008-3.jpg","width":1690,"height":1857},{"@type":"BreadcrumbList","@id":"https:\/\/www.guibutik.pt\/loja\/produto\/t-shirt-s-levis-2\/#breadcrumb","itemListElement":[{"@type":"ListItem","position":1,"name":"In\u00edcio","item":"https:\/\/www.guibutik.pt\/loja\/"},{"@type":"ListItem","position":2,"name":"Loja","item":"https:\/\/www.guibutik.pt\/loja\/shop\/"},{"@type":"ListItem","position":3,"name":"T-Shirt S Levi&#8217;s"}]},{"@type":"WebSite","@id":"https:\/\/www.guibutik.pt\/loja\/#website","url":"https:\/\/www.guibutik.pt\/loja\/","name":"Guibutik","description":"Moda e Sapataria","potentialAction":[{"@type":"SearchAction","target":{"@type":"EntryPoint","urlTemplate":"https:\/\/www.guibutik.pt\/loja\/?s={search_term_string}"},"query-input":{"@type":"PropertyValueSpecification","valueRequired":true,"valueName":"search_term_string"}}],"inLanguage":"pt-PT"}]}},"_links":{"self":[{"href":"https:\/\/www.guibutik.pt\/loja\/wp-json\/wp\/v2\/product\/85228","targetHints":{"allow":["GET"]}}],"collection":[{"href":"https:\/\/www.guibutik.pt\/loja\/wp-json\/wp\/v2\/product"}],"about":[{"href":"https:\/\/www.guibutik.pt\/loja\/wp-json\/wp\/v2\/types\/product"}],"replies":[{"embeddable":true,"href":"https:\/\/www.guibutik.pt\/loja\/wp-json\/wp\/v2\/comments?post=85228"}],"wp:featuredmedia":[{"embeddable":true,"href":"https:\/\/www.guibutik.pt\/loja\/wp-json\/wp\/v2\/media\/85239"}],"wp:attachment":[{"href":"https:\/\/www.guibutik.pt\/loja\/wp-json\/wp\/v2\/media?parent=85228"}],"wp:term":[{"taxonomy":"product_cat","embeddable":true,"href":"https:\/\/www.guibutik.pt\/loja\/wp-json\/wp\/v2\/product_cat?post=85228"},{"taxonomy":"product_tag","embeddable":true,"href":"https:\/\/www.guibutik.pt\/loja\/wp-json\/wp\/v2\/product_tag?post=85228"}],"curies":[{"name":"wp","href":"https:\/\/api.w.org\/{rel}","templated":true}]}}