{"id":85123,"date":"2026-03-31T16:42:38","date_gmt":"2026-03-31T15:42:38","guid":{"rendered":"https:\/\/www.guibutik.pt\/loja\/?post_type=product&#038;p=85123"},"modified":"2026-05-11T12:38:46","modified_gmt":"2026-05-11T11:38:46","slug":"blusa-ferrache-3","status":"publish","type":"product","link":"https:\/\/www.guibutik.pt\/loja\/produto\/blusa-ferrache-3\/","title":{"rendered":"Blusa Ferrache"},"content":{"rendered":"<p>Blusa feminina com estampado geom\u00e9trico marcante e design moderno. Apresenta colarinho cl\u00e1ssico e fecho frontal por bot\u00f5es, conferindo um toque elegante e vers\u00e1til. As mangas curtas e o corte ligeiramente solto garantem leveza e conforto, tornando-a ideal para os dias mais quentes. Uma pe\u00e7a pr\u00e1tica e sofisticada para looks do dia a dia com personalidade.<\/p>\n<p>medidas<br \/>\nS<br \/>\nComprimento: 58 cm<br \/>\nCava: 57cm<br \/>\nM<br \/>\nCava: 569cm<br \/>\nL<br \/>\nCava: 61 cm<br \/>\nXL<br \/>\nCava: 63 cm<\/p>\n<p>A manequim mede 170cm e est\u00e1 a vestir o tamanho S.<\/p>\n<div class=\"accordion-head tabs-item\">Cuidados de Lavagem<\/div>\n<div class=\"accordion-content tab tabcg\">\n<div class=\"care-instructions\">\n<div class=\"row\">\n<div class=\"col-sm-10 col-sm-offset-1\">\n<div class=\"row\">\n<div class=\"col-sm-3 column clearfix\">\n<p class=\"paragraph\">M\u00e1xima temperatura de lavagem 30\u00ba<\/p>\n<\/div>\n<div class=\"col-sm-3 column clearfix\">\n<p class=\"paragraph\">Passar m\u00e1ximo 110\u00baC<\/p>\n<\/div>\n<div class=\"col-sm-3 column clearfix\">\n<p class=\"paragraph\">Proibido usar secadora<\/p>\n<\/div>\n<div class=\"col-sm-3 column clearfix\">\n<p class=\"paragraph\">Limpar a seco -Todos os solventes<\/p>\n<\/div>\n<div class=\"col-sm-3 column clearfix\">\n<p class=\"paragraph\">N\u00e3o usar alvejante \u00e0 base de cloro<\/p>\n<div class=\"col-sm-4 column column-head\">\n<p>COMPOSI\u00c7\u00c3O:<\/p>\n<\/div>\n<div class=\"col-sm-8 column column-info\">\n<p>100%POLYESTER<\/p>\n<\/div>\n<\/div>\n<\/div>\n<\/div>\n<\/div>\n<\/div>\n<\/div>\n","protected":false},"excerpt":{"rendered":"<p>Blusa feminina com estampado geom\u00e9trico marcante e design moderno. Apresenta colarinho cl\u00e1ssico e fecho frontal por bot\u00f5es, conferindo um toque elegante e vers\u00e1til. As mangas curtas e o corte ligeiramente solto garantem leveza e conforto, tornando-a ideal para os dias mais quentes. Uma pe\u00e7a pr\u00e1tica e sofisticada para looks do dia a dia com personalidade. [&hellip;]<\/p>\n","protected":false},"featured_media":85140,"comment_status":"closed","ping_status":"closed","template":"","meta":[],"product_cat":[283,222],"product_tag":[],"class_list":{"0":"post-85123","1":"product","2":"type-product","3":"status-publish","4":"has-post-thumbnail","6":"product_cat-blusa","7":"product_cat-senhora","8":"ts_product_brand-ferrache","10":"first","11":"instock","12":"shipping-taxable","13":"purchasable","14":"product-type-variable"},"yoast_head":"<!-- This site is optimized with the Yoast SEO plugin v27.6 - https:\/\/yoast.com\/product\/yoast-seo-wordpress\/ -->\n<title>Blusa Ferrache - Guibutik<\/title>\n<meta name=\"robots\" content=\"index, follow, max-snippet:-1, max-image-preview:large, max-video-preview:-1\" \/>\n<link rel=\"canonical\" href=\"https:\/\/www.guibutik.pt\/loja\/produto\/blusa-ferrache-3\/\" \/>\n<meta property=\"og:locale\" content=\"pt_PT\" \/>\n<meta property=\"og:type\" content=\"article\" \/>\n<meta property=\"og:title\" content=\"Blusa Ferrache - Guibutik\" \/>\n<meta property=\"og:description\" content=\"Blusa feminina com estampado geom\u00e9trico marcante e design moderno. Apresenta colarinho cl\u00e1ssico e fecho frontal por bot\u00f5es, conferindo um toque elegante e vers\u00e1til. As mangas curtas e o corte ligeiramente solto garantem leveza e conforto, tornando-a ideal para os dias mais quentes. Uma pe\u00e7a pr\u00e1tica e sofisticada para looks do dia a dia com personalidade. [&hellip;]\" \/>\n<meta property=\"og:url\" content=\"https:\/\/www.guibutik.pt\/loja\/produto\/blusa-ferrache-3\/\" \/>\n<meta property=\"og:site_name\" content=\"Guibutik\" \/>\n<meta property=\"article:publisher\" content=\"https:\/\/www.facebook.com\/guibutik\/\" \/>\n<meta property=\"article:modified_time\" content=\"2026-05-11T11:38:46+00:00\" \/>\n<meta property=\"og:image\" content=\"https:\/\/www.guibutik.pt\/loja\/wp-content\/uploads\/2026\/03\/16608-scaled.jpg\" \/>\n\t<meta property=\"og:image:width\" content=\"1707\" \/>\n\t<meta property=\"og:image:height\" content=\"2560\" \/>\n\t<meta property=\"og:image:type\" content=\"image\/jpeg\" \/>\n<meta name=\"twitter:card\" content=\"summary_large_image\" \/>\n<meta name=\"twitter:label1\" content=\"Tempo estimado de leitura\" \/>\n\t<meta name=\"twitter:data1\" content=\"1 minuto\" \/>\n<script type=\"application\/ld+json\" class=\"yoast-schema-graph\">{\"@context\":\"https:\\\/\\\/schema.org\",\"@graph\":[{\"@type\":\"WebPage\",\"@id\":\"https:\\\/\\\/www.guibutik.pt\\\/loja\\\/produto\\\/blusa-ferrache-3\\\/\",\"url\":\"https:\\\/\\\/www.guibutik.pt\\\/loja\\\/produto\\\/blusa-ferrache-3\\\/\",\"name\":\"Blusa Ferrache - Guibutik\",\"isPartOf\":{\"@id\":\"https:\\\/\\\/www.guibutik.pt\\\/loja\\\/#website\"},\"primaryImageOfPage\":{\"@id\":\"https:\\\/\\\/www.guibutik.pt\\\/loja\\\/produto\\\/blusa-ferrache-3\\\/#primaryimage\"},\"image\":{\"@id\":\"https:\\\/\\\/www.guibutik.pt\\\/loja\\\/produto\\\/blusa-ferrache-3\\\/#primaryimage\"},\"thumbnailUrl\":\"https:\\\/\\\/www.guibutik.pt\\\/loja\\\/wp-content\\\/uploads\\\/2026\\\/03\\\/16608-scaled.jpg\",\"datePublished\":\"2026-03-31T15:42:38+00:00\",\"dateModified\":\"2026-05-11T11:38:46+00:00\",\"breadcrumb\":{\"@id\":\"https:\\\/\\\/www.guibutik.pt\\\/loja\\\/produto\\\/blusa-ferrache-3\\\/#breadcrumb\"},\"inLanguage\":\"pt-PT\",\"potentialAction\":[{\"@type\":\"ReadAction\",\"target\":[\"https:\\\/\\\/www.guibutik.pt\\\/loja\\\/produto\\\/blusa-ferrache-3\\\/\"]}]},{\"@type\":\"ImageObject\",\"inLanguage\":\"pt-PT\",\"@id\":\"https:\\\/\\\/www.guibutik.pt\\\/loja\\\/produto\\\/blusa-ferrache-3\\\/#primaryimage\",\"url\":\"https:\\\/\\\/www.guibutik.pt\\\/loja\\\/wp-content\\\/uploads\\\/2026\\\/03\\\/16608-scaled.jpg\",\"contentUrl\":\"https:\\\/\\\/www.guibutik.pt\\\/loja\\\/wp-content\\\/uploads\\\/2026\\\/03\\\/16608-scaled.jpg\",\"width\":1707,\"height\":2560},{\"@type\":\"BreadcrumbList\",\"@id\":\"https:\\\/\\\/www.guibutik.pt\\\/loja\\\/produto\\\/blusa-ferrache-3\\\/#breadcrumb\",\"itemListElement\":[{\"@type\":\"ListItem\",\"position\":1,\"name\":\"In\u00edcio\",\"item\":\"https:\\\/\\\/www.guibutik.pt\\\/loja\\\/\"},{\"@type\":\"ListItem\",\"position\":2,\"name\":\"Loja\",\"item\":\"https:\\\/\\\/www.guibutik.pt\\\/loja\\\/shop\\\/\"},{\"@type\":\"ListItem\",\"position\":3,\"name\":\"Blusa Ferrache\"}]},{\"@type\":\"WebSite\",\"@id\":\"https:\\\/\\\/www.guibutik.pt\\\/loja\\\/#website\",\"url\":\"https:\\\/\\\/www.guibutik.pt\\\/loja\\\/\",\"name\":\"Guibutik\",\"description\":\"Moda e Sapataria\",\"potentialAction\":[{\"@type\":\"SearchAction\",\"target\":{\"@type\":\"EntryPoint\",\"urlTemplate\":\"https:\\\/\\\/www.guibutik.pt\\\/loja\\\/?s={search_term_string}\"},\"query-input\":{\"@type\":\"PropertyValueSpecification\",\"valueRequired\":true,\"valueName\":\"search_term_string\"}}],\"inLanguage\":\"pt-PT\"}]}<\/script>\n<!-- \/ Yoast SEO plugin. -->","yoast_head_json":{"title":"Blusa Ferrache - Guibutik","robots":{"index":"index","follow":"follow","max-snippet":"max-snippet:-1","max-image-preview":"max-image-preview:large","max-video-preview":"max-video-preview:-1"},"canonical":"https:\/\/www.guibutik.pt\/loja\/produto\/blusa-ferrache-3\/","og_locale":"pt_PT","og_type":"article","og_title":"Blusa Ferrache - Guibutik","og_description":"Blusa feminina com estampado geom\u00e9trico marcante e design moderno. Apresenta colarinho cl\u00e1ssico e fecho frontal por bot\u00f5es, conferindo um toque elegante e vers\u00e1til. As mangas curtas e o corte ligeiramente solto garantem leveza e conforto, tornando-a ideal para os dias mais quentes. Uma pe\u00e7a pr\u00e1tica e sofisticada para looks do dia a dia com personalidade. [&hellip;]","og_url":"https:\/\/www.guibutik.pt\/loja\/produto\/blusa-ferrache-3\/","og_site_name":"Guibutik","article_publisher":"https:\/\/www.facebook.com\/guibutik\/","article_modified_time":"2026-05-11T11:38:46+00:00","og_image":[{"width":1707,"height":2560,"url":"https:\/\/www.guibutik.pt\/loja\/wp-content\/uploads\/2026\/03\/16608-scaled.jpg","type":"image\/jpeg"}],"twitter_card":"summary_large_image","twitter_misc":{"Tempo estimado de leitura":"1 minuto"},"schema":{"@context":"https:\/\/schema.org","@graph":[{"@type":"WebPage","@id":"https:\/\/www.guibutik.pt\/loja\/produto\/blusa-ferrache-3\/","url":"https:\/\/www.guibutik.pt\/loja\/produto\/blusa-ferrache-3\/","name":"Blusa Ferrache - Guibutik","isPartOf":{"@id":"https:\/\/www.guibutik.pt\/loja\/#website"},"primaryImageOfPage":{"@id":"https:\/\/www.guibutik.pt\/loja\/produto\/blusa-ferrache-3\/#primaryimage"},"image":{"@id":"https:\/\/www.guibutik.pt\/loja\/produto\/blusa-ferrache-3\/#primaryimage"},"thumbnailUrl":"https:\/\/www.guibutik.pt\/loja\/wp-content\/uploads\/2026\/03\/16608-scaled.jpg","datePublished":"2026-03-31T15:42:38+00:00","dateModified":"2026-05-11T11:38:46+00:00","breadcrumb":{"@id":"https:\/\/www.guibutik.pt\/loja\/produto\/blusa-ferrache-3\/#breadcrumb"},"inLanguage":"pt-PT","potentialAction":[{"@type":"ReadAction","target":["https:\/\/www.guibutik.pt\/loja\/produto\/blusa-ferrache-3\/"]}]},{"@type":"ImageObject","inLanguage":"pt-PT","@id":"https:\/\/www.guibutik.pt\/loja\/produto\/blusa-ferrache-3\/#primaryimage","url":"https:\/\/www.guibutik.pt\/loja\/wp-content\/uploads\/2026\/03\/16608-scaled.jpg","contentUrl":"https:\/\/www.guibutik.pt\/loja\/wp-content\/uploads\/2026\/03\/16608-scaled.jpg","width":1707,"height":2560},{"@type":"BreadcrumbList","@id":"https:\/\/www.guibutik.pt\/loja\/produto\/blusa-ferrache-3\/#breadcrumb","itemListElement":[{"@type":"ListItem","position":1,"name":"In\u00edcio","item":"https:\/\/www.guibutik.pt\/loja\/"},{"@type":"ListItem","position":2,"name":"Loja","item":"https:\/\/www.guibutik.pt\/loja\/shop\/"},{"@type":"ListItem","position":3,"name":"Blusa Ferrache"}]},{"@type":"WebSite","@id":"https:\/\/www.guibutik.pt\/loja\/#website","url":"https:\/\/www.guibutik.pt\/loja\/","name":"Guibutik","description":"Moda e Sapataria","potentialAction":[{"@type":"SearchAction","target":{"@type":"EntryPoint","urlTemplate":"https:\/\/www.guibutik.pt\/loja\/?s={search_term_string}"},"query-input":{"@type":"PropertyValueSpecification","valueRequired":true,"valueName":"search_term_string"}}],"inLanguage":"pt-PT"}]}},"_links":{"self":[{"href":"https:\/\/www.guibutik.pt\/loja\/wp-json\/wp\/v2\/product\/85123","targetHints":{"allow":["GET"]}}],"collection":[{"href":"https:\/\/www.guibutik.pt\/loja\/wp-json\/wp\/v2\/product"}],"about":[{"href":"https:\/\/www.guibutik.pt\/loja\/wp-json\/wp\/v2\/types\/product"}],"replies":[{"embeddable":true,"href":"https:\/\/www.guibutik.pt\/loja\/wp-json\/wp\/v2\/comments?post=85123"}],"wp:featuredmedia":[{"embeddable":true,"href":"https:\/\/www.guibutik.pt\/loja\/wp-json\/wp\/v2\/media\/85140"}],"wp:attachment":[{"href":"https:\/\/www.guibutik.pt\/loja\/wp-json\/wp\/v2\/media?parent=85123"}],"wp:term":[{"taxonomy":"product_cat","embeddable":true,"href":"https:\/\/www.guibutik.pt\/loja\/wp-json\/wp\/v2\/product_cat?post=85123"},{"taxonomy":"product_tag","embeddable":true,"href":"https:\/\/www.guibutik.pt\/loja\/wp-json\/wp\/v2\/product_tag?post=85123"}],"curies":[{"name":"wp","href":"https:\/\/api.w.org\/{rel}","templated":true}]}}