{"id":85025,"date":"2026-03-28T19:23:16","date_gmt":"2026-03-28T18:23:16","guid":{"rendered":"https:\/\/www.guibutik.pt\/loja\/?post_type=product&#038;p=85025"},"modified":"2026-03-28T19:23:16","modified_gmt":"2026-03-28T18:23:16","slug":"polo-h-timberland-3","status":"publish","type":"product","link":"https:\/\/www.guibutik.pt\/loja\/produto\/polo-h-timberland-3\/","title":{"rendered":"Polo H Timberland"},"content":{"rendered":"<p>O nosso polo em piqu\u00e9 Millers River tem um corte regular, punhos canelados e um log\u00f3tipo da \u00e1rvore Timberland bordado. Al\u00e9m disso, \u00e9 feito em 100% algod\u00e3o biol\u00f3gico, usando m\u00e9todos que evitam o uso da maioria dos fertilizantes e pesticidas sint\u00e9ticos.<\/p>\n<ul class=\"space-y-4\">\n<li>\n<div class=\"group flex items-start gap-4\"><picture class=\"aspect-square w-full shrink-0\" data-test-id=\"base-picture\"><img loading=\"lazy\" decoding=\"async\" class=\"contain\" src=\"https:\/\/assets.timberland.eu\/image\/upload\/v1707277652\/BADGE-organic-content.png\" alt=\"Algod\u00e3o biol\u00f3gico \" width=\"52\" height=\"52\" \/><\/picture>\n<div class=\"grow space-y-1\">\n<p class=\"fw-bold\">Algod\u00e3o biol\u00f3gico<\/p>\n<div class=\"ws-pre-wrap\">O algod\u00e3o biol\u00f3gico utilizado pela Timberland \u00e9 proveniente de quintas que n\u00e3o utilizam sementes geneticamente modificadas e evitam o uso de pesticidas\/fertilizantes sint\u00e9ticos.<\/div>\n<\/div>\n<\/div>\n<div><\/div>\n<\/li>\n<\/ul>\n<div class=\"flex gap-2\"><span class=\"subtitle-4\">Detalhes e cuidados<\/span><\/div>\n<div id=\"base-collapse-v-0-38-4-content\" class=\"relative overflow-hidden duration\" role=\"region\" aria-labelledby=\"base-collapse-v-0-38-4\">\n<div class=\"\" data-test-id=\"vf-accordion-content\">\n<div class=\"pb-4 pt-2 body-3\">\n<ul class=\"grid list-disc gap-4 cols-2\" title=\"Detalhes e cuidados\" data-test-id=\"product-details-bulletin\">\n<li>Lavar \u00e0 m\u00e1quina a frio<\/li>\n<li>Lavar em separado<\/li>\n<li>Utilizar apenas lix\u00edvia sem cloro, se necess\u00e1rio.<\/li>\n<li>Secar na m\u00e1quina em programa lento<\/li>\n<li>Engomar a frio, se necess\u00e1rio<\/li>\n<li>N\u00e3o lavar a seco<\/li>\n<li>N\u00e3o passar a costura ou as decora\u00e7\u00f5es a ferro<\/li>\n<\/ul>\n<\/div>\n<div class=\"flex gap-2\"><span class=\"subtitle-4\">Caracter\u00edsticas<\/span><\/div>\n<div id=\"base-collapse-v-0-38-5-content\" class=\"relative overflow-hidden duration\" role=\"region\" aria-labelledby=\"base-collapse-v-0-38-5\">\n<div class=\"\" data-test-id=\"vf-accordion-content\">\n<div class=\"pb-4 pt-2 body-3\">\n<ul class=\"grid list-disc gap-4 cols-2\" title=\"Caracter\u00edsticas\" data-test-id=\"product-details-bulletin\">\n<li>Descri\u00e7\u00e3o do tecido: Malha<\/li>\n<li>Composi\u00e7\u00e3o do tecido: 100% algod\u00e3o<\/li>\n<li>Comprimento das costas no centro: 28,500&#8243; (72,4 cm)<\/li>\n<li>Peso: 265 gramas<\/li>\n<li>Log\u00f3tipo da \u00e1rvore bordado<\/li>\n<li>Abertura com bot\u00f5es<\/li>\n<li>100% algod\u00e3o biol\u00f3gico<\/li>\n<li>Corte regular<\/li>\n<li>Colarinho de polo<\/li>\n<li>Punhos canelados<\/li>\n<li>Tecido biol\u00f3gico<\/li>\n<li>Importadas<\/li>\n<\/ul>\n<\/div>\n<\/div>\n<\/div>\n<\/div>\n<\/div>\n","protected":false},"excerpt":{"rendered":"<p>O nosso polo em piqu\u00e9 Millers River tem um corte regular, punhos canelados e um log\u00f3tipo da \u00e1rvore Timberland bordado. Al\u00e9m disso, \u00e9 feito em 100% algod\u00e3o biol\u00f3gico, usando m\u00e9todos que evitam o uso da maioria dos fertilizantes e pesticidas sint\u00e9ticos. Algod\u00e3o biol\u00f3gico O algod\u00e3o biol\u00f3gico utilizado pela Timberland \u00e9 proveniente de quintas que n\u00e3o [&hellip;]<\/p>\n","protected":false},"featured_media":85030,"comment_status":"closed","ping_status":"closed","template":"","meta":[],"product_cat":[221,230],"product_tag":[],"class_list":{"0":"post-85025","1":"product","2":"type-product","3":"status-publish","4":"has-post-thumbnail","6":"product_cat-homem","7":"product_cat-polos","8":"ts_product_brand-timberland","10":"first","11":"instock","12":"shipping-taxable","13":"purchasable","14":"product-type-variable"},"yoast_head":"<!-- This site is optimized with the Yoast SEO plugin v27.4 - https:\/\/yoast.com\/product\/yoast-seo-wordpress\/ -->\n<title>Polo H Timberland - Guibutik<\/title>\n<meta name=\"robots\" content=\"index, follow, max-snippet:-1, max-image-preview:large, max-video-preview:-1\" \/>\n<link rel=\"canonical\" href=\"https:\/\/www.guibutik.pt\/loja\/produto\/polo-h-timberland-3\/\" \/>\n<meta property=\"og:locale\" content=\"pt_PT\" \/>\n<meta property=\"og:type\" content=\"article\" \/>\n<meta property=\"og:title\" content=\"Polo H Timberland - Guibutik\" \/>\n<meta property=\"og:description\" content=\"O nosso polo em piqu\u00e9 Millers River tem um corte regular, punhos canelados e um log\u00f3tipo da \u00e1rvore Timberland bordado. Al\u00e9m disso, \u00e9 feito em 100% algod\u00e3o biol\u00f3gico, usando m\u00e9todos que evitam o uso da maioria dos fertilizantes e pesticidas sint\u00e9ticos. Algod\u00e3o biol\u00f3gico O algod\u00e3o biol\u00f3gico utilizado pela Timberland \u00e9 proveniente de quintas que n\u00e3o [&hellip;]\" \/>\n<meta property=\"og:url\" content=\"https:\/\/www.guibutik.pt\/loja\/produto\/polo-h-timberland-3\/\" \/>\n<meta property=\"og:site_name\" content=\"Guibutik\" \/>\n<meta property=\"article:publisher\" content=\"https:\/\/www.facebook.com\/guibutik\/\" \/>\n<meta property=\"og:image\" content=\"https:\/\/www.guibutik.pt\/loja\/wp-content\/uploads\/2026\/03\/A6VDP-100-1.jpg\" \/>\n\t<meta property=\"og:image:width\" content=\"1300\" \/>\n\t<meta property=\"og:image:height\" content=\"1300\" \/>\n\t<meta property=\"og:image:type\" content=\"image\/jpeg\" \/>\n<meta name=\"twitter:card\" content=\"summary_large_image\" \/>\n<meta name=\"twitter:label1\" content=\"Tempo estimado de leitura\" \/>\n\t<meta name=\"twitter:data1\" content=\"2 minutos\" \/>\n<script type=\"application\/ld+json\" class=\"yoast-schema-graph\">{\"@context\":\"https:\\\/\\\/schema.org\",\"@graph\":[{\"@type\":\"WebPage\",\"@id\":\"https:\\\/\\\/www.guibutik.pt\\\/loja\\\/produto\\\/polo-h-timberland-3\\\/\",\"url\":\"https:\\\/\\\/www.guibutik.pt\\\/loja\\\/produto\\\/polo-h-timberland-3\\\/\",\"name\":\"Polo H Timberland - Guibutik\",\"isPartOf\":{\"@id\":\"https:\\\/\\\/www.guibutik.pt\\\/loja\\\/#website\"},\"primaryImageOfPage\":{\"@id\":\"https:\\\/\\\/www.guibutik.pt\\\/loja\\\/produto\\\/polo-h-timberland-3\\\/#primaryimage\"},\"image\":{\"@id\":\"https:\\\/\\\/www.guibutik.pt\\\/loja\\\/produto\\\/polo-h-timberland-3\\\/#primaryimage\"},\"thumbnailUrl\":\"https:\\\/\\\/www.guibutik.pt\\\/loja\\\/wp-content\\\/uploads\\\/2026\\\/03\\\/A6VDP-100-1.jpg\",\"datePublished\":\"2026-03-28T18:23:16+00:00\",\"breadcrumb\":{\"@id\":\"https:\\\/\\\/www.guibutik.pt\\\/loja\\\/produto\\\/polo-h-timberland-3\\\/#breadcrumb\"},\"inLanguage\":\"pt-PT\",\"potentialAction\":[{\"@type\":\"ReadAction\",\"target\":[\"https:\\\/\\\/www.guibutik.pt\\\/loja\\\/produto\\\/polo-h-timberland-3\\\/\"]}]},{\"@type\":\"ImageObject\",\"inLanguage\":\"pt-PT\",\"@id\":\"https:\\\/\\\/www.guibutik.pt\\\/loja\\\/produto\\\/polo-h-timberland-3\\\/#primaryimage\",\"url\":\"https:\\\/\\\/www.guibutik.pt\\\/loja\\\/wp-content\\\/uploads\\\/2026\\\/03\\\/A6VDP-100-1.jpg\",\"contentUrl\":\"https:\\\/\\\/www.guibutik.pt\\\/loja\\\/wp-content\\\/uploads\\\/2026\\\/03\\\/A6VDP-100-1.jpg\",\"width\":1300,\"height\":1300},{\"@type\":\"BreadcrumbList\",\"@id\":\"https:\\\/\\\/www.guibutik.pt\\\/loja\\\/produto\\\/polo-h-timberland-3\\\/#breadcrumb\",\"itemListElement\":[{\"@type\":\"ListItem\",\"position\":1,\"name\":\"In\u00edcio\",\"item\":\"https:\\\/\\\/www.guibutik.pt\\\/loja\\\/\"},{\"@type\":\"ListItem\",\"position\":2,\"name\":\"Loja\",\"item\":\"https:\\\/\\\/www.guibutik.pt\\\/loja\\\/shop\\\/\"},{\"@type\":\"ListItem\",\"position\":3,\"name\":\"Polo H Timberland\"}]},{\"@type\":\"WebSite\",\"@id\":\"https:\\\/\\\/www.guibutik.pt\\\/loja\\\/#website\",\"url\":\"https:\\\/\\\/www.guibutik.pt\\\/loja\\\/\",\"name\":\"Guibutik\",\"description\":\"Moda e Sapataria\",\"potentialAction\":[{\"@type\":\"SearchAction\",\"target\":{\"@type\":\"EntryPoint\",\"urlTemplate\":\"https:\\\/\\\/www.guibutik.pt\\\/loja\\\/?s={search_term_string}\"},\"query-input\":{\"@type\":\"PropertyValueSpecification\",\"valueRequired\":true,\"valueName\":\"search_term_string\"}}],\"inLanguage\":\"pt-PT\"}]}<\/script>\n<!-- \/ Yoast SEO plugin. -->","yoast_head_json":{"title":"Polo H Timberland - Guibutik","robots":{"index":"index","follow":"follow","max-snippet":"max-snippet:-1","max-image-preview":"max-image-preview:large","max-video-preview":"max-video-preview:-1"},"canonical":"https:\/\/www.guibutik.pt\/loja\/produto\/polo-h-timberland-3\/","og_locale":"pt_PT","og_type":"article","og_title":"Polo H Timberland - Guibutik","og_description":"O nosso polo em piqu\u00e9 Millers River tem um corte regular, punhos canelados e um log\u00f3tipo da \u00e1rvore Timberland bordado. Al\u00e9m disso, \u00e9 feito em 100% algod\u00e3o biol\u00f3gico, usando m\u00e9todos que evitam o uso da maioria dos fertilizantes e pesticidas sint\u00e9ticos. Algod\u00e3o biol\u00f3gico O algod\u00e3o biol\u00f3gico utilizado pela Timberland \u00e9 proveniente de quintas que n\u00e3o [&hellip;]","og_url":"https:\/\/www.guibutik.pt\/loja\/produto\/polo-h-timberland-3\/","og_site_name":"Guibutik","article_publisher":"https:\/\/www.facebook.com\/guibutik\/","og_image":[{"width":1300,"height":1300,"url":"https:\/\/www.guibutik.pt\/loja\/wp-content\/uploads\/2026\/03\/A6VDP-100-1.jpg","type":"image\/jpeg"}],"twitter_card":"summary_large_image","twitter_misc":{"Tempo estimado de leitura":"2 minutos"},"schema":{"@context":"https:\/\/schema.org","@graph":[{"@type":"WebPage","@id":"https:\/\/www.guibutik.pt\/loja\/produto\/polo-h-timberland-3\/","url":"https:\/\/www.guibutik.pt\/loja\/produto\/polo-h-timberland-3\/","name":"Polo H Timberland - Guibutik","isPartOf":{"@id":"https:\/\/www.guibutik.pt\/loja\/#website"},"primaryImageOfPage":{"@id":"https:\/\/www.guibutik.pt\/loja\/produto\/polo-h-timberland-3\/#primaryimage"},"image":{"@id":"https:\/\/www.guibutik.pt\/loja\/produto\/polo-h-timberland-3\/#primaryimage"},"thumbnailUrl":"https:\/\/www.guibutik.pt\/loja\/wp-content\/uploads\/2026\/03\/A6VDP-100-1.jpg","datePublished":"2026-03-28T18:23:16+00:00","breadcrumb":{"@id":"https:\/\/www.guibutik.pt\/loja\/produto\/polo-h-timberland-3\/#breadcrumb"},"inLanguage":"pt-PT","potentialAction":[{"@type":"ReadAction","target":["https:\/\/www.guibutik.pt\/loja\/produto\/polo-h-timberland-3\/"]}]},{"@type":"ImageObject","inLanguage":"pt-PT","@id":"https:\/\/www.guibutik.pt\/loja\/produto\/polo-h-timberland-3\/#primaryimage","url":"https:\/\/www.guibutik.pt\/loja\/wp-content\/uploads\/2026\/03\/A6VDP-100-1.jpg","contentUrl":"https:\/\/www.guibutik.pt\/loja\/wp-content\/uploads\/2026\/03\/A6VDP-100-1.jpg","width":1300,"height":1300},{"@type":"BreadcrumbList","@id":"https:\/\/www.guibutik.pt\/loja\/produto\/polo-h-timberland-3\/#breadcrumb","itemListElement":[{"@type":"ListItem","position":1,"name":"In\u00edcio","item":"https:\/\/www.guibutik.pt\/loja\/"},{"@type":"ListItem","position":2,"name":"Loja","item":"https:\/\/www.guibutik.pt\/loja\/shop\/"},{"@type":"ListItem","position":3,"name":"Polo H Timberland"}]},{"@type":"WebSite","@id":"https:\/\/www.guibutik.pt\/loja\/#website","url":"https:\/\/www.guibutik.pt\/loja\/","name":"Guibutik","description":"Moda e Sapataria","potentialAction":[{"@type":"SearchAction","target":{"@type":"EntryPoint","urlTemplate":"https:\/\/www.guibutik.pt\/loja\/?s={search_term_string}"},"query-input":{"@type":"PropertyValueSpecification","valueRequired":true,"valueName":"search_term_string"}}],"inLanguage":"pt-PT"}]}},"_links":{"self":[{"href":"https:\/\/www.guibutik.pt\/loja\/wp-json\/wp\/v2\/product\/85025","targetHints":{"allow":["GET"]}}],"collection":[{"href":"https:\/\/www.guibutik.pt\/loja\/wp-json\/wp\/v2\/product"}],"about":[{"href":"https:\/\/www.guibutik.pt\/loja\/wp-json\/wp\/v2\/types\/product"}],"replies":[{"embeddable":true,"href":"https:\/\/www.guibutik.pt\/loja\/wp-json\/wp\/v2\/comments?post=85025"}],"wp:featuredmedia":[{"embeddable":true,"href":"https:\/\/www.guibutik.pt\/loja\/wp-json\/wp\/v2\/media\/85030"}],"wp:attachment":[{"href":"https:\/\/www.guibutik.pt\/loja\/wp-json\/wp\/v2\/media?parent=85025"}],"wp:term":[{"taxonomy":"product_cat","embeddable":true,"href":"https:\/\/www.guibutik.pt\/loja\/wp-json\/wp\/v2\/product_cat?post=85025"},{"taxonomy":"product_tag","embeddable":true,"href":"https:\/\/www.guibutik.pt\/loja\/wp-json\/wp\/v2\/product_tag?post=85025"}],"curies":[{"name":"wp","href":"https:\/\/api.w.org\/{rel}","templated":true}]}}