{"id":84564,"date":"2026-03-27T11:21:41","date_gmt":"2026-03-27T10:21:41","guid":{"rendered":"https:\/\/www.guibutik.pt\/loja\/?post_type=product&#038;p=84564"},"modified":"2026-03-27T11:21:41","modified_gmt":"2026-03-27T10:21:41","slug":"casaco-the-north-face-2","status":"publish","type":"product","link":"https:\/\/www.guibutik.pt\/loja\/produto\/casaco-the-north-face-2\/","title":{"rendered":"Casaco The North Face"},"content":{"rendered":"<p>Corte normal. O nosso modelo mede 188 cm e veste o tamanho M<\/p>\n<ul class=\"space-y-4\">\n<li style=\"list-style-type: none;\">\n<ul class=\"space-y-4\">\n<li>\n<div class=\"group flex items-start gap-4\"><picture class=\"aspect-square w-full shrink-0\" data-test-id=\"base-picture\"><img loading=\"lazy\" decoding=\"async\" class=\"contain\" src=\"https:\/\/assets.thenorthface.eu\/image\/upload\/v1728567335\/benefit-icon-breathable.webp\" alt=\"Respir\u00e1vel\" width=\"52\" height=\"52\" \/><\/picture>\n<div class=\"grow space-y-1\">\n<p class=\"fw-bold title-5\">Respir\u00e1vel<\/p>\n<div class=\"ws-pre-wrap subtitle-4\">A nossa tecnologia de tecido exclusiva permite que o ar passe atrav\u00e9s do tecido, ajudando a regular a temperatura corporal e a manter o corpo fresco durante mais tempo.<\/div>\n<\/div>\n<\/div>\n<\/li>\n<li>\n<div class=\"group flex items-start gap-4\"><picture class=\"aspect-square w-full shrink-0\" data-test-id=\"base-picture\"><img loading=\"lazy\" decoding=\"async\" class=\"contain\" src=\"https:\/\/assets.thenorthface.eu\/image\/upload\/v1728567345\/benefit-icon-recycled.webp\" alt=\"Material reciclado\" width=\"52\" height=\"52\" \/><\/picture>\n<div class=\"grow space-y-1\">\n<p class=\"fw-bold title-5\">Material reciclado<\/p>\n<div class=\"ws-pre-wrap subtitle-4\">Este produto \u00e9 fabricado com materiais reciclados, o que ajuda a reduzir os res\u00edduos depositados em aterros e a minimizar o seu impacto na natureza.<\/div>\n<\/div>\n<\/div>\n<\/li>\n<li>\n<div class=\"group flex items-start gap-4\"><picture class=\"aspect-square w-full shrink-0\" data-test-id=\"base-picture\"><img loading=\"lazy\" decoding=\"async\" class=\"contain\" src=\"https:\/\/assets.thenorthface.eu\/image\/upload\/v1728567351\/benefit-icon-waterproof.webp\" alt=\"Imperme\u00e1vel\" width=\"52\" height=\"52\" \/><\/picture>\n<div class=\"grow space-y-1\">\n<p class=\"fw-bold title-5\">Imperme\u00e1vel<\/p>\n<div class=\"ws-pre-wrap subtitle-4\">Este tecido cria uma barreira impenetr\u00e1vel \u00e0 chuva e \u00e0 neve, mantendo o corpo totalmente seco.<\/div>\n<\/div>\n<\/div>\n<\/li>\n<li>\n<div class=\"group flex items-start gap-4\"><picture class=\"aspect-square w-full shrink-0\" data-test-id=\"base-picture\"><img loading=\"lazy\" decoding=\"async\" class=\"contain\" src=\"https:\/\/assets.thenorthface.eu\/image\/upload\/v1728567352\/benefit-icon-wind_resistant.webp\" alt=\"Prote\u00e7\u00e3o contra o vento\" width=\"52\" height=\"52\" \/><\/picture>\n<div class=\"grow space-y-1\">\n<p class=\"fw-bold title-5\">Prote\u00e7\u00e3o contra o vento<\/p>\n<div class=\"ws-pre-wrap subtitle-4\">Este tecido bloqueia a penetra\u00e7\u00e3o do vento na pe\u00e7a de vestu\u00e1rio, reduzindo amplamente os efeitos do vento frio.<\/div>\n<\/div>\n<\/div>\n<div><\/div>\n<\/li>\n<li>\n<div class=\"group flex items-start gap-4\">\n<div class=\"grow space-y-1\">\n<p class=\"fw-bold title-5\">Ajuste normal: esta pe\u00e7a de vestu\u00e1rio corresponde ao tamanho, para um ajuste f\u00e1cil e confort\u00e1vel.<\/p>\n<div class=\"ws-pre-wrap subtitle-4\">Quer fa\u00e7as caminhadas por trilhos de terra ou passeies por cima de rochas, n\u00e3o deixes que as condi\u00e7\u00f5es meteorol\u00f3gicas te limitem. Com uma camada imperme\u00e1vel DryVent\u2122, o casaco Antora repele o vento e a chuva para te deixar confort\u00e1vel, seco e quente. Os bolsos para as m\u00e3os com fecho de correr s\u00e3o perfeitos para guardar o essencial. O capuz \u00e9 ajust\u00e1vel para proteger a cabe\u00e7a dos elementos. E n\u00e3o \u00e9 tudo, uma vez que este casaco \u00e9 fabricado de materiais reciclados, minimizando o seu impacto no ambiente.<\/div>\n<\/div>\n<\/div>\n<\/li>\n<li>DryVent\u2122 de tr\u00eas camadas imperme\u00e1vel, respir\u00e1vel, com costuras seladas e com acabamento DWR sem PFC que ajuda a manter o corpo seco<\/li>\n<li>Tecido \u00e0 prova de vento<\/li>\n<li>Design de estilo alpino com bolsos para as m\u00e3os com fecho de correr seguro<\/li>\n<li>Capuz de tr\u00eas pe\u00e7as fixo e ajust\u00e1vel com cord\u00e3o e bloqueios de cord\u00e3o<\/li>\n<li>Aba para intemp\u00e9ries com fecho por velcro que tapa o fecho de correr frontal<\/li>\n<li>Punhos el\u00e1sticos encapsulados<\/li>\n<li>Cord\u00e3o interno com bloqueio do cord\u00e3o na bainha para ajuste<\/li>\n<li>Log\u00f3tipo de transfer\u00eancia t\u00e9rmica no peito \u00e0 esquerda e no ombro direito atr\u00e1s<\/li>\n<li>\n<dl class=\"grid gap-y-4\" title=\"Detalhes\">\n<dt class=\"pr-2 fw-bold\">Tecido &#8211; corpo<\/dt>\n<dd>111 g\/m\u00b2, DryVent\u2122 de duas camadas &#8211; 100% nylon reciclado antirrasg\u00f5es com acabamento hidrorrepelente duradouro sem PFC (DWR sem PFC)<\/dd>\n<dt class=\"pr-2 fw-bold\">Tecido &#8211; forro do corpo<\/dt>\n<dd>50 g\/m\u00b2, 100% malha de poli\u00e9ster reciclado<\/dd>\n<dt class=\"pr-2 fw-bold\">Tecido &#8211; forro do capuz, mangas e bolsos<\/dt>\n<dd>66 g\/m\u00b2, 100% tafet\u00e1 de poli\u00e9ster reciclado<\/dd>\n<dt class=\"pr-2 fw-bold\">Centro das costas<\/dt>\n<dd>73,66 cm<\/dd>\n<\/dl>\n<\/li>\n<\/ul>\n<\/li>\n<\/ul>\n<ul class=\"space-y-4\">\n<li>\n<div class=\"group flex items-start gap-4\">\n<div class=\"grow space-y-1\">\n<p class=\"fw-bold title-5\">DRYVENT\u2122<\/p>\n<div class=\"ws-pre-wrap subtitle-4\">O tecido DryVent\u2122 de duas e tr\u00eas camadas, de costuras seladas, foi concebido para ser imperme\u00e1vel, \u00e0 prova de vento e respir\u00e1vel.<\/div>\n<\/div>\n<\/div>\n<div><\/div>\n<\/li>\n<\/ul>\n<p>Cuidados:<\/p>\n<ul class=\"space-y-4\">\n<li>\n<div class=\"group flex items-start gap-4\"><picture class=\"aspect-square w-full shrink-0\" data-test-id=\"base-picture\"><img loading=\"lazy\" decoding=\"async\" class=\"contain\" src=\"https:\/\/assets.thenorthface.eu\/image\/upload\/v1728567299\/Howtocare_icon_CloseAllFastenings.avif\" alt=\"Fechar todos os fechos\" width=\"52\" height=\"52\" \/><\/picture>\n<div class=\"grow space-y-1\">\n<p class=\"fw-bold title-5\">Fechar todos os fechos<\/p>\n<div class=\"ws-pre-wrap subtitle-4\">Antes de limpar, virar o produto do avesso e fechar todos os fechos de correr e fechos de Velcro\u00ae para evitar danos acidentais.<\/div>\n<\/div>\n<\/div>\n<\/li>\n<li>\n<div class=\"group flex items-start gap-4\"><picture class=\"aspect-square w-full shrink-0\" data-test-id=\"base-picture\"><img loading=\"lazy\" decoding=\"async\" class=\"contain\" src=\"https:\/\/assets.thenorthface.eu\/image\/upload\/v1754580635\/Howtocare_icon_RetreatTheGarment.webp\" alt=\"Tratar novamente a pe\u00e7a de roupa\" width=\"52\" height=\"52\" \/><\/picture>\n<div class=\"grow space-y-1\">\n<p class=\"fw-bold title-5\">Tratar novamente a pe\u00e7a de roupa<\/p>\n<div class=\"ws-pre-wrap subtitle-4\">Para prolongar a vida \u00fatil do equipamento \u00e0 prova de intemp\u00e9ries, a pe\u00e7a de vestu\u00e1rio ter\u00e1 de ser novamente tratada para substituir o revestimento imperme\u00e1vel ap\u00f3s uma determinada quantidade de lavagens. Se reparar que a \u00e1gua n\u00e3o est\u00e1 a ser repelida como quando comprou a pe\u00e7a de vestu\u00e1rio, talvez seja altura de realizar um novo tratamento. O revestimento imperme\u00e1vel e duradouro (DWR) pode ser substitu\u00eddo por um produto pulverizado ou para aplicar durante a lavagem seguindo cuidadosamente as instru\u00e7\u00f5es.<\/div>\n<\/div>\n<\/div>\n<\/li>\n<li>\n<div class=\"group flex items-start gap-4\"><picture class=\"aspect-square w-full shrink-0\" data-test-id=\"base-picture\"><img loading=\"lazy\" decoding=\"async\" class=\"contain\" src=\"https:\/\/assets.thenorthface.eu\/image\/upload\/v1728567298\/Howtocare_icon_CheckBeforeWashing.webp\" alt=\"Verificar antes da lavagem\" width=\"52\" height=\"52\" \/><\/picture>\n<div class=\"grow space-y-1\">\n<p class=\"fw-bold title-5\">Verificar antes da lavagem<\/p>\n<div class=\"ws-pre-wrap subtitle-4\">Verificar cuidadosamente a etiqueta dentro da pe\u00e7a antes de a lavar.<\/div>\n<\/div>\n<\/div>\n<\/li>\n<li>\n<div class=\"group flex items-start gap-4\"><picture class=\"aspect-square w-full shrink-0\" data-test-id=\"base-picture\"><img loading=\"lazy\" decoding=\"async\" class=\"contain\" src=\"https:\/\/assets.thenorthface.eu\/image\/upload\/v1728567299\/Howtocare_icon_MachineWashable.webp\" alt=\"Lav\u00e1vel \u00e0 m\u00e1quina\" width=\"52\" height=\"52\" \/><\/picture>\n<div class=\"grow space-y-1\">\n<p class=\"fw-bold title-5\">Lav\u00e1vel \u00e0 m\u00e1quina<\/p>\n<div class=\"ws-pre-wrap subtitle-4\">Lavar \u00e0 m\u00e1quina a 40 \u00b0C ou abaixo com cores semelhantes. Para obter o melhor desempenho do equipamento, lavar com a frequ\u00eancia necess\u00e1ria para remover impurezas, tais como suor, sujidade, fumo de fogueira e odores alimentos cozinhados.<\/div>\n<\/div>\n<\/div>\n<\/li>\n<\/ul>\n","protected":false},"excerpt":{"rendered":"<p>Corte normal. O nosso modelo mede 188 cm e veste o tamanho M Respir\u00e1vel A nossa tecnologia de tecido exclusiva permite que o ar passe atrav\u00e9s do tecido, ajudando a regular a temperatura corporal e a manter o corpo fresco durante mais tempo. Material reciclado Este produto \u00e9 fabricado com materiais reciclados, o que ajuda [&hellip;]<\/p>\n","protected":false},"featured_media":84570,"comment_status":"closed","ping_status":"closed","template":"","meta":[],"product_cat":[223,221],"product_tag":[],"class_list":{"0":"post-84564","1":"product","2":"type-product","3":"status-publish","4":"has-post-thumbnail","6":"product_cat-casacos","7":"product_cat-homem","8":"ts_product_brand-the-north-face","10":"first","11":"instock","12":"shipping-taxable","13":"purchasable","14":"product-type-variable"},"yoast_head":"<!-- This site is optimized with the Yoast SEO plugin v27.6 - https:\/\/yoast.com\/product\/yoast-seo-wordpress\/ -->\n<title>Casaco The North Face - Guibutik<\/title>\n<meta name=\"robots\" content=\"index, follow, max-snippet:-1, max-image-preview:large, max-video-preview:-1\" \/>\n<link rel=\"canonical\" href=\"https:\/\/www.guibutik.pt\/loja\/produto\/casaco-the-north-face-2\/\" \/>\n<meta property=\"og:locale\" content=\"pt_PT\" \/>\n<meta property=\"og:type\" content=\"article\" \/>\n<meta property=\"og:title\" content=\"Casaco The North Face - Guibutik\" \/>\n<meta property=\"og:description\" content=\"Corte normal. O nosso modelo mede 188 cm e veste o tamanho M Respir\u00e1vel A nossa tecnologia de tecido exclusiva permite que o ar passe atrav\u00e9s do tecido, ajudando a regular a temperatura corporal e a manter o corpo fresco durante mais tempo. Material reciclado Este produto \u00e9 fabricado com materiais reciclados, o que ajuda [&hellip;]\" \/>\n<meta property=\"og:url\" content=\"https:\/\/www.guibutik.pt\/loja\/produto\/casaco-the-north-face-2\/\" \/>\n<meta property=\"og:site_name\" content=\"Guibutik\" \/>\n<meta property=\"article:publisher\" content=\"https:\/\/www.facebook.com\/guibutik\/\" \/>\n<meta property=\"og:image\" content=\"https:\/\/www.guibutik.pt\/loja\/wp-content\/uploads\/2026\/03\/A7QEY.jpg\" \/>\n\t<meta property=\"og:image:width\" content=\"924\" \/>\n\t<meta property=\"og:image:height\" content=\"924\" \/>\n\t<meta property=\"og:image:type\" content=\"image\/jpeg\" \/>\n<meta name=\"twitter:card\" content=\"summary_large_image\" \/>\n<meta name=\"twitter:label1\" content=\"Tempo estimado de leitura\" \/>\n\t<meta name=\"twitter:data1\" content=\"5 minutos\" \/>\n<script type=\"application\/ld+json\" class=\"yoast-schema-graph\">{\"@context\":\"https:\\\/\\\/schema.org\",\"@graph\":[{\"@type\":\"WebPage\",\"@id\":\"https:\\\/\\\/www.guibutik.pt\\\/loja\\\/produto\\\/casaco-the-north-face-2\\\/\",\"url\":\"https:\\\/\\\/www.guibutik.pt\\\/loja\\\/produto\\\/casaco-the-north-face-2\\\/\",\"name\":\"Casaco The North Face - Guibutik\",\"isPartOf\":{\"@id\":\"https:\\\/\\\/www.guibutik.pt\\\/loja\\\/#website\"},\"primaryImageOfPage\":{\"@id\":\"https:\\\/\\\/www.guibutik.pt\\\/loja\\\/produto\\\/casaco-the-north-face-2\\\/#primaryimage\"},\"image\":{\"@id\":\"https:\\\/\\\/www.guibutik.pt\\\/loja\\\/produto\\\/casaco-the-north-face-2\\\/#primaryimage\"},\"thumbnailUrl\":\"https:\\\/\\\/www.guibutik.pt\\\/loja\\\/wp-content\\\/uploads\\\/2026\\\/03\\\/A7QEY.jpg\",\"datePublished\":\"2026-03-27T10:21:41+00:00\",\"breadcrumb\":{\"@id\":\"https:\\\/\\\/www.guibutik.pt\\\/loja\\\/produto\\\/casaco-the-north-face-2\\\/#breadcrumb\"},\"inLanguage\":\"pt-PT\",\"potentialAction\":[{\"@type\":\"ReadAction\",\"target\":[\"https:\\\/\\\/www.guibutik.pt\\\/loja\\\/produto\\\/casaco-the-north-face-2\\\/\"]}]},{\"@type\":\"ImageObject\",\"inLanguage\":\"pt-PT\",\"@id\":\"https:\\\/\\\/www.guibutik.pt\\\/loja\\\/produto\\\/casaco-the-north-face-2\\\/#primaryimage\",\"url\":\"https:\\\/\\\/www.guibutik.pt\\\/loja\\\/wp-content\\\/uploads\\\/2026\\\/03\\\/A7QEY.jpg\",\"contentUrl\":\"https:\\\/\\\/www.guibutik.pt\\\/loja\\\/wp-content\\\/uploads\\\/2026\\\/03\\\/A7QEY.jpg\",\"width\":924,\"height\":924},{\"@type\":\"BreadcrumbList\",\"@id\":\"https:\\\/\\\/www.guibutik.pt\\\/loja\\\/produto\\\/casaco-the-north-face-2\\\/#breadcrumb\",\"itemListElement\":[{\"@type\":\"ListItem\",\"position\":1,\"name\":\"In\u00edcio\",\"item\":\"https:\\\/\\\/www.guibutik.pt\\\/loja\\\/\"},{\"@type\":\"ListItem\",\"position\":2,\"name\":\"Loja\",\"item\":\"https:\\\/\\\/www.guibutik.pt\\\/loja\\\/shop\\\/\"},{\"@type\":\"ListItem\",\"position\":3,\"name\":\"Casaco The North Face\"}]},{\"@type\":\"WebSite\",\"@id\":\"https:\\\/\\\/www.guibutik.pt\\\/loja\\\/#website\",\"url\":\"https:\\\/\\\/www.guibutik.pt\\\/loja\\\/\",\"name\":\"Guibutik\",\"description\":\"Moda e Sapataria\",\"potentialAction\":[{\"@type\":\"SearchAction\",\"target\":{\"@type\":\"EntryPoint\",\"urlTemplate\":\"https:\\\/\\\/www.guibutik.pt\\\/loja\\\/?s={search_term_string}\"},\"query-input\":{\"@type\":\"PropertyValueSpecification\",\"valueRequired\":true,\"valueName\":\"search_term_string\"}}],\"inLanguage\":\"pt-PT\"}]}<\/script>\n<!-- \/ Yoast SEO plugin. -->","yoast_head_json":{"title":"Casaco The North Face - Guibutik","robots":{"index":"index","follow":"follow","max-snippet":"max-snippet:-1","max-image-preview":"max-image-preview:large","max-video-preview":"max-video-preview:-1"},"canonical":"https:\/\/www.guibutik.pt\/loja\/produto\/casaco-the-north-face-2\/","og_locale":"pt_PT","og_type":"article","og_title":"Casaco The North Face - Guibutik","og_description":"Corte normal. O nosso modelo mede 188 cm e veste o tamanho M Respir\u00e1vel A nossa tecnologia de tecido exclusiva permite que o ar passe atrav\u00e9s do tecido, ajudando a regular a temperatura corporal e a manter o corpo fresco durante mais tempo. Material reciclado Este produto \u00e9 fabricado com materiais reciclados, o que ajuda [&hellip;]","og_url":"https:\/\/www.guibutik.pt\/loja\/produto\/casaco-the-north-face-2\/","og_site_name":"Guibutik","article_publisher":"https:\/\/www.facebook.com\/guibutik\/","og_image":[{"width":924,"height":924,"url":"https:\/\/www.guibutik.pt\/loja\/wp-content\/uploads\/2026\/03\/A7QEY.jpg","type":"image\/jpeg"}],"twitter_card":"summary_large_image","twitter_misc":{"Tempo estimado de leitura":"5 minutos"},"schema":{"@context":"https:\/\/schema.org","@graph":[{"@type":"WebPage","@id":"https:\/\/www.guibutik.pt\/loja\/produto\/casaco-the-north-face-2\/","url":"https:\/\/www.guibutik.pt\/loja\/produto\/casaco-the-north-face-2\/","name":"Casaco The North Face - Guibutik","isPartOf":{"@id":"https:\/\/www.guibutik.pt\/loja\/#website"},"primaryImageOfPage":{"@id":"https:\/\/www.guibutik.pt\/loja\/produto\/casaco-the-north-face-2\/#primaryimage"},"image":{"@id":"https:\/\/www.guibutik.pt\/loja\/produto\/casaco-the-north-face-2\/#primaryimage"},"thumbnailUrl":"https:\/\/www.guibutik.pt\/loja\/wp-content\/uploads\/2026\/03\/A7QEY.jpg","datePublished":"2026-03-27T10:21:41+00:00","breadcrumb":{"@id":"https:\/\/www.guibutik.pt\/loja\/produto\/casaco-the-north-face-2\/#breadcrumb"},"inLanguage":"pt-PT","potentialAction":[{"@type":"ReadAction","target":["https:\/\/www.guibutik.pt\/loja\/produto\/casaco-the-north-face-2\/"]}]},{"@type":"ImageObject","inLanguage":"pt-PT","@id":"https:\/\/www.guibutik.pt\/loja\/produto\/casaco-the-north-face-2\/#primaryimage","url":"https:\/\/www.guibutik.pt\/loja\/wp-content\/uploads\/2026\/03\/A7QEY.jpg","contentUrl":"https:\/\/www.guibutik.pt\/loja\/wp-content\/uploads\/2026\/03\/A7QEY.jpg","width":924,"height":924},{"@type":"BreadcrumbList","@id":"https:\/\/www.guibutik.pt\/loja\/produto\/casaco-the-north-face-2\/#breadcrumb","itemListElement":[{"@type":"ListItem","position":1,"name":"In\u00edcio","item":"https:\/\/www.guibutik.pt\/loja\/"},{"@type":"ListItem","position":2,"name":"Loja","item":"https:\/\/www.guibutik.pt\/loja\/shop\/"},{"@type":"ListItem","position":3,"name":"Casaco The North Face"}]},{"@type":"WebSite","@id":"https:\/\/www.guibutik.pt\/loja\/#website","url":"https:\/\/www.guibutik.pt\/loja\/","name":"Guibutik","description":"Moda e Sapataria","potentialAction":[{"@type":"SearchAction","target":{"@type":"EntryPoint","urlTemplate":"https:\/\/www.guibutik.pt\/loja\/?s={search_term_string}"},"query-input":{"@type":"PropertyValueSpecification","valueRequired":true,"valueName":"search_term_string"}}],"inLanguage":"pt-PT"}]}},"_links":{"self":[{"href":"https:\/\/www.guibutik.pt\/loja\/wp-json\/wp\/v2\/product\/84564","targetHints":{"allow":["GET"]}}],"collection":[{"href":"https:\/\/www.guibutik.pt\/loja\/wp-json\/wp\/v2\/product"}],"about":[{"href":"https:\/\/www.guibutik.pt\/loja\/wp-json\/wp\/v2\/types\/product"}],"replies":[{"embeddable":true,"href":"https:\/\/www.guibutik.pt\/loja\/wp-json\/wp\/v2\/comments?post=84564"}],"wp:featuredmedia":[{"embeddable":true,"href":"https:\/\/www.guibutik.pt\/loja\/wp-json\/wp\/v2\/media\/84570"}],"wp:attachment":[{"href":"https:\/\/www.guibutik.pt\/loja\/wp-json\/wp\/v2\/media?parent=84564"}],"wp:term":[{"taxonomy":"product_cat","embeddable":true,"href":"https:\/\/www.guibutik.pt\/loja\/wp-json\/wp\/v2\/product_cat?post=84564"},{"taxonomy":"product_tag","embeddable":true,"href":"https:\/\/www.guibutik.pt\/loja\/wp-json\/wp\/v2\/product_tag?post=84564"}],"curies":[{"name":"wp","href":"https:\/\/api.w.org\/{rel}","templated":true}]}}