{"id":84488,"date":"2026-03-27T10:21:06","date_gmt":"2026-03-27T09:21:06","guid":{"rendered":"https:\/\/www.guibutik.pt\/loja\/?post_type=product&#038;p=84488"},"modified":"2026-03-27T10:21:07","modified_gmt":"2026-03-27T09:21:07","slug":"tira-colo-the-north-face","status":"publish","type":"product","link":"https:\/\/www.guibutik.pt\/loja\/produto\/tira-colo-the-north-face\/","title":{"rendered":"Tira colo The North Face"},"content":{"rendered":"<ul class=\"space-y-4\">\n<li>\n<div class=\"group flex items-start gap-4\">\n<div class=\"grow space-y-1\">\n<p class=\"fw-bold title-5\">Formato compacto: compacta e leve para transportar pequenos objetos e essenciais.<\/p>\n<div class=\"ws-pre-wrap subtitle-4\">A bolsa de tiracolo Jester foi concebida para guardar em seguran\u00e7a o essencial, como o telefone, cart\u00f5es e dinheiro. Gra\u00e7as ao seu inteligente sistema el\u00e1stico, fixa artigos maiores e mais volumosos, mantendo-os firmemente no lugar. E a al\u00e7a de ombro ajust\u00e1vel significa que podes usar esta bolsa em todo o corpo ou sobre o ombro, dependendo do que necessitas. Escolhe de entre uma ampla gama de cores e estampados para se adequar ao teu estilo.<\/div>\n<\/div>\n<\/div>\n<\/li>\n<\/ul>\n<p>Compacto. 2,3 Litros. 15.2 cm x 6.4 cm x 20.7 cm<\/p>\n<ul class=\"space-y-4\">\n<li style=\"list-style-type: none;\">\n<ul class=\"space-y-4\">\n<li>\n<div class=\"group flex items-start gap-4\"><picture class=\"aspect-square w-full shrink-0\" data-test-id=\"base-picture\"><img loading=\"lazy\" decoding=\"async\" class=\"contain\" src=\"https:\/\/assets.thenorthface.eu\/image\/upload\/v1728567339\/benefit-icon-fabric_DWR.webp\" alt=\"DWR - Repelente de \u00e1gua\" width=\"52\" height=\"52\" \/><\/picture>\n<div class=\"grow space-y-1\">\n<p class=\"fw-bold title-5\">DWR &#8211; Repelente de \u00e1gua<\/p>\n<div class=\"ws-pre-wrap subtitle-4\">Um acabamento repelente de \u00e1gua duradouro proporciona protec\u00e7\u00e3o contra a humidade ligeira e a satura\u00e7\u00e3o do tecido.<\/div>\n<\/div>\n<\/div>\n<\/li>\n<li>\n<div class=\"group flex items-start gap-4\"><picture class=\"aspect-square w-full shrink-0\" data-test-id=\"base-picture\"><img loading=\"lazy\" decoding=\"async\" class=\"contain\" src=\"https:\/\/assets.thenorthface.eu\/image\/upload\/v1728567345\/benefit-icon-recycled.webp\" alt=\"Material reciclado\" width=\"52\" height=\"52\" \/><\/picture>\n<div class=\"grow space-y-1\">\n<p class=\"fw-bold title-5\">Material reciclado<\/p>\n<div class=\"ws-pre-wrap subtitle-4\">Este produto \u00e9 fabricado com materiais reciclados, o que ajuda a reduzir os res\u00edduos depositados em aterros e a minimizar o seu impacto na natureza.<\/div>\n<\/div>\n<\/div>\n<\/li>\n<li>\n<div class=\"group flex items-start gap-4\"><picture class=\"aspect-square w-full shrink-0\" data-test-id=\"base-picture\"><img loading=\"lazy\" decoding=\"async\" class=\"contain\" src=\"https:\/\/assets.thenorthface.eu\/image\/upload\/v1728567343\/benefit-icon-lightweight.webp\" alt=\"Leve\" width=\"52\" height=\"52\" \/><\/picture>\n<div class=\"grow space-y-1\">\n<p class=\"fw-bold title-5\">Leve<\/p>\n<div class=\"ws-pre-wrap subtitle-4\">Ideal para viagens com mochila, escalada, alpinismo e outras atividades onde a poupan\u00e7a de peso \u00e9 importante.<\/div>\n<\/div>\n<\/div>\n<\/li>\n<li>\n<div class=\"group flex items-start gap-4\"><picture class=\"aspect-square w-full shrink-0\" data-test-id=\"base-picture\"><img loading=\"lazy\" decoding=\"async\" class=\"contain\" src=\"https:\/\/assets.thenorthface.eu\/image\/upload\/v1728567344\/benefit-icon-organisation.jpg\" alt=\"Compartimento da organiza\u00e7\u00e3o\" width=\"52\" height=\"52\" \/><\/picture>\n<div class=\"grow space-y-1\">\n<p class=\"fw-bold title-5\">Compartimento da organiza\u00e7\u00e3o<\/p>\n<div class=\"ws-pre-wrap subtitle-4\">Mant\u00e9m os essenciais arrumados e seguros com os bolsos de organiza\u00e7\u00e3o internos.<\/div>\n<\/div>\n<\/div>\n<div><\/div>\n<\/li>\n<li>O sistema el\u00e1stico pode esticar e segurar artigos mais volumosos<\/li>\n<li>A al\u00e7a em rede ajust\u00e1vel permite o transporte tanto ao ombro como a tiracolo<\/li>\n<li>Grande compartimento central com um bolso para guardar os objetos de valor mais pequenos<\/li>\n<li>Dois bolsos externos para maior organiza\u00e7\u00e3o: um bolso com fecho de correr seguro na parte de tr\u00e1s e um bolso el\u00e1stico na parte da frente<\/li>\n<li>Detalhe refletor<\/li>\n<li>\n<dl class=\"grid gap-y-4\" title=\"Especifica\u00e7\u00f5es t\u00e9cnicas\">\n<dt class=\"pr-2 fw-bold\">Peso m\u00e9dio<\/dt>\n<dd>150 g<\/dd>\n<dt class=\"pr-2 fw-bold\">Capacidade<\/dt>\n<dd>2,3 litros<\/dd>\n<dt class=\"pr-2 fw-bold\">Dimens\u00f5es<\/dt>\n<dd>15,2 cm x 6,4 cm x 20,7 cm<\/dd>\n<\/dl>\n<\/li>\n<\/ul>\n<\/li>\n<\/ul>\n<dl class=\"grid gap-y-4\" title=\"Detalhes\">\n<dt class=\"pr-2 fw-bold\">Tecido &#8211; cores s\u00f3lidas<\/dt>\n<dd>poli\u00e9ster reciclado 600D com acabamento hidrorrepelente duradouro sem PFC (DWR sem PFC)<\/dd>\n<dt class=\"pr-2 fw-bold\">Tecido &#8211; parte mesclada e modelos m\u00e9lange<\/dt>\n<dd>poli\u00e9ster mesclado 300D com acabamento hidrorrepelente duradouro sem PFC (DWR sem PFC)<\/dd>\n<\/dl>\n<p>Cuidados:<\/p>\n<ul class=\"space-y-4\">\n<li>\n<div class=\"group flex items-start gap-4\"><picture class=\"aspect-square w-full shrink-0\" data-test-id=\"base-picture\"><img loading=\"lazy\" decoding=\"async\" class=\"contain\" src=\"https:\/\/assets.thenorthface.eu\/image\/upload\/v1728567301\/Howtocare_icon_SpotCleanOnly.webp\" alt=\"Apenas limpeza de manchas\" width=\"52\" height=\"52\" \/><\/picture>\n<div class=\"grow space-y-1\">\n<p class=\"fw-bold title-5\">Apenas limpeza de manchas<\/p>\n<div class=\"ws-pre-wrap subtitle-4\">A melhor forma de limpar a sua bolsa ou mochila \u00e9 limpar as zonas sujas com um pano h\u00famido e, em seguida, deixar secar ao ar. N\u00e3o recomendamos submergir totalmente na \u00e1gua.<\/div>\n<\/div>\n<\/div>\n<\/li>\n<\/ul>\n","protected":false},"excerpt":{"rendered":"<p>Formato compacto: compacta e leve para transportar pequenos objetos e essenciais. A bolsa de tiracolo Jester foi concebida para guardar em seguran\u00e7a o essencial, como o telefone, cart\u00f5es e dinheiro. Gra\u00e7as ao seu inteligente sistema el\u00e1stico, fixa artigos maiores e mais volumosos, mantendo-os firmemente no lugar. E a al\u00e7a de ombro ajust\u00e1vel significa que podes [&hellip;]<\/p>\n","protected":false},"featured_media":84497,"comment_status":"closed","ping_status":"closed","template":"","meta":[],"product_cat":[232,307],"product_tag":[],"class_list":{"0":"post-84488","1":"product","2":"type-product","3":"status-publish","4":"has-post-thumbnail","6":"product_cat-acessorios","7":"product_cat-malas-e-mochilas","8":"ts_product_brand-the-north-face","10":"first","11":"instock","12":"shipping-taxable","13":"purchasable","14":"product-type-simple"},"yoast_head":"<!-- This site is optimized with the Yoast SEO plugin v27.6 - https:\/\/yoast.com\/product\/yoast-seo-wordpress\/ -->\n<title>Tira colo The North Face - Guibutik<\/title>\n<meta name=\"robots\" content=\"index, follow, max-snippet:-1, max-image-preview:large, max-video-preview:-1\" \/>\n<link rel=\"canonical\" href=\"https:\/\/www.guibutik.pt\/loja\/produto\/tira-colo-the-north-face\/\" \/>\n<meta property=\"og:locale\" content=\"pt_PT\" \/>\n<meta property=\"og:type\" content=\"article\" \/>\n<meta property=\"og:title\" content=\"Tira colo The North Face - Guibutik\" \/>\n<meta property=\"og:description\" content=\"Formato compacto: compacta e leve para transportar pequenos objetos e essenciais. A bolsa de tiracolo Jester foi concebida para guardar em seguran\u00e7a o essencial, como o telefone, cart\u00f5es e dinheiro. Gra\u00e7as ao seu inteligente sistema el\u00e1stico, fixa artigos maiores e mais volumosos, mantendo-os firmemente no lugar. E a al\u00e7a de ombro ajust\u00e1vel significa que podes [&hellip;]\" \/>\n<meta property=\"og:url\" content=\"https:\/\/www.guibutik.pt\/loja\/produto\/tira-colo-the-north-face\/\" \/>\n<meta property=\"og:site_name\" content=\"Guibutik\" \/>\n<meta property=\"article:publisher\" content=\"https:\/\/www.facebook.com\/guibutik\/\" \/>\n<meta property=\"article:modified_time\" content=\"2026-03-27T09:21:07+00:00\" \/>\n<meta property=\"og:image\" content=\"https:\/\/www.guibutik.pt\/loja\/wp-content\/uploads\/2026\/03\/A52UC.jpg\" \/>\n\t<meta property=\"og:image:width\" content=\"924\" \/>\n\t<meta property=\"og:image:height\" content=\"924\" \/>\n\t<meta property=\"og:image:type\" content=\"image\/jpeg\" \/>\n<meta name=\"twitter:card\" content=\"summary_large_image\" \/>\n<meta name=\"twitter:label1\" content=\"Tempo estimado de leitura\" \/>\n\t<meta name=\"twitter:data1\" content=\"4 minutos\" \/>\n<script type=\"application\/ld+json\" class=\"yoast-schema-graph\">{\"@context\":\"https:\\\/\\\/schema.org\",\"@graph\":[{\"@type\":\"WebPage\",\"@id\":\"https:\\\/\\\/www.guibutik.pt\\\/loja\\\/produto\\\/tira-colo-the-north-face\\\/\",\"url\":\"https:\\\/\\\/www.guibutik.pt\\\/loja\\\/produto\\\/tira-colo-the-north-face\\\/\",\"name\":\"Tira colo The North Face - Guibutik\",\"isPartOf\":{\"@id\":\"https:\\\/\\\/www.guibutik.pt\\\/loja\\\/#website\"},\"primaryImageOfPage\":{\"@id\":\"https:\\\/\\\/www.guibutik.pt\\\/loja\\\/produto\\\/tira-colo-the-north-face\\\/#primaryimage\"},\"image\":{\"@id\":\"https:\\\/\\\/www.guibutik.pt\\\/loja\\\/produto\\\/tira-colo-the-north-face\\\/#primaryimage\"},\"thumbnailUrl\":\"https:\\\/\\\/www.guibutik.pt\\\/loja\\\/wp-content\\\/uploads\\\/2026\\\/03\\\/A52UC.jpg\",\"datePublished\":\"2026-03-27T09:21:06+00:00\",\"dateModified\":\"2026-03-27T09:21:07+00:00\",\"breadcrumb\":{\"@id\":\"https:\\\/\\\/www.guibutik.pt\\\/loja\\\/produto\\\/tira-colo-the-north-face\\\/#breadcrumb\"},\"inLanguage\":\"pt-PT\",\"potentialAction\":[{\"@type\":\"ReadAction\",\"target\":[\"https:\\\/\\\/www.guibutik.pt\\\/loja\\\/produto\\\/tira-colo-the-north-face\\\/\"]}]},{\"@type\":\"ImageObject\",\"inLanguage\":\"pt-PT\",\"@id\":\"https:\\\/\\\/www.guibutik.pt\\\/loja\\\/produto\\\/tira-colo-the-north-face\\\/#primaryimage\",\"url\":\"https:\\\/\\\/www.guibutik.pt\\\/loja\\\/wp-content\\\/uploads\\\/2026\\\/03\\\/A52UC.jpg\",\"contentUrl\":\"https:\\\/\\\/www.guibutik.pt\\\/loja\\\/wp-content\\\/uploads\\\/2026\\\/03\\\/A52UC.jpg\",\"width\":924,\"height\":924},{\"@type\":\"BreadcrumbList\",\"@id\":\"https:\\\/\\\/www.guibutik.pt\\\/loja\\\/produto\\\/tira-colo-the-north-face\\\/#breadcrumb\",\"itemListElement\":[{\"@type\":\"ListItem\",\"position\":1,\"name\":\"In\u00edcio\",\"item\":\"https:\\\/\\\/www.guibutik.pt\\\/loja\\\/\"},{\"@type\":\"ListItem\",\"position\":2,\"name\":\"Loja\",\"item\":\"https:\\\/\\\/www.guibutik.pt\\\/loja\\\/shop\\\/\"},{\"@type\":\"ListItem\",\"position\":3,\"name\":\"Tira colo The North Face\"}]},{\"@type\":\"WebSite\",\"@id\":\"https:\\\/\\\/www.guibutik.pt\\\/loja\\\/#website\",\"url\":\"https:\\\/\\\/www.guibutik.pt\\\/loja\\\/\",\"name\":\"Guibutik\",\"description\":\"Moda e Sapataria\",\"potentialAction\":[{\"@type\":\"SearchAction\",\"target\":{\"@type\":\"EntryPoint\",\"urlTemplate\":\"https:\\\/\\\/www.guibutik.pt\\\/loja\\\/?s={search_term_string}\"},\"query-input\":{\"@type\":\"PropertyValueSpecification\",\"valueRequired\":true,\"valueName\":\"search_term_string\"}}],\"inLanguage\":\"pt-PT\"}]}<\/script>\n<!-- \/ Yoast SEO plugin. -->","yoast_head_json":{"title":"Tira colo The North Face - Guibutik","robots":{"index":"index","follow":"follow","max-snippet":"max-snippet:-1","max-image-preview":"max-image-preview:large","max-video-preview":"max-video-preview:-1"},"canonical":"https:\/\/www.guibutik.pt\/loja\/produto\/tira-colo-the-north-face\/","og_locale":"pt_PT","og_type":"article","og_title":"Tira colo The North Face - Guibutik","og_description":"Formato compacto: compacta e leve para transportar pequenos objetos e essenciais. A bolsa de tiracolo Jester foi concebida para guardar em seguran\u00e7a o essencial, como o telefone, cart\u00f5es e dinheiro. Gra\u00e7as ao seu inteligente sistema el\u00e1stico, fixa artigos maiores e mais volumosos, mantendo-os firmemente no lugar. E a al\u00e7a de ombro ajust\u00e1vel significa que podes [&hellip;]","og_url":"https:\/\/www.guibutik.pt\/loja\/produto\/tira-colo-the-north-face\/","og_site_name":"Guibutik","article_publisher":"https:\/\/www.facebook.com\/guibutik\/","article_modified_time":"2026-03-27T09:21:07+00:00","og_image":[{"width":924,"height":924,"url":"https:\/\/www.guibutik.pt\/loja\/wp-content\/uploads\/2026\/03\/A52UC.jpg","type":"image\/jpeg"}],"twitter_card":"summary_large_image","twitter_misc":{"Tempo estimado de leitura":"4 minutos"},"schema":{"@context":"https:\/\/schema.org","@graph":[{"@type":"WebPage","@id":"https:\/\/www.guibutik.pt\/loja\/produto\/tira-colo-the-north-face\/","url":"https:\/\/www.guibutik.pt\/loja\/produto\/tira-colo-the-north-face\/","name":"Tira colo The North Face - Guibutik","isPartOf":{"@id":"https:\/\/www.guibutik.pt\/loja\/#website"},"primaryImageOfPage":{"@id":"https:\/\/www.guibutik.pt\/loja\/produto\/tira-colo-the-north-face\/#primaryimage"},"image":{"@id":"https:\/\/www.guibutik.pt\/loja\/produto\/tira-colo-the-north-face\/#primaryimage"},"thumbnailUrl":"https:\/\/www.guibutik.pt\/loja\/wp-content\/uploads\/2026\/03\/A52UC.jpg","datePublished":"2026-03-27T09:21:06+00:00","dateModified":"2026-03-27T09:21:07+00:00","breadcrumb":{"@id":"https:\/\/www.guibutik.pt\/loja\/produto\/tira-colo-the-north-face\/#breadcrumb"},"inLanguage":"pt-PT","potentialAction":[{"@type":"ReadAction","target":["https:\/\/www.guibutik.pt\/loja\/produto\/tira-colo-the-north-face\/"]}]},{"@type":"ImageObject","inLanguage":"pt-PT","@id":"https:\/\/www.guibutik.pt\/loja\/produto\/tira-colo-the-north-face\/#primaryimage","url":"https:\/\/www.guibutik.pt\/loja\/wp-content\/uploads\/2026\/03\/A52UC.jpg","contentUrl":"https:\/\/www.guibutik.pt\/loja\/wp-content\/uploads\/2026\/03\/A52UC.jpg","width":924,"height":924},{"@type":"BreadcrumbList","@id":"https:\/\/www.guibutik.pt\/loja\/produto\/tira-colo-the-north-face\/#breadcrumb","itemListElement":[{"@type":"ListItem","position":1,"name":"In\u00edcio","item":"https:\/\/www.guibutik.pt\/loja\/"},{"@type":"ListItem","position":2,"name":"Loja","item":"https:\/\/www.guibutik.pt\/loja\/shop\/"},{"@type":"ListItem","position":3,"name":"Tira colo The North Face"}]},{"@type":"WebSite","@id":"https:\/\/www.guibutik.pt\/loja\/#website","url":"https:\/\/www.guibutik.pt\/loja\/","name":"Guibutik","description":"Moda e Sapataria","potentialAction":[{"@type":"SearchAction","target":{"@type":"EntryPoint","urlTemplate":"https:\/\/www.guibutik.pt\/loja\/?s={search_term_string}"},"query-input":{"@type":"PropertyValueSpecification","valueRequired":true,"valueName":"search_term_string"}}],"inLanguage":"pt-PT"}]}},"_links":{"self":[{"href":"https:\/\/www.guibutik.pt\/loja\/wp-json\/wp\/v2\/product\/84488","targetHints":{"allow":["GET"]}}],"collection":[{"href":"https:\/\/www.guibutik.pt\/loja\/wp-json\/wp\/v2\/product"}],"about":[{"href":"https:\/\/www.guibutik.pt\/loja\/wp-json\/wp\/v2\/types\/product"}],"replies":[{"embeddable":true,"href":"https:\/\/www.guibutik.pt\/loja\/wp-json\/wp\/v2\/comments?post=84488"}],"wp:featuredmedia":[{"embeddable":true,"href":"https:\/\/www.guibutik.pt\/loja\/wp-json\/wp\/v2\/media\/84497"}],"wp:attachment":[{"href":"https:\/\/www.guibutik.pt\/loja\/wp-json\/wp\/v2\/media?parent=84488"}],"wp:term":[{"taxonomy":"product_cat","embeddable":true,"href":"https:\/\/www.guibutik.pt\/loja\/wp-json\/wp\/v2\/product_cat?post=84488"},{"taxonomy":"product_tag","embeddable":true,"href":"https:\/\/www.guibutik.pt\/loja\/wp-json\/wp\/v2\/product_tag?post=84488"}],"curies":[{"name":"wp","href":"https:\/\/api.w.org\/{rel}","templated":true}]}}