{"id":84487,"date":"2026-03-27T10:18:21","date_gmt":"2026-03-27T09:18:21","guid":{"rendered":"https:\/\/www.guibutik.pt\/loja\/?post_type=product&#038;p=84487"},"modified":"2026-03-27T10:18:21","modified_gmt":"2026-03-27T09:18:21","slug":"mochila-the-north-face","status":"publish","type":"product","link":"https:\/\/www.guibutik.pt\/loja\/produto\/mochila-the-north-face\/","title":{"rendered":"Mochila The North Face"},"content":{"rendered":"<ul class=\"space-y-4\">\n<li>\n<div class=\"group flex items-start gap-4\">\n<div class=\"grow space-y-1\">\n<p class=\"fw-bold title-5\">Forma espa\u00e7osa: Este saco oferece muito espa\u00e7o para as coisas que precisa de levar consigo todos os dias.<\/p>\n<div class=\"ws-pre-wrap subtitle-4\">A Jester regressa, desta vez num tamanho mais pequeno especificamente concebido para crian\u00e7as mais velhas e jovens adolescentes. A mochila Jester foi concebida para transportar livros escolares, pastas, artigos de papelaria, garrafas de \u00e1gua e at\u00e9 mesmo o almo\u00e7o e o casaco. Na realidade, se n\u00e3o fosse pelo facto de os bolsos e os compartimentos de armazenamento tornarem t\u00e3o f\u00e1cil encontrar o teu equipamento, poderias facilmente perder coisas nesta imensid\u00e3o de espa\u00e7o. Tem ainda um compartimento interno espa\u00e7oso, dois bolsos externos para garrafas de \u00e1gua e um sistema de el\u00e1stico no exterior para prender o capacete da bicicleta ou o casaco. Acrescent\u00e1mos tamb\u00e9m uma etiqueta interna para identifica\u00e7\u00e3o \u00fatil para manter a tua mochila segura. \u00c9 fabricada com poli\u00e9ster reciclado que, para al\u00e9m de ser mais ben\u00e9fica para o ambiente, vai tamb\u00e9m sobreviver ao caos da vida na escola.<\/div>\n<\/div>\n<\/div>\n<\/li>\n<\/ul>\n<p>Ajuste espa\u00e7oso. 24,6 Litros. 28.6 cm x 16.8 cm x 43.5 cm<\/p>\n<ul class=\"space-y-4\">\n<li>\n<div class=\"group flex items-start gap-4\"><picture class=\"aspect-square w-full shrink-0\" data-test-id=\"base-picture\"><img loading=\"lazy\" decoding=\"async\" class=\"contain\" src=\"https:\/\/assets.thenorthface.eu\/image\/upload\/v1728567344\/benefit-icon-organisation.jpg\" alt=\"Compartimento da organiza\u00e7\u00e3o\" width=\"52\" height=\"52\" \/><\/picture>\n<div class=\"grow space-y-1\">\n<p class=\"fw-bold title-5\">Compartimento da organiza\u00e7\u00e3o<\/p>\n<div class=\"ws-pre-wrap subtitle-4\">Mant\u00e9m os essenciais arrumados e seguros com os bolsos de organiza\u00e7\u00e3o internos.<\/div>\n<\/div>\n<\/div>\n<\/li>\n<li>\n<div class=\"group flex items-start gap-4\"><picture class=\"aspect-square w-full shrink-0\" data-test-id=\"base-picture\"><img loading=\"lazy\" decoding=\"async\" class=\"contain\" src=\"https:\/\/assets.thenorthface.eu\/image\/upload\/v1728567345\/benefit-icon-recycled.webp\" alt=\"Material reciclado\" width=\"52\" height=\"52\" \/><\/picture>\n<div class=\"grow space-y-1\">\n<p class=\"fw-bold title-5\">Material reciclado<\/p>\n<div class=\"ws-pre-wrap subtitle-4\">Este produto \u00e9 fabricado com materiais reciclados, o que ajuda a reduzir os res\u00edduos depositados em aterros e a minimizar o seu impacto na natureza.<\/div>\n<\/div>\n<\/div>\n<\/li>\n<li>\n<div class=\"group flex items-start gap-4\"><picture class=\"aspect-square w-full shrink-0\" data-test-id=\"base-picture\"><img loading=\"lazy\" decoding=\"async\" class=\"contain\" src=\"https:\/\/assets.thenorthface.eu\/image\/upload\/v1728567339\/benefit-icon-fabric_DWR.webp\" alt=\"DWR - Repelente de \u00e1gua\" width=\"52\" height=\"52\" \/><\/picture>\n<div class=\"grow space-y-1\">\n<p class=\"fw-bold title-5\">DWR &#8211; Repelente de \u00e1gua<\/p>\n<div class=\"ws-pre-wrap subtitle-4\">Um acabamento repelente de \u00e1gua duradouro proporciona protec\u00e7\u00e3o contra a humidade ligeira e a satura\u00e7\u00e3o do tecido.<\/div>\n<\/div>\n<\/div>\n<\/li>\n<li>\n<div class=\"group flex items-start gap-4\"><picture class=\"aspect-square w-full shrink-0\" data-test-id=\"base-picture\"><img loading=\"lazy\" decoding=\"async\" class=\"contain\" src=\"https:\/\/assets.thenorthface.eu\/image\/upload\/v1728567346\/benefit-icon-reflective.webp\" alt=\"Refletor\" width=\"52\" height=\"52\" \/><\/picture>\n<div class=\"grow space-y-1\">\n<p class=\"fw-bold title-5\">Refletor<\/p>\n<div class=\"ws-pre-wrap subtitle-4\">Elementos refletores garantem a tua visibilidade quando h\u00e1 pouca luz.<\/div>\n<\/div>\n<\/div>\n<\/li>\n<li>\n<div class=\"group flex items-start gap-4\"><picture class=\"aspect-square w-full shrink-0\" data-test-id=\"base-picture\"><img loading=\"lazy\" decoding=\"async\" class=\"contain\" src=\"https:\/\/assets.thenorthface.eu\/image\/upload\/v1728567335\/benefit-icon-bottle_pocket.jpg\" alt=\"Bolso para garrafa de \u00c1gua\" width=\"52\" height=\"52\" \/><\/picture>\n<div class=\"grow space-y-1\">\n<p class=\"fw-bold title-5\">Bolso para garrafa de \u00c1gua<\/p>\n<div class=\"ws-pre-wrap subtitle-4\">Mant\u00e9m a tua \u00e1gua \u00e0 m\u00e3o com uma bolsa externa para garrafas.<\/div>\n<\/div>\n<\/div>\n<div><\/div>\n<\/li>\n<\/ul>\n<ul class=\"grid list-disc gap-4 cols-2\" title=\"Caracter\u00edsticas\" data-test-id=\"product-details-bulletin\">\n<li style=\"list-style-type: none;\">\n<ul class=\"grid list-disc gap-4 cols-2\" title=\"Caracter\u00edsticas\" data-test-id=\"product-details-bulletin\">\n<li>O painel traseiro e as al\u00e7as de ombro s\u00e3o dimensionados para pr\u00e9-adolescentes e adolescentes mais novos, sendo tamb\u00e9m acolchoados para total conforto<\/li>\n<li>O sistema de el\u00e1stico dianteiro pode acomodar artigos grandes e volumosos, tais como um casaco<\/li>\n<li>Dois bolsos exteriores para garrafas de \u00e1gua<\/li>\n<li>Compartimento interno espa\u00e7oso e com fecho de correr<\/li>\n<li>Manga com divis\u00f3ria para organiza\u00e7\u00e3o<\/li>\n<li>Correia do peito<\/li>\n<li>Pega superior<\/li>\n<li>360 graus de refletividade<\/li>\n<li>Etiqueta interna para nome<\/li>\n<li>\n<dl class=\"grid gap-y-4\" title=\"Especifica\u00e7\u00f5es t\u00e9cnicas\">\n<dt class=\"pr-2 fw-bold\">Peso m\u00e9dio<\/dt>\n<dd>410 g<\/dd>\n<dt class=\"pr-2 fw-bold\">Capacidade<\/dt>\n<dd>24,6 litros<\/dd>\n<dt class=\"pr-2 fw-bold\">Dimens\u00f5es<\/dt>\n<dd>28,6 cm x 16,8 cm x 43,5 cm<\/dd>\n<\/dl>\n<\/li>\n<\/ul>\n<\/li>\n<\/ul>\n<dl class=\"grid gap-y-4\" title=\"Detalhes\">\n<dt class=\"pr-2 fw-bold\">Tecido<\/dt>\n<dd>poli\u00e9ster reciclado 600D com acabamento hidrorrepelente duradouro sem PFC (DWR sem PFC)<\/dd>\n<\/dl>\n<p>Cuidados:<\/p>\n<ul class=\"space-y-4\">\n<li>\n<div class=\"group flex items-start gap-4\"><picture class=\"aspect-square w-full shrink-0\" data-test-id=\"base-picture\"><img loading=\"lazy\" decoding=\"async\" class=\"contain\" src=\"https:\/\/assets.thenorthface.eu\/image\/upload\/v1728567301\/Howtocare_icon_SpotCleanOnly.webp\" alt=\"Apenas limpeza de manchas\" width=\"52\" height=\"52\" \/><\/picture>\n<div class=\"grow space-y-1\">\n<p class=\"fw-bold title-5\">Apenas limpeza de manchas<\/p>\n<div class=\"ws-pre-wrap subtitle-4\">A melhor forma de limpar a sua bolsa ou mochila \u00e9 limpar as zonas sujas com um pano h\u00famido e, em seguida, deixar secar ao ar. N\u00e3o recomendamos submergir totalmente na \u00e1gua.<\/div>\n<\/div>\n<\/div>\n<\/li>\n<\/ul>\n","protected":false},"excerpt":{"rendered":"<p>Forma espa\u00e7osa: Este saco oferece muito espa\u00e7o para as coisas que precisa de levar consigo todos os dias. A Jester regressa, desta vez num tamanho mais pequeno especificamente concebido para crian\u00e7as mais velhas e jovens adolescentes. A mochila Jester foi concebida para transportar livros escolares, pastas, artigos de papelaria, garrafas de \u00e1gua e at\u00e9 mesmo [&hellip;]<\/p>\n","protected":false},"featured_media":84489,"comment_status":"closed","ping_status":"closed","template":"","meta":[],"product_cat":[232,307],"product_tag":[],"class_list":{"0":"post-84487","1":"product","2":"type-product","3":"status-publish","4":"has-post-thumbnail","6":"product_cat-acessorios","7":"product_cat-malas-e-mochilas","8":"ts_product_brand-the-north-face","10":"first","11":"instock","12":"shipping-taxable","13":"purchasable","14":"product-type-simple"},"yoast_head":"<!-- This site is optimized with the Yoast SEO plugin v27.6 - https:\/\/yoast.com\/product\/yoast-seo-wordpress\/ -->\n<title>Mochila The North Face - Guibutik<\/title>\n<meta name=\"robots\" content=\"index, follow, max-snippet:-1, max-image-preview:large, max-video-preview:-1\" \/>\n<link rel=\"canonical\" href=\"https:\/\/www.guibutik.pt\/loja\/produto\/mochila-the-north-face\/\" \/>\n<meta property=\"og:locale\" content=\"pt_PT\" \/>\n<meta property=\"og:type\" content=\"article\" \/>\n<meta property=\"og:title\" content=\"Mochila The North Face - Guibutik\" \/>\n<meta property=\"og:description\" content=\"Forma espa\u00e7osa: Este saco oferece muito espa\u00e7o para as coisas que precisa de levar consigo todos os dias. A Jester regressa, desta vez num tamanho mais pequeno especificamente concebido para crian\u00e7as mais velhas e jovens adolescentes. A mochila Jester foi concebida para transportar livros escolares, pastas, artigos de papelaria, garrafas de \u00e1gua e at\u00e9 mesmo [&hellip;]\" \/>\n<meta property=\"og:url\" content=\"https:\/\/www.guibutik.pt\/loja\/produto\/mochila-the-north-face\/\" \/>\n<meta property=\"og:site_name\" content=\"Guibutik\" \/>\n<meta property=\"article:publisher\" content=\"https:\/\/www.facebook.com\/guibutik\/\" \/>\n<meta property=\"og:image\" content=\"https:\/\/www.guibutik.pt\/loja\/wp-content\/uploads\/2026\/03\/A52VY.jpg\" \/>\n\t<meta property=\"og:image:width\" content=\"924\" \/>\n\t<meta property=\"og:image:height\" content=\"924\" \/>\n\t<meta property=\"og:image:type\" content=\"image\/jpeg\" \/>\n<meta name=\"twitter:card\" content=\"summary_large_image\" \/>\n<meta name=\"twitter:label1\" content=\"Tempo estimado de leitura\" \/>\n\t<meta name=\"twitter:data1\" content=\"4 minutos\" \/>\n<script type=\"application\/ld+json\" class=\"yoast-schema-graph\">{\"@context\":\"https:\\\/\\\/schema.org\",\"@graph\":[{\"@type\":\"WebPage\",\"@id\":\"https:\\\/\\\/www.guibutik.pt\\\/loja\\\/produto\\\/mochila-the-north-face\\\/\",\"url\":\"https:\\\/\\\/www.guibutik.pt\\\/loja\\\/produto\\\/mochila-the-north-face\\\/\",\"name\":\"Mochila The North Face - Guibutik\",\"isPartOf\":{\"@id\":\"https:\\\/\\\/www.guibutik.pt\\\/loja\\\/#website\"},\"primaryImageOfPage\":{\"@id\":\"https:\\\/\\\/www.guibutik.pt\\\/loja\\\/produto\\\/mochila-the-north-face\\\/#primaryimage\"},\"image\":{\"@id\":\"https:\\\/\\\/www.guibutik.pt\\\/loja\\\/produto\\\/mochila-the-north-face\\\/#primaryimage\"},\"thumbnailUrl\":\"https:\\\/\\\/www.guibutik.pt\\\/loja\\\/wp-content\\\/uploads\\\/2026\\\/03\\\/A52VY.jpg\",\"datePublished\":\"2026-03-27T09:18:21+00:00\",\"breadcrumb\":{\"@id\":\"https:\\\/\\\/www.guibutik.pt\\\/loja\\\/produto\\\/mochila-the-north-face\\\/#breadcrumb\"},\"inLanguage\":\"pt-PT\",\"potentialAction\":[{\"@type\":\"ReadAction\",\"target\":[\"https:\\\/\\\/www.guibutik.pt\\\/loja\\\/produto\\\/mochila-the-north-face\\\/\"]}]},{\"@type\":\"ImageObject\",\"inLanguage\":\"pt-PT\",\"@id\":\"https:\\\/\\\/www.guibutik.pt\\\/loja\\\/produto\\\/mochila-the-north-face\\\/#primaryimage\",\"url\":\"https:\\\/\\\/www.guibutik.pt\\\/loja\\\/wp-content\\\/uploads\\\/2026\\\/03\\\/A52VY.jpg\",\"contentUrl\":\"https:\\\/\\\/www.guibutik.pt\\\/loja\\\/wp-content\\\/uploads\\\/2026\\\/03\\\/A52VY.jpg\",\"width\":924,\"height\":924},{\"@type\":\"BreadcrumbList\",\"@id\":\"https:\\\/\\\/www.guibutik.pt\\\/loja\\\/produto\\\/mochila-the-north-face\\\/#breadcrumb\",\"itemListElement\":[{\"@type\":\"ListItem\",\"position\":1,\"name\":\"In\u00edcio\",\"item\":\"https:\\\/\\\/www.guibutik.pt\\\/loja\\\/\"},{\"@type\":\"ListItem\",\"position\":2,\"name\":\"Loja\",\"item\":\"https:\\\/\\\/www.guibutik.pt\\\/loja\\\/shop\\\/\"},{\"@type\":\"ListItem\",\"position\":3,\"name\":\"Mochila The North Face\"}]},{\"@type\":\"WebSite\",\"@id\":\"https:\\\/\\\/www.guibutik.pt\\\/loja\\\/#website\",\"url\":\"https:\\\/\\\/www.guibutik.pt\\\/loja\\\/\",\"name\":\"Guibutik\",\"description\":\"Moda e Sapataria\",\"potentialAction\":[{\"@type\":\"SearchAction\",\"target\":{\"@type\":\"EntryPoint\",\"urlTemplate\":\"https:\\\/\\\/www.guibutik.pt\\\/loja\\\/?s={search_term_string}\"},\"query-input\":{\"@type\":\"PropertyValueSpecification\",\"valueRequired\":true,\"valueName\":\"search_term_string\"}}],\"inLanguage\":\"pt-PT\"}]}<\/script>\n<!-- \/ Yoast SEO plugin. -->","yoast_head_json":{"title":"Mochila The North Face - Guibutik","robots":{"index":"index","follow":"follow","max-snippet":"max-snippet:-1","max-image-preview":"max-image-preview:large","max-video-preview":"max-video-preview:-1"},"canonical":"https:\/\/www.guibutik.pt\/loja\/produto\/mochila-the-north-face\/","og_locale":"pt_PT","og_type":"article","og_title":"Mochila The North Face - Guibutik","og_description":"Forma espa\u00e7osa: Este saco oferece muito espa\u00e7o para as coisas que precisa de levar consigo todos os dias. A Jester regressa, desta vez num tamanho mais pequeno especificamente concebido para crian\u00e7as mais velhas e jovens adolescentes. A mochila Jester foi concebida para transportar livros escolares, pastas, artigos de papelaria, garrafas de \u00e1gua e at\u00e9 mesmo [&hellip;]","og_url":"https:\/\/www.guibutik.pt\/loja\/produto\/mochila-the-north-face\/","og_site_name":"Guibutik","article_publisher":"https:\/\/www.facebook.com\/guibutik\/","og_image":[{"width":924,"height":924,"url":"https:\/\/www.guibutik.pt\/loja\/wp-content\/uploads\/2026\/03\/A52VY.jpg","type":"image\/jpeg"}],"twitter_card":"summary_large_image","twitter_misc":{"Tempo estimado de leitura":"4 minutos"},"schema":{"@context":"https:\/\/schema.org","@graph":[{"@type":"WebPage","@id":"https:\/\/www.guibutik.pt\/loja\/produto\/mochila-the-north-face\/","url":"https:\/\/www.guibutik.pt\/loja\/produto\/mochila-the-north-face\/","name":"Mochila The North Face - Guibutik","isPartOf":{"@id":"https:\/\/www.guibutik.pt\/loja\/#website"},"primaryImageOfPage":{"@id":"https:\/\/www.guibutik.pt\/loja\/produto\/mochila-the-north-face\/#primaryimage"},"image":{"@id":"https:\/\/www.guibutik.pt\/loja\/produto\/mochila-the-north-face\/#primaryimage"},"thumbnailUrl":"https:\/\/www.guibutik.pt\/loja\/wp-content\/uploads\/2026\/03\/A52VY.jpg","datePublished":"2026-03-27T09:18:21+00:00","breadcrumb":{"@id":"https:\/\/www.guibutik.pt\/loja\/produto\/mochila-the-north-face\/#breadcrumb"},"inLanguage":"pt-PT","potentialAction":[{"@type":"ReadAction","target":["https:\/\/www.guibutik.pt\/loja\/produto\/mochila-the-north-face\/"]}]},{"@type":"ImageObject","inLanguage":"pt-PT","@id":"https:\/\/www.guibutik.pt\/loja\/produto\/mochila-the-north-face\/#primaryimage","url":"https:\/\/www.guibutik.pt\/loja\/wp-content\/uploads\/2026\/03\/A52VY.jpg","contentUrl":"https:\/\/www.guibutik.pt\/loja\/wp-content\/uploads\/2026\/03\/A52VY.jpg","width":924,"height":924},{"@type":"BreadcrumbList","@id":"https:\/\/www.guibutik.pt\/loja\/produto\/mochila-the-north-face\/#breadcrumb","itemListElement":[{"@type":"ListItem","position":1,"name":"In\u00edcio","item":"https:\/\/www.guibutik.pt\/loja\/"},{"@type":"ListItem","position":2,"name":"Loja","item":"https:\/\/www.guibutik.pt\/loja\/shop\/"},{"@type":"ListItem","position":3,"name":"Mochila The North Face"}]},{"@type":"WebSite","@id":"https:\/\/www.guibutik.pt\/loja\/#website","url":"https:\/\/www.guibutik.pt\/loja\/","name":"Guibutik","description":"Moda e Sapataria","potentialAction":[{"@type":"SearchAction","target":{"@type":"EntryPoint","urlTemplate":"https:\/\/www.guibutik.pt\/loja\/?s={search_term_string}"},"query-input":{"@type":"PropertyValueSpecification","valueRequired":true,"valueName":"search_term_string"}}],"inLanguage":"pt-PT"}]}},"_links":{"self":[{"href":"https:\/\/www.guibutik.pt\/loja\/wp-json\/wp\/v2\/product\/84487","targetHints":{"allow":["GET"]}}],"collection":[{"href":"https:\/\/www.guibutik.pt\/loja\/wp-json\/wp\/v2\/product"}],"about":[{"href":"https:\/\/www.guibutik.pt\/loja\/wp-json\/wp\/v2\/types\/product"}],"replies":[{"embeddable":true,"href":"https:\/\/www.guibutik.pt\/loja\/wp-json\/wp\/v2\/comments?post=84487"}],"wp:featuredmedia":[{"embeddable":true,"href":"https:\/\/www.guibutik.pt\/loja\/wp-json\/wp\/v2\/media\/84489"}],"wp:attachment":[{"href":"https:\/\/www.guibutik.pt\/loja\/wp-json\/wp\/v2\/media?parent=84487"}],"wp:term":[{"taxonomy":"product_cat","embeddable":true,"href":"https:\/\/www.guibutik.pt\/loja\/wp-json\/wp\/v2\/product_cat?post=84487"},{"taxonomy":"product_tag","embeddable":true,"href":"https:\/\/www.guibutik.pt\/loja\/wp-json\/wp\/v2\/product_tag?post=84487"}],"curies":[{"name":"wp","href":"https:\/\/api.w.org\/{rel}","templated":true}]}}