{"id":84372,"date":"2026-03-26T18:26:56","date_gmt":"2026-03-26T17:26:56","guid":{"rendered":"https:\/\/www.guibutik.pt\/loja\/?post_type=product&#038;p=84372"},"modified":"2026-03-26T18:30:21","modified_gmt":"2026-03-26T17:30:21","slug":"sweat-the-north-face-2","status":"publish","type":"product","link":"https:\/\/www.guibutik.pt\/loja\/produto\/sweat-the-north-face-2\/","title":{"rendered":"Sweat The North Face"},"content":{"rendered":"<h2 class=\"fw-bold\">Tamanho e Corte<\/h2>\n<div class=\"mt-2 space-y-4\">\n<div>\n<p class=\"text-xs\">Normal. O nosso modelo mede 180 cm e veste o tamanho M<\/p>\n<ul class=\"space-y-4\">\n<li>\n<div class=\"group flex items-start gap-4\">\n<div class=\"grow space-y-1\">\n<div class=\"ws-pre-wrap subtitle-4\">Simples e discreta, a camisola com capuz Evolution Box Half Dome \u00e9 uma pe\u00e7a f\u00e1cil de aplicar em camadas que vais querer usar repetidamente. \u00c9 fabricada com tecido cardado no interior para uma sensa\u00e7\u00e3o de calor e conforto, ideal para temperaturas mais frias.<\/div>\n<\/div>\n<\/div>\n<div><\/div>\n<\/li>\n<li>Capuz de tr\u00eas pe\u00e7as<\/li>\n<li>Punhos e bainha canelados<\/li>\n<li>Log\u00f3tipos \u00e0 base de \u00e1gua \u00e0 frente e atr\u00e1s<\/li>\n<li>\n<dl class=\"grid gap-y-4\" title=\"Detalhes\">\n<dt class=\"pr-2 fw-bold\">Tecido<\/dt>\n<dd>295 g\/m\u00b2, 68% algod\u00e3o, 32% poli\u00e9ster\/malha\/forro cardado<\/dd>\n<\/dl>\n<\/li>\n<\/ul>\n<p>Cuidados:<\/p>\n<ul class=\"space-y-4\">\n<li>\n<div class=\"group flex items-start gap-4\"><picture class=\"aspect-square w-full shrink-0\" data-test-id=\"base-picture\"><img loading=\"lazy\" decoding=\"async\" class=\"contain\" src=\"https:\/\/assets.thenorthface.eu\/image\/upload\/v1728567299\/Howtocare_icon_MachineWashable.webp\" alt=\"Lav\u00e1vel \u00e0 m\u00e1quina\" width=\"52\" height=\"52\" \/><\/picture>\n<div class=\"grow space-y-1\">\n<p class=\"fw-bold title-5\">Lav\u00e1vel \u00e0 m\u00e1quina<\/p>\n<div class=\"ws-pre-wrap subtitle-4\">Lavar \u00e0 m\u00e1quina a 40 \u00b0C ou abaixo com cores semelhantes. Para obter o melhor desempenho do equipamento, lavar com a frequ\u00eancia necess\u00e1ria para remover impurezas, tais como suor, sujidade, fumo de fogueira e odores alimentos cozinhados.<\/div>\n<\/div>\n<\/div>\n<\/li>\n<li>\n<div class=\"group flex items-start gap-4\"><picture class=\"aspect-square w-full shrink-0\" data-test-id=\"base-picture\"><img loading=\"lazy\" decoding=\"async\" class=\"contain\" src=\"https:\/\/assets.thenorthface.eu\/image\/upload\/v1764860211\/Howtocare-icon-HangDry.webp\" alt=\"Secar ao ar\" width=\"52\" height=\"52\" \/><\/picture>\n<div class=\"grow space-y-1\">\n<p class=\"fw-bold title-5\">Secar ao ar<\/p>\n<div class=\"ws-pre-wrap subtitle-4\">Deixe a sua pe\u00e7a de roupa a secar naturalmente ao ar.<\/div>\n<\/div>\n<\/div>\n<\/li>\n<\/ul>\n<\/div>\n<\/div>\n","protected":false},"excerpt":{"rendered":"<p>Tamanho e Corte Normal. O nosso modelo mede 180 cm e veste o tamanho M Simples e discreta, a camisola com capuz Evolution Box Half Dome \u00e9 uma pe\u00e7a f\u00e1cil de aplicar em camadas que vais querer usar repetidamente. \u00c9 fabricada com tecido cardado no interior para uma sensa\u00e7\u00e3o de calor e conforto, ideal para [&hellip;]<\/p>\n","protected":false},"featured_media":84387,"comment_status":"closed","ping_status":"closed","template":"","meta":[],"product_cat":[224,221],"product_tag":[],"class_list":{"0":"post-84372","1":"product","2":"type-product","3":"status-publish","4":"has-post-thumbnail","6":"product_cat-camisolas","7":"product_cat-homem","8":"ts_product_brand-the-north-face","10":"first","11":"instock","12":"shipping-taxable","13":"purchasable","14":"product-type-variable"},"yoast_head":"<!-- This site is optimized with the Yoast SEO plugin v27.6 - https:\/\/yoast.com\/product\/yoast-seo-wordpress\/ -->\n<title>Sweat The North Face - Guibutik<\/title>\n<meta name=\"robots\" content=\"index, follow, max-snippet:-1, max-image-preview:large, max-video-preview:-1\" \/>\n<link rel=\"canonical\" href=\"https:\/\/www.guibutik.pt\/loja\/produto\/sweat-the-north-face-2\/\" \/>\n<meta property=\"og:locale\" content=\"pt_PT\" \/>\n<meta property=\"og:type\" content=\"article\" \/>\n<meta property=\"og:title\" content=\"Sweat The North Face - Guibutik\" \/>\n<meta property=\"og:description\" content=\"Tamanho e Corte Normal. O nosso modelo mede 180 cm e veste o tamanho M Simples e discreta, a camisola com capuz Evolution Box Half Dome \u00e9 uma pe\u00e7a f\u00e1cil de aplicar em camadas que vais querer usar repetidamente. \u00c9 fabricada com tecido cardado no interior para uma sensa\u00e7\u00e3o de calor e conforto, ideal para [&hellip;]\" \/>\n<meta property=\"og:url\" content=\"https:\/\/www.guibutik.pt\/loja\/produto\/sweat-the-north-face-2\/\" \/>\n<meta property=\"og:site_name\" content=\"Guibutik\" \/>\n<meta property=\"article:publisher\" content=\"https:\/\/www.facebook.com\/guibutik\/\" \/>\n<meta property=\"article:modified_time\" content=\"2026-03-26T17:30:21+00:00\" \/>\n<meta property=\"og:image\" content=\"https:\/\/www.guibutik.pt\/loja\/wp-content\/uploads\/2026\/03\/NF0A8G9E_JK3-HERO.png\" \/>\n\t<meta property=\"og:image:width\" content=\"1000\" \/>\n\t<meta property=\"og:image:height\" content=\"1000\" \/>\n\t<meta property=\"og:image:type\" content=\"image\/png\" \/>\n<meta name=\"twitter:card\" content=\"summary_large_image\" \/>\n<meta name=\"twitter:label1\" content=\"Tempo estimado de leitura\" \/>\n\t<meta name=\"twitter:data1\" content=\"2 minutos\" \/>\n<script type=\"application\/ld+json\" class=\"yoast-schema-graph\">{\"@context\":\"https:\\\/\\\/schema.org\",\"@graph\":[{\"@type\":\"WebPage\",\"@id\":\"https:\\\/\\\/www.guibutik.pt\\\/loja\\\/produto\\\/sweat-the-north-face-2\\\/\",\"url\":\"https:\\\/\\\/www.guibutik.pt\\\/loja\\\/produto\\\/sweat-the-north-face-2\\\/\",\"name\":\"Sweat The North Face - Guibutik\",\"isPartOf\":{\"@id\":\"https:\\\/\\\/www.guibutik.pt\\\/loja\\\/#website\"},\"primaryImageOfPage\":{\"@id\":\"https:\\\/\\\/www.guibutik.pt\\\/loja\\\/produto\\\/sweat-the-north-face-2\\\/#primaryimage\"},\"image\":{\"@id\":\"https:\\\/\\\/www.guibutik.pt\\\/loja\\\/produto\\\/sweat-the-north-face-2\\\/#primaryimage\"},\"thumbnailUrl\":\"https:\\\/\\\/www.guibutik.pt\\\/loja\\\/wp-content\\\/uploads\\\/2026\\\/03\\\/NF0A8G9E_JK3-HERO.png\",\"datePublished\":\"2026-03-26T17:26:56+00:00\",\"dateModified\":\"2026-03-26T17:30:21+00:00\",\"breadcrumb\":{\"@id\":\"https:\\\/\\\/www.guibutik.pt\\\/loja\\\/produto\\\/sweat-the-north-face-2\\\/#breadcrumb\"},\"inLanguage\":\"pt-PT\",\"potentialAction\":[{\"@type\":\"ReadAction\",\"target\":[\"https:\\\/\\\/www.guibutik.pt\\\/loja\\\/produto\\\/sweat-the-north-face-2\\\/\"]}]},{\"@type\":\"ImageObject\",\"inLanguage\":\"pt-PT\",\"@id\":\"https:\\\/\\\/www.guibutik.pt\\\/loja\\\/produto\\\/sweat-the-north-face-2\\\/#primaryimage\",\"url\":\"https:\\\/\\\/www.guibutik.pt\\\/loja\\\/wp-content\\\/uploads\\\/2026\\\/03\\\/NF0A8G9E_JK3-HERO.png\",\"contentUrl\":\"https:\\\/\\\/www.guibutik.pt\\\/loja\\\/wp-content\\\/uploads\\\/2026\\\/03\\\/NF0A8G9E_JK3-HERO.png\",\"width\":1000,\"height\":1000},{\"@type\":\"BreadcrumbList\",\"@id\":\"https:\\\/\\\/www.guibutik.pt\\\/loja\\\/produto\\\/sweat-the-north-face-2\\\/#breadcrumb\",\"itemListElement\":[{\"@type\":\"ListItem\",\"position\":1,\"name\":\"In\u00edcio\",\"item\":\"https:\\\/\\\/www.guibutik.pt\\\/loja\\\/\"},{\"@type\":\"ListItem\",\"position\":2,\"name\":\"Loja\",\"item\":\"https:\\\/\\\/www.guibutik.pt\\\/loja\\\/shop\\\/\"},{\"@type\":\"ListItem\",\"position\":3,\"name\":\"Sweat The North Face\"}]},{\"@type\":\"WebSite\",\"@id\":\"https:\\\/\\\/www.guibutik.pt\\\/loja\\\/#website\",\"url\":\"https:\\\/\\\/www.guibutik.pt\\\/loja\\\/\",\"name\":\"Guibutik\",\"description\":\"Moda e Sapataria\",\"potentialAction\":[{\"@type\":\"SearchAction\",\"target\":{\"@type\":\"EntryPoint\",\"urlTemplate\":\"https:\\\/\\\/www.guibutik.pt\\\/loja\\\/?s={search_term_string}\"},\"query-input\":{\"@type\":\"PropertyValueSpecification\",\"valueRequired\":true,\"valueName\":\"search_term_string\"}}],\"inLanguage\":\"pt-PT\"}]}<\/script>\n<!-- \/ Yoast SEO plugin. -->","yoast_head_json":{"title":"Sweat The North Face - Guibutik","robots":{"index":"index","follow":"follow","max-snippet":"max-snippet:-1","max-image-preview":"max-image-preview:large","max-video-preview":"max-video-preview:-1"},"canonical":"https:\/\/www.guibutik.pt\/loja\/produto\/sweat-the-north-face-2\/","og_locale":"pt_PT","og_type":"article","og_title":"Sweat The North Face - Guibutik","og_description":"Tamanho e Corte Normal. O nosso modelo mede 180 cm e veste o tamanho M Simples e discreta, a camisola com capuz Evolution Box Half Dome \u00e9 uma pe\u00e7a f\u00e1cil de aplicar em camadas que vais querer usar repetidamente. \u00c9 fabricada com tecido cardado no interior para uma sensa\u00e7\u00e3o de calor e conforto, ideal para [&hellip;]","og_url":"https:\/\/www.guibutik.pt\/loja\/produto\/sweat-the-north-face-2\/","og_site_name":"Guibutik","article_publisher":"https:\/\/www.facebook.com\/guibutik\/","article_modified_time":"2026-03-26T17:30:21+00:00","og_image":[{"width":1000,"height":1000,"url":"https:\/\/www.guibutik.pt\/loja\/wp-content\/uploads\/2026\/03\/NF0A8G9E_JK3-HERO.png","type":"image\/png"}],"twitter_card":"summary_large_image","twitter_misc":{"Tempo estimado de leitura":"2 minutos"},"schema":{"@context":"https:\/\/schema.org","@graph":[{"@type":"WebPage","@id":"https:\/\/www.guibutik.pt\/loja\/produto\/sweat-the-north-face-2\/","url":"https:\/\/www.guibutik.pt\/loja\/produto\/sweat-the-north-face-2\/","name":"Sweat The North Face - Guibutik","isPartOf":{"@id":"https:\/\/www.guibutik.pt\/loja\/#website"},"primaryImageOfPage":{"@id":"https:\/\/www.guibutik.pt\/loja\/produto\/sweat-the-north-face-2\/#primaryimage"},"image":{"@id":"https:\/\/www.guibutik.pt\/loja\/produto\/sweat-the-north-face-2\/#primaryimage"},"thumbnailUrl":"https:\/\/www.guibutik.pt\/loja\/wp-content\/uploads\/2026\/03\/NF0A8G9E_JK3-HERO.png","datePublished":"2026-03-26T17:26:56+00:00","dateModified":"2026-03-26T17:30:21+00:00","breadcrumb":{"@id":"https:\/\/www.guibutik.pt\/loja\/produto\/sweat-the-north-face-2\/#breadcrumb"},"inLanguage":"pt-PT","potentialAction":[{"@type":"ReadAction","target":["https:\/\/www.guibutik.pt\/loja\/produto\/sweat-the-north-face-2\/"]}]},{"@type":"ImageObject","inLanguage":"pt-PT","@id":"https:\/\/www.guibutik.pt\/loja\/produto\/sweat-the-north-face-2\/#primaryimage","url":"https:\/\/www.guibutik.pt\/loja\/wp-content\/uploads\/2026\/03\/NF0A8G9E_JK3-HERO.png","contentUrl":"https:\/\/www.guibutik.pt\/loja\/wp-content\/uploads\/2026\/03\/NF0A8G9E_JK3-HERO.png","width":1000,"height":1000},{"@type":"BreadcrumbList","@id":"https:\/\/www.guibutik.pt\/loja\/produto\/sweat-the-north-face-2\/#breadcrumb","itemListElement":[{"@type":"ListItem","position":1,"name":"In\u00edcio","item":"https:\/\/www.guibutik.pt\/loja\/"},{"@type":"ListItem","position":2,"name":"Loja","item":"https:\/\/www.guibutik.pt\/loja\/shop\/"},{"@type":"ListItem","position":3,"name":"Sweat The North Face"}]},{"@type":"WebSite","@id":"https:\/\/www.guibutik.pt\/loja\/#website","url":"https:\/\/www.guibutik.pt\/loja\/","name":"Guibutik","description":"Moda e Sapataria","potentialAction":[{"@type":"SearchAction","target":{"@type":"EntryPoint","urlTemplate":"https:\/\/www.guibutik.pt\/loja\/?s={search_term_string}"},"query-input":{"@type":"PropertyValueSpecification","valueRequired":true,"valueName":"search_term_string"}}],"inLanguage":"pt-PT"}]}},"_links":{"self":[{"href":"https:\/\/www.guibutik.pt\/loja\/wp-json\/wp\/v2\/product\/84372","targetHints":{"allow":["GET"]}}],"collection":[{"href":"https:\/\/www.guibutik.pt\/loja\/wp-json\/wp\/v2\/product"}],"about":[{"href":"https:\/\/www.guibutik.pt\/loja\/wp-json\/wp\/v2\/types\/product"}],"replies":[{"embeddable":true,"href":"https:\/\/www.guibutik.pt\/loja\/wp-json\/wp\/v2\/comments?post=84372"}],"wp:featuredmedia":[{"embeddable":true,"href":"https:\/\/www.guibutik.pt\/loja\/wp-json\/wp\/v2\/media\/84387"}],"wp:attachment":[{"href":"https:\/\/www.guibutik.pt\/loja\/wp-json\/wp\/v2\/media?parent=84372"}],"wp:term":[{"taxonomy":"product_cat","embeddable":true,"href":"https:\/\/www.guibutik.pt\/loja\/wp-json\/wp\/v2\/product_cat?post=84372"},{"taxonomy":"product_tag","embeddable":true,"href":"https:\/\/www.guibutik.pt\/loja\/wp-json\/wp\/v2\/product_tag?post=84372"}],"curies":[{"name":"wp","href":"https:\/\/api.w.org\/{rel}","templated":true}]}}