{"id":84371,"date":"2026-03-26T18:19:26","date_gmt":"2026-03-26T17:19:26","guid":{"rendered":"https:\/\/www.guibutik.pt\/loja\/?post_type=product&#038;p=84371"},"modified":"2026-03-26T18:19:26","modified_gmt":"2026-03-26T17:19:26","slug":"bone-the-north-face-3","status":"publish","type":"product","link":"https:\/\/www.guibutik.pt\/loja\/produto\/bone-the-north-face-3\/","title":{"rendered":"Bon\u00e9 The North Face"},"content":{"rendered":"<ul class=\"space-y-4\">\n<li>\n<div class=\"group flex items-start gap-4\"><picture class=\"aspect-square w-full shrink-0\" data-test-id=\"base-picture\"><img loading=\"lazy\" decoding=\"async\" class=\"contain\" src=\"https:\/\/assets.thenorthface.eu\/image\/upload\/v1728567345\/benefit-icon-recycled.webp\" alt=\"Material reciclado\" width=\"52\" height=\"52\" \/><\/picture>\n<div class=\"grow space-y-1\">\n<p class=\"fw-bold title-5\">Material reciclado<\/p>\n<div class=\"ws-pre-wrap subtitle-4\">Este produto \u00e9 fabricado com materiais reciclados, o que ajuda a reduzir os res\u00edduos depositados em aterros e a minimizar o seu impacto na natureza.<\/div>\n<\/div>\n<\/div>\n<div><\/div>\n<\/li>\n<li>\n<div class=\"group flex items-start gap-4\">\n<div class=\"grow space-y-1\">\n<p class=\"fw-bold title-5\">Ajuste cl\u00e1ssico: um ajuste cl\u00e1ssico que n\u00e3o \u00e9 muito apertado para o m\u00e1ximo conforto<\/p>\n<div class=\"ws-pre-wrap subtitle-4\">O bon\u00e9 &#8217;66 Classic \u00e9 apenas isso, um bon\u00e9 de basebol de forma cl\u00e1ssica e normal. A principal diferen\u00e7a em rela\u00e7\u00e3o aos modelos anteriores \u00e9 que \u00e9 totalmente fabricado em poli\u00e9ster reciclado, o que contribuiu para manter o pl\u00e1stico fora dos aterros.<\/div>\n<\/div>\n<\/div>\n<\/li>\n<li>Pain\u00e9is frontais estruturados<\/li>\n<li>Fecho ajust\u00e1vel da correia do mesmo material com uma fivela de lat\u00e3o com marca na parte de tr\u00e1s<\/li>\n<li>Log\u00f3tipo bordado; cor TNF Black-Steep Tech: emblema Steep Tech<\/li>\n<li>\n<dl class=\"grid gap-y-4\" title=\"Detalhes\">\n<dt class=\"pr-2 fw-bold\">Tecido<\/dt>\n<dd>100% poli\u00e9ster reciclado<\/dd>\n<\/dl>\n<\/li>\n<\/ul>\n<ul class=\"space-y-4\">\n<li>\n<div class=\"group flex items-start gap-4\"><picture class=\"aspect-square w-full shrink-0\" data-test-id=\"base-picture\"><img loading=\"lazy\" decoding=\"async\" class=\"contain\" src=\"https:\/\/assets.thenorthface.eu\/image\/upload\/v1728567301\/Howtocare_icon_SpotCleanOnly.webp\" alt=\"Apenas limpeza de manchas\" width=\"52\" height=\"52\" \/><\/picture>\n<div class=\"grow space-y-1\">\n<p class=\"fw-bold title-5\">Apenas limpeza de manchas<\/p>\n<div class=\"ws-pre-wrap subtitle-4\">A melhor forma de limpar a sua bolsa ou mochila \u00e9 limpar as zonas sujas com um pano h\u00famido e, em seguida, deixar secar ao ar. N\u00e3o recomendamos submergir totalmente na \u00e1gua.<\/div>\n<\/div>\n<\/div>\n<\/li>\n<li>\n<div class=\"group flex items-start gap-4\"><picture class=\"aspect-square w-full shrink-0\" data-test-id=\"base-picture\"><img loading=\"lazy\" decoding=\"async\" class=\"contain\" src=\"https:\/\/assets.thenorthface.eu\/image\/upload\/v1754580635\/Howtocare_icon_SpotClean.webp\" alt=\"Limpar de forma localizada e secar ao ar\" width=\"52\" height=\"52\" \/><\/picture>\n<div class=\"grow space-y-1\">\n<p class=\"fw-bold title-5\">Limpar de forma localizada e secar ao ar<\/p>\n<div class=\"ws-pre-wrap subtitle-4\">A melhor forma de limpar o bon\u00e9 ou gorro \u00e9 limpar as zonas sujas com um pano h\u00famido e, em seguida, deixar secar ao ar. N\u00e3o recomendamos submergir totalmente na \u00e1gua.<\/div>\n<\/div>\n<\/div>\n<\/li>\n<\/ul>\n","protected":false},"excerpt":{"rendered":"<p>Material reciclado Este produto \u00e9 fabricado com materiais reciclados, o que ajuda a reduzir os res\u00edduos depositados em aterros e a minimizar o seu impacto na natureza. Ajuste cl\u00e1ssico: um ajuste cl\u00e1ssico que n\u00e3o \u00e9 muito apertado para o m\u00e1ximo conforto O bon\u00e9 &#8217;66 Classic \u00e9 apenas isso, um bon\u00e9 de basebol de forma cl\u00e1ssica [&hellip;]<\/p>\n","protected":false},"featured_media":84373,"comment_status":"closed","ping_status":"closed","template":"","meta":[],"product_cat":[232,297],"product_tag":[],"class_list":{"0":"post-84371","1":"product","2":"type-product","3":"status-publish","4":"has-post-thumbnail","6":"product_cat-acessorios","7":"product_cat-bones-e-gorros","8":"ts_product_brand-the-north-face","10":"first","11":"instock","12":"shipping-taxable","13":"purchasable","14":"product-type-simple"},"yoast_head":"<!-- This site is optimized with the Yoast SEO plugin v27.6 - https:\/\/yoast.com\/product\/yoast-seo-wordpress\/ -->\n<title>Bon\u00e9 The North Face - Guibutik<\/title>\n<meta name=\"robots\" content=\"index, follow, max-snippet:-1, max-image-preview:large, max-video-preview:-1\" \/>\n<link rel=\"canonical\" href=\"https:\/\/www.guibutik.pt\/loja\/produto\/bone-the-north-face-3\/\" \/>\n<meta property=\"og:locale\" content=\"pt_PT\" \/>\n<meta property=\"og:type\" content=\"article\" \/>\n<meta property=\"og:title\" content=\"Bon\u00e9 The North Face - Guibutik\" \/>\n<meta property=\"og:description\" content=\"Material reciclado Este produto \u00e9 fabricado com materiais reciclados, o que ajuda a reduzir os res\u00edduos depositados em aterros e a minimizar o seu impacto na natureza. Ajuste cl\u00e1ssico: um ajuste cl\u00e1ssico que n\u00e3o \u00e9 muito apertado para o m\u00e1ximo conforto O bon\u00e9 &#8217;66 Classic \u00e9 apenas isso, um bon\u00e9 de basebol de forma cl\u00e1ssica [&hellip;]\" \/>\n<meta property=\"og:url\" content=\"https:\/\/www.guibutik.pt\/loja\/produto\/bone-the-north-face-3\/\" \/>\n<meta property=\"og:site_name\" content=\"Guibutik\" \/>\n<meta property=\"article:publisher\" content=\"https:\/\/www.facebook.com\/guibutik\/\" \/>\n<meta property=\"og:image\" content=\"https:\/\/www.guibutik.pt\/loja\/wp-content\/uploads\/2026\/03\/A4VSV.jpg\" \/>\n\t<meta property=\"og:image:width\" content=\"924\" \/>\n\t<meta property=\"og:image:height\" content=\"924\" \/>\n\t<meta property=\"og:image:type\" content=\"image\/jpeg\" \/>\n<meta name=\"twitter:card\" content=\"summary_large_image\" \/>\n<meta name=\"twitter:label1\" content=\"Tempo estimado de leitura\" \/>\n\t<meta name=\"twitter:data1\" content=\"2 minutos\" \/>\n<script type=\"application\/ld+json\" class=\"yoast-schema-graph\">{\"@context\":\"https:\\\/\\\/schema.org\",\"@graph\":[{\"@type\":\"WebPage\",\"@id\":\"https:\\\/\\\/www.guibutik.pt\\\/loja\\\/produto\\\/bone-the-north-face-3\\\/\",\"url\":\"https:\\\/\\\/www.guibutik.pt\\\/loja\\\/produto\\\/bone-the-north-face-3\\\/\",\"name\":\"Bon\u00e9 The North Face - Guibutik\",\"isPartOf\":{\"@id\":\"https:\\\/\\\/www.guibutik.pt\\\/loja\\\/#website\"},\"primaryImageOfPage\":{\"@id\":\"https:\\\/\\\/www.guibutik.pt\\\/loja\\\/produto\\\/bone-the-north-face-3\\\/#primaryimage\"},\"image\":{\"@id\":\"https:\\\/\\\/www.guibutik.pt\\\/loja\\\/produto\\\/bone-the-north-face-3\\\/#primaryimage\"},\"thumbnailUrl\":\"https:\\\/\\\/www.guibutik.pt\\\/loja\\\/wp-content\\\/uploads\\\/2026\\\/03\\\/A4VSV.jpg\",\"datePublished\":\"2026-03-26T17:19:26+00:00\",\"breadcrumb\":{\"@id\":\"https:\\\/\\\/www.guibutik.pt\\\/loja\\\/produto\\\/bone-the-north-face-3\\\/#breadcrumb\"},\"inLanguage\":\"pt-PT\",\"potentialAction\":[{\"@type\":\"ReadAction\",\"target\":[\"https:\\\/\\\/www.guibutik.pt\\\/loja\\\/produto\\\/bone-the-north-face-3\\\/\"]}]},{\"@type\":\"ImageObject\",\"inLanguage\":\"pt-PT\",\"@id\":\"https:\\\/\\\/www.guibutik.pt\\\/loja\\\/produto\\\/bone-the-north-face-3\\\/#primaryimage\",\"url\":\"https:\\\/\\\/www.guibutik.pt\\\/loja\\\/wp-content\\\/uploads\\\/2026\\\/03\\\/A4VSV.jpg\",\"contentUrl\":\"https:\\\/\\\/www.guibutik.pt\\\/loja\\\/wp-content\\\/uploads\\\/2026\\\/03\\\/A4VSV.jpg\",\"width\":924,\"height\":924},{\"@type\":\"BreadcrumbList\",\"@id\":\"https:\\\/\\\/www.guibutik.pt\\\/loja\\\/produto\\\/bone-the-north-face-3\\\/#breadcrumb\",\"itemListElement\":[{\"@type\":\"ListItem\",\"position\":1,\"name\":\"In\u00edcio\",\"item\":\"https:\\\/\\\/www.guibutik.pt\\\/loja\\\/\"},{\"@type\":\"ListItem\",\"position\":2,\"name\":\"Loja\",\"item\":\"https:\\\/\\\/www.guibutik.pt\\\/loja\\\/shop\\\/\"},{\"@type\":\"ListItem\",\"position\":3,\"name\":\"Bon\u00e9 The North Face\"}]},{\"@type\":\"WebSite\",\"@id\":\"https:\\\/\\\/www.guibutik.pt\\\/loja\\\/#website\",\"url\":\"https:\\\/\\\/www.guibutik.pt\\\/loja\\\/\",\"name\":\"Guibutik\",\"description\":\"Moda e Sapataria\",\"potentialAction\":[{\"@type\":\"SearchAction\",\"target\":{\"@type\":\"EntryPoint\",\"urlTemplate\":\"https:\\\/\\\/www.guibutik.pt\\\/loja\\\/?s={search_term_string}\"},\"query-input\":{\"@type\":\"PropertyValueSpecification\",\"valueRequired\":true,\"valueName\":\"search_term_string\"}}],\"inLanguage\":\"pt-PT\"}]}<\/script>\n<!-- \/ Yoast SEO plugin. -->","yoast_head_json":{"title":"Bon\u00e9 The North Face - Guibutik","robots":{"index":"index","follow":"follow","max-snippet":"max-snippet:-1","max-image-preview":"max-image-preview:large","max-video-preview":"max-video-preview:-1"},"canonical":"https:\/\/www.guibutik.pt\/loja\/produto\/bone-the-north-face-3\/","og_locale":"pt_PT","og_type":"article","og_title":"Bon\u00e9 The North Face - Guibutik","og_description":"Material reciclado Este produto \u00e9 fabricado com materiais reciclados, o que ajuda a reduzir os res\u00edduos depositados em aterros e a minimizar o seu impacto na natureza. Ajuste cl\u00e1ssico: um ajuste cl\u00e1ssico que n\u00e3o \u00e9 muito apertado para o m\u00e1ximo conforto O bon\u00e9 &#8217;66 Classic \u00e9 apenas isso, um bon\u00e9 de basebol de forma cl\u00e1ssica [&hellip;]","og_url":"https:\/\/www.guibutik.pt\/loja\/produto\/bone-the-north-face-3\/","og_site_name":"Guibutik","article_publisher":"https:\/\/www.facebook.com\/guibutik\/","og_image":[{"width":924,"height":924,"url":"https:\/\/www.guibutik.pt\/loja\/wp-content\/uploads\/2026\/03\/A4VSV.jpg","type":"image\/jpeg"}],"twitter_card":"summary_large_image","twitter_misc":{"Tempo estimado de leitura":"2 minutos"},"schema":{"@context":"https:\/\/schema.org","@graph":[{"@type":"WebPage","@id":"https:\/\/www.guibutik.pt\/loja\/produto\/bone-the-north-face-3\/","url":"https:\/\/www.guibutik.pt\/loja\/produto\/bone-the-north-face-3\/","name":"Bon\u00e9 The North Face - Guibutik","isPartOf":{"@id":"https:\/\/www.guibutik.pt\/loja\/#website"},"primaryImageOfPage":{"@id":"https:\/\/www.guibutik.pt\/loja\/produto\/bone-the-north-face-3\/#primaryimage"},"image":{"@id":"https:\/\/www.guibutik.pt\/loja\/produto\/bone-the-north-face-3\/#primaryimage"},"thumbnailUrl":"https:\/\/www.guibutik.pt\/loja\/wp-content\/uploads\/2026\/03\/A4VSV.jpg","datePublished":"2026-03-26T17:19:26+00:00","breadcrumb":{"@id":"https:\/\/www.guibutik.pt\/loja\/produto\/bone-the-north-face-3\/#breadcrumb"},"inLanguage":"pt-PT","potentialAction":[{"@type":"ReadAction","target":["https:\/\/www.guibutik.pt\/loja\/produto\/bone-the-north-face-3\/"]}]},{"@type":"ImageObject","inLanguage":"pt-PT","@id":"https:\/\/www.guibutik.pt\/loja\/produto\/bone-the-north-face-3\/#primaryimage","url":"https:\/\/www.guibutik.pt\/loja\/wp-content\/uploads\/2026\/03\/A4VSV.jpg","contentUrl":"https:\/\/www.guibutik.pt\/loja\/wp-content\/uploads\/2026\/03\/A4VSV.jpg","width":924,"height":924},{"@type":"BreadcrumbList","@id":"https:\/\/www.guibutik.pt\/loja\/produto\/bone-the-north-face-3\/#breadcrumb","itemListElement":[{"@type":"ListItem","position":1,"name":"In\u00edcio","item":"https:\/\/www.guibutik.pt\/loja\/"},{"@type":"ListItem","position":2,"name":"Loja","item":"https:\/\/www.guibutik.pt\/loja\/shop\/"},{"@type":"ListItem","position":3,"name":"Bon\u00e9 The North Face"}]},{"@type":"WebSite","@id":"https:\/\/www.guibutik.pt\/loja\/#website","url":"https:\/\/www.guibutik.pt\/loja\/","name":"Guibutik","description":"Moda e Sapataria","potentialAction":[{"@type":"SearchAction","target":{"@type":"EntryPoint","urlTemplate":"https:\/\/www.guibutik.pt\/loja\/?s={search_term_string}"},"query-input":{"@type":"PropertyValueSpecification","valueRequired":true,"valueName":"search_term_string"}}],"inLanguage":"pt-PT"}]}},"_links":{"self":[{"href":"https:\/\/www.guibutik.pt\/loja\/wp-json\/wp\/v2\/product\/84371","targetHints":{"allow":["GET"]}}],"collection":[{"href":"https:\/\/www.guibutik.pt\/loja\/wp-json\/wp\/v2\/product"}],"about":[{"href":"https:\/\/www.guibutik.pt\/loja\/wp-json\/wp\/v2\/types\/product"}],"replies":[{"embeddable":true,"href":"https:\/\/www.guibutik.pt\/loja\/wp-json\/wp\/v2\/comments?post=84371"}],"wp:featuredmedia":[{"embeddable":true,"href":"https:\/\/www.guibutik.pt\/loja\/wp-json\/wp\/v2\/media\/84373"}],"wp:attachment":[{"href":"https:\/\/www.guibutik.pt\/loja\/wp-json\/wp\/v2\/media?parent=84371"}],"wp:term":[{"taxonomy":"product_cat","embeddable":true,"href":"https:\/\/www.guibutik.pt\/loja\/wp-json\/wp\/v2\/product_cat?post=84371"},{"taxonomy":"product_tag","embeddable":true,"href":"https:\/\/www.guibutik.pt\/loja\/wp-json\/wp\/v2\/product_tag?post=84371"}],"curies":[{"name":"wp","href":"https:\/\/api.w.org\/{rel}","templated":true}]}}