{"id":84361,"date":"2026-03-26T18:15:12","date_gmt":"2026-03-26T17:15:12","guid":{"rendered":"https:\/\/www.guibutik.pt\/loja\/?post_type=product&#038;p=84361"},"modified":"2026-03-26T18:15:12","modified_gmt":"2026-03-26T17:15:12","slug":"bone-the-north-face","status":"publish","type":"product","link":"https:\/\/www.guibutik.pt\/loja\/produto\/bone-the-north-face\/","title":{"rendered":"Bon\u00e9 The North Face"},"content":{"rendered":"<ul class=\"space-y-4\">\n<li>\n<div class=\"group flex items-start gap-4\"><picture class=\"aspect-square w-full shrink-0\" data-test-id=\"base-picture\"><img loading=\"lazy\" decoding=\"async\" class=\"contain\" src=\"https:\/\/assets.thenorthface.eu\/image\/upload\/v1728567345\/benefit-icon-recycled.webp\" alt=\"Material reciclado\" width=\"52\" height=\"52\" \/><\/picture>\n<div class=\"grow space-y-1\">\n<p class=\"fw-bold title-5\">Material reciclado<\/p>\n<div class=\"ws-pre-wrap subtitle-4\">Este produto \u00e9 fabricado com materiais reciclados, o que ajuda a reduzir os res\u00edduos depositados em aterros e a minimizar o seu impacto na natureza.<\/div>\n<\/div>\n<\/div>\n<\/li>\n<li>\n<div class=\"group flex items-start gap-4\"><picture class=\"aspect-square w-full shrink-0\" data-test-id=\"base-picture\"><img loading=\"lazy\" decoding=\"async\" class=\"contain\" src=\"https:\/\/assets.thenorthface.eu\/image\/upload\/v1728567348\/benefit-icon-stretch.webp\" alt=\"El\u00e1stico\" width=\"52\" height=\"52\" \/><\/picture>\n<div class=\"grow space-y-1\">\n<p class=\"fw-bold title-5\">El\u00e1stico<\/p>\n<div class=\"ws-pre-wrap subtitle-4\">Desfruta de uma maior amplitude de movimentos e de maior conforto.<\/div>\n<\/div>\n<\/div>\n<\/li>\n<li>\n<div class=\"group flex items-start gap-4\"><picture class=\"aspect-square w-full shrink-0\" data-test-id=\"base-picture\"><img loading=\"lazy\" decoding=\"async\" class=\"contain\" src=\"https:\/\/assets.thenorthface.eu\/image\/upload\/v1728567352\/benefit-icon-wicking.webp\" alt=\"Secagem r\u00e1pida - Absor\u00e7\u00e3o\" width=\"52\" height=\"52\" \/><\/picture>\n<div class=\"grow space-y-1\">\n<p class=\"fw-bold title-5\">Secagem r\u00e1pida &#8211; Absor\u00e7\u00e3o<\/p>\n<div class=\"ws-pre-wrap subtitle-4\">O tecido de secagem r\u00e1pida desloca a humidade para a superf\u00edcie, para evaporar.<\/div>\n<\/div>\n<\/div>\n<div><\/div>\n<\/li>\n<\/ul>\n<ul class=\"space-y-4\">\n<li>\n<div class=\"group flex items-start gap-4\">\n<div class=\"grow space-y-1\">\n<p class=\"fw-bold title-5\">Ajuste cl\u00e1ssico: um ajuste cl\u00e1ssico que n\u00e3o \u00e9 muito apertado para o m\u00e1ximo conforto<\/p>\n<div class=\"ws-pre-wrap subtitle-4\">Quando o sol brilha, o bon\u00e9 estilo camionista Mudder \u00e9 uma pe\u00e7a obrigat\u00f3ria sempre que sais. A forma cl\u00e1ssica \u00e9 uma interpreta\u00e7\u00e3o moderna da est\u00e9tica de camionista, enquanto o fecho com correia \u00e9 ajust\u00e1vel, para um ajuste perfeito. Al\u00e9m disso, os pain\u00e9is traseiros em malha reciclada ajudam a manter a frescura, mesmo quando o sol est\u00e1 a bater, deixando o ar fluir.<\/div>\n<\/div>\n<\/div>\n<div><\/div>\n<\/li>\n<li>A faixa absorvente apresenta materiais FlashDry\u2122 que proporcionam uma gest\u00e3o melhorada da humidade para te manteres confort\u00e1vel<\/li>\n<li>Fecho com correia ajust\u00e1vel feito em pl\u00e1stico reciclado<\/li>\n<li>V\u00e1rios log\u00f3tipos, t\u00e9cnicas gr\u00e1ficas e tratamentos<\/li>\n<li>\n<dl class=\"grid gap-y-4\" title=\"Detalhes\">\n<dt class=\"pr-2 fw-bold\">Tecido &#8211; pain\u00e9is frontais e pala<\/dt>\n<dd>100% poli\u00e9ster reciclado<\/dd>\n<dt class=\"pr-2 fw-bold\">Tecido &#8211; pain\u00e9is frontais e pala (modelo mesclado)<\/dt>\n<dd>100% algod\u00e3o<\/dd>\n<dt class=\"pr-2 fw-bold\">Tecido &#8211; pain\u00e9is traseiros<\/dt>\n<dd>100% malha de poli\u00e9ster reciclada<\/dd>\n<dt class=\"pr-2 fw-bold\">Tecido &#8211; faixa absorvente<\/dt>\n<dd>94% poli\u00e9ster, 6% elastano com FlashDry\u2122<\/dd>\n<\/dl>\n<\/li>\n<\/ul>\n<ul class=\"space-y-4\">\n<li>\n<div class=\"group flex items-start gap-4\">\n<div class=\"grow space-y-1\">\n<p class=\"fw-bold title-5\">FLASHDRY-XD\u2122<\/p>\n<div class=\"ws-pre-wrap subtitle-4\">Os tecidos FlashDry-XD\u2122 afastam a humidade, secam rapidamente e s\u00e3o resistentes \u00e0 abras\u00e3o e aos rasg\u00f5es para uma durabilidade extrema nas condi\u00e7\u00f5es mais dif\u00edceis.<\/div>\n<\/div>\n<\/div>\n<div><\/div>\n<\/li>\n<\/ul>\n<p>Cuidados:<\/p>\n<ul class=\"space-y-4\">\n<li>\n<div class=\"group flex items-start gap-4\"><picture class=\"aspect-square w-full shrink-0\" data-test-id=\"base-picture\"><img loading=\"lazy\" decoding=\"async\" class=\"contain\" src=\"https:\/\/assets.thenorthface.eu\/image\/upload\/v1728567301\/Howtocare_icon_SpotCleanOnly.webp\" alt=\"Apenas limpeza de manchas\" width=\"52\" height=\"52\" \/><\/picture>\n<div class=\"grow space-y-1\">\n<p class=\"fw-bold title-5\">Apenas limpeza de manchas<\/p>\n<div class=\"ws-pre-wrap subtitle-4\">A melhor forma de limpar a sua bolsa ou mochila \u00e9 limpar as zonas sujas com um pano h\u00famido e, em seguida, deixar secar ao ar. N\u00e3o recomendamos submergir totalmente na \u00e1gua.<\/div>\n<\/div>\n<\/div>\n<\/li>\n<li>\n<div class=\"group flex items-start gap-4\"><picture class=\"aspect-square w-full shrink-0\" data-test-id=\"base-picture\"><img loading=\"lazy\" decoding=\"async\" class=\"contain\" src=\"https:\/\/assets.thenorthface.eu\/image\/upload\/v1754580635\/Howtocare_icon_SpotClean.webp\" alt=\"Limpar de forma localizada e secar ao ar\" width=\"52\" height=\"52\" \/><\/picture>\n<div class=\"grow space-y-1\">\n<p class=\"fw-bold title-5\">Limpar de forma localizada e secar ao ar<\/p>\n<div class=\"ws-pre-wrap subtitle-4\">A melhor forma de limpar o bon\u00e9 ou gorro \u00e9 limpar as zonas sujas com um pano h\u00famido e, em seguida, deixar secar ao ar. N\u00e3o recomendamos submergir totalmente na \u00e1gua.<\/div>\n<\/div>\n<\/div>\n<\/li>\n<\/ul>\n","protected":false},"excerpt":{"rendered":"<p>Material reciclado Este produto \u00e9 fabricado com materiais reciclados, o que ajuda a reduzir os res\u00edduos depositados em aterros e a minimizar o seu impacto na natureza. El\u00e1stico Desfruta de uma maior amplitude de movimentos e de maior conforto. Secagem r\u00e1pida &#8211; Absor\u00e7\u00e3o O tecido de secagem r\u00e1pida desloca a humidade para a superf\u00edcie, para [&hellip;]<\/p>\n","protected":false},"featured_media":84362,"comment_status":"closed","ping_status":"closed","template":"","meta":[],"product_cat":[232,297],"product_tag":[],"class_list":{"0":"post-84361","1":"product","2":"type-product","3":"status-publish","4":"has-post-thumbnail","6":"product_cat-acessorios","7":"product_cat-bones-e-gorros","8":"ts_product_brand-the-north-face","10":"first","11":"instock","12":"shipping-taxable","13":"purchasable","14":"product-type-simple"},"yoast_head":"<!-- This site is optimized with the Yoast SEO plugin v27.6 - https:\/\/yoast.com\/product\/yoast-seo-wordpress\/ -->\n<title>Bon\u00e9 The North Face - Guibutik<\/title>\n<meta name=\"robots\" content=\"index, follow, max-snippet:-1, max-image-preview:large, max-video-preview:-1\" \/>\n<link rel=\"canonical\" href=\"https:\/\/www.guibutik.pt\/loja\/produto\/bone-the-north-face\/\" \/>\n<meta property=\"og:locale\" content=\"pt_PT\" \/>\n<meta property=\"og:type\" content=\"article\" \/>\n<meta property=\"og:title\" content=\"Bon\u00e9 The North Face - Guibutik\" \/>\n<meta property=\"og:description\" content=\"Material reciclado Este produto \u00e9 fabricado com materiais reciclados, o que ajuda a reduzir os res\u00edduos depositados em aterros e a minimizar o seu impacto na natureza. El\u00e1stico Desfruta de uma maior amplitude de movimentos e de maior conforto. Secagem r\u00e1pida &#8211; Absor\u00e7\u00e3o O tecido de secagem r\u00e1pida desloca a humidade para a superf\u00edcie, para [&hellip;]\" \/>\n<meta property=\"og:url\" content=\"https:\/\/www.guibutik.pt\/loja\/produto\/bone-the-north-face\/\" \/>\n<meta property=\"og:site_name\" content=\"Guibutik\" \/>\n<meta property=\"article:publisher\" content=\"https:\/\/www.facebook.com\/guibutik\/\" \/>\n<meta property=\"og:image\" content=\"https:\/\/www.guibutik.pt\/loja\/wp-content\/uploads\/2026\/03\/A5FXA.jpg\" \/>\n\t<meta property=\"og:image:width\" content=\"924\" \/>\n\t<meta property=\"og:image:height\" content=\"924\" \/>\n\t<meta property=\"og:image:type\" content=\"image\/jpeg\" \/>\n<meta name=\"twitter:card\" content=\"summary_large_image\" \/>\n<meta name=\"twitter:label1\" content=\"Tempo estimado de leitura\" \/>\n\t<meta name=\"twitter:data1\" content=\"3 minutos\" \/>\n<script type=\"application\/ld+json\" class=\"yoast-schema-graph\">{\"@context\":\"https:\\\/\\\/schema.org\",\"@graph\":[{\"@type\":\"WebPage\",\"@id\":\"https:\\\/\\\/www.guibutik.pt\\\/loja\\\/produto\\\/bone-the-north-face\\\/\",\"url\":\"https:\\\/\\\/www.guibutik.pt\\\/loja\\\/produto\\\/bone-the-north-face\\\/\",\"name\":\"Bon\u00e9 The North Face - Guibutik\",\"isPartOf\":{\"@id\":\"https:\\\/\\\/www.guibutik.pt\\\/loja\\\/#website\"},\"primaryImageOfPage\":{\"@id\":\"https:\\\/\\\/www.guibutik.pt\\\/loja\\\/produto\\\/bone-the-north-face\\\/#primaryimage\"},\"image\":{\"@id\":\"https:\\\/\\\/www.guibutik.pt\\\/loja\\\/produto\\\/bone-the-north-face\\\/#primaryimage\"},\"thumbnailUrl\":\"https:\\\/\\\/www.guibutik.pt\\\/loja\\\/wp-content\\\/uploads\\\/2026\\\/03\\\/A5FXA.jpg\",\"datePublished\":\"2026-03-26T17:15:12+00:00\",\"breadcrumb\":{\"@id\":\"https:\\\/\\\/www.guibutik.pt\\\/loja\\\/produto\\\/bone-the-north-face\\\/#breadcrumb\"},\"inLanguage\":\"pt-PT\",\"potentialAction\":[{\"@type\":\"ReadAction\",\"target\":[\"https:\\\/\\\/www.guibutik.pt\\\/loja\\\/produto\\\/bone-the-north-face\\\/\"]}]},{\"@type\":\"ImageObject\",\"inLanguage\":\"pt-PT\",\"@id\":\"https:\\\/\\\/www.guibutik.pt\\\/loja\\\/produto\\\/bone-the-north-face\\\/#primaryimage\",\"url\":\"https:\\\/\\\/www.guibutik.pt\\\/loja\\\/wp-content\\\/uploads\\\/2026\\\/03\\\/A5FXA.jpg\",\"contentUrl\":\"https:\\\/\\\/www.guibutik.pt\\\/loja\\\/wp-content\\\/uploads\\\/2026\\\/03\\\/A5FXA.jpg\",\"width\":924,\"height\":924},{\"@type\":\"BreadcrumbList\",\"@id\":\"https:\\\/\\\/www.guibutik.pt\\\/loja\\\/produto\\\/bone-the-north-face\\\/#breadcrumb\",\"itemListElement\":[{\"@type\":\"ListItem\",\"position\":1,\"name\":\"In\u00edcio\",\"item\":\"https:\\\/\\\/www.guibutik.pt\\\/loja\\\/\"},{\"@type\":\"ListItem\",\"position\":2,\"name\":\"Loja\",\"item\":\"https:\\\/\\\/www.guibutik.pt\\\/loja\\\/shop\\\/\"},{\"@type\":\"ListItem\",\"position\":3,\"name\":\"Bon\u00e9 The North Face\"}]},{\"@type\":\"WebSite\",\"@id\":\"https:\\\/\\\/www.guibutik.pt\\\/loja\\\/#website\",\"url\":\"https:\\\/\\\/www.guibutik.pt\\\/loja\\\/\",\"name\":\"Guibutik\",\"description\":\"Moda e Sapataria\",\"potentialAction\":[{\"@type\":\"SearchAction\",\"target\":{\"@type\":\"EntryPoint\",\"urlTemplate\":\"https:\\\/\\\/www.guibutik.pt\\\/loja\\\/?s={search_term_string}\"},\"query-input\":{\"@type\":\"PropertyValueSpecification\",\"valueRequired\":true,\"valueName\":\"search_term_string\"}}],\"inLanguage\":\"pt-PT\"}]}<\/script>\n<!-- \/ Yoast SEO plugin. -->","yoast_head_json":{"title":"Bon\u00e9 The North Face - Guibutik","robots":{"index":"index","follow":"follow","max-snippet":"max-snippet:-1","max-image-preview":"max-image-preview:large","max-video-preview":"max-video-preview:-1"},"canonical":"https:\/\/www.guibutik.pt\/loja\/produto\/bone-the-north-face\/","og_locale":"pt_PT","og_type":"article","og_title":"Bon\u00e9 The North Face - Guibutik","og_description":"Material reciclado Este produto \u00e9 fabricado com materiais reciclados, o que ajuda a reduzir os res\u00edduos depositados em aterros e a minimizar o seu impacto na natureza. El\u00e1stico Desfruta de uma maior amplitude de movimentos e de maior conforto. Secagem r\u00e1pida &#8211; Absor\u00e7\u00e3o O tecido de secagem r\u00e1pida desloca a humidade para a superf\u00edcie, para [&hellip;]","og_url":"https:\/\/www.guibutik.pt\/loja\/produto\/bone-the-north-face\/","og_site_name":"Guibutik","article_publisher":"https:\/\/www.facebook.com\/guibutik\/","og_image":[{"width":924,"height":924,"url":"https:\/\/www.guibutik.pt\/loja\/wp-content\/uploads\/2026\/03\/A5FXA.jpg","type":"image\/jpeg"}],"twitter_card":"summary_large_image","twitter_misc":{"Tempo estimado de leitura":"3 minutos"},"schema":{"@context":"https:\/\/schema.org","@graph":[{"@type":"WebPage","@id":"https:\/\/www.guibutik.pt\/loja\/produto\/bone-the-north-face\/","url":"https:\/\/www.guibutik.pt\/loja\/produto\/bone-the-north-face\/","name":"Bon\u00e9 The North Face - Guibutik","isPartOf":{"@id":"https:\/\/www.guibutik.pt\/loja\/#website"},"primaryImageOfPage":{"@id":"https:\/\/www.guibutik.pt\/loja\/produto\/bone-the-north-face\/#primaryimage"},"image":{"@id":"https:\/\/www.guibutik.pt\/loja\/produto\/bone-the-north-face\/#primaryimage"},"thumbnailUrl":"https:\/\/www.guibutik.pt\/loja\/wp-content\/uploads\/2026\/03\/A5FXA.jpg","datePublished":"2026-03-26T17:15:12+00:00","breadcrumb":{"@id":"https:\/\/www.guibutik.pt\/loja\/produto\/bone-the-north-face\/#breadcrumb"},"inLanguage":"pt-PT","potentialAction":[{"@type":"ReadAction","target":["https:\/\/www.guibutik.pt\/loja\/produto\/bone-the-north-face\/"]}]},{"@type":"ImageObject","inLanguage":"pt-PT","@id":"https:\/\/www.guibutik.pt\/loja\/produto\/bone-the-north-face\/#primaryimage","url":"https:\/\/www.guibutik.pt\/loja\/wp-content\/uploads\/2026\/03\/A5FXA.jpg","contentUrl":"https:\/\/www.guibutik.pt\/loja\/wp-content\/uploads\/2026\/03\/A5FXA.jpg","width":924,"height":924},{"@type":"BreadcrumbList","@id":"https:\/\/www.guibutik.pt\/loja\/produto\/bone-the-north-face\/#breadcrumb","itemListElement":[{"@type":"ListItem","position":1,"name":"In\u00edcio","item":"https:\/\/www.guibutik.pt\/loja\/"},{"@type":"ListItem","position":2,"name":"Loja","item":"https:\/\/www.guibutik.pt\/loja\/shop\/"},{"@type":"ListItem","position":3,"name":"Bon\u00e9 The North Face"}]},{"@type":"WebSite","@id":"https:\/\/www.guibutik.pt\/loja\/#website","url":"https:\/\/www.guibutik.pt\/loja\/","name":"Guibutik","description":"Moda e Sapataria","potentialAction":[{"@type":"SearchAction","target":{"@type":"EntryPoint","urlTemplate":"https:\/\/www.guibutik.pt\/loja\/?s={search_term_string}"},"query-input":{"@type":"PropertyValueSpecification","valueRequired":true,"valueName":"search_term_string"}}],"inLanguage":"pt-PT"}]}},"_links":{"self":[{"href":"https:\/\/www.guibutik.pt\/loja\/wp-json\/wp\/v2\/product\/84361","targetHints":{"allow":["GET"]}}],"collection":[{"href":"https:\/\/www.guibutik.pt\/loja\/wp-json\/wp\/v2\/product"}],"about":[{"href":"https:\/\/www.guibutik.pt\/loja\/wp-json\/wp\/v2\/types\/product"}],"replies":[{"embeddable":true,"href":"https:\/\/www.guibutik.pt\/loja\/wp-json\/wp\/v2\/comments?post=84361"}],"wp:featuredmedia":[{"embeddable":true,"href":"https:\/\/www.guibutik.pt\/loja\/wp-json\/wp\/v2\/media\/84362"}],"wp:attachment":[{"href":"https:\/\/www.guibutik.pt\/loja\/wp-json\/wp\/v2\/media?parent=84361"}],"wp:term":[{"taxonomy":"product_cat","embeddable":true,"href":"https:\/\/www.guibutik.pt\/loja\/wp-json\/wp\/v2\/product_cat?post=84361"},{"taxonomy":"product_tag","embeddable":true,"href":"https:\/\/www.guibutik.pt\/loja\/wp-json\/wp\/v2\/product_tag?post=84361"}],"curies":[{"name":"wp","href":"https:\/\/api.w.org\/{rel}","templated":true}]}}