{"id":84282,"date":"2026-03-26T14:29:33","date_gmt":"2026-03-26T13:29:33","guid":{"rendered":"https:\/\/www.guibutik.pt\/loja\/?post_type=product&#038;p=84282"},"modified":"2026-04-24T18:30:18","modified_gmt":"2026-04-24T17:30:18","slug":"t-shirt-the-north-face","status":"publish","type":"product","link":"https:\/\/www.guibutik.pt\/loja\/produto\/t-shirt-the-north-face\/","title":{"rendered":"T-Shirt The North Face"},"content":{"rendered":"<ul class=\"space-y-4\">\n<li>\n<div class=\"group flex items-start gap-4\">\n<div class=\"grow space-y-1\">\n<div class=\"ws-pre-wrap subtitle-4\">Explora novos horizontes com o conforto desta t-shirt macia e respir\u00e1vel. Com mangas curtas e um gr\u00e1fico \u00e0 base de \u00e1gua nas costas, esta \u00e9 uma camada fi\u00e1vel que ir\u00e1s usar vezes sem conta.<\/div>\n<\/div>\n<\/div>\n<div><\/div>\n<\/li>\n<li>Gr\u00e1fico estampado \u00e0 base de \u00e1gua nas costas<\/li>\n<li>\n<dl class=\"grid gap-y-4\" title=\"Detalhes\">\n<dt class=\"pr-2 fw-bold\">Tecido<\/dt>\n<dd>165 g\/m\u00b2, 60% algod\u00e3o, 40% poli\u00e9ster\/malha\/jersey &#8211; simples<\/dd>\n<dt class=\"pr-2 fw-bold\">Normal<\/dt>\n<dd>um ajuste simples que \u00e9 fiel ao tamanho<\/dd>\n<\/dl>\n<\/li>\n<\/ul>\n<p>Cuidados:<\/p>\n<ul class=\"space-y-4\">\n<li>\n<div class=\"group flex items-start gap-4\">\n<picture class=\"aspect-square w-full shrink-0\" data-test-id=\"base-picture\"><img loading=\"lazy\" decoding=\"async\" class=\"contain\" src=\"https:\/\/assets.thenorthface.eu\/image\/upload\/v1728567299\/Howtocare_icon_MachineWashable.webp\" alt=\"Lav\u00e1vel \u00e0 m\u00e1quina\" width=\"52\" height=\"52\" \/><\/picture>\n<div class=\"grow space-y-1\">\n<p class=\"fw-bold title-5\">Lav\u00e1vel \u00e0 m\u00e1quina<\/p>\n<div class=\"ws-pre-wrap subtitle-4\">Lavar \u00e0 m\u00e1quina a 40 \u00b0C ou abaixo com cores semelhantes. Para obter o melhor desempenho do equipamento, lavar com a frequ\u00eancia necess\u00e1ria para remover impurezas, tais como suor, sujidade, fumo de fogueira e odores alimentos cozinhados.<\/div>\n<\/div>\n<\/div>\n<\/li>\n<li>\n<div class=\"group flex items-start gap-4\">\n<picture class=\"aspect-square w-full shrink-0\" data-test-id=\"base-picture\"><img loading=\"lazy\" decoding=\"async\" class=\"contain\" src=\"https:\/\/assets.thenorthface.eu\/image\/upload\/v1764860211\/Howtocare-icon-HangDry.webp\" alt=\"Secar ao ar\" width=\"52\" height=\"52\" \/><\/picture>\n<div class=\"grow space-y-1\">\n<p class=\"fw-bold title-5\">Secar ao ar<\/p>\n<div class=\"ws-pre-wrap subtitle-4\">Deixe a sua pe\u00e7a de roupa a secar naturalmente ao ar.<\/div>\n<\/div>\n<\/div>\n<\/li>\n<\/ul>\n","protected":false},"excerpt":{"rendered":"<p>Explora novos horizontes com o conforto desta t-shirt macia e respir\u00e1vel. Com mangas curtas e um gr\u00e1fico \u00e0 base de \u00e1gua nas costas, esta \u00e9 uma camada fi\u00e1vel que ir\u00e1s usar vezes sem conta. Gr\u00e1fico estampado \u00e0 base de \u00e1gua nas costas Tecido 165 g\/m\u00b2, 60% algod\u00e3o, 40% poli\u00e9ster\/malha\/jersey &#8211; simples Normal um ajuste simples [&hellip;]<\/p>\n","protected":false},"featured_media":84299,"comment_status":"closed","ping_status":"closed","template":"","meta":[],"product_cat":[221,290],"product_tag":[],"class_list":{"0":"post-84282","1":"product","2":"type-product","3":"status-publish","4":"has-post-thumbnail","6":"product_cat-homem","7":"product_cat-t-shirt-homem","8":"ts_product_brand-the-north-face","10":"first","11":"instock","12":"shipping-taxable","13":"purchasable","14":"product-type-variable"},"yoast_head":"<!-- This site is optimized with the Yoast SEO plugin v27.6 - https:\/\/yoast.com\/product\/yoast-seo-wordpress\/ -->\n<title>T-Shirt The North Face - Guibutik<\/title>\n<meta name=\"robots\" content=\"index, follow, max-snippet:-1, max-image-preview:large, max-video-preview:-1\" \/>\n<link rel=\"canonical\" href=\"https:\/\/www.guibutik.pt\/loja\/produto\/t-shirt-the-north-face\/\" \/>\n<meta property=\"og:locale\" content=\"pt_PT\" \/>\n<meta property=\"og:type\" content=\"article\" \/>\n<meta property=\"og:title\" content=\"T-Shirt The North Face - Guibutik\" \/>\n<meta property=\"og:description\" content=\"Explora novos horizontes com o conforto desta t-shirt macia e respir\u00e1vel. Com mangas curtas e um gr\u00e1fico \u00e0 base de \u00e1gua nas costas, esta \u00e9 uma camada fi\u00e1vel que ir\u00e1s usar vezes sem conta. Gr\u00e1fico estampado \u00e0 base de \u00e1gua nas costas Tecido 165 g\/m\u00b2, 60% algod\u00e3o, 40% poli\u00e9ster\/malha\/jersey &#8211; simples Normal um ajuste simples [&hellip;]\" \/>\n<meta property=\"og:url\" content=\"https:\/\/www.guibutik.pt\/loja\/produto\/t-shirt-the-north-face\/\" \/>\n<meta property=\"og:site_name\" content=\"Guibutik\" \/>\n<meta property=\"article:publisher\" content=\"https:\/\/www.facebook.com\/guibutik\/\" \/>\n<meta property=\"article:modified_time\" content=\"2026-04-24T17:30:18+00:00\" \/>\n<meta property=\"og:image\" content=\"https:\/\/www.guibutik.pt\/loja\/wp-content\/uploads\/2026\/03\/A8GV1-1.jpg\" \/>\n\t<meta property=\"og:image:width\" content=\"924\" \/>\n\t<meta property=\"og:image:height\" content=\"924\" \/>\n\t<meta property=\"og:image:type\" content=\"image\/jpeg\" \/>\n<meta name=\"twitter:card\" content=\"summary_large_image\" \/>\n<meta name=\"twitter:label1\" content=\"Tempo estimado de leitura\" \/>\n\t<meta name=\"twitter:data1\" content=\"2 minutos\" \/>\n<script type=\"application\/ld+json\" class=\"yoast-schema-graph\">{\"@context\":\"https:\\\/\\\/schema.org\",\"@graph\":[{\"@type\":\"WebPage\",\"@id\":\"https:\\\/\\\/www.guibutik.pt\\\/loja\\\/produto\\\/t-shirt-the-north-face\\\/\",\"url\":\"https:\\\/\\\/www.guibutik.pt\\\/loja\\\/produto\\\/t-shirt-the-north-face\\\/\",\"name\":\"T-Shirt The North Face - Guibutik\",\"isPartOf\":{\"@id\":\"https:\\\/\\\/www.guibutik.pt\\\/loja\\\/#website\"},\"primaryImageOfPage\":{\"@id\":\"https:\\\/\\\/www.guibutik.pt\\\/loja\\\/produto\\\/t-shirt-the-north-face\\\/#primaryimage\"},\"image\":{\"@id\":\"https:\\\/\\\/www.guibutik.pt\\\/loja\\\/produto\\\/t-shirt-the-north-face\\\/#primaryimage\"},\"thumbnailUrl\":\"https:\\\/\\\/www.guibutik.pt\\\/loja\\\/wp-content\\\/uploads\\\/2026\\\/03\\\/A8GV1-1.jpg\",\"datePublished\":\"2026-03-26T13:29:33+00:00\",\"dateModified\":\"2026-04-24T17:30:18+00:00\",\"breadcrumb\":{\"@id\":\"https:\\\/\\\/www.guibutik.pt\\\/loja\\\/produto\\\/t-shirt-the-north-face\\\/#breadcrumb\"},\"inLanguage\":\"pt-PT\",\"potentialAction\":[{\"@type\":\"ReadAction\",\"target\":[\"https:\\\/\\\/www.guibutik.pt\\\/loja\\\/produto\\\/t-shirt-the-north-face\\\/\"]}]},{\"@type\":\"ImageObject\",\"inLanguage\":\"pt-PT\",\"@id\":\"https:\\\/\\\/www.guibutik.pt\\\/loja\\\/produto\\\/t-shirt-the-north-face\\\/#primaryimage\",\"url\":\"https:\\\/\\\/www.guibutik.pt\\\/loja\\\/wp-content\\\/uploads\\\/2026\\\/03\\\/A8GV1-1.jpg\",\"contentUrl\":\"https:\\\/\\\/www.guibutik.pt\\\/loja\\\/wp-content\\\/uploads\\\/2026\\\/03\\\/A8GV1-1.jpg\",\"width\":924,\"height\":924},{\"@type\":\"BreadcrumbList\",\"@id\":\"https:\\\/\\\/www.guibutik.pt\\\/loja\\\/produto\\\/t-shirt-the-north-face\\\/#breadcrumb\",\"itemListElement\":[{\"@type\":\"ListItem\",\"position\":1,\"name\":\"In\u00edcio\",\"item\":\"https:\\\/\\\/www.guibutik.pt\\\/loja\\\/\"},{\"@type\":\"ListItem\",\"position\":2,\"name\":\"Loja\",\"item\":\"https:\\\/\\\/www.guibutik.pt\\\/loja\\\/shop\\\/\"},{\"@type\":\"ListItem\",\"position\":3,\"name\":\"T-Shirt The North Face\"}]},{\"@type\":\"WebSite\",\"@id\":\"https:\\\/\\\/www.guibutik.pt\\\/loja\\\/#website\",\"url\":\"https:\\\/\\\/www.guibutik.pt\\\/loja\\\/\",\"name\":\"Guibutik\",\"description\":\"Moda e Sapataria\",\"potentialAction\":[{\"@type\":\"SearchAction\",\"target\":{\"@type\":\"EntryPoint\",\"urlTemplate\":\"https:\\\/\\\/www.guibutik.pt\\\/loja\\\/?s={search_term_string}\"},\"query-input\":{\"@type\":\"PropertyValueSpecification\",\"valueRequired\":true,\"valueName\":\"search_term_string\"}}],\"inLanguage\":\"pt-PT\"}]}<\/script>\n<!-- \/ Yoast SEO plugin. -->","yoast_head_json":{"title":"T-Shirt The North Face - Guibutik","robots":{"index":"index","follow":"follow","max-snippet":"max-snippet:-1","max-image-preview":"max-image-preview:large","max-video-preview":"max-video-preview:-1"},"canonical":"https:\/\/www.guibutik.pt\/loja\/produto\/t-shirt-the-north-face\/","og_locale":"pt_PT","og_type":"article","og_title":"T-Shirt The North Face - Guibutik","og_description":"Explora novos horizontes com o conforto desta t-shirt macia e respir\u00e1vel. Com mangas curtas e um gr\u00e1fico \u00e0 base de \u00e1gua nas costas, esta \u00e9 uma camada fi\u00e1vel que ir\u00e1s usar vezes sem conta. Gr\u00e1fico estampado \u00e0 base de \u00e1gua nas costas Tecido 165 g\/m\u00b2, 60% algod\u00e3o, 40% poli\u00e9ster\/malha\/jersey &#8211; simples Normal um ajuste simples [&hellip;]","og_url":"https:\/\/www.guibutik.pt\/loja\/produto\/t-shirt-the-north-face\/","og_site_name":"Guibutik","article_publisher":"https:\/\/www.facebook.com\/guibutik\/","article_modified_time":"2026-04-24T17:30:18+00:00","og_image":[{"width":924,"height":924,"url":"https:\/\/www.guibutik.pt\/loja\/wp-content\/uploads\/2026\/03\/A8GV1-1.jpg","type":"image\/jpeg"}],"twitter_card":"summary_large_image","twitter_misc":{"Tempo estimado de leitura":"2 minutos"},"schema":{"@context":"https:\/\/schema.org","@graph":[{"@type":"WebPage","@id":"https:\/\/www.guibutik.pt\/loja\/produto\/t-shirt-the-north-face\/","url":"https:\/\/www.guibutik.pt\/loja\/produto\/t-shirt-the-north-face\/","name":"T-Shirt The North Face - Guibutik","isPartOf":{"@id":"https:\/\/www.guibutik.pt\/loja\/#website"},"primaryImageOfPage":{"@id":"https:\/\/www.guibutik.pt\/loja\/produto\/t-shirt-the-north-face\/#primaryimage"},"image":{"@id":"https:\/\/www.guibutik.pt\/loja\/produto\/t-shirt-the-north-face\/#primaryimage"},"thumbnailUrl":"https:\/\/www.guibutik.pt\/loja\/wp-content\/uploads\/2026\/03\/A8GV1-1.jpg","datePublished":"2026-03-26T13:29:33+00:00","dateModified":"2026-04-24T17:30:18+00:00","breadcrumb":{"@id":"https:\/\/www.guibutik.pt\/loja\/produto\/t-shirt-the-north-face\/#breadcrumb"},"inLanguage":"pt-PT","potentialAction":[{"@type":"ReadAction","target":["https:\/\/www.guibutik.pt\/loja\/produto\/t-shirt-the-north-face\/"]}]},{"@type":"ImageObject","inLanguage":"pt-PT","@id":"https:\/\/www.guibutik.pt\/loja\/produto\/t-shirt-the-north-face\/#primaryimage","url":"https:\/\/www.guibutik.pt\/loja\/wp-content\/uploads\/2026\/03\/A8GV1-1.jpg","contentUrl":"https:\/\/www.guibutik.pt\/loja\/wp-content\/uploads\/2026\/03\/A8GV1-1.jpg","width":924,"height":924},{"@type":"BreadcrumbList","@id":"https:\/\/www.guibutik.pt\/loja\/produto\/t-shirt-the-north-face\/#breadcrumb","itemListElement":[{"@type":"ListItem","position":1,"name":"In\u00edcio","item":"https:\/\/www.guibutik.pt\/loja\/"},{"@type":"ListItem","position":2,"name":"Loja","item":"https:\/\/www.guibutik.pt\/loja\/shop\/"},{"@type":"ListItem","position":3,"name":"T-Shirt The North Face"}]},{"@type":"WebSite","@id":"https:\/\/www.guibutik.pt\/loja\/#website","url":"https:\/\/www.guibutik.pt\/loja\/","name":"Guibutik","description":"Moda e Sapataria","potentialAction":[{"@type":"SearchAction","target":{"@type":"EntryPoint","urlTemplate":"https:\/\/www.guibutik.pt\/loja\/?s={search_term_string}"},"query-input":{"@type":"PropertyValueSpecification","valueRequired":true,"valueName":"search_term_string"}}],"inLanguage":"pt-PT"}]}},"_links":{"self":[{"href":"https:\/\/www.guibutik.pt\/loja\/wp-json\/wp\/v2\/product\/84282","targetHints":{"allow":["GET"]}}],"collection":[{"href":"https:\/\/www.guibutik.pt\/loja\/wp-json\/wp\/v2\/product"}],"about":[{"href":"https:\/\/www.guibutik.pt\/loja\/wp-json\/wp\/v2\/types\/product"}],"replies":[{"embeddable":true,"href":"https:\/\/www.guibutik.pt\/loja\/wp-json\/wp\/v2\/comments?post=84282"}],"wp:featuredmedia":[{"embeddable":true,"href":"https:\/\/www.guibutik.pt\/loja\/wp-json\/wp\/v2\/media\/84299"}],"wp:attachment":[{"href":"https:\/\/www.guibutik.pt\/loja\/wp-json\/wp\/v2\/media?parent=84282"}],"wp:term":[{"taxonomy":"product_cat","embeddable":true,"href":"https:\/\/www.guibutik.pt\/loja\/wp-json\/wp\/v2\/product_cat?post=84282"},{"taxonomy":"product_tag","embeddable":true,"href":"https:\/\/www.guibutik.pt\/loja\/wp-json\/wp\/v2\/product_tag?post=84282"}],"curies":[{"name":"wp","href":"https:\/\/api.w.org\/{rel}","templated":true}]}}