{"id":82818,"date":"2026-03-18T11:11:24","date_gmt":"2026-03-18T10:11:24","guid":{"rendered":"https:\/\/www.guibutik.pt\/loja\/?post_type=product&#038;p=82818"},"modified":"2026-04-18T12:28:33","modified_gmt":"2026-04-18T11:28:33","slug":"t-shirt-timberland-4","status":"publish","type":"product","link":"https:\/\/www.guibutik.pt\/loja\/produto\/t-shirt-timberland-4\/","title":{"rendered":"T-Shirt Timberland"},"content":{"rendered":"<p>Uma t-shirt de gola redonda cl\u00e1ssica e informal com corte justo e o nosso log\u00f3tipo da \u00e1rvore Timberland bordado.<\/p>\n<p class=\"fw-bold\">Algod\u00e3o biol\u00f3gico<\/p>\n<div class=\"ws-pre-wrap\">O algod\u00e3o biol\u00f3gico utilizado pela Timberland \u00e9 proveniente de quintas que n\u00e3o utilizam sementes geneticamente modificadas e evitam o uso de pesticidas\/fertilizantes sint\u00e9ticos.<\/div>\n<div>\n<div class=\"flex gap-2\"><span class=\"subtitle-4\">Detalhes e cuidados<\/span><\/div>\n<div id=\"base-collapse-v-0-4-4-content\" class=\"overflow-hidden duration\" role=\"region\" aria-labelledby=\"base-collapse-v-0-4-4\">\n<div class=\"\" data-test-id=\"vf-accordion-content\">\n<div class=\"pb-4 pt-2 body-3\">\n<ul class=\"grid list-disc gap-4 cols-2\" title=\"Detalhes e cuidados\" data-test-id=\"product-details-bulletin\">\n<li>Lavar \u00e0 m\u00e1quina a frio<\/li>\n<li>Utilizar apenas lix\u00edvia sem cloro, se necess\u00e1rio.<\/li>\n<li>Secar na m\u00e1quina em programa lento<\/li>\n<li>Engomar a frio, se necess\u00e1rio<\/li>\n<li>N\u00e3o lavar a seco<\/li>\n<li>Lavar e secar com as mesmas cores<\/li>\n<\/ul>\n<div class=\"flex gap-2\"><span class=\"subtitle-4\">Caracter\u00edsticas<\/span><\/div>\n<div id=\"base-collapse-v-0-4-5-content\" class=\"overflow-hidden duration\" role=\"region\" aria-labelledby=\"base-collapse-v-0-4-5\">\n<div class=\"\" data-test-id=\"vf-accordion-content\">\n<div class=\"pb-4 pt-2 body-3\">\n<ul class=\"grid list-disc gap-4 cols-2\" title=\"Caracter\u00edsticas\" data-test-id=\"product-details-bulletin\">\n<li>Descri\u00e7\u00e3o do tecido: Malha<\/li>\n<li>Composi\u00e7\u00e3o do tecido: 100% algod\u00e3o<\/li>\n<li>Comprimento das costas no centro: 27&#8243; (68,6 cm)<\/li>\n<li>Peso: 190 g<\/li>\n<li>Log\u00f3tipo da \u00e1rvore bordado<\/li>\n<li>Corte justo<\/li>\n<li>Gola redonda<\/li>\n<li>Algod\u00e3o biol\u00f3gico<\/li>\n<li>Uma silhueta moderna e mais justa com um comprimento ligeiramente curto.<\/li>\n<\/ul>\n<\/div>\n<\/div>\n<\/div>\n<\/div>\n<\/div>\n<\/div>\n<\/div>\n","protected":false},"excerpt":{"rendered":"<p>Uma t-shirt de gola redonda cl\u00e1ssica e informal com corte justo e o nosso log\u00f3tipo da \u00e1rvore Timberland bordado. Algod\u00e3o biol\u00f3gico O algod\u00e3o biol\u00f3gico utilizado pela Timberland \u00e9 proveniente de quintas que n\u00e3o utilizam sementes geneticamente modificadas e evitam o uso de pesticidas\/fertilizantes sint\u00e9ticos. Detalhes e cuidados Lavar \u00e0 m\u00e1quina a frio Utilizar apenas lix\u00edvia [&hellip;]<\/p>\n","protected":false},"featured_media":82824,"comment_status":"closed","ping_status":"closed","template":"","meta":[],"product_cat":[221,290],"product_tag":[],"class_list":{"0":"post-82818","1":"product","2":"type-product","3":"status-publish","4":"has-post-thumbnail","6":"product_cat-homem","7":"product_cat-t-shirt-homem","8":"ts_product_brand-timberland","10":"first","11":"instock","12":"shipping-taxable","13":"purchasable","14":"product-type-variable"},"yoast_head":"<!-- This site is optimized with the Yoast SEO plugin v27.5 - https:\/\/yoast.com\/product\/yoast-seo-wordpress\/ -->\n<title>T-Shirt Timberland - Guibutik<\/title>\n<meta name=\"robots\" content=\"index, follow, max-snippet:-1, max-image-preview:large, max-video-preview:-1\" \/>\n<link rel=\"canonical\" href=\"https:\/\/www.guibutik.pt\/loja\/produto\/t-shirt-timberland-4\/\" \/>\n<meta property=\"og:locale\" content=\"pt_PT\" \/>\n<meta property=\"og:type\" content=\"article\" \/>\n<meta property=\"og:title\" content=\"T-Shirt Timberland - Guibutik\" \/>\n<meta property=\"og:description\" content=\"Uma t-shirt de gola redonda cl\u00e1ssica e informal com corte justo e o nosso log\u00f3tipo da \u00e1rvore Timberland bordado. Algod\u00e3o biol\u00f3gico O algod\u00e3o biol\u00f3gico utilizado pela Timberland \u00e9 proveniente de quintas que n\u00e3o utilizam sementes geneticamente modificadas e evitam o uso de pesticidas\/fertilizantes sint\u00e9ticos. Detalhes e cuidados Lavar \u00e0 m\u00e1quina a frio Utilizar apenas lix\u00edvia [&hellip;]\" \/>\n<meta property=\"og:url\" content=\"https:\/\/www.guibutik.pt\/loja\/produto\/t-shirt-timberland-4\/\" \/>\n<meta property=\"og:site_name\" content=\"Guibutik\" \/>\n<meta property=\"article:publisher\" content=\"https:\/\/www.facebook.com\/guibutik\/\" \/>\n<meta property=\"article:modified_time\" content=\"2026-04-18T11:28:33+00:00\" \/>\n<meta property=\"og:image\" content=\"https:\/\/www.guibutik.pt\/loja\/wp-content\/uploads\/2026\/03\/A2BPR-N96-1.jpg\" \/>\n\t<meta property=\"og:image:width\" content=\"1300\" \/>\n\t<meta property=\"og:image:height\" content=\"1300\" \/>\n\t<meta property=\"og:image:type\" content=\"image\/jpeg\" \/>\n<meta name=\"twitter:card\" content=\"summary_large_image\" \/>\n<meta name=\"twitter:label1\" content=\"Tempo estimado de leitura\" \/>\n\t<meta name=\"twitter:data1\" content=\"1 minuto\" \/>\n<script type=\"application\/ld+json\" class=\"yoast-schema-graph\">{\"@context\":\"https:\\\/\\\/schema.org\",\"@graph\":[{\"@type\":\"WebPage\",\"@id\":\"https:\\\/\\\/www.guibutik.pt\\\/loja\\\/produto\\\/t-shirt-timberland-4\\\/\",\"url\":\"https:\\\/\\\/www.guibutik.pt\\\/loja\\\/produto\\\/t-shirt-timberland-4\\\/\",\"name\":\"T-Shirt Timberland - Guibutik\",\"isPartOf\":{\"@id\":\"https:\\\/\\\/www.guibutik.pt\\\/loja\\\/#website\"},\"primaryImageOfPage\":{\"@id\":\"https:\\\/\\\/www.guibutik.pt\\\/loja\\\/produto\\\/t-shirt-timberland-4\\\/#primaryimage\"},\"image\":{\"@id\":\"https:\\\/\\\/www.guibutik.pt\\\/loja\\\/produto\\\/t-shirt-timberland-4\\\/#primaryimage\"},\"thumbnailUrl\":\"https:\\\/\\\/www.guibutik.pt\\\/loja\\\/wp-content\\\/uploads\\\/2026\\\/03\\\/A2BPR-N96-1.jpg\",\"datePublished\":\"2026-03-18T10:11:24+00:00\",\"dateModified\":\"2026-04-18T11:28:33+00:00\",\"breadcrumb\":{\"@id\":\"https:\\\/\\\/www.guibutik.pt\\\/loja\\\/produto\\\/t-shirt-timberland-4\\\/#breadcrumb\"},\"inLanguage\":\"pt-PT\",\"potentialAction\":[{\"@type\":\"ReadAction\",\"target\":[\"https:\\\/\\\/www.guibutik.pt\\\/loja\\\/produto\\\/t-shirt-timberland-4\\\/\"]}]},{\"@type\":\"ImageObject\",\"inLanguage\":\"pt-PT\",\"@id\":\"https:\\\/\\\/www.guibutik.pt\\\/loja\\\/produto\\\/t-shirt-timberland-4\\\/#primaryimage\",\"url\":\"https:\\\/\\\/www.guibutik.pt\\\/loja\\\/wp-content\\\/uploads\\\/2026\\\/03\\\/A2BPR-N96-1.jpg\",\"contentUrl\":\"https:\\\/\\\/www.guibutik.pt\\\/loja\\\/wp-content\\\/uploads\\\/2026\\\/03\\\/A2BPR-N96-1.jpg\",\"width\":1300,\"height\":1300},{\"@type\":\"BreadcrumbList\",\"@id\":\"https:\\\/\\\/www.guibutik.pt\\\/loja\\\/produto\\\/t-shirt-timberland-4\\\/#breadcrumb\",\"itemListElement\":[{\"@type\":\"ListItem\",\"position\":1,\"name\":\"In\u00edcio\",\"item\":\"https:\\\/\\\/www.guibutik.pt\\\/loja\\\/\"},{\"@type\":\"ListItem\",\"position\":2,\"name\":\"Loja\",\"item\":\"https:\\\/\\\/www.guibutik.pt\\\/loja\\\/shop\\\/\"},{\"@type\":\"ListItem\",\"position\":3,\"name\":\"T-Shirt Timberland\"}]},{\"@type\":\"WebSite\",\"@id\":\"https:\\\/\\\/www.guibutik.pt\\\/loja\\\/#website\",\"url\":\"https:\\\/\\\/www.guibutik.pt\\\/loja\\\/\",\"name\":\"Guibutik\",\"description\":\"Moda e Sapataria\",\"potentialAction\":[{\"@type\":\"SearchAction\",\"target\":{\"@type\":\"EntryPoint\",\"urlTemplate\":\"https:\\\/\\\/www.guibutik.pt\\\/loja\\\/?s={search_term_string}\"},\"query-input\":{\"@type\":\"PropertyValueSpecification\",\"valueRequired\":true,\"valueName\":\"search_term_string\"}}],\"inLanguage\":\"pt-PT\"}]}<\/script>\n<!-- \/ Yoast SEO plugin. -->","yoast_head_json":{"title":"T-Shirt Timberland - Guibutik","robots":{"index":"index","follow":"follow","max-snippet":"max-snippet:-1","max-image-preview":"max-image-preview:large","max-video-preview":"max-video-preview:-1"},"canonical":"https:\/\/www.guibutik.pt\/loja\/produto\/t-shirt-timberland-4\/","og_locale":"pt_PT","og_type":"article","og_title":"T-Shirt Timberland - Guibutik","og_description":"Uma t-shirt de gola redonda cl\u00e1ssica e informal com corte justo e o nosso log\u00f3tipo da \u00e1rvore Timberland bordado. Algod\u00e3o biol\u00f3gico O algod\u00e3o biol\u00f3gico utilizado pela Timberland \u00e9 proveniente de quintas que n\u00e3o utilizam sementes geneticamente modificadas e evitam o uso de pesticidas\/fertilizantes sint\u00e9ticos. Detalhes e cuidados Lavar \u00e0 m\u00e1quina a frio Utilizar apenas lix\u00edvia [&hellip;]","og_url":"https:\/\/www.guibutik.pt\/loja\/produto\/t-shirt-timberland-4\/","og_site_name":"Guibutik","article_publisher":"https:\/\/www.facebook.com\/guibutik\/","article_modified_time":"2026-04-18T11:28:33+00:00","og_image":[{"width":1300,"height":1300,"url":"https:\/\/www.guibutik.pt\/loja\/wp-content\/uploads\/2026\/03\/A2BPR-N96-1.jpg","type":"image\/jpeg"}],"twitter_card":"summary_large_image","twitter_misc":{"Tempo estimado de leitura":"1 minuto"},"schema":{"@context":"https:\/\/schema.org","@graph":[{"@type":"WebPage","@id":"https:\/\/www.guibutik.pt\/loja\/produto\/t-shirt-timberland-4\/","url":"https:\/\/www.guibutik.pt\/loja\/produto\/t-shirt-timberland-4\/","name":"T-Shirt Timberland - Guibutik","isPartOf":{"@id":"https:\/\/www.guibutik.pt\/loja\/#website"},"primaryImageOfPage":{"@id":"https:\/\/www.guibutik.pt\/loja\/produto\/t-shirt-timberland-4\/#primaryimage"},"image":{"@id":"https:\/\/www.guibutik.pt\/loja\/produto\/t-shirt-timberland-4\/#primaryimage"},"thumbnailUrl":"https:\/\/www.guibutik.pt\/loja\/wp-content\/uploads\/2026\/03\/A2BPR-N96-1.jpg","datePublished":"2026-03-18T10:11:24+00:00","dateModified":"2026-04-18T11:28:33+00:00","breadcrumb":{"@id":"https:\/\/www.guibutik.pt\/loja\/produto\/t-shirt-timberland-4\/#breadcrumb"},"inLanguage":"pt-PT","potentialAction":[{"@type":"ReadAction","target":["https:\/\/www.guibutik.pt\/loja\/produto\/t-shirt-timberland-4\/"]}]},{"@type":"ImageObject","inLanguage":"pt-PT","@id":"https:\/\/www.guibutik.pt\/loja\/produto\/t-shirt-timberland-4\/#primaryimage","url":"https:\/\/www.guibutik.pt\/loja\/wp-content\/uploads\/2026\/03\/A2BPR-N96-1.jpg","contentUrl":"https:\/\/www.guibutik.pt\/loja\/wp-content\/uploads\/2026\/03\/A2BPR-N96-1.jpg","width":1300,"height":1300},{"@type":"BreadcrumbList","@id":"https:\/\/www.guibutik.pt\/loja\/produto\/t-shirt-timberland-4\/#breadcrumb","itemListElement":[{"@type":"ListItem","position":1,"name":"In\u00edcio","item":"https:\/\/www.guibutik.pt\/loja\/"},{"@type":"ListItem","position":2,"name":"Loja","item":"https:\/\/www.guibutik.pt\/loja\/shop\/"},{"@type":"ListItem","position":3,"name":"T-Shirt Timberland"}]},{"@type":"WebSite","@id":"https:\/\/www.guibutik.pt\/loja\/#website","url":"https:\/\/www.guibutik.pt\/loja\/","name":"Guibutik","description":"Moda e Sapataria","potentialAction":[{"@type":"SearchAction","target":{"@type":"EntryPoint","urlTemplate":"https:\/\/www.guibutik.pt\/loja\/?s={search_term_string}"},"query-input":{"@type":"PropertyValueSpecification","valueRequired":true,"valueName":"search_term_string"}}],"inLanguage":"pt-PT"}]}},"_links":{"self":[{"href":"https:\/\/www.guibutik.pt\/loja\/wp-json\/wp\/v2\/product\/82818","targetHints":{"allow":["GET"]}}],"collection":[{"href":"https:\/\/www.guibutik.pt\/loja\/wp-json\/wp\/v2\/product"}],"about":[{"href":"https:\/\/www.guibutik.pt\/loja\/wp-json\/wp\/v2\/types\/product"}],"replies":[{"embeddable":true,"href":"https:\/\/www.guibutik.pt\/loja\/wp-json\/wp\/v2\/comments?post=82818"}],"wp:featuredmedia":[{"embeddable":true,"href":"https:\/\/www.guibutik.pt\/loja\/wp-json\/wp\/v2\/media\/82824"}],"wp:attachment":[{"href":"https:\/\/www.guibutik.pt\/loja\/wp-json\/wp\/v2\/media?parent=82818"}],"wp:term":[{"taxonomy":"product_cat","embeddable":true,"href":"https:\/\/www.guibutik.pt\/loja\/wp-json\/wp\/v2\/product_cat?post=82818"},{"taxonomy":"product_tag","embeddable":true,"href":"https:\/\/www.guibutik.pt\/loja\/wp-json\/wp\/v2\/product_tag?post=82818"}],"curies":[{"name":"wp","href":"https:\/\/api.w.org\/{rel}","templated":true}]}}