{"id":82314,"date":"2026-03-14T18:20:41","date_gmt":"2026-03-14T17:20:41","guid":{"rendered":"https:\/\/www.guibutik.pt\/loja\/?post_type=product&#038;p=82314"},"modified":"2026-04-28T18:59:43","modified_gmt":"2026-04-28T17:59:43","slug":"sapatilha-summits-s-skechers-2","status":"publish","type":"product","link":"https:\/\/www.guibutik.pt\/loja\/produto\/sapatilha-summits-s-skechers-2\/","title":{"rendered":"Sapatilha Summits S Skechers"},"content":{"rendered":"<div class=\"container\">\n<div class=\"c-product-details__overview\">Acrescenta um pouco de glamour \u00e0 tua passada com as confort\u00e1veis Skechers Slip-ins\u00ae: Summits \u2013 Classy Night. Desenhado com a nossa Heel Pillow\u2122, este modelo vegano tem a parte superior em tecido de rede brilhante com padr\u00e3o de r\u00e9ptil, atacadores el\u00e1sticos fixos e confort\u00e1veis palmilhas Skechers Air-Cooled Memory Foam\u2122 almofadadas.<\/div>\n<\/div>\n<div class=\"c-product-highlights\">\n<div class=\"c-product-highlights__heading-container\">\n<div class=\"slick-slide slick-current slick-active\" data-slick-index=\"0\" aria-hidden=\"false\">\n<div>\n<figure class=\"c-product-highlights__item col-lg-2 contentasset-product-highlight-slip-ins\"><img loading=\"lazy\" decoding=\"async\" src=\"https:\/\/www.skechers.pt\/on\/demandware.static\/-\/Library-Sites-SkechersSharedLibrary\/default\/dw24b82c78\/images\/product\/highlights\/SKX_Hands_Free_Slip-ins_Logo-new.svg\" alt=\"Hands Free Slip-ins\" width=\"100\" height=\"100\" data-loading=\"lazy\" \/><figcaption class=\"c-product-highlights__item__heading\">Hands Free Slip-ins<\/figcaption><\/figure>\n<\/div>\n<\/div>\n<div class=\"slick-slide slick-active\" data-slick-index=\"1\" aria-hidden=\"false\">\n<div>\n<figure class=\"c-product-highlights__item col-lg-2 contentasset-product-highlight-air-cooled-memory-foam\"><img loading=\"lazy\" decoding=\"async\" src=\"https:\/\/www.skechers.pt\/on\/demandware.static\/-\/Library-Sites-SkechersSharedLibrary\/default\/dwba0a3d97\/images\/product\/highlights\/air_cooled_memory_foam_color.svg\" alt=\"Air Cooled Memory Foam\" width=\"100\" height=\"100\" data-loading=\"lazy\" \/><figcaption class=\"c-product-highlights__item__heading\">Air Cooled Memory Foam<\/figcaption><\/figure>\n<\/div>\n<\/div>\n<div class=\"slick-slide slick-active\" data-slick-index=\"2\" aria-hidden=\"false\">\n<div>\n<figure class=\"c-product-highlights__item col-lg-2 contentasset-product-highlight-machine-washable\"><img loading=\"lazy\" decoding=\"async\" src=\"https:\/\/www.skechers.pt\/on\/demandware.static\/-\/Library-Sites-SkechersSharedLibrary\/default\/dwf22ce62e\/images\/product\/highlights\/machine_washable_color.svg\" alt=\"Machine Washable\" width=\"100\" height=\"100\" data-loading=\"lazy\" \/><figcaption class=\"c-product-highlights__item__heading\">Machine Washable<\/figcaption><\/figure>\n<\/div>\n<\/div>\n<div class=\"slick-slide slick-active\" data-slick-index=\"3\" aria-hidden=\"false\">\n<figure class=\"c-product-highlights__item col-lg-2 contentasset-product-highlight-vegan\"><img loading=\"lazy\" decoding=\"async\" src=\"https:\/\/www.skechers.pt\/on\/demandware.static\/-\/Library-Sites-SkechersSharedLibrary\/default\/dw92d4c9d8\/images\/product\/highlights\/vegan_design_color.svg\" alt=\"Vegan\" width=\"100\" height=\"100\" data-loading=\"lazy\" \/><figcaption class=\"c-product-highlights__item__heading\">Vegan<\/p>\n<div class=\"c-product-technologies__item col-lg-4 col-md-6 contentasset-pdp-comfort-technology-air-cooled-memory-foam last-type-no-border top-row-padding comfort-col-4up\">\n<p><img loading=\"lazy\" decoding=\"async\" src=\"https:\/\/www.skechers.pt\/on\/demandware.static\/-\/Library-Sites-SkechersSharedLibrary\/default\/dwccb3cc1b\/images\/product\/comfort-tech\/AirCooledMemoryFoam.png\" alt=\"Air-Cooled Memory Foam\" width=\"100\" height=\"100\" data-loading=\"lazy\" \/><\/p>\n<div class=\"items__heading__body-container\">\n<p>Air-Cooled Memory FoamA Skechers Air-Cooled Memory Foam\u00ae proporciona conforto instant\u00e2neo e respirabilidade.<\/p>\n<\/div>\n<\/div>\n<div class=\"c-product-technologies__item col-lg-4 col-md-6 contentasset-pdp-comfort-technology-slip-ins last-type-no-border top-row-padding comfort-col-4up\">\n<p><img loading=\"lazy\" decoding=\"async\" src=\"https:\/\/www.skechers.pt\/on\/demandware.static\/-\/Library-Sites-SkechersSharedLibrary\/default\/dw24b82c78\/images\/product\/highlights\/SKX_Hands_Free_Slip-ins_Logo-new.svg\" alt=\"Skechers Hands Free Slip-Ins\" width=\"100\" height=\"100\" data-loading=\"lazy\" \/><\/p>\n<div class=\"items__heading__body-container\">\n<p>Skechers Hands Free Slip-InsPuro conforto com os Skechers Hands Free Slip-ins\u00ae. Sapatilhas f\u00e1ceis de cal\u00e7ar concebidos com a nossa exclusiva Heel Pillow\u2122 que mant\u00e9m o p\u00e9 no lugar.<\/p>\n<div class=\"c-product-features-details__detail description collapsible-md d-lg-block col-12 col-lg-4 active\">\n<h2 class=\"c-product-features-details__title title d-none d-md-block\" aria-expanded=\"true\">Principais funcionalidades<\/h2>\n<ul class=\"c-product-features-details__bullets content value\">\n<li class=\"c-product-features-details__bullet\">Skechers Hands Free Slip-ins\u00ae para um encaixe f\u00e1cil<\/li>\n<li class=\"c-product-features-details__bullet\">A Heel Pillow\u2122 mant\u00e9m o teu p\u00e9 firmemente fixo<\/li>\n<li class=\"c-product-features-details__bullet\">Palmilha almofadada confort\u00e1vel Skechers Air Cooled Memory Foam\u2122<\/li>\n<li class=\"c-product-features-details__bullet\">Feitas com materiais 100% veganos<\/li>\n<\/ul>\n<\/div>\n<div class=\"c-product-features-details__detail details collapsible-md d-lg-block col-12 col-lg-4\">\n<h2 class=\"c-product-features-details__title title d-none d-md-block\">Detalhes do design<\/h2>\n<ul class=\"c-product-features-details__bullets content value\">\n<li class=\"c-product-features-details__bullet\">Parte superior em tecido de rede brilhante com padr\u00e3o de cobra e atacadores el\u00e1sticos fixos<\/li>\n<li class=\"c-product-features-details__bullet\">Entressola leve e flex\u00edvel com absor\u00e7\u00e3o de impacto<\/li>\n<li class=\"c-product-features-details__bullet\">sola exterior de tra\u00e7\u00e3o flex\u00edvel<\/li>\n<li class=\"c-product-features-details__bullet\">Artigo lav\u00e1vel \u00e0 m\u00e1quina<\/li>\n<li class=\"c-product-features-details__bullet\">Salto de 3,2 cm<\/li>\n<li class=\"c-product-features-details__bullet\">Log\u00f3tipo Skechers\u00ae vis\u00edvel<\/li>\n<\/ul>\n<\/div>\n<div class=\"c-product-features-details__detail details js-product-materials collapsible-md d-lg-block col-12 col-lg-4\">\n<h2 class=\"c-product-features-details__title title d-none d-md-block\">Materiais<\/h2>\n<ul class=\"c-product-features-details__bullets content value\">\n<li class=\"c-product-features-details__bullet\">\n<p id=\"tw-target-text\" class=\"tw-data-text tw-text-large tw-ta\" dir=\"ltr\" tabindex=\"-1\" role=\"text\" data-placeholder=\"Tradu\u00e7\u00e3o\" data-ved=\"2ahUKEwia9tqi8J-TAxWTUaQEHTf6N7AQ3ewLegQIBBAW\" aria-label=\"Texto traduzido: Sola: SINT\u00c9TICA Cabedal: T\u00caXTIL, SINT\u00c9TICO Palmilha: T\u00caXTIL\"><span class=\"Y2IQFc\" lang=\"pt\">Sola: SINT\u00c9TICA <\/span><\/p>\n<\/li>\n<li class=\"c-product-features-details__bullet\">\n<p id=\"tw-target-text\" class=\"tw-data-text tw-text-large tw-ta\" dir=\"ltr\" tabindex=\"-1\" role=\"text\" data-placeholder=\"Tradu\u00e7\u00e3o\" data-ved=\"2ahUKEwia9tqi8J-TAxWTUaQEHTf6N7AQ3ewLegQIBBAW\" aria-label=\"Texto traduzido: Sola: SINT\u00c9TICA Cabedal: T\u00caXTIL, SINT\u00c9TICO Palmilha: T\u00caXTIL\"><span class=\"Y2IQFc\" lang=\"pt\">Cabedal: T\u00caXTIL, SINT\u00c9TICO <\/span><\/p>\n<\/li>\n<li class=\"c-product-features-details__bullet\">\n<p id=\"tw-target-text\" class=\"tw-data-text tw-text-large tw-ta\" dir=\"ltr\" tabindex=\"-1\" role=\"text\" data-placeholder=\"Tradu\u00e7\u00e3o\" data-ved=\"2ahUKEwia9tqi8J-TAxWTUaQEHTf6N7AQ3ewLegQIBBAW\" aria-label=\"Texto traduzido: Sola: SINT\u00c9TICA Cabedal: T\u00caXTIL, SINT\u00c9TICO Palmilha: T\u00caXTIL\"><span class=\"Y2IQFc\" lang=\"pt\">Palmilha: T\u00caXTIL<\/span><\/p>\n<\/li>\n<\/ul>\n<\/div>\n<\/div>\n<\/div>\n<\/figcaption><\/figure>\n<\/div>\n<\/div>\n<\/div>\n","protected":false},"excerpt":{"rendered":"<p>Acrescenta um pouco de glamour \u00e0 tua passada com as confort\u00e1veis Skechers Slip-ins\u00ae: Summits \u2013 Classy Night. Desenhado com a nossa Heel Pillow\u2122, este modelo vegano tem a parte superior em tecido de rede brilhante com padr\u00e3o de r\u00e9ptil, atacadores el\u00e1sticos fixos e confort\u00e1veis palmilhas Skechers Air-Cooled Memory Foam\u2122 almofadadas. Hands Free Slip-ins Air Cooled [&hellip;]<\/p>\n","protected":false},"featured_media":82322,"comment_status":"closed","ping_status":"closed","template":"","meta":[],"product_cat":[291,222],"product_tag":[],"class_list":{"0":"post-82314","1":"product","2":"type-product","3":"status-publish","4":"has-post-thumbnail","6":"product_cat-calcado-senhora","7":"product_cat-senhora","8":"ts_product_brand-skechers","10":"first","11":"instock","12":"shipping-taxable","13":"purchasable","14":"product-type-variable"},"yoast_head":"<!-- This site is optimized with the Yoast SEO plugin v27.4 - https:\/\/yoast.com\/product\/yoast-seo-wordpress\/ -->\n<title>Sapatilha Summits S Skechers - Guibutik<\/title>\n<meta name=\"robots\" content=\"index, follow, max-snippet:-1, max-image-preview:large, max-video-preview:-1\" \/>\n<link rel=\"canonical\" href=\"https:\/\/www.guibutik.pt\/loja\/produto\/sapatilha-summits-s-skechers-2\/\" \/>\n<meta property=\"og:locale\" content=\"pt_PT\" \/>\n<meta property=\"og:type\" content=\"article\" \/>\n<meta property=\"og:title\" content=\"Sapatilha Summits S Skechers - Guibutik\" \/>\n<meta property=\"og:description\" content=\"Acrescenta um pouco de glamour \u00e0 tua passada com as confort\u00e1veis Skechers Slip-ins\u00ae: Summits \u2013 Classy Night. Desenhado com a nossa Heel Pillow\u2122, este modelo vegano tem a parte superior em tecido de rede brilhante com padr\u00e3o de r\u00e9ptil, atacadores el\u00e1sticos fixos e confort\u00e1veis palmilhas Skechers Air-Cooled Memory Foam\u2122 almofadadas. Hands Free Slip-ins Air Cooled [&hellip;]\" \/>\n<meta property=\"og:url\" content=\"https:\/\/www.guibutik.pt\/loja\/produto\/sapatilha-summits-s-skechers-2\/\" \/>\n<meta property=\"og:site_name\" content=\"Guibutik\" \/>\n<meta property=\"article:publisher\" content=\"https:\/\/www.facebook.com\/guibutik\/\" \/>\n<meta property=\"article:modified_time\" content=\"2026-04-28T17:59:43+00:00\" \/>\n<meta property=\"og:image\" content=\"https:\/\/www.guibutik.pt\/loja\/wp-content\/uploads\/2026\/03\/150128_DKNV_HERO_LG.jpg\" \/>\n\t<meta property=\"og:image:width\" content=\"800\" \/>\n\t<meta property=\"og:image:height\" content=\"708\" \/>\n\t<meta property=\"og:image:type\" content=\"image\/jpeg\" \/>\n<meta name=\"twitter:card\" content=\"summary_large_image\" \/>\n<meta name=\"twitter:label1\" content=\"Tempo estimado de leitura\" \/>\n\t<meta name=\"twitter:data1\" content=\"3 minutos\" \/>\n<script type=\"application\/ld+json\" class=\"yoast-schema-graph\">{\"@context\":\"https:\\\/\\\/schema.org\",\"@graph\":[{\"@type\":\"WebPage\",\"@id\":\"https:\\\/\\\/www.guibutik.pt\\\/loja\\\/produto\\\/sapatilha-summits-s-skechers-2\\\/\",\"url\":\"https:\\\/\\\/www.guibutik.pt\\\/loja\\\/produto\\\/sapatilha-summits-s-skechers-2\\\/\",\"name\":\"Sapatilha Summits S Skechers - Guibutik\",\"isPartOf\":{\"@id\":\"https:\\\/\\\/www.guibutik.pt\\\/loja\\\/#website\"},\"primaryImageOfPage\":{\"@id\":\"https:\\\/\\\/www.guibutik.pt\\\/loja\\\/produto\\\/sapatilha-summits-s-skechers-2\\\/#primaryimage\"},\"image\":{\"@id\":\"https:\\\/\\\/www.guibutik.pt\\\/loja\\\/produto\\\/sapatilha-summits-s-skechers-2\\\/#primaryimage\"},\"thumbnailUrl\":\"https:\\\/\\\/www.guibutik.pt\\\/loja\\\/wp-content\\\/uploads\\\/2026\\\/03\\\/150128_DKNV_HERO_LG.jpg\",\"datePublished\":\"2026-03-14T17:20:41+00:00\",\"dateModified\":\"2026-04-28T17:59:43+00:00\",\"breadcrumb\":{\"@id\":\"https:\\\/\\\/www.guibutik.pt\\\/loja\\\/produto\\\/sapatilha-summits-s-skechers-2\\\/#breadcrumb\"},\"inLanguage\":\"pt-PT\",\"potentialAction\":[{\"@type\":\"ReadAction\",\"target\":[\"https:\\\/\\\/www.guibutik.pt\\\/loja\\\/produto\\\/sapatilha-summits-s-skechers-2\\\/\"]}]},{\"@type\":\"ImageObject\",\"inLanguage\":\"pt-PT\",\"@id\":\"https:\\\/\\\/www.guibutik.pt\\\/loja\\\/produto\\\/sapatilha-summits-s-skechers-2\\\/#primaryimage\",\"url\":\"https:\\\/\\\/www.guibutik.pt\\\/loja\\\/wp-content\\\/uploads\\\/2026\\\/03\\\/150128_DKNV_HERO_LG.jpg\",\"contentUrl\":\"https:\\\/\\\/www.guibutik.pt\\\/loja\\\/wp-content\\\/uploads\\\/2026\\\/03\\\/150128_DKNV_HERO_LG.jpg\",\"width\":800,\"height\":708},{\"@type\":\"BreadcrumbList\",\"@id\":\"https:\\\/\\\/www.guibutik.pt\\\/loja\\\/produto\\\/sapatilha-summits-s-skechers-2\\\/#breadcrumb\",\"itemListElement\":[{\"@type\":\"ListItem\",\"position\":1,\"name\":\"In\u00edcio\",\"item\":\"https:\\\/\\\/www.guibutik.pt\\\/loja\\\/\"},{\"@type\":\"ListItem\",\"position\":2,\"name\":\"Loja\",\"item\":\"https:\\\/\\\/www.guibutik.pt\\\/loja\\\/shop\\\/\"},{\"@type\":\"ListItem\",\"position\":3,\"name\":\"Sapatilha Summits S Skechers\"}]},{\"@type\":\"WebSite\",\"@id\":\"https:\\\/\\\/www.guibutik.pt\\\/loja\\\/#website\",\"url\":\"https:\\\/\\\/www.guibutik.pt\\\/loja\\\/\",\"name\":\"Guibutik\",\"description\":\"Moda e Sapataria\",\"potentialAction\":[{\"@type\":\"SearchAction\",\"target\":{\"@type\":\"EntryPoint\",\"urlTemplate\":\"https:\\\/\\\/www.guibutik.pt\\\/loja\\\/?s={search_term_string}\"},\"query-input\":{\"@type\":\"PropertyValueSpecification\",\"valueRequired\":true,\"valueName\":\"search_term_string\"}}],\"inLanguage\":\"pt-PT\"}]}<\/script>\n<!-- \/ Yoast SEO plugin. -->","yoast_head_json":{"title":"Sapatilha Summits S Skechers - Guibutik","robots":{"index":"index","follow":"follow","max-snippet":"max-snippet:-1","max-image-preview":"max-image-preview:large","max-video-preview":"max-video-preview:-1"},"canonical":"https:\/\/www.guibutik.pt\/loja\/produto\/sapatilha-summits-s-skechers-2\/","og_locale":"pt_PT","og_type":"article","og_title":"Sapatilha Summits S Skechers - Guibutik","og_description":"Acrescenta um pouco de glamour \u00e0 tua passada com as confort\u00e1veis Skechers Slip-ins\u00ae: Summits \u2013 Classy Night. Desenhado com a nossa Heel Pillow\u2122, este modelo vegano tem a parte superior em tecido de rede brilhante com padr\u00e3o de r\u00e9ptil, atacadores el\u00e1sticos fixos e confort\u00e1veis palmilhas Skechers Air-Cooled Memory Foam\u2122 almofadadas. Hands Free Slip-ins Air Cooled [&hellip;]","og_url":"https:\/\/www.guibutik.pt\/loja\/produto\/sapatilha-summits-s-skechers-2\/","og_site_name":"Guibutik","article_publisher":"https:\/\/www.facebook.com\/guibutik\/","article_modified_time":"2026-04-28T17:59:43+00:00","og_image":[{"width":800,"height":708,"url":"https:\/\/www.guibutik.pt\/loja\/wp-content\/uploads\/2026\/03\/150128_DKNV_HERO_LG.jpg","type":"image\/jpeg"}],"twitter_card":"summary_large_image","twitter_misc":{"Tempo estimado de leitura":"3 minutos"},"schema":{"@context":"https:\/\/schema.org","@graph":[{"@type":"WebPage","@id":"https:\/\/www.guibutik.pt\/loja\/produto\/sapatilha-summits-s-skechers-2\/","url":"https:\/\/www.guibutik.pt\/loja\/produto\/sapatilha-summits-s-skechers-2\/","name":"Sapatilha Summits S Skechers - Guibutik","isPartOf":{"@id":"https:\/\/www.guibutik.pt\/loja\/#website"},"primaryImageOfPage":{"@id":"https:\/\/www.guibutik.pt\/loja\/produto\/sapatilha-summits-s-skechers-2\/#primaryimage"},"image":{"@id":"https:\/\/www.guibutik.pt\/loja\/produto\/sapatilha-summits-s-skechers-2\/#primaryimage"},"thumbnailUrl":"https:\/\/www.guibutik.pt\/loja\/wp-content\/uploads\/2026\/03\/150128_DKNV_HERO_LG.jpg","datePublished":"2026-03-14T17:20:41+00:00","dateModified":"2026-04-28T17:59:43+00:00","breadcrumb":{"@id":"https:\/\/www.guibutik.pt\/loja\/produto\/sapatilha-summits-s-skechers-2\/#breadcrumb"},"inLanguage":"pt-PT","potentialAction":[{"@type":"ReadAction","target":["https:\/\/www.guibutik.pt\/loja\/produto\/sapatilha-summits-s-skechers-2\/"]}]},{"@type":"ImageObject","inLanguage":"pt-PT","@id":"https:\/\/www.guibutik.pt\/loja\/produto\/sapatilha-summits-s-skechers-2\/#primaryimage","url":"https:\/\/www.guibutik.pt\/loja\/wp-content\/uploads\/2026\/03\/150128_DKNV_HERO_LG.jpg","contentUrl":"https:\/\/www.guibutik.pt\/loja\/wp-content\/uploads\/2026\/03\/150128_DKNV_HERO_LG.jpg","width":800,"height":708},{"@type":"BreadcrumbList","@id":"https:\/\/www.guibutik.pt\/loja\/produto\/sapatilha-summits-s-skechers-2\/#breadcrumb","itemListElement":[{"@type":"ListItem","position":1,"name":"In\u00edcio","item":"https:\/\/www.guibutik.pt\/loja\/"},{"@type":"ListItem","position":2,"name":"Loja","item":"https:\/\/www.guibutik.pt\/loja\/shop\/"},{"@type":"ListItem","position":3,"name":"Sapatilha Summits S Skechers"}]},{"@type":"WebSite","@id":"https:\/\/www.guibutik.pt\/loja\/#website","url":"https:\/\/www.guibutik.pt\/loja\/","name":"Guibutik","description":"Moda e Sapataria","potentialAction":[{"@type":"SearchAction","target":{"@type":"EntryPoint","urlTemplate":"https:\/\/www.guibutik.pt\/loja\/?s={search_term_string}"},"query-input":{"@type":"PropertyValueSpecification","valueRequired":true,"valueName":"search_term_string"}}],"inLanguage":"pt-PT"}]}},"_links":{"self":[{"href":"https:\/\/www.guibutik.pt\/loja\/wp-json\/wp\/v2\/product\/82314","targetHints":{"allow":["GET"]}}],"collection":[{"href":"https:\/\/www.guibutik.pt\/loja\/wp-json\/wp\/v2\/product"}],"about":[{"href":"https:\/\/www.guibutik.pt\/loja\/wp-json\/wp\/v2\/types\/product"}],"replies":[{"embeddable":true,"href":"https:\/\/www.guibutik.pt\/loja\/wp-json\/wp\/v2\/comments?post=82314"}],"wp:featuredmedia":[{"embeddable":true,"href":"https:\/\/www.guibutik.pt\/loja\/wp-json\/wp\/v2\/media\/82322"}],"wp:attachment":[{"href":"https:\/\/www.guibutik.pt\/loja\/wp-json\/wp\/v2\/media?parent=82314"}],"wp:term":[{"taxonomy":"product_cat","embeddable":true,"href":"https:\/\/www.guibutik.pt\/loja\/wp-json\/wp\/v2\/product_cat?post=82314"},{"taxonomy":"product_tag","embeddable":true,"href":"https:\/\/www.guibutik.pt\/loja\/wp-json\/wp\/v2\/product_tag?post=82314"}],"curies":[{"name":"wp","href":"https:\/\/api.w.org\/{rel}","templated":true}]}}