{"id":82160,"date":"2026-03-14T17:08:26","date_gmt":"2026-03-14T16:08:26","guid":{"rendered":"https:\/\/www.guibutik.pt\/loja\/?post_type=product&#038;p=82160"},"modified":"2026-03-14T17:08:26","modified_gmt":"2026-03-14T16:08:26","slug":"sapatilha-spherica-s-geox-2","status":"publish","type":"product","link":"https:\/\/www.guibutik.pt\/loja\/produto\/sapatilha-spherica-s-geox-2\/","title":{"rendered":"Sapatilha Spherica S Geox"},"content":{"rendered":"<p>Sneaker Spherica\u2122 PLUS de mulher com tecnologia Fast in, que permite um cal\u00e7ar r\u00e1pido e f\u00e1cil sem ter de utilizar as m\u00e3os. Respir\u00e1vel e ultra-amortecido, em toupeira-claro com detalhes em dourado-claro, este modelo apresenta uma g\u00e1spea realizada numa combina\u00e7\u00e3o de tecido efeito malha e material efeito pele metalizada. Adequadas para todos os dias, estas sneakers s\u00e3o ideais para acrescentar um toque desportivo aos looks casuais.<\/p>\n<p>Materiais:<\/p>\n<p>Parte superior: 72%Tecido-28% Sint\u00e9tico<br \/>\nForro: 100% Tecido<\/p>\n<p class=\"m-0\">Sola: 100% Material Sint\u00e9tico<br \/>\nPalmilha: 100% Tecido<\/p>\n<div class=\"h2 pdp-technology-title\" data-seo-label=\"technological line spherica\"><span class=\"small-title\">Spherica\u2122<\/span><\/div>\n<h3 class=\"pdp-technology-descr\">Respirabilidade ideal e elevados n\u00edveis de amortecimento, gra\u00e7as \u00e0 sola com Zero Shock System que distribui a press\u00e3o de modo uniforme, para um caminhar leve e sem esfor\u00e7o.<\/h3>\n","protected":false},"excerpt":{"rendered":"<p>Sneaker Spherica\u2122 PLUS de mulher com tecnologia Fast in, que permite um cal\u00e7ar r\u00e1pido e f\u00e1cil sem ter de utilizar as m\u00e3os. Respir\u00e1vel e ultra-amortecido, em toupeira-claro com detalhes em dourado-claro, este modelo apresenta uma g\u00e1spea realizada numa combina\u00e7\u00e3o de tecido efeito malha e material efeito pele metalizada. Adequadas para todos os dias, estas sneakers [&hellip;]<\/p>\n","protected":false},"featured_media":82173,"comment_status":"closed","ping_status":"closed","template":"","meta":[],"product_cat":[291,222],"product_tag":[],"class_list":{"0":"post-82160","1":"product","2":"type-product","3":"status-publish","4":"has-post-thumbnail","6":"product_cat-calcado-senhora","7":"product_cat-senhora","8":"ts_product_brand-geox","10":"first","11":"instock","12":"shipping-taxable","13":"purchasable","14":"product-type-variable"},"yoast_head":"<!-- This site is optimized with the Yoast SEO plugin v27.5 - https:\/\/yoast.com\/product\/yoast-seo-wordpress\/ -->\n<title>Sapatilha Spherica S Geox - Guibutik<\/title>\n<meta name=\"robots\" content=\"index, follow, max-snippet:-1, max-image-preview:large, max-video-preview:-1\" \/>\n<link rel=\"canonical\" href=\"https:\/\/www.guibutik.pt\/loja\/produto\/sapatilha-spherica-s-geox-2\/\" \/>\n<meta property=\"og:locale\" content=\"pt_PT\" \/>\n<meta property=\"og:type\" content=\"article\" \/>\n<meta property=\"og:title\" content=\"Sapatilha Spherica S Geox - Guibutik\" \/>\n<meta property=\"og:description\" content=\"Sneaker Spherica\u2122 PLUS de mulher com tecnologia Fast in, que permite um cal\u00e7ar r\u00e1pido e f\u00e1cil sem ter de utilizar as m\u00e3os. Respir\u00e1vel e ultra-amortecido, em toupeira-claro com detalhes em dourado-claro, este modelo apresenta uma g\u00e1spea realizada numa combina\u00e7\u00e3o de tecido efeito malha e material efeito pele metalizada. Adequadas para todos os dias, estas sneakers [&hellip;]\" \/>\n<meta property=\"og:url\" content=\"https:\/\/www.guibutik.pt\/loja\/produto\/sapatilha-spherica-s-geox-2\/\" \/>\n<meta property=\"og:site_name\" content=\"Guibutik\" \/>\n<meta property=\"article:publisher\" content=\"https:\/\/www.facebook.com\/guibutik\/\" \/>\n<meta property=\"og:image\" content=\"https:\/\/www.guibutik.pt\/loja\/wp-content\/uploads\/2026\/03\/D557MA.jpg\" \/>\n\t<meta property=\"og:image:width\" content=\"1024\" \/>\n\t<meta property=\"og:image:height\" content=\"1024\" \/>\n\t<meta property=\"og:image:type\" content=\"image\/jpeg\" \/>\n<meta name=\"twitter:card\" content=\"summary_large_image\" \/>\n<meta name=\"twitter:label1\" content=\"Tempo estimado de leitura\" \/>\n\t<meta name=\"twitter:data1\" content=\"1 minuto\" \/>\n<script type=\"application\/ld+json\" class=\"yoast-schema-graph\">{\"@context\":\"https:\\\/\\\/schema.org\",\"@graph\":[{\"@type\":\"WebPage\",\"@id\":\"https:\\\/\\\/www.guibutik.pt\\\/loja\\\/produto\\\/sapatilha-spherica-s-geox-2\\\/\",\"url\":\"https:\\\/\\\/www.guibutik.pt\\\/loja\\\/produto\\\/sapatilha-spherica-s-geox-2\\\/\",\"name\":\"Sapatilha Spherica S Geox - Guibutik\",\"isPartOf\":{\"@id\":\"https:\\\/\\\/www.guibutik.pt\\\/loja\\\/#website\"},\"primaryImageOfPage\":{\"@id\":\"https:\\\/\\\/www.guibutik.pt\\\/loja\\\/produto\\\/sapatilha-spherica-s-geox-2\\\/#primaryimage\"},\"image\":{\"@id\":\"https:\\\/\\\/www.guibutik.pt\\\/loja\\\/produto\\\/sapatilha-spherica-s-geox-2\\\/#primaryimage\"},\"thumbnailUrl\":\"https:\\\/\\\/www.guibutik.pt\\\/loja\\\/wp-content\\\/uploads\\\/2026\\\/03\\\/D557MA.jpg\",\"datePublished\":\"2026-03-14T16:08:26+00:00\",\"breadcrumb\":{\"@id\":\"https:\\\/\\\/www.guibutik.pt\\\/loja\\\/produto\\\/sapatilha-spherica-s-geox-2\\\/#breadcrumb\"},\"inLanguage\":\"pt-PT\",\"potentialAction\":[{\"@type\":\"ReadAction\",\"target\":[\"https:\\\/\\\/www.guibutik.pt\\\/loja\\\/produto\\\/sapatilha-spherica-s-geox-2\\\/\"]}]},{\"@type\":\"ImageObject\",\"inLanguage\":\"pt-PT\",\"@id\":\"https:\\\/\\\/www.guibutik.pt\\\/loja\\\/produto\\\/sapatilha-spherica-s-geox-2\\\/#primaryimage\",\"url\":\"https:\\\/\\\/www.guibutik.pt\\\/loja\\\/wp-content\\\/uploads\\\/2026\\\/03\\\/D557MA.jpg\",\"contentUrl\":\"https:\\\/\\\/www.guibutik.pt\\\/loja\\\/wp-content\\\/uploads\\\/2026\\\/03\\\/D557MA.jpg\",\"width\":1024,\"height\":1024},{\"@type\":\"BreadcrumbList\",\"@id\":\"https:\\\/\\\/www.guibutik.pt\\\/loja\\\/produto\\\/sapatilha-spherica-s-geox-2\\\/#breadcrumb\",\"itemListElement\":[{\"@type\":\"ListItem\",\"position\":1,\"name\":\"In\u00edcio\",\"item\":\"https:\\\/\\\/www.guibutik.pt\\\/loja\\\/\"},{\"@type\":\"ListItem\",\"position\":2,\"name\":\"Loja\",\"item\":\"https:\\\/\\\/www.guibutik.pt\\\/loja\\\/shop\\\/\"},{\"@type\":\"ListItem\",\"position\":3,\"name\":\"Sapatilha Spherica S Geox\"}]},{\"@type\":\"WebSite\",\"@id\":\"https:\\\/\\\/www.guibutik.pt\\\/loja\\\/#website\",\"url\":\"https:\\\/\\\/www.guibutik.pt\\\/loja\\\/\",\"name\":\"Guibutik\",\"description\":\"Moda e Sapataria\",\"potentialAction\":[{\"@type\":\"SearchAction\",\"target\":{\"@type\":\"EntryPoint\",\"urlTemplate\":\"https:\\\/\\\/www.guibutik.pt\\\/loja\\\/?s={search_term_string}\"},\"query-input\":{\"@type\":\"PropertyValueSpecification\",\"valueRequired\":true,\"valueName\":\"search_term_string\"}}],\"inLanguage\":\"pt-PT\"}]}<\/script>\n<!-- \/ Yoast SEO plugin. -->","yoast_head_json":{"title":"Sapatilha Spherica S Geox - Guibutik","robots":{"index":"index","follow":"follow","max-snippet":"max-snippet:-1","max-image-preview":"max-image-preview:large","max-video-preview":"max-video-preview:-1"},"canonical":"https:\/\/www.guibutik.pt\/loja\/produto\/sapatilha-spherica-s-geox-2\/","og_locale":"pt_PT","og_type":"article","og_title":"Sapatilha Spherica S Geox - Guibutik","og_description":"Sneaker Spherica\u2122 PLUS de mulher com tecnologia Fast in, que permite um cal\u00e7ar r\u00e1pido e f\u00e1cil sem ter de utilizar as m\u00e3os. Respir\u00e1vel e ultra-amortecido, em toupeira-claro com detalhes em dourado-claro, este modelo apresenta uma g\u00e1spea realizada numa combina\u00e7\u00e3o de tecido efeito malha e material efeito pele metalizada. Adequadas para todos os dias, estas sneakers [&hellip;]","og_url":"https:\/\/www.guibutik.pt\/loja\/produto\/sapatilha-spherica-s-geox-2\/","og_site_name":"Guibutik","article_publisher":"https:\/\/www.facebook.com\/guibutik\/","og_image":[{"width":1024,"height":1024,"url":"https:\/\/www.guibutik.pt\/loja\/wp-content\/uploads\/2026\/03\/D557MA.jpg","type":"image\/jpeg"}],"twitter_card":"summary_large_image","twitter_misc":{"Tempo estimado de leitura":"1 minuto"},"schema":{"@context":"https:\/\/schema.org","@graph":[{"@type":"WebPage","@id":"https:\/\/www.guibutik.pt\/loja\/produto\/sapatilha-spherica-s-geox-2\/","url":"https:\/\/www.guibutik.pt\/loja\/produto\/sapatilha-spherica-s-geox-2\/","name":"Sapatilha Spherica S Geox - Guibutik","isPartOf":{"@id":"https:\/\/www.guibutik.pt\/loja\/#website"},"primaryImageOfPage":{"@id":"https:\/\/www.guibutik.pt\/loja\/produto\/sapatilha-spherica-s-geox-2\/#primaryimage"},"image":{"@id":"https:\/\/www.guibutik.pt\/loja\/produto\/sapatilha-spherica-s-geox-2\/#primaryimage"},"thumbnailUrl":"https:\/\/www.guibutik.pt\/loja\/wp-content\/uploads\/2026\/03\/D557MA.jpg","datePublished":"2026-03-14T16:08:26+00:00","breadcrumb":{"@id":"https:\/\/www.guibutik.pt\/loja\/produto\/sapatilha-spherica-s-geox-2\/#breadcrumb"},"inLanguage":"pt-PT","potentialAction":[{"@type":"ReadAction","target":["https:\/\/www.guibutik.pt\/loja\/produto\/sapatilha-spherica-s-geox-2\/"]}]},{"@type":"ImageObject","inLanguage":"pt-PT","@id":"https:\/\/www.guibutik.pt\/loja\/produto\/sapatilha-spherica-s-geox-2\/#primaryimage","url":"https:\/\/www.guibutik.pt\/loja\/wp-content\/uploads\/2026\/03\/D557MA.jpg","contentUrl":"https:\/\/www.guibutik.pt\/loja\/wp-content\/uploads\/2026\/03\/D557MA.jpg","width":1024,"height":1024},{"@type":"BreadcrumbList","@id":"https:\/\/www.guibutik.pt\/loja\/produto\/sapatilha-spherica-s-geox-2\/#breadcrumb","itemListElement":[{"@type":"ListItem","position":1,"name":"In\u00edcio","item":"https:\/\/www.guibutik.pt\/loja\/"},{"@type":"ListItem","position":2,"name":"Loja","item":"https:\/\/www.guibutik.pt\/loja\/shop\/"},{"@type":"ListItem","position":3,"name":"Sapatilha Spherica S Geox"}]},{"@type":"WebSite","@id":"https:\/\/www.guibutik.pt\/loja\/#website","url":"https:\/\/www.guibutik.pt\/loja\/","name":"Guibutik","description":"Moda e Sapataria","potentialAction":[{"@type":"SearchAction","target":{"@type":"EntryPoint","urlTemplate":"https:\/\/www.guibutik.pt\/loja\/?s={search_term_string}"},"query-input":{"@type":"PropertyValueSpecification","valueRequired":true,"valueName":"search_term_string"}}],"inLanguage":"pt-PT"}]}},"_links":{"self":[{"href":"https:\/\/www.guibutik.pt\/loja\/wp-json\/wp\/v2\/product\/82160","targetHints":{"allow":["GET"]}}],"collection":[{"href":"https:\/\/www.guibutik.pt\/loja\/wp-json\/wp\/v2\/product"}],"about":[{"href":"https:\/\/www.guibutik.pt\/loja\/wp-json\/wp\/v2\/types\/product"}],"replies":[{"embeddable":true,"href":"https:\/\/www.guibutik.pt\/loja\/wp-json\/wp\/v2\/comments?post=82160"}],"wp:featuredmedia":[{"embeddable":true,"href":"https:\/\/www.guibutik.pt\/loja\/wp-json\/wp\/v2\/media\/82173"}],"wp:attachment":[{"href":"https:\/\/www.guibutik.pt\/loja\/wp-json\/wp\/v2\/media?parent=82160"}],"wp:term":[{"taxonomy":"product_cat","embeddable":true,"href":"https:\/\/www.guibutik.pt\/loja\/wp-json\/wp\/v2\/product_cat?post=82160"},{"taxonomy":"product_tag","embeddable":true,"href":"https:\/\/www.guibutik.pt\/loja\/wp-json\/wp\/v2\/product_tag?post=82160"}],"curies":[{"name":"wp","href":"https:\/\/api.w.org\/{rel}","templated":true}]}}