{"id":81938,"date":"2026-03-14T12:58:04","date_gmt":"2026-03-14T11:58:04","guid":{"rendered":"https:\/\/www.guibutik.pt\/loja\/?post_type=product&#038;p=81938"},"modified":"2026-04-28T19:01:47","modified_gmt":"2026-04-28T18:01:47","slug":"sapatilha-flexyper-r-geox","status":"publish","type":"product","link":"https:\/\/www.guibutik.pt\/loja\/produto\/sapatilha-flexyper-r-geox\/","title":{"rendered":"Sapatilha Flexyper R Geox"},"content":{"rendered":"<p><span dir=\"auto\">T\u00eanis infantil Flexyper de cano baixo, confort\u00e1vel e respir\u00e1vel, com um toque urbano e visual inspirado em t\u00eanis de corrida. Uma garantia de praticidade e bem-estar. O Flexyper possui um design urbano e solado bicolor no estilo de t\u00eanis de corrida.<\/span><\/p>\n<p><span dir=\"auto\">Perfeita para momentos de lazer, ela combina facilmente com uma grande variedade de looks casuais gra\u00e7as ao cabedal em mesh e material semelhante a camur\u00e7a, em tons de azul celeste e amarelo.<\/span><\/p>\n<ul>\n<li><span dir=\"auto\">A sola respir\u00e1vel possui o sistema patenteado Geox, que garante o bem-estar dos p\u00e9s.<\/span><\/li>\n<li><span dir=\"auto\">A sola TR garante uma constru\u00e7\u00e3o leve, durabilidade e excelente ader\u00eancia.<\/span><\/li>\n<li><span dir=\"auto\">A palmilha \u00e9 remov\u00edvel por quest\u00f5es de higiene e praticidade.<\/span><\/li>\n<li><span dir=\"auto\">A palmilha foi revestida com couro at\u00f3xico e livre de cromo para manter os p\u00e9s constantemente secos e confort\u00e1veis.<\/span><\/li>\n<li><span dir=\"auto\">O fecho \u00fanico com velcro e o cadar\u00e7o el\u00e1stico facilitam o cal\u00e7ar e o ajuste.<\/span><\/li>\n<li><span dir=\"auto\">Pode acomodar palmilhas ortop\u00e9dicas.<\/span><\/li>\n<li><span dir=\"auto\">Largura do ajuste: M\u00e9dia a larga<\/span><\/li>\n<\/ul>\n","protected":false},"excerpt":{"rendered":"<p>T\u00eanis infantil Flexyper de cano baixo, confort\u00e1vel e respir\u00e1vel, com um toque urbano e visual inspirado em t\u00eanis de corrida. Uma garantia de praticidade e bem-estar. O Flexyper possui um design urbano e solado bicolor no estilo de t\u00eanis de corrida. Perfeita para momentos de lazer, ela combina facilmente com uma grande variedade de looks [&hellip;]<\/p>\n","protected":false},"featured_media":81961,"comment_status":"closed","ping_status":"closed","template":"","meta":[],"product_cat":[295,267,235,553],"product_tag":[],"class_list":{"0":"post-81938","1":"product","2":"type-product","3":"status-publish","4":"has-post-thumbnail","6":"product_cat-calcado-rapaz","7":"product_cat-crianca","8":"product_cat-rapaz","9":"product_cat-sapatilha-calcado-rapaz","10":"ts_product_brand-geox","12":"first","13":"instock","14":"shipping-taxable","15":"purchasable","16":"product-type-variable"},"yoast_head":"<!-- This site is optimized with the Yoast SEO plugin v27.5 - https:\/\/yoast.com\/product\/yoast-seo-wordpress\/ -->\n<title>Sapatilha Flexyper R Geox - Guibutik<\/title>\n<meta name=\"robots\" content=\"index, follow, max-snippet:-1, max-image-preview:large, max-video-preview:-1\" \/>\n<link rel=\"canonical\" href=\"https:\/\/www.guibutik.pt\/loja\/produto\/sapatilha-flexyper-r-geox\/\" \/>\n<meta property=\"og:locale\" content=\"pt_PT\" \/>\n<meta property=\"og:type\" content=\"article\" \/>\n<meta property=\"og:title\" content=\"Sapatilha Flexyper R Geox - Guibutik\" \/>\n<meta property=\"og:description\" content=\"T\u00eanis infantil Flexyper de cano baixo, confort\u00e1vel e respir\u00e1vel, com um toque urbano e visual inspirado em t\u00eanis de corrida. Uma garantia de praticidade e bem-estar. O Flexyper possui um design urbano e solado bicolor no estilo de t\u00eanis de corrida. Perfeita para momentos de lazer, ela combina facilmente com uma grande variedade de looks [&hellip;]\" \/>\n<meta property=\"og:url\" content=\"https:\/\/www.guibutik.pt\/loja\/produto\/sapatilha-flexyper-r-geox\/\" \/>\n<meta property=\"og:site_name\" content=\"Guibutik\" \/>\n<meta property=\"article:publisher\" content=\"https:\/\/www.facebook.com\/guibutik\/\" \/>\n<meta property=\"article:modified_time\" content=\"2026-04-28T18:01:47+00:00\" \/>\n<meta property=\"og:image\" content=\"https:\/\/www.guibutik.pt\/loja\/wp-content\/uploads\/2026\/03\/B656GC-7.webp\" \/>\n\t<meta property=\"og:image:width\" content=\"900\" \/>\n\t<meta property=\"og:image:height\" content=\"600\" \/>\n\t<meta property=\"og:image:type\" content=\"image\/webp\" \/>\n<meta name=\"twitter:card\" content=\"summary_large_image\" \/>\n<meta name=\"twitter:label1\" content=\"Tempo estimado de leitura\" \/>\n\t<meta name=\"twitter:data1\" content=\"2 minutos\" \/>\n<script type=\"application\/ld+json\" class=\"yoast-schema-graph\">{\"@context\":\"https:\\\/\\\/schema.org\",\"@graph\":[{\"@type\":\"WebPage\",\"@id\":\"https:\\\/\\\/www.guibutik.pt\\\/loja\\\/produto\\\/sapatilha-flexyper-r-geox\\\/\",\"url\":\"https:\\\/\\\/www.guibutik.pt\\\/loja\\\/produto\\\/sapatilha-flexyper-r-geox\\\/\",\"name\":\"Sapatilha Flexyper R Geox - Guibutik\",\"isPartOf\":{\"@id\":\"https:\\\/\\\/www.guibutik.pt\\\/loja\\\/#website\"},\"primaryImageOfPage\":{\"@id\":\"https:\\\/\\\/www.guibutik.pt\\\/loja\\\/produto\\\/sapatilha-flexyper-r-geox\\\/#primaryimage\"},\"image\":{\"@id\":\"https:\\\/\\\/www.guibutik.pt\\\/loja\\\/produto\\\/sapatilha-flexyper-r-geox\\\/#primaryimage\"},\"thumbnailUrl\":\"https:\\\/\\\/www.guibutik.pt\\\/loja\\\/wp-content\\\/uploads\\\/2026\\\/03\\\/B656GC-7.webp\",\"datePublished\":\"2026-03-14T11:58:04+00:00\",\"dateModified\":\"2026-04-28T18:01:47+00:00\",\"breadcrumb\":{\"@id\":\"https:\\\/\\\/www.guibutik.pt\\\/loja\\\/produto\\\/sapatilha-flexyper-r-geox\\\/#breadcrumb\"},\"inLanguage\":\"pt-PT\",\"potentialAction\":[{\"@type\":\"ReadAction\",\"target\":[\"https:\\\/\\\/www.guibutik.pt\\\/loja\\\/produto\\\/sapatilha-flexyper-r-geox\\\/\"]}]},{\"@type\":\"ImageObject\",\"inLanguage\":\"pt-PT\",\"@id\":\"https:\\\/\\\/www.guibutik.pt\\\/loja\\\/produto\\\/sapatilha-flexyper-r-geox\\\/#primaryimage\",\"url\":\"https:\\\/\\\/www.guibutik.pt\\\/loja\\\/wp-content\\\/uploads\\\/2026\\\/03\\\/B656GC-7.webp\",\"contentUrl\":\"https:\\\/\\\/www.guibutik.pt\\\/loja\\\/wp-content\\\/uploads\\\/2026\\\/03\\\/B656GC-7.webp\",\"width\":900,\"height\":600},{\"@type\":\"BreadcrumbList\",\"@id\":\"https:\\\/\\\/www.guibutik.pt\\\/loja\\\/produto\\\/sapatilha-flexyper-r-geox\\\/#breadcrumb\",\"itemListElement\":[{\"@type\":\"ListItem\",\"position\":1,\"name\":\"In\u00edcio\",\"item\":\"https:\\\/\\\/www.guibutik.pt\\\/loja\\\/\"},{\"@type\":\"ListItem\",\"position\":2,\"name\":\"Loja\",\"item\":\"https:\\\/\\\/www.guibutik.pt\\\/loja\\\/shop\\\/\"},{\"@type\":\"ListItem\",\"position\":3,\"name\":\"Sapatilha Flexyper R Geox\"}]},{\"@type\":\"WebSite\",\"@id\":\"https:\\\/\\\/www.guibutik.pt\\\/loja\\\/#website\",\"url\":\"https:\\\/\\\/www.guibutik.pt\\\/loja\\\/\",\"name\":\"Guibutik\",\"description\":\"Moda e Sapataria\",\"potentialAction\":[{\"@type\":\"SearchAction\",\"target\":{\"@type\":\"EntryPoint\",\"urlTemplate\":\"https:\\\/\\\/www.guibutik.pt\\\/loja\\\/?s={search_term_string}\"},\"query-input\":{\"@type\":\"PropertyValueSpecification\",\"valueRequired\":true,\"valueName\":\"search_term_string\"}}],\"inLanguage\":\"pt-PT\"}]}<\/script>\n<!-- \/ Yoast SEO plugin. -->","yoast_head_json":{"title":"Sapatilha Flexyper R Geox - Guibutik","robots":{"index":"index","follow":"follow","max-snippet":"max-snippet:-1","max-image-preview":"max-image-preview:large","max-video-preview":"max-video-preview:-1"},"canonical":"https:\/\/www.guibutik.pt\/loja\/produto\/sapatilha-flexyper-r-geox\/","og_locale":"pt_PT","og_type":"article","og_title":"Sapatilha Flexyper R Geox - Guibutik","og_description":"T\u00eanis infantil Flexyper de cano baixo, confort\u00e1vel e respir\u00e1vel, com um toque urbano e visual inspirado em t\u00eanis de corrida. Uma garantia de praticidade e bem-estar. O Flexyper possui um design urbano e solado bicolor no estilo de t\u00eanis de corrida. Perfeita para momentos de lazer, ela combina facilmente com uma grande variedade de looks [&hellip;]","og_url":"https:\/\/www.guibutik.pt\/loja\/produto\/sapatilha-flexyper-r-geox\/","og_site_name":"Guibutik","article_publisher":"https:\/\/www.facebook.com\/guibutik\/","article_modified_time":"2026-04-28T18:01:47+00:00","og_image":[{"width":900,"height":600,"url":"https:\/\/www.guibutik.pt\/loja\/wp-content\/uploads\/2026\/03\/B656GC-7.webp","type":"image\/webp"}],"twitter_card":"summary_large_image","twitter_misc":{"Tempo estimado de leitura":"2 minutos"},"schema":{"@context":"https:\/\/schema.org","@graph":[{"@type":"WebPage","@id":"https:\/\/www.guibutik.pt\/loja\/produto\/sapatilha-flexyper-r-geox\/","url":"https:\/\/www.guibutik.pt\/loja\/produto\/sapatilha-flexyper-r-geox\/","name":"Sapatilha Flexyper R Geox - Guibutik","isPartOf":{"@id":"https:\/\/www.guibutik.pt\/loja\/#website"},"primaryImageOfPage":{"@id":"https:\/\/www.guibutik.pt\/loja\/produto\/sapatilha-flexyper-r-geox\/#primaryimage"},"image":{"@id":"https:\/\/www.guibutik.pt\/loja\/produto\/sapatilha-flexyper-r-geox\/#primaryimage"},"thumbnailUrl":"https:\/\/www.guibutik.pt\/loja\/wp-content\/uploads\/2026\/03\/B656GC-7.webp","datePublished":"2026-03-14T11:58:04+00:00","dateModified":"2026-04-28T18:01:47+00:00","breadcrumb":{"@id":"https:\/\/www.guibutik.pt\/loja\/produto\/sapatilha-flexyper-r-geox\/#breadcrumb"},"inLanguage":"pt-PT","potentialAction":[{"@type":"ReadAction","target":["https:\/\/www.guibutik.pt\/loja\/produto\/sapatilha-flexyper-r-geox\/"]}]},{"@type":"ImageObject","inLanguage":"pt-PT","@id":"https:\/\/www.guibutik.pt\/loja\/produto\/sapatilha-flexyper-r-geox\/#primaryimage","url":"https:\/\/www.guibutik.pt\/loja\/wp-content\/uploads\/2026\/03\/B656GC-7.webp","contentUrl":"https:\/\/www.guibutik.pt\/loja\/wp-content\/uploads\/2026\/03\/B656GC-7.webp","width":900,"height":600},{"@type":"BreadcrumbList","@id":"https:\/\/www.guibutik.pt\/loja\/produto\/sapatilha-flexyper-r-geox\/#breadcrumb","itemListElement":[{"@type":"ListItem","position":1,"name":"In\u00edcio","item":"https:\/\/www.guibutik.pt\/loja\/"},{"@type":"ListItem","position":2,"name":"Loja","item":"https:\/\/www.guibutik.pt\/loja\/shop\/"},{"@type":"ListItem","position":3,"name":"Sapatilha Flexyper R Geox"}]},{"@type":"WebSite","@id":"https:\/\/www.guibutik.pt\/loja\/#website","url":"https:\/\/www.guibutik.pt\/loja\/","name":"Guibutik","description":"Moda e Sapataria","potentialAction":[{"@type":"SearchAction","target":{"@type":"EntryPoint","urlTemplate":"https:\/\/www.guibutik.pt\/loja\/?s={search_term_string}"},"query-input":{"@type":"PropertyValueSpecification","valueRequired":true,"valueName":"search_term_string"}}],"inLanguage":"pt-PT"}]}},"_links":{"self":[{"href":"https:\/\/www.guibutik.pt\/loja\/wp-json\/wp\/v2\/product\/81938","targetHints":{"allow":["GET"]}}],"collection":[{"href":"https:\/\/www.guibutik.pt\/loja\/wp-json\/wp\/v2\/product"}],"about":[{"href":"https:\/\/www.guibutik.pt\/loja\/wp-json\/wp\/v2\/types\/product"}],"replies":[{"embeddable":true,"href":"https:\/\/www.guibutik.pt\/loja\/wp-json\/wp\/v2\/comments?post=81938"}],"wp:featuredmedia":[{"embeddable":true,"href":"https:\/\/www.guibutik.pt\/loja\/wp-json\/wp\/v2\/media\/81961"}],"wp:attachment":[{"href":"https:\/\/www.guibutik.pt\/loja\/wp-json\/wp\/v2\/media?parent=81938"}],"wp:term":[{"taxonomy":"product_cat","embeddable":true,"href":"https:\/\/www.guibutik.pt\/loja\/wp-json\/wp\/v2\/product_cat?post=81938"},{"taxonomy":"product_tag","embeddable":true,"href":"https:\/\/www.guibutik.pt\/loja\/wp-json\/wp\/v2\/product_tag?post=81938"}],"curies":[{"name":"wp","href":"https:\/\/api.w.org\/{rel}","templated":true}]}}