{"id":81780,"date":"2026-03-12T12:11:51","date_gmt":"2026-03-12T11:11:51","guid":{"rendered":"https:\/\/www.guibutik.pt\/loja\/?post_type=product&#038;p=81780"},"modified":"2026-03-12T12:11:51","modified_gmt":"2026-03-12T11:11:51","slug":"sapatilha-quick-m-skechers","status":"publish","type":"product","link":"https:\/\/www.guibutik.pt\/loja\/produto\/sapatilha-quick-m-skechers\/","title":{"rendered":"Sapatilha Quick M Skechers"},"content":{"rendered":"<p>Proporciona \u00e0s tuas crian\u00e7as um look descontra\u00eddo e desportivo usando as Skechers Street\u2122 Quick Street. Estas sapatilhas estilo court lav\u00e1veis \u00e0 m\u00e1quina t\u00eam a parte superior em duraleather bicolor com detalhes perfurados e palmilhas almofadadas para maior conforto.<\/p>\n<p><img loading=\"lazy\" decoding=\"async\" src=\"https:\/\/www.skechers.pt\/on\/demandware.static\/-\/Library-Sites-SkechersSharedLibrary\/default\/dwf22ce62e\/images\/product\/highlights\/machine_washable_color.svg\" alt=\"Machine Washable\" width=\"100\" height=\"100\" data-loading=\"lazy\" \/>Machine Washable<\/p>\n<div class=\"c-product-features-details__detail description collapsible-md d-lg-block col-12 col-lg-4\">\n<h2 class=\"c-product-features-details__title title d-none d-md-block\">Principais funcionalidades<\/h2>\n<ul class=\"c-product-features-details__bullets content value\">\n<li class=\"c-product-features-details__bullet\">Confort\u00e1veis palmilhas almofadadas<\/li>\n<\/ul>\n<\/div>\n<div class=\"c-product-features-details__detail details collapsible-md d-lg-block col-12 col-lg-4\">\n<h2 class=\"c-product-features-details__title title d-none d-md-block\">Detalhes do design<\/h2>\n<ul class=\"c-product-features-details__bullets content value\">\n<li class=\"c-product-features-details__bullet\">Parte superior em duraleather com atacadores, pain\u00e9is laterais e perfura\u00e7\u00f5es na biqueira<\/li>\n<li class=\"c-product-features-details__bullet\">Sola exterior de tra\u00e7\u00e3o flex\u00edvel<\/li>\n<li class=\"c-product-features-details__bullet\">Altura do calcanhar: 1,9 cm<\/li>\n<li class=\"c-product-features-details__bullet\">Artigo lav\u00e1vel \u00e0 m\u00e1quina<\/li>\n<li class=\"c-product-features-details__bullet\">Log\u00f3tipo Skechers vis\u00edvel<\/li>\n<\/ul>\n<\/div>\n<div class=\"c-product-features-details__detail details js-product-materials collapsible-md d-lg-block col-12 col-lg-4\">\n<h2 class=\"c-product-features-details__title title d-none d-md-block\">Materiais<\/h2>\n<ul class=\"c-product-features-details__bullets content value\">\n<li class=\"c-product-features-details__bullet\">\n<p id=\"tw-target-text\" class=\"tw-data-text tw-text-large tw-ta\" dir=\"ltr\" tabindex=\"-1\" role=\"text\" data-placeholder=\"Tradu\u00e7\u00e3o\" data-ved=\"2ahUKEwiPg77JmJqTAxWC87sIHRejPEsQ3ewLegQIBBAW\" aria-label=\"Texto traduzido: Sola: SINT\u00c9TICA\nCabedal: SINT\u00c9TICO, T\u00caXTIL\nPalmilha: T\u00caXTIL\"><span class=\"Y2IQFc\" lang=\"pt\">Sola: SINT\u00c9TICA <\/span><\/p>\n<\/li>\n<li class=\"c-product-features-details__bullet\">\n<p id=\"tw-target-text\" class=\"tw-data-text tw-text-large tw-ta\" dir=\"ltr\" tabindex=\"-1\" role=\"text\" data-placeholder=\"Tradu\u00e7\u00e3o\" data-ved=\"2ahUKEwiPg77JmJqTAxWC87sIHRejPEsQ3ewLegQIBBAW\" aria-label=\"Texto traduzido: Sola: SINT\u00c9TICA\nCabedal: SINT\u00c9TICO, T\u00caXTIL\nPalmilha: T\u00caXTIL\"><span class=\"Y2IQFc\" lang=\"pt\">Cabedal: SINT\u00c9TICO, T\u00caXTIL <\/span><\/p>\n<\/li>\n<li class=\"c-product-features-details__bullet\">\n<p id=\"tw-target-text\" class=\"tw-data-text tw-text-large tw-ta\" dir=\"ltr\" tabindex=\"-1\" role=\"text\" data-placeholder=\"Tradu\u00e7\u00e3o\" data-ved=\"2ahUKEwiPg77JmJqTAxWC87sIHRejPEsQ3ewLegQIBBAW\" aria-label=\"Texto traduzido: Sola: SINT\u00c9TICA\nCabedal: SINT\u00c9TICO, T\u00caXTIL\nPalmilha: T\u00caXTIL\"><span class=\"Y2IQFc\" lang=\"pt\">Palmilha: T\u00caXTIL<\/span><\/p>\n<\/li>\n<\/ul>\n<\/div>\n","protected":false},"excerpt":{"rendered":"<p>Proporciona \u00e0s tuas crian\u00e7as um look descontra\u00eddo e desportivo usando as Skechers Street\u2122 Quick Street. Estas sapatilhas estilo court lav\u00e1veis \u00e0 m\u00e1quina t\u00eam a parte superior em duraleather bicolor com detalhes perfurados e palmilhas almofadadas para maior conforto. Machine Washable Principais funcionalidades Confort\u00e1veis palmilhas almofadadas Detalhes do design Parte superior em duraleather com atacadores, pain\u00e9is [&hellip;]<\/p>\n","protected":false},"featured_media":81796,"comment_status":"closed","ping_status":"closed","template":"","meta":[],"product_cat":[296,267,236,550],"product_tag":[],"class_list":{"0":"post-81780","1":"product","2":"type-product","3":"status-publish","4":"has-post-thumbnail","6":"product_cat-calcado-menina","7":"product_cat-crianca","8":"product_cat-menina","9":"product_cat-sapatilha","10":"ts_product_brand-skechers","12":"first","13":"instock","14":"shipping-taxable","15":"purchasable","16":"product-type-variable"},"yoast_head":"<!-- This site is optimized with the Yoast SEO plugin v27.4 - https:\/\/yoast.com\/product\/yoast-seo-wordpress\/ -->\n<title>Sapatilha Quick M Skechers - Guibutik<\/title>\n<meta name=\"robots\" content=\"index, follow, max-snippet:-1, max-image-preview:large, max-video-preview:-1\" \/>\n<link rel=\"canonical\" href=\"https:\/\/www.guibutik.pt\/loja\/produto\/sapatilha-quick-m-skechers\/\" \/>\n<meta property=\"og:locale\" content=\"pt_PT\" \/>\n<meta property=\"og:type\" content=\"article\" \/>\n<meta property=\"og:title\" content=\"Sapatilha Quick M Skechers - Guibutik\" \/>\n<meta property=\"og:description\" content=\"Proporciona \u00e0s tuas crian\u00e7as um look descontra\u00eddo e desportivo usando as Skechers Street\u2122 Quick Street. Estas sapatilhas estilo court lav\u00e1veis \u00e0 m\u00e1quina t\u00eam a parte superior em duraleather bicolor com detalhes perfurados e palmilhas almofadadas para maior conforto. Machine Washable Principais funcionalidades Confort\u00e1veis palmilhas almofadadas Detalhes do design Parte superior em duraleather com atacadores, pain\u00e9is [&hellip;]\" \/>\n<meta property=\"og:url\" content=\"https:\/\/www.guibutik.pt\/loja\/produto\/sapatilha-quick-m-skechers\/\" \/>\n<meta property=\"og:site_name\" content=\"Guibutik\" \/>\n<meta property=\"article:publisher\" content=\"https:\/\/www.facebook.com\/guibutik\/\" \/>\n<meta property=\"og:image\" content=\"https:\/\/www.guibutik.pt\/loja\/wp-content\/uploads\/2026\/03\/310240L.jpg\" \/>\n\t<meta property=\"og:image:width\" content=\"800\" \/>\n\t<meta property=\"og:image:height\" content=\"708\" \/>\n\t<meta property=\"og:image:type\" content=\"image\/jpeg\" \/>\n<meta name=\"twitter:card\" content=\"summary_large_image\" \/>\n<meta name=\"twitter:label1\" content=\"Tempo estimado de leitura\" \/>\n\t<meta name=\"twitter:data1\" content=\"1 minuto\" \/>\n<script type=\"application\/ld+json\" class=\"yoast-schema-graph\">{\"@context\":\"https:\\\/\\\/schema.org\",\"@graph\":[{\"@type\":\"WebPage\",\"@id\":\"https:\\\/\\\/www.guibutik.pt\\\/loja\\\/produto\\\/sapatilha-quick-m-skechers\\\/\",\"url\":\"https:\\\/\\\/www.guibutik.pt\\\/loja\\\/produto\\\/sapatilha-quick-m-skechers\\\/\",\"name\":\"Sapatilha Quick M Skechers - Guibutik\",\"isPartOf\":{\"@id\":\"https:\\\/\\\/www.guibutik.pt\\\/loja\\\/#website\"},\"primaryImageOfPage\":{\"@id\":\"https:\\\/\\\/www.guibutik.pt\\\/loja\\\/produto\\\/sapatilha-quick-m-skechers\\\/#primaryimage\"},\"image\":{\"@id\":\"https:\\\/\\\/www.guibutik.pt\\\/loja\\\/produto\\\/sapatilha-quick-m-skechers\\\/#primaryimage\"},\"thumbnailUrl\":\"https:\\\/\\\/www.guibutik.pt\\\/loja\\\/wp-content\\\/uploads\\\/2026\\\/03\\\/310240L.jpg\",\"datePublished\":\"2026-03-12T11:11:51+00:00\",\"breadcrumb\":{\"@id\":\"https:\\\/\\\/www.guibutik.pt\\\/loja\\\/produto\\\/sapatilha-quick-m-skechers\\\/#breadcrumb\"},\"inLanguage\":\"pt-PT\",\"potentialAction\":[{\"@type\":\"ReadAction\",\"target\":[\"https:\\\/\\\/www.guibutik.pt\\\/loja\\\/produto\\\/sapatilha-quick-m-skechers\\\/\"]}]},{\"@type\":\"ImageObject\",\"inLanguage\":\"pt-PT\",\"@id\":\"https:\\\/\\\/www.guibutik.pt\\\/loja\\\/produto\\\/sapatilha-quick-m-skechers\\\/#primaryimage\",\"url\":\"https:\\\/\\\/www.guibutik.pt\\\/loja\\\/wp-content\\\/uploads\\\/2026\\\/03\\\/310240L.jpg\",\"contentUrl\":\"https:\\\/\\\/www.guibutik.pt\\\/loja\\\/wp-content\\\/uploads\\\/2026\\\/03\\\/310240L.jpg\",\"width\":800,\"height\":708},{\"@type\":\"BreadcrumbList\",\"@id\":\"https:\\\/\\\/www.guibutik.pt\\\/loja\\\/produto\\\/sapatilha-quick-m-skechers\\\/#breadcrumb\",\"itemListElement\":[{\"@type\":\"ListItem\",\"position\":1,\"name\":\"In\u00edcio\",\"item\":\"https:\\\/\\\/www.guibutik.pt\\\/loja\\\/\"},{\"@type\":\"ListItem\",\"position\":2,\"name\":\"Loja\",\"item\":\"https:\\\/\\\/www.guibutik.pt\\\/loja\\\/shop\\\/\"},{\"@type\":\"ListItem\",\"position\":3,\"name\":\"Sapatilha Quick M Skechers\"}]},{\"@type\":\"WebSite\",\"@id\":\"https:\\\/\\\/www.guibutik.pt\\\/loja\\\/#website\",\"url\":\"https:\\\/\\\/www.guibutik.pt\\\/loja\\\/\",\"name\":\"Guibutik\",\"description\":\"Moda e Sapataria\",\"potentialAction\":[{\"@type\":\"SearchAction\",\"target\":{\"@type\":\"EntryPoint\",\"urlTemplate\":\"https:\\\/\\\/www.guibutik.pt\\\/loja\\\/?s={search_term_string}\"},\"query-input\":{\"@type\":\"PropertyValueSpecification\",\"valueRequired\":true,\"valueName\":\"search_term_string\"}}],\"inLanguage\":\"pt-PT\"}]}<\/script>\n<!-- \/ Yoast SEO plugin. -->","yoast_head_json":{"title":"Sapatilha Quick M Skechers - Guibutik","robots":{"index":"index","follow":"follow","max-snippet":"max-snippet:-1","max-image-preview":"max-image-preview:large","max-video-preview":"max-video-preview:-1"},"canonical":"https:\/\/www.guibutik.pt\/loja\/produto\/sapatilha-quick-m-skechers\/","og_locale":"pt_PT","og_type":"article","og_title":"Sapatilha Quick M Skechers - Guibutik","og_description":"Proporciona \u00e0s tuas crian\u00e7as um look descontra\u00eddo e desportivo usando as Skechers Street\u2122 Quick Street. Estas sapatilhas estilo court lav\u00e1veis \u00e0 m\u00e1quina t\u00eam a parte superior em duraleather bicolor com detalhes perfurados e palmilhas almofadadas para maior conforto. Machine Washable Principais funcionalidades Confort\u00e1veis palmilhas almofadadas Detalhes do design Parte superior em duraleather com atacadores, pain\u00e9is [&hellip;]","og_url":"https:\/\/www.guibutik.pt\/loja\/produto\/sapatilha-quick-m-skechers\/","og_site_name":"Guibutik","article_publisher":"https:\/\/www.facebook.com\/guibutik\/","og_image":[{"width":800,"height":708,"url":"https:\/\/www.guibutik.pt\/loja\/wp-content\/uploads\/2026\/03\/310240L.jpg","type":"image\/jpeg"}],"twitter_card":"summary_large_image","twitter_misc":{"Tempo estimado de leitura":"1 minuto"},"schema":{"@context":"https:\/\/schema.org","@graph":[{"@type":"WebPage","@id":"https:\/\/www.guibutik.pt\/loja\/produto\/sapatilha-quick-m-skechers\/","url":"https:\/\/www.guibutik.pt\/loja\/produto\/sapatilha-quick-m-skechers\/","name":"Sapatilha Quick M Skechers - Guibutik","isPartOf":{"@id":"https:\/\/www.guibutik.pt\/loja\/#website"},"primaryImageOfPage":{"@id":"https:\/\/www.guibutik.pt\/loja\/produto\/sapatilha-quick-m-skechers\/#primaryimage"},"image":{"@id":"https:\/\/www.guibutik.pt\/loja\/produto\/sapatilha-quick-m-skechers\/#primaryimage"},"thumbnailUrl":"https:\/\/www.guibutik.pt\/loja\/wp-content\/uploads\/2026\/03\/310240L.jpg","datePublished":"2026-03-12T11:11:51+00:00","breadcrumb":{"@id":"https:\/\/www.guibutik.pt\/loja\/produto\/sapatilha-quick-m-skechers\/#breadcrumb"},"inLanguage":"pt-PT","potentialAction":[{"@type":"ReadAction","target":["https:\/\/www.guibutik.pt\/loja\/produto\/sapatilha-quick-m-skechers\/"]}]},{"@type":"ImageObject","inLanguage":"pt-PT","@id":"https:\/\/www.guibutik.pt\/loja\/produto\/sapatilha-quick-m-skechers\/#primaryimage","url":"https:\/\/www.guibutik.pt\/loja\/wp-content\/uploads\/2026\/03\/310240L.jpg","contentUrl":"https:\/\/www.guibutik.pt\/loja\/wp-content\/uploads\/2026\/03\/310240L.jpg","width":800,"height":708},{"@type":"BreadcrumbList","@id":"https:\/\/www.guibutik.pt\/loja\/produto\/sapatilha-quick-m-skechers\/#breadcrumb","itemListElement":[{"@type":"ListItem","position":1,"name":"In\u00edcio","item":"https:\/\/www.guibutik.pt\/loja\/"},{"@type":"ListItem","position":2,"name":"Loja","item":"https:\/\/www.guibutik.pt\/loja\/shop\/"},{"@type":"ListItem","position":3,"name":"Sapatilha Quick M Skechers"}]},{"@type":"WebSite","@id":"https:\/\/www.guibutik.pt\/loja\/#website","url":"https:\/\/www.guibutik.pt\/loja\/","name":"Guibutik","description":"Moda e Sapataria","potentialAction":[{"@type":"SearchAction","target":{"@type":"EntryPoint","urlTemplate":"https:\/\/www.guibutik.pt\/loja\/?s={search_term_string}"},"query-input":{"@type":"PropertyValueSpecification","valueRequired":true,"valueName":"search_term_string"}}],"inLanguage":"pt-PT"}]}},"_links":{"self":[{"href":"https:\/\/www.guibutik.pt\/loja\/wp-json\/wp\/v2\/product\/81780","targetHints":{"allow":["GET"]}}],"collection":[{"href":"https:\/\/www.guibutik.pt\/loja\/wp-json\/wp\/v2\/product"}],"about":[{"href":"https:\/\/www.guibutik.pt\/loja\/wp-json\/wp\/v2\/types\/product"}],"replies":[{"embeddable":true,"href":"https:\/\/www.guibutik.pt\/loja\/wp-json\/wp\/v2\/comments?post=81780"}],"wp:featuredmedia":[{"embeddable":true,"href":"https:\/\/www.guibutik.pt\/loja\/wp-json\/wp\/v2\/media\/81796"}],"wp:attachment":[{"href":"https:\/\/www.guibutik.pt\/loja\/wp-json\/wp\/v2\/media?parent=81780"}],"wp:term":[{"taxonomy":"product_cat","embeddable":true,"href":"https:\/\/www.guibutik.pt\/loja\/wp-json\/wp\/v2\/product_cat?post=81780"},{"taxonomy":"product_tag","embeddable":true,"href":"https:\/\/www.guibutik.pt\/loja\/wp-json\/wp\/v2\/product_tag?post=81780"}],"curies":[{"name":"wp","href":"https:\/\/api.w.org\/{rel}","templated":true}]}}