{"id":81654,"date":"2026-03-10T12:12:04","date_gmt":"2026-03-10T11:12:04","guid":{"rendered":"https:\/\/www.guibutik.pt\/loja\/?post_type=product&#038;p=81654"},"modified":"2026-03-10T12:12:04","modified_gmt":"2026-03-10T11:12:04","slug":"blusao-h-timberland-3","status":"publish","type":"product","link":"https:\/\/www.guibutik.pt\/loja\/produto\/blusao-h-timberland-3\/","title":{"rendered":"Blus\u00e3o H Timberland"},"content":{"rendered":"<p>O bomber imperme\u00e1vel para homem \u00e9 feito para combinar estilo bomber cl\u00e1ssico e prote\u00e7\u00e3o contra todas as condi\u00e7\u00f5es meteorol\u00f3gicas. Feito em 100% nylon, tem tecnologia imperme\u00e1vel com costuras totalmente seladas, abertura com fecho de correr integral com bot\u00f5es de press\u00e3o, um capuz embal\u00e1vel, bolso de entrada no avesso, punhos el\u00e1sticos e log\u00f3tipo da \u00e1rvore bordado para um acabamento elegante e funcional.<\/p>\n<div class=\"flex gap-2\"><span class=\"subtitle-4\">Atributos de benef\u00edcio<\/span><\/div>\n<div id=\"base-collapse-v-0-11-2-content\" class=\"overflow-hidden duration\" aria-labelledby=\"base-collapse-v-0-11-2\">\n<div class=\"\" data-test-id=\"vf-accordion-content\">\n<div class=\"pb-4 pt-2 body-3\">\n<ul class=\"grid list-disc gap-4 cols-2\" title=\"Atributos de benef\u00edcio\" data-test-id=\"product-details-bulletin\">\n<li>Imperme\u00e1vel<\/li>\n<\/ul>\n<div class=\"flex gap-2\"><span class=\"subtitle-4\">Caracter\u00edsticas<\/span><\/div>\n<div id=\"base-collapse-v-0-11-3-content\" class=\"overflow-hidden duration\" aria-labelledby=\"base-collapse-v-0-11-3\">\n<div class=\"\" data-test-id=\"vf-accordion-content\">\n<div class=\"pb-4 pt-2 body-3\">\n<ul class=\"grid list-disc gap-4 cols-2\" title=\"Caracter\u00edsticas\" data-test-id=\"product-details-bulletin\">\n<li>Descri\u00e7\u00e3o do tecido: Tecido entran\u00e7ado<\/li>\n<li>Composi\u00e7\u00e3o do tecido: 100% nylon<\/li>\n<li>Peso: 136 gramas<\/li>\n<li>Log\u00f3tipo da \u00e1rvore bordado<\/li>\n<li>Abertura com fecho de correr integral<\/li>\n<li>Bot\u00f5es de press\u00e3o<\/li>\n<li>Capuz embal\u00e1vel<\/li>\n<li>Tecnologia imperme\u00e1vel com costuras totalmente seladas<\/li>\n<li>Bolso de entrada no avesso<\/li>\n<li>Punhos el\u00e1sticos<\/li>\n<li>Importadas<\/li>\n<\/ul>\n<\/div>\n<\/div>\n<\/div>\n<\/div>\n<\/div>\n<\/div>\n","protected":false},"excerpt":{"rendered":"<p>O bomber imperme\u00e1vel para homem \u00e9 feito para combinar estilo bomber cl\u00e1ssico e prote\u00e7\u00e3o contra todas as condi\u00e7\u00f5es meteorol\u00f3gicas. Feito em 100% nylon, tem tecnologia imperme\u00e1vel com costuras totalmente seladas, abertura com fecho de correr integral com bot\u00f5es de press\u00e3o, um capuz embal\u00e1vel, bolso de entrada no avesso, punhos el\u00e1sticos e log\u00f3tipo da \u00e1rvore bordado [&hellip;]<\/p>\n","protected":false},"featured_media":81661,"comment_status":"closed","ping_status":"closed","template":"","meta":[],"product_cat":[223,221],"product_tag":[],"class_list":{"0":"post-81654","1":"product","2":"type-product","3":"status-publish","4":"has-post-thumbnail","6":"product_cat-casacos","7":"product_cat-homem","8":"ts_product_brand-timberland","10":"first","11":"instock","12":"shipping-taxable","13":"purchasable","14":"product-type-variable"},"yoast_head":"<!-- This site is optimized with the Yoast SEO plugin v27.4 - https:\/\/yoast.com\/product\/yoast-seo-wordpress\/ -->\n<title>Blus\u00e3o H Timberland - Guibutik<\/title>\n<meta name=\"robots\" content=\"index, follow, max-snippet:-1, max-image-preview:large, max-video-preview:-1\" \/>\n<link rel=\"canonical\" href=\"https:\/\/www.guibutik.pt\/loja\/produto\/blusao-h-timberland-3\/\" \/>\n<meta property=\"og:locale\" content=\"pt_PT\" \/>\n<meta property=\"og:type\" content=\"article\" \/>\n<meta property=\"og:title\" content=\"Blus\u00e3o H Timberland - Guibutik\" \/>\n<meta property=\"og:description\" content=\"O bomber imperme\u00e1vel para homem \u00e9 feito para combinar estilo bomber cl\u00e1ssico e prote\u00e7\u00e3o contra todas as condi\u00e7\u00f5es meteorol\u00f3gicas. Feito em 100% nylon, tem tecnologia imperme\u00e1vel com costuras totalmente seladas, abertura com fecho de correr integral com bot\u00f5es de press\u00e3o, um capuz embal\u00e1vel, bolso de entrada no avesso, punhos el\u00e1sticos e log\u00f3tipo da \u00e1rvore bordado [&hellip;]\" \/>\n<meta property=\"og:url\" content=\"https:\/\/www.guibutik.pt\/loja\/produto\/blusao-h-timberland-3\/\" \/>\n<meta property=\"og:site_name\" content=\"Guibutik\" \/>\n<meta property=\"article:publisher\" content=\"https:\/\/www.facebook.com\/guibutik\/\" \/>\n<meta property=\"og:image\" content=\"https:\/\/www.guibutik.pt\/loja\/wp-content\/uploads\/2026\/03\/A44MQ-A58-1.jpg\" \/>\n\t<meta property=\"og:image:width\" content=\"1300\" \/>\n\t<meta property=\"og:image:height\" content=\"1300\" \/>\n\t<meta property=\"og:image:type\" content=\"image\/jpeg\" \/>\n<meta name=\"twitter:card\" content=\"summary_large_image\" \/>\n<meta name=\"twitter:label1\" content=\"Tempo estimado de leitura\" \/>\n\t<meta name=\"twitter:data1\" content=\"1 minuto\" \/>\n<script type=\"application\/ld+json\" class=\"yoast-schema-graph\">{\"@context\":\"https:\\\/\\\/schema.org\",\"@graph\":[{\"@type\":\"WebPage\",\"@id\":\"https:\\\/\\\/www.guibutik.pt\\\/loja\\\/produto\\\/blusao-h-timberland-3\\\/\",\"url\":\"https:\\\/\\\/www.guibutik.pt\\\/loja\\\/produto\\\/blusao-h-timberland-3\\\/\",\"name\":\"Blus\u00e3o H Timberland - Guibutik\",\"isPartOf\":{\"@id\":\"https:\\\/\\\/www.guibutik.pt\\\/loja\\\/#website\"},\"primaryImageOfPage\":{\"@id\":\"https:\\\/\\\/www.guibutik.pt\\\/loja\\\/produto\\\/blusao-h-timberland-3\\\/#primaryimage\"},\"image\":{\"@id\":\"https:\\\/\\\/www.guibutik.pt\\\/loja\\\/produto\\\/blusao-h-timberland-3\\\/#primaryimage\"},\"thumbnailUrl\":\"https:\\\/\\\/www.guibutik.pt\\\/loja\\\/wp-content\\\/uploads\\\/2026\\\/03\\\/A44MQ-A58-1.jpg\",\"datePublished\":\"2026-03-10T11:12:04+00:00\",\"breadcrumb\":{\"@id\":\"https:\\\/\\\/www.guibutik.pt\\\/loja\\\/produto\\\/blusao-h-timberland-3\\\/#breadcrumb\"},\"inLanguage\":\"pt-PT\",\"potentialAction\":[{\"@type\":\"ReadAction\",\"target\":[\"https:\\\/\\\/www.guibutik.pt\\\/loja\\\/produto\\\/blusao-h-timberland-3\\\/\"]}]},{\"@type\":\"ImageObject\",\"inLanguage\":\"pt-PT\",\"@id\":\"https:\\\/\\\/www.guibutik.pt\\\/loja\\\/produto\\\/blusao-h-timberland-3\\\/#primaryimage\",\"url\":\"https:\\\/\\\/www.guibutik.pt\\\/loja\\\/wp-content\\\/uploads\\\/2026\\\/03\\\/A44MQ-A58-1.jpg\",\"contentUrl\":\"https:\\\/\\\/www.guibutik.pt\\\/loja\\\/wp-content\\\/uploads\\\/2026\\\/03\\\/A44MQ-A58-1.jpg\",\"width\":1300,\"height\":1300},{\"@type\":\"BreadcrumbList\",\"@id\":\"https:\\\/\\\/www.guibutik.pt\\\/loja\\\/produto\\\/blusao-h-timberland-3\\\/#breadcrumb\",\"itemListElement\":[{\"@type\":\"ListItem\",\"position\":1,\"name\":\"In\u00edcio\",\"item\":\"https:\\\/\\\/www.guibutik.pt\\\/loja\\\/\"},{\"@type\":\"ListItem\",\"position\":2,\"name\":\"Loja\",\"item\":\"https:\\\/\\\/www.guibutik.pt\\\/loja\\\/shop\\\/\"},{\"@type\":\"ListItem\",\"position\":3,\"name\":\"Blus\u00e3o H Timberland\"}]},{\"@type\":\"WebSite\",\"@id\":\"https:\\\/\\\/www.guibutik.pt\\\/loja\\\/#website\",\"url\":\"https:\\\/\\\/www.guibutik.pt\\\/loja\\\/\",\"name\":\"Guibutik\",\"description\":\"Moda e Sapataria\",\"potentialAction\":[{\"@type\":\"SearchAction\",\"target\":{\"@type\":\"EntryPoint\",\"urlTemplate\":\"https:\\\/\\\/www.guibutik.pt\\\/loja\\\/?s={search_term_string}\"},\"query-input\":{\"@type\":\"PropertyValueSpecification\",\"valueRequired\":true,\"valueName\":\"search_term_string\"}}],\"inLanguage\":\"pt-PT\"}]}<\/script>\n<!-- \/ Yoast SEO plugin. -->","yoast_head_json":{"title":"Blus\u00e3o H Timberland - Guibutik","robots":{"index":"index","follow":"follow","max-snippet":"max-snippet:-1","max-image-preview":"max-image-preview:large","max-video-preview":"max-video-preview:-1"},"canonical":"https:\/\/www.guibutik.pt\/loja\/produto\/blusao-h-timberland-3\/","og_locale":"pt_PT","og_type":"article","og_title":"Blus\u00e3o H Timberland - Guibutik","og_description":"O bomber imperme\u00e1vel para homem \u00e9 feito para combinar estilo bomber cl\u00e1ssico e prote\u00e7\u00e3o contra todas as condi\u00e7\u00f5es meteorol\u00f3gicas. Feito em 100% nylon, tem tecnologia imperme\u00e1vel com costuras totalmente seladas, abertura com fecho de correr integral com bot\u00f5es de press\u00e3o, um capuz embal\u00e1vel, bolso de entrada no avesso, punhos el\u00e1sticos e log\u00f3tipo da \u00e1rvore bordado [&hellip;]","og_url":"https:\/\/www.guibutik.pt\/loja\/produto\/blusao-h-timberland-3\/","og_site_name":"Guibutik","article_publisher":"https:\/\/www.facebook.com\/guibutik\/","og_image":[{"width":1300,"height":1300,"url":"https:\/\/www.guibutik.pt\/loja\/wp-content\/uploads\/2026\/03\/A44MQ-A58-1.jpg","type":"image\/jpeg"}],"twitter_card":"summary_large_image","twitter_misc":{"Tempo estimado de leitura":"1 minuto"},"schema":{"@context":"https:\/\/schema.org","@graph":[{"@type":"WebPage","@id":"https:\/\/www.guibutik.pt\/loja\/produto\/blusao-h-timberland-3\/","url":"https:\/\/www.guibutik.pt\/loja\/produto\/blusao-h-timberland-3\/","name":"Blus\u00e3o H Timberland - Guibutik","isPartOf":{"@id":"https:\/\/www.guibutik.pt\/loja\/#website"},"primaryImageOfPage":{"@id":"https:\/\/www.guibutik.pt\/loja\/produto\/blusao-h-timberland-3\/#primaryimage"},"image":{"@id":"https:\/\/www.guibutik.pt\/loja\/produto\/blusao-h-timberland-3\/#primaryimage"},"thumbnailUrl":"https:\/\/www.guibutik.pt\/loja\/wp-content\/uploads\/2026\/03\/A44MQ-A58-1.jpg","datePublished":"2026-03-10T11:12:04+00:00","breadcrumb":{"@id":"https:\/\/www.guibutik.pt\/loja\/produto\/blusao-h-timberland-3\/#breadcrumb"},"inLanguage":"pt-PT","potentialAction":[{"@type":"ReadAction","target":["https:\/\/www.guibutik.pt\/loja\/produto\/blusao-h-timberland-3\/"]}]},{"@type":"ImageObject","inLanguage":"pt-PT","@id":"https:\/\/www.guibutik.pt\/loja\/produto\/blusao-h-timberland-3\/#primaryimage","url":"https:\/\/www.guibutik.pt\/loja\/wp-content\/uploads\/2026\/03\/A44MQ-A58-1.jpg","contentUrl":"https:\/\/www.guibutik.pt\/loja\/wp-content\/uploads\/2026\/03\/A44MQ-A58-1.jpg","width":1300,"height":1300},{"@type":"BreadcrumbList","@id":"https:\/\/www.guibutik.pt\/loja\/produto\/blusao-h-timberland-3\/#breadcrumb","itemListElement":[{"@type":"ListItem","position":1,"name":"In\u00edcio","item":"https:\/\/www.guibutik.pt\/loja\/"},{"@type":"ListItem","position":2,"name":"Loja","item":"https:\/\/www.guibutik.pt\/loja\/shop\/"},{"@type":"ListItem","position":3,"name":"Blus\u00e3o H Timberland"}]},{"@type":"WebSite","@id":"https:\/\/www.guibutik.pt\/loja\/#website","url":"https:\/\/www.guibutik.pt\/loja\/","name":"Guibutik","description":"Moda e Sapataria","potentialAction":[{"@type":"SearchAction","target":{"@type":"EntryPoint","urlTemplate":"https:\/\/www.guibutik.pt\/loja\/?s={search_term_string}"},"query-input":{"@type":"PropertyValueSpecification","valueRequired":true,"valueName":"search_term_string"}}],"inLanguage":"pt-PT"}]}},"_links":{"self":[{"href":"https:\/\/www.guibutik.pt\/loja\/wp-json\/wp\/v2\/product\/81654","targetHints":{"allow":["GET"]}}],"collection":[{"href":"https:\/\/www.guibutik.pt\/loja\/wp-json\/wp\/v2\/product"}],"about":[{"href":"https:\/\/www.guibutik.pt\/loja\/wp-json\/wp\/v2\/types\/product"}],"replies":[{"embeddable":true,"href":"https:\/\/www.guibutik.pt\/loja\/wp-json\/wp\/v2\/comments?post=81654"}],"wp:featuredmedia":[{"embeddable":true,"href":"https:\/\/www.guibutik.pt\/loja\/wp-json\/wp\/v2\/media\/81661"}],"wp:attachment":[{"href":"https:\/\/www.guibutik.pt\/loja\/wp-json\/wp\/v2\/media?parent=81654"}],"wp:term":[{"taxonomy":"product_cat","embeddable":true,"href":"https:\/\/www.guibutik.pt\/loja\/wp-json\/wp\/v2\/product_cat?post=81654"},{"taxonomy":"product_tag","embeddable":true,"href":"https:\/\/www.guibutik.pt\/loja\/wp-json\/wp\/v2\/product_tag?post=81654"}],"curies":[{"name":"wp","href":"https:\/\/api.w.org\/{rel}","templated":true}]}}