{"id":81633,"date":"2026-03-10T11:47:26","date_gmt":"2026-03-10T10:47:26","guid":{"rendered":"https:\/\/www.guibutik.pt\/loja\/?post_type=product&#038;p=81633"},"modified":"2026-03-30T18:49:14","modified_gmt":"2026-03-30T17:49:14","slug":"camisola-h-timberland","status":"publish","type":"product","link":"https:\/\/www.guibutik.pt\/loja\/produto\/camisola-h-timberland\/","title":{"rendered":"Camisola H Timberland"},"content":{"rendered":"<p>Descobre a camisola de algod\u00e3o Williams River para homem e exibe um visual inconfund\u00edvel para qualquer ocasi\u00e3o. Feita em 100% algod\u00e3o biol\u00f3gico proveniente de quintas que n\u00e3o utilizam sementes geneticamente modificadas e evitam o uso de pesticidas sint\u00e9ticos. Com corte regular e log\u00f3tipo bordado, \u00e9 elegante e confort\u00e1vel de usar.<\/p>\n<p class=\"fw-bold\">Algod\u00e3o biol\u00f3gico<\/p>\n<div class=\"ws-pre-wrap\">O algod\u00e3o biol\u00f3gico utilizado pela Timberland \u00e9 proveniente de quintas que n\u00e3o utilizam sementes geneticamente modificadas e evitam o uso de pesticidas\/fertilizantes sint\u00e9ticos.<\/div>\n<div>\n<div class=\"flex gap-2\"><span class=\"subtitle-4\">Detalhes e cuidados<\/span><\/div>\n<div id=\"base-collapse-v-0-4-4-content\" class=\"overflow-hidden duration\" aria-labelledby=\"base-collapse-v-0-4-4\">\n<div class=\"\" data-test-id=\"vf-accordion-content\">\n<div class=\"pb-4 pt-2 body-3\">\n<ul class=\"grid list-disc gap-4 cols-2\" title=\"Detalhes e cuidados\" data-test-id=\"product-details-bulletin\">\n<li>Lavar \u00e0 m\u00e1quina a frio<\/li>\n<li>Programa suave ou delicado<\/li>\n<li>Secar na m\u00e1quina em programa lento<\/li>\n<li>Engomar a frio, se necess\u00e1rio<\/li>\n<li>N\u00e3o lavar a seco<\/li>\n<li>N\u00e3o aplicar lix\u00edvia<\/li>\n<li>Lavar com as mesmas cores<\/li>\n<li>Usar detergente suave<\/li>\n<\/ul>\n<div class=\"flex gap-2\"><span class=\"subtitle-4\">Caracter\u00edsticas<\/span><\/div>\n<div id=\"base-collapse-v-0-4-5-content\" class=\"overflow-hidden duration\" aria-labelledby=\"base-collapse-v-0-4-5\">\n<div class=\"\" data-test-id=\"vf-accordion-content\">\n<div class=\"pb-4 pt-2 body-3\">\n<ul class=\"grid list-disc gap-4 cols-2\" title=\"Caracter\u00edsticas\" data-test-id=\"product-details-bulletin\">\n<li>Descri\u00e7\u00e3o do tecido: Malha<\/li>\n<li>Composi\u00e7\u00e3o do tecido: 100% algod\u00e3o<\/li>\n<li>Comprimento das costas no centro: 27,5&#8243; (69,9 cm)<\/li>\n<li>Log\u00f3tipo da \u00e1rvore bordado<\/li>\n<li>Gola canelada de malha dupla<\/li>\n<li>100% algod\u00e3o biol\u00f3gico<\/li>\n<li>Corte regular<\/li>\n<li>Punhos e bainha canelados de camada \u00fanica<\/li>\n<li>Gola redonda<\/li>\n<li>Punhos canelados<\/li>\n<li>Mangas embutidas e costuras no ombro atr\u00e1s<\/li>\n<li>Tecido biol\u00f3gico<\/li>\n<\/ul>\n<\/div>\n<\/div>\n<\/div>\n<\/div>\n<\/div>\n<\/div>\n<\/div>\n","protected":false},"excerpt":{"rendered":"<p>Descobre a camisola de algod\u00e3o Williams River para homem e exibe um visual inconfund\u00edvel para qualquer ocasi\u00e3o. Feita em 100% algod\u00e3o biol\u00f3gico proveniente de quintas que n\u00e3o utilizam sementes geneticamente modificadas e evitam o uso de pesticidas sint\u00e9ticos. Com corte regular e log\u00f3tipo bordado, \u00e9 elegante e confort\u00e1vel de usar. Algod\u00e3o biol\u00f3gico O algod\u00e3o biol\u00f3gico [&hellip;]<\/p>\n","protected":false},"featured_media":81636,"comment_status":"closed","ping_status":"closed","template":"","meta":[],"product_cat":[224,221],"product_tag":[],"class_list":{"0":"post-81633","1":"product","2":"type-product","3":"status-publish","4":"has-post-thumbnail","6":"product_cat-camisolas","7":"product_cat-homem","8":"ts_product_brand-timberland","10":"first","11":"instock","12":"shipping-taxable","13":"purchasable","14":"product-type-variable"},"yoast_head":"<!-- This site is optimized with the Yoast SEO plugin v27.4 - https:\/\/yoast.com\/product\/yoast-seo-wordpress\/ -->\n<title>Camisola H Timberland - Guibutik<\/title>\n<meta name=\"robots\" content=\"index, follow, max-snippet:-1, max-image-preview:large, max-video-preview:-1\" \/>\n<link rel=\"canonical\" href=\"https:\/\/www.guibutik.pt\/loja\/produto\/camisola-h-timberland\/\" \/>\n<meta property=\"og:locale\" content=\"pt_PT\" \/>\n<meta property=\"og:type\" content=\"article\" \/>\n<meta property=\"og:title\" content=\"Camisola H Timberland - Guibutik\" \/>\n<meta property=\"og:description\" content=\"Descobre a camisola de algod\u00e3o Williams River para homem e exibe um visual inconfund\u00edvel para qualquer ocasi\u00e3o. Feita em 100% algod\u00e3o biol\u00f3gico proveniente de quintas que n\u00e3o utilizam sementes geneticamente modificadas e evitam o uso de pesticidas sint\u00e9ticos. Com corte regular e log\u00f3tipo bordado, \u00e9 elegante e confort\u00e1vel de usar. Algod\u00e3o biol\u00f3gico O algod\u00e3o biol\u00f3gico [&hellip;]\" \/>\n<meta property=\"og:url\" content=\"https:\/\/www.guibutik.pt\/loja\/produto\/camisola-h-timberland\/\" \/>\n<meta property=\"og:site_name\" content=\"Guibutik\" \/>\n<meta property=\"article:publisher\" content=\"https:\/\/www.facebook.com\/guibutik\/\" \/>\n<meta property=\"article:modified_time\" content=\"2026-03-30T17:49:14+00:00\" \/>\n<meta property=\"og:image\" content=\"https:\/\/www.guibutik.pt\/loja\/wp-content\/uploads\/2026\/03\/A2BMM-EY0-1.jpg\" \/>\n\t<meta property=\"og:image:width\" content=\"1300\" \/>\n\t<meta property=\"og:image:height\" content=\"1300\" \/>\n\t<meta property=\"og:image:type\" content=\"image\/jpeg\" \/>\n<meta name=\"twitter:card\" content=\"summary_large_image\" \/>\n<meta name=\"twitter:label1\" content=\"Tempo estimado de leitura\" \/>\n\t<meta name=\"twitter:data1\" content=\"2 minutos\" \/>\n<script type=\"application\/ld+json\" class=\"yoast-schema-graph\">{\"@context\":\"https:\\\/\\\/schema.org\",\"@graph\":[{\"@type\":\"WebPage\",\"@id\":\"https:\\\/\\\/www.guibutik.pt\\\/loja\\\/produto\\\/camisola-h-timberland\\\/\",\"url\":\"https:\\\/\\\/www.guibutik.pt\\\/loja\\\/produto\\\/camisola-h-timberland\\\/\",\"name\":\"Camisola H Timberland - Guibutik\",\"isPartOf\":{\"@id\":\"https:\\\/\\\/www.guibutik.pt\\\/loja\\\/#website\"},\"primaryImageOfPage\":{\"@id\":\"https:\\\/\\\/www.guibutik.pt\\\/loja\\\/produto\\\/camisola-h-timberland\\\/#primaryimage\"},\"image\":{\"@id\":\"https:\\\/\\\/www.guibutik.pt\\\/loja\\\/produto\\\/camisola-h-timberland\\\/#primaryimage\"},\"thumbnailUrl\":\"https:\\\/\\\/www.guibutik.pt\\\/loja\\\/wp-content\\\/uploads\\\/2026\\\/03\\\/A2BMM-EY0-1.jpg\",\"datePublished\":\"2026-03-10T10:47:26+00:00\",\"dateModified\":\"2026-03-30T17:49:14+00:00\",\"breadcrumb\":{\"@id\":\"https:\\\/\\\/www.guibutik.pt\\\/loja\\\/produto\\\/camisola-h-timberland\\\/#breadcrumb\"},\"inLanguage\":\"pt-PT\",\"potentialAction\":[{\"@type\":\"ReadAction\",\"target\":[\"https:\\\/\\\/www.guibutik.pt\\\/loja\\\/produto\\\/camisola-h-timberland\\\/\"]}]},{\"@type\":\"ImageObject\",\"inLanguage\":\"pt-PT\",\"@id\":\"https:\\\/\\\/www.guibutik.pt\\\/loja\\\/produto\\\/camisola-h-timberland\\\/#primaryimage\",\"url\":\"https:\\\/\\\/www.guibutik.pt\\\/loja\\\/wp-content\\\/uploads\\\/2026\\\/03\\\/A2BMM-EY0-1.jpg\",\"contentUrl\":\"https:\\\/\\\/www.guibutik.pt\\\/loja\\\/wp-content\\\/uploads\\\/2026\\\/03\\\/A2BMM-EY0-1.jpg\",\"width\":1300,\"height\":1300},{\"@type\":\"BreadcrumbList\",\"@id\":\"https:\\\/\\\/www.guibutik.pt\\\/loja\\\/produto\\\/camisola-h-timberland\\\/#breadcrumb\",\"itemListElement\":[{\"@type\":\"ListItem\",\"position\":1,\"name\":\"In\u00edcio\",\"item\":\"https:\\\/\\\/www.guibutik.pt\\\/loja\\\/\"},{\"@type\":\"ListItem\",\"position\":2,\"name\":\"Loja\",\"item\":\"https:\\\/\\\/www.guibutik.pt\\\/loja\\\/shop\\\/\"},{\"@type\":\"ListItem\",\"position\":3,\"name\":\"Camisola H Timberland\"}]},{\"@type\":\"WebSite\",\"@id\":\"https:\\\/\\\/www.guibutik.pt\\\/loja\\\/#website\",\"url\":\"https:\\\/\\\/www.guibutik.pt\\\/loja\\\/\",\"name\":\"Guibutik\",\"description\":\"Moda e Sapataria\",\"potentialAction\":[{\"@type\":\"SearchAction\",\"target\":{\"@type\":\"EntryPoint\",\"urlTemplate\":\"https:\\\/\\\/www.guibutik.pt\\\/loja\\\/?s={search_term_string}\"},\"query-input\":{\"@type\":\"PropertyValueSpecification\",\"valueRequired\":true,\"valueName\":\"search_term_string\"}}],\"inLanguage\":\"pt-PT\"}]}<\/script>\n<!-- \/ Yoast SEO plugin. -->","yoast_head_json":{"title":"Camisola H Timberland - Guibutik","robots":{"index":"index","follow":"follow","max-snippet":"max-snippet:-1","max-image-preview":"max-image-preview:large","max-video-preview":"max-video-preview:-1"},"canonical":"https:\/\/www.guibutik.pt\/loja\/produto\/camisola-h-timberland\/","og_locale":"pt_PT","og_type":"article","og_title":"Camisola H Timberland - Guibutik","og_description":"Descobre a camisola de algod\u00e3o Williams River para homem e exibe um visual inconfund\u00edvel para qualquer ocasi\u00e3o. Feita em 100% algod\u00e3o biol\u00f3gico proveniente de quintas que n\u00e3o utilizam sementes geneticamente modificadas e evitam o uso de pesticidas sint\u00e9ticos. Com corte regular e log\u00f3tipo bordado, \u00e9 elegante e confort\u00e1vel de usar. Algod\u00e3o biol\u00f3gico O algod\u00e3o biol\u00f3gico [&hellip;]","og_url":"https:\/\/www.guibutik.pt\/loja\/produto\/camisola-h-timberland\/","og_site_name":"Guibutik","article_publisher":"https:\/\/www.facebook.com\/guibutik\/","article_modified_time":"2026-03-30T17:49:14+00:00","og_image":[{"width":1300,"height":1300,"url":"https:\/\/www.guibutik.pt\/loja\/wp-content\/uploads\/2026\/03\/A2BMM-EY0-1.jpg","type":"image\/jpeg"}],"twitter_card":"summary_large_image","twitter_misc":{"Tempo estimado de leitura":"2 minutos"},"schema":{"@context":"https:\/\/schema.org","@graph":[{"@type":"WebPage","@id":"https:\/\/www.guibutik.pt\/loja\/produto\/camisola-h-timberland\/","url":"https:\/\/www.guibutik.pt\/loja\/produto\/camisola-h-timberland\/","name":"Camisola H Timberland - Guibutik","isPartOf":{"@id":"https:\/\/www.guibutik.pt\/loja\/#website"},"primaryImageOfPage":{"@id":"https:\/\/www.guibutik.pt\/loja\/produto\/camisola-h-timberland\/#primaryimage"},"image":{"@id":"https:\/\/www.guibutik.pt\/loja\/produto\/camisola-h-timberland\/#primaryimage"},"thumbnailUrl":"https:\/\/www.guibutik.pt\/loja\/wp-content\/uploads\/2026\/03\/A2BMM-EY0-1.jpg","datePublished":"2026-03-10T10:47:26+00:00","dateModified":"2026-03-30T17:49:14+00:00","breadcrumb":{"@id":"https:\/\/www.guibutik.pt\/loja\/produto\/camisola-h-timberland\/#breadcrumb"},"inLanguage":"pt-PT","potentialAction":[{"@type":"ReadAction","target":["https:\/\/www.guibutik.pt\/loja\/produto\/camisola-h-timberland\/"]}]},{"@type":"ImageObject","inLanguage":"pt-PT","@id":"https:\/\/www.guibutik.pt\/loja\/produto\/camisola-h-timberland\/#primaryimage","url":"https:\/\/www.guibutik.pt\/loja\/wp-content\/uploads\/2026\/03\/A2BMM-EY0-1.jpg","contentUrl":"https:\/\/www.guibutik.pt\/loja\/wp-content\/uploads\/2026\/03\/A2BMM-EY0-1.jpg","width":1300,"height":1300},{"@type":"BreadcrumbList","@id":"https:\/\/www.guibutik.pt\/loja\/produto\/camisola-h-timberland\/#breadcrumb","itemListElement":[{"@type":"ListItem","position":1,"name":"In\u00edcio","item":"https:\/\/www.guibutik.pt\/loja\/"},{"@type":"ListItem","position":2,"name":"Loja","item":"https:\/\/www.guibutik.pt\/loja\/shop\/"},{"@type":"ListItem","position":3,"name":"Camisola H Timberland"}]},{"@type":"WebSite","@id":"https:\/\/www.guibutik.pt\/loja\/#website","url":"https:\/\/www.guibutik.pt\/loja\/","name":"Guibutik","description":"Moda e Sapataria","potentialAction":[{"@type":"SearchAction","target":{"@type":"EntryPoint","urlTemplate":"https:\/\/www.guibutik.pt\/loja\/?s={search_term_string}"},"query-input":{"@type":"PropertyValueSpecification","valueRequired":true,"valueName":"search_term_string"}}],"inLanguage":"pt-PT"}]}},"_links":{"self":[{"href":"https:\/\/www.guibutik.pt\/loja\/wp-json\/wp\/v2\/product\/81633","targetHints":{"allow":["GET"]}}],"collection":[{"href":"https:\/\/www.guibutik.pt\/loja\/wp-json\/wp\/v2\/product"}],"about":[{"href":"https:\/\/www.guibutik.pt\/loja\/wp-json\/wp\/v2\/types\/product"}],"replies":[{"embeddable":true,"href":"https:\/\/www.guibutik.pt\/loja\/wp-json\/wp\/v2\/comments?post=81633"}],"wp:featuredmedia":[{"embeddable":true,"href":"https:\/\/www.guibutik.pt\/loja\/wp-json\/wp\/v2\/media\/81636"}],"wp:attachment":[{"href":"https:\/\/www.guibutik.pt\/loja\/wp-json\/wp\/v2\/media?parent=81633"}],"wp:term":[{"taxonomy":"product_cat","embeddable":true,"href":"https:\/\/www.guibutik.pt\/loja\/wp-json\/wp\/v2\/product_cat?post=81633"},{"taxonomy":"product_tag","embeddable":true,"href":"https:\/\/www.guibutik.pt\/loja\/wp-json\/wp\/v2\/product_tag?post=81633"}],"curies":[{"name":"wp","href":"https:\/\/api.w.org\/{rel}","templated":true}]}}