{"id":81614,"date":"2026-03-09T11:38:47","date_gmt":"2026-03-09T10:38:47","guid":{"rendered":"https:\/\/www.guibutik.pt\/loja\/?post_type=product&#038;p=81614"},"modified":"2026-03-26T19:13:35","modified_gmt":"2026-03-26T18:13:35","slug":"camisola-ferrache-4","status":"publish","type":"product","link":"https:\/\/www.guibutik.pt\/loja\/produto\/camisola-ferrache-4\/","title":{"rendered":"Camisola Ferrache"},"content":{"rendered":"<p>Camisola feminina em malha suave, com decote redondo e manga comprida. De corte direito e acabamento simples, \u00e9 uma pe\u00e7a essencial e vers\u00e1til, perfeita para usar sozinha ou em sobreposi\u00e7\u00e3o. O design minimalista torna-a ideal para looks do dia a dia, do casual ao mais elegante, consoante a combina\u00e7\u00e3o.<br \/>\nMedidas<br \/>\nS<br \/>\ncomprimento: 63 cm<br \/>\ncava: 50 cm<br \/>\nM<br \/>\ncava: 52 cm<br \/>\nL<br \/>\ncava: 54 cm<\/p>\n<p>Cuidados de lavagem:<\/p>\n<div class=\"col-sm-3 column clearfix\">\n<p class=\"paragraph\">M\u00e1xima temperatura de lavagem 30\u00ba<\/p>\n<\/div>\n<div class=\"col-sm-3 column clearfix\">\n<p class=\"paragraph\">Passar m\u00e1ximo 110\u00baC<\/p>\n<\/div>\n<div class=\"col-sm-3 column clearfix\">\n<p class=\"paragraph\">Proibido usar secadora<\/p>\n<\/div>\n<div class=\"col-sm-3 column clearfix\">\n<p class=\"paragraph\">Limpar a seco -Todos os solventes<\/p>\n<\/div>\n<div class=\"col-sm-3 column clearfix\">\n<p class=\"paragraph\">N\u00e3o usar alvejante \u00e0 base de cloro<\/p>\n<div class=\"col-sm-4 column column-head\">\n<p>COMPOSI\u00c7\u00c3O:<\/p>\n<\/div>\n<div class=\"col-sm-8 column column-info\">\n<p>80% Viscose \u00b7 18% Nylon \u00b7 2% Elastano<\/p>\n<\/div>\n<\/div>\n","protected":false},"excerpt":{"rendered":"<p>Camisola feminina em malha suave, com decote redondo e manga comprida. De corte direito e acabamento simples, \u00e9 uma pe\u00e7a essencial e vers\u00e1til, perfeita para usar sozinha ou em sobreposi\u00e7\u00e3o. O design minimalista torna-a ideal para looks do dia a dia, do casual ao mais elegante, consoante a combina\u00e7\u00e3o. Medidas S comprimento: 63 cm cava: [&hellip;]<\/p>\n","protected":false},"featured_media":81615,"comment_status":"closed","ping_status":"closed","template":"","meta":[],"product_cat":[234,222],"product_tag":[],"class_list":{"0":"post-81614","1":"product","2":"type-product","3":"status-publish","4":"has-post-thumbnail","6":"product_cat-camisolass","7":"product_cat-senhora","8":"ts_product_brand-ferrache","10":"first","11":"instock","12":"shipping-taxable","13":"purchasable","14":"product-type-variable"},"yoast_head":"<!-- This site is optimized with the Yoast SEO plugin v27.4 - https:\/\/yoast.com\/product\/yoast-seo-wordpress\/ -->\n<title>Camisola Ferrache - Guibutik<\/title>\n<meta name=\"robots\" content=\"index, follow, max-snippet:-1, max-image-preview:large, max-video-preview:-1\" \/>\n<link rel=\"canonical\" href=\"https:\/\/www.guibutik.pt\/loja\/produto\/camisola-ferrache-4\/\" \/>\n<meta property=\"og:locale\" content=\"pt_PT\" \/>\n<meta property=\"og:type\" content=\"article\" \/>\n<meta property=\"og:title\" content=\"Camisola Ferrache - Guibutik\" \/>\n<meta property=\"og:description\" content=\"Camisola feminina em malha suave, com decote redondo e manga comprida. De corte direito e acabamento simples, \u00e9 uma pe\u00e7a essencial e vers\u00e1til, perfeita para usar sozinha ou em sobreposi\u00e7\u00e3o. O design minimalista torna-a ideal para looks do dia a dia, do casual ao mais elegante, consoante a combina\u00e7\u00e3o. Medidas S comprimento: 63 cm cava: [&hellip;]\" \/>\n<meta property=\"og:url\" content=\"https:\/\/www.guibutik.pt\/loja\/produto\/camisola-ferrache-4\/\" \/>\n<meta property=\"og:site_name\" content=\"Guibutik\" \/>\n<meta property=\"article:publisher\" content=\"https:\/\/www.facebook.com\/guibutik\/\" \/>\n<meta property=\"article:modified_time\" content=\"2026-03-26T18:13:35+00:00\" \/>\n<meta property=\"og:image\" content=\"https:\/\/www.guibutik.pt\/loja\/wp-content\/uploads\/2026\/03\/91219-2-scaled.jpg\" \/>\n\t<meta property=\"og:image:width\" content=\"1707\" \/>\n\t<meta property=\"og:image:height\" content=\"2560\" \/>\n\t<meta property=\"og:image:type\" content=\"image\/jpeg\" \/>\n<meta name=\"twitter:card\" content=\"summary_large_image\" \/>\n<meta name=\"twitter:label1\" content=\"Tempo estimado de leitura\" \/>\n\t<meta name=\"twitter:data1\" content=\"1 minuto\" \/>\n<script type=\"application\/ld+json\" class=\"yoast-schema-graph\">{\"@context\":\"https:\\\/\\\/schema.org\",\"@graph\":[{\"@type\":\"WebPage\",\"@id\":\"https:\\\/\\\/www.guibutik.pt\\\/loja\\\/produto\\\/camisola-ferrache-4\\\/\",\"url\":\"https:\\\/\\\/www.guibutik.pt\\\/loja\\\/produto\\\/camisola-ferrache-4\\\/\",\"name\":\"Camisola Ferrache - Guibutik\",\"isPartOf\":{\"@id\":\"https:\\\/\\\/www.guibutik.pt\\\/loja\\\/#website\"},\"primaryImageOfPage\":{\"@id\":\"https:\\\/\\\/www.guibutik.pt\\\/loja\\\/produto\\\/camisola-ferrache-4\\\/#primaryimage\"},\"image\":{\"@id\":\"https:\\\/\\\/www.guibutik.pt\\\/loja\\\/produto\\\/camisola-ferrache-4\\\/#primaryimage\"},\"thumbnailUrl\":\"https:\\\/\\\/www.guibutik.pt\\\/loja\\\/wp-content\\\/uploads\\\/2026\\\/03\\\/91219-2-scaled.jpg\",\"datePublished\":\"2026-03-09T10:38:47+00:00\",\"dateModified\":\"2026-03-26T18:13:35+00:00\",\"breadcrumb\":{\"@id\":\"https:\\\/\\\/www.guibutik.pt\\\/loja\\\/produto\\\/camisola-ferrache-4\\\/#breadcrumb\"},\"inLanguage\":\"pt-PT\",\"potentialAction\":[{\"@type\":\"ReadAction\",\"target\":[\"https:\\\/\\\/www.guibutik.pt\\\/loja\\\/produto\\\/camisola-ferrache-4\\\/\"]}]},{\"@type\":\"ImageObject\",\"inLanguage\":\"pt-PT\",\"@id\":\"https:\\\/\\\/www.guibutik.pt\\\/loja\\\/produto\\\/camisola-ferrache-4\\\/#primaryimage\",\"url\":\"https:\\\/\\\/www.guibutik.pt\\\/loja\\\/wp-content\\\/uploads\\\/2026\\\/03\\\/91219-2-scaled.jpg\",\"contentUrl\":\"https:\\\/\\\/www.guibutik.pt\\\/loja\\\/wp-content\\\/uploads\\\/2026\\\/03\\\/91219-2-scaled.jpg\",\"width\":1707,\"height\":2560},{\"@type\":\"BreadcrumbList\",\"@id\":\"https:\\\/\\\/www.guibutik.pt\\\/loja\\\/produto\\\/camisola-ferrache-4\\\/#breadcrumb\",\"itemListElement\":[{\"@type\":\"ListItem\",\"position\":1,\"name\":\"In\u00edcio\",\"item\":\"https:\\\/\\\/www.guibutik.pt\\\/loja\\\/\"},{\"@type\":\"ListItem\",\"position\":2,\"name\":\"Loja\",\"item\":\"https:\\\/\\\/www.guibutik.pt\\\/loja\\\/shop\\\/\"},{\"@type\":\"ListItem\",\"position\":3,\"name\":\"Camisola Ferrache\"}]},{\"@type\":\"WebSite\",\"@id\":\"https:\\\/\\\/www.guibutik.pt\\\/loja\\\/#website\",\"url\":\"https:\\\/\\\/www.guibutik.pt\\\/loja\\\/\",\"name\":\"Guibutik\",\"description\":\"Moda e Sapataria\",\"potentialAction\":[{\"@type\":\"SearchAction\",\"target\":{\"@type\":\"EntryPoint\",\"urlTemplate\":\"https:\\\/\\\/www.guibutik.pt\\\/loja\\\/?s={search_term_string}\"},\"query-input\":{\"@type\":\"PropertyValueSpecification\",\"valueRequired\":true,\"valueName\":\"search_term_string\"}}],\"inLanguage\":\"pt-PT\"}]}<\/script>\n<!-- \/ Yoast SEO plugin. -->","yoast_head_json":{"title":"Camisola Ferrache - Guibutik","robots":{"index":"index","follow":"follow","max-snippet":"max-snippet:-1","max-image-preview":"max-image-preview:large","max-video-preview":"max-video-preview:-1"},"canonical":"https:\/\/www.guibutik.pt\/loja\/produto\/camisola-ferrache-4\/","og_locale":"pt_PT","og_type":"article","og_title":"Camisola Ferrache - Guibutik","og_description":"Camisola feminina em malha suave, com decote redondo e manga comprida. De corte direito e acabamento simples, \u00e9 uma pe\u00e7a essencial e vers\u00e1til, perfeita para usar sozinha ou em sobreposi\u00e7\u00e3o. O design minimalista torna-a ideal para looks do dia a dia, do casual ao mais elegante, consoante a combina\u00e7\u00e3o. Medidas S comprimento: 63 cm cava: [&hellip;]","og_url":"https:\/\/www.guibutik.pt\/loja\/produto\/camisola-ferrache-4\/","og_site_name":"Guibutik","article_publisher":"https:\/\/www.facebook.com\/guibutik\/","article_modified_time":"2026-03-26T18:13:35+00:00","og_image":[{"width":1707,"height":2560,"url":"https:\/\/www.guibutik.pt\/loja\/wp-content\/uploads\/2026\/03\/91219-2-scaled.jpg","type":"image\/jpeg"}],"twitter_card":"summary_large_image","twitter_misc":{"Tempo estimado de leitura":"1 minuto"},"schema":{"@context":"https:\/\/schema.org","@graph":[{"@type":"WebPage","@id":"https:\/\/www.guibutik.pt\/loja\/produto\/camisola-ferrache-4\/","url":"https:\/\/www.guibutik.pt\/loja\/produto\/camisola-ferrache-4\/","name":"Camisola Ferrache - Guibutik","isPartOf":{"@id":"https:\/\/www.guibutik.pt\/loja\/#website"},"primaryImageOfPage":{"@id":"https:\/\/www.guibutik.pt\/loja\/produto\/camisola-ferrache-4\/#primaryimage"},"image":{"@id":"https:\/\/www.guibutik.pt\/loja\/produto\/camisola-ferrache-4\/#primaryimage"},"thumbnailUrl":"https:\/\/www.guibutik.pt\/loja\/wp-content\/uploads\/2026\/03\/91219-2-scaled.jpg","datePublished":"2026-03-09T10:38:47+00:00","dateModified":"2026-03-26T18:13:35+00:00","breadcrumb":{"@id":"https:\/\/www.guibutik.pt\/loja\/produto\/camisola-ferrache-4\/#breadcrumb"},"inLanguage":"pt-PT","potentialAction":[{"@type":"ReadAction","target":["https:\/\/www.guibutik.pt\/loja\/produto\/camisola-ferrache-4\/"]}]},{"@type":"ImageObject","inLanguage":"pt-PT","@id":"https:\/\/www.guibutik.pt\/loja\/produto\/camisola-ferrache-4\/#primaryimage","url":"https:\/\/www.guibutik.pt\/loja\/wp-content\/uploads\/2026\/03\/91219-2-scaled.jpg","contentUrl":"https:\/\/www.guibutik.pt\/loja\/wp-content\/uploads\/2026\/03\/91219-2-scaled.jpg","width":1707,"height":2560},{"@type":"BreadcrumbList","@id":"https:\/\/www.guibutik.pt\/loja\/produto\/camisola-ferrache-4\/#breadcrumb","itemListElement":[{"@type":"ListItem","position":1,"name":"In\u00edcio","item":"https:\/\/www.guibutik.pt\/loja\/"},{"@type":"ListItem","position":2,"name":"Loja","item":"https:\/\/www.guibutik.pt\/loja\/shop\/"},{"@type":"ListItem","position":3,"name":"Camisola Ferrache"}]},{"@type":"WebSite","@id":"https:\/\/www.guibutik.pt\/loja\/#website","url":"https:\/\/www.guibutik.pt\/loja\/","name":"Guibutik","description":"Moda e Sapataria","potentialAction":[{"@type":"SearchAction","target":{"@type":"EntryPoint","urlTemplate":"https:\/\/www.guibutik.pt\/loja\/?s={search_term_string}"},"query-input":{"@type":"PropertyValueSpecification","valueRequired":true,"valueName":"search_term_string"}}],"inLanguage":"pt-PT"}]}},"_links":{"self":[{"href":"https:\/\/www.guibutik.pt\/loja\/wp-json\/wp\/v2\/product\/81614","targetHints":{"allow":["GET"]}}],"collection":[{"href":"https:\/\/www.guibutik.pt\/loja\/wp-json\/wp\/v2\/product"}],"about":[{"href":"https:\/\/www.guibutik.pt\/loja\/wp-json\/wp\/v2\/types\/product"}],"replies":[{"embeddable":true,"href":"https:\/\/www.guibutik.pt\/loja\/wp-json\/wp\/v2\/comments?post=81614"}],"wp:featuredmedia":[{"embeddable":true,"href":"https:\/\/www.guibutik.pt\/loja\/wp-json\/wp\/v2\/media\/81615"}],"wp:attachment":[{"href":"https:\/\/www.guibutik.pt\/loja\/wp-json\/wp\/v2\/media?parent=81614"}],"wp:term":[{"taxonomy":"product_cat","embeddable":true,"href":"https:\/\/www.guibutik.pt\/loja\/wp-json\/wp\/v2\/product_cat?post=81614"},{"taxonomy":"product_tag","embeddable":true,"href":"https:\/\/www.guibutik.pt\/loja\/wp-json\/wp\/v2\/product_tag?post=81614"}],"curies":[{"name":"wp","href":"https:\/\/api.w.org\/{rel}","templated":true}]}}