{"id":80224,"date":"2026-03-02T17:36:57","date_gmt":"2026-03-02T16:36:57","guid":{"rendered":"https:\/\/www.guibutik.pt\/loja\/?post_type=product&#038;p=80224"},"modified":"2026-03-13T13:47:42","modified_gmt":"2026-03-13T12:47:42","slug":"sweat-s-levis-6","status":"publish","type":"product","link":"https:\/\/www.guibutik.pt\/loja\/produto\/sweat-s-levis-6\/","title":{"rendered":"Sweat S Levi&#8217;s"},"content":{"rendered":"<p>O moletom feminino Levi&#8217;s Gr Everyday Crew na cor creme \u00e9 a defini\u00e7\u00e3o de conforto e estilo atemporal. Com modelagem padr\u00e3o que valoriza todos os tipos de corpo, ele apresenta gola redonda cl\u00e1ssica e mangas compridas. Seu tecido fleece, uma mistura de 58% algod\u00e3o e 42% poli\u00e9ster, proporciona maciez e aquecimento excepcionais. Este moletom \u00e9 uma pe\u00e7a essencial em qualquer guarda-roupa, perfeita para criar looks descontra\u00eddos e estilosos. Use-o com seu jeans Levi&#8217;s favorito para um look casual ou sobre um vestido para um toque urbano. Um cl\u00e1ssico da Levi&#8217;s que ser\u00e1 um item indispens\u00e1vel no seu guarda-roupa temporada ap\u00f3s temporada.<\/p>\n<div class=\"leviscl-product-specification-list-0-x-listContentContainer\"><span class=\"leviscl-product-specification-list-0-x-specificationName\"><span dir=\"auto\">Composi\u00e7\u00e3o e Cuidados:<\/span><\/span><\/div>\n<div class=\"leviscl-product-specification-list-0-x-listContentContainer\"><span class=\"leviscl-product-specification-list-0-x-specificationValue\"><span dir=\"auto\">58% Algod\u00e3o<\/span><\/span><span class=\"leviscl-product-specification-list-0-x-specificationValue\"><span dir=\"auto\">42% poli\u00e9ster<\/span><\/span><\/div>\n<div class=\"leviscl-product-specification-list-0-x-listContentContainer\"><span class=\"leviscl-product-specification-list-0-x-specificationValue\"><span dir=\"auto\">Lavar \u00e0 m\u00e1quina em \u00e1gua fria<\/span><\/span><\/div>\n<div class=\"leviscl-product-specification-list-0-x-listContentContainer\"><span class=\"leviscl-product-specification-list-0-x-specificationValue\"><span dir=\"auto\">Lavar e secar do avesso<\/span><\/span><\/div>\n<div class=\"leviscl-product-specification-list-0-x-listContentContainer\"><span class=\"leviscl-product-specification-list-0-x-specificationValue\"><span dir=\"auto\">Recomenda-se o uso de detergente l\u00edquido.<\/span><\/span><\/div>\n<div><\/div>\n<div class=\"leviscl-product-specification-list-0-x-listContentContainer\"><span class=\"leviscl-product-specification-list-0-x-specificationName\"><span dir=\"auto\">Ajuste e tamanho:<\/span><\/span><\/div>\n<div class=\"leviscl-product-specification-list-0-x-listContentContainer\"><span class=\"leviscl-product-specification-list-0-x-specificationValue\"><span dir=\"auto\">Tipo de manga: Manga comprida<\/span><\/span><\/div>\n<div class=\"leviscl-product-specification-list-0-x-listContentContainer\"><span class=\"leviscl-product-specification-list-0-x-specificationValue\"><span dir=\"auto\">Tipo de pesco\u00e7o: Redondo<\/span><\/span><\/div>\n<div class=\"leviscl-product-specification-list-0-x-listContentContainer\"><span class=\"leviscl-product-specification-list-0-x-specificationValue\"><span dir=\"auto\">Comprimento da blusa: na altura do quadril<\/span><\/span><\/div>\n<div class=\"leviscl-product-specification-list-0-x-listContentContainer\"><span class=\"leviscl-product-specification-list-0-x-specificationValue\"><span dir=\"auto\">Ajuste: Padr\u00e3o<\/span><\/span><\/div>\n<div class=\"leviscl-product-specification-list-0-x-listContentContainer\"><span class=\"leviscl-product-specification-list-0-x-specificationValue\"><span dir=\"auto\">Corte: Reto<\/span><\/span><\/div>\n","protected":false},"excerpt":{"rendered":"<p>O moletom feminino Levi&#8217;s Gr Everyday Crew na cor creme \u00e9 a defini\u00e7\u00e3o de conforto e estilo atemporal. Com modelagem padr\u00e3o que valoriza todos os tipos de corpo, ele apresenta gola redonda cl\u00e1ssica e mangas compridas. Seu tecido fleece, uma mistura de 58% algod\u00e3o e 42% poli\u00e9ster, proporciona maciez e aquecimento excepcionais. Este moletom \u00e9 [&hellip;]<\/p>\n","protected":false},"featured_media":80225,"comment_status":"closed","ping_status":"closed","template":"","meta":[],"product_cat":[234,222],"product_tag":[],"class_list":{"0":"post-80224","1":"product","2":"type-product","3":"status-publish","4":"has-post-thumbnail","6":"product_cat-camisolass","7":"product_cat-senhora","8":"ts_product_brand-levis","10":"first","11":"instock","12":"shipping-taxable","13":"purchasable","14":"product-type-variable"},"yoast_head":"<!-- This site is optimized with the Yoast SEO plugin v27.4 - https:\/\/yoast.com\/product\/yoast-seo-wordpress\/ -->\n<title>Sweat S Levi&#039;s - Guibutik<\/title>\n<meta name=\"robots\" content=\"index, follow, max-snippet:-1, max-image-preview:large, max-video-preview:-1\" \/>\n<link rel=\"canonical\" href=\"https:\/\/www.guibutik.pt\/loja\/produto\/sweat-s-levis-6\/\" \/>\n<meta property=\"og:locale\" content=\"pt_PT\" \/>\n<meta property=\"og:type\" content=\"article\" \/>\n<meta property=\"og:title\" content=\"Sweat S Levi&#039;s - Guibutik\" \/>\n<meta property=\"og:description\" content=\"O moletom feminino Levi&#8217;s Gr Everyday Crew na cor creme \u00e9 a defini\u00e7\u00e3o de conforto e estilo atemporal. Com modelagem padr\u00e3o que valoriza todos os tipos de corpo, ele apresenta gola redonda cl\u00e1ssica e mangas compridas. Seu tecido fleece, uma mistura de 58% algod\u00e3o e 42% poli\u00e9ster, proporciona maciez e aquecimento excepcionais. Este moletom \u00e9 [&hellip;]\" \/>\n<meta property=\"og:url\" content=\"https:\/\/www.guibutik.pt\/loja\/produto\/sweat-s-levis-6\/\" \/>\n<meta property=\"og:site_name\" content=\"Guibutik\" \/>\n<meta property=\"article:publisher\" content=\"https:\/\/www.facebook.com\/guibutik\/\" \/>\n<meta property=\"article:modified_time\" content=\"2026-03-13T12:47:42+00:00\" \/>\n<meta property=\"og:image\" content=\"https:\/\/www.guibutik.pt\/loja\/wp-content\/uploads\/2026\/03\/A8800-0088.webp\" \/>\n\t<meta property=\"og:image:width\" content=\"800\" \/>\n\t<meta property=\"og:image:height\" content=\"970\" \/>\n\t<meta property=\"og:image:type\" content=\"image\/webp\" \/>\n<meta name=\"twitter:card\" content=\"summary_large_image\" \/>\n<meta name=\"twitter:label1\" content=\"Tempo estimado de leitura\" \/>\n\t<meta name=\"twitter:data1\" content=\"2 minutos\" \/>\n<script type=\"application\/ld+json\" class=\"yoast-schema-graph\">{\"@context\":\"https:\\\/\\\/schema.org\",\"@graph\":[{\"@type\":\"WebPage\",\"@id\":\"https:\\\/\\\/www.guibutik.pt\\\/loja\\\/produto\\\/sweat-s-levis-6\\\/\",\"url\":\"https:\\\/\\\/www.guibutik.pt\\\/loja\\\/produto\\\/sweat-s-levis-6\\\/\",\"name\":\"Sweat S Levi's - Guibutik\",\"isPartOf\":{\"@id\":\"https:\\\/\\\/www.guibutik.pt\\\/loja\\\/#website\"},\"primaryImageOfPage\":{\"@id\":\"https:\\\/\\\/www.guibutik.pt\\\/loja\\\/produto\\\/sweat-s-levis-6\\\/#primaryimage\"},\"image\":{\"@id\":\"https:\\\/\\\/www.guibutik.pt\\\/loja\\\/produto\\\/sweat-s-levis-6\\\/#primaryimage\"},\"thumbnailUrl\":\"https:\\\/\\\/www.guibutik.pt\\\/loja\\\/wp-content\\\/uploads\\\/2026\\\/03\\\/A8800-0088.webp\",\"datePublished\":\"2026-03-02T16:36:57+00:00\",\"dateModified\":\"2026-03-13T12:47:42+00:00\",\"breadcrumb\":{\"@id\":\"https:\\\/\\\/www.guibutik.pt\\\/loja\\\/produto\\\/sweat-s-levis-6\\\/#breadcrumb\"},\"inLanguage\":\"pt-PT\",\"potentialAction\":[{\"@type\":\"ReadAction\",\"target\":[\"https:\\\/\\\/www.guibutik.pt\\\/loja\\\/produto\\\/sweat-s-levis-6\\\/\"]}]},{\"@type\":\"ImageObject\",\"inLanguage\":\"pt-PT\",\"@id\":\"https:\\\/\\\/www.guibutik.pt\\\/loja\\\/produto\\\/sweat-s-levis-6\\\/#primaryimage\",\"url\":\"https:\\\/\\\/www.guibutik.pt\\\/loja\\\/wp-content\\\/uploads\\\/2026\\\/03\\\/A8800-0088.webp\",\"contentUrl\":\"https:\\\/\\\/www.guibutik.pt\\\/loja\\\/wp-content\\\/uploads\\\/2026\\\/03\\\/A8800-0088.webp\",\"width\":800,\"height\":970},{\"@type\":\"BreadcrumbList\",\"@id\":\"https:\\\/\\\/www.guibutik.pt\\\/loja\\\/produto\\\/sweat-s-levis-6\\\/#breadcrumb\",\"itemListElement\":[{\"@type\":\"ListItem\",\"position\":1,\"name\":\"In\u00edcio\",\"item\":\"https:\\\/\\\/www.guibutik.pt\\\/loja\\\/\"},{\"@type\":\"ListItem\",\"position\":2,\"name\":\"Loja\",\"item\":\"https:\\\/\\\/www.guibutik.pt\\\/loja\\\/shop\\\/\"},{\"@type\":\"ListItem\",\"position\":3,\"name\":\"Sweat S Levi&#8217;s\"}]},{\"@type\":\"WebSite\",\"@id\":\"https:\\\/\\\/www.guibutik.pt\\\/loja\\\/#website\",\"url\":\"https:\\\/\\\/www.guibutik.pt\\\/loja\\\/\",\"name\":\"Guibutik\",\"description\":\"Moda e Sapataria\",\"potentialAction\":[{\"@type\":\"SearchAction\",\"target\":{\"@type\":\"EntryPoint\",\"urlTemplate\":\"https:\\\/\\\/www.guibutik.pt\\\/loja\\\/?s={search_term_string}\"},\"query-input\":{\"@type\":\"PropertyValueSpecification\",\"valueRequired\":true,\"valueName\":\"search_term_string\"}}],\"inLanguage\":\"pt-PT\"}]}<\/script>\n<!-- \/ Yoast SEO plugin. -->","yoast_head_json":{"title":"Sweat S Levi's - Guibutik","robots":{"index":"index","follow":"follow","max-snippet":"max-snippet:-1","max-image-preview":"max-image-preview:large","max-video-preview":"max-video-preview:-1"},"canonical":"https:\/\/www.guibutik.pt\/loja\/produto\/sweat-s-levis-6\/","og_locale":"pt_PT","og_type":"article","og_title":"Sweat S Levi's - Guibutik","og_description":"O moletom feminino Levi&#8217;s Gr Everyday Crew na cor creme \u00e9 a defini\u00e7\u00e3o de conforto e estilo atemporal. Com modelagem padr\u00e3o que valoriza todos os tipos de corpo, ele apresenta gola redonda cl\u00e1ssica e mangas compridas. Seu tecido fleece, uma mistura de 58% algod\u00e3o e 42% poli\u00e9ster, proporciona maciez e aquecimento excepcionais. Este moletom \u00e9 [&hellip;]","og_url":"https:\/\/www.guibutik.pt\/loja\/produto\/sweat-s-levis-6\/","og_site_name":"Guibutik","article_publisher":"https:\/\/www.facebook.com\/guibutik\/","article_modified_time":"2026-03-13T12:47:42+00:00","og_image":[{"width":800,"height":970,"url":"https:\/\/www.guibutik.pt\/loja\/wp-content\/uploads\/2026\/03\/A8800-0088.webp","type":"image\/webp"}],"twitter_card":"summary_large_image","twitter_misc":{"Tempo estimado de leitura":"2 minutos"},"schema":{"@context":"https:\/\/schema.org","@graph":[{"@type":"WebPage","@id":"https:\/\/www.guibutik.pt\/loja\/produto\/sweat-s-levis-6\/","url":"https:\/\/www.guibutik.pt\/loja\/produto\/sweat-s-levis-6\/","name":"Sweat S Levi's - Guibutik","isPartOf":{"@id":"https:\/\/www.guibutik.pt\/loja\/#website"},"primaryImageOfPage":{"@id":"https:\/\/www.guibutik.pt\/loja\/produto\/sweat-s-levis-6\/#primaryimage"},"image":{"@id":"https:\/\/www.guibutik.pt\/loja\/produto\/sweat-s-levis-6\/#primaryimage"},"thumbnailUrl":"https:\/\/www.guibutik.pt\/loja\/wp-content\/uploads\/2026\/03\/A8800-0088.webp","datePublished":"2026-03-02T16:36:57+00:00","dateModified":"2026-03-13T12:47:42+00:00","breadcrumb":{"@id":"https:\/\/www.guibutik.pt\/loja\/produto\/sweat-s-levis-6\/#breadcrumb"},"inLanguage":"pt-PT","potentialAction":[{"@type":"ReadAction","target":["https:\/\/www.guibutik.pt\/loja\/produto\/sweat-s-levis-6\/"]}]},{"@type":"ImageObject","inLanguage":"pt-PT","@id":"https:\/\/www.guibutik.pt\/loja\/produto\/sweat-s-levis-6\/#primaryimage","url":"https:\/\/www.guibutik.pt\/loja\/wp-content\/uploads\/2026\/03\/A8800-0088.webp","contentUrl":"https:\/\/www.guibutik.pt\/loja\/wp-content\/uploads\/2026\/03\/A8800-0088.webp","width":800,"height":970},{"@type":"BreadcrumbList","@id":"https:\/\/www.guibutik.pt\/loja\/produto\/sweat-s-levis-6\/#breadcrumb","itemListElement":[{"@type":"ListItem","position":1,"name":"In\u00edcio","item":"https:\/\/www.guibutik.pt\/loja\/"},{"@type":"ListItem","position":2,"name":"Loja","item":"https:\/\/www.guibutik.pt\/loja\/shop\/"},{"@type":"ListItem","position":3,"name":"Sweat S Levi&#8217;s"}]},{"@type":"WebSite","@id":"https:\/\/www.guibutik.pt\/loja\/#website","url":"https:\/\/www.guibutik.pt\/loja\/","name":"Guibutik","description":"Moda e Sapataria","potentialAction":[{"@type":"SearchAction","target":{"@type":"EntryPoint","urlTemplate":"https:\/\/www.guibutik.pt\/loja\/?s={search_term_string}"},"query-input":{"@type":"PropertyValueSpecification","valueRequired":true,"valueName":"search_term_string"}}],"inLanguage":"pt-PT"}]}},"_links":{"self":[{"href":"https:\/\/www.guibutik.pt\/loja\/wp-json\/wp\/v2\/product\/80224","targetHints":{"allow":["GET"]}}],"collection":[{"href":"https:\/\/www.guibutik.pt\/loja\/wp-json\/wp\/v2\/product"}],"about":[{"href":"https:\/\/www.guibutik.pt\/loja\/wp-json\/wp\/v2\/types\/product"}],"replies":[{"embeddable":true,"href":"https:\/\/www.guibutik.pt\/loja\/wp-json\/wp\/v2\/comments?post=80224"}],"wp:featuredmedia":[{"embeddable":true,"href":"https:\/\/www.guibutik.pt\/loja\/wp-json\/wp\/v2\/media\/80225"}],"wp:attachment":[{"href":"https:\/\/www.guibutik.pt\/loja\/wp-json\/wp\/v2\/media?parent=80224"}],"wp:term":[{"taxonomy":"product_cat","embeddable":true,"href":"https:\/\/www.guibutik.pt\/loja\/wp-json\/wp\/v2\/product_cat?post=80224"},{"taxonomy":"product_tag","embeddable":true,"href":"https:\/\/www.guibutik.pt\/loja\/wp-json\/wp\/v2\/product_tag?post=80224"}],"curies":[{"name":"wp","href":"https:\/\/api.w.org\/{rel}","templated":true}]}}