{"id":80184,"date":"2026-03-02T17:15:30","date_gmt":"2026-03-02T16:15:30","guid":{"rendered":"https:\/\/www.guibutik.pt\/loja\/?post_type=product&#038;p=80184"},"modified":"2026-03-02T17:15:30","modified_gmt":"2026-03-02T16:15:30","slug":"sapatilha-go-run-s-skechers","status":"publish","type":"product","link":"https:\/\/www.guibutik.pt\/loja\/produto\/sapatilha-go-run-s-skechers\/","title":{"rendered":"Sapatilha Go Run S Skechers"},"content":{"rendered":"<p>Faz a tua rotina de exerc\u00edcio em conforto e conveni\u00eancia com as Skechers Hands Free Slip-ins\u00ae: GO RUN Consistent 2.0\u2122 &#8211; Senna. Desenhadas com a nossa tecnologia Heel Pillow\u2122, estas sapatilhas slip-on de alto desempenho t\u00eam a parte superior em tecido de rede para atletas, atacadores ajust\u00e1veis, amortecimento reativo ULTRA LIGHT com tecnologia ergon\u00f3mica M-Strike\u00ae e palmilhas Skechers Air-Cooled Memory Foam\u2122.<\/p>\n<div class=\"slick-slide slick-current slick-active\" data-slick-index=\"0\" aria-hidden=\"false\">\n<div>\n<figure class=\"c-product-highlights__item col-lg-2 contentasset-product-highlight-slip-ins\"><img loading=\"lazy\" decoding=\"async\" src=\"https:\/\/www.skechers.pt\/on\/demandware.static\/-\/Library-Sites-SkechersSharedLibrary\/default\/dw24b82c78\/images\/product\/highlights\/SKX_Hands_Free_Slip-ins_Logo-new.svg\" alt=\"Hands Free Slip-ins\" width=\"100\" height=\"100\" data-loading=\"lazy\" \/><figcaption class=\"c-product-highlights__item__heading\">Hands Free Slip-ins<\/figcaption><\/figure>\n<\/div>\n<\/div>\n<div class=\"slick-slide slick-active\" data-slick-index=\"1\" aria-hidden=\"false\">\n<div>\n<figure class=\"c-product-highlights__item col-lg-2 contentasset-product-highlight-air-cooled-memory-foam\"><img loading=\"lazy\" decoding=\"async\" src=\"https:\/\/www.skechers.pt\/on\/demandware.static\/-\/Library-Sites-SkechersSharedLibrary\/default\/dwba0a3d97\/images\/product\/highlights\/air_cooled_memory_foam_color.svg\" alt=\"Air Cooled Memory Foam\" width=\"100\" height=\"100\" data-loading=\"lazy\" \/><figcaption class=\"c-product-highlights__item__heading\">Air Cooled Memory Foam<\/figcaption><\/figure>\n<\/div>\n<\/div>\n<div class=\"slick-slide slick-active\" data-slick-index=\"2\" aria-hidden=\"false\">\n<div>\n<figure class=\"c-product-highlights__item col-lg-2 contentasset-product-highlight-vegan\"><img loading=\"lazy\" decoding=\"async\" src=\"https:\/\/www.skechers.pt\/on\/demandware.static\/-\/Library-Sites-SkechersSharedLibrary\/default\/dw92d4c9d8\/images\/product\/highlights\/vegan_design_color.svg\" alt=\"Vegan\" width=\"100\" height=\"100\" data-loading=\"lazy\" \/><figcaption class=\"c-product-highlights__item__heading\">Vegan<\/figcaption><\/figure>\n<\/div>\n<\/div>\n<div class=\"slick-slide slick-active\" data-slick-index=\"3\" aria-hidden=\"false\">\n<figure class=\"c-product-highlights__item col-lg-2 contentasset-product-highlight-machine-washable\"><img loading=\"lazy\" decoding=\"async\" src=\"https:\/\/www.skechers.pt\/on\/demandware.static\/-\/Library-Sites-SkechersSharedLibrary\/default\/dwf22ce62e\/images\/product\/highlights\/machine_washable_color.svg\" alt=\"Machine Washable\" width=\"100\" height=\"100\" data-loading=\"lazy\" \/><figcaption class=\"c-product-highlights__item__heading\">Machine Washable<br \/>\n<img loading=\"lazy\" decoding=\"async\" src=\"https:\/\/www.skechers.pt\/on\/demandware.static\/-\/Library-Sites-SkechersSharedLibrary\/default\/dw3e59bd06\/images\/product\/comfort-tech\/GogaMat.png\" alt=\"Goga Mat\" width=\"100\" height=\"100\" data-loading=\"lazy\" \/><\/p>\n<div class=\"items__heading__body-container\">Goga MatA nossa tecnologia Goga Mat\u00ae oferece uma excelente combina\u00e7\u00e3o de apoio e conforto, proporcionando uma sensa\u00e7\u00e3o de leveza e amortecimento que \u00e9 perfeita para todo o dia.<\/p>\n<div class=\"c-product-features-details__detail description collapsible-md d-lg-block col-12 col-lg-4\">\n<h2 class=\"c-product-features-details__title title d-none d-md-block\">Principais funcionalidades<\/h2>\n<ul class=\"c-product-features-details__bullets content value\">\n<li class=\"c-product-features-details__bullet\">Skechers Hands Free Slip-ins\u00ae para um ajuste f\u00e1cil<\/li>\n<li class=\"c-product-features-details__bullet\">A Heel Pillow mant\u00e9m o teu p\u00e9 firmemente fixo<\/li>\n<li class=\"c-product-features-details__bullet\">Confort\u00e1veis palmilhas almofadadas Skechers Air-Cooled Memory Foam\u2122<\/li>\n<li class=\"c-product-features-details__bullet\">Amortecimento leve e reativo ULTRA LIGHT na entressola<\/li>\n<li class=\"c-product-features-details__bullet\">A tecnologia Skechers M Strike\u00ae promove a efici\u00eancia em cada passada. Esta configura\u00e7\u00e3o de entressola cria transi\u00e7\u00f5es suaves desde a aterragem at\u00e9 \u00e0 impuls\u00e3o.<\/li>\n<li class=\"c-product-features-details__bullet\">Artigo composto por materiais 100% veganos<\/li>\n<\/ul>\n<\/div>\n<div class=\"c-product-features-details__detail details collapsible-md d-lg-block col-12 col-lg-4\">\n<h2 class=\"c-product-features-details__title title d-none d-md-block\">Detalhes do design<\/h2>\n<ul class=\"c-product-features-details__bullets content value\">\n<li class=\"c-product-features-details__bullet\">Parte superior em malha desportiva com atacadores ajust\u00e1veis<\/li>\n<li class=\"c-product-features-details__bullet\">Sola exterior de tra\u00e7\u00e3o flex\u00edvel<\/li>\n<li class=\"c-product-features-details__bullet\">Altura do calcanhar: 3,2 cm<\/li>\n<li class=\"c-product-features-details__bullet\">Peso: 213 g no tamanho 37 para mulher<\/li>\n<li class=\"c-product-features-details__bullet\">Artigo lav\u00e1vel \u00e0 m\u00e1quina<\/li>\n<li class=\"c-product-features-details__bullet\">Log\u00f3tipo Skechers GO RUN\u00ae vis\u00edvel<\/li>\n<\/ul>\n<\/div>\n<div class=\"c-product-features-details__detail details js-product-materials collapsible-md d-lg-block col-12 col-lg-4\">\n<h2 class=\"c-product-features-details__title title d-none d-md-block\">Materiais<\/h2>\n<ul class=\"c-product-features-details__bullets content value\">\n<li class=\"c-product-features-details__bullet\">\n<p id=\"tw-target-text\" class=\"tw-data-text tw-text-large tw-ta\" dir=\"ltr\" tabindex=\"-1\" role=\"text\" data-placeholder=\"Tradu\u00e7\u00e3o\" data-ved=\"2ahUKEwjFn8TkzYGTAxWDhv0HHVfmIwYQ3ewLegQIBBAW\" aria-label=\"Texto traduzido: Sola: SINT\u00c9TICA\nCabedal: T\u00caXTIL, SINT\u00c9TICO\nPalmilha: T\u00caXTIL\"><span class=\"Y2IQFc\" lang=\"pt\">Sola: SINT\u00c9TICA <\/span><\/p>\n<\/li>\n<li class=\"c-product-features-details__bullet\">\n<p id=\"tw-target-text\" class=\"tw-data-text tw-text-large tw-ta\" dir=\"ltr\" tabindex=\"-1\" role=\"text\" data-placeholder=\"Tradu\u00e7\u00e3o\" data-ved=\"2ahUKEwjFn8TkzYGTAxWDhv0HHVfmIwYQ3ewLegQIBBAW\" aria-label=\"Texto traduzido: Sola: SINT\u00c9TICA\nCabedal: T\u00caXTIL, SINT\u00c9TICO\nPalmilha: T\u00caXTIL\"><span class=\"Y2IQFc\" lang=\"pt\">Cabedal: T\u00caXTIL, SINT\u00c9TICO <\/span><\/p>\n<\/li>\n<li class=\"c-product-features-details__bullet\">\n<p id=\"tw-target-text\" class=\"tw-data-text tw-text-large tw-ta\" dir=\"ltr\" tabindex=\"-1\" role=\"text\" data-placeholder=\"Tradu\u00e7\u00e3o\" data-ved=\"2ahUKEwjFn8TkzYGTAxWDhv0HHVfmIwYQ3ewLegQIBBAW\" aria-label=\"Texto traduzido: Sola: SINT\u00c9TICA\nCabedal: T\u00caXTIL, SINT\u00c9TICO\nPalmilha: T\u00caXTIL\"><span class=\"Y2IQFc\" lang=\"pt\">Palmilha: T\u00caXTIL<\/span><\/p>\n<\/li>\n<\/ul>\n<\/div>\n<\/div>\n<\/figcaption><\/figure>\n<\/div>\n","protected":false},"excerpt":{"rendered":"<p>Faz a tua rotina de exerc\u00edcio em conforto e conveni\u00eancia com as Skechers Hands Free Slip-ins\u00ae: GO RUN Consistent 2.0\u2122 &#8211; Senna. Desenhadas com a nossa tecnologia Heel Pillow\u2122, estas sapatilhas slip-on de alto desempenho t\u00eam a parte superior em tecido de rede para atletas, atacadores ajust\u00e1veis, amortecimento reativo ULTRA LIGHT com tecnologia ergon\u00f3mica M-Strike\u00ae [&hellip;]<\/p>\n","protected":false},"featured_media":80192,"comment_status":"closed","ping_status":"closed","template":"","meta":[],"product_cat":[291,222],"product_tag":[],"class_list":{"0":"post-80184","1":"product","2":"type-product","3":"status-publish","4":"has-post-thumbnail","6":"product_cat-calcado-senhora","7":"product_cat-senhora","8":"ts_product_brand-skechers","10":"first","11":"instock","12":"shipping-taxable","13":"purchasable","14":"product-type-variable"},"yoast_head":"<!-- This site is optimized with the Yoast SEO plugin v27.4 - https:\/\/yoast.com\/product\/yoast-seo-wordpress\/ -->\n<title>Sapatilha Go Run S Skechers - Guibutik<\/title>\n<meta name=\"robots\" content=\"index, follow, max-snippet:-1, max-image-preview:large, max-video-preview:-1\" \/>\n<link rel=\"canonical\" href=\"https:\/\/www.guibutik.pt\/loja\/produto\/sapatilha-go-run-s-skechers\/\" \/>\n<meta property=\"og:locale\" content=\"pt_PT\" \/>\n<meta property=\"og:type\" content=\"article\" \/>\n<meta property=\"og:title\" content=\"Sapatilha Go Run S Skechers - Guibutik\" \/>\n<meta property=\"og:description\" content=\"Faz a tua rotina de exerc\u00edcio em conforto e conveni\u00eancia com as Skechers Hands Free Slip-ins\u00ae: GO RUN Consistent 2.0\u2122 &#8211; Senna. Desenhadas com a nossa tecnologia Heel Pillow\u2122, estas sapatilhas slip-on de alto desempenho t\u00eam a parte superior em tecido de rede para atletas, atacadores ajust\u00e1veis, amortecimento reativo ULTRA LIGHT com tecnologia ergon\u00f3mica M-Strike\u00ae [&hellip;]\" \/>\n<meta property=\"og:url\" content=\"https:\/\/www.guibutik.pt\/loja\/produto\/sapatilha-go-run-s-skechers\/\" \/>\n<meta property=\"og:site_name\" content=\"Guibutik\" \/>\n<meta property=\"article:publisher\" content=\"https:\/\/www.facebook.com\/guibutik\/\" \/>\n<meta property=\"og:image\" content=\"https:\/\/www.guibutik.pt\/loja\/wp-content\/uploads\/2026\/03\/128642.webp\" \/>\n\t<meta property=\"og:image:width\" content=\"661\" \/>\n\t<meta property=\"og:image:height\" content=\"783\" \/>\n\t<meta property=\"og:image:type\" content=\"image\/webp\" \/>\n<meta name=\"twitter:card\" content=\"summary_large_image\" \/>\n<meta name=\"twitter:label1\" content=\"Tempo estimado de leitura\" \/>\n\t<meta name=\"twitter:data1\" content=\"3 minutos\" \/>\n<script type=\"application\/ld+json\" class=\"yoast-schema-graph\">{\"@context\":\"https:\\\/\\\/schema.org\",\"@graph\":[{\"@type\":\"WebPage\",\"@id\":\"https:\\\/\\\/www.guibutik.pt\\\/loja\\\/produto\\\/sapatilha-go-run-s-skechers\\\/\",\"url\":\"https:\\\/\\\/www.guibutik.pt\\\/loja\\\/produto\\\/sapatilha-go-run-s-skechers\\\/\",\"name\":\"Sapatilha Go Run S Skechers - Guibutik\",\"isPartOf\":{\"@id\":\"https:\\\/\\\/www.guibutik.pt\\\/loja\\\/#website\"},\"primaryImageOfPage\":{\"@id\":\"https:\\\/\\\/www.guibutik.pt\\\/loja\\\/produto\\\/sapatilha-go-run-s-skechers\\\/#primaryimage\"},\"image\":{\"@id\":\"https:\\\/\\\/www.guibutik.pt\\\/loja\\\/produto\\\/sapatilha-go-run-s-skechers\\\/#primaryimage\"},\"thumbnailUrl\":\"https:\\\/\\\/www.guibutik.pt\\\/loja\\\/wp-content\\\/uploads\\\/2026\\\/03\\\/128642.webp\",\"datePublished\":\"2026-03-02T16:15:30+00:00\",\"breadcrumb\":{\"@id\":\"https:\\\/\\\/www.guibutik.pt\\\/loja\\\/produto\\\/sapatilha-go-run-s-skechers\\\/#breadcrumb\"},\"inLanguage\":\"pt-PT\",\"potentialAction\":[{\"@type\":\"ReadAction\",\"target\":[\"https:\\\/\\\/www.guibutik.pt\\\/loja\\\/produto\\\/sapatilha-go-run-s-skechers\\\/\"]}]},{\"@type\":\"ImageObject\",\"inLanguage\":\"pt-PT\",\"@id\":\"https:\\\/\\\/www.guibutik.pt\\\/loja\\\/produto\\\/sapatilha-go-run-s-skechers\\\/#primaryimage\",\"url\":\"https:\\\/\\\/www.guibutik.pt\\\/loja\\\/wp-content\\\/uploads\\\/2026\\\/03\\\/128642.webp\",\"contentUrl\":\"https:\\\/\\\/www.guibutik.pt\\\/loja\\\/wp-content\\\/uploads\\\/2026\\\/03\\\/128642.webp\",\"width\":661,\"height\":783},{\"@type\":\"BreadcrumbList\",\"@id\":\"https:\\\/\\\/www.guibutik.pt\\\/loja\\\/produto\\\/sapatilha-go-run-s-skechers\\\/#breadcrumb\",\"itemListElement\":[{\"@type\":\"ListItem\",\"position\":1,\"name\":\"In\u00edcio\",\"item\":\"https:\\\/\\\/www.guibutik.pt\\\/loja\\\/\"},{\"@type\":\"ListItem\",\"position\":2,\"name\":\"Loja\",\"item\":\"https:\\\/\\\/www.guibutik.pt\\\/loja\\\/shop\\\/\"},{\"@type\":\"ListItem\",\"position\":3,\"name\":\"Sapatilha Go Run S Skechers\"}]},{\"@type\":\"WebSite\",\"@id\":\"https:\\\/\\\/www.guibutik.pt\\\/loja\\\/#website\",\"url\":\"https:\\\/\\\/www.guibutik.pt\\\/loja\\\/\",\"name\":\"Guibutik\",\"description\":\"Moda e Sapataria\",\"potentialAction\":[{\"@type\":\"SearchAction\",\"target\":{\"@type\":\"EntryPoint\",\"urlTemplate\":\"https:\\\/\\\/www.guibutik.pt\\\/loja\\\/?s={search_term_string}\"},\"query-input\":{\"@type\":\"PropertyValueSpecification\",\"valueRequired\":true,\"valueName\":\"search_term_string\"}}],\"inLanguage\":\"pt-PT\"}]}<\/script>\n<!-- \/ Yoast SEO plugin. -->","yoast_head_json":{"title":"Sapatilha Go Run S Skechers - Guibutik","robots":{"index":"index","follow":"follow","max-snippet":"max-snippet:-1","max-image-preview":"max-image-preview:large","max-video-preview":"max-video-preview:-1"},"canonical":"https:\/\/www.guibutik.pt\/loja\/produto\/sapatilha-go-run-s-skechers\/","og_locale":"pt_PT","og_type":"article","og_title":"Sapatilha Go Run S Skechers - Guibutik","og_description":"Faz a tua rotina de exerc\u00edcio em conforto e conveni\u00eancia com as Skechers Hands Free Slip-ins\u00ae: GO RUN Consistent 2.0\u2122 &#8211; Senna. Desenhadas com a nossa tecnologia Heel Pillow\u2122, estas sapatilhas slip-on de alto desempenho t\u00eam a parte superior em tecido de rede para atletas, atacadores ajust\u00e1veis, amortecimento reativo ULTRA LIGHT com tecnologia ergon\u00f3mica M-Strike\u00ae [&hellip;]","og_url":"https:\/\/www.guibutik.pt\/loja\/produto\/sapatilha-go-run-s-skechers\/","og_site_name":"Guibutik","article_publisher":"https:\/\/www.facebook.com\/guibutik\/","og_image":[{"width":661,"height":783,"url":"https:\/\/www.guibutik.pt\/loja\/wp-content\/uploads\/2026\/03\/128642.webp","type":"image\/webp"}],"twitter_card":"summary_large_image","twitter_misc":{"Tempo estimado de leitura":"3 minutos"},"schema":{"@context":"https:\/\/schema.org","@graph":[{"@type":"WebPage","@id":"https:\/\/www.guibutik.pt\/loja\/produto\/sapatilha-go-run-s-skechers\/","url":"https:\/\/www.guibutik.pt\/loja\/produto\/sapatilha-go-run-s-skechers\/","name":"Sapatilha Go Run S Skechers - Guibutik","isPartOf":{"@id":"https:\/\/www.guibutik.pt\/loja\/#website"},"primaryImageOfPage":{"@id":"https:\/\/www.guibutik.pt\/loja\/produto\/sapatilha-go-run-s-skechers\/#primaryimage"},"image":{"@id":"https:\/\/www.guibutik.pt\/loja\/produto\/sapatilha-go-run-s-skechers\/#primaryimage"},"thumbnailUrl":"https:\/\/www.guibutik.pt\/loja\/wp-content\/uploads\/2026\/03\/128642.webp","datePublished":"2026-03-02T16:15:30+00:00","breadcrumb":{"@id":"https:\/\/www.guibutik.pt\/loja\/produto\/sapatilha-go-run-s-skechers\/#breadcrumb"},"inLanguage":"pt-PT","potentialAction":[{"@type":"ReadAction","target":["https:\/\/www.guibutik.pt\/loja\/produto\/sapatilha-go-run-s-skechers\/"]}]},{"@type":"ImageObject","inLanguage":"pt-PT","@id":"https:\/\/www.guibutik.pt\/loja\/produto\/sapatilha-go-run-s-skechers\/#primaryimage","url":"https:\/\/www.guibutik.pt\/loja\/wp-content\/uploads\/2026\/03\/128642.webp","contentUrl":"https:\/\/www.guibutik.pt\/loja\/wp-content\/uploads\/2026\/03\/128642.webp","width":661,"height":783},{"@type":"BreadcrumbList","@id":"https:\/\/www.guibutik.pt\/loja\/produto\/sapatilha-go-run-s-skechers\/#breadcrumb","itemListElement":[{"@type":"ListItem","position":1,"name":"In\u00edcio","item":"https:\/\/www.guibutik.pt\/loja\/"},{"@type":"ListItem","position":2,"name":"Loja","item":"https:\/\/www.guibutik.pt\/loja\/shop\/"},{"@type":"ListItem","position":3,"name":"Sapatilha Go Run S Skechers"}]},{"@type":"WebSite","@id":"https:\/\/www.guibutik.pt\/loja\/#website","url":"https:\/\/www.guibutik.pt\/loja\/","name":"Guibutik","description":"Moda e Sapataria","potentialAction":[{"@type":"SearchAction","target":{"@type":"EntryPoint","urlTemplate":"https:\/\/www.guibutik.pt\/loja\/?s={search_term_string}"},"query-input":{"@type":"PropertyValueSpecification","valueRequired":true,"valueName":"search_term_string"}}],"inLanguage":"pt-PT"}]}},"_links":{"self":[{"href":"https:\/\/www.guibutik.pt\/loja\/wp-json\/wp\/v2\/product\/80184","targetHints":{"allow":["GET"]}}],"collection":[{"href":"https:\/\/www.guibutik.pt\/loja\/wp-json\/wp\/v2\/product"}],"about":[{"href":"https:\/\/www.guibutik.pt\/loja\/wp-json\/wp\/v2\/types\/product"}],"replies":[{"embeddable":true,"href":"https:\/\/www.guibutik.pt\/loja\/wp-json\/wp\/v2\/comments?post=80184"}],"wp:featuredmedia":[{"embeddable":true,"href":"https:\/\/www.guibutik.pt\/loja\/wp-json\/wp\/v2\/media\/80192"}],"wp:attachment":[{"href":"https:\/\/www.guibutik.pt\/loja\/wp-json\/wp\/v2\/media?parent=80184"}],"wp:term":[{"taxonomy":"product_cat","embeddable":true,"href":"https:\/\/www.guibutik.pt\/loja\/wp-json\/wp\/v2\/product_cat?post=80184"},{"taxonomy":"product_tag","embeddable":true,"href":"https:\/\/www.guibutik.pt\/loja\/wp-json\/wp\/v2\/product_tag?post=80184"}],"curies":[{"name":"wp","href":"https:\/\/api.w.org\/{rel}","templated":true}]}}