{"id":80145,"date":"2026-03-02T16:50:52","date_gmt":"2026-03-02T15:50:52","guid":{"rendered":"https:\/\/www.guibutik.pt\/loja\/?post_type=product&#038;p=80145"},"modified":"2026-03-25T19:59:55","modified_gmt":"2026-03-25T18:59:55","slug":"sapatilha-summits-h-skechers","status":"publish","type":"product","link":"https:\/\/www.guibutik.pt\/loja\/produto\/sapatilha-summits-h-skechers\/","title":{"rendered":"Sapatilha Summits H Skechers"},"content":{"rendered":"<p>P\u00e9s mais felizes ao teu alcance com as Skechers Summits \u2013 Torre. Este modelo leve e ativo tem parte superior em tecido de rede especialmente concebido, atacadores \u00e0 frente e palmilhas confort\u00e1veis almofadadas Skechers Memory Foam\u2122.<\/p>\n<div class=\"slick-slide slick-current slick-active\" data-slick-index=\"0\" aria-hidden=\"false\">\n<div>\n<figure class=\"c-product-highlights__item col-lg-2 contentasset-product-highlight-memory-foam\"><img loading=\"lazy\" decoding=\"async\" src=\"https:\/\/www.skechers.pt\/on\/demandware.static\/-\/Library-Sites-SkechersSharedLibrary\/default\/dw19b5cd12\/images\/product\/highlights\/memory_foam_color.svg\" alt=\"Memory Foam\" width=\"100\" height=\"100\" data-loading=\"lazy\" \/><figcaption class=\"c-product-highlights__item__heading\">Memory Foam<\/figcaption><\/figure>\n<\/div>\n<\/div>\n<div class=\"slick-slide slick-active\" data-slick-index=\"1\" aria-hidden=\"false\">\n<div>\n<figure class=\"c-product-highlights__item col-lg-2 contentasset-product-highlight-machine-washable\"><img loading=\"lazy\" decoding=\"async\" src=\"https:\/\/www.skechers.pt\/on\/demandware.static\/-\/Library-Sites-SkechersSharedLibrary\/default\/dwf22ce62e\/images\/product\/highlights\/machine_washable_color.svg\" alt=\"Machine Washable\" width=\"100\" height=\"100\" data-loading=\"lazy\" \/><figcaption class=\"c-product-highlights__item__heading\">Machine Washable<\/figcaption><\/figure>\n<\/div>\n<\/div>\n<div class=\"slick-slide slick-active\" data-slick-index=\"2\" aria-hidden=\"false\">\n<div>\n<figure class=\"c-product-highlights__item col-lg-2 contentasset-product-highlight-vegan\"><img loading=\"lazy\" decoding=\"async\" src=\"https:\/\/www.skechers.pt\/on\/demandware.static\/-\/Library-Sites-SkechersSharedLibrary\/default\/dw92d4c9d8\/images\/product\/highlights\/vegan_design_color.svg\" alt=\"Vegan\" width=\"100\" height=\"100\" data-loading=\"lazy\" \/><figcaption class=\"c-product-highlights__item__heading\">Vegan<\/p>\n<div class=\"c-product-features-details__detail description collapsible-md d-lg-block col-12 col-lg-4\">\n<h2 class=\"c-product-features-details__title title d-none d-md-block\">Principais funcionalidades<\/h2>\n<ul class=\"c-product-features-details__bullets content value\">\n<li class=\"c-product-features-details__bullet\">Palmilhas confort\u00e1veis almofadadas Skechers Memory Foam\u2122<\/li>\n<\/ul>\n<\/div>\n<div class=\"c-product-features-details__detail details collapsible-md d-lg-block col-12 col-lg-4\">\n<h2 class=\"c-product-features-details__title title d-none d-md-block\">Detalhes do design<\/h2>\n<ul class=\"c-product-features-details__bullets content value\">\n<li class=\"c-product-features-details__bullet\">Parte superior em malha com atacadores \u00e0 frente<\/li>\n<li class=\"c-product-features-details__bullet\">Sola exterior de tra\u00e7\u00e3o flex\u00edvel<\/li>\n<li class=\"c-product-features-details__bullet\">Lav\u00e1veis \u00e0 m\u00e1quina<\/li>\n<li class=\"c-product-features-details__bullet\">Calcanhar de 2,5\u00a0cm<\/li>\n<li class=\"c-product-features-details__bullet\">Log\u00f3tipo Skechers\u00ae vis\u00edvel<\/li>\n<\/ul>\n<\/div>\n<div class=\"c-product-features-details__detail details js-product-materials collapsible-md d-lg-block col-12 col-lg-4\">\n<h2 class=\"c-product-features-details__title title d-none d-md-block\">Materiais<\/h2>\n<ul class=\"c-product-features-details__bullets content value\">\n<li class=\"c-product-features-details__bullet\">Sola exterior: SINT\u00c9TICO<\/li>\n<li class=\"c-product-features-details__bullet\">Parte superior: T\u00caXTIL, SINT\u00c9TICO<\/li>\n<li class=\"c-product-features-details__bullet\">Palmilha com forro: T\u00caXTIL<\/li>\n<\/ul>\n<\/div>\n<\/figcaption><\/figure>\n<\/div>\n<\/div>\n","protected":false},"excerpt":{"rendered":"<p>P\u00e9s mais felizes ao teu alcance com as Skechers Summits \u2013 Torre. Este modelo leve e ativo tem parte superior em tecido de rede especialmente concebido, atacadores \u00e0 frente e palmilhas confort\u00e1veis almofadadas Skechers Memory Foam\u2122. Memory Foam Machine Washable Vegan Principais funcionalidades Palmilhas confort\u00e1veis almofadadas Skechers Memory Foam\u2122 Detalhes do design Parte superior em [&hellip;]<\/p>\n","protected":false},"featured_media":80158,"comment_status":"closed","ping_status":"closed","template":"","meta":[],"product_cat":[231,221],"product_tag":[],"class_list":{"0":"post-80145","1":"product","2":"type-product","3":"status-publish","4":"has-post-thumbnail","6":"product_cat-calcado-homem","7":"product_cat-homem","8":"ts_product_brand-skechers","10":"first","11":"instock","12":"shipping-taxable","13":"purchasable","14":"product-type-variable"},"yoast_head":"<!-- This site is optimized with the Yoast SEO plugin v27.4 - https:\/\/yoast.com\/product\/yoast-seo-wordpress\/ -->\n<title>Sapatilha Summits H Skechers - Guibutik<\/title>\n<meta name=\"robots\" content=\"index, follow, max-snippet:-1, max-image-preview:large, max-video-preview:-1\" \/>\n<link rel=\"canonical\" href=\"https:\/\/www.guibutik.pt\/loja\/produto\/sapatilha-summits-h-skechers\/\" \/>\n<meta property=\"og:locale\" content=\"pt_PT\" \/>\n<meta property=\"og:type\" content=\"article\" \/>\n<meta property=\"og:title\" content=\"Sapatilha Summits H Skechers - Guibutik\" \/>\n<meta property=\"og:description\" content=\"P\u00e9s mais felizes ao teu alcance com as Skechers Summits \u2013 Torre. Este modelo leve e ativo tem parte superior em tecido de rede especialmente concebido, atacadores \u00e0 frente e palmilhas confort\u00e1veis almofadadas Skechers Memory Foam\u2122. Memory Foam Machine Washable Vegan Principais funcionalidades Palmilhas confort\u00e1veis almofadadas Skechers Memory Foam\u2122 Detalhes do design Parte superior em [&hellip;]\" \/>\n<meta property=\"og:url\" content=\"https:\/\/www.guibutik.pt\/loja\/produto\/sapatilha-summits-h-skechers\/\" \/>\n<meta property=\"og:site_name\" content=\"Guibutik\" \/>\n<meta property=\"article:publisher\" content=\"https:\/\/www.facebook.com\/guibutik\/\" \/>\n<meta property=\"article:modified_time\" content=\"2026-03-25T18:59:55+00:00\" \/>\n<meta property=\"og:image\" content=\"https:\/\/www.guibutik.pt\/loja\/wp-content\/uploads\/2026\/03\/232395_BBK_HERO_LG.jpg\" \/>\n\t<meta property=\"og:image:width\" content=\"800\" \/>\n\t<meta property=\"og:image:height\" content=\"708\" \/>\n\t<meta property=\"og:image:type\" content=\"image\/jpeg\" \/>\n<meta name=\"twitter:card\" content=\"summary_large_image\" \/>\n<meta name=\"twitter:label1\" content=\"Tempo estimado de leitura\" \/>\n\t<meta name=\"twitter:data1\" content=\"2 minutos\" \/>\n<script type=\"application\/ld+json\" class=\"yoast-schema-graph\">{\"@context\":\"https:\\\/\\\/schema.org\",\"@graph\":[{\"@type\":\"WebPage\",\"@id\":\"https:\\\/\\\/www.guibutik.pt\\\/loja\\\/produto\\\/sapatilha-summits-h-skechers\\\/\",\"url\":\"https:\\\/\\\/www.guibutik.pt\\\/loja\\\/produto\\\/sapatilha-summits-h-skechers\\\/\",\"name\":\"Sapatilha Summits H Skechers - Guibutik\",\"isPartOf\":{\"@id\":\"https:\\\/\\\/www.guibutik.pt\\\/loja\\\/#website\"},\"primaryImageOfPage\":{\"@id\":\"https:\\\/\\\/www.guibutik.pt\\\/loja\\\/produto\\\/sapatilha-summits-h-skechers\\\/#primaryimage\"},\"image\":{\"@id\":\"https:\\\/\\\/www.guibutik.pt\\\/loja\\\/produto\\\/sapatilha-summits-h-skechers\\\/#primaryimage\"},\"thumbnailUrl\":\"https:\\\/\\\/www.guibutik.pt\\\/loja\\\/wp-content\\\/uploads\\\/2026\\\/03\\\/232395_BBK_HERO_LG.jpg\",\"datePublished\":\"2026-03-02T15:50:52+00:00\",\"dateModified\":\"2026-03-25T18:59:55+00:00\",\"breadcrumb\":{\"@id\":\"https:\\\/\\\/www.guibutik.pt\\\/loja\\\/produto\\\/sapatilha-summits-h-skechers\\\/#breadcrumb\"},\"inLanguage\":\"pt-PT\",\"potentialAction\":[{\"@type\":\"ReadAction\",\"target\":[\"https:\\\/\\\/www.guibutik.pt\\\/loja\\\/produto\\\/sapatilha-summits-h-skechers\\\/\"]}]},{\"@type\":\"ImageObject\",\"inLanguage\":\"pt-PT\",\"@id\":\"https:\\\/\\\/www.guibutik.pt\\\/loja\\\/produto\\\/sapatilha-summits-h-skechers\\\/#primaryimage\",\"url\":\"https:\\\/\\\/www.guibutik.pt\\\/loja\\\/wp-content\\\/uploads\\\/2026\\\/03\\\/232395_BBK_HERO_LG.jpg\",\"contentUrl\":\"https:\\\/\\\/www.guibutik.pt\\\/loja\\\/wp-content\\\/uploads\\\/2026\\\/03\\\/232395_BBK_HERO_LG.jpg\",\"width\":800,\"height\":708},{\"@type\":\"BreadcrumbList\",\"@id\":\"https:\\\/\\\/www.guibutik.pt\\\/loja\\\/produto\\\/sapatilha-summits-h-skechers\\\/#breadcrumb\",\"itemListElement\":[{\"@type\":\"ListItem\",\"position\":1,\"name\":\"In\u00edcio\",\"item\":\"https:\\\/\\\/www.guibutik.pt\\\/loja\\\/\"},{\"@type\":\"ListItem\",\"position\":2,\"name\":\"Loja\",\"item\":\"https:\\\/\\\/www.guibutik.pt\\\/loja\\\/shop\\\/\"},{\"@type\":\"ListItem\",\"position\":3,\"name\":\"Sapatilha Summits H Skechers\"}]},{\"@type\":\"WebSite\",\"@id\":\"https:\\\/\\\/www.guibutik.pt\\\/loja\\\/#website\",\"url\":\"https:\\\/\\\/www.guibutik.pt\\\/loja\\\/\",\"name\":\"Guibutik\",\"description\":\"Moda e Sapataria\",\"potentialAction\":[{\"@type\":\"SearchAction\",\"target\":{\"@type\":\"EntryPoint\",\"urlTemplate\":\"https:\\\/\\\/www.guibutik.pt\\\/loja\\\/?s={search_term_string}\"},\"query-input\":{\"@type\":\"PropertyValueSpecification\",\"valueRequired\":true,\"valueName\":\"search_term_string\"}}],\"inLanguage\":\"pt-PT\"}]}<\/script>\n<!-- \/ Yoast SEO plugin. -->","yoast_head_json":{"title":"Sapatilha Summits H Skechers - Guibutik","robots":{"index":"index","follow":"follow","max-snippet":"max-snippet:-1","max-image-preview":"max-image-preview:large","max-video-preview":"max-video-preview:-1"},"canonical":"https:\/\/www.guibutik.pt\/loja\/produto\/sapatilha-summits-h-skechers\/","og_locale":"pt_PT","og_type":"article","og_title":"Sapatilha Summits H Skechers - Guibutik","og_description":"P\u00e9s mais felizes ao teu alcance com as Skechers Summits \u2013 Torre. Este modelo leve e ativo tem parte superior em tecido de rede especialmente concebido, atacadores \u00e0 frente e palmilhas confort\u00e1veis almofadadas Skechers Memory Foam\u2122. Memory Foam Machine Washable Vegan Principais funcionalidades Palmilhas confort\u00e1veis almofadadas Skechers Memory Foam\u2122 Detalhes do design Parte superior em [&hellip;]","og_url":"https:\/\/www.guibutik.pt\/loja\/produto\/sapatilha-summits-h-skechers\/","og_site_name":"Guibutik","article_publisher":"https:\/\/www.facebook.com\/guibutik\/","article_modified_time":"2026-03-25T18:59:55+00:00","og_image":[{"width":800,"height":708,"url":"https:\/\/www.guibutik.pt\/loja\/wp-content\/uploads\/2026\/03\/232395_BBK_HERO_LG.jpg","type":"image\/jpeg"}],"twitter_card":"summary_large_image","twitter_misc":{"Tempo estimado de leitura":"2 minutos"},"schema":{"@context":"https:\/\/schema.org","@graph":[{"@type":"WebPage","@id":"https:\/\/www.guibutik.pt\/loja\/produto\/sapatilha-summits-h-skechers\/","url":"https:\/\/www.guibutik.pt\/loja\/produto\/sapatilha-summits-h-skechers\/","name":"Sapatilha Summits H Skechers - Guibutik","isPartOf":{"@id":"https:\/\/www.guibutik.pt\/loja\/#website"},"primaryImageOfPage":{"@id":"https:\/\/www.guibutik.pt\/loja\/produto\/sapatilha-summits-h-skechers\/#primaryimage"},"image":{"@id":"https:\/\/www.guibutik.pt\/loja\/produto\/sapatilha-summits-h-skechers\/#primaryimage"},"thumbnailUrl":"https:\/\/www.guibutik.pt\/loja\/wp-content\/uploads\/2026\/03\/232395_BBK_HERO_LG.jpg","datePublished":"2026-03-02T15:50:52+00:00","dateModified":"2026-03-25T18:59:55+00:00","breadcrumb":{"@id":"https:\/\/www.guibutik.pt\/loja\/produto\/sapatilha-summits-h-skechers\/#breadcrumb"},"inLanguage":"pt-PT","potentialAction":[{"@type":"ReadAction","target":["https:\/\/www.guibutik.pt\/loja\/produto\/sapatilha-summits-h-skechers\/"]}]},{"@type":"ImageObject","inLanguage":"pt-PT","@id":"https:\/\/www.guibutik.pt\/loja\/produto\/sapatilha-summits-h-skechers\/#primaryimage","url":"https:\/\/www.guibutik.pt\/loja\/wp-content\/uploads\/2026\/03\/232395_BBK_HERO_LG.jpg","contentUrl":"https:\/\/www.guibutik.pt\/loja\/wp-content\/uploads\/2026\/03\/232395_BBK_HERO_LG.jpg","width":800,"height":708},{"@type":"BreadcrumbList","@id":"https:\/\/www.guibutik.pt\/loja\/produto\/sapatilha-summits-h-skechers\/#breadcrumb","itemListElement":[{"@type":"ListItem","position":1,"name":"In\u00edcio","item":"https:\/\/www.guibutik.pt\/loja\/"},{"@type":"ListItem","position":2,"name":"Loja","item":"https:\/\/www.guibutik.pt\/loja\/shop\/"},{"@type":"ListItem","position":3,"name":"Sapatilha Summits H Skechers"}]},{"@type":"WebSite","@id":"https:\/\/www.guibutik.pt\/loja\/#website","url":"https:\/\/www.guibutik.pt\/loja\/","name":"Guibutik","description":"Moda e Sapataria","potentialAction":[{"@type":"SearchAction","target":{"@type":"EntryPoint","urlTemplate":"https:\/\/www.guibutik.pt\/loja\/?s={search_term_string}"},"query-input":{"@type":"PropertyValueSpecification","valueRequired":true,"valueName":"search_term_string"}}],"inLanguage":"pt-PT"}]}},"_links":{"self":[{"href":"https:\/\/www.guibutik.pt\/loja\/wp-json\/wp\/v2\/product\/80145","targetHints":{"allow":["GET"]}}],"collection":[{"href":"https:\/\/www.guibutik.pt\/loja\/wp-json\/wp\/v2\/product"}],"about":[{"href":"https:\/\/www.guibutik.pt\/loja\/wp-json\/wp\/v2\/types\/product"}],"replies":[{"embeddable":true,"href":"https:\/\/www.guibutik.pt\/loja\/wp-json\/wp\/v2\/comments?post=80145"}],"wp:featuredmedia":[{"embeddable":true,"href":"https:\/\/www.guibutik.pt\/loja\/wp-json\/wp\/v2\/media\/80158"}],"wp:attachment":[{"href":"https:\/\/www.guibutik.pt\/loja\/wp-json\/wp\/v2\/media?parent=80145"}],"wp:term":[{"taxonomy":"product_cat","embeddable":true,"href":"https:\/\/www.guibutik.pt\/loja\/wp-json\/wp\/v2\/product_cat?post=80145"},{"taxonomy":"product_tag","embeddable":true,"href":"https:\/\/www.guibutik.pt\/loja\/wp-json\/wp\/v2\/product_tag?post=80145"}],"curies":[{"name":"wp","href":"https:\/\/api.w.org\/{rel}","templated":true}]}}