{"id":79828,"date":"2026-03-02T11:22:04","date_gmt":"2026-03-02T10:22:04","guid":{"rendered":"https:\/\/www.guibutik.pt\/loja\/?post_type=product&#038;p=79828"},"modified":"2026-04-07T11:02:41","modified_gmt":"2026-04-07T10:02:41","slug":"casaco-h-salsa-3","status":"publish","type":"product","link":"https:\/\/www.guibutik.pt\/loja\/produto\/casaco-h-salsa-3\/","title":{"rendered":"Casaco H Salsa"},"content":{"rendered":"<p>Casaco bomber de cor azul marinho, ideal para um visual casual e atual. Com fit regular, proporciona conforto e liberdade de movimentos. O modelo apresenta abertura frontal com fecho de correr, mangas compridas com punhos el\u00e1stico e el\u00e1stico na cintura, garantindo um ajuste confort\u00e1vel. Inclui dois bolsos laterais e um bolso interior com fecho, oferecendo funcionalidade e praticidade para o dia a dia. Uma pe\u00e7a vers\u00e1til e f\u00e1cil de conjugar.<br \/>\n&#8211; Casaco Bomber<br \/>\n&#8211; Cor azul marinho<br \/>\n&#8211; Abertura frontal com fecho de correr<br \/>\n&#8211; Fit regular<br \/>\n&#8211; Dois bolsos laterais e bolso interior com fecho<br \/>\n&#8211; Mangas compridas com punhos el\u00e1sticos<br \/>\n&#8211; El\u00e1stico na cintura<\/p>\n<p>Composi\u00e7\u00e3o:<\/p>\n<div class=\"accordion-content page-content\">\n<div id=\"section_1609562546\" class=\"product-composition ng-scope\" data-compositiongroupid=\"2\">\n<div class=\"list-composition\">\n<div class=\"row-composition \" data-compositionname=\"\">\n<div class=\"composition-info\">\n<p class=\"composition-title\">Tecido principal<\/p>\n<ul class=\"composition-list\">\n<li>100% Poliester<\/li>\n<\/ul>\n<p class=\"composition-title\">Forro<\/p>\n<ul class=\"composition-list\">\n<li>100% Poliester<\/li>\n<\/ul>\n<p class=\"composition-title\">Aplica\u00e7\u00f5es<\/p>\n<ul class=\"composition-list\">\n<li>97% Poliester<\/li>\n<li>3% Elastano<\/li>\n<\/ul>\n<p>Cuidados de lavagem:<\/p>\n<div class=\"col-sm-12 column clearfix\">\n<p class=\"paragraph\">Ciclo de lavagem delicada 30\u00b0<\/p>\n<\/div>\n<div class=\"col-sm-12 column clearfix\">\n<p class=\"paragraph\">N\u00e3o usar lixivia<\/p>\n<\/div>\n<div class=\"col-sm-12 column clearfix\">\n<p class=\"paragraph\">N\u00e3o passar com ferro quente<\/p>\n<\/div>\n<div class=\"col-sm-12 column clearfix\">\n<p class=\"paragraph\">N\u00e3o limpar a seco com qu\u00edmicos<\/p>\n<\/div>\n<div class=\"col-sm-12 column clearfix\">\n<p class=\"paragraph\">N\u00e3o utilizar m\u00e1quina de secar<\/p>\n<\/div>\n<\/div>\n<\/div>\n<\/div>\n<\/div>\n<\/div>\n","protected":false},"excerpt":{"rendered":"<p>Casaco bomber de cor azul marinho, ideal para um visual casual e atual. Com fit regular, proporciona conforto e liberdade de movimentos. O modelo apresenta abertura frontal com fecho de correr, mangas compridas com punhos el\u00e1stico e el\u00e1stico na cintura, garantindo um ajuste confort\u00e1vel. Inclui dois bolsos laterais e um bolso interior com fecho, oferecendo [&hellip;]<\/p>\n","protected":false},"featured_media":79838,"comment_status":"closed","ping_status":"closed","template":"","meta":[],"product_cat":[223,221],"product_tag":[],"class_list":{"0":"post-79828","1":"product","2":"type-product","3":"status-publish","4":"has-post-thumbnail","6":"product_cat-casacos","7":"product_cat-homem","8":"ts_product_brand-salsa","10":"first","11":"instock","12":"shipping-taxable","13":"purchasable","14":"product-type-variable"},"yoast_head":"<!-- This site is optimized with the Yoast SEO plugin v27.4 - https:\/\/yoast.com\/product\/yoast-seo-wordpress\/ -->\n<title>Casaco H Salsa - Guibutik<\/title>\n<meta name=\"robots\" content=\"index, follow, max-snippet:-1, max-image-preview:large, max-video-preview:-1\" \/>\n<link rel=\"canonical\" href=\"https:\/\/www.guibutik.pt\/loja\/produto\/casaco-h-salsa-3\/\" \/>\n<meta property=\"og:locale\" content=\"pt_PT\" \/>\n<meta property=\"og:type\" content=\"article\" \/>\n<meta property=\"og:title\" content=\"Casaco H Salsa - Guibutik\" \/>\n<meta property=\"og:description\" content=\"Casaco bomber de cor azul marinho, ideal para um visual casual e atual. Com fit regular, proporciona conforto e liberdade de movimentos. O modelo apresenta abertura frontal com fecho de correr, mangas compridas com punhos el\u00e1stico e el\u00e1stico na cintura, garantindo um ajuste confort\u00e1vel. Inclui dois bolsos laterais e um bolso interior com fecho, oferecendo [&hellip;]\" \/>\n<meta property=\"og:url\" content=\"https:\/\/www.guibutik.pt\/loja\/produto\/casaco-h-salsa-3\/\" \/>\n<meta property=\"og:site_name\" content=\"Guibutik\" \/>\n<meta property=\"article:publisher\" content=\"https:\/\/www.facebook.com\/guibutik\/\" \/>\n<meta property=\"article:modified_time\" content=\"2026-04-07T10:02:41+00:00\" \/>\n<meta property=\"og:image\" content=\"https:\/\/www.guibutik.pt\/loja\/wp-content\/uploads\/2026\/02\/21011031.jpg\" \/>\n\t<meta property=\"og:image:width\" content=\"1280\" \/>\n\t<meta property=\"og:image:height\" content=\"1920\" \/>\n\t<meta property=\"og:image:type\" content=\"image\/jpeg\" \/>\n<meta name=\"twitter:card\" content=\"summary_large_image\" \/>\n<meta name=\"twitter:label1\" content=\"Tempo estimado de leitura\" \/>\n\t<meta name=\"twitter:data1\" content=\"1 minuto\" \/>\n<script type=\"application\/ld+json\" class=\"yoast-schema-graph\">{\"@context\":\"https:\\\/\\\/schema.org\",\"@graph\":[{\"@type\":\"WebPage\",\"@id\":\"https:\\\/\\\/www.guibutik.pt\\\/loja\\\/produto\\\/casaco-h-salsa-3\\\/\",\"url\":\"https:\\\/\\\/www.guibutik.pt\\\/loja\\\/produto\\\/casaco-h-salsa-3\\\/\",\"name\":\"Casaco H Salsa - Guibutik\",\"isPartOf\":{\"@id\":\"https:\\\/\\\/www.guibutik.pt\\\/loja\\\/#website\"},\"primaryImageOfPage\":{\"@id\":\"https:\\\/\\\/www.guibutik.pt\\\/loja\\\/produto\\\/casaco-h-salsa-3\\\/#primaryimage\"},\"image\":{\"@id\":\"https:\\\/\\\/www.guibutik.pt\\\/loja\\\/produto\\\/casaco-h-salsa-3\\\/#primaryimage\"},\"thumbnailUrl\":\"https:\\\/\\\/www.guibutik.pt\\\/loja\\\/wp-content\\\/uploads\\\/2026\\\/02\\\/21011031.jpg\",\"datePublished\":\"2026-03-02T10:22:04+00:00\",\"dateModified\":\"2026-04-07T10:02:41+00:00\",\"breadcrumb\":{\"@id\":\"https:\\\/\\\/www.guibutik.pt\\\/loja\\\/produto\\\/casaco-h-salsa-3\\\/#breadcrumb\"},\"inLanguage\":\"pt-PT\",\"potentialAction\":[{\"@type\":\"ReadAction\",\"target\":[\"https:\\\/\\\/www.guibutik.pt\\\/loja\\\/produto\\\/casaco-h-salsa-3\\\/\"]}]},{\"@type\":\"ImageObject\",\"inLanguage\":\"pt-PT\",\"@id\":\"https:\\\/\\\/www.guibutik.pt\\\/loja\\\/produto\\\/casaco-h-salsa-3\\\/#primaryimage\",\"url\":\"https:\\\/\\\/www.guibutik.pt\\\/loja\\\/wp-content\\\/uploads\\\/2026\\\/02\\\/21011031.jpg\",\"contentUrl\":\"https:\\\/\\\/www.guibutik.pt\\\/loja\\\/wp-content\\\/uploads\\\/2026\\\/02\\\/21011031.jpg\",\"width\":1280,\"height\":1920},{\"@type\":\"BreadcrumbList\",\"@id\":\"https:\\\/\\\/www.guibutik.pt\\\/loja\\\/produto\\\/casaco-h-salsa-3\\\/#breadcrumb\",\"itemListElement\":[{\"@type\":\"ListItem\",\"position\":1,\"name\":\"In\u00edcio\",\"item\":\"https:\\\/\\\/www.guibutik.pt\\\/loja\\\/\"},{\"@type\":\"ListItem\",\"position\":2,\"name\":\"Loja\",\"item\":\"https:\\\/\\\/www.guibutik.pt\\\/loja\\\/shop\\\/\"},{\"@type\":\"ListItem\",\"position\":3,\"name\":\"Casaco H Salsa\"}]},{\"@type\":\"WebSite\",\"@id\":\"https:\\\/\\\/www.guibutik.pt\\\/loja\\\/#website\",\"url\":\"https:\\\/\\\/www.guibutik.pt\\\/loja\\\/\",\"name\":\"Guibutik\",\"description\":\"Moda e Sapataria\",\"potentialAction\":[{\"@type\":\"SearchAction\",\"target\":{\"@type\":\"EntryPoint\",\"urlTemplate\":\"https:\\\/\\\/www.guibutik.pt\\\/loja\\\/?s={search_term_string}\"},\"query-input\":{\"@type\":\"PropertyValueSpecification\",\"valueRequired\":true,\"valueName\":\"search_term_string\"}}],\"inLanguage\":\"pt-PT\"}]}<\/script>\n<!-- \/ Yoast SEO plugin. -->","yoast_head_json":{"title":"Casaco H Salsa - Guibutik","robots":{"index":"index","follow":"follow","max-snippet":"max-snippet:-1","max-image-preview":"max-image-preview:large","max-video-preview":"max-video-preview:-1"},"canonical":"https:\/\/www.guibutik.pt\/loja\/produto\/casaco-h-salsa-3\/","og_locale":"pt_PT","og_type":"article","og_title":"Casaco H Salsa - Guibutik","og_description":"Casaco bomber de cor azul marinho, ideal para um visual casual e atual. Com fit regular, proporciona conforto e liberdade de movimentos. O modelo apresenta abertura frontal com fecho de correr, mangas compridas com punhos el\u00e1stico e el\u00e1stico na cintura, garantindo um ajuste confort\u00e1vel. Inclui dois bolsos laterais e um bolso interior com fecho, oferecendo [&hellip;]","og_url":"https:\/\/www.guibutik.pt\/loja\/produto\/casaco-h-salsa-3\/","og_site_name":"Guibutik","article_publisher":"https:\/\/www.facebook.com\/guibutik\/","article_modified_time":"2026-04-07T10:02:41+00:00","og_image":[{"width":1280,"height":1920,"url":"https:\/\/www.guibutik.pt\/loja\/wp-content\/uploads\/2026\/02\/21011031.jpg","type":"image\/jpeg"}],"twitter_card":"summary_large_image","twitter_misc":{"Tempo estimado de leitura":"1 minuto"},"schema":{"@context":"https:\/\/schema.org","@graph":[{"@type":"WebPage","@id":"https:\/\/www.guibutik.pt\/loja\/produto\/casaco-h-salsa-3\/","url":"https:\/\/www.guibutik.pt\/loja\/produto\/casaco-h-salsa-3\/","name":"Casaco H Salsa - Guibutik","isPartOf":{"@id":"https:\/\/www.guibutik.pt\/loja\/#website"},"primaryImageOfPage":{"@id":"https:\/\/www.guibutik.pt\/loja\/produto\/casaco-h-salsa-3\/#primaryimage"},"image":{"@id":"https:\/\/www.guibutik.pt\/loja\/produto\/casaco-h-salsa-3\/#primaryimage"},"thumbnailUrl":"https:\/\/www.guibutik.pt\/loja\/wp-content\/uploads\/2026\/02\/21011031.jpg","datePublished":"2026-03-02T10:22:04+00:00","dateModified":"2026-04-07T10:02:41+00:00","breadcrumb":{"@id":"https:\/\/www.guibutik.pt\/loja\/produto\/casaco-h-salsa-3\/#breadcrumb"},"inLanguage":"pt-PT","potentialAction":[{"@type":"ReadAction","target":["https:\/\/www.guibutik.pt\/loja\/produto\/casaco-h-salsa-3\/"]}]},{"@type":"ImageObject","inLanguage":"pt-PT","@id":"https:\/\/www.guibutik.pt\/loja\/produto\/casaco-h-salsa-3\/#primaryimage","url":"https:\/\/www.guibutik.pt\/loja\/wp-content\/uploads\/2026\/02\/21011031.jpg","contentUrl":"https:\/\/www.guibutik.pt\/loja\/wp-content\/uploads\/2026\/02\/21011031.jpg","width":1280,"height":1920},{"@type":"BreadcrumbList","@id":"https:\/\/www.guibutik.pt\/loja\/produto\/casaco-h-salsa-3\/#breadcrumb","itemListElement":[{"@type":"ListItem","position":1,"name":"In\u00edcio","item":"https:\/\/www.guibutik.pt\/loja\/"},{"@type":"ListItem","position":2,"name":"Loja","item":"https:\/\/www.guibutik.pt\/loja\/shop\/"},{"@type":"ListItem","position":3,"name":"Casaco H Salsa"}]},{"@type":"WebSite","@id":"https:\/\/www.guibutik.pt\/loja\/#website","url":"https:\/\/www.guibutik.pt\/loja\/","name":"Guibutik","description":"Moda e Sapataria","potentialAction":[{"@type":"SearchAction","target":{"@type":"EntryPoint","urlTemplate":"https:\/\/www.guibutik.pt\/loja\/?s={search_term_string}"},"query-input":{"@type":"PropertyValueSpecification","valueRequired":true,"valueName":"search_term_string"}}],"inLanguage":"pt-PT"}]}},"_links":{"self":[{"href":"https:\/\/www.guibutik.pt\/loja\/wp-json\/wp\/v2\/product\/79828","targetHints":{"allow":["GET"]}}],"collection":[{"href":"https:\/\/www.guibutik.pt\/loja\/wp-json\/wp\/v2\/product"}],"about":[{"href":"https:\/\/www.guibutik.pt\/loja\/wp-json\/wp\/v2\/types\/product"}],"replies":[{"embeddable":true,"href":"https:\/\/www.guibutik.pt\/loja\/wp-json\/wp\/v2\/comments?post=79828"}],"wp:featuredmedia":[{"embeddable":true,"href":"https:\/\/www.guibutik.pt\/loja\/wp-json\/wp\/v2\/media\/79838"}],"wp:attachment":[{"href":"https:\/\/www.guibutik.pt\/loja\/wp-json\/wp\/v2\/media?parent=79828"}],"wp:term":[{"taxonomy":"product_cat","embeddable":true,"href":"https:\/\/www.guibutik.pt\/loja\/wp-json\/wp\/v2\/product_cat?post=79828"},{"taxonomy":"product_tag","embeddable":true,"href":"https:\/\/www.guibutik.pt\/loja\/wp-json\/wp\/v2\/product_tag?post=79828"}],"curies":[{"name":"wp","href":"https:\/\/api.w.org\/{rel}","templated":true}]}}