{"id":79737,"date":"2026-03-02T11:23:16","date_gmt":"2026-03-02T10:23:16","guid":{"rendered":"https:\/\/www.guibutik.pt\/loja\/?post_type=product&#038;p=79737"},"modified":"2026-03-16T20:22:17","modified_gmt":"2026-03-16T19:22:17","slug":"jeans-501-h-levis-4","status":"publish","type":"product","link":"https:\/\/www.guibutik.pt\/loja\/produto\/jeans-501-h-levis-4\/","title":{"rendered":"Jeans 501 H Levi&#8217;s"},"content":{"rendered":"<p><span dir=\"auto\">Feche os olhos. Pense em &#8220;jeans&#8221;. Agora abra. Eram os 501\u00ae Originals, certo? Com \u200b\u200bo cl\u00e1ssico corte reto e o estilo ic\u00f4nico, eles s\u00e3o literalmente o modelo para todos os jeans modernos que existem \u2014 gravados na mem\u00f3ria coletiva mundial desde que Levi Strauss (o pr\u00f3prio!) os apresentou em 1873. At\u00e9 hoje, eles nunca sa\u00edram de moda. E nunca sair\u00e3o.<\/span><\/p>\n<ul>\n<li><span dir=\"auto\">os jeans azuis originais<\/span><\/li>\n<li><span dir=\"auto\">Nosso corte reto caracter\u00edstico<\/span><\/li>\n<li><span dir=\"auto\">Uma tela em branco para personaliza\u00e7\u00e3o e autoexpress\u00e3o.<\/span><\/li>\n<li><span dir=\"auto\">Leve. Respir\u00e1vel. Confeccionada em tecido leve para que voc\u00ea tenha uma \u00f3tima apar\u00eancia e se sinta confort\u00e1vel.<\/span><\/li>\n<li><span dir=\"auto\">Segure a \u00e1gua: Esta pe\u00e7a foi feita com \u00e1gua reciclada, o que nos ajuda a reduzir o nosso impacto sobre este recurso finito.<\/span><\/li>\n<\/ul>\n<div class=\"pdp-spec-feature hide-mobile\" data-v-9a871829=\"\">\n<div class=\"pdp-tabs-header\" data-v-9a871829=\"\"><span class=\"pdp-tabs-title\" data-v-9a871829=\"\"><span dir=\"auto\">Como se encaixa<\/span><\/span><\/div>\n<div class=\"contentContainer\" data-v-9a871829=\"\">\n<ul data-v-9a871829=\"\">\n<li class=\"\" tabindex=\"0\" data-v-9a871829=\"\"><span dir=\"auto\">Regular na coxa<\/span><\/li>\n<li class=\"\" tabindex=\"0\" data-v-9a871829=\"\"><span dir=\"auto\">Fica na altura da cintura.<\/span><\/li>\n<li class=\"\" tabindex=\"0\" data-v-9a871829=\"\"><span dir=\"auto\">Perna reta<\/span><\/li>\n<li class=\"\" tabindex=\"0\" data-v-9a871829=\"\"><span dir=\"auto\">Altura frontal: 11 1\/4&#8243;<\/span><\/li>\n<li class=\"\" tabindex=\"0\" data-v-9a871829=\"\"><span dir=\"auto\">Joelho: 17 1\/2&#8243;<\/span><\/li>\n<li class=\"\" tabindex=\"0\" data-v-9a871829=\"\"><span dir=\"auto\">Abertura da perna: 16&#8243;<\/span><\/li>\n<li class=\"\" tabindex=\"0\" data-v-9a871829=\"\"><span dir=\"auto\">Medidas baseadas no tamanho 32.<\/span><\/li>\n<\/ul>\n<\/div>\n<\/div>\n<div class=\"pdp-spec-feature hide-mobile\" data-v-582c7746=\"\">\n<div class=\"pdp-tabs-header\" data-v-582c7746=\"\"><span class=\"pdp-tabs-title\" data-v-582c7746=\"\"><span dir=\"auto\">Composi\u00e7\u00e3o e cuidados<\/span><\/span><\/div>\n<div class=\"contentContainer\" data-v-582c7746=\"\">\n<ul data-v-582c7746=\"\">\n<li data-v-582c7746=\"\"><span dir=\"auto\">100% Algod\u00e3o<\/span><\/li>\n<li data-v-582c7746=\"\"><span dir=\"auto\">Jeans<\/span><\/li>\n<li data-v-582c7746=\"\"><span dir=\"auto\">Sem elasticidade<\/span><\/li>\n<li data-v-582c7746=\"\"><span dir=\"auto\">Mosca de bot\u00e3o<\/span><\/li>\n<li data-v-582c7746=\"\"><span dir=\"auto\">estilo de 5 bolsos<\/span><\/li>\n<li data-v-582c7746=\"\"><span dir=\"auto\">Lave suas cal\u00e7as jeans no m\u00e1ximo a cada 10 usos; isso aumenta a vida \u00fatil delas e economiza recursos naturais. Lavar \u00e0 m\u00e1quina com \u00e1gua fria. N\u00e3o usar alvejante. Secar em temperatura m\u00e9dia. Passar a ferro quente, se necess\u00e1rio. Lavagem a seco poss\u00edvel. Lavar do avesso com cores semelhantes.<\/span><\/li>\n<li data-v-582c7746=\"\"><span dir=\"auto\">Pa\u00edses de origem: Egito, Paquist\u00e3o<\/span><\/li>\n<\/ul>\n<\/div>\n<\/div>\n","protected":false},"excerpt":{"rendered":"<p>Feche os olhos. Pense em &#8220;jeans&#8221;. Agora abra. Eram os 501\u00ae Originals, certo? Com \u200b\u200bo cl\u00e1ssico corte reto e o estilo ic\u00f4nico, eles s\u00e3o literalmente o modelo para todos os jeans modernos que existem \u2014 gravados na mem\u00f3ria coletiva mundial desde que Levi Strauss (o pr\u00f3prio!) os apresentou em 1873. At\u00e9 hoje, eles nunca sa\u00edram [&hellip;]<\/p>\n","protected":false},"featured_media":79748,"comment_status":"closed","ping_status":"closed","template":"","meta":[],"product_cat":[298,221],"product_tag":[],"class_list":{"0":"post-79737","1":"product","2":"type-product","3":"status-publish","4":"has-post-thumbnail","6":"product_cat-calcas","7":"product_cat-homem","8":"ts_product_brand-levis","10":"first","11":"instock","12":"shipping-taxable","13":"purchasable","14":"product-type-variable"},"yoast_head":"<!-- This site is optimized with the Yoast SEO plugin v27.4 - https:\/\/yoast.com\/product\/yoast-seo-wordpress\/ -->\n<title>Jeans 501 H Levi&#039;s - Guibutik<\/title>\n<meta name=\"robots\" content=\"index, follow, max-snippet:-1, max-image-preview:large, max-video-preview:-1\" \/>\n<link rel=\"canonical\" href=\"https:\/\/www.guibutik.pt\/loja\/produto\/jeans-501-h-levis-4\/\" \/>\n<meta property=\"og:locale\" content=\"pt_PT\" \/>\n<meta property=\"og:type\" content=\"article\" \/>\n<meta property=\"og:title\" content=\"Jeans 501 H Levi&#039;s - Guibutik\" \/>\n<meta property=\"og:description\" content=\"Feche os olhos. Pense em &#8220;jeans&#8221;. Agora abra. Eram os 501\u00ae Originals, certo? Com \u200b\u200bo cl\u00e1ssico corte reto e o estilo ic\u00f4nico, eles s\u00e3o literalmente o modelo para todos os jeans modernos que existem \u2014 gravados na mem\u00f3ria coletiva mundial desde que Levi Strauss (o pr\u00f3prio!) os apresentou em 1873. At\u00e9 hoje, eles nunca sa\u00edram [&hellip;]\" \/>\n<meta property=\"og:url\" content=\"https:\/\/www.guibutik.pt\/loja\/produto\/jeans-501-h-levis-4\/\" \/>\n<meta property=\"og:site_name\" content=\"Guibutik\" \/>\n<meta property=\"article:publisher\" content=\"https:\/\/www.facebook.com\/guibutik\/\" \/>\n<meta property=\"article:modified_time\" content=\"2026-03-16T19:22:17+00:00\" \/>\n<meta property=\"og:image\" content=\"https:\/\/www.guibutik.pt\/loja\/wp-content\/uploads\/2026\/02\/00501-3667.webp\" \/>\n\t<meta property=\"og:image:width\" content=\"660\" \/>\n\t<meta property=\"og:image:height\" content=\"660\" \/>\n\t<meta property=\"og:image:type\" content=\"image\/webp\" \/>\n<meta name=\"twitter:card\" content=\"summary_large_image\" \/>\n<meta name=\"twitter:label1\" content=\"Tempo estimado de leitura\" \/>\n\t<meta name=\"twitter:data1\" content=\"2 minutos\" \/>\n<script type=\"application\/ld+json\" class=\"yoast-schema-graph\">{\"@context\":\"https:\\\/\\\/schema.org\",\"@graph\":[{\"@type\":\"WebPage\",\"@id\":\"https:\\\/\\\/www.guibutik.pt\\\/loja\\\/produto\\\/jeans-501-h-levis-4\\\/\",\"url\":\"https:\\\/\\\/www.guibutik.pt\\\/loja\\\/produto\\\/jeans-501-h-levis-4\\\/\",\"name\":\"Jeans 501 H Levi's - Guibutik\",\"isPartOf\":{\"@id\":\"https:\\\/\\\/www.guibutik.pt\\\/loja\\\/#website\"},\"primaryImageOfPage\":{\"@id\":\"https:\\\/\\\/www.guibutik.pt\\\/loja\\\/produto\\\/jeans-501-h-levis-4\\\/#primaryimage\"},\"image\":{\"@id\":\"https:\\\/\\\/www.guibutik.pt\\\/loja\\\/produto\\\/jeans-501-h-levis-4\\\/#primaryimage\"},\"thumbnailUrl\":\"https:\\\/\\\/www.guibutik.pt\\\/loja\\\/wp-content\\\/uploads\\\/2026\\\/02\\\/00501-3667.webp\",\"datePublished\":\"2026-03-02T10:23:16+00:00\",\"dateModified\":\"2026-03-16T19:22:17+00:00\",\"breadcrumb\":{\"@id\":\"https:\\\/\\\/www.guibutik.pt\\\/loja\\\/produto\\\/jeans-501-h-levis-4\\\/#breadcrumb\"},\"inLanguage\":\"pt-PT\",\"potentialAction\":[{\"@type\":\"ReadAction\",\"target\":[\"https:\\\/\\\/www.guibutik.pt\\\/loja\\\/produto\\\/jeans-501-h-levis-4\\\/\"]}]},{\"@type\":\"ImageObject\",\"inLanguage\":\"pt-PT\",\"@id\":\"https:\\\/\\\/www.guibutik.pt\\\/loja\\\/produto\\\/jeans-501-h-levis-4\\\/#primaryimage\",\"url\":\"https:\\\/\\\/www.guibutik.pt\\\/loja\\\/wp-content\\\/uploads\\\/2026\\\/02\\\/00501-3667.webp\",\"contentUrl\":\"https:\\\/\\\/www.guibutik.pt\\\/loja\\\/wp-content\\\/uploads\\\/2026\\\/02\\\/00501-3667.webp\",\"width\":660,\"height\":660},{\"@type\":\"BreadcrumbList\",\"@id\":\"https:\\\/\\\/www.guibutik.pt\\\/loja\\\/produto\\\/jeans-501-h-levis-4\\\/#breadcrumb\",\"itemListElement\":[{\"@type\":\"ListItem\",\"position\":1,\"name\":\"In\u00edcio\",\"item\":\"https:\\\/\\\/www.guibutik.pt\\\/loja\\\/\"},{\"@type\":\"ListItem\",\"position\":2,\"name\":\"Loja\",\"item\":\"https:\\\/\\\/www.guibutik.pt\\\/loja\\\/shop\\\/\"},{\"@type\":\"ListItem\",\"position\":3,\"name\":\"Jeans 501 H Levi&#8217;s\"}]},{\"@type\":\"WebSite\",\"@id\":\"https:\\\/\\\/www.guibutik.pt\\\/loja\\\/#website\",\"url\":\"https:\\\/\\\/www.guibutik.pt\\\/loja\\\/\",\"name\":\"Guibutik\",\"description\":\"Moda e Sapataria\",\"potentialAction\":[{\"@type\":\"SearchAction\",\"target\":{\"@type\":\"EntryPoint\",\"urlTemplate\":\"https:\\\/\\\/www.guibutik.pt\\\/loja\\\/?s={search_term_string}\"},\"query-input\":{\"@type\":\"PropertyValueSpecification\",\"valueRequired\":true,\"valueName\":\"search_term_string\"}}],\"inLanguage\":\"pt-PT\"}]}<\/script>\n<!-- \/ Yoast SEO plugin. -->","yoast_head_json":{"title":"Jeans 501 H Levi's - Guibutik","robots":{"index":"index","follow":"follow","max-snippet":"max-snippet:-1","max-image-preview":"max-image-preview:large","max-video-preview":"max-video-preview:-1"},"canonical":"https:\/\/www.guibutik.pt\/loja\/produto\/jeans-501-h-levis-4\/","og_locale":"pt_PT","og_type":"article","og_title":"Jeans 501 H Levi's - Guibutik","og_description":"Feche os olhos. Pense em &#8220;jeans&#8221;. Agora abra. Eram os 501\u00ae Originals, certo? Com \u200b\u200bo cl\u00e1ssico corte reto e o estilo ic\u00f4nico, eles s\u00e3o literalmente o modelo para todos os jeans modernos que existem \u2014 gravados na mem\u00f3ria coletiva mundial desde que Levi Strauss (o pr\u00f3prio!) os apresentou em 1873. At\u00e9 hoje, eles nunca sa\u00edram [&hellip;]","og_url":"https:\/\/www.guibutik.pt\/loja\/produto\/jeans-501-h-levis-4\/","og_site_name":"Guibutik","article_publisher":"https:\/\/www.facebook.com\/guibutik\/","article_modified_time":"2026-03-16T19:22:17+00:00","og_image":[{"width":660,"height":660,"url":"https:\/\/www.guibutik.pt\/loja\/wp-content\/uploads\/2026\/02\/00501-3667.webp","type":"image\/webp"}],"twitter_card":"summary_large_image","twitter_misc":{"Tempo estimado de leitura":"2 minutos"},"schema":{"@context":"https:\/\/schema.org","@graph":[{"@type":"WebPage","@id":"https:\/\/www.guibutik.pt\/loja\/produto\/jeans-501-h-levis-4\/","url":"https:\/\/www.guibutik.pt\/loja\/produto\/jeans-501-h-levis-4\/","name":"Jeans 501 H Levi's - Guibutik","isPartOf":{"@id":"https:\/\/www.guibutik.pt\/loja\/#website"},"primaryImageOfPage":{"@id":"https:\/\/www.guibutik.pt\/loja\/produto\/jeans-501-h-levis-4\/#primaryimage"},"image":{"@id":"https:\/\/www.guibutik.pt\/loja\/produto\/jeans-501-h-levis-4\/#primaryimage"},"thumbnailUrl":"https:\/\/www.guibutik.pt\/loja\/wp-content\/uploads\/2026\/02\/00501-3667.webp","datePublished":"2026-03-02T10:23:16+00:00","dateModified":"2026-03-16T19:22:17+00:00","breadcrumb":{"@id":"https:\/\/www.guibutik.pt\/loja\/produto\/jeans-501-h-levis-4\/#breadcrumb"},"inLanguage":"pt-PT","potentialAction":[{"@type":"ReadAction","target":["https:\/\/www.guibutik.pt\/loja\/produto\/jeans-501-h-levis-4\/"]}]},{"@type":"ImageObject","inLanguage":"pt-PT","@id":"https:\/\/www.guibutik.pt\/loja\/produto\/jeans-501-h-levis-4\/#primaryimage","url":"https:\/\/www.guibutik.pt\/loja\/wp-content\/uploads\/2026\/02\/00501-3667.webp","contentUrl":"https:\/\/www.guibutik.pt\/loja\/wp-content\/uploads\/2026\/02\/00501-3667.webp","width":660,"height":660},{"@type":"BreadcrumbList","@id":"https:\/\/www.guibutik.pt\/loja\/produto\/jeans-501-h-levis-4\/#breadcrumb","itemListElement":[{"@type":"ListItem","position":1,"name":"In\u00edcio","item":"https:\/\/www.guibutik.pt\/loja\/"},{"@type":"ListItem","position":2,"name":"Loja","item":"https:\/\/www.guibutik.pt\/loja\/shop\/"},{"@type":"ListItem","position":3,"name":"Jeans 501 H Levi&#8217;s"}]},{"@type":"WebSite","@id":"https:\/\/www.guibutik.pt\/loja\/#website","url":"https:\/\/www.guibutik.pt\/loja\/","name":"Guibutik","description":"Moda e Sapataria","potentialAction":[{"@type":"SearchAction","target":{"@type":"EntryPoint","urlTemplate":"https:\/\/www.guibutik.pt\/loja\/?s={search_term_string}"},"query-input":{"@type":"PropertyValueSpecification","valueRequired":true,"valueName":"search_term_string"}}],"inLanguage":"pt-PT"}]}},"_links":{"self":[{"href":"https:\/\/www.guibutik.pt\/loja\/wp-json\/wp\/v2\/product\/79737","targetHints":{"allow":["GET"]}}],"collection":[{"href":"https:\/\/www.guibutik.pt\/loja\/wp-json\/wp\/v2\/product"}],"about":[{"href":"https:\/\/www.guibutik.pt\/loja\/wp-json\/wp\/v2\/types\/product"}],"replies":[{"embeddable":true,"href":"https:\/\/www.guibutik.pt\/loja\/wp-json\/wp\/v2\/comments?post=79737"}],"wp:featuredmedia":[{"embeddable":true,"href":"https:\/\/www.guibutik.pt\/loja\/wp-json\/wp\/v2\/media\/79748"}],"wp:attachment":[{"href":"https:\/\/www.guibutik.pt\/loja\/wp-json\/wp\/v2\/media?parent=79737"}],"wp:term":[{"taxonomy":"product_cat","embeddable":true,"href":"https:\/\/www.guibutik.pt\/loja\/wp-json\/wp\/v2\/product_cat?post=79737"},{"taxonomy":"product_tag","embeddable":true,"href":"https:\/\/www.guibutik.pt\/loja\/wp-json\/wp\/v2\/product_tag?post=79737"}],"curies":[{"name":"wp","href":"https:\/\/api.w.org\/{rel}","templated":true}]}}