{"id":79473,"date":"2026-02-10T18:55:37","date_gmt":"2026-02-10T17:55:37","guid":{"rendered":"https:\/\/www.guibutik.pt\/loja\/?post_type=product&#038;p=79473"},"modified":"2026-03-02T11:18:07","modified_gmt":"2026-03-02T10:18:07","slug":"bota-premium-h-timberland","status":"publish","type":"product","link":"https:\/\/www.guibutik.pt\/loja\/produto\/bota-premium-h-timberland\/","title":{"rendered":"Bota Premium H Timberland"},"content":{"rendered":"<p>A bota Timberland\u00ae Premium 6-Inch para homem \u00e9 a original. Feita para inspirar confian\u00e7a em todas as condi\u00e7\u00f5es meteorol\u00f3gicas, tem uma estrutura imperme\u00e1vel com costuras seladas para ajudar a manter os p\u00e9s secos e isolamento PrimaLoft\u00ae leve de 400 g para aquecimento. Feita com a nossa pele Premium Timberland\u00ae Leather, tem uma palmilha antifadiga amov\u00edvel e uma haste em a\u00e7o para suporte, para ajudar a proporcionar conforto duradouro e durabilidade di\u00e1ria. Um \u00edcone, para sempre.<\/p>\n<ul class=\"space-y-4\">\n<li>\n<div class=\"group flex items-start gap-4\">\n<div class=\"grow space-y-1\">\n<p class=\"fw-bold\"><img loading=\"lazy\" decoding=\"async\" class=\"contain\" src=\"https:\/\/assets.timberland.eu\/image\/upload\/v1744203281\/ANTI-FATIGUE_TECHNOLOGY.svg\" alt=\"Tecnologia antifadiga\" width=\"52\" height=\"52\" \/><\/p>\n<p class=\"fw-bold\">Tecnologia antifadiga<\/p>\n<div class=\"ws-pre-wrap\">Um sistema de conforto, adotado da Timberland PRO, concebido com tecnologia geom\u00e9trica de absor\u00e7\u00e3o de impactos que devolve energia ao p\u00e9 para proporcionar apoio e conforto durante todo o dia.<\/div>\n<\/div>\n<\/div>\n<\/li>\n<li>\n<div class=\"group flex items-start gap-4\">\n<picture class=\"aspect-square w-full shrink-0\" data-test-id=\"base-picture\"><img loading=\"lazy\" decoding=\"async\" class=\"contain\" src=\"https:\/\/assets.timberland.eu\/image\/upload\/v1741606179\/Premium_Leather_logo.png\" alt=\"Premium Timberland\u00ae Leather\" width=\"52\" height=\"52\" \/><\/picture>\n<div class=\"grow space-y-1\">\n<p class=\"fw-bold\">Premium Timberland\u00ae Leather<\/p>\n<div class=\"ws-pre-wrap\">Ao comprares este produto, est\u00e1s a apoiar uma melhor produ\u00e7\u00e3o de pele atrav\u00e9s do Leather Working Group.<\/div>\n<\/div>\n<\/div>\n<\/li>\n<li>\n<div class=\"group flex items-start gap-4\">\n<picture class=\"aspect-square w-full shrink-0\" data-test-id=\"base-picture\"><img loading=\"lazy\" decoding=\"async\" class=\"contain\" src=\"https:\/\/assets.timberland.eu\/image\/upload\/v1726663521\/reBotl-plp.png\" alt=\"Material ReBOTL\u2122\" width=\"52\" height=\"52\" \/><\/picture>\n<div class=\"grow space-y-1\">\n<p class=\"fw-bold\">Material ReBOTL\u2122<\/p>\n<div class=\"ws-pre-wrap\">O material ReBOTL\u2122 utilizado no vestu\u00e1rio Timberland\u00ae cont\u00e9m, pelo menos, 40% de PET reciclado (polietileno tereftalato reciclado, o material do qual as garrafas de pl\u00e1stico s\u00e3o feitas). O material ReBOTL\u2122 utilizado no cal\u00e7ado e acess\u00f3rios Timberland\u00ae cont\u00e9m, pelo menos, 50% de PET reciclado. (Exceto vest\u00edgios de materiais)<\/div>\n<\/div>\n<\/div>\n<\/li>\n<li>\n<div class=\"group flex items-start gap-4\">\n<picture class=\"aspect-square w-full shrink-0\" data-test-id=\"base-picture\"><img loading=\"lazy\" decoding=\"async\" class=\"contain\" src=\"https:\/\/assets.timberland.eu\/image\/upload\/v1707448401\/timberdry-pdp.png\" alt=\"Tecnologia imperme\u00e1vel TimberDry\u2122\" width=\"52\" height=\"52\" \/><\/picture>\n<div class=\"grow space-y-1\">\n<p class=\"fw-bold\">Tecnologia imperme\u00e1vel TimberDry\u2122<\/p>\n<div class=\"ws-pre-wrap\">Uma membrana imperme\u00e1vel com, pelo menos, 50% de pl\u00e1stico reciclado.<\/div>\n<\/div>\n<\/div>\n<div><\/div>\n<\/li>\n<\/ul>\n<div class=\"flex gap-2\"><span class=\"subtitle-4\">Cuidados a ter com o produto<\/span><\/div>\n<div id=\"base-collapse-v-0-5-4-content\" class=\"overflow-hidden duration\" aria-labelledby=\"base-collapse-v-0-5-4\">\n<div class=\"\" data-test-id=\"vf-accordion-content\">\n<div class=\"pb-4 pt-2 body-3\">\n<ul class=\"space-y-4\">\n<li>\n<div class=\"grow space-y-1\">\n<p class=\"fw-bold group-hover:underlined\">Espuma de Limpeza Renewbuck\u2122<\/p>\n<\/div>\n<\/li>\n<li>\n<div class=\"grow space-y-1\">\n<p class=\"fw-bold group-hover:underlined\">Escova para camur\u00e7a<\/p>\n<\/div>\n<\/li>\n<li>\n<div class=\"grow space-y-1\">\n<p class=\"fw-bold group-hover:underlined\">Kit de limpeza a seco<\/p>\n<\/div>\n<\/li>\n<li>\n<div class=\"grow space-y-1\">\n<p class=\"fw-bold group-hover:underlined\">Repelente de \u00c1gua e Manchas Balm Proofer\u2122<\/p>\n<\/div>\n<\/li>\n<li>\n<div class=\"grow space-y-1\">\n<p class=\"fw-bold group-hover:underlined\">Kit de viagem<\/p>\n<\/div>\n<\/li>\n<li>\n<div class=\"grow space-y-1\">\n<p class=\"fw-bold group-hover:underlined\">Kit para botas<\/p>\n<\/div>\n<p>&nbsp;<\/li>\n<\/ul>\n<div class=\"flex gap-2\"><span class=\"subtitle-4\">Caracter\u00edsticas<\/span><\/div>\n<div id=\"base-collapse-v-0-5-5-content\" class=\"overflow-hidden duration\" aria-labelledby=\"base-collapse-v-0-5-5\">\n<div class=\"\" data-test-id=\"vf-accordion-content\">\n<div class=\"pb-4 pt-2 body-3\">\n<ul class=\"grid list-disc gap-4 cols-2\" title=\"Caracter\u00edsticas\" data-test-id=\"product-details-bulletin\">\n<li>Parte superior em pele Premium Timberland\u00ae Leather imperme\u00e1vel<\/li>\n<li>Ao comprares este produto, est\u00e1s a apoiar uma melhor produ\u00e7\u00e3o de pele atrav\u00e9s do Leather Working Group.<\/li>\n<li>Forro em pele<\/li>\n<li>Constru\u00e7\u00e3o com costuras seladas<\/li>\n<li>Palmilha antifadiga amov\u00edvel<\/li>\n<li>Haste em a\u00e7o para suporte do arco do p\u00e9<\/li>\n<li>Isolamento PrimaLoft\u00ae de 400 gramas<\/li>\n<li>Com atacadores<\/li>\n<li>Rebordo do cano acolchoado<\/li>\n<li>Rebordo em TPR<\/li>\n<li>Sola em borracha com reentr\u00e2ncias<\/li>\n<li>Importadas<\/li>\n<\/ul>\n<\/div>\n<\/div>\n<\/div>\n<\/div>\n<\/div>\n<\/div>\n","protected":false},"excerpt":{"rendered":"<p>A bota Timberland\u00ae Premium 6-Inch para homem \u00e9 a original. Feita para inspirar confian\u00e7a em todas as condi\u00e7\u00f5es meteorol\u00f3gicas, tem uma estrutura imperme\u00e1vel com costuras seladas para ajudar a manter os p\u00e9s secos e isolamento PrimaLoft\u00ae leve de 400 g para aquecimento. Feita com a nossa pele Premium Timberland\u00ae Leather, tem uma palmilha antifadiga amov\u00edvel [&hellip;]<\/p>\n","protected":false},"featured_media":79474,"comment_status":"closed","ping_status":"closed","template":"","meta":[],"product_cat":[231,221],"product_tag":[],"class_list":{"0":"post-79473","1":"product","2":"type-product","3":"status-publish","4":"has-post-thumbnail","6":"product_cat-calcado-homem","7":"product_cat-homem","8":"ts_product_brand-timberland","10":"first","11":"instock","12":"shipping-taxable","13":"purchasable","14":"product-type-variable"},"yoast_head":"<!-- This site is optimized with the Yoast SEO plugin v27.6 - https:\/\/yoast.com\/product\/yoast-seo-wordpress\/ -->\n<title>Bota Premium H Timberland - Guibutik<\/title>\n<meta name=\"robots\" content=\"index, follow, max-snippet:-1, max-image-preview:large, max-video-preview:-1\" \/>\n<link rel=\"canonical\" href=\"https:\/\/www.guibutik.pt\/loja\/produto\/bota-premium-h-timberland\/\" \/>\n<meta property=\"og:locale\" content=\"pt_PT\" \/>\n<meta property=\"og:type\" content=\"article\" \/>\n<meta property=\"og:title\" content=\"Bota Premium H Timberland - Guibutik\" \/>\n<meta property=\"og:description\" content=\"A bota Timberland\u00ae Premium 6-Inch para homem \u00e9 a original. Feita para inspirar confian\u00e7a em todas as condi\u00e7\u00f5es meteorol\u00f3gicas, tem uma estrutura imperme\u00e1vel com costuras seladas para ajudar a manter os p\u00e9s secos e isolamento PrimaLoft\u00ae leve de 400 g para aquecimento. Feita com a nossa pele Premium Timberland\u00ae Leather, tem uma palmilha antifadiga amov\u00edvel [&hellip;]\" \/>\n<meta property=\"og:url\" content=\"https:\/\/www.guibutik.pt\/loja\/produto\/bota-premium-h-timberland\/\" \/>\n<meta property=\"og:site_name\" content=\"Guibutik\" \/>\n<meta property=\"article:publisher\" content=\"https:\/\/www.facebook.com\/guibutik\/\" \/>\n<meta property=\"article:modified_time\" content=\"2026-03-02T10:18:07+00:00\" \/>\n<meta property=\"og:image\" content=\"https:\/\/www.guibutik.pt\/loja\/wp-content\/uploads\/2026\/02\/110061.jpg\" \/>\n\t<meta property=\"og:image:width\" content=\"1300\" \/>\n\t<meta property=\"og:image:height\" content=\"1300\" \/>\n\t<meta property=\"og:image:type\" content=\"image\/jpeg\" \/>\n<meta name=\"twitter:card\" content=\"summary_large_image\" \/>\n<meta name=\"twitter:label1\" content=\"Tempo estimado de leitura\" \/>\n\t<meta name=\"twitter:data1\" content=\"3 minutos\" \/>\n<script type=\"application\/ld+json\" class=\"yoast-schema-graph\">{\"@context\":\"https:\\\/\\\/schema.org\",\"@graph\":[{\"@type\":\"WebPage\",\"@id\":\"https:\\\/\\\/www.guibutik.pt\\\/loja\\\/produto\\\/bota-premium-h-timberland\\\/\",\"url\":\"https:\\\/\\\/www.guibutik.pt\\\/loja\\\/produto\\\/bota-premium-h-timberland\\\/\",\"name\":\"Bota Premium H Timberland - Guibutik\",\"isPartOf\":{\"@id\":\"https:\\\/\\\/www.guibutik.pt\\\/loja\\\/#website\"},\"primaryImageOfPage\":{\"@id\":\"https:\\\/\\\/www.guibutik.pt\\\/loja\\\/produto\\\/bota-premium-h-timberland\\\/#primaryimage\"},\"image\":{\"@id\":\"https:\\\/\\\/www.guibutik.pt\\\/loja\\\/produto\\\/bota-premium-h-timberland\\\/#primaryimage\"},\"thumbnailUrl\":\"https:\\\/\\\/www.guibutik.pt\\\/loja\\\/wp-content\\\/uploads\\\/2026\\\/02\\\/110061.jpg\",\"datePublished\":\"2026-02-10T17:55:37+00:00\",\"dateModified\":\"2026-03-02T10:18:07+00:00\",\"breadcrumb\":{\"@id\":\"https:\\\/\\\/www.guibutik.pt\\\/loja\\\/produto\\\/bota-premium-h-timberland\\\/#breadcrumb\"},\"inLanguage\":\"pt-PT\",\"potentialAction\":[{\"@type\":\"ReadAction\",\"target\":[\"https:\\\/\\\/www.guibutik.pt\\\/loja\\\/produto\\\/bota-premium-h-timberland\\\/\"]}]},{\"@type\":\"ImageObject\",\"inLanguage\":\"pt-PT\",\"@id\":\"https:\\\/\\\/www.guibutik.pt\\\/loja\\\/produto\\\/bota-premium-h-timberland\\\/#primaryimage\",\"url\":\"https:\\\/\\\/www.guibutik.pt\\\/loja\\\/wp-content\\\/uploads\\\/2026\\\/02\\\/110061.jpg\",\"contentUrl\":\"https:\\\/\\\/www.guibutik.pt\\\/loja\\\/wp-content\\\/uploads\\\/2026\\\/02\\\/110061.jpg\",\"width\":1300,\"height\":1300},{\"@type\":\"BreadcrumbList\",\"@id\":\"https:\\\/\\\/www.guibutik.pt\\\/loja\\\/produto\\\/bota-premium-h-timberland\\\/#breadcrumb\",\"itemListElement\":[{\"@type\":\"ListItem\",\"position\":1,\"name\":\"In\u00edcio\",\"item\":\"https:\\\/\\\/www.guibutik.pt\\\/loja\\\/\"},{\"@type\":\"ListItem\",\"position\":2,\"name\":\"Loja\",\"item\":\"https:\\\/\\\/www.guibutik.pt\\\/loja\\\/shop\\\/\"},{\"@type\":\"ListItem\",\"position\":3,\"name\":\"Bota Premium H Timberland\"}]},{\"@type\":\"WebSite\",\"@id\":\"https:\\\/\\\/www.guibutik.pt\\\/loja\\\/#website\",\"url\":\"https:\\\/\\\/www.guibutik.pt\\\/loja\\\/\",\"name\":\"Guibutik\",\"description\":\"Moda e Sapataria\",\"potentialAction\":[{\"@type\":\"SearchAction\",\"target\":{\"@type\":\"EntryPoint\",\"urlTemplate\":\"https:\\\/\\\/www.guibutik.pt\\\/loja\\\/?s={search_term_string}\"},\"query-input\":{\"@type\":\"PropertyValueSpecification\",\"valueRequired\":true,\"valueName\":\"search_term_string\"}}],\"inLanguage\":\"pt-PT\"}]}<\/script>\n<!-- \/ Yoast SEO plugin. -->","yoast_head_json":{"title":"Bota Premium H Timberland - Guibutik","robots":{"index":"index","follow":"follow","max-snippet":"max-snippet:-1","max-image-preview":"max-image-preview:large","max-video-preview":"max-video-preview:-1"},"canonical":"https:\/\/www.guibutik.pt\/loja\/produto\/bota-premium-h-timberland\/","og_locale":"pt_PT","og_type":"article","og_title":"Bota Premium H Timberland - Guibutik","og_description":"A bota Timberland\u00ae Premium 6-Inch para homem \u00e9 a original. Feita para inspirar confian\u00e7a em todas as condi\u00e7\u00f5es meteorol\u00f3gicas, tem uma estrutura imperme\u00e1vel com costuras seladas para ajudar a manter os p\u00e9s secos e isolamento PrimaLoft\u00ae leve de 400 g para aquecimento. Feita com a nossa pele Premium Timberland\u00ae Leather, tem uma palmilha antifadiga amov\u00edvel [&hellip;]","og_url":"https:\/\/www.guibutik.pt\/loja\/produto\/bota-premium-h-timberland\/","og_site_name":"Guibutik","article_publisher":"https:\/\/www.facebook.com\/guibutik\/","article_modified_time":"2026-03-02T10:18:07+00:00","og_image":[{"width":1300,"height":1300,"url":"https:\/\/www.guibutik.pt\/loja\/wp-content\/uploads\/2026\/02\/110061.jpg","type":"image\/jpeg"}],"twitter_card":"summary_large_image","twitter_misc":{"Tempo estimado de leitura":"3 minutos"},"schema":{"@context":"https:\/\/schema.org","@graph":[{"@type":"WebPage","@id":"https:\/\/www.guibutik.pt\/loja\/produto\/bota-premium-h-timberland\/","url":"https:\/\/www.guibutik.pt\/loja\/produto\/bota-premium-h-timberland\/","name":"Bota Premium H Timberland - Guibutik","isPartOf":{"@id":"https:\/\/www.guibutik.pt\/loja\/#website"},"primaryImageOfPage":{"@id":"https:\/\/www.guibutik.pt\/loja\/produto\/bota-premium-h-timberland\/#primaryimage"},"image":{"@id":"https:\/\/www.guibutik.pt\/loja\/produto\/bota-premium-h-timberland\/#primaryimage"},"thumbnailUrl":"https:\/\/www.guibutik.pt\/loja\/wp-content\/uploads\/2026\/02\/110061.jpg","datePublished":"2026-02-10T17:55:37+00:00","dateModified":"2026-03-02T10:18:07+00:00","breadcrumb":{"@id":"https:\/\/www.guibutik.pt\/loja\/produto\/bota-premium-h-timberland\/#breadcrumb"},"inLanguage":"pt-PT","potentialAction":[{"@type":"ReadAction","target":["https:\/\/www.guibutik.pt\/loja\/produto\/bota-premium-h-timberland\/"]}]},{"@type":"ImageObject","inLanguage":"pt-PT","@id":"https:\/\/www.guibutik.pt\/loja\/produto\/bota-premium-h-timberland\/#primaryimage","url":"https:\/\/www.guibutik.pt\/loja\/wp-content\/uploads\/2026\/02\/110061.jpg","contentUrl":"https:\/\/www.guibutik.pt\/loja\/wp-content\/uploads\/2026\/02\/110061.jpg","width":1300,"height":1300},{"@type":"BreadcrumbList","@id":"https:\/\/www.guibutik.pt\/loja\/produto\/bota-premium-h-timberland\/#breadcrumb","itemListElement":[{"@type":"ListItem","position":1,"name":"In\u00edcio","item":"https:\/\/www.guibutik.pt\/loja\/"},{"@type":"ListItem","position":2,"name":"Loja","item":"https:\/\/www.guibutik.pt\/loja\/shop\/"},{"@type":"ListItem","position":3,"name":"Bota Premium H Timberland"}]},{"@type":"WebSite","@id":"https:\/\/www.guibutik.pt\/loja\/#website","url":"https:\/\/www.guibutik.pt\/loja\/","name":"Guibutik","description":"Moda e Sapataria","potentialAction":[{"@type":"SearchAction","target":{"@type":"EntryPoint","urlTemplate":"https:\/\/www.guibutik.pt\/loja\/?s={search_term_string}"},"query-input":{"@type":"PropertyValueSpecification","valueRequired":true,"valueName":"search_term_string"}}],"inLanguage":"pt-PT"}]}},"_links":{"self":[{"href":"https:\/\/www.guibutik.pt\/loja\/wp-json\/wp\/v2\/product\/79473","targetHints":{"allow":["GET"]}}],"collection":[{"href":"https:\/\/www.guibutik.pt\/loja\/wp-json\/wp\/v2\/product"}],"about":[{"href":"https:\/\/www.guibutik.pt\/loja\/wp-json\/wp\/v2\/types\/product"}],"replies":[{"embeddable":true,"href":"https:\/\/www.guibutik.pt\/loja\/wp-json\/wp\/v2\/comments?post=79473"}],"wp:featuredmedia":[{"embeddable":true,"href":"https:\/\/www.guibutik.pt\/loja\/wp-json\/wp\/v2\/media\/79474"}],"wp:attachment":[{"href":"https:\/\/www.guibutik.pt\/loja\/wp-json\/wp\/v2\/media?parent=79473"}],"wp:term":[{"taxonomy":"product_cat","embeddable":true,"href":"https:\/\/www.guibutik.pt\/loja\/wp-json\/wp\/v2\/product_cat?post=79473"},{"taxonomy":"product_tag","embeddable":true,"href":"https:\/\/www.guibutik.pt\/loja\/wp-json\/wp\/v2\/product_tag?post=79473"}],"curies":[{"name":"wp","href":"https:\/\/api.w.org\/{rel}","templated":true}]}}