{"id":79435,"date":"2026-01-20T12:55:30","date_gmt":"2026-01-20T11:55:30","guid":{"rendered":"https:\/\/www.guibutik.pt\/loja\/?post_type=product&#038;p=79435"},"modified":"2026-01-20T12:55:30","modified_gmt":"2026-01-20T11:55:30","slug":"blusa-s-bus","status":"publish","type":"product","link":"https:\/\/www.guibutik.pt\/loja\/produto\/blusa-s-bus\/","title":{"rendered":"Blusa S BUS"},"content":{"rendered":"<p>Composi\u00e7\u00e3o:<\/p>\n<p>100% Polyester<\/p>\n<p>Cuidados de lavagem:<\/p>\n<ul>\n<li>Lavar \u00e0 m\u00e3o<\/li>\n<li>N\u00e3o usar lix\u00edvia<\/li>\n<li>N\u00e3o secar em tambor<\/li>\n<li>Passar a ferro m\u00e1x. 110\u00baC<\/li>\n<li>Limpeza a seco Processo moderado<\/li>\n<li>Lavar, secar e passar do avesso<\/li>\n<li>Lavar separadamente<\/li>\n<\/ul>\n<p>Fabricado em Portugal<\/p>\n","protected":false},"excerpt":{"rendered":"<p>Composi\u00e7\u00e3o: 100% Polyester Cuidados de lavagem: Lavar \u00e0 m\u00e3o N\u00e3o usar lix\u00edvia N\u00e3o secar em tambor Passar a ferro m\u00e1x. 110\u00baC Limpeza a seco Processo moderado Lavar, secar e passar do avesso Lavar separadamente Fabricado em Portugal<\/p>\n","protected":false},"featured_media":79440,"comment_status":"closed","ping_status":"closed","template":"","meta":[],"product_cat":[283,484,222],"product_tag":[],"class_list":{"0":"post-79435","1":"product","2":"type-product","3":"status-publish","4":"has-post-thumbnail","6":"product_cat-blusa","7":"product_cat-promocoes-senhora","8":"product_cat-senhora","9":"ts_product_brand-bus","11":"first","12":"instock","13":"sale","14":"shipping-taxable","15":"purchasable","16":"product-type-variable"},"yoast_head":"<!-- This site is optimized with the Yoast SEO plugin v27.4 - https:\/\/yoast.com\/product\/yoast-seo-wordpress\/ -->\n<title>Blusa S BUS - Guibutik<\/title>\n<meta name=\"robots\" content=\"index, follow, max-snippet:-1, max-image-preview:large, max-video-preview:-1\" \/>\n<link rel=\"canonical\" href=\"https:\/\/www.guibutik.pt\/loja\/produto\/blusa-s-bus\/\" \/>\n<meta property=\"og:locale\" content=\"pt_PT\" \/>\n<meta property=\"og:type\" content=\"article\" \/>\n<meta property=\"og:title\" content=\"Blusa S BUS - Guibutik\" \/>\n<meta property=\"og:description\" content=\"Composi\u00e7\u00e3o: 100% Polyester Cuidados de lavagem: Lavar \u00e0 m\u00e3o N\u00e3o usar lix\u00edvia N\u00e3o secar em tambor Passar a ferro m\u00e1x. 110\u00baC Limpeza a seco Processo moderado Lavar, secar e passar do avesso Lavar separadamente Fabricado em Portugal\" \/>\n<meta property=\"og:url\" content=\"https:\/\/www.guibutik.pt\/loja\/produto\/blusa-s-bus\/\" \/>\n<meta property=\"og:site_name\" content=\"Guibutik\" \/>\n<meta property=\"article:publisher\" content=\"https:\/\/www.facebook.com\/guibutik\/\" \/>\n<meta property=\"og:image\" content=\"https:\/\/www.guibutik.pt\/loja\/wp-content\/uploads\/2026\/01\/224-22362-CE.jpeg\" \/>\n\t<meta property=\"og:image:width\" content=\"1536\" \/>\n\t<meta property=\"og:image:height\" content=\"2048\" \/>\n\t<meta property=\"og:image:type\" content=\"image\/jpeg\" \/>\n<meta name=\"twitter:card\" content=\"summary_large_image\" \/>\n<meta name=\"twitter:label1\" content=\"Tempo estimado de leitura\" \/>\n\t<meta name=\"twitter:data1\" content=\"1 minuto\" \/>\n<script type=\"application\/ld+json\" class=\"yoast-schema-graph\">{\"@context\":\"https:\\\/\\\/schema.org\",\"@graph\":[{\"@type\":\"WebPage\",\"@id\":\"https:\\\/\\\/www.guibutik.pt\\\/loja\\\/produto\\\/blusa-s-bus\\\/\",\"url\":\"https:\\\/\\\/www.guibutik.pt\\\/loja\\\/produto\\\/blusa-s-bus\\\/\",\"name\":\"Blusa S BUS - Guibutik\",\"isPartOf\":{\"@id\":\"https:\\\/\\\/www.guibutik.pt\\\/loja\\\/#website\"},\"primaryImageOfPage\":{\"@id\":\"https:\\\/\\\/www.guibutik.pt\\\/loja\\\/produto\\\/blusa-s-bus\\\/#primaryimage\"},\"image\":{\"@id\":\"https:\\\/\\\/www.guibutik.pt\\\/loja\\\/produto\\\/blusa-s-bus\\\/#primaryimage\"},\"thumbnailUrl\":\"https:\\\/\\\/www.guibutik.pt\\\/loja\\\/wp-content\\\/uploads\\\/2026\\\/01\\\/224-22362-CE.jpeg\",\"datePublished\":\"2026-01-20T11:55:30+00:00\",\"breadcrumb\":{\"@id\":\"https:\\\/\\\/www.guibutik.pt\\\/loja\\\/produto\\\/blusa-s-bus\\\/#breadcrumb\"},\"inLanguage\":\"pt-PT\",\"potentialAction\":[{\"@type\":\"ReadAction\",\"target\":[\"https:\\\/\\\/www.guibutik.pt\\\/loja\\\/produto\\\/blusa-s-bus\\\/\"]}]},{\"@type\":\"ImageObject\",\"inLanguage\":\"pt-PT\",\"@id\":\"https:\\\/\\\/www.guibutik.pt\\\/loja\\\/produto\\\/blusa-s-bus\\\/#primaryimage\",\"url\":\"https:\\\/\\\/www.guibutik.pt\\\/loja\\\/wp-content\\\/uploads\\\/2026\\\/01\\\/224-22362-CE.jpeg\",\"contentUrl\":\"https:\\\/\\\/www.guibutik.pt\\\/loja\\\/wp-content\\\/uploads\\\/2026\\\/01\\\/224-22362-CE.jpeg\",\"width\":1536,\"height\":2048},{\"@type\":\"BreadcrumbList\",\"@id\":\"https:\\\/\\\/www.guibutik.pt\\\/loja\\\/produto\\\/blusa-s-bus\\\/#breadcrumb\",\"itemListElement\":[{\"@type\":\"ListItem\",\"position\":1,\"name\":\"In\u00edcio\",\"item\":\"https:\\\/\\\/www.guibutik.pt\\\/loja\\\/\"},{\"@type\":\"ListItem\",\"position\":2,\"name\":\"Loja\",\"item\":\"https:\\\/\\\/www.guibutik.pt\\\/loja\\\/shop\\\/\"},{\"@type\":\"ListItem\",\"position\":3,\"name\":\"Blusa S BUS\"}]},{\"@type\":\"WebSite\",\"@id\":\"https:\\\/\\\/www.guibutik.pt\\\/loja\\\/#website\",\"url\":\"https:\\\/\\\/www.guibutik.pt\\\/loja\\\/\",\"name\":\"Guibutik\",\"description\":\"Moda e Sapataria\",\"potentialAction\":[{\"@type\":\"SearchAction\",\"target\":{\"@type\":\"EntryPoint\",\"urlTemplate\":\"https:\\\/\\\/www.guibutik.pt\\\/loja\\\/?s={search_term_string}\"},\"query-input\":{\"@type\":\"PropertyValueSpecification\",\"valueRequired\":true,\"valueName\":\"search_term_string\"}}],\"inLanguage\":\"pt-PT\"}]}<\/script>\n<!-- \/ Yoast SEO plugin. -->","yoast_head_json":{"title":"Blusa S BUS - Guibutik","robots":{"index":"index","follow":"follow","max-snippet":"max-snippet:-1","max-image-preview":"max-image-preview:large","max-video-preview":"max-video-preview:-1"},"canonical":"https:\/\/www.guibutik.pt\/loja\/produto\/blusa-s-bus\/","og_locale":"pt_PT","og_type":"article","og_title":"Blusa S BUS - Guibutik","og_description":"Composi\u00e7\u00e3o: 100% Polyester Cuidados de lavagem: Lavar \u00e0 m\u00e3o N\u00e3o usar lix\u00edvia N\u00e3o secar em tambor Passar a ferro m\u00e1x. 110\u00baC Limpeza a seco Processo moderado Lavar, secar e passar do avesso Lavar separadamente Fabricado em Portugal","og_url":"https:\/\/www.guibutik.pt\/loja\/produto\/blusa-s-bus\/","og_site_name":"Guibutik","article_publisher":"https:\/\/www.facebook.com\/guibutik\/","og_image":[{"width":1536,"height":2048,"url":"https:\/\/www.guibutik.pt\/loja\/wp-content\/uploads\/2026\/01\/224-22362-CE.jpeg","type":"image\/jpeg"}],"twitter_card":"summary_large_image","twitter_misc":{"Tempo estimado de leitura":"1 minuto"},"schema":{"@context":"https:\/\/schema.org","@graph":[{"@type":"WebPage","@id":"https:\/\/www.guibutik.pt\/loja\/produto\/blusa-s-bus\/","url":"https:\/\/www.guibutik.pt\/loja\/produto\/blusa-s-bus\/","name":"Blusa S BUS - Guibutik","isPartOf":{"@id":"https:\/\/www.guibutik.pt\/loja\/#website"},"primaryImageOfPage":{"@id":"https:\/\/www.guibutik.pt\/loja\/produto\/blusa-s-bus\/#primaryimage"},"image":{"@id":"https:\/\/www.guibutik.pt\/loja\/produto\/blusa-s-bus\/#primaryimage"},"thumbnailUrl":"https:\/\/www.guibutik.pt\/loja\/wp-content\/uploads\/2026\/01\/224-22362-CE.jpeg","datePublished":"2026-01-20T11:55:30+00:00","breadcrumb":{"@id":"https:\/\/www.guibutik.pt\/loja\/produto\/blusa-s-bus\/#breadcrumb"},"inLanguage":"pt-PT","potentialAction":[{"@type":"ReadAction","target":["https:\/\/www.guibutik.pt\/loja\/produto\/blusa-s-bus\/"]}]},{"@type":"ImageObject","inLanguage":"pt-PT","@id":"https:\/\/www.guibutik.pt\/loja\/produto\/blusa-s-bus\/#primaryimage","url":"https:\/\/www.guibutik.pt\/loja\/wp-content\/uploads\/2026\/01\/224-22362-CE.jpeg","contentUrl":"https:\/\/www.guibutik.pt\/loja\/wp-content\/uploads\/2026\/01\/224-22362-CE.jpeg","width":1536,"height":2048},{"@type":"BreadcrumbList","@id":"https:\/\/www.guibutik.pt\/loja\/produto\/blusa-s-bus\/#breadcrumb","itemListElement":[{"@type":"ListItem","position":1,"name":"In\u00edcio","item":"https:\/\/www.guibutik.pt\/loja\/"},{"@type":"ListItem","position":2,"name":"Loja","item":"https:\/\/www.guibutik.pt\/loja\/shop\/"},{"@type":"ListItem","position":3,"name":"Blusa S BUS"}]},{"@type":"WebSite","@id":"https:\/\/www.guibutik.pt\/loja\/#website","url":"https:\/\/www.guibutik.pt\/loja\/","name":"Guibutik","description":"Moda e Sapataria","potentialAction":[{"@type":"SearchAction","target":{"@type":"EntryPoint","urlTemplate":"https:\/\/www.guibutik.pt\/loja\/?s={search_term_string}"},"query-input":{"@type":"PropertyValueSpecification","valueRequired":true,"valueName":"search_term_string"}}],"inLanguage":"pt-PT"}]}},"_links":{"self":[{"href":"https:\/\/www.guibutik.pt\/loja\/wp-json\/wp\/v2\/product\/79435","targetHints":{"allow":["GET"]}}],"collection":[{"href":"https:\/\/www.guibutik.pt\/loja\/wp-json\/wp\/v2\/product"}],"about":[{"href":"https:\/\/www.guibutik.pt\/loja\/wp-json\/wp\/v2\/types\/product"}],"replies":[{"embeddable":true,"href":"https:\/\/www.guibutik.pt\/loja\/wp-json\/wp\/v2\/comments?post=79435"}],"wp:featuredmedia":[{"embeddable":true,"href":"https:\/\/www.guibutik.pt\/loja\/wp-json\/wp\/v2\/media\/79440"}],"wp:attachment":[{"href":"https:\/\/www.guibutik.pt\/loja\/wp-json\/wp\/v2\/media?parent=79435"}],"wp:term":[{"taxonomy":"product_cat","embeddable":true,"href":"https:\/\/www.guibutik.pt\/loja\/wp-json\/wp\/v2\/product_cat?post=79435"},{"taxonomy":"product_tag","embeddable":true,"href":"https:\/\/www.guibutik.pt\/loja\/wp-json\/wp\/v2\/product_tag?post=79435"}],"curies":[{"name":"wp","href":"https:\/\/api.w.org\/{rel}","templated":true}]}}