{"id":79298,"date":"2025-12-29T13:41:55","date_gmt":"2025-12-29T12:41:55","guid":{"rendered":"https:\/\/www.guibutik.pt\/loja\/?post_type=product&#038;p=79298"},"modified":"2026-03-02T11:27:53","modified_gmt":"2026-03-02T10:27:53","slug":"sapatilha-flextride-h-geox","status":"publish","type":"product","link":"https:\/\/www.guibutik.pt\/loja\/produto\/sapatilha-flextride-h-geox\/","title":{"rendered":"Sapatilha Flextride H Geox"},"content":{"rendered":"<p>Sneaker masculino que garante flexibilidade e elasticidade a cada passo. Aqui apresentado em azul escuro, tem uma parte superior em tecido e material com efeito nubuck de estilo contempor\u00e2neo. O Flextride Zero completa os looks urbanos do dia a dia com um toque desportivo.<\/p>\n<p>Materiais:<\/p>\n<p>Parte superior: 60% Tecido-25% Sint\u00e9tico-15% Pele<br \/>\nForro: 80% Tecido-20% Sint\u00e9tico<\/p>\n<p class=\"m-0\">Sola: 90% Material Sint\u00e9tico-10% Borracha<br \/>\nPalmilha: 100% Tecido<\/p>\n<div class=\"h2 pdp-technology-title\" data-seo-label=\"technological line respira\">Original Breathing System<\/div>\n<h3 class=\"pdp-technology-descr\">Com Original Breathing System, o bem-estar segue-o para todo o lado: a sola perfurada com membrana respir\u00e1vel e imperme\u00e1vel deixa respirar o p\u00e9 e impede que a \u00e1gua entre. O resultado? P\u00e9s sempre secos e confort\u00e1veis, passo ap\u00f3s passo.<\/h3>\n","protected":false},"excerpt":{"rendered":"<p>Sneaker masculino que garante flexibilidade e elasticidade a cada passo. Aqui apresentado em azul escuro, tem uma parte superior em tecido e material com efeito nubuck de estilo contempor\u00e2neo. O Flextride Zero completa os looks urbanos do dia a dia com um toque desportivo. Materiais: Parte superior: 60% Tecido-25% Sint\u00e9tico-15% Pele Forro: 80% Tecido-20% Sint\u00e9tico [&hellip;]<\/p>\n","protected":false},"featured_media":79315,"comment_status":"closed","ping_status":"closed","template":"","meta":[],"product_cat":[231,221],"product_tag":[],"class_list":{"0":"post-79298","1":"product","2":"type-product","3":"status-publish","4":"has-post-thumbnail","6":"product_cat-calcado-homem","7":"product_cat-homem","8":"ts_product_brand-geox","10":"first","11":"instock","12":"shipping-taxable","13":"purchasable","14":"product-type-variable"},"yoast_head":"<!-- This site is optimized with the Yoast SEO plugin v27.4 - https:\/\/yoast.com\/product\/yoast-seo-wordpress\/ -->\n<title>Sapatilha Flextride H Geox - Guibutik<\/title>\n<meta name=\"robots\" content=\"index, follow, max-snippet:-1, max-image-preview:large, max-video-preview:-1\" \/>\n<link rel=\"canonical\" href=\"https:\/\/www.guibutik.pt\/loja\/produto\/sapatilha-flextride-h-geox\/\" \/>\n<meta property=\"og:locale\" content=\"pt_PT\" \/>\n<meta property=\"og:type\" content=\"article\" \/>\n<meta property=\"og:title\" content=\"Sapatilha Flextride H Geox - Guibutik\" \/>\n<meta property=\"og:description\" content=\"Sneaker masculino que garante flexibilidade e elasticidade a cada passo. Aqui apresentado em azul escuro, tem uma parte superior em tecido e material com efeito nubuck de estilo contempor\u00e2neo. O Flextride Zero completa os looks urbanos do dia a dia com um toque desportivo. Materiais: Parte superior: 60% Tecido-25% Sint\u00e9tico-15% Pele Forro: 80% Tecido-20% Sint\u00e9tico [&hellip;]\" \/>\n<meta property=\"og:url\" content=\"https:\/\/www.guibutik.pt\/loja\/produto\/sapatilha-flextride-h-geox\/\" \/>\n<meta property=\"og:site_name\" content=\"Guibutik\" \/>\n<meta property=\"article:publisher\" content=\"https:\/\/www.facebook.com\/guibutik\/\" \/>\n<meta property=\"article:modified_time\" content=\"2026-03-02T10:27:53+00:00\" \/>\n<meta property=\"og:image\" content=\"https:\/\/www.guibutik.pt\/loja\/wp-content\/uploads\/2025\/12\/U651JB-1.webp\" \/>\n\t<meta property=\"og:image:width\" content=\"560\" \/>\n\t<meta property=\"og:image:height\" content=\"746\" \/>\n\t<meta property=\"og:image:type\" content=\"image\/webp\" \/>\n<meta name=\"twitter:card\" content=\"summary_large_image\" \/>\n<meta name=\"twitter:label1\" content=\"Tempo estimado de leitura\" \/>\n\t<meta name=\"twitter:data1\" content=\"1 minuto\" \/>\n<script type=\"application\/ld+json\" class=\"yoast-schema-graph\">{\"@context\":\"https:\\\/\\\/schema.org\",\"@graph\":[{\"@type\":\"WebPage\",\"@id\":\"https:\\\/\\\/www.guibutik.pt\\\/loja\\\/produto\\\/sapatilha-flextride-h-geox\\\/\",\"url\":\"https:\\\/\\\/www.guibutik.pt\\\/loja\\\/produto\\\/sapatilha-flextride-h-geox\\\/\",\"name\":\"Sapatilha Flextride H Geox - Guibutik\",\"isPartOf\":{\"@id\":\"https:\\\/\\\/www.guibutik.pt\\\/loja\\\/#website\"},\"primaryImageOfPage\":{\"@id\":\"https:\\\/\\\/www.guibutik.pt\\\/loja\\\/produto\\\/sapatilha-flextride-h-geox\\\/#primaryimage\"},\"image\":{\"@id\":\"https:\\\/\\\/www.guibutik.pt\\\/loja\\\/produto\\\/sapatilha-flextride-h-geox\\\/#primaryimage\"},\"thumbnailUrl\":\"https:\\\/\\\/www.guibutik.pt\\\/loja\\\/wp-content\\\/uploads\\\/2025\\\/12\\\/U651JB-1.webp\",\"datePublished\":\"2025-12-29T12:41:55+00:00\",\"dateModified\":\"2026-03-02T10:27:53+00:00\",\"breadcrumb\":{\"@id\":\"https:\\\/\\\/www.guibutik.pt\\\/loja\\\/produto\\\/sapatilha-flextride-h-geox\\\/#breadcrumb\"},\"inLanguage\":\"pt-PT\",\"potentialAction\":[{\"@type\":\"ReadAction\",\"target\":[\"https:\\\/\\\/www.guibutik.pt\\\/loja\\\/produto\\\/sapatilha-flextride-h-geox\\\/\"]}]},{\"@type\":\"ImageObject\",\"inLanguage\":\"pt-PT\",\"@id\":\"https:\\\/\\\/www.guibutik.pt\\\/loja\\\/produto\\\/sapatilha-flextride-h-geox\\\/#primaryimage\",\"url\":\"https:\\\/\\\/www.guibutik.pt\\\/loja\\\/wp-content\\\/uploads\\\/2025\\\/12\\\/U651JB-1.webp\",\"contentUrl\":\"https:\\\/\\\/www.guibutik.pt\\\/loja\\\/wp-content\\\/uploads\\\/2025\\\/12\\\/U651JB-1.webp\",\"width\":560,\"height\":746},{\"@type\":\"BreadcrumbList\",\"@id\":\"https:\\\/\\\/www.guibutik.pt\\\/loja\\\/produto\\\/sapatilha-flextride-h-geox\\\/#breadcrumb\",\"itemListElement\":[{\"@type\":\"ListItem\",\"position\":1,\"name\":\"In\u00edcio\",\"item\":\"https:\\\/\\\/www.guibutik.pt\\\/loja\\\/\"},{\"@type\":\"ListItem\",\"position\":2,\"name\":\"Loja\",\"item\":\"https:\\\/\\\/www.guibutik.pt\\\/loja\\\/shop\\\/\"},{\"@type\":\"ListItem\",\"position\":3,\"name\":\"Sapatilha Flextride H Geox\"}]},{\"@type\":\"WebSite\",\"@id\":\"https:\\\/\\\/www.guibutik.pt\\\/loja\\\/#website\",\"url\":\"https:\\\/\\\/www.guibutik.pt\\\/loja\\\/\",\"name\":\"Guibutik\",\"description\":\"Moda e Sapataria\",\"potentialAction\":[{\"@type\":\"SearchAction\",\"target\":{\"@type\":\"EntryPoint\",\"urlTemplate\":\"https:\\\/\\\/www.guibutik.pt\\\/loja\\\/?s={search_term_string}\"},\"query-input\":{\"@type\":\"PropertyValueSpecification\",\"valueRequired\":true,\"valueName\":\"search_term_string\"}}],\"inLanguage\":\"pt-PT\"}]}<\/script>\n<!-- \/ Yoast SEO plugin. -->","yoast_head_json":{"title":"Sapatilha Flextride H Geox - Guibutik","robots":{"index":"index","follow":"follow","max-snippet":"max-snippet:-1","max-image-preview":"max-image-preview:large","max-video-preview":"max-video-preview:-1"},"canonical":"https:\/\/www.guibutik.pt\/loja\/produto\/sapatilha-flextride-h-geox\/","og_locale":"pt_PT","og_type":"article","og_title":"Sapatilha Flextride H Geox - Guibutik","og_description":"Sneaker masculino que garante flexibilidade e elasticidade a cada passo. Aqui apresentado em azul escuro, tem uma parte superior em tecido e material com efeito nubuck de estilo contempor\u00e2neo. O Flextride Zero completa os looks urbanos do dia a dia com um toque desportivo. Materiais: Parte superior: 60% Tecido-25% Sint\u00e9tico-15% Pele Forro: 80% Tecido-20% Sint\u00e9tico [&hellip;]","og_url":"https:\/\/www.guibutik.pt\/loja\/produto\/sapatilha-flextride-h-geox\/","og_site_name":"Guibutik","article_publisher":"https:\/\/www.facebook.com\/guibutik\/","article_modified_time":"2026-03-02T10:27:53+00:00","og_image":[{"width":560,"height":746,"url":"https:\/\/www.guibutik.pt\/loja\/wp-content\/uploads\/2025\/12\/U651JB-1.webp","type":"image\/webp"}],"twitter_card":"summary_large_image","twitter_misc":{"Tempo estimado de leitura":"1 minuto"},"schema":{"@context":"https:\/\/schema.org","@graph":[{"@type":"WebPage","@id":"https:\/\/www.guibutik.pt\/loja\/produto\/sapatilha-flextride-h-geox\/","url":"https:\/\/www.guibutik.pt\/loja\/produto\/sapatilha-flextride-h-geox\/","name":"Sapatilha Flextride H Geox - Guibutik","isPartOf":{"@id":"https:\/\/www.guibutik.pt\/loja\/#website"},"primaryImageOfPage":{"@id":"https:\/\/www.guibutik.pt\/loja\/produto\/sapatilha-flextride-h-geox\/#primaryimage"},"image":{"@id":"https:\/\/www.guibutik.pt\/loja\/produto\/sapatilha-flextride-h-geox\/#primaryimage"},"thumbnailUrl":"https:\/\/www.guibutik.pt\/loja\/wp-content\/uploads\/2025\/12\/U651JB-1.webp","datePublished":"2025-12-29T12:41:55+00:00","dateModified":"2026-03-02T10:27:53+00:00","breadcrumb":{"@id":"https:\/\/www.guibutik.pt\/loja\/produto\/sapatilha-flextride-h-geox\/#breadcrumb"},"inLanguage":"pt-PT","potentialAction":[{"@type":"ReadAction","target":["https:\/\/www.guibutik.pt\/loja\/produto\/sapatilha-flextride-h-geox\/"]}]},{"@type":"ImageObject","inLanguage":"pt-PT","@id":"https:\/\/www.guibutik.pt\/loja\/produto\/sapatilha-flextride-h-geox\/#primaryimage","url":"https:\/\/www.guibutik.pt\/loja\/wp-content\/uploads\/2025\/12\/U651JB-1.webp","contentUrl":"https:\/\/www.guibutik.pt\/loja\/wp-content\/uploads\/2025\/12\/U651JB-1.webp","width":560,"height":746},{"@type":"BreadcrumbList","@id":"https:\/\/www.guibutik.pt\/loja\/produto\/sapatilha-flextride-h-geox\/#breadcrumb","itemListElement":[{"@type":"ListItem","position":1,"name":"In\u00edcio","item":"https:\/\/www.guibutik.pt\/loja\/"},{"@type":"ListItem","position":2,"name":"Loja","item":"https:\/\/www.guibutik.pt\/loja\/shop\/"},{"@type":"ListItem","position":3,"name":"Sapatilha Flextride H Geox"}]},{"@type":"WebSite","@id":"https:\/\/www.guibutik.pt\/loja\/#website","url":"https:\/\/www.guibutik.pt\/loja\/","name":"Guibutik","description":"Moda e Sapataria","potentialAction":[{"@type":"SearchAction","target":{"@type":"EntryPoint","urlTemplate":"https:\/\/www.guibutik.pt\/loja\/?s={search_term_string}"},"query-input":{"@type":"PropertyValueSpecification","valueRequired":true,"valueName":"search_term_string"}}],"inLanguage":"pt-PT"}]}},"_links":{"self":[{"href":"https:\/\/www.guibutik.pt\/loja\/wp-json\/wp\/v2\/product\/79298","targetHints":{"allow":["GET"]}}],"collection":[{"href":"https:\/\/www.guibutik.pt\/loja\/wp-json\/wp\/v2\/product"}],"about":[{"href":"https:\/\/www.guibutik.pt\/loja\/wp-json\/wp\/v2\/types\/product"}],"replies":[{"embeddable":true,"href":"https:\/\/www.guibutik.pt\/loja\/wp-json\/wp\/v2\/comments?post=79298"}],"wp:featuredmedia":[{"embeddable":true,"href":"https:\/\/www.guibutik.pt\/loja\/wp-json\/wp\/v2\/media\/79315"}],"wp:attachment":[{"href":"https:\/\/www.guibutik.pt\/loja\/wp-json\/wp\/v2\/media?parent=79298"}],"wp:term":[{"taxonomy":"product_cat","embeddable":true,"href":"https:\/\/www.guibutik.pt\/loja\/wp-json\/wp\/v2\/product_cat?post=79298"},{"taxonomy":"product_tag","embeddable":true,"href":"https:\/\/www.guibutik.pt\/loja\/wp-json\/wp\/v2\/product_tag?post=79298"}],"curies":[{"name":"wp","href":"https:\/\/api.w.org\/{rel}","templated":true}]}}