{"id":78945,"date":"2025-11-26T10:35:56","date_gmt":"2025-11-26T09:35:56","guid":{"rendered":"https:\/\/www.guibutik.pt\/loja\/?post_type=product&#038;p=78945"},"modified":"2026-02-21T18:12:55","modified_gmt":"2026-02-21T17:12:55","slug":"pack-3uni-meia-levis","status":"publish","type":"product","link":"https:\/\/www.guibutik.pt\/loja\/produto\/pack-3uni-meia-levis\/","title":{"rendered":"Pack 3uni. meia Levi&#8217;s"},"content":{"rendered":"<p>Meias Levi\u00b4s de algod\u00e3o reciclado 3 pares.<\/p>\n<p>Melhores escolhas para um planeta melhor.<\/p>\n<p>Estas meias Levi\u00b4s de corte m\u00e9dio t\u00eam um ajuste natural e confort\u00e1vel.<\/p>\n<p>Com o logotipo Levi\u00b4s batwing, este pacote de 3 meias para homens e mulheres tem o estilo ic\u00f4nico da Levi\u00b4s para os pioneiros modernos.<\/p>\n<p>O conforto e um design cl\u00e1ssico reinam supremos.<\/p>\n<p>Um calcanhar e uma ponta refor\u00e7ados garantem uma longa dura\u00e7\u00e3o.<\/p>\n<p>Feito com algod\u00e3o reciclado, a Levi\u00b4s est\u00e1 em uma miss\u00e3o de mudar a ind\u00fastria da moda.<\/p>\n<p>A Levi\u00b4s \u00e9 l\u00edder em jeans e agora \u00e9 l\u00edder em meias de qualidade.<\/p>\n<p>Caracter\u00edsticas:<\/p>\n<p>Feito com 22% de algod\u00e3o reciclado.<\/p>\n<p>Calcanhar e ponta refor\u00e7ados para maior durabilidade.<\/p>\n<p>Linha de ventila\u00e7\u00e3o.<\/p>\n<p>Ajuste natural.<\/p>\n<p>Topo confort\u00e1vel.<\/p>\n<p>Composi\u00e7\u00e3o:<\/p>\n<ul>\n<li>73% Algod\u00e3o<\/li>\n<li>22% Poliester<\/li>\n<li>3% Elastano<\/li>\n<li>2% Poliamida<\/li>\n<\/ul>\n","protected":false},"excerpt":{"rendered":"<p>Meias Levi\u00b4s de algod\u00e3o reciclado 3 pares. Melhores escolhas para um planeta melhor. Estas meias Levi\u00b4s de corte m\u00e9dio t\u00eam um ajuste natural e confort\u00e1vel. Com o logotipo Levi\u00b4s batwing, este pacote de 3 meias para homens e mulheres tem o estilo ic\u00f4nico da Levi\u00b4s para os pioneiros modernos. O conforto e um design cl\u00e1ssico [&hellip;]<\/p>\n","protected":false},"featured_media":78953,"comment_status":"closed","ping_status":"closed","template":"","meta":[],"product_cat":[221,526,524],"product_tag":[],"class_list":{"0":"post-78945","1":"product","2":"type-product","3":"status-publish","4":"has-post-thumbnail","6":"product_cat-homem","7":"product_cat-meis","8":"product_cat-roupa-interior","9":"ts_product_brand-levis","11":"first","12":"instock","13":"shipping-taxable","14":"purchasable","15":"product-type-variable"},"yoast_head":"<!-- This site is optimized with the Yoast SEO plugin v27.4 - https:\/\/yoast.com\/product\/yoast-seo-wordpress\/ -->\n<title>Pack 3uni. meia Levi&#039;s - Guibutik<\/title>\n<meta name=\"robots\" content=\"index, follow, max-snippet:-1, max-image-preview:large, max-video-preview:-1\" \/>\n<link rel=\"canonical\" href=\"https:\/\/www.guibutik.pt\/loja\/produto\/pack-3uni-meia-levis\/\" \/>\n<meta property=\"og:locale\" content=\"pt_PT\" \/>\n<meta property=\"og:type\" content=\"article\" \/>\n<meta property=\"og:title\" content=\"Pack 3uni. meia Levi&#039;s - Guibutik\" \/>\n<meta property=\"og:description\" content=\"Meias Levi\u00b4s de algod\u00e3o reciclado 3 pares. Melhores escolhas para um planeta melhor. Estas meias Levi\u00b4s de corte m\u00e9dio t\u00eam um ajuste natural e confort\u00e1vel. Com o logotipo Levi\u00b4s batwing, este pacote de 3 meias para homens e mulheres tem o estilo ic\u00f4nico da Levi\u00b4s para os pioneiros modernos. O conforto e um design cl\u00e1ssico [&hellip;]\" \/>\n<meta property=\"og:url\" content=\"https:\/\/www.guibutik.pt\/loja\/produto\/pack-3uni-meia-levis\/\" \/>\n<meta property=\"og:site_name\" content=\"Guibutik\" \/>\n<meta property=\"article:publisher\" content=\"https:\/\/www.facebook.com\/guibutik\/\" \/>\n<meta property=\"article:modified_time\" content=\"2026-02-21T17:12:55+00:00\" \/>\n<meta property=\"og:image\" content=\"https:\/\/www.guibutik.pt\/loja\/wp-content\/uploads\/2025\/11\/701224673-4.webp\" \/>\n\t<meta property=\"og:image:width\" content=\"1000\" \/>\n\t<meta property=\"og:image:height\" content=\"1000\" \/>\n\t<meta property=\"og:image:type\" content=\"image\/webp\" \/>\n<meta name=\"twitter:card\" content=\"summary_large_image\" \/>\n<meta name=\"twitter:label1\" content=\"Tempo estimado de leitura\" \/>\n\t<meta name=\"twitter:data1\" content=\"1 minuto\" \/>\n<script type=\"application\/ld+json\" class=\"yoast-schema-graph\">{\"@context\":\"https:\\\/\\\/schema.org\",\"@graph\":[{\"@type\":\"WebPage\",\"@id\":\"https:\\\/\\\/www.guibutik.pt\\\/loja\\\/produto\\\/pack-3uni-meia-levis\\\/\",\"url\":\"https:\\\/\\\/www.guibutik.pt\\\/loja\\\/produto\\\/pack-3uni-meia-levis\\\/\",\"name\":\"Pack 3uni. meia Levi's - Guibutik\",\"isPartOf\":{\"@id\":\"https:\\\/\\\/www.guibutik.pt\\\/loja\\\/#website\"},\"primaryImageOfPage\":{\"@id\":\"https:\\\/\\\/www.guibutik.pt\\\/loja\\\/produto\\\/pack-3uni-meia-levis\\\/#primaryimage\"},\"image\":{\"@id\":\"https:\\\/\\\/www.guibutik.pt\\\/loja\\\/produto\\\/pack-3uni-meia-levis\\\/#primaryimage\"},\"thumbnailUrl\":\"https:\\\/\\\/www.guibutik.pt\\\/loja\\\/wp-content\\\/uploads\\\/2025\\\/11\\\/701224673-4.webp\",\"datePublished\":\"2025-11-26T09:35:56+00:00\",\"dateModified\":\"2026-02-21T17:12:55+00:00\",\"breadcrumb\":{\"@id\":\"https:\\\/\\\/www.guibutik.pt\\\/loja\\\/produto\\\/pack-3uni-meia-levis\\\/#breadcrumb\"},\"inLanguage\":\"pt-PT\",\"potentialAction\":[{\"@type\":\"ReadAction\",\"target\":[\"https:\\\/\\\/www.guibutik.pt\\\/loja\\\/produto\\\/pack-3uni-meia-levis\\\/\"]}]},{\"@type\":\"ImageObject\",\"inLanguage\":\"pt-PT\",\"@id\":\"https:\\\/\\\/www.guibutik.pt\\\/loja\\\/produto\\\/pack-3uni-meia-levis\\\/#primaryimage\",\"url\":\"https:\\\/\\\/www.guibutik.pt\\\/loja\\\/wp-content\\\/uploads\\\/2025\\\/11\\\/701224673-4.webp\",\"contentUrl\":\"https:\\\/\\\/www.guibutik.pt\\\/loja\\\/wp-content\\\/uploads\\\/2025\\\/11\\\/701224673-4.webp\",\"width\":1000,\"height\":1000},{\"@type\":\"BreadcrumbList\",\"@id\":\"https:\\\/\\\/www.guibutik.pt\\\/loja\\\/produto\\\/pack-3uni-meia-levis\\\/#breadcrumb\",\"itemListElement\":[{\"@type\":\"ListItem\",\"position\":1,\"name\":\"In\u00edcio\",\"item\":\"https:\\\/\\\/www.guibutik.pt\\\/loja\\\/\"},{\"@type\":\"ListItem\",\"position\":2,\"name\":\"Loja\",\"item\":\"https:\\\/\\\/www.guibutik.pt\\\/loja\\\/shop\\\/\"},{\"@type\":\"ListItem\",\"position\":3,\"name\":\"Pack 3uni. meia Levi&#8217;s\"}]},{\"@type\":\"WebSite\",\"@id\":\"https:\\\/\\\/www.guibutik.pt\\\/loja\\\/#website\",\"url\":\"https:\\\/\\\/www.guibutik.pt\\\/loja\\\/\",\"name\":\"Guibutik\",\"description\":\"Moda e Sapataria\",\"potentialAction\":[{\"@type\":\"SearchAction\",\"target\":{\"@type\":\"EntryPoint\",\"urlTemplate\":\"https:\\\/\\\/www.guibutik.pt\\\/loja\\\/?s={search_term_string}\"},\"query-input\":{\"@type\":\"PropertyValueSpecification\",\"valueRequired\":true,\"valueName\":\"search_term_string\"}}],\"inLanguage\":\"pt-PT\"}]}<\/script>\n<!-- \/ Yoast SEO plugin. -->","yoast_head_json":{"title":"Pack 3uni. meia Levi's - Guibutik","robots":{"index":"index","follow":"follow","max-snippet":"max-snippet:-1","max-image-preview":"max-image-preview:large","max-video-preview":"max-video-preview:-1"},"canonical":"https:\/\/www.guibutik.pt\/loja\/produto\/pack-3uni-meia-levis\/","og_locale":"pt_PT","og_type":"article","og_title":"Pack 3uni. meia Levi's - Guibutik","og_description":"Meias Levi\u00b4s de algod\u00e3o reciclado 3 pares. Melhores escolhas para um planeta melhor. Estas meias Levi\u00b4s de corte m\u00e9dio t\u00eam um ajuste natural e confort\u00e1vel. Com o logotipo Levi\u00b4s batwing, este pacote de 3 meias para homens e mulheres tem o estilo ic\u00f4nico da Levi\u00b4s para os pioneiros modernos. O conforto e um design cl\u00e1ssico [&hellip;]","og_url":"https:\/\/www.guibutik.pt\/loja\/produto\/pack-3uni-meia-levis\/","og_site_name":"Guibutik","article_publisher":"https:\/\/www.facebook.com\/guibutik\/","article_modified_time":"2026-02-21T17:12:55+00:00","og_image":[{"width":1000,"height":1000,"url":"https:\/\/www.guibutik.pt\/loja\/wp-content\/uploads\/2025\/11\/701224673-4.webp","type":"image\/webp"}],"twitter_card":"summary_large_image","twitter_misc":{"Tempo estimado de leitura":"1 minuto"},"schema":{"@context":"https:\/\/schema.org","@graph":[{"@type":"WebPage","@id":"https:\/\/www.guibutik.pt\/loja\/produto\/pack-3uni-meia-levis\/","url":"https:\/\/www.guibutik.pt\/loja\/produto\/pack-3uni-meia-levis\/","name":"Pack 3uni. meia Levi's - Guibutik","isPartOf":{"@id":"https:\/\/www.guibutik.pt\/loja\/#website"},"primaryImageOfPage":{"@id":"https:\/\/www.guibutik.pt\/loja\/produto\/pack-3uni-meia-levis\/#primaryimage"},"image":{"@id":"https:\/\/www.guibutik.pt\/loja\/produto\/pack-3uni-meia-levis\/#primaryimage"},"thumbnailUrl":"https:\/\/www.guibutik.pt\/loja\/wp-content\/uploads\/2025\/11\/701224673-4.webp","datePublished":"2025-11-26T09:35:56+00:00","dateModified":"2026-02-21T17:12:55+00:00","breadcrumb":{"@id":"https:\/\/www.guibutik.pt\/loja\/produto\/pack-3uni-meia-levis\/#breadcrumb"},"inLanguage":"pt-PT","potentialAction":[{"@type":"ReadAction","target":["https:\/\/www.guibutik.pt\/loja\/produto\/pack-3uni-meia-levis\/"]}]},{"@type":"ImageObject","inLanguage":"pt-PT","@id":"https:\/\/www.guibutik.pt\/loja\/produto\/pack-3uni-meia-levis\/#primaryimage","url":"https:\/\/www.guibutik.pt\/loja\/wp-content\/uploads\/2025\/11\/701224673-4.webp","contentUrl":"https:\/\/www.guibutik.pt\/loja\/wp-content\/uploads\/2025\/11\/701224673-4.webp","width":1000,"height":1000},{"@type":"BreadcrumbList","@id":"https:\/\/www.guibutik.pt\/loja\/produto\/pack-3uni-meia-levis\/#breadcrumb","itemListElement":[{"@type":"ListItem","position":1,"name":"In\u00edcio","item":"https:\/\/www.guibutik.pt\/loja\/"},{"@type":"ListItem","position":2,"name":"Loja","item":"https:\/\/www.guibutik.pt\/loja\/shop\/"},{"@type":"ListItem","position":3,"name":"Pack 3uni. meia Levi&#8217;s"}]},{"@type":"WebSite","@id":"https:\/\/www.guibutik.pt\/loja\/#website","url":"https:\/\/www.guibutik.pt\/loja\/","name":"Guibutik","description":"Moda e Sapataria","potentialAction":[{"@type":"SearchAction","target":{"@type":"EntryPoint","urlTemplate":"https:\/\/www.guibutik.pt\/loja\/?s={search_term_string}"},"query-input":{"@type":"PropertyValueSpecification","valueRequired":true,"valueName":"search_term_string"}}],"inLanguage":"pt-PT"}]}},"_links":{"self":[{"href":"https:\/\/www.guibutik.pt\/loja\/wp-json\/wp\/v2\/product\/78945","targetHints":{"allow":["GET"]}}],"collection":[{"href":"https:\/\/www.guibutik.pt\/loja\/wp-json\/wp\/v2\/product"}],"about":[{"href":"https:\/\/www.guibutik.pt\/loja\/wp-json\/wp\/v2\/types\/product"}],"replies":[{"embeddable":true,"href":"https:\/\/www.guibutik.pt\/loja\/wp-json\/wp\/v2\/comments?post=78945"}],"wp:featuredmedia":[{"embeddable":true,"href":"https:\/\/www.guibutik.pt\/loja\/wp-json\/wp\/v2\/media\/78953"}],"wp:attachment":[{"href":"https:\/\/www.guibutik.pt\/loja\/wp-json\/wp\/v2\/media?parent=78945"}],"wp:term":[{"taxonomy":"product_cat","embeddable":true,"href":"https:\/\/www.guibutik.pt\/loja\/wp-json\/wp\/v2\/product_cat?post=78945"},{"taxonomy":"product_tag","embeddable":true,"href":"https:\/\/www.guibutik.pt\/loja\/wp-json\/wp\/v2\/product_tag?post=78945"}],"curies":[{"name":"wp","href":"https:\/\/api.w.org\/{rel}","templated":true}]}}