{"id":78937,"date":"2025-11-26T10:24:43","date_gmt":"2025-11-26T09:24:43","guid":{"rendered":"https:\/\/www.guibutik.pt\/loja\/?post_type=product&#038;p=78937"},"modified":"2026-03-16T13:47:46","modified_gmt":"2026-03-16T12:47:46","slug":"pack-2uni-meia-levis","status":"publish","type":"product","link":"https:\/\/www.guibutik.pt\/loja\/produto\/pack-2uni-meia-levis\/","title":{"rendered":"Pack 2uni meia Levi&#8217;s"},"content":{"rendered":"<p>Meias Levi\u00b4s TENCEL\u2122 Regular Cut 2 pe\u00e7as.<\/p>\n<p>Feitas com TENCEL\u2122 LYOCELL, uma fibra macia obtida de florestas sustent\u00e1veis.<\/p>\n<p>Estas meias cl\u00e1ssicas neutras para o dia a dia s\u00e3o feitas com algod\u00e3o org\u00e2nico cultivado.<\/p>\n<p>As meias regular cut 2 pe\u00e7as Levi\u00b4s para homens e mulheres mant\u00eam a identidade cl\u00e1ssica da marca, mas d\u00e3o um toque de estilo \u00fanico com o seu uso \u00fanico de tecido.<\/p>\n<p>Constru\u00eddas com algod\u00e3o org\u00e2nico super macio para conforto, durabilidade e o ajuste ideal.<\/p>\n<p>Esta meia longa com ajuste natural \u00e9 projetada com uma parte superior confort\u00e1vel e \u00e9 finalizada com detalhes modernos do logotipo Levi\u00b4s.<\/p>\n<p>B\u00e1sicos declarados feitos do jeito Levi\u00b4s.<\/p>\n<p>Conforto o dia todo, todos os dias.<\/p>\n<p>Caracter\u00edsticas:<\/p>\n<p>Feito com fibras Tencel e algod\u00e3o org\u00e2nico.<\/p>\n<p>Calcanhar e ponta refor\u00e7ados para durabilidade.<\/p>\n<p>Feito com fibras bot\u00e2nicas para manter os p\u00e9s frescos e secos.<\/p>\n<p>Parte superior confort\u00e1vel.<\/p>\n<p>Ajuste natural.<\/p>\n<p>Composi\u00e7\u00e3o:<\/p>\n<ul>\n<li>38% Lyoncell<\/li>\n<li>38% Algod\u00e3o<\/li>\n<li>20% Poliester<\/li>\n<li>3% Elastano<\/li>\n<li>1% Poliamida<\/li>\n<\/ul>\n","protected":false},"excerpt":{"rendered":"<p>Meias Levi\u00b4s TENCEL\u2122 Regular Cut 2 pe\u00e7as. Feitas com TENCEL\u2122 LYOCELL, uma fibra macia obtida de florestas sustent\u00e1veis. Estas meias cl\u00e1ssicas neutras para o dia a dia s\u00e3o feitas com algod\u00e3o org\u00e2nico cultivado. As meias regular cut 2 pe\u00e7as Levi\u00b4s para homens e mulheres mant\u00eam a identidade cl\u00e1ssica da marca, mas d\u00e3o um toque de [&hellip;]<\/p>\n","protected":false},"featured_media":78939,"comment_status":"closed","ping_status":"closed","template":"","meta":[],"product_cat":[526,524],"product_tag":[],"class_list":{"0":"post-78937","1":"product","2":"type-product","3":"status-publish","4":"has-post-thumbnail","6":"product_cat-meis","7":"product_cat-roupa-interior","8":"ts_product_brand-levis","10":"first","11":"instock","12":"shipping-taxable","13":"purchasable","14":"product-type-variable"},"yoast_head":"<!-- This site is optimized with the Yoast SEO plugin v27.4 - https:\/\/yoast.com\/product\/yoast-seo-wordpress\/ -->\n<title>Pack 2uni meia Levi&#039;s - Guibutik<\/title>\n<meta name=\"robots\" content=\"index, follow, max-snippet:-1, max-image-preview:large, max-video-preview:-1\" \/>\n<link rel=\"canonical\" href=\"https:\/\/www.guibutik.pt\/loja\/produto\/pack-2uni-meia-levis\/\" \/>\n<meta property=\"og:locale\" content=\"pt_PT\" \/>\n<meta property=\"og:type\" content=\"article\" \/>\n<meta property=\"og:title\" content=\"Pack 2uni meia Levi&#039;s - Guibutik\" \/>\n<meta property=\"og:description\" content=\"Meias Levi\u00b4s TENCEL\u2122 Regular Cut 2 pe\u00e7as. Feitas com TENCEL\u2122 LYOCELL, uma fibra macia obtida de florestas sustent\u00e1veis. Estas meias cl\u00e1ssicas neutras para o dia a dia s\u00e3o feitas com algod\u00e3o org\u00e2nico cultivado. As meias regular cut 2 pe\u00e7as Levi\u00b4s para homens e mulheres mant\u00eam a identidade cl\u00e1ssica da marca, mas d\u00e3o um toque de [&hellip;]\" \/>\n<meta property=\"og:url\" content=\"https:\/\/www.guibutik.pt\/loja\/produto\/pack-2uni-meia-levis\/\" \/>\n<meta property=\"og:site_name\" content=\"Guibutik\" \/>\n<meta property=\"article:publisher\" content=\"https:\/\/www.facebook.com\/guibutik\/\" \/>\n<meta property=\"article:modified_time\" content=\"2026-03-16T12:47:46+00:00\" \/>\n<meta property=\"og:image\" content=\"https:\/\/www.guibutik.pt\/loja\/wp-content\/uploads\/2025\/11\/701224675.webp\" \/>\n\t<meta property=\"og:image:width\" content=\"1000\" \/>\n\t<meta property=\"og:image:height\" content=\"1000\" \/>\n\t<meta property=\"og:image:type\" content=\"image\/webp\" \/>\n<meta name=\"twitter:card\" content=\"summary_large_image\" \/>\n<meta name=\"twitter:label1\" content=\"Tempo estimado de leitura\" \/>\n\t<meta name=\"twitter:data1\" content=\"2 minutos\" \/>\n<script type=\"application\/ld+json\" class=\"yoast-schema-graph\">{\"@context\":\"https:\\\/\\\/schema.org\",\"@graph\":[{\"@type\":\"WebPage\",\"@id\":\"https:\\\/\\\/www.guibutik.pt\\\/loja\\\/produto\\\/pack-2uni-meia-levis\\\/\",\"url\":\"https:\\\/\\\/www.guibutik.pt\\\/loja\\\/produto\\\/pack-2uni-meia-levis\\\/\",\"name\":\"Pack 2uni meia Levi's - Guibutik\",\"isPartOf\":{\"@id\":\"https:\\\/\\\/www.guibutik.pt\\\/loja\\\/#website\"},\"primaryImageOfPage\":{\"@id\":\"https:\\\/\\\/www.guibutik.pt\\\/loja\\\/produto\\\/pack-2uni-meia-levis\\\/#primaryimage\"},\"image\":{\"@id\":\"https:\\\/\\\/www.guibutik.pt\\\/loja\\\/produto\\\/pack-2uni-meia-levis\\\/#primaryimage\"},\"thumbnailUrl\":\"https:\\\/\\\/www.guibutik.pt\\\/loja\\\/wp-content\\\/uploads\\\/2025\\\/11\\\/701224675.webp\",\"datePublished\":\"2025-11-26T09:24:43+00:00\",\"dateModified\":\"2026-03-16T12:47:46+00:00\",\"breadcrumb\":{\"@id\":\"https:\\\/\\\/www.guibutik.pt\\\/loja\\\/produto\\\/pack-2uni-meia-levis\\\/#breadcrumb\"},\"inLanguage\":\"pt-PT\",\"potentialAction\":[{\"@type\":\"ReadAction\",\"target\":[\"https:\\\/\\\/www.guibutik.pt\\\/loja\\\/produto\\\/pack-2uni-meia-levis\\\/\"]}]},{\"@type\":\"ImageObject\",\"inLanguage\":\"pt-PT\",\"@id\":\"https:\\\/\\\/www.guibutik.pt\\\/loja\\\/produto\\\/pack-2uni-meia-levis\\\/#primaryimage\",\"url\":\"https:\\\/\\\/www.guibutik.pt\\\/loja\\\/wp-content\\\/uploads\\\/2025\\\/11\\\/701224675.webp\",\"contentUrl\":\"https:\\\/\\\/www.guibutik.pt\\\/loja\\\/wp-content\\\/uploads\\\/2025\\\/11\\\/701224675.webp\",\"width\":1000,\"height\":1000},{\"@type\":\"BreadcrumbList\",\"@id\":\"https:\\\/\\\/www.guibutik.pt\\\/loja\\\/produto\\\/pack-2uni-meia-levis\\\/#breadcrumb\",\"itemListElement\":[{\"@type\":\"ListItem\",\"position\":1,\"name\":\"In\u00edcio\",\"item\":\"https:\\\/\\\/www.guibutik.pt\\\/loja\\\/\"},{\"@type\":\"ListItem\",\"position\":2,\"name\":\"Loja\",\"item\":\"https:\\\/\\\/www.guibutik.pt\\\/loja\\\/shop\\\/\"},{\"@type\":\"ListItem\",\"position\":3,\"name\":\"Pack 2uni meia Levi&#8217;s\"}]},{\"@type\":\"WebSite\",\"@id\":\"https:\\\/\\\/www.guibutik.pt\\\/loja\\\/#website\",\"url\":\"https:\\\/\\\/www.guibutik.pt\\\/loja\\\/\",\"name\":\"Guibutik\",\"description\":\"Moda e Sapataria\",\"potentialAction\":[{\"@type\":\"SearchAction\",\"target\":{\"@type\":\"EntryPoint\",\"urlTemplate\":\"https:\\\/\\\/www.guibutik.pt\\\/loja\\\/?s={search_term_string}\"},\"query-input\":{\"@type\":\"PropertyValueSpecification\",\"valueRequired\":true,\"valueName\":\"search_term_string\"}}],\"inLanguage\":\"pt-PT\"}]}<\/script>\n<!-- \/ Yoast SEO plugin. -->","yoast_head_json":{"title":"Pack 2uni meia Levi's - Guibutik","robots":{"index":"index","follow":"follow","max-snippet":"max-snippet:-1","max-image-preview":"max-image-preview:large","max-video-preview":"max-video-preview:-1"},"canonical":"https:\/\/www.guibutik.pt\/loja\/produto\/pack-2uni-meia-levis\/","og_locale":"pt_PT","og_type":"article","og_title":"Pack 2uni meia Levi's - Guibutik","og_description":"Meias Levi\u00b4s TENCEL\u2122 Regular Cut 2 pe\u00e7as. Feitas com TENCEL\u2122 LYOCELL, uma fibra macia obtida de florestas sustent\u00e1veis. Estas meias cl\u00e1ssicas neutras para o dia a dia s\u00e3o feitas com algod\u00e3o org\u00e2nico cultivado. As meias regular cut 2 pe\u00e7as Levi\u00b4s para homens e mulheres mant\u00eam a identidade cl\u00e1ssica da marca, mas d\u00e3o um toque de [&hellip;]","og_url":"https:\/\/www.guibutik.pt\/loja\/produto\/pack-2uni-meia-levis\/","og_site_name":"Guibutik","article_publisher":"https:\/\/www.facebook.com\/guibutik\/","article_modified_time":"2026-03-16T12:47:46+00:00","og_image":[{"width":1000,"height":1000,"url":"https:\/\/www.guibutik.pt\/loja\/wp-content\/uploads\/2025\/11\/701224675.webp","type":"image\/webp"}],"twitter_card":"summary_large_image","twitter_misc":{"Tempo estimado de leitura":"2 minutos"},"schema":{"@context":"https:\/\/schema.org","@graph":[{"@type":"WebPage","@id":"https:\/\/www.guibutik.pt\/loja\/produto\/pack-2uni-meia-levis\/","url":"https:\/\/www.guibutik.pt\/loja\/produto\/pack-2uni-meia-levis\/","name":"Pack 2uni meia Levi's - Guibutik","isPartOf":{"@id":"https:\/\/www.guibutik.pt\/loja\/#website"},"primaryImageOfPage":{"@id":"https:\/\/www.guibutik.pt\/loja\/produto\/pack-2uni-meia-levis\/#primaryimage"},"image":{"@id":"https:\/\/www.guibutik.pt\/loja\/produto\/pack-2uni-meia-levis\/#primaryimage"},"thumbnailUrl":"https:\/\/www.guibutik.pt\/loja\/wp-content\/uploads\/2025\/11\/701224675.webp","datePublished":"2025-11-26T09:24:43+00:00","dateModified":"2026-03-16T12:47:46+00:00","breadcrumb":{"@id":"https:\/\/www.guibutik.pt\/loja\/produto\/pack-2uni-meia-levis\/#breadcrumb"},"inLanguage":"pt-PT","potentialAction":[{"@type":"ReadAction","target":["https:\/\/www.guibutik.pt\/loja\/produto\/pack-2uni-meia-levis\/"]}]},{"@type":"ImageObject","inLanguage":"pt-PT","@id":"https:\/\/www.guibutik.pt\/loja\/produto\/pack-2uni-meia-levis\/#primaryimage","url":"https:\/\/www.guibutik.pt\/loja\/wp-content\/uploads\/2025\/11\/701224675.webp","contentUrl":"https:\/\/www.guibutik.pt\/loja\/wp-content\/uploads\/2025\/11\/701224675.webp","width":1000,"height":1000},{"@type":"BreadcrumbList","@id":"https:\/\/www.guibutik.pt\/loja\/produto\/pack-2uni-meia-levis\/#breadcrumb","itemListElement":[{"@type":"ListItem","position":1,"name":"In\u00edcio","item":"https:\/\/www.guibutik.pt\/loja\/"},{"@type":"ListItem","position":2,"name":"Loja","item":"https:\/\/www.guibutik.pt\/loja\/shop\/"},{"@type":"ListItem","position":3,"name":"Pack 2uni meia Levi&#8217;s"}]},{"@type":"WebSite","@id":"https:\/\/www.guibutik.pt\/loja\/#website","url":"https:\/\/www.guibutik.pt\/loja\/","name":"Guibutik","description":"Moda e Sapataria","potentialAction":[{"@type":"SearchAction","target":{"@type":"EntryPoint","urlTemplate":"https:\/\/www.guibutik.pt\/loja\/?s={search_term_string}"},"query-input":{"@type":"PropertyValueSpecification","valueRequired":true,"valueName":"search_term_string"}}],"inLanguage":"pt-PT"}]}},"_links":{"self":[{"href":"https:\/\/www.guibutik.pt\/loja\/wp-json\/wp\/v2\/product\/78937","targetHints":{"allow":["GET"]}}],"collection":[{"href":"https:\/\/www.guibutik.pt\/loja\/wp-json\/wp\/v2\/product"}],"about":[{"href":"https:\/\/www.guibutik.pt\/loja\/wp-json\/wp\/v2\/types\/product"}],"replies":[{"embeddable":true,"href":"https:\/\/www.guibutik.pt\/loja\/wp-json\/wp\/v2\/comments?post=78937"}],"wp:featuredmedia":[{"embeddable":true,"href":"https:\/\/www.guibutik.pt\/loja\/wp-json\/wp\/v2\/media\/78939"}],"wp:attachment":[{"href":"https:\/\/www.guibutik.pt\/loja\/wp-json\/wp\/v2\/media?parent=78937"}],"wp:term":[{"taxonomy":"product_cat","embeddable":true,"href":"https:\/\/www.guibutik.pt\/loja\/wp-json\/wp\/v2\/product_cat?post=78937"},{"taxonomy":"product_tag","embeddable":true,"href":"https:\/\/www.guibutik.pt\/loja\/wp-json\/wp\/v2\/product_tag?post=78937"}],"curies":[{"name":"wp","href":"https:\/\/api.w.org\/{rel}","templated":true}]}}