{"id":77386,"date":"2025-10-01T18:57:19","date_gmt":"2025-10-01T17:57:19","guid":{"rendered":"https:\/\/www.guibutik.pt\/loja\/?post_type=product&#038;p=77386"},"modified":"2025-10-10T17:56:15","modified_gmt":"2025-10-10T16:56:15","slug":"cinto-s-replay","status":"publish","type":"product","link":"https:\/\/www.guibutik.pt\/loja\/produto\/cinto-s-replay\/","title":{"rendered":"Cinto S Replay"},"content":{"rendered":"<p>Cinto confeccionado em couro misto regenerado. A fivela com monograma R apresenta detalhes em castanho e acabamento fosco, enquanto a presilha de metal \u00e9 formada pela inscri\u00e7\u00e3o Replay. Altura: 3,5 cm.<\/p>\n<div class=\"mb-5\">\n<p class=\"uppercase font-semibold mb-[10px]\"><span dir=\"auto\">Composi\u00e7\u00e3o:<\/span><\/p>\n<div class=\"block mb-5\">\n<div class=\"composition-value\"><span dir=\"auto\">80% COURO REGENERADO; 15% POLIURETANO; 5% POLI\u00c9STER;<\/span><\/div>\n<\/div>\n<\/div>\n<div class=\"mb-[10px] mt-5\">\n<p class=\"uppercase font-semibold mb-[10px]\"><span dir=\"auto\">Instru\u00e7\u00f5es de cuidado:<\/span><\/p>\n<div class=\"flex flex-wrap flex-col md:flex-row mx-auto w-[80%] md:w-full\">\n<div class=\"md:w-[40%] relative xl:pl-[60px] md:pl-[45px] pl-[60px] text-left md:mr-[5%] mb-5\"><span class=\"w-6.8 h-[25px] absolute top-0 left-0\"><img loading=\"lazy\" decoding=\"async\" class=\"inline-block w-[30px] h-[22px] object-contain\" src=\"https:\/\/replayjeans.kleecks-cdn.com\/pt\/media\/careinstruction\/EU_NO_WASH_1.jpg\" alt=\"N\u00e3o lavar em \u00e1gua\" width=\"30\" height=\"22\" \/><\/span><span class=\"align-bottom block\"><span dir=\"auto\">N\u00e3o lavar em \u00e1gua<\/span><\/span><\/div>\n<div class=\"md:w-[40%] relative xl:pl-[60px] md:pl-[45px] pl-[60px] text-left md:mr-[5%] mb-5\"><span class=\"w-6.8 h-[25px] absolute top-0 left-0\"><img loading=\"lazy\" decoding=\"async\" class=\"inline-block w-[30px] h-[22px] object-contain\" src=\"https:\/\/replayjeans.kleecks-cdn.com\/pt\/media\/careinstruction\/EU_NO_BLEACH_1.jpg\" alt=\"N\u00e3o utilizar alvejante\" width=\"30\" height=\"22\" \/><\/span><span class=\"align-bottom block\"><span dir=\"auto\">N\u00e3o utilizar alvejante<\/span><\/span><\/div>\n<div class=\"md:w-[40%] relative xl:pl-[60px] md:pl-[45px] pl-[60px] text-left md:mr-[5%] mb-5\"><span class=\"w-6.8 h-[25px] absolute top-0 left-0\"><img loading=\"lazy\" decoding=\"async\" class=\"inline-block w-[30px] h-[22px] object-contain\" src=\"https:\/\/replayjeans.kleecks-cdn.com\/pt\/media\/careinstruction\/EU_NO_TUMBLER_.jpg\" alt=\"N\u00e3o secar na m\u00e1quina\" width=\"30\" height=\"22\" \/><\/span><span class=\"align-bottom block\"><span dir=\"auto\">N\u00e3o secar na m\u00e1quina<\/span><\/span><\/div>\n<div class=\"md:w-[40%] relative xl:pl-[60px] md:pl-[45px] pl-[60px] text-left md:mr-[5%] mb-5\"><span class=\"w-6.8 h-[25px] absolute top-0 left-0\"><img loading=\"lazy\" decoding=\"async\" class=\"inline-block w-[30px] h-[22px] object-contain\" src=\"https:\/\/www.replayjeans.com\/pt\/media\/careinstruction\/EU_NO_IRON.JPG\" alt=\"N\u00e3o engomar\" width=\"30\" height=\"22\" \/><\/span><span class=\"align-bottom block\"><span dir=\"auto\">N\u00e3o engomar<\/span><\/span><\/div>\n<div class=\"md:w-[40%] relative xl:pl-[60px] md:pl-[45px] pl-[60px] text-left md:mr-[5%] mb-5\"><span class=\"w-6.8 h-[25px] absolute top-0 left-0\"><img loading=\"lazy\" decoding=\"async\" class=\"inline-block w-[30px] h-[22px] object-contain\" src=\"https:\/\/www.replayjeans.com\/pt\/media\/careinstruction\/EU_NO_PROF_DRY.JPG\" alt=\"N\u00e3o lavar a seco\" width=\"30\" height=\"22\" \/><\/span><span class=\"align-bottom block\"><span dir=\"auto\">N\u00e3o lavar a seco<\/span><\/span><\/div>\n<\/div>\n<\/div>\n","protected":false},"excerpt":{"rendered":"<p>Cinto confeccionado em couro misto regenerado. A fivela com monograma R apresenta detalhes em castanho e acabamento fosco, enquanto a presilha de metal \u00e9 formada pela inscri\u00e7\u00e3o Replay. Altura: 3,5 cm. Composi\u00e7\u00e3o: 80% COURO REGENERADO; 15% POLIURETANO; 5% POLI\u00c9STER; Instru\u00e7\u00f5es de cuidado: N\u00e3o lavar em \u00e1gua N\u00e3o utilizar alvejante N\u00e3o secar na m\u00e1quina N\u00e3o engomar [&hellip;]<\/p>\n","protected":false},"featured_media":77397,"comment_status":"closed","ping_status":"closed","template":"","meta":[],"product_cat":[232,302],"product_tag":[],"class_list":{"0":"post-77386","1":"product","2":"type-product","3":"status-publish","4":"has-post-thumbnail","6":"product_cat-acessorios","7":"product_cat-lencos-e-cintos","8":"ts_product_brand-replay","10":"first","11":"instock","12":"shipping-taxable","13":"purchasable","14":"product-type-variable"},"yoast_head":"<!-- This site is optimized with the Yoast SEO plugin v27.4 - https:\/\/yoast.com\/product\/yoast-seo-wordpress\/ -->\n<title>Cinto S Replay - Guibutik<\/title>\n<meta name=\"robots\" content=\"index, follow, max-snippet:-1, max-image-preview:large, max-video-preview:-1\" \/>\n<link rel=\"canonical\" href=\"https:\/\/www.guibutik.pt\/loja\/produto\/cinto-s-replay\/\" \/>\n<meta property=\"og:locale\" content=\"pt_PT\" \/>\n<meta property=\"og:type\" content=\"article\" \/>\n<meta property=\"og:title\" content=\"Cinto S Replay - Guibutik\" \/>\n<meta property=\"og:description\" content=\"Cinto confeccionado em couro misto regenerado. A fivela com monograma R apresenta detalhes em castanho e acabamento fosco, enquanto a presilha de metal \u00e9 formada pela inscri\u00e7\u00e3o Replay. Altura: 3,5 cm. Composi\u00e7\u00e3o: 80% COURO REGENERADO; 15% POLIURETANO; 5% POLI\u00c9STER; Instru\u00e7\u00f5es de cuidado: N\u00e3o lavar em \u00e1gua N\u00e3o utilizar alvejante N\u00e3o secar na m\u00e1quina N\u00e3o engomar [&hellip;]\" \/>\n<meta property=\"og:url\" content=\"https:\/\/www.guibutik.pt\/loja\/produto\/cinto-s-replay\/\" \/>\n<meta property=\"og:site_name\" content=\"Guibutik\" \/>\n<meta property=\"article:publisher\" content=\"https:\/\/www.facebook.com\/guibutik\/\" \/>\n<meta property=\"article:modified_time\" content=\"2025-10-10T16:56:15+00:00\" \/>\n<meta property=\"og:image\" content=\"https:\/\/www.guibutik.pt\/loja\/wp-content\/uploads\/2025\/10\/AW2608_000_A0500C_0223_F-scaled.png\" \/>\n\t<meta property=\"og:image:width\" content=\"2560\" \/>\n\t<meta property=\"og:image:height\" content=\"1707\" \/>\n\t<meta property=\"og:image:type\" content=\"image\/png\" \/>\n<meta name=\"twitter:card\" content=\"summary_large_image\" \/>\n<meta name=\"twitter:label1\" content=\"Tempo estimado de leitura\" \/>\n\t<meta name=\"twitter:data1\" content=\"2 minutos\" \/>\n<script type=\"application\/ld+json\" class=\"yoast-schema-graph\">{\"@context\":\"https:\\\/\\\/schema.org\",\"@graph\":[{\"@type\":\"WebPage\",\"@id\":\"https:\\\/\\\/www.guibutik.pt\\\/loja\\\/produto\\\/cinto-s-replay\\\/\",\"url\":\"https:\\\/\\\/www.guibutik.pt\\\/loja\\\/produto\\\/cinto-s-replay\\\/\",\"name\":\"Cinto S Replay - Guibutik\",\"isPartOf\":{\"@id\":\"https:\\\/\\\/www.guibutik.pt\\\/loja\\\/#website\"},\"primaryImageOfPage\":{\"@id\":\"https:\\\/\\\/www.guibutik.pt\\\/loja\\\/produto\\\/cinto-s-replay\\\/#primaryimage\"},\"image\":{\"@id\":\"https:\\\/\\\/www.guibutik.pt\\\/loja\\\/produto\\\/cinto-s-replay\\\/#primaryimage\"},\"thumbnailUrl\":\"https:\\\/\\\/www.guibutik.pt\\\/loja\\\/wp-content\\\/uploads\\\/2025\\\/10\\\/AW2608_000_A0500C_0223_F-scaled.png\",\"datePublished\":\"2025-10-01T17:57:19+00:00\",\"dateModified\":\"2025-10-10T16:56:15+00:00\",\"breadcrumb\":{\"@id\":\"https:\\\/\\\/www.guibutik.pt\\\/loja\\\/produto\\\/cinto-s-replay\\\/#breadcrumb\"},\"inLanguage\":\"pt-PT\",\"potentialAction\":[{\"@type\":\"ReadAction\",\"target\":[\"https:\\\/\\\/www.guibutik.pt\\\/loja\\\/produto\\\/cinto-s-replay\\\/\"]}]},{\"@type\":\"ImageObject\",\"inLanguage\":\"pt-PT\",\"@id\":\"https:\\\/\\\/www.guibutik.pt\\\/loja\\\/produto\\\/cinto-s-replay\\\/#primaryimage\",\"url\":\"https:\\\/\\\/www.guibutik.pt\\\/loja\\\/wp-content\\\/uploads\\\/2025\\\/10\\\/AW2608_000_A0500C_0223_F-scaled.png\",\"contentUrl\":\"https:\\\/\\\/www.guibutik.pt\\\/loja\\\/wp-content\\\/uploads\\\/2025\\\/10\\\/AW2608_000_A0500C_0223_F-scaled.png\",\"width\":2560,\"height\":1707},{\"@type\":\"BreadcrumbList\",\"@id\":\"https:\\\/\\\/www.guibutik.pt\\\/loja\\\/produto\\\/cinto-s-replay\\\/#breadcrumb\",\"itemListElement\":[{\"@type\":\"ListItem\",\"position\":1,\"name\":\"In\u00edcio\",\"item\":\"https:\\\/\\\/www.guibutik.pt\\\/loja\\\/\"},{\"@type\":\"ListItem\",\"position\":2,\"name\":\"Loja\",\"item\":\"https:\\\/\\\/www.guibutik.pt\\\/loja\\\/shop\\\/\"},{\"@type\":\"ListItem\",\"position\":3,\"name\":\"Cinto S Replay\"}]},{\"@type\":\"WebSite\",\"@id\":\"https:\\\/\\\/www.guibutik.pt\\\/loja\\\/#website\",\"url\":\"https:\\\/\\\/www.guibutik.pt\\\/loja\\\/\",\"name\":\"Guibutik\",\"description\":\"Moda e Sapataria\",\"potentialAction\":[{\"@type\":\"SearchAction\",\"target\":{\"@type\":\"EntryPoint\",\"urlTemplate\":\"https:\\\/\\\/www.guibutik.pt\\\/loja\\\/?s={search_term_string}\"},\"query-input\":{\"@type\":\"PropertyValueSpecification\",\"valueRequired\":true,\"valueName\":\"search_term_string\"}}],\"inLanguage\":\"pt-PT\"}]}<\/script>\n<!-- \/ Yoast SEO plugin. -->","yoast_head_json":{"title":"Cinto S Replay - Guibutik","robots":{"index":"index","follow":"follow","max-snippet":"max-snippet:-1","max-image-preview":"max-image-preview:large","max-video-preview":"max-video-preview:-1"},"canonical":"https:\/\/www.guibutik.pt\/loja\/produto\/cinto-s-replay\/","og_locale":"pt_PT","og_type":"article","og_title":"Cinto S Replay - Guibutik","og_description":"Cinto confeccionado em couro misto regenerado. A fivela com monograma R apresenta detalhes em castanho e acabamento fosco, enquanto a presilha de metal \u00e9 formada pela inscri\u00e7\u00e3o Replay. Altura: 3,5 cm. Composi\u00e7\u00e3o: 80% COURO REGENERADO; 15% POLIURETANO; 5% POLI\u00c9STER; Instru\u00e7\u00f5es de cuidado: N\u00e3o lavar em \u00e1gua N\u00e3o utilizar alvejante N\u00e3o secar na m\u00e1quina N\u00e3o engomar [&hellip;]","og_url":"https:\/\/www.guibutik.pt\/loja\/produto\/cinto-s-replay\/","og_site_name":"Guibutik","article_publisher":"https:\/\/www.facebook.com\/guibutik\/","article_modified_time":"2025-10-10T16:56:15+00:00","og_image":[{"width":2560,"height":1707,"url":"https:\/\/www.guibutik.pt\/loja\/wp-content\/uploads\/2025\/10\/AW2608_000_A0500C_0223_F-scaled.png","type":"image\/png"}],"twitter_card":"summary_large_image","twitter_misc":{"Tempo estimado de leitura":"2 minutos"},"schema":{"@context":"https:\/\/schema.org","@graph":[{"@type":"WebPage","@id":"https:\/\/www.guibutik.pt\/loja\/produto\/cinto-s-replay\/","url":"https:\/\/www.guibutik.pt\/loja\/produto\/cinto-s-replay\/","name":"Cinto S Replay - Guibutik","isPartOf":{"@id":"https:\/\/www.guibutik.pt\/loja\/#website"},"primaryImageOfPage":{"@id":"https:\/\/www.guibutik.pt\/loja\/produto\/cinto-s-replay\/#primaryimage"},"image":{"@id":"https:\/\/www.guibutik.pt\/loja\/produto\/cinto-s-replay\/#primaryimage"},"thumbnailUrl":"https:\/\/www.guibutik.pt\/loja\/wp-content\/uploads\/2025\/10\/AW2608_000_A0500C_0223_F-scaled.png","datePublished":"2025-10-01T17:57:19+00:00","dateModified":"2025-10-10T16:56:15+00:00","breadcrumb":{"@id":"https:\/\/www.guibutik.pt\/loja\/produto\/cinto-s-replay\/#breadcrumb"},"inLanguage":"pt-PT","potentialAction":[{"@type":"ReadAction","target":["https:\/\/www.guibutik.pt\/loja\/produto\/cinto-s-replay\/"]}]},{"@type":"ImageObject","inLanguage":"pt-PT","@id":"https:\/\/www.guibutik.pt\/loja\/produto\/cinto-s-replay\/#primaryimage","url":"https:\/\/www.guibutik.pt\/loja\/wp-content\/uploads\/2025\/10\/AW2608_000_A0500C_0223_F-scaled.png","contentUrl":"https:\/\/www.guibutik.pt\/loja\/wp-content\/uploads\/2025\/10\/AW2608_000_A0500C_0223_F-scaled.png","width":2560,"height":1707},{"@type":"BreadcrumbList","@id":"https:\/\/www.guibutik.pt\/loja\/produto\/cinto-s-replay\/#breadcrumb","itemListElement":[{"@type":"ListItem","position":1,"name":"In\u00edcio","item":"https:\/\/www.guibutik.pt\/loja\/"},{"@type":"ListItem","position":2,"name":"Loja","item":"https:\/\/www.guibutik.pt\/loja\/shop\/"},{"@type":"ListItem","position":3,"name":"Cinto S Replay"}]},{"@type":"WebSite","@id":"https:\/\/www.guibutik.pt\/loja\/#website","url":"https:\/\/www.guibutik.pt\/loja\/","name":"Guibutik","description":"Moda e Sapataria","potentialAction":[{"@type":"SearchAction","target":{"@type":"EntryPoint","urlTemplate":"https:\/\/www.guibutik.pt\/loja\/?s={search_term_string}"},"query-input":{"@type":"PropertyValueSpecification","valueRequired":true,"valueName":"search_term_string"}}],"inLanguage":"pt-PT"}]}},"_links":{"self":[{"href":"https:\/\/www.guibutik.pt\/loja\/wp-json\/wp\/v2\/product\/77386","targetHints":{"allow":["GET"]}}],"collection":[{"href":"https:\/\/www.guibutik.pt\/loja\/wp-json\/wp\/v2\/product"}],"about":[{"href":"https:\/\/www.guibutik.pt\/loja\/wp-json\/wp\/v2\/types\/product"}],"replies":[{"embeddable":true,"href":"https:\/\/www.guibutik.pt\/loja\/wp-json\/wp\/v2\/comments?post=77386"}],"wp:featuredmedia":[{"embeddable":true,"href":"https:\/\/www.guibutik.pt\/loja\/wp-json\/wp\/v2\/media\/77397"}],"wp:attachment":[{"href":"https:\/\/www.guibutik.pt\/loja\/wp-json\/wp\/v2\/media?parent=77386"}],"wp:term":[{"taxonomy":"product_cat","embeddable":true,"href":"https:\/\/www.guibutik.pt\/loja\/wp-json\/wp\/v2\/product_cat?post=77386"},{"taxonomy":"product_tag","embeddable":true,"href":"https:\/\/www.guibutik.pt\/loja\/wp-json\/wp\/v2\/product_tag?post=77386"}],"curies":[{"name":"wp","href":"https:\/\/api.w.org\/{rel}","templated":true}]}}