{"id":77180,"date":"2025-09-30T13:36:41","date_gmt":"2025-09-30T12:36:41","guid":{"rendered":"https:\/\/www.guibutik.pt\/loja\/?post_type=product&#038;p=77180"},"modified":"2026-03-06T18:39:40","modified_gmt":"2026-03-06T17:39:40","slug":"jeans-511-h-levis-3","status":"publish","type":"product","link":"https:\/\/www.guibutik.pt\/loja\/produto\/jeans-511-h-levis-3\/","title":{"rendered":"Jeans 511 H Levi&#8217;s"},"content":{"rendered":"<p>Pensa neste slim moderno com espa\u00e7o para te movimentares, mas n\u00e3o muito skinny. (Se queres o estilo slim, mas n\u00e3o a sensa\u00e7\u00e3o, esta \u00e9 uma \u00f3tima alternativa.) Com um corte justo na anca e na coxa, o 511\u2122 Slim \u00e9 perfeito e fica bem com tudo &#8211; sem parecer que est\u00e1s a esfor\u00e7ar-te muito.<\/p>\n<ul>\n<li>Os jeans slim por excel\u00eancia<\/li>\n<li>Justos na coxa, mas n\u00e3o assim t\u00e3o apertados que te impe\u00e7a de dan\u00e7ar nos telhados ou correr para n\u00e3o perderes o autocarro<\/li>\n<li>Modelo fabricado com a tecnologia Water&lt;Less\u2122, que utiliza menos 96% de \u00e1gua do que as t\u00e9cnicas de acabamento tradicionais<\/li>\n<li>Estabelecemos uma parceria com a Better Cotton Initiative para melhorar o cultivo do algod\u00e3o em todo o mundo<\/li>\n<\/ul>\n<div class=\"product-cut-sizes\">\n<p class=\"title\">Corte e Tamanho<\/p>\n<ul class=\"expandeDetalhe\">\n<li>Estreitos da anca ao tornozelo<\/li>\n<li>Perna estreita<\/li>\n<li>T\u00eam cintura descida<\/li>\n<\/ul>\n<\/div>\n<div class=\"product-materials\">\n<p class=\"title\">Materiais e Cuidados<\/p>\n<ul class=\"expandeDetalhe\">\n<li>98% Algod\u00e3o, 2% Elastano (LYCRA\u00ae)<\/li>\n<li>Denim com elasticidade<\/li>\n<li>Braguilha com fecho de correr e bot\u00e3o e bot\u00e3o em metal com a marca Levi&#8217;s\u00ae<\/li>\n<li>Constru\u00e7\u00e3o cl\u00e1ssica de 5 bolsos<\/li>\n<li>Assinatura Levi&#8217;s\u00ae e costura arqueada nos bolsos traseiros<\/li>\n<li>Patch com o nosso log\u00f3tipo Two Horse Pull, representando a for\u00e7a da nossa roupa<\/li>\n<\/ul>\n<\/div>\n","protected":false},"excerpt":{"rendered":"<p>Pensa neste slim moderno com espa\u00e7o para te movimentares, mas n\u00e3o muito skinny. (Se queres o estilo slim, mas n\u00e3o a sensa\u00e7\u00e3o, esta \u00e9 uma \u00f3tima alternativa.) Com um corte justo na anca e na coxa, o 511\u2122 Slim \u00e9 perfeito e fica bem com tudo &#8211; sem parecer que est\u00e1s a esfor\u00e7ar-te muito. Os [&hellip;]<\/p>\n","protected":false},"featured_media":77192,"comment_status":"closed","ping_status":"closed","template":"","meta":[],"product_cat":[298,221],"product_tag":[],"class_list":{"0":"post-77180","1":"product","2":"type-product","3":"status-publish","4":"has-post-thumbnail","6":"product_cat-calcas","7":"product_cat-homem","8":"ts_product_brand-levis","10":"first","11":"instock","12":"shipping-taxable","13":"purchasable","14":"product-type-variable"},"yoast_head":"<!-- This site is optimized with the Yoast SEO plugin v27.4 - https:\/\/yoast.com\/product\/yoast-seo-wordpress\/ -->\n<title>Jeans 511 H Levi&#039;s - Guibutik<\/title>\n<meta name=\"robots\" content=\"index, follow, max-snippet:-1, max-image-preview:large, max-video-preview:-1\" \/>\n<link rel=\"canonical\" href=\"https:\/\/www.guibutik.pt\/loja\/produto\/jeans-511-h-levis-3\/\" \/>\n<meta property=\"og:locale\" content=\"pt_PT\" \/>\n<meta property=\"og:type\" content=\"article\" \/>\n<meta property=\"og:title\" content=\"Jeans 511 H Levi&#039;s - Guibutik\" \/>\n<meta property=\"og:description\" content=\"Pensa neste slim moderno com espa\u00e7o para te movimentares, mas n\u00e3o muito skinny. (Se queres o estilo slim, mas n\u00e3o a sensa\u00e7\u00e3o, esta \u00e9 uma \u00f3tima alternativa.) Com um corte justo na anca e na coxa, o 511\u2122 Slim \u00e9 perfeito e fica bem com tudo &#8211; sem parecer que est\u00e1s a esfor\u00e7ar-te muito. Os [&hellip;]\" \/>\n<meta property=\"og:url\" content=\"https:\/\/www.guibutik.pt\/loja\/produto\/jeans-511-h-levis-3\/\" \/>\n<meta property=\"og:site_name\" content=\"Guibutik\" \/>\n<meta property=\"article:publisher\" content=\"https:\/\/www.facebook.com\/guibutik\/\" \/>\n<meta property=\"article:modified_time\" content=\"2026-03-06T17:39:40+00:00\" \/>\n<meta property=\"og:image\" content=\"https:\/\/www.guibutik.pt\/loja\/wp-content\/uploads\/2025\/09\/04511-1507.jpg\" \/>\n\t<meta property=\"og:image:width\" content=\"1690\" \/>\n\t<meta property=\"og:image:height\" content=\"1857\" \/>\n\t<meta property=\"og:image:type\" content=\"image\/jpeg\" \/>\n<meta name=\"twitter:card\" content=\"summary_large_image\" \/>\n<meta name=\"twitter:label1\" content=\"Tempo estimado de leitura\" \/>\n\t<meta name=\"twitter:data1\" content=\"2 minutos\" \/>\n<script type=\"application\/ld+json\" class=\"yoast-schema-graph\">{\"@context\":\"https:\\\/\\\/schema.org\",\"@graph\":[{\"@type\":\"WebPage\",\"@id\":\"https:\\\/\\\/www.guibutik.pt\\\/loja\\\/produto\\\/jeans-511-h-levis-3\\\/\",\"url\":\"https:\\\/\\\/www.guibutik.pt\\\/loja\\\/produto\\\/jeans-511-h-levis-3\\\/\",\"name\":\"Jeans 511 H Levi's - Guibutik\",\"isPartOf\":{\"@id\":\"https:\\\/\\\/www.guibutik.pt\\\/loja\\\/#website\"},\"primaryImageOfPage\":{\"@id\":\"https:\\\/\\\/www.guibutik.pt\\\/loja\\\/produto\\\/jeans-511-h-levis-3\\\/#primaryimage\"},\"image\":{\"@id\":\"https:\\\/\\\/www.guibutik.pt\\\/loja\\\/produto\\\/jeans-511-h-levis-3\\\/#primaryimage\"},\"thumbnailUrl\":\"https:\\\/\\\/www.guibutik.pt\\\/loja\\\/wp-content\\\/uploads\\\/2025\\\/09\\\/04511-1507.jpg\",\"datePublished\":\"2025-09-30T12:36:41+00:00\",\"dateModified\":\"2026-03-06T17:39:40+00:00\",\"breadcrumb\":{\"@id\":\"https:\\\/\\\/www.guibutik.pt\\\/loja\\\/produto\\\/jeans-511-h-levis-3\\\/#breadcrumb\"},\"inLanguage\":\"pt-PT\",\"potentialAction\":[{\"@type\":\"ReadAction\",\"target\":[\"https:\\\/\\\/www.guibutik.pt\\\/loja\\\/produto\\\/jeans-511-h-levis-3\\\/\"]}]},{\"@type\":\"ImageObject\",\"inLanguage\":\"pt-PT\",\"@id\":\"https:\\\/\\\/www.guibutik.pt\\\/loja\\\/produto\\\/jeans-511-h-levis-3\\\/#primaryimage\",\"url\":\"https:\\\/\\\/www.guibutik.pt\\\/loja\\\/wp-content\\\/uploads\\\/2025\\\/09\\\/04511-1507.jpg\",\"contentUrl\":\"https:\\\/\\\/www.guibutik.pt\\\/loja\\\/wp-content\\\/uploads\\\/2025\\\/09\\\/04511-1507.jpg\",\"width\":1690,\"height\":1857},{\"@type\":\"BreadcrumbList\",\"@id\":\"https:\\\/\\\/www.guibutik.pt\\\/loja\\\/produto\\\/jeans-511-h-levis-3\\\/#breadcrumb\",\"itemListElement\":[{\"@type\":\"ListItem\",\"position\":1,\"name\":\"In\u00edcio\",\"item\":\"https:\\\/\\\/www.guibutik.pt\\\/loja\\\/\"},{\"@type\":\"ListItem\",\"position\":2,\"name\":\"Loja\",\"item\":\"https:\\\/\\\/www.guibutik.pt\\\/loja\\\/shop\\\/\"},{\"@type\":\"ListItem\",\"position\":3,\"name\":\"Jeans 511 H Levi&#8217;s\"}]},{\"@type\":\"WebSite\",\"@id\":\"https:\\\/\\\/www.guibutik.pt\\\/loja\\\/#website\",\"url\":\"https:\\\/\\\/www.guibutik.pt\\\/loja\\\/\",\"name\":\"Guibutik\",\"description\":\"Moda e Sapataria\",\"potentialAction\":[{\"@type\":\"SearchAction\",\"target\":{\"@type\":\"EntryPoint\",\"urlTemplate\":\"https:\\\/\\\/www.guibutik.pt\\\/loja\\\/?s={search_term_string}\"},\"query-input\":{\"@type\":\"PropertyValueSpecification\",\"valueRequired\":true,\"valueName\":\"search_term_string\"}}],\"inLanguage\":\"pt-PT\"}]}<\/script>\n<!-- \/ Yoast SEO plugin. -->","yoast_head_json":{"title":"Jeans 511 H Levi's - Guibutik","robots":{"index":"index","follow":"follow","max-snippet":"max-snippet:-1","max-image-preview":"max-image-preview:large","max-video-preview":"max-video-preview:-1"},"canonical":"https:\/\/www.guibutik.pt\/loja\/produto\/jeans-511-h-levis-3\/","og_locale":"pt_PT","og_type":"article","og_title":"Jeans 511 H Levi's - Guibutik","og_description":"Pensa neste slim moderno com espa\u00e7o para te movimentares, mas n\u00e3o muito skinny. (Se queres o estilo slim, mas n\u00e3o a sensa\u00e7\u00e3o, esta \u00e9 uma \u00f3tima alternativa.) Com um corte justo na anca e na coxa, o 511\u2122 Slim \u00e9 perfeito e fica bem com tudo &#8211; sem parecer que est\u00e1s a esfor\u00e7ar-te muito. Os [&hellip;]","og_url":"https:\/\/www.guibutik.pt\/loja\/produto\/jeans-511-h-levis-3\/","og_site_name":"Guibutik","article_publisher":"https:\/\/www.facebook.com\/guibutik\/","article_modified_time":"2026-03-06T17:39:40+00:00","og_image":[{"width":1690,"height":1857,"url":"https:\/\/www.guibutik.pt\/loja\/wp-content\/uploads\/2025\/09\/04511-1507.jpg","type":"image\/jpeg"}],"twitter_card":"summary_large_image","twitter_misc":{"Tempo estimado de leitura":"2 minutos"},"schema":{"@context":"https:\/\/schema.org","@graph":[{"@type":"WebPage","@id":"https:\/\/www.guibutik.pt\/loja\/produto\/jeans-511-h-levis-3\/","url":"https:\/\/www.guibutik.pt\/loja\/produto\/jeans-511-h-levis-3\/","name":"Jeans 511 H Levi's - Guibutik","isPartOf":{"@id":"https:\/\/www.guibutik.pt\/loja\/#website"},"primaryImageOfPage":{"@id":"https:\/\/www.guibutik.pt\/loja\/produto\/jeans-511-h-levis-3\/#primaryimage"},"image":{"@id":"https:\/\/www.guibutik.pt\/loja\/produto\/jeans-511-h-levis-3\/#primaryimage"},"thumbnailUrl":"https:\/\/www.guibutik.pt\/loja\/wp-content\/uploads\/2025\/09\/04511-1507.jpg","datePublished":"2025-09-30T12:36:41+00:00","dateModified":"2026-03-06T17:39:40+00:00","breadcrumb":{"@id":"https:\/\/www.guibutik.pt\/loja\/produto\/jeans-511-h-levis-3\/#breadcrumb"},"inLanguage":"pt-PT","potentialAction":[{"@type":"ReadAction","target":["https:\/\/www.guibutik.pt\/loja\/produto\/jeans-511-h-levis-3\/"]}]},{"@type":"ImageObject","inLanguage":"pt-PT","@id":"https:\/\/www.guibutik.pt\/loja\/produto\/jeans-511-h-levis-3\/#primaryimage","url":"https:\/\/www.guibutik.pt\/loja\/wp-content\/uploads\/2025\/09\/04511-1507.jpg","contentUrl":"https:\/\/www.guibutik.pt\/loja\/wp-content\/uploads\/2025\/09\/04511-1507.jpg","width":1690,"height":1857},{"@type":"BreadcrumbList","@id":"https:\/\/www.guibutik.pt\/loja\/produto\/jeans-511-h-levis-3\/#breadcrumb","itemListElement":[{"@type":"ListItem","position":1,"name":"In\u00edcio","item":"https:\/\/www.guibutik.pt\/loja\/"},{"@type":"ListItem","position":2,"name":"Loja","item":"https:\/\/www.guibutik.pt\/loja\/shop\/"},{"@type":"ListItem","position":3,"name":"Jeans 511 H Levi&#8217;s"}]},{"@type":"WebSite","@id":"https:\/\/www.guibutik.pt\/loja\/#website","url":"https:\/\/www.guibutik.pt\/loja\/","name":"Guibutik","description":"Moda e Sapataria","potentialAction":[{"@type":"SearchAction","target":{"@type":"EntryPoint","urlTemplate":"https:\/\/www.guibutik.pt\/loja\/?s={search_term_string}"},"query-input":{"@type":"PropertyValueSpecification","valueRequired":true,"valueName":"search_term_string"}}],"inLanguage":"pt-PT"}]}},"_links":{"self":[{"href":"https:\/\/www.guibutik.pt\/loja\/wp-json\/wp\/v2\/product\/77180","targetHints":{"allow":["GET"]}}],"collection":[{"href":"https:\/\/www.guibutik.pt\/loja\/wp-json\/wp\/v2\/product"}],"about":[{"href":"https:\/\/www.guibutik.pt\/loja\/wp-json\/wp\/v2\/types\/product"}],"replies":[{"embeddable":true,"href":"https:\/\/www.guibutik.pt\/loja\/wp-json\/wp\/v2\/comments?post=77180"}],"wp:featuredmedia":[{"embeddable":true,"href":"https:\/\/www.guibutik.pt\/loja\/wp-json\/wp\/v2\/media\/77192"}],"wp:attachment":[{"href":"https:\/\/www.guibutik.pt\/loja\/wp-json\/wp\/v2\/media?parent=77180"}],"wp:term":[{"taxonomy":"product_cat","embeddable":true,"href":"https:\/\/www.guibutik.pt\/loja\/wp-json\/wp\/v2\/product_cat?post=77180"},{"taxonomy":"product_tag","embeddable":true,"href":"https:\/\/www.guibutik.pt\/loja\/wp-json\/wp\/v2\/product_tag?post=77180"}],"curies":[{"name":"wp","href":"https:\/\/api.w.org\/{rel}","templated":true}]}}