{"id":76977,"date":"2025-09-27T10:55:10","date_gmt":"2025-09-27T09:55:10","guid":{"rendered":"https:\/\/www.guibutik.pt\/loja\/?post_type=product&#038;p=76977"},"modified":"2026-02-06T18:00:13","modified_gmt":"2026-02-06T17:00:13","slug":"chinelo-hartwick-h-gioseppo","status":"publish","type":"product","link":"https:\/\/www.guibutik.pt\/loja\/produto\/chinelo-hartwick-h-gioseppo\/","title":{"rendered":"Chinelo Hartwick H Gioseppo"},"content":{"rendered":"<p>Voc\u00ea est\u00e1 procurando o modelo perfeito? Chinelos de casa de pelo cinza com detalhe em cor contrastante. Palmilha remov\u00edvel feita de poli\u00e9ster reciclado. Forro respir\u00e1vel. Sola de borracha natural com fragmentos de EVA reciclado. Descubra as novidades da Hot Potatoes.<\/p>\n","protected":false},"excerpt":{"rendered":"<p>Voc\u00ea est\u00e1 procurando o modelo perfeito? Chinelos de casa de pelo cinza com detalhe em cor contrastante. Palmilha remov\u00edvel feita de poli\u00e9ster reciclado. Forro respir\u00e1vel. Sola de borracha natural com fragmentos de EVA reciclado. Descubra as novidades da Hot Potatoes.<\/p>\n","protected":false},"featured_media":76992,"comment_status":"closed","ping_status":"closed","template":"","meta":[],"product_cat":[279,221],"product_tag":[],"class_list":{"0":"post-76977","1":"product","2":"type-product","3":"status-publish","4":"has-post-thumbnail","6":"product_cat-chinelos","7":"product_cat-homem","8":"ts_product_brand-gioseppo","10":"first","11":"instock","12":"shipping-taxable","13":"purchasable","14":"product-type-variable"},"yoast_head":"<!-- This site is optimized with the Yoast SEO plugin v27.4 - https:\/\/yoast.com\/product\/yoast-seo-wordpress\/ -->\n<title>Chinelo Hartwick H Gioseppo - Guibutik<\/title>\n<meta name=\"robots\" content=\"index, follow, max-snippet:-1, max-image-preview:large, max-video-preview:-1\" \/>\n<link rel=\"canonical\" href=\"https:\/\/www.guibutik.pt\/loja\/produto\/chinelo-hartwick-h-gioseppo\/\" \/>\n<meta property=\"og:locale\" content=\"pt_PT\" \/>\n<meta property=\"og:type\" content=\"article\" \/>\n<meta property=\"og:title\" content=\"Chinelo Hartwick H Gioseppo - Guibutik\" \/>\n<meta property=\"og:description\" content=\"Voc\u00ea est\u00e1 procurando o modelo perfeito? Chinelos de casa de pelo cinza com detalhe em cor contrastante. Palmilha remov\u00edvel feita de poli\u00e9ster reciclado. Forro respir\u00e1vel. Sola de borracha natural com fragmentos de EVA reciclado. Descubra as novidades da Hot Potatoes.\" \/>\n<meta property=\"og:url\" content=\"https:\/\/www.guibutik.pt\/loja\/produto\/chinelo-hartwick-h-gioseppo\/\" \/>\n<meta property=\"og:site_name\" content=\"Guibutik\" \/>\n<meta property=\"article:publisher\" content=\"https:\/\/www.facebook.com\/guibutik\/\" \/>\n<meta property=\"article:modified_time\" content=\"2026-02-06T17:00:13+00:00\" \/>\n<meta property=\"og:image\" content=\"https:\/\/www.guibutik.pt\/loja\/wp-content\/uploads\/2025\/09\/73888_gris_04_1.jpg\" \/>\n\t<meta property=\"og:image:width\" content=\"843\" \/>\n\t<meta property=\"og:image:height\" content=\"1200\" \/>\n\t<meta property=\"og:image:type\" content=\"image\/jpeg\" \/>\n<meta name=\"twitter:card\" content=\"summary_large_image\" \/>\n<meta name=\"twitter:label1\" content=\"Tempo estimado de leitura\" \/>\n\t<meta name=\"twitter:data1\" content=\"1 minuto\" \/>\n<script type=\"application\/ld+json\" class=\"yoast-schema-graph\">{\"@context\":\"https:\\\/\\\/schema.org\",\"@graph\":[{\"@type\":\"WebPage\",\"@id\":\"https:\\\/\\\/www.guibutik.pt\\\/loja\\\/produto\\\/chinelo-hartwick-h-gioseppo\\\/\",\"url\":\"https:\\\/\\\/www.guibutik.pt\\\/loja\\\/produto\\\/chinelo-hartwick-h-gioseppo\\\/\",\"name\":\"Chinelo Hartwick H Gioseppo - Guibutik\",\"isPartOf\":{\"@id\":\"https:\\\/\\\/www.guibutik.pt\\\/loja\\\/#website\"},\"primaryImageOfPage\":{\"@id\":\"https:\\\/\\\/www.guibutik.pt\\\/loja\\\/produto\\\/chinelo-hartwick-h-gioseppo\\\/#primaryimage\"},\"image\":{\"@id\":\"https:\\\/\\\/www.guibutik.pt\\\/loja\\\/produto\\\/chinelo-hartwick-h-gioseppo\\\/#primaryimage\"},\"thumbnailUrl\":\"https:\\\/\\\/www.guibutik.pt\\\/loja\\\/wp-content\\\/uploads\\\/2025\\\/09\\\/73888_gris_04_1.jpg\",\"datePublished\":\"2025-09-27T09:55:10+00:00\",\"dateModified\":\"2026-02-06T17:00:13+00:00\",\"breadcrumb\":{\"@id\":\"https:\\\/\\\/www.guibutik.pt\\\/loja\\\/produto\\\/chinelo-hartwick-h-gioseppo\\\/#breadcrumb\"},\"inLanguage\":\"pt-PT\",\"potentialAction\":[{\"@type\":\"ReadAction\",\"target\":[\"https:\\\/\\\/www.guibutik.pt\\\/loja\\\/produto\\\/chinelo-hartwick-h-gioseppo\\\/\"]}]},{\"@type\":\"ImageObject\",\"inLanguage\":\"pt-PT\",\"@id\":\"https:\\\/\\\/www.guibutik.pt\\\/loja\\\/produto\\\/chinelo-hartwick-h-gioseppo\\\/#primaryimage\",\"url\":\"https:\\\/\\\/www.guibutik.pt\\\/loja\\\/wp-content\\\/uploads\\\/2025\\\/09\\\/73888_gris_04_1.jpg\",\"contentUrl\":\"https:\\\/\\\/www.guibutik.pt\\\/loja\\\/wp-content\\\/uploads\\\/2025\\\/09\\\/73888_gris_04_1.jpg\",\"width\":843,\"height\":1200},{\"@type\":\"BreadcrumbList\",\"@id\":\"https:\\\/\\\/www.guibutik.pt\\\/loja\\\/produto\\\/chinelo-hartwick-h-gioseppo\\\/#breadcrumb\",\"itemListElement\":[{\"@type\":\"ListItem\",\"position\":1,\"name\":\"In\u00edcio\",\"item\":\"https:\\\/\\\/www.guibutik.pt\\\/loja\\\/\"},{\"@type\":\"ListItem\",\"position\":2,\"name\":\"Loja\",\"item\":\"https:\\\/\\\/www.guibutik.pt\\\/loja\\\/shop\\\/\"},{\"@type\":\"ListItem\",\"position\":3,\"name\":\"Chinelo Hartwick H Gioseppo\"}]},{\"@type\":\"WebSite\",\"@id\":\"https:\\\/\\\/www.guibutik.pt\\\/loja\\\/#website\",\"url\":\"https:\\\/\\\/www.guibutik.pt\\\/loja\\\/\",\"name\":\"Guibutik\",\"description\":\"Moda e Sapataria\",\"potentialAction\":[{\"@type\":\"SearchAction\",\"target\":{\"@type\":\"EntryPoint\",\"urlTemplate\":\"https:\\\/\\\/www.guibutik.pt\\\/loja\\\/?s={search_term_string}\"},\"query-input\":{\"@type\":\"PropertyValueSpecification\",\"valueRequired\":true,\"valueName\":\"search_term_string\"}}],\"inLanguage\":\"pt-PT\"}]}<\/script>\n<!-- \/ Yoast SEO plugin. -->","yoast_head_json":{"title":"Chinelo Hartwick H Gioseppo - Guibutik","robots":{"index":"index","follow":"follow","max-snippet":"max-snippet:-1","max-image-preview":"max-image-preview:large","max-video-preview":"max-video-preview:-1"},"canonical":"https:\/\/www.guibutik.pt\/loja\/produto\/chinelo-hartwick-h-gioseppo\/","og_locale":"pt_PT","og_type":"article","og_title":"Chinelo Hartwick H Gioseppo - Guibutik","og_description":"Voc\u00ea est\u00e1 procurando o modelo perfeito? Chinelos de casa de pelo cinza com detalhe em cor contrastante. Palmilha remov\u00edvel feita de poli\u00e9ster reciclado. Forro respir\u00e1vel. Sola de borracha natural com fragmentos de EVA reciclado. Descubra as novidades da Hot Potatoes.","og_url":"https:\/\/www.guibutik.pt\/loja\/produto\/chinelo-hartwick-h-gioseppo\/","og_site_name":"Guibutik","article_publisher":"https:\/\/www.facebook.com\/guibutik\/","article_modified_time":"2026-02-06T17:00:13+00:00","og_image":[{"width":843,"height":1200,"url":"https:\/\/www.guibutik.pt\/loja\/wp-content\/uploads\/2025\/09\/73888_gris_04_1.jpg","type":"image\/jpeg"}],"twitter_card":"summary_large_image","twitter_misc":{"Tempo estimado de leitura":"1 minuto"},"schema":{"@context":"https:\/\/schema.org","@graph":[{"@type":"WebPage","@id":"https:\/\/www.guibutik.pt\/loja\/produto\/chinelo-hartwick-h-gioseppo\/","url":"https:\/\/www.guibutik.pt\/loja\/produto\/chinelo-hartwick-h-gioseppo\/","name":"Chinelo Hartwick H Gioseppo - Guibutik","isPartOf":{"@id":"https:\/\/www.guibutik.pt\/loja\/#website"},"primaryImageOfPage":{"@id":"https:\/\/www.guibutik.pt\/loja\/produto\/chinelo-hartwick-h-gioseppo\/#primaryimage"},"image":{"@id":"https:\/\/www.guibutik.pt\/loja\/produto\/chinelo-hartwick-h-gioseppo\/#primaryimage"},"thumbnailUrl":"https:\/\/www.guibutik.pt\/loja\/wp-content\/uploads\/2025\/09\/73888_gris_04_1.jpg","datePublished":"2025-09-27T09:55:10+00:00","dateModified":"2026-02-06T17:00:13+00:00","breadcrumb":{"@id":"https:\/\/www.guibutik.pt\/loja\/produto\/chinelo-hartwick-h-gioseppo\/#breadcrumb"},"inLanguage":"pt-PT","potentialAction":[{"@type":"ReadAction","target":["https:\/\/www.guibutik.pt\/loja\/produto\/chinelo-hartwick-h-gioseppo\/"]}]},{"@type":"ImageObject","inLanguage":"pt-PT","@id":"https:\/\/www.guibutik.pt\/loja\/produto\/chinelo-hartwick-h-gioseppo\/#primaryimage","url":"https:\/\/www.guibutik.pt\/loja\/wp-content\/uploads\/2025\/09\/73888_gris_04_1.jpg","contentUrl":"https:\/\/www.guibutik.pt\/loja\/wp-content\/uploads\/2025\/09\/73888_gris_04_1.jpg","width":843,"height":1200},{"@type":"BreadcrumbList","@id":"https:\/\/www.guibutik.pt\/loja\/produto\/chinelo-hartwick-h-gioseppo\/#breadcrumb","itemListElement":[{"@type":"ListItem","position":1,"name":"In\u00edcio","item":"https:\/\/www.guibutik.pt\/loja\/"},{"@type":"ListItem","position":2,"name":"Loja","item":"https:\/\/www.guibutik.pt\/loja\/shop\/"},{"@type":"ListItem","position":3,"name":"Chinelo Hartwick H Gioseppo"}]},{"@type":"WebSite","@id":"https:\/\/www.guibutik.pt\/loja\/#website","url":"https:\/\/www.guibutik.pt\/loja\/","name":"Guibutik","description":"Moda e Sapataria","potentialAction":[{"@type":"SearchAction","target":{"@type":"EntryPoint","urlTemplate":"https:\/\/www.guibutik.pt\/loja\/?s={search_term_string}"},"query-input":{"@type":"PropertyValueSpecification","valueRequired":true,"valueName":"search_term_string"}}],"inLanguage":"pt-PT"}]}},"_links":{"self":[{"href":"https:\/\/www.guibutik.pt\/loja\/wp-json\/wp\/v2\/product\/76977","targetHints":{"allow":["GET"]}}],"collection":[{"href":"https:\/\/www.guibutik.pt\/loja\/wp-json\/wp\/v2\/product"}],"about":[{"href":"https:\/\/www.guibutik.pt\/loja\/wp-json\/wp\/v2\/types\/product"}],"replies":[{"embeddable":true,"href":"https:\/\/www.guibutik.pt\/loja\/wp-json\/wp\/v2\/comments?post=76977"}],"wp:featuredmedia":[{"embeddable":true,"href":"https:\/\/www.guibutik.pt\/loja\/wp-json\/wp\/v2\/media\/76992"}],"wp:attachment":[{"href":"https:\/\/www.guibutik.pt\/loja\/wp-json\/wp\/v2\/media?parent=76977"}],"wp:term":[{"taxonomy":"product_cat","embeddable":true,"href":"https:\/\/www.guibutik.pt\/loja\/wp-json\/wp\/v2\/product_cat?post=76977"},{"taxonomy":"product_tag","embeddable":true,"href":"https:\/\/www.guibutik.pt\/loja\/wp-json\/wp\/v2\/product_tag?post=76977"}],"curies":[{"name":"wp","href":"https:\/\/api.w.org\/{rel}","templated":true}]}}