{"id":76902,"date":"2025-09-26T10:37:11","date_gmt":"2025-09-26T09:37:11","guid":{"rendered":"https:\/\/www.guibutik.pt\/loja\/?post_type=product&#038;p=76902"},"modified":"2026-03-07T16:32:49","modified_gmt":"2026-03-07T15:32:49","slug":"sapatilha-steppieup-r-geox","status":"publish","type":"product","link":"https:\/\/www.guibutik.pt\/loja\/produto\/sapatilha-steppieup-r-geox\/","title":{"rendered":"Sapatilha Steppieup R Geox"},"content":{"rendered":"<p>Sneakers low-cut baby leves e extremamente confort\u00e1veis, que recriam a sensa\u00e7\u00e3o natural de caminhar com p\u00e9s descal\u00e7os. Aqui declinados em azul marinho com detalhes verde, os Steppieup s\u00e3o f\u00e1ceis de ajustar gra\u00e7as ao pr\u00e1tico fecho com tira dupla. Realizado em napa muito macia, este modelo garante bem-estar e prote\u00e7\u00e3o ao p\u00e9 gra\u00e7as \u00e0 sola especial fina e extra flex\u00edvel e aos refor\u00e7os na biqueira.<\/p>\n<p>Parte superior: 100% Pele<br \/>\nForro: 100% Pele<\/p>\n<p class=\"m-0\">Sola: 100% Borracha<br \/>\nPalmilha: 100% Pele<\/p>\n<div class=\"h2 pdp-technology-title\" data-seo-label=\"technological line respira\"><span class=\"small-title\">GAMA TECNOL\u00d3GICA<\/span>\u00a0Respira<sup>TM<\/sup><\/div>\n<h3 class=\"pdp-technology-descr\">A tecnologia Geox original que combina uma sola perfurada e uma membrana imperme\u00e1vel respir\u00e1vel.<\/h3>\n","protected":false},"excerpt":{"rendered":"<p>Sneakers low-cut baby leves e extremamente confort\u00e1veis, que recriam a sensa\u00e7\u00e3o natural de caminhar com p\u00e9s descal\u00e7os. Aqui declinados em azul marinho com detalhes verde, os Steppieup s\u00e3o f\u00e1ceis de ajustar gra\u00e7as ao pr\u00e1tico fecho com tira dupla. Realizado em napa muito macia, este modelo garante bem-estar e prote\u00e7\u00e3o ao p\u00e9 gra\u00e7as \u00e0 sola especial [&hellip;]<\/p>\n","protected":false},"featured_media":76913,"comment_status":"closed","ping_status":"closed","template":"","meta":[],"product_cat":[295,267,235,553],"product_tag":[],"class_list":{"0":"post-76902","1":"product","2":"type-product","3":"status-publish","4":"has-post-thumbnail","6":"product_cat-calcado-rapaz","7":"product_cat-crianca","8":"product_cat-rapaz","9":"product_cat-sapatilha-calcado-rapaz","10":"ts_product_brand-geox","12":"first","13":"instock","14":"shipping-taxable","15":"purchasable","16":"product-type-variable"},"yoast_head":"<!-- This site is optimized with the Yoast SEO plugin v27.4 - https:\/\/yoast.com\/product\/yoast-seo-wordpress\/ -->\n<title>Sapatilha Steppieup R Geox - Guibutik<\/title>\n<meta name=\"robots\" content=\"index, follow, max-snippet:-1, max-image-preview:large, max-video-preview:-1\" \/>\n<link rel=\"canonical\" href=\"https:\/\/www.guibutik.pt\/loja\/produto\/sapatilha-steppieup-r-geox\/\" \/>\n<meta property=\"og:locale\" content=\"pt_PT\" \/>\n<meta property=\"og:type\" content=\"article\" \/>\n<meta property=\"og:title\" content=\"Sapatilha Steppieup R Geox - Guibutik\" \/>\n<meta property=\"og:description\" content=\"Sneakers low-cut baby leves e extremamente confort\u00e1veis, que recriam a sensa\u00e7\u00e3o natural de caminhar com p\u00e9s descal\u00e7os. Aqui declinados em azul marinho com detalhes verde, os Steppieup s\u00e3o f\u00e1ceis de ajustar gra\u00e7as ao pr\u00e1tico fecho com tira dupla. Realizado em napa muito macia, este modelo garante bem-estar e prote\u00e7\u00e3o ao p\u00e9 gra\u00e7as \u00e0 sola especial [&hellip;]\" \/>\n<meta property=\"og:url\" content=\"https:\/\/www.guibutik.pt\/loja\/produto\/sapatilha-steppieup-r-geox\/\" \/>\n<meta property=\"og:site_name\" content=\"Guibutik\" \/>\n<meta property=\"article:publisher\" content=\"https:\/\/www.facebook.com\/guibutik\/\" \/>\n<meta property=\"article:modified_time\" content=\"2026-03-07T15:32:49+00:00\" \/>\n<meta property=\"og:image\" content=\"https:\/\/www.guibutik.pt\/loja\/wp-content\/uploads\/2025\/09\/B465WA.webp\" \/>\n\t<meta property=\"og:image:width\" content=\"600\" \/>\n\t<meta property=\"og:image:height\" content=\"600\" \/>\n\t<meta property=\"og:image:type\" content=\"image\/webp\" \/>\n<meta name=\"twitter:card\" content=\"summary_large_image\" \/>\n<meta name=\"twitter:label1\" content=\"Tempo estimado de leitura\" \/>\n\t<meta name=\"twitter:data1\" content=\"1 minuto\" \/>\n<script type=\"application\/ld+json\" class=\"yoast-schema-graph\">{\"@context\":\"https:\\\/\\\/schema.org\",\"@graph\":[{\"@type\":\"WebPage\",\"@id\":\"https:\\\/\\\/www.guibutik.pt\\\/loja\\\/produto\\\/sapatilha-steppieup-r-geox\\\/\",\"url\":\"https:\\\/\\\/www.guibutik.pt\\\/loja\\\/produto\\\/sapatilha-steppieup-r-geox\\\/\",\"name\":\"Sapatilha Steppieup R Geox - Guibutik\",\"isPartOf\":{\"@id\":\"https:\\\/\\\/www.guibutik.pt\\\/loja\\\/#website\"},\"primaryImageOfPage\":{\"@id\":\"https:\\\/\\\/www.guibutik.pt\\\/loja\\\/produto\\\/sapatilha-steppieup-r-geox\\\/#primaryimage\"},\"image\":{\"@id\":\"https:\\\/\\\/www.guibutik.pt\\\/loja\\\/produto\\\/sapatilha-steppieup-r-geox\\\/#primaryimage\"},\"thumbnailUrl\":\"https:\\\/\\\/www.guibutik.pt\\\/loja\\\/wp-content\\\/uploads\\\/2025\\\/09\\\/B465WA.webp\",\"datePublished\":\"2025-09-26T09:37:11+00:00\",\"dateModified\":\"2026-03-07T15:32:49+00:00\",\"breadcrumb\":{\"@id\":\"https:\\\/\\\/www.guibutik.pt\\\/loja\\\/produto\\\/sapatilha-steppieup-r-geox\\\/#breadcrumb\"},\"inLanguage\":\"pt-PT\",\"potentialAction\":[{\"@type\":\"ReadAction\",\"target\":[\"https:\\\/\\\/www.guibutik.pt\\\/loja\\\/produto\\\/sapatilha-steppieup-r-geox\\\/\"]}]},{\"@type\":\"ImageObject\",\"inLanguage\":\"pt-PT\",\"@id\":\"https:\\\/\\\/www.guibutik.pt\\\/loja\\\/produto\\\/sapatilha-steppieup-r-geox\\\/#primaryimage\",\"url\":\"https:\\\/\\\/www.guibutik.pt\\\/loja\\\/wp-content\\\/uploads\\\/2025\\\/09\\\/B465WA.webp\",\"contentUrl\":\"https:\\\/\\\/www.guibutik.pt\\\/loja\\\/wp-content\\\/uploads\\\/2025\\\/09\\\/B465WA.webp\",\"width\":600,\"height\":600},{\"@type\":\"BreadcrumbList\",\"@id\":\"https:\\\/\\\/www.guibutik.pt\\\/loja\\\/produto\\\/sapatilha-steppieup-r-geox\\\/#breadcrumb\",\"itemListElement\":[{\"@type\":\"ListItem\",\"position\":1,\"name\":\"In\u00edcio\",\"item\":\"https:\\\/\\\/www.guibutik.pt\\\/loja\\\/\"},{\"@type\":\"ListItem\",\"position\":2,\"name\":\"Loja\",\"item\":\"https:\\\/\\\/www.guibutik.pt\\\/loja\\\/shop\\\/\"},{\"@type\":\"ListItem\",\"position\":3,\"name\":\"Sapatilha Steppieup R Geox\"}]},{\"@type\":\"WebSite\",\"@id\":\"https:\\\/\\\/www.guibutik.pt\\\/loja\\\/#website\",\"url\":\"https:\\\/\\\/www.guibutik.pt\\\/loja\\\/\",\"name\":\"Guibutik\",\"description\":\"Moda e Sapataria\",\"potentialAction\":[{\"@type\":\"SearchAction\",\"target\":{\"@type\":\"EntryPoint\",\"urlTemplate\":\"https:\\\/\\\/www.guibutik.pt\\\/loja\\\/?s={search_term_string}\"},\"query-input\":{\"@type\":\"PropertyValueSpecification\",\"valueRequired\":true,\"valueName\":\"search_term_string\"}}],\"inLanguage\":\"pt-PT\"}]}<\/script>\n<!-- \/ Yoast SEO plugin. -->","yoast_head_json":{"title":"Sapatilha Steppieup R Geox - Guibutik","robots":{"index":"index","follow":"follow","max-snippet":"max-snippet:-1","max-image-preview":"max-image-preview:large","max-video-preview":"max-video-preview:-1"},"canonical":"https:\/\/www.guibutik.pt\/loja\/produto\/sapatilha-steppieup-r-geox\/","og_locale":"pt_PT","og_type":"article","og_title":"Sapatilha Steppieup R Geox - Guibutik","og_description":"Sneakers low-cut baby leves e extremamente confort\u00e1veis, que recriam a sensa\u00e7\u00e3o natural de caminhar com p\u00e9s descal\u00e7os. Aqui declinados em azul marinho com detalhes verde, os Steppieup s\u00e3o f\u00e1ceis de ajustar gra\u00e7as ao pr\u00e1tico fecho com tira dupla. Realizado em napa muito macia, este modelo garante bem-estar e prote\u00e7\u00e3o ao p\u00e9 gra\u00e7as \u00e0 sola especial [&hellip;]","og_url":"https:\/\/www.guibutik.pt\/loja\/produto\/sapatilha-steppieup-r-geox\/","og_site_name":"Guibutik","article_publisher":"https:\/\/www.facebook.com\/guibutik\/","article_modified_time":"2026-03-07T15:32:49+00:00","og_image":[{"width":600,"height":600,"url":"https:\/\/www.guibutik.pt\/loja\/wp-content\/uploads\/2025\/09\/B465WA.webp","type":"image\/webp"}],"twitter_card":"summary_large_image","twitter_misc":{"Tempo estimado de leitura":"1 minuto"},"schema":{"@context":"https:\/\/schema.org","@graph":[{"@type":"WebPage","@id":"https:\/\/www.guibutik.pt\/loja\/produto\/sapatilha-steppieup-r-geox\/","url":"https:\/\/www.guibutik.pt\/loja\/produto\/sapatilha-steppieup-r-geox\/","name":"Sapatilha Steppieup R Geox - Guibutik","isPartOf":{"@id":"https:\/\/www.guibutik.pt\/loja\/#website"},"primaryImageOfPage":{"@id":"https:\/\/www.guibutik.pt\/loja\/produto\/sapatilha-steppieup-r-geox\/#primaryimage"},"image":{"@id":"https:\/\/www.guibutik.pt\/loja\/produto\/sapatilha-steppieup-r-geox\/#primaryimage"},"thumbnailUrl":"https:\/\/www.guibutik.pt\/loja\/wp-content\/uploads\/2025\/09\/B465WA.webp","datePublished":"2025-09-26T09:37:11+00:00","dateModified":"2026-03-07T15:32:49+00:00","breadcrumb":{"@id":"https:\/\/www.guibutik.pt\/loja\/produto\/sapatilha-steppieup-r-geox\/#breadcrumb"},"inLanguage":"pt-PT","potentialAction":[{"@type":"ReadAction","target":["https:\/\/www.guibutik.pt\/loja\/produto\/sapatilha-steppieup-r-geox\/"]}]},{"@type":"ImageObject","inLanguage":"pt-PT","@id":"https:\/\/www.guibutik.pt\/loja\/produto\/sapatilha-steppieup-r-geox\/#primaryimage","url":"https:\/\/www.guibutik.pt\/loja\/wp-content\/uploads\/2025\/09\/B465WA.webp","contentUrl":"https:\/\/www.guibutik.pt\/loja\/wp-content\/uploads\/2025\/09\/B465WA.webp","width":600,"height":600},{"@type":"BreadcrumbList","@id":"https:\/\/www.guibutik.pt\/loja\/produto\/sapatilha-steppieup-r-geox\/#breadcrumb","itemListElement":[{"@type":"ListItem","position":1,"name":"In\u00edcio","item":"https:\/\/www.guibutik.pt\/loja\/"},{"@type":"ListItem","position":2,"name":"Loja","item":"https:\/\/www.guibutik.pt\/loja\/shop\/"},{"@type":"ListItem","position":3,"name":"Sapatilha Steppieup R Geox"}]},{"@type":"WebSite","@id":"https:\/\/www.guibutik.pt\/loja\/#website","url":"https:\/\/www.guibutik.pt\/loja\/","name":"Guibutik","description":"Moda e Sapataria","potentialAction":[{"@type":"SearchAction","target":{"@type":"EntryPoint","urlTemplate":"https:\/\/www.guibutik.pt\/loja\/?s={search_term_string}"},"query-input":{"@type":"PropertyValueSpecification","valueRequired":true,"valueName":"search_term_string"}}],"inLanguage":"pt-PT"}]}},"_links":{"self":[{"href":"https:\/\/www.guibutik.pt\/loja\/wp-json\/wp\/v2\/product\/76902","targetHints":{"allow":["GET"]}}],"collection":[{"href":"https:\/\/www.guibutik.pt\/loja\/wp-json\/wp\/v2\/product"}],"about":[{"href":"https:\/\/www.guibutik.pt\/loja\/wp-json\/wp\/v2\/types\/product"}],"replies":[{"embeddable":true,"href":"https:\/\/www.guibutik.pt\/loja\/wp-json\/wp\/v2\/comments?post=76902"}],"wp:featuredmedia":[{"embeddable":true,"href":"https:\/\/www.guibutik.pt\/loja\/wp-json\/wp\/v2\/media\/76913"}],"wp:attachment":[{"href":"https:\/\/www.guibutik.pt\/loja\/wp-json\/wp\/v2\/media?parent=76902"}],"wp:term":[{"taxonomy":"product_cat","embeddable":true,"href":"https:\/\/www.guibutik.pt\/loja\/wp-json\/wp\/v2\/product_cat?post=76902"},{"taxonomy":"product_tag","embeddable":true,"href":"https:\/\/www.guibutik.pt\/loja\/wp-json\/wp\/v2\/product_tag?post=76902"}],"curies":[{"name":"wp","href":"https:\/\/api.w.org\/{rel}","templated":true}]}}