{"id":76797,"date":"2025-09-25T10:34:54","date_gmt":"2025-09-25T09:34:54","guid":{"rendered":"https:\/\/www.guibutik.pt\/loja\/?post_type=product&#038;p=76797"},"modified":"2026-01-23T14:53:49","modified_gmt":"2026-01-23T13:53:49","slug":"blusao-h-timberland-4","status":"publish","type":"product","link":"https:\/\/www.guibutik.pt\/loja\/produto\/blusao-h-timberland-4\/","title":{"rendered":"Blus\u00e3o H Timberland"},"content":{"rendered":"<p>Descobre o bomber Sailor imperme\u00e1vel para homem, com uma cobertura em tecido 100% nylon reciclado e forro em material ReBOTL\u2122 com, pelo menos, 40% de pl\u00e1stico PET reciclado. O capuz embal\u00e1vel ajuda-te a manter tudo em ordem e os bolsos diagonais interiores oferecem-te espa\u00e7o para guardares artigos pequenos. Os punhos canelados e a tecnologia imperme\u00e1vel de n\u00edvel 3 mant\u00eam-te seco e em seguran\u00e7a em quaisquer condi\u00e7\u00f5es meteorol\u00f3gicas. O log\u00f3tipo da \u00e1rvore d\u00e1 um toque arrojado ao teu estilo. Parte \u00e0 aventura com este casaco cheio de estilo.<\/p>\n<p class=\"fw-bold\">Material ReBOTL\u2122<\/p>\n<p class=\"ws-pre-wrap\">O material ReBOTL\u2122 utilizado no vestu\u00e1rio Timberland\u00ae cont\u00e9m, pelo menos, 40% de PET reciclado (polietileno tereftalato reciclado, o material do qual as garrafas de pl\u00e1stico s\u00e3o feitas). O material ReBOTL\u2122 utilizado no cal\u00e7ado e acess\u00f3rios Timberland\u00ae cont\u00e9m, pelo menos, 50% de PET reciclado. (Exceto vest\u00edgios de materiais)<\/p>\n<p class=\"fw-bold\">\u00c0 prova de vento<\/p>\n<p class=\"ws-pre-wrap\">Uma constru\u00e7\u00e3o firme e densa inibe o fluxo de ar atrav\u00e9s da cobertura exterior da pe\u00e7a de vestu\u00e1rio, para que te mantenhas quente e confort\u00e1vel em condi\u00e7\u00f5es meteorol\u00f3gicas adversas.<\/p>\n<div class=\"flex gap-2\"><span class=\"subtitle-4\">Atributos de benef\u00edcio<\/span><\/div>\n<div id=\"base-collapse-v-0-19-3-content\" class=\"overflow-hidden duration\" aria-labelledby=\"base-collapse-v-0-19-3\">\n<div class=\"\" data-test-id=\"vf-accordion-content\">\n<div class=\"body-3 pb-4 pt-2\">\n<ul class=\"grid list-disc gap-4 cols-2\" title=\"Atributos de benef\u00edcio\" data-test-id=\"product-details-bulletin\">\n<li class=\"ml-5\">Isolado<\/li>\n<li class=\"ml-5\">Imperme\u00e1vel<\/li>\n<li class=\"ml-5\">\u00c0 Prova De Vento<\/li>\n<li class=\"ml-5\">Reciclado<\/li>\n<li class=\"ml-5\">Respir\u00e1vel<\/li>\n<\/ul>\n<p>Cuidados de lavagem:<\/p>\n<ul class=\"grid list-disc gap-4 cols-2\" title=\"Detalhes e cuidados\" data-test-id=\"product-details-bulletin\">\n<li class=\"ml-5\">Fechar o fecho antes de lavar<\/li>\n<li class=\"ml-5\">Lavar \u00e0 m\u00e1quina a frio<\/li>\n<li class=\"ml-5\">Programa suave ou delicado<\/li>\n<li class=\"ml-5\">Lavar em separado<\/li>\n<li class=\"ml-5\">Utilizar apenas lix\u00edvia sem cloro, se necess\u00e1rio.<\/li>\n<li class=\"ml-5\">Secar na m\u00e1quina em programa lento<\/li>\n<li class=\"ml-5\">N\u00e3o lavar a seco<\/li>\n<li class=\"ml-5\">Engomar a frio, se necess\u00e1rio<\/li>\n<li class=\"ml-5\">N\u00e3o passar a costura ou as decora\u00e7\u00f5es a ferro<\/li>\n<\/ul>\n<div class=\"flex gap-2\"><span class=\"subtitle-4\">Caracter\u00edsticas<\/span><\/div>\n<div id=\"base-collapse-v-0-19-5-content\" class=\"overflow-hidden duration\" aria-labelledby=\"base-collapse-v-0-19-5\">\n<div class=\"\" data-test-id=\"vf-accordion-content\">\n<div class=\"body-3 pb-4 pt-2\">\n<ul class=\"grid list-disc gap-4 cols-2\" title=\"Caracter\u00edsticas\" data-test-id=\"product-details-bulletin\">\n<li class=\"ml-5\">Descri\u00e7\u00e3o do tecido: Tecido entran\u00e7ado<\/li>\n<li class=\"ml-5\">Composi\u00e7\u00e3o da cobertura: 100% nylon reciclado<\/li>\n<li class=\"ml-5\">Composi\u00e7\u00e3o do forro: Tecido ReBOTL\u2122 com, pelo menos, 40% de pl\u00e1stico PET reciclado<\/li>\n<li class=\"ml-5\">Comprimento das costas no centro: 27,5&#8243; (69,9 cm)<\/li>\n<li class=\"ml-5\">Log\u00f3tipo da \u00e1rvore bordado<\/li>\n<li class=\"ml-5\">Abertura com fecho de correr integral<\/li>\n<li class=\"ml-5\">Capuz embal\u00e1vel<\/li>\n<li class=\"ml-5\">Tecnologia imperme\u00e1vel de n\u00edvel 3 com costuras totalmente seladas<\/li>\n<li class=\"ml-5\">Isolamento em 100% poli\u00e9ster reciclado<\/li>\n<li class=\"ml-5\">Bolso interior<\/li>\n<li class=\"ml-5\">Bolsos diagonais<\/li>\n<li class=\"ml-5\">Punhos canelados<\/li>\n<li class=\"ml-5\">\u00c0 prova de vento<\/li>\n<li class=\"ml-5\">Importadas<\/li>\n<\/ul>\n<\/div>\n<\/div>\n<\/div>\n<\/div>\n<\/div>\n<\/div>\n","protected":false},"excerpt":{"rendered":"<p>Descobre o bomber Sailor imperme\u00e1vel para homem, com uma cobertura em tecido 100% nylon reciclado e forro em material ReBOTL\u2122 com, pelo menos, 40% de pl\u00e1stico PET reciclado. O capuz embal\u00e1vel ajuda-te a manter tudo em ordem e os bolsos diagonais interiores oferecem-te espa\u00e7o para guardares artigos pequenos. Os punhos canelados e a tecnologia imperme\u00e1vel [&hellip;]<\/p>\n","protected":false},"featured_media":76817,"comment_status":"closed","ping_status":"closed","template":"","meta":[],"product_cat":[223,221],"product_tag":[],"class_list":{"0":"post-76797","1":"product","2":"type-product","3":"status-publish","4":"has-post-thumbnail","6":"product_cat-casacos","7":"product_cat-homem","8":"ts_product_brand-timberland","10":"first","11":"instock","12":"shipping-taxable","13":"purchasable","14":"product-type-variable"},"yoast_head":"<!-- This site is optimized with the Yoast SEO plugin v27.4 - https:\/\/yoast.com\/product\/yoast-seo-wordpress\/ -->\n<title>Blus\u00e3o H Timberland - Guibutik<\/title>\n<meta name=\"robots\" content=\"index, follow, max-snippet:-1, max-image-preview:large, max-video-preview:-1\" \/>\n<link rel=\"canonical\" href=\"https:\/\/www.guibutik.pt\/loja\/produto\/blusao-h-timberland-4\/\" \/>\n<meta property=\"og:locale\" content=\"pt_PT\" \/>\n<meta property=\"og:type\" content=\"article\" \/>\n<meta property=\"og:title\" content=\"Blus\u00e3o H Timberland - Guibutik\" \/>\n<meta property=\"og:description\" content=\"Descobre o bomber Sailor imperme\u00e1vel para homem, com uma cobertura em tecido 100% nylon reciclado e forro em material ReBOTL\u2122 com, pelo menos, 40% de pl\u00e1stico PET reciclado. O capuz embal\u00e1vel ajuda-te a manter tudo em ordem e os bolsos diagonais interiores oferecem-te espa\u00e7o para guardares artigos pequenos. Os punhos canelados e a tecnologia imperme\u00e1vel [&hellip;]\" \/>\n<meta property=\"og:url\" content=\"https:\/\/www.guibutik.pt\/loja\/produto\/blusao-h-timberland-4\/\" \/>\n<meta property=\"og:site_name\" content=\"Guibutik\" \/>\n<meta property=\"article:publisher\" content=\"https:\/\/www.facebook.com\/guibutik\/\" \/>\n<meta property=\"article:modified_time\" content=\"2026-01-23T13:53:49+00:00\" \/>\n<meta property=\"og:image\" content=\"https:\/\/www.guibutik.pt\/loja\/wp-content\/uploads\/2025\/09\/A62CF.jpg\" \/>\n\t<meta property=\"og:image:width\" content=\"1300\" \/>\n\t<meta property=\"og:image:height\" content=\"1300\" \/>\n\t<meta property=\"og:image:type\" content=\"image\/jpeg\" \/>\n<meta name=\"twitter:card\" content=\"summary_large_image\" \/>\n<meta name=\"twitter:label1\" content=\"Tempo estimado de leitura\" \/>\n\t<meta name=\"twitter:data1\" content=\"2 minutos\" \/>\n<script type=\"application\/ld+json\" class=\"yoast-schema-graph\">{\"@context\":\"https:\\\/\\\/schema.org\",\"@graph\":[{\"@type\":\"WebPage\",\"@id\":\"https:\\\/\\\/www.guibutik.pt\\\/loja\\\/produto\\\/blusao-h-timberland-4\\\/\",\"url\":\"https:\\\/\\\/www.guibutik.pt\\\/loja\\\/produto\\\/blusao-h-timberland-4\\\/\",\"name\":\"Blus\u00e3o H Timberland - Guibutik\",\"isPartOf\":{\"@id\":\"https:\\\/\\\/www.guibutik.pt\\\/loja\\\/#website\"},\"primaryImageOfPage\":{\"@id\":\"https:\\\/\\\/www.guibutik.pt\\\/loja\\\/produto\\\/blusao-h-timberland-4\\\/#primaryimage\"},\"image\":{\"@id\":\"https:\\\/\\\/www.guibutik.pt\\\/loja\\\/produto\\\/blusao-h-timberland-4\\\/#primaryimage\"},\"thumbnailUrl\":\"https:\\\/\\\/www.guibutik.pt\\\/loja\\\/wp-content\\\/uploads\\\/2025\\\/09\\\/A62CF.jpg\",\"datePublished\":\"2025-09-25T09:34:54+00:00\",\"dateModified\":\"2026-01-23T13:53:49+00:00\",\"breadcrumb\":{\"@id\":\"https:\\\/\\\/www.guibutik.pt\\\/loja\\\/produto\\\/blusao-h-timberland-4\\\/#breadcrumb\"},\"inLanguage\":\"pt-PT\",\"potentialAction\":[{\"@type\":\"ReadAction\",\"target\":[\"https:\\\/\\\/www.guibutik.pt\\\/loja\\\/produto\\\/blusao-h-timberland-4\\\/\"]}]},{\"@type\":\"ImageObject\",\"inLanguage\":\"pt-PT\",\"@id\":\"https:\\\/\\\/www.guibutik.pt\\\/loja\\\/produto\\\/blusao-h-timberland-4\\\/#primaryimage\",\"url\":\"https:\\\/\\\/www.guibutik.pt\\\/loja\\\/wp-content\\\/uploads\\\/2025\\\/09\\\/A62CF.jpg\",\"contentUrl\":\"https:\\\/\\\/www.guibutik.pt\\\/loja\\\/wp-content\\\/uploads\\\/2025\\\/09\\\/A62CF.jpg\",\"width\":1300,\"height\":1300},{\"@type\":\"BreadcrumbList\",\"@id\":\"https:\\\/\\\/www.guibutik.pt\\\/loja\\\/produto\\\/blusao-h-timberland-4\\\/#breadcrumb\",\"itemListElement\":[{\"@type\":\"ListItem\",\"position\":1,\"name\":\"In\u00edcio\",\"item\":\"https:\\\/\\\/www.guibutik.pt\\\/loja\\\/\"},{\"@type\":\"ListItem\",\"position\":2,\"name\":\"Loja\",\"item\":\"https:\\\/\\\/www.guibutik.pt\\\/loja\\\/shop\\\/\"},{\"@type\":\"ListItem\",\"position\":3,\"name\":\"Blus\u00e3o H Timberland\"}]},{\"@type\":\"WebSite\",\"@id\":\"https:\\\/\\\/www.guibutik.pt\\\/loja\\\/#website\",\"url\":\"https:\\\/\\\/www.guibutik.pt\\\/loja\\\/\",\"name\":\"Guibutik\",\"description\":\"Moda e Sapataria\",\"potentialAction\":[{\"@type\":\"SearchAction\",\"target\":{\"@type\":\"EntryPoint\",\"urlTemplate\":\"https:\\\/\\\/www.guibutik.pt\\\/loja\\\/?s={search_term_string}\"},\"query-input\":{\"@type\":\"PropertyValueSpecification\",\"valueRequired\":true,\"valueName\":\"search_term_string\"}}],\"inLanguage\":\"pt-PT\"}]}<\/script>\n<!-- \/ Yoast SEO plugin. -->","yoast_head_json":{"title":"Blus\u00e3o H Timberland - Guibutik","robots":{"index":"index","follow":"follow","max-snippet":"max-snippet:-1","max-image-preview":"max-image-preview:large","max-video-preview":"max-video-preview:-1"},"canonical":"https:\/\/www.guibutik.pt\/loja\/produto\/blusao-h-timberland-4\/","og_locale":"pt_PT","og_type":"article","og_title":"Blus\u00e3o H Timberland - Guibutik","og_description":"Descobre o bomber Sailor imperme\u00e1vel para homem, com uma cobertura em tecido 100% nylon reciclado e forro em material ReBOTL\u2122 com, pelo menos, 40% de pl\u00e1stico PET reciclado. O capuz embal\u00e1vel ajuda-te a manter tudo em ordem e os bolsos diagonais interiores oferecem-te espa\u00e7o para guardares artigos pequenos. Os punhos canelados e a tecnologia imperme\u00e1vel [&hellip;]","og_url":"https:\/\/www.guibutik.pt\/loja\/produto\/blusao-h-timberland-4\/","og_site_name":"Guibutik","article_publisher":"https:\/\/www.facebook.com\/guibutik\/","article_modified_time":"2026-01-23T13:53:49+00:00","og_image":[{"width":1300,"height":1300,"url":"https:\/\/www.guibutik.pt\/loja\/wp-content\/uploads\/2025\/09\/A62CF.jpg","type":"image\/jpeg"}],"twitter_card":"summary_large_image","twitter_misc":{"Tempo estimado de leitura":"2 minutos"},"schema":{"@context":"https:\/\/schema.org","@graph":[{"@type":"WebPage","@id":"https:\/\/www.guibutik.pt\/loja\/produto\/blusao-h-timberland-4\/","url":"https:\/\/www.guibutik.pt\/loja\/produto\/blusao-h-timberland-4\/","name":"Blus\u00e3o H Timberland - Guibutik","isPartOf":{"@id":"https:\/\/www.guibutik.pt\/loja\/#website"},"primaryImageOfPage":{"@id":"https:\/\/www.guibutik.pt\/loja\/produto\/blusao-h-timberland-4\/#primaryimage"},"image":{"@id":"https:\/\/www.guibutik.pt\/loja\/produto\/blusao-h-timberland-4\/#primaryimage"},"thumbnailUrl":"https:\/\/www.guibutik.pt\/loja\/wp-content\/uploads\/2025\/09\/A62CF.jpg","datePublished":"2025-09-25T09:34:54+00:00","dateModified":"2026-01-23T13:53:49+00:00","breadcrumb":{"@id":"https:\/\/www.guibutik.pt\/loja\/produto\/blusao-h-timberland-4\/#breadcrumb"},"inLanguage":"pt-PT","potentialAction":[{"@type":"ReadAction","target":["https:\/\/www.guibutik.pt\/loja\/produto\/blusao-h-timberland-4\/"]}]},{"@type":"ImageObject","inLanguage":"pt-PT","@id":"https:\/\/www.guibutik.pt\/loja\/produto\/blusao-h-timberland-4\/#primaryimage","url":"https:\/\/www.guibutik.pt\/loja\/wp-content\/uploads\/2025\/09\/A62CF.jpg","contentUrl":"https:\/\/www.guibutik.pt\/loja\/wp-content\/uploads\/2025\/09\/A62CF.jpg","width":1300,"height":1300},{"@type":"BreadcrumbList","@id":"https:\/\/www.guibutik.pt\/loja\/produto\/blusao-h-timberland-4\/#breadcrumb","itemListElement":[{"@type":"ListItem","position":1,"name":"In\u00edcio","item":"https:\/\/www.guibutik.pt\/loja\/"},{"@type":"ListItem","position":2,"name":"Loja","item":"https:\/\/www.guibutik.pt\/loja\/shop\/"},{"@type":"ListItem","position":3,"name":"Blus\u00e3o H Timberland"}]},{"@type":"WebSite","@id":"https:\/\/www.guibutik.pt\/loja\/#website","url":"https:\/\/www.guibutik.pt\/loja\/","name":"Guibutik","description":"Moda e Sapataria","potentialAction":[{"@type":"SearchAction","target":{"@type":"EntryPoint","urlTemplate":"https:\/\/www.guibutik.pt\/loja\/?s={search_term_string}"},"query-input":{"@type":"PropertyValueSpecification","valueRequired":true,"valueName":"search_term_string"}}],"inLanguage":"pt-PT"}]}},"_links":{"self":[{"href":"https:\/\/www.guibutik.pt\/loja\/wp-json\/wp\/v2\/product\/76797","targetHints":{"allow":["GET"]}}],"collection":[{"href":"https:\/\/www.guibutik.pt\/loja\/wp-json\/wp\/v2\/product"}],"about":[{"href":"https:\/\/www.guibutik.pt\/loja\/wp-json\/wp\/v2\/types\/product"}],"replies":[{"embeddable":true,"href":"https:\/\/www.guibutik.pt\/loja\/wp-json\/wp\/v2\/comments?post=76797"}],"wp:featuredmedia":[{"embeddable":true,"href":"https:\/\/www.guibutik.pt\/loja\/wp-json\/wp\/v2\/media\/76817"}],"wp:attachment":[{"href":"https:\/\/www.guibutik.pt\/loja\/wp-json\/wp\/v2\/media?parent=76797"}],"wp:term":[{"taxonomy":"product_cat","embeddable":true,"href":"https:\/\/www.guibutik.pt\/loja\/wp-json\/wp\/v2\/product_cat?post=76797"},{"taxonomy":"product_tag","embeddable":true,"href":"https:\/\/www.guibutik.pt\/loja\/wp-json\/wp\/v2\/product_tag?post=76797"}],"curies":[{"name":"wp","href":"https:\/\/api.w.org\/{rel}","templated":true}]}}