{"id":76509,"date":"2025-09-18T18:35:02","date_gmt":"2025-09-18T17:35:02","guid":{"rendered":"https:\/\/www.guibutik.pt\/loja\/?post_type=product&#038;p=76509"},"modified":"2026-03-06T12:56:10","modified_gmt":"2026-03-06T11:56:10","slug":"saia-billieblush","status":"publish","type":"product","link":"https:\/\/www.guibutik.pt\/loja\/produto\/saia-billieblush\/","title":{"rendered":"Saia Billieblush"},"content":{"rendered":"<p>Fa\u00e7a cada momento brilhar com esta excepcional an\u00e1gua BILLIEBLUSH. Seu c\u00f3s el\u00e1stico e emblemas na cintura proporcionam conforto ideal, enquanto os elementos embelezados com lantejoulas no tule e as m\u00faltiplas camadas criam um volume m\u00e1gico. Uma escolha perfeita para adicionar um toque de eleg\u00e2ncia e fantasia ao seu look.<\/p>\n<p>Composi\u00e7\u00e3o: 92 % Poliamida, 8 % Elastano, Forro 100 % Viscose, Guarni\u00e7\u00e3o 100 % Poli\u00e9ster<\/p>\n","protected":false},"excerpt":{"rendered":"<p>Fa\u00e7a cada momento brilhar com esta excepcional an\u00e1gua BILLIEBLUSH. Seu c\u00f3s el\u00e1stico e emblemas na cintura proporcionam conforto ideal, enquanto os elementos embelezados com lantejoulas no tule e as m\u00faltiplas camadas criam um volume m\u00e1gico. Uma escolha perfeita para adicionar um toque de eleg\u00e2ncia e fantasia ao seu look. Composi\u00e7\u00e3o: 92 % Poliamida, 8 % [&hellip;]<\/p>\n","protected":false},"featured_media":76514,"comment_status":"closed","ping_status":"closed","template":"","meta":[],"product_cat":[267,236,516,540],"product_tag":[531],"class_list":{"0":"post-76509","1":"product","2":"type-product","3":"status-publish","4":"has-post-thumbnail","6":"product_cat-crianca","7":"product_cat-menina","8":"product_cat-roupa","9":"product_cat-saias-roupa","10":"product_tag-billieblush","11":"ts_product_brand-billieblush","13":"first","14":"instock","15":"shipping-taxable","16":"purchasable","17":"product-type-variable"},"yoast_head":"<!-- This site is optimized with the Yoast SEO plugin v27.4 - https:\/\/yoast.com\/product\/yoast-seo-wordpress\/ -->\n<title>Saia Billieblush - Guibutik<\/title>\n<meta name=\"robots\" content=\"index, follow, max-snippet:-1, max-image-preview:large, max-video-preview:-1\" \/>\n<link rel=\"canonical\" href=\"https:\/\/www.guibutik.pt\/loja\/produto\/saia-billieblush\/\" \/>\n<meta property=\"og:locale\" content=\"pt_PT\" \/>\n<meta property=\"og:type\" content=\"article\" \/>\n<meta property=\"og:title\" content=\"Saia Billieblush - Guibutik\" \/>\n<meta property=\"og:description\" content=\"Fa\u00e7a cada momento brilhar com esta excepcional an\u00e1gua BILLIEBLUSH. Seu c\u00f3s el\u00e1stico e emblemas na cintura proporcionam conforto ideal, enquanto os elementos embelezados com lantejoulas no tule e as m\u00faltiplas camadas criam um volume m\u00e1gico. Uma escolha perfeita para adicionar um toque de eleg\u00e2ncia e fantasia ao seu look. Composi\u00e7\u00e3o: 92 % Poliamida, 8 % [&hellip;]\" \/>\n<meta property=\"og:url\" content=\"https:\/\/www.guibutik.pt\/loja\/produto\/saia-billieblush\/\" \/>\n<meta property=\"og:site_name\" content=\"Guibutik\" \/>\n<meta property=\"article:publisher\" content=\"https:\/\/www.facebook.com\/guibutik\/\" \/>\n<meta property=\"article:modified_time\" content=\"2026-03-06T11:56:10+00:00\" \/>\n<meta property=\"og:image\" content=\"https:\/\/www.guibutik.pt\/loja\/wp-content\/uploads\/2025\/09\/U21587_85T_001.jpg\" \/>\n\t<meta property=\"og:image:width\" content=\"2000\" \/>\n\t<meta property=\"og:image:height\" content=\"2000\" \/>\n\t<meta property=\"og:image:type\" content=\"image\/jpeg\" \/>\n<meta name=\"twitter:card\" content=\"summary_large_image\" \/>\n<meta name=\"twitter:label1\" content=\"Tempo estimado de leitura\" \/>\n\t<meta name=\"twitter:data1\" content=\"1 minuto\" \/>\n<script type=\"application\/ld+json\" class=\"yoast-schema-graph\">{\"@context\":\"https:\\\/\\\/schema.org\",\"@graph\":[{\"@type\":\"WebPage\",\"@id\":\"https:\\\/\\\/www.guibutik.pt\\\/loja\\\/produto\\\/saia-billieblush\\\/\",\"url\":\"https:\\\/\\\/www.guibutik.pt\\\/loja\\\/produto\\\/saia-billieblush\\\/\",\"name\":\"Saia Billieblush - Guibutik\",\"isPartOf\":{\"@id\":\"https:\\\/\\\/www.guibutik.pt\\\/loja\\\/#website\"},\"primaryImageOfPage\":{\"@id\":\"https:\\\/\\\/www.guibutik.pt\\\/loja\\\/produto\\\/saia-billieblush\\\/#primaryimage\"},\"image\":{\"@id\":\"https:\\\/\\\/www.guibutik.pt\\\/loja\\\/produto\\\/saia-billieblush\\\/#primaryimage\"},\"thumbnailUrl\":\"https:\\\/\\\/www.guibutik.pt\\\/loja\\\/wp-content\\\/uploads\\\/2025\\\/09\\\/U21587_85T_001.jpg\",\"datePublished\":\"2025-09-18T17:35:02+00:00\",\"dateModified\":\"2026-03-06T11:56:10+00:00\",\"breadcrumb\":{\"@id\":\"https:\\\/\\\/www.guibutik.pt\\\/loja\\\/produto\\\/saia-billieblush\\\/#breadcrumb\"},\"inLanguage\":\"pt-PT\",\"potentialAction\":[{\"@type\":\"ReadAction\",\"target\":[\"https:\\\/\\\/www.guibutik.pt\\\/loja\\\/produto\\\/saia-billieblush\\\/\"]}]},{\"@type\":\"ImageObject\",\"inLanguage\":\"pt-PT\",\"@id\":\"https:\\\/\\\/www.guibutik.pt\\\/loja\\\/produto\\\/saia-billieblush\\\/#primaryimage\",\"url\":\"https:\\\/\\\/www.guibutik.pt\\\/loja\\\/wp-content\\\/uploads\\\/2025\\\/09\\\/U21587_85T_001.jpg\",\"contentUrl\":\"https:\\\/\\\/www.guibutik.pt\\\/loja\\\/wp-content\\\/uploads\\\/2025\\\/09\\\/U21587_85T_001.jpg\",\"width\":2000,\"height\":2000},{\"@type\":\"BreadcrumbList\",\"@id\":\"https:\\\/\\\/www.guibutik.pt\\\/loja\\\/produto\\\/saia-billieblush\\\/#breadcrumb\",\"itemListElement\":[{\"@type\":\"ListItem\",\"position\":1,\"name\":\"In\u00edcio\",\"item\":\"https:\\\/\\\/www.guibutik.pt\\\/loja\\\/\"},{\"@type\":\"ListItem\",\"position\":2,\"name\":\"Loja\",\"item\":\"https:\\\/\\\/www.guibutik.pt\\\/loja\\\/shop\\\/\"},{\"@type\":\"ListItem\",\"position\":3,\"name\":\"Saia Billieblush\"}]},{\"@type\":\"WebSite\",\"@id\":\"https:\\\/\\\/www.guibutik.pt\\\/loja\\\/#website\",\"url\":\"https:\\\/\\\/www.guibutik.pt\\\/loja\\\/\",\"name\":\"Guibutik\",\"description\":\"Moda e Sapataria\",\"potentialAction\":[{\"@type\":\"SearchAction\",\"target\":{\"@type\":\"EntryPoint\",\"urlTemplate\":\"https:\\\/\\\/www.guibutik.pt\\\/loja\\\/?s={search_term_string}\"},\"query-input\":{\"@type\":\"PropertyValueSpecification\",\"valueRequired\":true,\"valueName\":\"search_term_string\"}}],\"inLanguage\":\"pt-PT\"}]}<\/script>\n<!-- \/ Yoast SEO plugin. -->","yoast_head_json":{"title":"Saia Billieblush - Guibutik","robots":{"index":"index","follow":"follow","max-snippet":"max-snippet:-1","max-image-preview":"max-image-preview:large","max-video-preview":"max-video-preview:-1"},"canonical":"https:\/\/www.guibutik.pt\/loja\/produto\/saia-billieblush\/","og_locale":"pt_PT","og_type":"article","og_title":"Saia Billieblush - Guibutik","og_description":"Fa\u00e7a cada momento brilhar com esta excepcional an\u00e1gua BILLIEBLUSH. Seu c\u00f3s el\u00e1stico e emblemas na cintura proporcionam conforto ideal, enquanto os elementos embelezados com lantejoulas no tule e as m\u00faltiplas camadas criam um volume m\u00e1gico. Uma escolha perfeita para adicionar um toque de eleg\u00e2ncia e fantasia ao seu look. Composi\u00e7\u00e3o: 92 % Poliamida, 8 % [&hellip;]","og_url":"https:\/\/www.guibutik.pt\/loja\/produto\/saia-billieblush\/","og_site_name":"Guibutik","article_publisher":"https:\/\/www.facebook.com\/guibutik\/","article_modified_time":"2026-03-06T11:56:10+00:00","og_image":[{"width":2000,"height":2000,"url":"https:\/\/www.guibutik.pt\/loja\/wp-content\/uploads\/2025\/09\/U21587_85T_001.jpg","type":"image\/jpeg"}],"twitter_card":"summary_large_image","twitter_misc":{"Tempo estimado de leitura":"1 minuto"},"schema":{"@context":"https:\/\/schema.org","@graph":[{"@type":"WebPage","@id":"https:\/\/www.guibutik.pt\/loja\/produto\/saia-billieblush\/","url":"https:\/\/www.guibutik.pt\/loja\/produto\/saia-billieblush\/","name":"Saia Billieblush - Guibutik","isPartOf":{"@id":"https:\/\/www.guibutik.pt\/loja\/#website"},"primaryImageOfPage":{"@id":"https:\/\/www.guibutik.pt\/loja\/produto\/saia-billieblush\/#primaryimage"},"image":{"@id":"https:\/\/www.guibutik.pt\/loja\/produto\/saia-billieblush\/#primaryimage"},"thumbnailUrl":"https:\/\/www.guibutik.pt\/loja\/wp-content\/uploads\/2025\/09\/U21587_85T_001.jpg","datePublished":"2025-09-18T17:35:02+00:00","dateModified":"2026-03-06T11:56:10+00:00","breadcrumb":{"@id":"https:\/\/www.guibutik.pt\/loja\/produto\/saia-billieblush\/#breadcrumb"},"inLanguage":"pt-PT","potentialAction":[{"@type":"ReadAction","target":["https:\/\/www.guibutik.pt\/loja\/produto\/saia-billieblush\/"]}]},{"@type":"ImageObject","inLanguage":"pt-PT","@id":"https:\/\/www.guibutik.pt\/loja\/produto\/saia-billieblush\/#primaryimage","url":"https:\/\/www.guibutik.pt\/loja\/wp-content\/uploads\/2025\/09\/U21587_85T_001.jpg","contentUrl":"https:\/\/www.guibutik.pt\/loja\/wp-content\/uploads\/2025\/09\/U21587_85T_001.jpg","width":2000,"height":2000},{"@type":"BreadcrumbList","@id":"https:\/\/www.guibutik.pt\/loja\/produto\/saia-billieblush\/#breadcrumb","itemListElement":[{"@type":"ListItem","position":1,"name":"In\u00edcio","item":"https:\/\/www.guibutik.pt\/loja\/"},{"@type":"ListItem","position":2,"name":"Loja","item":"https:\/\/www.guibutik.pt\/loja\/shop\/"},{"@type":"ListItem","position":3,"name":"Saia Billieblush"}]},{"@type":"WebSite","@id":"https:\/\/www.guibutik.pt\/loja\/#website","url":"https:\/\/www.guibutik.pt\/loja\/","name":"Guibutik","description":"Moda e Sapataria","potentialAction":[{"@type":"SearchAction","target":{"@type":"EntryPoint","urlTemplate":"https:\/\/www.guibutik.pt\/loja\/?s={search_term_string}"},"query-input":{"@type":"PropertyValueSpecification","valueRequired":true,"valueName":"search_term_string"}}],"inLanguage":"pt-PT"}]}},"_links":{"self":[{"href":"https:\/\/www.guibutik.pt\/loja\/wp-json\/wp\/v2\/product\/76509","targetHints":{"allow":["GET"]}}],"collection":[{"href":"https:\/\/www.guibutik.pt\/loja\/wp-json\/wp\/v2\/product"}],"about":[{"href":"https:\/\/www.guibutik.pt\/loja\/wp-json\/wp\/v2\/types\/product"}],"replies":[{"embeddable":true,"href":"https:\/\/www.guibutik.pt\/loja\/wp-json\/wp\/v2\/comments?post=76509"}],"wp:featuredmedia":[{"embeddable":true,"href":"https:\/\/www.guibutik.pt\/loja\/wp-json\/wp\/v2\/media\/76514"}],"wp:attachment":[{"href":"https:\/\/www.guibutik.pt\/loja\/wp-json\/wp\/v2\/media?parent=76509"}],"wp:term":[{"taxonomy":"product_cat","embeddable":true,"href":"https:\/\/www.guibutik.pt\/loja\/wp-json\/wp\/v2\/product_cat?post=76509"},{"taxonomy":"product_tag","embeddable":true,"href":"https:\/\/www.guibutik.pt\/loja\/wp-json\/wp\/v2\/product_tag?post=76509"}],"curies":[{"name":"wp","href":"https:\/\/api.w.org\/{rel}","templated":true}]}}