{"id":76224,"date":"2025-09-12T13:00:01","date_gmt":"2025-09-12T12:00:01","guid":{"rendered":"https:\/\/www.guibutik.pt\/loja\/?post_type=product&#038;p=76224"},"modified":"2026-03-06T10:38:14","modified_gmt":"2026-03-06T09:38:14","slug":"sapatilha-gisli-r-geox-4","status":"publish","type":"product","link":"https:\/\/www.guibutik.pt\/loja\/produto\/sapatilha-gisli-r-geox-4\/","title":{"rendered":"Sapatilha Gisli R Geox"},"content":{"rendered":"<p>Sneaker mid-cut rec\u00e9m-nascido com um toque retro que oferece respirabilidade e conforto em cada passo do beb\u00e9. Nesta variante que mistura verde-escuro e preto, este modelo \u00e9 realizado em material efeito pele encerada e nylon para garantir suavidade e resist\u00eancia. Gisli \u00e9 perfeito para completar os looks casuais do dia a dia, apoiando os primeiros movimentos com seguran\u00e7a e estilo.<\/p>\n<p>Composi\u00e7\u00e3o:<\/p>\n<p>Parte superior: 80% Sint\u00e9tico-20% Tecido<br \/>\nForro: 80% Tecido-20% Sint\u00e9tico<\/p>\n<p class=\"m-0\">Sola: 100% Borracha<br \/>\nPalmilha: 100% Tecido<\/p>\n<div class=\"h2 pdp-technology-title\" data-seo-label=\"technological line respira\"><span class=\"small-title\">GAMA TECNOL\u00d3GICA<\/span>\u00a0Respira<sup>TM<\/sup><\/div>\n<h3 class=\"pdp-technology-descr\">A tecnologia Geox original que combina uma sola perfurada e uma membrana imperme\u00e1vel respir\u00e1vel.<\/h3>\n","protected":false},"excerpt":{"rendered":"<p>Sneaker mid-cut rec\u00e9m-nascido com um toque retro que oferece respirabilidade e conforto em cada passo do beb\u00e9. Nesta variante que mistura verde-escuro e preto, este modelo \u00e9 realizado em material efeito pele encerada e nylon para garantir suavidade e resist\u00eancia. Gisli \u00e9 perfeito para completar os looks casuais do dia a dia, apoiando os primeiros [&hellip;]<\/p>\n","protected":false},"featured_media":76238,"comment_status":"closed","ping_status":"closed","template":"","meta":[],"product_cat":[295,267,235,553],"product_tag":[],"class_list":{"0":"post-76224","1":"product","2":"type-product","3":"status-publish","4":"has-post-thumbnail","6":"product_cat-calcado-rapaz","7":"product_cat-crianca","8":"product_cat-rapaz","9":"product_cat-sapatilha-calcado-rapaz","10":"ts_product_brand-geox","12":"first","13":"instock","14":"shipping-taxable","15":"purchasable","16":"product-type-variable"},"yoast_head":"<!-- This site is optimized with the Yoast SEO plugin v27.5 - https:\/\/yoast.com\/product\/yoast-seo-wordpress\/ -->\n<title>Sapatilha Gisli R Geox - Guibutik<\/title>\n<meta name=\"robots\" content=\"index, follow, max-snippet:-1, max-image-preview:large, max-video-preview:-1\" \/>\n<link rel=\"canonical\" href=\"https:\/\/www.guibutik.pt\/loja\/produto\/sapatilha-gisli-r-geox-4\/\" \/>\n<meta property=\"og:locale\" content=\"pt_PT\" \/>\n<meta property=\"og:type\" content=\"article\" \/>\n<meta property=\"og:title\" content=\"Sapatilha Gisli R Geox - Guibutik\" \/>\n<meta property=\"og:description\" content=\"Sneaker mid-cut rec\u00e9m-nascido com um toque retro que oferece respirabilidade e conforto em cada passo do beb\u00e9. Nesta variante que mistura verde-escuro e preto, este modelo \u00e9 realizado em material efeito pele encerada e nylon para garantir suavidade e resist\u00eancia. Gisli \u00e9 perfeito para completar os looks casuais do dia a dia, apoiando os primeiros [&hellip;]\" \/>\n<meta property=\"og:url\" content=\"https:\/\/www.guibutik.pt\/loja\/produto\/sapatilha-gisli-r-geox-4\/\" \/>\n<meta property=\"og:site_name\" content=\"Guibutik\" \/>\n<meta property=\"article:publisher\" content=\"https:\/\/www.facebook.com\/guibutik\/\" \/>\n<meta property=\"article:modified_time\" content=\"2026-03-06T09:38:14+00:00\" \/>\n<meta property=\"og:image\" content=\"https:\/\/www.guibutik.pt\/loja\/wp-content\/uploads\/2025\/09\/B461NC.jpg\" \/>\n\t<meta property=\"og:image:width\" content=\"1024\" \/>\n\t<meta property=\"og:image:height\" content=\"1024\" \/>\n\t<meta property=\"og:image:type\" content=\"image\/jpeg\" \/>\n<meta name=\"twitter:card\" content=\"summary_large_image\" \/>\n<meta name=\"twitter:label1\" content=\"Tempo estimado de leitura\" \/>\n\t<meta name=\"twitter:data1\" content=\"1 minuto\" \/>\n<script type=\"application\/ld+json\" class=\"yoast-schema-graph\">{\"@context\":\"https:\\\/\\\/schema.org\",\"@graph\":[{\"@type\":\"WebPage\",\"@id\":\"https:\\\/\\\/www.guibutik.pt\\\/loja\\\/produto\\\/sapatilha-gisli-r-geox-4\\\/\",\"url\":\"https:\\\/\\\/www.guibutik.pt\\\/loja\\\/produto\\\/sapatilha-gisli-r-geox-4\\\/\",\"name\":\"Sapatilha Gisli R Geox - Guibutik\",\"isPartOf\":{\"@id\":\"https:\\\/\\\/www.guibutik.pt\\\/loja\\\/#website\"},\"primaryImageOfPage\":{\"@id\":\"https:\\\/\\\/www.guibutik.pt\\\/loja\\\/produto\\\/sapatilha-gisli-r-geox-4\\\/#primaryimage\"},\"image\":{\"@id\":\"https:\\\/\\\/www.guibutik.pt\\\/loja\\\/produto\\\/sapatilha-gisli-r-geox-4\\\/#primaryimage\"},\"thumbnailUrl\":\"https:\\\/\\\/www.guibutik.pt\\\/loja\\\/wp-content\\\/uploads\\\/2025\\\/09\\\/B461NC.jpg\",\"datePublished\":\"2025-09-12T12:00:01+00:00\",\"dateModified\":\"2026-03-06T09:38:14+00:00\",\"breadcrumb\":{\"@id\":\"https:\\\/\\\/www.guibutik.pt\\\/loja\\\/produto\\\/sapatilha-gisli-r-geox-4\\\/#breadcrumb\"},\"inLanguage\":\"pt-PT\",\"potentialAction\":[{\"@type\":\"ReadAction\",\"target\":[\"https:\\\/\\\/www.guibutik.pt\\\/loja\\\/produto\\\/sapatilha-gisli-r-geox-4\\\/\"]}]},{\"@type\":\"ImageObject\",\"inLanguage\":\"pt-PT\",\"@id\":\"https:\\\/\\\/www.guibutik.pt\\\/loja\\\/produto\\\/sapatilha-gisli-r-geox-4\\\/#primaryimage\",\"url\":\"https:\\\/\\\/www.guibutik.pt\\\/loja\\\/wp-content\\\/uploads\\\/2025\\\/09\\\/B461NC.jpg\",\"contentUrl\":\"https:\\\/\\\/www.guibutik.pt\\\/loja\\\/wp-content\\\/uploads\\\/2025\\\/09\\\/B461NC.jpg\",\"width\":1024,\"height\":1024},{\"@type\":\"BreadcrumbList\",\"@id\":\"https:\\\/\\\/www.guibutik.pt\\\/loja\\\/produto\\\/sapatilha-gisli-r-geox-4\\\/#breadcrumb\",\"itemListElement\":[{\"@type\":\"ListItem\",\"position\":1,\"name\":\"In\u00edcio\",\"item\":\"https:\\\/\\\/www.guibutik.pt\\\/loja\\\/\"},{\"@type\":\"ListItem\",\"position\":2,\"name\":\"Loja\",\"item\":\"https:\\\/\\\/www.guibutik.pt\\\/loja\\\/shop\\\/\"},{\"@type\":\"ListItem\",\"position\":3,\"name\":\"Sapatilha Gisli R Geox\"}]},{\"@type\":\"WebSite\",\"@id\":\"https:\\\/\\\/www.guibutik.pt\\\/loja\\\/#website\",\"url\":\"https:\\\/\\\/www.guibutik.pt\\\/loja\\\/\",\"name\":\"Guibutik\",\"description\":\"Moda e Sapataria\",\"potentialAction\":[{\"@type\":\"SearchAction\",\"target\":{\"@type\":\"EntryPoint\",\"urlTemplate\":\"https:\\\/\\\/www.guibutik.pt\\\/loja\\\/?s={search_term_string}\"},\"query-input\":{\"@type\":\"PropertyValueSpecification\",\"valueRequired\":true,\"valueName\":\"search_term_string\"}}],\"inLanguage\":\"pt-PT\"}]}<\/script>\n<!-- \/ Yoast SEO plugin. -->","yoast_head_json":{"title":"Sapatilha Gisli R Geox - Guibutik","robots":{"index":"index","follow":"follow","max-snippet":"max-snippet:-1","max-image-preview":"max-image-preview:large","max-video-preview":"max-video-preview:-1"},"canonical":"https:\/\/www.guibutik.pt\/loja\/produto\/sapatilha-gisli-r-geox-4\/","og_locale":"pt_PT","og_type":"article","og_title":"Sapatilha Gisli R Geox - Guibutik","og_description":"Sneaker mid-cut rec\u00e9m-nascido com um toque retro que oferece respirabilidade e conforto em cada passo do beb\u00e9. Nesta variante que mistura verde-escuro e preto, este modelo \u00e9 realizado em material efeito pele encerada e nylon para garantir suavidade e resist\u00eancia. Gisli \u00e9 perfeito para completar os looks casuais do dia a dia, apoiando os primeiros [&hellip;]","og_url":"https:\/\/www.guibutik.pt\/loja\/produto\/sapatilha-gisli-r-geox-4\/","og_site_name":"Guibutik","article_publisher":"https:\/\/www.facebook.com\/guibutik\/","article_modified_time":"2026-03-06T09:38:14+00:00","og_image":[{"width":1024,"height":1024,"url":"https:\/\/www.guibutik.pt\/loja\/wp-content\/uploads\/2025\/09\/B461NC.jpg","type":"image\/jpeg"}],"twitter_card":"summary_large_image","twitter_misc":{"Tempo estimado de leitura":"1 minuto"},"schema":{"@context":"https:\/\/schema.org","@graph":[{"@type":"WebPage","@id":"https:\/\/www.guibutik.pt\/loja\/produto\/sapatilha-gisli-r-geox-4\/","url":"https:\/\/www.guibutik.pt\/loja\/produto\/sapatilha-gisli-r-geox-4\/","name":"Sapatilha Gisli R Geox - Guibutik","isPartOf":{"@id":"https:\/\/www.guibutik.pt\/loja\/#website"},"primaryImageOfPage":{"@id":"https:\/\/www.guibutik.pt\/loja\/produto\/sapatilha-gisli-r-geox-4\/#primaryimage"},"image":{"@id":"https:\/\/www.guibutik.pt\/loja\/produto\/sapatilha-gisli-r-geox-4\/#primaryimage"},"thumbnailUrl":"https:\/\/www.guibutik.pt\/loja\/wp-content\/uploads\/2025\/09\/B461NC.jpg","datePublished":"2025-09-12T12:00:01+00:00","dateModified":"2026-03-06T09:38:14+00:00","breadcrumb":{"@id":"https:\/\/www.guibutik.pt\/loja\/produto\/sapatilha-gisli-r-geox-4\/#breadcrumb"},"inLanguage":"pt-PT","potentialAction":[{"@type":"ReadAction","target":["https:\/\/www.guibutik.pt\/loja\/produto\/sapatilha-gisli-r-geox-4\/"]}]},{"@type":"ImageObject","inLanguage":"pt-PT","@id":"https:\/\/www.guibutik.pt\/loja\/produto\/sapatilha-gisli-r-geox-4\/#primaryimage","url":"https:\/\/www.guibutik.pt\/loja\/wp-content\/uploads\/2025\/09\/B461NC.jpg","contentUrl":"https:\/\/www.guibutik.pt\/loja\/wp-content\/uploads\/2025\/09\/B461NC.jpg","width":1024,"height":1024},{"@type":"BreadcrumbList","@id":"https:\/\/www.guibutik.pt\/loja\/produto\/sapatilha-gisli-r-geox-4\/#breadcrumb","itemListElement":[{"@type":"ListItem","position":1,"name":"In\u00edcio","item":"https:\/\/www.guibutik.pt\/loja\/"},{"@type":"ListItem","position":2,"name":"Loja","item":"https:\/\/www.guibutik.pt\/loja\/shop\/"},{"@type":"ListItem","position":3,"name":"Sapatilha Gisli R Geox"}]},{"@type":"WebSite","@id":"https:\/\/www.guibutik.pt\/loja\/#website","url":"https:\/\/www.guibutik.pt\/loja\/","name":"Guibutik","description":"Moda e Sapataria","potentialAction":[{"@type":"SearchAction","target":{"@type":"EntryPoint","urlTemplate":"https:\/\/www.guibutik.pt\/loja\/?s={search_term_string}"},"query-input":{"@type":"PropertyValueSpecification","valueRequired":true,"valueName":"search_term_string"}}],"inLanguage":"pt-PT"}]}},"_links":{"self":[{"href":"https:\/\/www.guibutik.pt\/loja\/wp-json\/wp\/v2\/product\/76224","targetHints":{"allow":["GET"]}}],"collection":[{"href":"https:\/\/www.guibutik.pt\/loja\/wp-json\/wp\/v2\/product"}],"about":[{"href":"https:\/\/www.guibutik.pt\/loja\/wp-json\/wp\/v2\/types\/product"}],"replies":[{"embeddable":true,"href":"https:\/\/www.guibutik.pt\/loja\/wp-json\/wp\/v2\/comments?post=76224"}],"wp:featuredmedia":[{"embeddable":true,"href":"https:\/\/www.guibutik.pt\/loja\/wp-json\/wp\/v2\/media\/76238"}],"wp:attachment":[{"href":"https:\/\/www.guibutik.pt\/loja\/wp-json\/wp\/v2\/media?parent=76224"}],"wp:term":[{"taxonomy":"product_cat","embeddable":true,"href":"https:\/\/www.guibutik.pt\/loja\/wp-json\/wp\/v2\/product_cat?post=76224"},{"taxonomy":"product_tag","embeddable":true,"href":"https:\/\/www.guibutik.pt\/loja\/wp-json\/wp\/v2\/product_tag?post=76224"}],"curies":[{"name":"wp","href":"https:\/\/api.w.org\/{rel}","templated":true}]}}