{"id":76025,"date":"2025-09-10T10:59:33","date_gmt":"2025-09-10T09:59:33","guid":{"rendered":"https:\/\/www.guibutik.pt\/loja\/?post_type=product&#038;p=76025"},"modified":"2026-04-16T18:04:00","modified_gmt":"2026-04-16T17:04:00","slug":"sapatilha-microspec-r-skechers-2","status":"publish","type":"product","link":"https:\/\/www.guibutik.pt\/loja\/produto\/sapatilha-microspec-r-skechers-2\/","title":{"rendered":"Sapatilha Microspec R Skechers"},"content":{"rendered":"<p>Diverte-te durante todo o dia com o conforto e a conveni\u00eancia das Skechers Microspec Max Advance &#8211; Squad-Pacer. Este modelo leve com fecho adaptativo Skechers tem parte superior em tecido de rede e material sint\u00e9tico, atacadores el\u00e1sticos, tira ajust\u00e1vel no peito do p\u00e9, entressola com caixa de ar Skech-Air\u00ae vis\u00edvel e confort\u00e1veis palmilhas almofadadas.<\/p>\n<div class=\"c-product-technologies__heading-container\">\n<h2 class=\"c-product-technologies__heading\">Tecnologias de conforto<\/h2>\n<\/div>\n<div class=\"container\">\n<div class=\"c-product-technologies__container\">\n<div class=\"c-product-technologies__item col-lg-4 col-md-6 contentasset-pdp-comfort-technology-skech-air last-type-no-border top-row-padding comfort-col-4up\">\n<div class=\"items__heading__body-container\">\n<p>Skech-AirAs nossas incr\u00edveis mezzanines com infus\u00e3o de ar d\u00e3o-te a sensa\u00e7\u00e3o de andar nas nuvens, onde quer que v\u00e1.<\/p>\n<div class=\"c-product-features-details__detail description collapsible-sm d-lg-block col-12 active col-lg-4\">\n<h2 class=\"c-product-features-details__title title d-none d-md-block\">Principais funcionalidades<\/h2>\n<ul class=\"c-product-features-details__bullets content value\">\n<li class=\"c-product-features-details__bullet\">Fecho adaptativo Skechers f\u00e1cil de colocar e tirar para um ajuste personalizado<\/li>\n<li class=\"c-product-features-details__bullet\">Entressola com caixa de ar Skech-Air\u00ae vis\u00edvel<\/li>\n<li class=\"c-product-features-details__bullet\">Confort\u00e1veis palmilhas almofadadas<\/li>\n<\/ul>\n<\/div>\n<div class=\"c-product-features-details__detail details collapsible-sm d-lg-block col-12 col-lg-4\">\n<h2 class=\"c-product-features-details__title title d-none d-md-block\">Detalhes do design<\/h2>\n<ul class=\"c-product-features-details__bullets content value\">\n<li class=\"c-product-features-details__bullet\">Parte superior em malha e material sint\u00e9tico com atacadores el\u00e1sticos<\/li>\n<li class=\"c-product-features-details__bullet\">Tira ajust\u00e1vel no peito do p\u00e9<\/li>\n<li class=\"c-product-features-details__bullet\">Sola exterior de tra\u00e7\u00e3o flex\u00edvel<\/li>\n<li class=\"c-product-features-details__bullet\">Calcanhar com altura de 3,2\u00a0cm<\/li>\n<li class=\"c-product-features-details__bullet\">Log\u00f3tipo Skechers\u00ae vis\u00edvel<\/li>\n<\/ul>\n<\/div>\n<div class=\"c-product-features-details__detail details js-product-materials collapsible-sm d-lg-block col-12 col-lg-4\">\n<h2 class=\"c-product-features-details__title title d-none d-md-block\">Materiais<\/h2>\n<ul class=\"c-product-features-details__bullets content value\">\n<li class=\"c-product-features-details__bullet\">\n<p id=\"tw-target-text\" class=\"tw-data-text tw-text-large tw-ta\" dir=\"ltr\" tabindex=\"-1\" role=\"text\" data-placeholder=\"Tradu\u00e7\u00e3o\" data-ved=\"2ahUKEwin_MHY482PAxW6NPsDHSBOOMgQ3ewLegQIChAV\" aria-label=\"Texto traduzido: Sola: SINT\u00c9TICA Parte superior: T\u00caXTIL, SINT\u00c9TICO Palmilha forrada: T\u00caXTIL\"><span class=\"Y2IQFc\" lang=\"pt\">Sola: SINT\u00c9TICA <\/span><\/p>\n<\/li>\n<li class=\"c-product-features-details__bullet\">\n<p id=\"tw-target-text\" class=\"tw-data-text tw-text-large tw-ta\" dir=\"ltr\" tabindex=\"-1\" role=\"text\" data-placeholder=\"Tradu\u00e7\u00e3o\" data-ved=\"2ahUKEwin_MHY482PAxW6NPsDHSBOOMgQ3ewLegQIChAV\" aria-label=\"Texto traduzido: Sola: SINT\u00c9TICA Parte superior: T\u00caXTIL, SINT\u00c9TICO Palmilha forrada: T\u00caXTIL\"><span class=\"Y2IQFc\" lang=\"pt\">Parte superior: T\u00caXTIL, SINT\u00c9TICO <\/span><\/p>\n<\/li>\n<li class=\"c-product-features-details__bullet\">\n<p id=\"tw-target-text\" class=\"tw-data-text tw-text-large tw-ta\" dir=\"ltr\" tabindex=\"-1\" role=\"text\" data-placeholder=\"Tradu\u00e7\u00e3o\" data-ved=\"2ahUKEwin_MHY482PAxW6NPsDHSBOOMgQ3ewLegQIChAV\" aria-label=\"Texto traduzido: Sola: SINT\u00c9TICA Parte superior: T\u00caXTIL, SINT\u00c9TICO Palmilha forrada: T\u00caXTIL\"><span class=\"Y2IQFc\" lang=\"pt\">Palmilha forrada: T\u00caXTIL<\/span><\/p>\n<\/li>\n<\/ul>\n<\/div>\n<\/div>\n<\/div>\n<\/div>\n<\/div>\n","protected":false},"excerpt":{"rendered":"<p>Diverte-te durante todo o dia com o conforto e a conveni\u00eancia das Skechers Microspec Max Advance &#8211; Squad-Pacer. Este modelo leve com fecho adaptativo Skechers tem parte superior em tecido de rede e material sint\u00e9tico, atacadores el\u00e1sticos, tira ajust\u00e1vel no peito do p\u00e9, entressola com caixa de ar Skech-Air\u00ae vis\u00edvel e confort\u00e1veis palmilhas almofadadas. Tecnologias [&hellip;]<\/p>\n","protected":false},"featured_media":76027,"comment_status":"closed","ping_status":"closed","template":"","meta":[],"product_cat":[295,267,235,553],"product_tag":[],"class_list":{"0":"post-76025","1":"product","2":"type-product","3":"status-publish","4":"has-post-thumbnail","6":"product_cat-calcado-rapaz","7":"product_cat-crianca","8":"product_cat-rapaz","9":"product_cat-sapatilha-calcado-rapaz","10":"ts_product_brand-skechers","12":"first","13":"instock","14":"shipping-taxable","15":"purchasable","16":"product-type-variable"},"yoast_head":"<!-- This site is optimized with the Yoast SEO plugin v27.5 - https:\/\/yoast.com\/product\/yoast-seo-wordpress\/ -->\n<title>Sapatilha Microspec R Skechers - Guibutik<\/title>\n<meta name=\"robots\" content=\"index, follow, max-snippet:-1, max-image-preview:large, max-video-preview:-1\" \/>\n<link rel=\"canonical\" href=\"https:\/\/www.guibutik.pt\/loja\/produto\/sapatilha-microspec-r-skechers-2\/\" \/>\n<meta property=\"og:locale\" content=\"pt_PT\" \/>\n<meta property=\"og:type\" content=\"article\" \/>\n<meta property=\"og:title\" content=\"Sapatilha Microspec R Skechers - Guibutik\" \/>\n<meta property=\"og:description\" content=\"Diverte-te durante todo o dia com o conforto e a conveni\u00eancia das Skechers Microspec Max Advance &#8211; Squad-Pacer. Este modelo leve com fecho adaptativo Skechers tem parte superior em tecido de rede e material sint\u00e9tico, atacadores el\u00e1sticos, tira ajust\u00e1vel no peito do p\u00e9, entressola com caixa de ar Skech-Air\u00ae vis\u00edvel e confort\u00e1veis palmilhas almofadadas. Tecnologias [&hellip;]\" \/>\n<meta property=\"og:url\" content=\"https:\/\/www.guibutik.pt\/loja\/produto\/sapatilha-microspec-r-skechers-2\/\" \/>\n<meta property=\"og:site_name\" content=\"Guibutik\" \/>\n<meta property=\"article:publisher\" content=\"https:\/\/www.facebook.com\/guibutik\/\" \/>\n<meta property=\"article:modified_time\" content=\"2026-04-16T17:04:00+00:00\" \/>\n<meta property=\"og:image\" content=\"https:\/\/www.guibutik.pt\/loja\/wp-content\/uploads\/2025\/09\/404105_CCBK_HERO_LG.jpg\" \/>\n\t<meta property=\"og:image:width\" content=\"800\" \/>\n\t<meta property=\"og:image:height\" content=\"708\" \/>\n\t<meta property=\"og:image:type\" content=\"image\/jpeg\" \/>\n<meta name=\"twitter:card\" content=\"summary_large_image\" \/>\n<meta name=\"twitter:label1\" content=\"Tempo estimado de leitura\" \/>\n\t<meta name=\"twitter:data1\" content=\"1 minuto\" \/>\n<script type=\"application\/ld+json\" class=\"yoast-schema-graph\">{\"@context\":\"https:\\\/\\\/schema.org\",\"@graph\":[{\"@type\":\"WebPage\",\"@id\":\"https:\\\/\\\/www.guibutik.pt\\\/loja\\\/produto\\\/sapatilha-microspec-r-skechers-2\\\/\",\"url\":\"https:\\\/\\\/www.guibutik.pt\\\/loja\\\/produto\\\/sapatilha-microspec-r-skechers-2\\\/\",\"name\":\"Sapatilha Microspec R Skechers - Guibutik\",\"isPartOf\":{\"@id\":\"https:\\\/\\\/www.guibutik.pt\\\/loja\\\/#website\"},\"primaryImageOfPage\":{\"@id\":\"https:\\\/\\\/www.guibutik.pt\\\/loja\\\/produto\\\/sapatilha-microspec-r-skechers-2\\\/#primaryimage\"},\"image\":{\"@id\":\"https:\\\/\\\/www.guibutik.pt\\\/loja\\\/produto\\\/sapatilha-microspec-r-skechers-2\\\/#primaryimage\"},\"thumbnailUrl\":\"https:\\\/\\\/www.guibutik.pt\\\/loja\\\/wp-content\\\/uploads\\\/2025\\\/09\\\/404105_CCBK_HERO_LG.jpg\",\"datePublished\":\"2025-09-10T09:59:33+00:00\",\"dateModified\":\"2026-04-16T17:04:00+00:00\",\"breadcrumb\":{\"@id\":\"https:\\\/\\\/www.guibutik.pt\\\/loja\\\/produto\\\/sapatilha-microspec-r-skechers-2\\\/#breadcrumb\"},\"inLanguage\":\"pt-PT\",\"potentialAction\":[{\"@type\":\"ReadAction\",\"target\":[\"https:\\\/\\\/www.guibutik.pt\\\/loja\\\/produto\\\/sapatilha-microspec-r-skechers-2\\\/\"]}]},{\"@type\":\"ImageObject\",\"inLanguage\":\"pt-PT\",\"@id\":\"https:\\\/\\\/www.guibutik.pt\\\/loja\\\/produto\\\/sapatilha-microspec-r-skechers-2\\\/#primaryimage\",\"url\":\"https:\\\/\\\/www.guibutik.pt\\\/loja\\\/wp-content\\\/uploads\\\/2025\\\/09\\\/404105_CCBK_HERO_LG.jpg\",\"contentUrl\":\"https:\\\/\\\/www.guibutik.pt\\\/loja\\\/wp-content\\\/uploads\\\/2025\\\/09\\\/404105_CCBK_HERO_LG.jpg\",\"width\":800,\"height\":708},{\"@type\":\"BreadcrumbList\",\"@id\":\"https:\\\/\\\/www.guibutik.pt\\\/loja\\\/produto\\\/sapatilha-microspec-r-skechers-2\\\/#breadcrumb\",\"itemListElement\":[{\"@type\":\"ListItem\",\"position\":1,\"name\":\"In\u00edcio\",\"item\":\"https:\\\/\\\/www.guibutik.pt\\\/loja\\\/\"},{\"@type\":\"ListItem\",\"position\":2,\"name\":\"Loja\",\"item\":\"https:\\\/\\\/www.guibutik.pt\\\/loja\\\/shop\\\/\"},{\"@type\":\"ListItem\",\"position\":3,\"name\":\"Sapatilha Microspec R Skechers\"}]},{\"@type\":\"WebSite\",\"@id\":\"https:\\\/\\\/www.guibutik.pt\\\/loja\\\/#website\",\"url\":\"https:\\\/\\\/www.guibutik.pt\\\/loja\\\/\",\"name\":\"Guibutik\",\"description\":\"Moda e Sapataria\",\"potentialAction\":[{\"@type\":\"SearchAction\",\"target\":{\"@type\":\"EntryPoint\",\"urlTemplate\":\"https:\\\/\\\/www.guibutik.pt\\\/loja\\\/?s={search_term_string}\"},\"query-input\":{\"@type\":\"PropertyValueSpecification\",\"valueRequired\":true,\"valueName\":\"search_term_string\"}}],\"inLanguage\":\"pt-PT\"}]}<\/script>\n<!-- \/ Yoast SEO plugin. -->","yoast_head_json":{"title":"Sapatilha Microspec R Skechers - Guibutik","robots":{"index":"index","follow":"follow","max-snippet":"max-snippet:-1","max-image-preview":"max-image-preview:large","max-video-preview":"max-video-preview:-1"},"canonical":"https:\/\/www.guibutik.pt\/loja\/produto\/sapatilha-microspec-r-skechers-2\/","og_locale":"pt_PT","og_type":"article","og_title":"Sapatilha Microspec R Skechers - Guibutik","og_description":"Diverte-te durante todo o dia com o conforto e a conveni\u00eancia das Skechers Microspec Max Advance &#8211; Squad-Pacer. Este modelo leve com fecho adaptativo Skechers tem parte superior em tecido de rede e material sint\u00e9tico, atacadores el\u00e1sticos, tira ajust\u00e1vel no peito do p\u00e9, entressola com caixa de ar Skech-Air\u00ae vis\u00edvel e confort\u00e1veis palmilhas almofadadas. Tecnologias [&hellip;]","og_url":"https:\/\/www.guibutik.pt\/loja\/produto\/sapatilha-microspec-r-skechers-2\/","og_site_name":"Guibutik","article_publisher":"https:\/\/www.facebook.com\/guibutik\/","article_modified_time":"2026-04-16T17:04:00+00:00","og_image":[{"width":800,"height":708,"url":"https:\/\/www.guibutik.pt\/loja\/wp-content\/uploads\/2025\/09\/404105_CCBK_HERO_LG.jpg","type":"image\/jpeg"}],"twitter_card":"summary_large_image","twitter_misc":{"Tempo estimado de leitura":"1 minuto"},"schema":{"@context":"https:\/\/schema.org","@graph":[{"@type":"WebPage","@id":"https:\/\/www.guibutik.pt\/loja\/produto\/sapatilha-microspec-r-skechers-2\/","url":"https:\/\/www.guibutik.pt\/loja\/produto\/sapatilha-microspec-r-skechers-2\/","name":"Sapatilha Microspec R Skechers - Guibutik","isPartOf":{"@id":"https:\/\/www.guibutik.pt\/loja\/#website"},"primaryImageOfPage":{"@id":"https:\/\/www.guibutik.pt\/loja\/produto\/sapatilha-microspec-r-skechers-2\/#primaryimage"},"image":{"@id":"https:\/\/www.guibutik.pt\/loja\/produto\/sapatilha-microspec-r-skechers-2\/#primaryimage"},"thumbnailUrl":"https:\/\/www.guibutik.pt\/loja\/wp-content\/uploads\/2025\/09\/404105_CCBK_HERO_LG.jpg","datePublished":"2025-09-10T09:59:33+00:00","dateModified":"2026-04-16T17:04:00+00:00","breadcrumb":{"@id":"https:\/\/www.guibutik.pt\/loja\/produto\/sapatilha-microspec-r-skechers-2\/#breadcrumb"},"inLanguage":"pt-PT","potentialAction":[{"@type":"ReadAction","target":["https:\/\/www.guibutik.pt\/loja\/produto\/sapatilha-microspec-r-skechers-2\/"]}]},{"@type":"ImageObject","inLanguage":"pt-PT","@id":"https:\/\/www.guibutik.pt\/loja\/produto\/sapatilha-microspec-r-skechers-2\/#primaryimage","url":"https:\/\/www.guibutik.pt\/loja\/wp-content\/uploads\/2025\/09\/404105_CCBK_HERO_LG.jpg","contentUrl":"https:\/\/www.guibutik.pt\/loja\/wp-content\/uploads\/2025\/09\/404105_CCBK_HERO_LG.jpg","width":800,"height":708},{"@type":"BreadcrumbList","@id":"https:\/\/www.guibutik.pt\/loja\/produto\/sapatilha-microspec-r-skechers-2\/#breadcrumb","itemListElement":[{"@type":"ListItem","position":1,"name":"In\u00edcio","item":"https:\/\/www.guibutik.pt\/loja\/"},{"@type":"ListItem","position":2,"name":"Loja","item":"https:\/\/www.guibutik.pt\/loja\/shop\/"},{"@type":"ListItem","position":3,"name":"Sapatilha Microspec R Skechers"}]},{"@type":"WebSite","@id":"https:\/\/www.guibutik.pt\/loja\/#website","url":"https:\/\/www.guibutik.pt\/loja\/","name":"Guibutik","description":"Moda e Sapataria","potentialAction":[{"@type":"SearchAction","target":{"@type":"EntryPoint","urlTemplate":"https:\/\/www.guibutik.pt\/loja\/?s={search_term_string}"},"query-input":{"@type":"PropertyValueSpecification","valueRequired":true,"valueName":"search_term_string"}}],"inLanguage":"pt-PT"}]}},"_links":{"self":[{"href":"https:\/\/www.guibutik.pt\/loja\/wp-json\/wp\/v2\/product\/76025","targetHints":{"allow":["GET"]}}],"collection":[{"href":"https:\/\/www.guibutik.pt\/loja\/wp-json\/wp\/v2\/product"}],"about":[{"href":"https:\/\/www.guibutik.pt\/loja\/wp-json\/wp\/v2\/types\/product"}],"replies":[{"embeddable":true,"href":"https:\/\/www.guibutik.pt\/loja\/wp-json\/wp\/v2\/comments?post=76025"}],"wp:featuredmedia":[{"embeddable":true,"href":"https:\/\/www.guibutik.pt\/loja\/wp-json\/wp\/v2\/media\/76027"}],"wp:attachment":[{"href":"https:\/\/www.guibutik.pt\/loja\/wp-json\/wp\/v2\/media?parent=76025"}],"wp:term":[{"taxonomy":"product_cat","embeddable":true,"href":"https:\/\/www.guibutik.pt\/loja\/wp-json\/wp\/v2\/product_cat?post=76025"},{"taxonomy":"product_tag","embeddable":true,"href":"https:\/\/www.guibutik.pt\/loja\/wp-json\/wp\/v2\/product_tag?post=76025"}],"curies":[{"name":"wp","href":"https:\/\/api.w.org\/{rel}","templated":true}]}}