{"id":75692,"date":"2025-09-09T09:44:14","date_gmt":"2025-09-09T08:44:14","guid":{"rendered":"https:\/\/www.guibutik.pt\/loja\/?post_type=product&#038;p=75692"},"modified":"2026-02-19T18:21:49","modified_gmt":"2026-02-19T17:21:49","slug":"75692","status":"publish","type":"product","link":"https:\/\/www.guibutik.pt\/loja\/produto\/75692\/","title":{"rendered":"Casaco capuz H Timberland"},"content":{"rendered":"<p>Uma excelente pe\u00e7a para vestir em camadas no outono e no inverno, este casaco com capuz em malha polar para homem tem o log\u00f3tipo da \u00e1rvore bordado, abertura com fecho de correr integral e capuz ajust\u00e1vel.<\/p>\n<p class=\"fw-bold\">\u00c0 prova de vento<\/p>\n<p class=\"ws-pre-wrap\">Uma constru\u00e7\u00e3o firme e densa inibe o fluxo de ar atrav\u00e9s da cobertura exterior da pe\u00e7a de vestu\u00e1rio, para que te mantenhas quente e confort\u00e1vel em condi\u00e7\u00f5es meteorol\u00f3gicas adversas.<\/p>\n<div class=\"flex gap-2\"><span class=\"subtitle-4\">Atributos de benef\u00edcio<\/span><\/div>\n<div id=\"base-collapse-v-0-14-3-content\" class=\"overflow-hidden duration\" aria-labelledby=\"base-collapse-v-0-14-3\">\n<div class=\"\" data-test-id=\"vf-accordion-content\">\n<div class=\"body-3 pb-4 pt-2\">\n<ul class=\"grid list-disc gap-4 cols-2\" title=\"Atributos de benef\u00edcio\" data-test-id=\"product-details-bulletin\">\n<li class=\"ml-5\">Imperme\u00e1vel<\/li>\n<li class=\"ml-5\">\u00c0 Prova De Vento<\/li>\n<\/ul>\n<div class=\"flex gap-2\"><span class=\"subtitle-4\">Detalhes e cuidados<\/span><\/div>\n<div id=\"base-collapse-v-0-14-4-content\" class=\"overflow-hidden duration\" aria-labelledby=\"base-collapse-v-0-14-4\">\n<div class=\"\" data-test-id=\"vf-accordion-content\">\n<div class=\"body-3 pb-4 pt-2\">\n<ul class=\"grid list-disc gap-4 cols-2\" title=\"Detalhes e cuidados\" data-test-id=\"product-details-bulletin\">\n<li class=\"ml-5\">Lavar \u00e0 m\u00e1quina a frio<\/li>\n<li class=\"ml-5\">Secar na m\u00e1quina em programa lento<\/li>\n<li class=\"ml-5\">Engomar a frio, se necess\u00e1rio<\/li>\n<li class=\"ml-5\">N\u00e3o lavar a seco<\/li>\n<li class=\"ml-5\">Lavar e secar com as mesmas cores<\/li>\n<li class=\"ml-5\">N\u00e3o aplicar lix\u00edvia<\/li>\n<\/ul>\n<div class=\"flex gap-2\"><span class=\"subtitle-4\">Caracter\u00edsticas<\/span><\/div>\n<div id=\"base-collapse-v-0-14-5-content\" class=\"overflow-hidden duration\" aria-labelledby=\"base-collapse-v-0-14-5\">\n<div class=\"\" data-test-id=\"vf-accordion-content\">\n<div class=\"body-3 pb-4 pt-2\">\n<ul class=\"grid list-disc gap-4 cols-2\" title=\"Caracter\u00edsticas\" data-test-id=\"product-details-bulletin\">\n<li class=\"ml-5\">Tecido em 85% algod\u00e3o e 15% poli\u00e9ster<\/li>\n<li class=\"ml-5\">Corte regular<\/li>\n<li class=\"ml-5\">Log\u00f3tipo da \u00e1rvore bordado<\/li>\n<li class=\"ml-5\">Abertura com fecho de correr integral<\/li>\n<li class=\"ml-5\">Escovado<\/li>\n<li class=\"ml-5\">Capuz ajust\u00e1vel<\/li>\n<li class=\"ml-5\">Bolso tipo canguru<\/li>\n<li class=\"ml-5\">Punhos canelados<\/li>\n<li class=\"ml-5\">Comprimento das costas no centro: 28,5&#8243; (72,39 cm)<\/li>\n<\/ul>\n<\/div>\n<\/div>\n<\/div>\n<\/div>\n<\/div>\n<\/div>\n<\/div>\n<\/div>\n<\/div>\n","protected":false},"excerpt":{"rendered":"<p>Uma excelente pe\u00e7a para vestir em camadas no outono e no inverno, este casaco com capuz em malha polar para homem tem o log\u00f3tipo da \u00e1rvore bordado, abertura com fecho de correr integral e capuz ajust\u00e1vel. \u00c0 prova de vento Uma constru\u00e7\u00e3o firme e densa inibe o fluxo de ar atrav\u00e9s da cobertura exterior da [&hellip;]<\/p>\n","protected":false},"featured_media":75698,"comment_status":"closed","ping_status":"closed","template":"","meta":[],"product_cat":[223,221],"product_tag":[],"class_list":{"0":"post-75692","1":"product","2":"type-product","3":"status-publish","4":"has-post-thumbnail","6":"product_cat-casacos","7":"product_cat-homem","8":"ts_product_brand-timberland","10":"first","11":"instock","12":"shipping-taxable","13":"purchasable","14":"product-type-variable"},"yoast_head":"<!-- This site is optimized with the Yoast SEO plugin v27.5 - https:\/\/yoast.com\/product\/yoast-seo-wordpress\/ -->\n<title>Casaco capuz H Timberland - Guibutik<\/title>\n<meta name=\"robots\" content=\"index, follow, max-snippet:-1, max-image-preview:large, max-video-preview:-1\" \/>\n<link rel=\"canonical\" href=\"https:\/\/www.guibutik.pt\/loja\/produto\/75692\/\" \/>\n<meta property=\"og:locale\" content=\"pt_PT\" \/>\n<meta property=\"og:type\" content=\"article\" \/>\n<meta property=\"og:title\" content=\"Casaco capuz H Timberland - Guibutik\" \/>\n<meta property=\"og:description\" content=\"Uma excelente pe\u00e7a para vestir em camadas no outono e no inverno, este casaco com capuz em malha polar para homem tem o log\u00f3tipo da \u00e1rvore bordado, abertura com fecho de correr integral e capuz ajust\u00e1vel. \u00c0 prova de vento Uma constru\u00e7\u00e3o firme e densa inibe o fluxo de ar atrav\u00e9s da cobertura exterior da [&hellip;]\" \/>\n<meta property=\"og:url\" content=\"https:\/\/www.guibutik.pt\/loja\/produto\/75692\/\" \/>\n<meta property=\"og:site_name\" content=\"Guibutik\" \/>\n<meta property=\"article:publisher\" content=\"https:\/\/www.facebook.com\/guibutik\/\" \/>\n<meta property=\"article:modified_time\" content=\"2026-02-19T17:21:49+00:00\" \/>\n<meta property=\"og:image\" content=\"https:\/\/www.guibutik.pt\/loja\/wp-content\/uploads\/2025\/09\/A2BNB-317.jpg\" \/>\n\t<meta property=\"og:image:width\" content=\"1300\" \/>\n\t<meta property=\"og:image:height\" content=\"1300\" \/>\n\t<meta property=\"og:image:type\" content=\"image\/jpeg\" \/>\n<meta name=\"twitter:card\" content=\"summary_large_image\" \/>\n<meta name=\"twitter:label1\" content=\"Tempo estimado de leitura\" \/>\n\t<meta name=\"twitter:data1\" content=\"2 minutos\" \/>\n<script type=\"application\/ld+json\" class=\"yoast-schema-graph\">{\"@context\":\"https:\\\/\\\/schema.org\",\"@graph\":[{\"@type\":\"WebPage\",\"@id\":\"https:\\\/\\\/www.guibutik.pt\\\/loja\\\/produto\\\/75692\\\/\",\"url\":\"https:\\\/\\\/www.guibutik.pt\\\/loja\\\/produto\\\/75692\\\/\",\"name\":\"Casaco capuz H Timberland - Guibutik\",\"isPartOf\":{\"@id\":\"https:\\\/\\\/www.guibutik.pt\\\/loja\\\/#website\"},\"primaryImageOfPage\":{\"@id\":\"https:\\\/\\\/www.guibutik.pt\\\/loja\\\/produto\\\/75692\\\/#primaryimage\"},\"image\":{\"@id\":\"https:\\\/\\\/www.guibutik.pt\\\/loja\\\/produto\\\/75692\\\/#primaryimage\"},\"thumbnailUrl\":\"https:\\\/\\\/www.guibutik.pt\\\/loja\\\/wp-content\\\/uploads\\\/2025\\\/09\\\/A2BNB-317.jpg\",\"datePublished\":\"2025-09-09T08:44:14+00:00\",\"dateModified\":\"2026-02-19T17:21:49+00:00\",\"breadcrumb\":{\"@id\":\"https:\\\/\\\/www.guibutik.pt\\\/loja\\\/produto\\\/75692\\\/#breadcrumb\"},\"inLanguage\":\"pt-PT\",\"potentialAction\":[{\"@type\":\"ReadAction\",\"target\":[\"https:\\\/\\\/www.guibutik.pt\\\/loja\\\/produto\\\/75692\\\/\"]}]},{\"@type\":\"ImageObject\",\"inLanguage\":\"pt-PT\",\"@id\":\"https:\\\/\\\/www.guibutik.pt\\\/loja\\\/produto\\\/75692\\\/#primaryimage\",\"url\":\"https:\\\/\\\/www.guibutik.pt\\\/loja\\\/wp-content\\\/uploads\\\/2025\\\/09\\\/A2BNB-317.jpg\",\"contentUrl\":\"https:\\\/\\\/www.guibutik.pt\\\/loja\\\/wp-content\\\/uploads\\\/2025\\\/09\\\/A2BNB-317.jpg\",\"width\":1300,\"height\":1300},{\"@type\":\"BreadcrumbList\",\"@id\":\"https:\\\/\\\/www.guibutik.pt\\\/loja\\\/produto\\\/75692\\\/#breadcrumb\",\"itemListElement\":[{\"@type\":\"ListItem\",\"position\":1,\"name\":\"In\u00edcio\",\"item\":\"https:\\\/\\\/www.guibutik.pt\\\/loja\\\/\"},{\"@type\":\"ListItem\",\"position\":2,\"name\":\"Loja\",\"item\":\"https:\\\/\\\/www.guibutik.pt\\\/loja\\\/shop\\\/\"},{\"@type\":\"ListItem\",\"position\":3,\"name\":\"Casaco capuz H Timberland\"}]},{\"@type\":\"WebSite\",\"@id\":\"https:\\\/\\\/www.guibutik.pt\\\/loja\\\/#website\",\"url\":\"https:\\\/\\\/www.guibutik.pt\\\/loja\\\/\",\"name\":\"Guibutik\",\"description\":\"Moda e Sapataria\",\"potentialAction\":[{\"@type\":\"SearchAction\",\"target\":{\"@type\":\"EntryPoint\",\"urlTemplate\":\"https:\\\/\\\/www.guibutik.pt\\\/loja\\\/?s={search_term_string}\"},\"query-input\":{\"@type\":\"PropertyValueSpecification\",\"valueRequired\":true,\"valueName\":\"search_term_string\"}}],\"inLanguage\":\"pt-PT\"}]}<\/script>\n<!-- \/ Yoast SEO plugin. -->","yoast_head_json":{"title":"Casaco capuz H Timberland - Guibutik","robots":{"index":"index","follow":"follow","max-snippet":"max-snippet:-1","max-image-preview":"max-image-preview:large","max-video-preview":"max-video-preview:-1"},"canonical":"https:\/\/www.guibutik.pt\/loja\/produto\/75692\/","og_locale":"pt_PT","og_type":"article","og_title":"Casaco capuz H Timberland - Guibutik","og_description":"Uma excelente pe\u00e7a para vestir em camadas no outono e no inverno, este casaco com capuz em malha polar para homem tem o log\u00f3tipo da \u00e1rvore bordado, abertura com fecho de correr integral e capuz ajust\u00e1vel. \u00c0 prova de vento Uma constru\u00e7\u00e3o firme e densa inibe o fluxo de ar atrav\u00e9s da cobertura exterior da [&hellip;]","og_url":"https:\/\/www.guibutik.pt\/loja\/produto\/75692\/","og_site_name":"Guibutik","article_publisher":"https:\/\/www.facebook.com\/guibutik\/","article_modified_time":"2026-02-19T17:21:49+00:00","og_image":[{"width":1300,"height":1300,"url":"https:\/\/www.guibutik.pt\/loja\/wp-content\/uploads\/2025\/09\/A2BNB-317.jpg","type":"image\/jpeg"}],"twitter_card":"summary_large_image","twitter_misc":{"Tempo estimado de leitura":"2 minutos"},"schema":{"@context":"https:\/\/schema.org","@graph":[{"@type":"WebPage","@id":"https:\/\/www.guibutik.pt\/loja\/produto\/75692\/","url":"https:\/\/www.guibutik.pt\/loja\/produto\/75692\/","name":"Casaco capuz H Timberland - Guibutik","isPartOf":{"@id":"https:\/\/www.guibutik.pt\/loja\/#website"},"primaryImageOfPage":{"@id":"https:\/\/www.guibutik.pt\/loja\/produto\/75692\/#primaryimage"},"image":{"@id":"https:\/\/www.guibutik.pt\/loja\/produto\/75692\/#primaryimage"},"thumbnailUrl":"https:\/\/www.guibutik.pt\/loja\/wp-content\/uploads\/2025\/09\/A2BNB-317.jpg","datePublished":"2025-09-09T08:44:14+00:00","dateModified":"2026-02-19T17:21:49+00:00","breadcrumb":{"@id":"https:\/\/www.guibutik.pt\/loja\/produto\/75692\/#breadcrumb"},"inLanguage":"pt-PT","potentialAction":[{"@type":"ReadAction","target":["https:\/\/www.guibutik.pt\/loja\/produto\/75692\/"]}]},{"@type":"ImageObject","inLanguage":"pt-PT","@id":"https:\/\/www.guibutik.pt\/loja\/produto\/75692\/#primaryimage","url":"https:\/\/www.guibutik.pt\/loja\/wp-content\/uploads\/2025\/09\/A2BNB-317.jpg","contentUrl":"https:\/\/www.guibutik.pt\/loja\/wp-content\/uploads\/2025\/09\/A2BNB-317.jpg","width":1300,"height":1300},{"@type":"BreadcrumbList","@id":"https:\/\/www.guibutik.pt\/loja\/produto\/75692\/#breadcrumb","itemListElement":[{"@type":"ListItem","position":1,"name":"In\u00edcio","item":"https:\/\/www.guibutik.pt\/loja\/"},{"@type":"ListItem","position":2,"name":"Loja","item":"https:\/\/www.guibutik.pt\/loja\/shop\/"},{"@type":"ListItem","position":3,"name":"Casaco capuz H Timberland"}]},{"@type":"WebSite","@id":"https:\/\/www.guibutik.pt\/loja\/#website","url":"https:\/\/www.guibutik.pt\/loja\/","name":"Guibutik","description":"Moda e Sapataria","potentialAction":[{"@type":"SearchAction","target":{"@type":"EntryPoint","urlTemplate":"https:\/\/www.guibutik.pt\/loja\/?s={search_term_string}"},"query-input":{"@type":"PropertyValueSpecification","valueRequired":true,"valueName":"search_term_string"}}],"inLanguage":"pt-PT"}]}},"_links":{"self":[{"href":"https:\/\/www.guibutik.pt\/loja\/wp-json\/wp\/v2\/product\/75692","targetHints":{"allow":["GET"]}}],"collection":[{"href":"https:\/\/www.guibutik.pt\/loja\/wp-json\/wp\/v2\/product"}],"about":[{"href":"https:\/\/www.guibutik.pt\/loja\/wp-json\/wp\/v2\/types\/product"}],"replies":[{"embeddable":true,"href":"https:\/\/www.guibutik.pt\/loja\/wp-json\/wp\/v2\/comments?post=75692"}],"wp:featuredmedia":[{"embeddable":true,"href":"https:\/\/www.guibutik.pt\/loja\/wp-json\/wp\/v2\/media\/75698"}],"wp:attachment":[{"href":"https:\/\/www.guibutik.pt\/loja\/wp-json\/wp\/v2\/media?parent=75692"}],"wp:term":[{"taxonomy":"product_cat","embeddable":true,"href":"https:\/\/www.guibutik.pt\/loja\/wp-json\/wp\/v2\/product_cat?post=75692"},{"taxonomy":"product_tag","embeddable":true,"href":"https:\/\/www.guibutik.pt\/loja\/wp-json\/wp\/v2\/product_tag?post=75692"}],"curies":[{"name":"wp","href":"https:\/\/api.w.org\/{rel}","templated":true}]}}