{"id":75574,"date":"2025-09-08T16:15:28","date_gmt":"2025-09-08T15:15:28","guid":{"rendered":"https:\/\/www.guibutik.pt\/loja\/?post_type=product&#038;p=75574"},"modified":"2026-01-12T17:34:37","modified_gmt":"2026-01-12T16:34:37","slug":"casaco-timberland-3","status":"publish","type":"product","link":"https:\/\/www.guibutik.pt\/loja\/produto\/casaco-timberland-3\/","title":{"rendered":"Casaco Timberland"},"content":{"rendered":"<p>Descobre a camisola Williams River para homem e exibe um visual arrojado e o teu sentido de estilo. Confecionada em 100% algod\u00e3o biol\u00f3gico proveniente de quintas que n\u00e3o utilizam sementes geneticamente modificadas e evitam o uso de pesticidas sint\u00e9ticos. Com corte regular, punhos canelados e o log\u00f3tipo da \u00e1rvore bordado, \u00e9 elegante e confort\u00e1vel de usar. Uma abertura com fecho de correr integral facilita o uso.<\/p>\n<p class=\"fw-bold\">Algod\u00e3o biol\u00f3gico<\/p>\n<p class=\"ws-pre-wrap\">O algod\u00e3o biol\u00f3gico utilizado pela Timberland \u00e9 proveniente de quintas que n\u00e3o utilizam sementes geneticamente modificadas e evitam o uso de pesticidas\/fertilizantes sint\u00e9ticos.<\/p>\n<div class=\"flex gap-2\"><span class=\"subtitle-4\">Detalhes e cuidados<\/span><\/div>\n<div id=\"base-collapse-v-0-11-4-content\" class=\"overflow-hidden duration\" aria-labelledby=\"base-collapse-v-0-11-4\">\n<div class=\"\" data-test-id=\"vf-accordion-content\">\n<div class=\"body-3 pb-4 pt-2\">\n<ul class=\"grid list-disc gap-4 cols-2\" title=\"Detalhes e cuidados\" data-test-id=\"product-details-bulletin\">\n<li class=\"ml-5\">Lavar \u00e0 m\u00e1quina a frio<\/li>\n<li class=\"ml-5\">Programa suave ou delicado<\/li>\n<li class=\"ml-5\">Usar detergente suave<\/li>\n<li class=\"ml-5\">N\u00e3o aplicar lix\u00edvia<\/li>\n<li class=\"ml-5\">Secar na m\u00e1quina em programa lento<\/li>\n<li class=\"ml-5\">Engomar a frio, se necess\u00e1rio<\/li>\n<li class=\"ml-5\">N\u00e3o lavar a seco<\/li>\n<li class=\"ml-5\">Lavar com as mesmas cores<\/li>\n<\/ul>\n<div class=\"flex gap-2\"><span class=\"subtitle-4\">Caracter\u00edsticas<\/span><\/div>\n<div id=\"base-collapse-v-0-11-5-content\" class=\"overflow-hidden duration\" aria-labelledby=\"base-collapse-v-0-11-5\">\n<div class=\"\" data-test-id=\"vf-accordion-content\">\n<div class=\"body-3 pb-4 pt-2\">\n<ul class=\"grid list-disc gap-4 cols-2\" title=\"Caracter\u00edsticas\" data-test-id=\"product-details-bulletin\">\n<li class=\"ml-5\">Tecido em 100% algod\u00e3o<\/li>\n<li class=\"ml-5\">Corte regular<\/li>\n<li class=\"ml-5\">Log\u00f3tipo da \u00e1rvore bordado<\/li>\n<li class=\"ml-5\">Abertura com fecho de correr integral<\/li>\n<li class=\"ml-5\">Gola canelada de malha dupla<\/li>\n<li class=\"ml-5\">Gola com fecho de correr<\/li>\n<li class=\"ml-5\">Algod\u00e3o biol\u00f3gico<\/li>\n<li class=\"ml-5\">Punhos e bainha canelados de camada \u00fanica<\/li>\n<li class=\"ml-5\">Mangas embutidas e costuras no ombro atr\u00e1s<\/li>\n<li class=\"ml-5\">Comprimento das costas no centro: 27,5&#8243; (69,9 cm)<\/li>\n<\/ul>\n<\/div>\n<\/div>\n<\/div>\n<\/div>\n<\/div>\n<\/div>\n","protected":false},"excerpt":{"rendered":"<p>Descobre a camisola Williams River para homem e exibe um visual arrojado e o teu sentido de estilo. Confecionada em 100% algod\u00e3o biol\u00f3gico proveniente de quintas que n\u00e3o utilizam sementes geneticamente modificadas e evitam o uso de pesticidas sint\u00e9ticos. Com corte regular, punhos canelados e o log\u00f3tipo da \u00e1rvore bordado, \u00e9 elegante e confort\u00e1vel de [&hellip;]<\/p>\n","protected":false},"featured_media":75581,"comment_status":"closed","ping_status":"closed","template":"","meta":[],"product_cat":[223,221],"product_tag":[],"class_list":{"0":"post-75574","1":"product","2":"type-product","3":"status-publish","4":"has-post-thumbnail","6":"product_cat-casacos","7":"product_cat-homem","8":"ts_product_brand-timberland","10":"first","11":"instock","12":"shipping-taxable","13":"purchasable","14":"product-type-variable"},"yoast_head":"<!-- This site is optimized with the Yoast SEO plugin v27.5 - https:\/\/yoast.com\/product\/yoast-seo-wordpress\/ -->\n<title>Casaco Timberland - Guibutik<\/title>\n<meta name=\"robots\" content=\"index, follow, max-snippet:-1, max-image-preview:large, max-video-preview:-1\" \/>\n<link rel=\"canonical\" href=\"https:\/\/www.guibutik.pt\/loja\/produto\/casaco-timberland-3\/\" \/>\n<meta property=\"og:locale\" content=\"pt_PT\" \/>\n<meta property=\"og:type\" content=\"article\" \/>\n<meta property=\"og:title\" content=\"Casaco Timberland - Guibutik\" \/>\n<meta property=\"og:description\" content=\"Descobre a camisola Williams River para homem e exibe um visual arrojado e o teu sentido de estilo. Confecionada em 100% algod\u00e3o biol\u00f3gico proveniente de quintas que n\u00e3o utilizam sementes geneticamente modificadas e evitam o uso de pesticidas sint\u00e9ticos. Com corte regular, punhos canelados e o log\u00f3tipo da \u00e1rvore bordado, \u00e9 elegante e confort\u00e1vel de [&hellip;]\" \/>\n<meta property=\"og:url\" content=\"https:\/\/www.guibutik.pt\/loja\/produto\/casaco-timberland-3\/\" \/>\n<meta property=\"og:site_name\" content=\"Guibutik\" \/>\n<meta property=\"article:publisher\" content=\"https:\/\/www.facebook.com\/guibutik\/\" \/>\n<meta property=\"article:modified_time\" content=\"2026-01-12T16:34:37+00:00\" \/>\n<meta property=\"og:image\" content=\"https:\/\/www.guibutik.pt\/loja\/wp-content\/uploads\/2025\/09\/A2BMZZ02.jpg\" \/>\n\t<meta property=\"og:image:width\" content=\"500\" \/>\n\t<meta property=\"og:image:height\" content=\"500\" \/>\n\t<meta property=\"og:image:type\" content=\"image\/jpeg\" \/>\n<meta name=\"twitter:card\" content=\"summary_large_image\" \/>\n<meta name=\"twitter:label1\" content=\"Tempo estimado de leitura\" \/>\n\t<meta name=\"twitter:data1\" content=\"2 minutos\" \/>\n<script type=\"application\/ld+json\" class=\"yoast-schema-graph\">{\"@context\":\"https:\\\/\\\/schema.org\",\"@graph\":[{\"@type\":\"WebPage\",\"@id\":\"https:\\\/\\\/www.guibutik.pt\\\/loja\\\/produto\\\/casaco-timberland-3\\\/\",\"url\":\"https:\\\/\\\/www.guibutik.pt\\\/loja\\\/produto\\\/casaco-timberland-3\\\/\",\"name\":\"Casaco Timberland - Guibutik\",\"isPartOf\":{\"@id\":\"https:\\\/\\\/www.guibutik.pt\\\/loja\\\/#website\"},\"primaryImageOfPage\":{\"@id\":\"https:\\\/\\\/www.guibutik.pt\\\/loja\\\/produto\\\/casaco-timberland-3\\\/#primaryimage\"},\"image\":{\"@id\":\"https:\\\/\\\/www.guibutik.pt\\\/loja\\\/produto\\\/casaco-timberland-3\\\/#primaryimage\"},\"thumbnailUrl\":\"https:\\\/\\\/www.guibutik.pt\\\/loja\\\/wp-content\\\/uploads\\\/2025\\\/09\\\/A2BMZZ02.jpg\",\"datePublished\":\"2025-09-08T15:15:28+00:00\",\"dateModified\":\"2026-01-12T16:34:37+00:00\",\"breadcrumb\":{\"@id\":\"https:\\\/\\\/www.guibutik.pt\\\/loja\\\/produto\\\/casaco-timberland-3\\\/#breadcrumb\"},\"inLanguage\":\"pt-PT\",\"potentialAction\":[{\"@type\":\"ReadAction\",\"target\":[\"https:\\\/\\\/www.guibutik.pt\\\/loja\\\/produto\\\/casaco-timberland-3\\\/\"]}]},{\"@type\":\"ImageObject\",\"inLanguage\":\"pt-PT\",\"@id\":\"https:\\\/\\\/www.guibutik.pt\\\/loja\\\/produto\\\/casaco-timberland-3\\\/#primaryimage\",\"url\":\"https:\\\/\\\/www.guibutik.pt\\\/loja\\\/wp-content\\\/uploads\\\/2025\\\/09\\\/A2BMZZ02.jpg\",\"contentUrl\":\"https:\\\/\\\/www.guibutik.pt\\\/loja\\\/wp-content\\\/uploads\\\/2025\\\/09\\\/A2BMZZ02.jpg\",\"width\":500,\"height\":500},{\"@type\":\"BreadcrumbList\",\"@id\":\"https:\\\/\\\/www.guibutik.pt\\\/loja\\\/produto\\\/casaco-timberland-3\\\/#breadcrumb\",\"itemListElement\":[{\"@type\":\"ListItem\",\"position\":1,\"name\":\"In\u00edcio\",\"item\":\"https:\\\/\\\/www.guibutik.pt\\\/loja\\\/\"},{\"@type\":\"ListItem\",\"position\":2,\"name\":\"Loja\",\"item\":\"https:\\\/\\\/www.guibutik.pt\\\/loja\\\/shop\\\/\"},{\"@type\":\"ListItem\",\"position\":3,\"name\":\"Casaco Timberland\"}]},{\"@type\":\"WebSite\",\"@id\":\"https:\\\/\\\/www.guibutik.pt\\\/loja\\\/#website\",\"url\":\"https:\\\/\\\/www.guibutik.pt\\\/loja\\\/\",\"name\":\"Guibutik\",\"description\":\"Moda e Sapataria\",\"potentialAction\":[{\"@type\":\"SearchAction\",\"target\":{\"@type\":\"EntryPoint\",\"urlTemplate\":\"https:\\\/\\\/www.guibutik.pt\\\/loja\\\/?s={search_term_string}\"},\"query-input\":{\"@type\":\"PropertyValueSpecification\",\"valueRequired\":true,\"valueName\":\"search_term_string\"}}],\"inLanguage\":\"pt-PT\"}]}<\/script>\n<!-- \/ Yoast SEO plugin. -->","yoast_head_json":{"title":"Casaco Timberland - Guibutik","robots":{"index":"index","follow":"follow","max-snippet":"max-snippet:-1","max-image-preview":"max-image-preview:large","max-video-preview":"max-video-preview:-1"},"canonical":"https:\/\/www.guibutik.pt\/loja\/produto\/casaco-timberland-3\/","og_locale":"pt_PT","og_type":"article","og_title":"Casaco Timberland - Guibutik","og_description":"Descobre a camisola Williams River para homem e exibe um visual arrojado e o teu sentido de estilo. Confecionada em 100% algod\u00e3o biol\u00f3gico proveniente de quintas que n\u00e3o utilizam sementes geneticamente modificadas e evitam o uso de pesticidas sint\u00e9ticos. Com corte regular, punhos canelados e o log\u00f3tipo da \u00e1rvore bordado, \u00e9 elegante e confort\u00e1vel de [&hellip;]","og_url":"https:\/\/www.guibutik.pt\/loja\/produto\/casaco-timberland-3\/","og_site_name":"Guibutik","article_publisher":"https:\/\/www.facebook.com\/guibutik\/","article_modified_time":"2026-01-12T16:34:37+00:00","og_image":[{"width":500,"height":500,"url":"https:\/\/www.guibutik.pt\/loja\/wp-content\/uploads\/2025\/09\/A2BMZZ02.jpg","type":"image\/jpeg"}],"twitter_card":"summary_large_image","twitter_misc":{"Tempo estimado de leitura":"2 minutos"},"schema":{"@context":"https:\/\/schema.org","@graph":[{"@type":"WebPage","@id":"https:\/\/www.guibutik.pt\/loja\/produto\/casaco-timberland-3\/","url":"https:\/\/www.guibutik.pt\/loja\/produto\/casaco-timberland-3\/","name":"Casaco Timberland - Guibutik","isPartOf":{"@id":"https:\/\/www.guibutik.pt\/loja\/#website"},"primaryImageOfPage":{"@id":"https:\/\/www.guibutik.pt\/loja\/produto\/casaco-timberland-3\/#primaryimage"},"image":{"@id":"https:\/\/www.guibutik.pt\/loja\/produto\/casaco-timberland-3\/#primaryimage"},"thumbnailUrl":"https:\/\/www.guibutik.pt\/loja\/wp-content\/uploads\/2025\/09\/A2BMZZ02.jpg","datePublished":"2025-09-08T15:15:28+00:00","dateModified":"2026-01-12T16:34:37+00:00","breadcrumb":{"@id":"https:\/\/www.guibutik.pt\/loja\/produto\/casaco-timberland-3\/#breadcrumb"},"inLanguage":"pt-PT","potentialAction":[{"@type":"ReadAction","target":["https:\/\/www.guibutik.pt\/loja\/produto\/casaco-timberland-3\/"]}]},{"@type":"ImageObject","inLanguage":"pt-PT","@id":"https:\/\/www.guibutik.pt\/loja\/produto\/casaco-timberland-3\/#primaryimage","url":"https:\/\/www.guibutik.pt\/loja\/wp-content\/uploads\/2025\/09\/A2BMZZ02.jpg","contentUrl":"https:\/\/www.guibutik.pt\/loja\/wp-content\/uploads\/2025\/09\/A2BMZZ02.jpg","width":500,"height":500},{"@type":"BreadcrumbList","@id":"https:\/\/www.guibutik.pt\/loja\/produto\/casaco-timberland-3\/#breadcrumb","itemListElement":[{"@type":"ListItem","position":1,"name":"In\u00edcio","item":"https:\/\/www.guibutik.pt\/loja\/"},{"@type":"ListItem","position":2,"name":"Loja","item":"https:\/\/www.guibutik.pt\/loja\/shop\/"},{"@type":"ListItem","position":3,"name":"Casaco Timberland"}]},{"@type":"WebSite","@id":"https:\/\/www.guibutik.pt\/loja\/#website","url":"https:\/\/www.guibutik.pt\/loja\/","name":"Guibutik","description":"Moda e Sapataria","potentialAction":[{"@type":"SearchAction","target":{"@type":"EntryPoint","urlTemplate":"https:\/\/www.guibutik.pt\/loja\/?s={search_term_string}"},"query-input":{"@type":"PropertyValueSpecification","valueRequired":true,"valueName":"search_term_string"}}],"inLanguage":"pt-PT"}]}},"_links":{"self":[{"href":"https:\/\/www.guibutik.pt\/loja\/wp-json\/wp\/v2\/product\/75574","targetHints":{"allow":["GET"]}}],"collection":[{"href":"https:\/\/www.guibutik.pt\/loja\/wp-json\/wp\/v2\/product"}],"about":[{"href":"https:\/\/www.guibutik.pt\/loja\/wp-json\/wp\/v2\/types\/product"}],"replies":[{"embeddable":true,"href":"https:\/\/www.guibutik.pt\/loja\/wp-json\/wp\/v2\/comments?post=75574"}],"wp:featuredmedia":[{"embeddable":true,"href":"https:\/\/www.guibutik.pt\/loja\/wp-json\/wp\/v2\/media\/75581"}],"wp:attachment":[{"href":"https:\/\/www.guibutik.pt\/loja\/wp-json\/wp\/v2\/media?parent=75574"}],"wp:term":[{"taxonomy":"product_cat","embeddable":true,"href":"https:\/\/www.guibutik.pt\/loja\/wp-json\/wp\/v2\/product_cat?post=75574"},{"taxonomy":"product_tag","embeddable":true,"href":"https:\/\/www.guibutik.pt\/loja\/wp-json\/wp\/v2\/product_tag?post=75574"}],"curies":[{"name":"wp","href":"https:\/\/api.w.org\/{rel}","templated":true}]}}