{"id":75351,"date":"2025-09-08T09:47:03","date_gmt":"2025-09-08T08:47:03","guid":{"rendered":"https:\/\/www.guibutik.pt\/loja\/?post_type=product&#038;p=75351"},"modified":"2026-01-15T13:37:54","modified_gmt":"2026-01-15T12:37:54","slug":"botim-xti-5","status":"publish","type":"product","link":"https:\/\/www.guibutik.pt\/loja\/produto\/botim-xti-5\/","title":{"rendered":"Botim XTI"},"content":{"rendered":"<p>Bota feminina de cano curto da marca Xti. Confeccionada em couro sint\u00e9tico, com cano de 16 cm para um design elegante e moderno. O solado plano e o salto pequeno de 5 cm oferecem conforto e estabilidade, enquanto o detalhe dourado na parte interna do salto adiciona um toque de sofistica\u00e7\u00e3o. A bota tamb\u00e9m apresenta um elegante detalhe em formato de corrente dourada na lateral, para um toque de luxo e distin\u00e7\u00e3o. O z\u00edper interno facilita o calce e o ajuste, tornando este modelo uma op\u00e7\u00e3o pr\u00e1tica e vers\u00e1til para qualquer ocasi\u00e3o. Este modelo possui certifica\u00e7\u00e3o vegana pela organiza\u00e7\u00e3o global de direitos dos animais PETA (Peta).<\/p>\n","protected":false},"excerpt":{"rendered":"<p>Bota feminina de cano curto da marca Xti. Confeccionada em couro sint\u00e9tico, com cano de 16 cm para um design elegante e moderno. O solado plano e o salto pequeno de 5 cm oferecem conforto e estabilidade, enquanto o detalhe dourado na parte interna do salto adiciona um toque de sofistica\u00e7\u00e3o. A bota tamb\u00e9m apresenta [&hellip;]<\/p>\n","protected":false},"featured_media":75354,"comment_status":"closed","ping_status":"closed","template":"","meta":[],"product_cat":[291,222],"product_tag":[],"class_list":{"0":"post-75351","1":"product","2":"type-product","3":"status-publish","4":"has-post-thumbnail","6":"product_cat-calcado-senhora","7":"product_cat-senhora","8":"ts_product_brand-xti","10":"first","11":"instock","12":"shipping-taxable","13":"purchasable","14":"product-type-variable"},"yoast_head":"<!-- This site is optimized with the Yoast SEO plugin v27.5 - https:\/\/yoast.com\/product\/yoast-seo-wordpress\/ -->\n<title>Botim XTI - Guibutik<\/title>\n<meta name=\"robots\" content=\"index, follow, max-snippet:-1, max-image-preview:large, max-video-preview:-1\" \/>\n<link rel=\"canonical\" href=\"https:\/\/www.guibutik.pt\/loja\/produto\/botim-xti-5\/\" \/>\n<meta property=\"og:locale\" content=\"pt_PT\" \/>\n<meta property=\"og:type\" content=\"article\" \/>\n<meta property=\"og:title\" content=\"Botim XTI - Guibutik\" \/>\n<meta property=\"og:description\" content=\"Bota feminina de cano curto da marca Xti. Confeccionada em couro sint\u00e9tico, com cano de 16 cm para um design elegante e moderno. O solado plano e o salto pequeno de 5 cm oferecem conforto e estabilidade, enquanto o detalhe dourado na parte interna do salto adiciona um toque de sofistica\u00e7\u00e3o. A bota tamb\u00e9m apresenta [&hellip;]\" \/>\n<meta property=\"og:url\" content=\"https:\/\/www.guibutik.pt\/loja\/produto\/botim-xti-5\/\" \/>\n<meta property=\"og:site_name\" content=\"Guibutik\" \/>\n<meta property=\"article:publisher\" content=\"https:\/\/www.facebook.com\/guibutik\/\" \/>\n<meta property=\"article:modified_time\" content=\"2026-01-15T12:37:54+00:00\" \/>\n<meta property=\"og:image\" content=\"https:\/\/www.guibutik.pt\/loja\/wp-content\/uploads\/2025\/09\/14439801_38.webp\" \/>\n\t<meta property=\"og:image:width\" content=\"400\" \/>\n\t<meta property=\"og:image:height\" content=\"400\" \/>\n\t<meta property=\"og:image:type\" content=\"image\/webp\" \/>\n<meta name=\"twitter:card\" content=\"summary_large_image\" \/>\n<meta name=\"twitter:label1\" content=\"Tempo estimado de leitura\" \/>\n\t<meta name=\"twitter:data1\" content=\"1 minuto\" \/>\n<script type=\"application\/ld+json\" class=\"yoast-schema-graph\">{\"@context\":\"https:\\\/\\\/schema.org\",\"@graph\":[{\"@type\":\"WebPage\",\"@id\":\"https:\\\/\\\/www.guibutik.pt\\\/loja\\\/produto\\\/botim-xti-5\\\/\",\"url\":\"https:\\\/\\\/www.guibutik.pt\\\/loja\\\/produto\\\/botim-xti-5\\\/\",\"name\":\"Botim XTI - Guibutik\",\"isPartOf\":{\"@id\":\"https:\\\/\\\/www.guibutik.pt\\\/loja\\\/#website\"},\"primaryImageOfPage\":{\"@id\":\"https:\\\/\\\/www.guibutik.pt\\\/loja\\\/produto\\\/botim-xti-5\\\/#primaryimage\"},\"image\":{\"@id\":\"https:\\\/\\\/www.guibutik.pt\\\/loja\\\/produto\\\/botim-xti-5\\\/#primaryimage\"},\"thumbnailUrl\":\"https:\\\/\\\/www.guibutik.pt\\\/loja\\\/wp-content\\\/uploads\\\/2025\\\/09\\\/14439801_38.webp\",\"datePublished\":\"2025-09-08T08:47:03+00:00\",\"dateModified\":\"2026-01-15T12:37:54+00:00\",\"breadcrumb\":{\"@id\":\"https:\\\/\\\/www.guibutik.pt\\\/loja\\\/produto\\\/botim-xti-5\\\/#breadcrumb\"},\"inLanguage\":\"pt-PT\",\"potentialAction\":[{\"@type\":\"ReadAction\",\"target\":[\"https:\\\/\\\/www.guibutik.pt\\\/loja\\\/produto\\\/botim-xti-5\\\/\"]}]},{\"@type\":\"ImageObject\",\"inLanguage\":\"pt-PT\",\"@id\":\"https:\\\/\\\/www.guibutik.pt\\\/loja\\\/produto\\\/botim-xti-5\\\/#primaryimage\",\"url\":\"https:\\\/\\\/www.guibutik.pt\\\/loja\\\/wp-content\\\/uploads\\\/2025\\\/09\\\/14439801_38.webp\",\"contentUrl\":\"https:\\\/\\\/www.guibutik.pt\\\/loja\\\/wp-content\\\/uploads\\\/2025\\\/09\\\/14439801_38.webp\",\"width\":400,\"height\":400},{\"@type\":\"BreadcrumbList\",\"@id\":\"https:\\\/\\\/www.guibutik.pt\\\/loja\\\/produto\\\/botim-xti-5\\\/#breadcrumb\",\"itemListElement\":[{\"@type\":\"ListItem\",\"position\":1,\"name\":\"In\u00edcio\",\"item\":\"https:\\\/\\\/www.guibutik.pt\\\/loja\\\/\"},{\"@type\":\"ListItem\",\"position\":2,\"name\":\"Loja\",\"item\":\"https:\\\/\\\/www.guibutik.pt\\\/loja\\\/shop\\\/\"},{\"@type\":\"ListItem\",\"position\":3,\"name\":\"Botim XTI\"}]},{\"@type\":\"WebSite\",\"@id\":\"https:\\\/\\\/www.guibutik.pt\\\/loja\\\/#website\",\"url\":\"https:\\\/\\\/www.guibutik.pt\\\/loja\\\/\",\"name\":\"Guibutik\",\"description\":\"Moda e Sapataria\",\"potentialAction\":[{\"@type\":\"SearchAction\",\"target\":{\"@type\":\"EntryPoint\",\"urlTemplate\":\"https:\\\/\\\/www.guibutik.pt\\\/loja\\\/?s={search_term_string}\"},\"query-input\":{\"@type\":\"PropertyValueSpecification\",\"valueRequired\":true,\"valueName\":\"search_term_string\"}}],\"inLanguage\":\"pt-PT\"}]}<\/script>\n<!-- \/ Yoast SEO plugin. -->","yoast_head_json":{"title":"Botim XTI - Guibutik","robots":{"index":"index","follow":"follow","max-snippet":"max-snippet:-1","max-image-preview":"max-image-preview:large","max-video-preview":"max-video-preview:-1"},"canonical":"https:\/\/www.guibutik.pt\/loja\/produto\/botim-xti-5\/","og_locale":"pt_PT","og_type":"article","og_title":"Botim XTI - Guibutik","og_description":"Bota feminina de cano curto da marca Xti. Confeccionada em couro sint\u00e9tico, com cano de 16 cm para um design elegante e moderno. O solado plano e o salto pequeno de 5 cm oferecem conforto e estabilidade, enquanto o detalhe dourado na parte interna do salto adiciona um toque de sofistica\u00e7\u00e3o. A bota tamb\u00e9m apresenta [&hellip;]","og_url":"https:\/\/www.guibutik.pt\/loja\/produto\/botim-xti-5\/","og_site_name":"Guibutik","article_publisher":"https:\/\/www.facebook.com\/guibutik\/","article_modified_time":"2026-01-15T12:37:54+00:00","og_image":[{"width":400,"height":400,"url":"https:\/\/www.guibutik.pt\/loja\/wp-content\/uploads\/2025\/09\/14439801_38.webp","type":"image\/webp"}],"twitter_card":"summary_large_image","twitter_misc":{"Tempo estimado de leitura":"1 minuto"},"schema":{"@context":"https:\/\/schema.org","@graph":[{"@type":"WebPage","@id":"https:\/\/www.guibutik.pt\/loja\/produto\/botim-xti-5\/","url":"https:\/\/www.guibutik.pt\/loja\/produto\/botim-xti-5\/","name":"Botim XTI - Guibutik","isPartOf":{"@id":"https:\/\/www.guibutik.pt\/loja\/#website"},"primaryImageOfPage":{"@id":"https:\/\/www.guibutik.pt\/loja\/produto\/botim-xti-5\/#primaryimage"},"image":{"@id":"https:\/\/www.guibutik.pt\/loja\/produto\/botim-xti-5\/#primaryimage"},"thumbnailUrl":"https:\/\/www.guibutik.pt\/loja\/wp-content\/uploads\/2025\/09\/14439801_38.webp","datePublished":"2025-09-08T08:47:03+00:00","dateModified":"2026-01-15T12:37:54+00:00","breadcrumb":{"@id":"https:\/\/www.guibutik.pt\/loja\/produto\/botim-xti-5\/#breadcrumb"},"inLanguage":"pt-PT","potentialAction":[{"@type":"ReadAction","target":["https:\/\/www.guibutik.pt\/loja\/produto\/botim-xti-5\/"]}]},{"@type":"ImageObject","inLanguage":"pt-PT","@id":"https:\/\/www.guibutik.pt\/loja\/produto\/botim-xti-5\/#primaryimage","url":"https:\/\/www.guibutik.pt\/loja\/wp-content\/uploads\/2025\/09\/14439801_38.webp","contentUrl":"https:\/\/www.guibutik.pt\/loja\/wp-content\/uploads\/2025\/09\/14439801_38.webp","width":400,"height":400},{"@type":"BreadcrumbList","@id":"https:\/\/www.guibutik.pt\/loja\/produto\/botim-xti-5\/#breadcrumb","itemListElement":[{"@type":"ListItem","position":1,"name":"In\u00edcio","item":"https:\/\/www.guibutik.pt\/loja\/"},{"@type":"ListItem","position":2,"name":"Loja","item":"https:\/\/www.guibutik.pt\/loja\/shop\/"},{"@type":"ListItem","position":3,"name":"Botim XTI"}]},{"@type":"WebSite","@id":"https:\/\/www.guibutik.pt\/loja\/#website","url":"https:\/\/www.guibutik.pt\/loja\/","name":"Guibutik","description":"Moda e Sapataria","potentialAction":[{"@type":"SearchAction","target":{"@type":"EntryPoint","urlTemplate":"https:\/\/www.guibutik.pt\/loja\/?s={search_term_string}"},"query-input":{"@type":"PropertyValueSpecification","valueRequired":true,"valueName":"search_term_string"}}],"inLanguage":"pt-PT"}]}},"_links":{"self":[{"href":"https:\/\/www.guibutik.pt\/loja\/wp-json\/wp\/v2\/product\/75351","targetHints":{"allow":["GET"]}}],"collection":[{"href":"https:\/\/www.guibutik.pt\/loja\/wp-json\/wp\/v2\/product"}],"about":[{"href":"https:\/\/www.guibutik.pt\/loja\/wp-json\/wp\/v2\/types\/product"}],"replies":[{"embeddable":true,"href":"https:\/\/www.guibutik.pt\/loja\/wp-json\/wp\/v2\/comments?post=75351"}],"wp:featuredmedia":[{"embeddable":true,"href":"https:\/\/www.guibutik.pt\/loja\/wp-json\/wp\/v2\/media\/75354"}],"wp:attachment":[{"href":"https:\/\/www.guibutik.pt\/loja\/wp-json\/wp\/v2\/media?parent=75351"}],"wp:term":[{"taxonomy":"product_cat","embeddable":true,"href":"https:\/\/www.guibutik.pt\/loja\/wp-json\/wp\/v2\/product_cat?post=75351"},{"taxonomy":"product_tag","embeddable":true,"href":"https:\/\/www.guibutik.pt\/loja\/wp-json\/wp\/v2\/product_tag?post=75351"}],"curies":[{"name":"wp","href":"https:\/\/api.w.org\/{rel}","templated":true}]}}