{"id":74395,"date":"2025-09-08T10:22:30","date_gmt":"2025-09-08T09:22:30","guid":{"rendered":"https:\/\/www.guibutik.pt\/loja\/?post_type=product&#038;p=74395"},"modified":"2026-01-17T18:44:35","modified_gmt":"2026-01-17T17:44:35","slug":"casaco-byoung-2","status":"publish","type":"product","link":"https:\/\/www.guibutik.pt\/loja\/produto\/casaco-byoung-2\/","title":{"rendered":"Casaco BYoung"},"content":{"rendered":"<div class=\"relative w-full md:flex md:items-start\">\n<div class=\"flex items-center justify-center w-full px-5 md:px-16 md:justify-center md:sticky md:top-0 md:min-w-[500px] xl:min-w-[600px] md:w-4\/12\">\n<div class=\"w-full py-5 space-y-8 md:py-9 lg:py-16 xl:py-24 2xl:py-32 md:max-w-sm\">\n<div class=\"space-y-0.5\">\n<div>\n<div class=\"transition-all duration-300 ease-in-out line-clamp-3\">\n<p class=\"text-sm text-foreground font-normal\"><span dir=\"auto\">Este cardigan feminino de malha oferece caimento regular, decote em V, fecho em bot\u00e3o de p\u00e9rola e mangas compridas. O design texturizado macio agrega estilo e conforto para uso vers\u00e1til no dia a dia.<\/span><\/p>\n<\/div>\n<\/div>\n<\/div>\n<div class=\"flex flex-col space-y-8\">\n<div><\/div>\n<\/div>\n<\/div>\n<\/div>\n<\/div>\n<div>\n<div data-contentful-field-id=\"internalTitle\" data-contentful-entry-id=\"2FgCnkSUdD9XjzXnYi8BuO\" data-contentful-locale=\"en-US\">\n<div class=\"mt-none mb-none mx-none\">\n<p id=\"tw-target-text\" class=\"tw-data-text tw-text-large tw-ta\" dir=\"ltr\" data-placeholder=\"Tradu\u00e7\u00e3o\" data-ved=\"2ahUKEwiv9KyZqLePAxUkVKQEHV2vJ_IQ3ewLegQIChAV\" aria-label=\"Texto traduzido: Ajuste: Ajuste regular Comprimento: comprimento curto Mangas: manga comprida Composi\u00e7\u00e3o do tecido 37% Acr\u00edlico, 27% Algod\u00e3o, 25% Poli\u00e9ster, 9% Poliamida, 2% Elastano\"><span class=\"Y2IQFc\" lang=\"pt\">Ajuste: Ajuste regular <\/span><\/p>\n<p class=\"tw-data-text tw-text-large tw-ta\" dir=\"ltr\" data-placeholder=\"Tradu\u00e7\u00e3o\" data-ved=\"2ahUKEwiv9KyZqLePAxUkVKQEHV2vJ_IQ3ewLegQIChAV\" aria-label=\"Texto traduzido: Ajuste: Ajuste regular Comprimento: comprimento curto Mangas: manga comprida Composi\u00e7\u00e3o do tecido 37% Acr\u00edlico, 27% Algod\u00e3o, 25% Poli\u00e9ster, 9% Poliamida, 2% Elastano\"><span class=\"Y2IQFc\" lang=\"pt\">Comprimento: comprimento curto <\/span><\/p>\n<p class=\"tw-data-text tw-text-large tw-ta\" dir=\"ltr\" data-placeholder=\"Tradu\u00e7\u00e3o\" data-ved=\"2ahUKEwiv9KyZqLePAxUkVKQEHV2vJ_IQ3ewLegQIChAV\" aria-label=\"Texto traduzido: Ajuste: Ajuste regular Comprimento: comprimento curto Mangas: manga comprida Composi\u00e7\u00e3o do tecido 37% Acr\u00edlico, 27% Algod\u00e3o, 25% Poli\u00e9ster, 9% Poliamida, 2% Elastano\"><span class=\"Y2IQFc\" lang=\"pt\">Mangas: manga comprida <\/span><\/p>\n<p class=\"tw-data-text tw-text-large tw-ta\" dir=\"ltr\" data-placeholder=\"Tradu\u00e7\u00e3o\" data-ved=\"2ahUKEwiv9KyZqLePAxUkVKQEHV2vJ_IQ3ewLegQIChAV\" aria-label=\"Texto traduzido: Ajuste: Ajuste regular Comprimento: comprimento curto Mangas: manga comprida Composi\u00e7\u00e3o do tecido 37% Acr\u00edlico, 27% Algod\u00e3o, 25% Poli\u00e9ster, 9% Poliamida, 2% Elastano\"><span class=\"Y2IQFc\" lang=\"pt\">Composi\u00e7\u00e3o: 37% Acr\u00edlico, 27% Algod\u00e3o, 25% Poli\u00e9ster, 9% Poliamida, 2% Elastano<\/span><\/p>\n<\/div>\n<\/div>\n<\/div>\n","protected":false},"excerpt":{"rendered":"<p>Este cardigan feminino de malha oferece caimento regular, decote em V, fecho em bot\u00e3o de p\u00e9rola e mangas compridas. O design texturizado macio agrega estilo e conforto para uso vers\u00e1til no dia a dia. Ajuste: Ajuste regular Comprimento: comprimento curto Mangas: manga comprida Composi\u00e7\u00e3o: 37% Acr\u00edlico, 27% Algod\u00e3o, 25% Poli\u00e9ster, 9% Poliamida, 2% Elastano<\/p>\n","protected":false},"featured_media":74398,"comment_status":"closed","ping_status":"closed","template":"","meta":[],"product_cat":[292,222],"product_tag":[],"class_list":{"0":"post-74395","1":"product","2":"type-product","3":"status-publish","4":"has-post-thumbnail","6":"product_cat-casaco","7":"product_cat-senhora","8":"ts_product_brand-b-young","10":"first","11":"instock","12":"shipping-taxable","13":"purchasable","14":"product-type-variable"},"yoast_head":"<!-- This site is optimized with the Yoast SEO plugin v27.5 - https:\/\/yoast.com\/product\/yoast-seo-wordpress\/ -->\n<title>Casaco BYoung - Guibutik<\/title>\n<meta name=\"robots\" content=\"index, follow, max-snippet:-1, max-image-preview:large, max-video-preview:-1\" \/>\n<link rel=\"canonical\" href=\"https:\/\/www.guibutik.pt\/loja\/produto\/casaco-byoung-2\/\" \/>\n<meta property=\"og:locale\" content=\"pt_PT\" \/>\n<meta property=\"og:type\" content=\"article\" \/>\n<meta property=\"og:title\" content=\"Casaco BYoung - Guibutik\" \/>\n<meta property=\"og:description\" content=\"Este cardigan feminino de malha oferece caimento regular, decote em V, fecho em bot\u00e3o de p\u00e9rola e mangas compridas. O design texturizado macio agrega estilo e conforto para uso vers\u00e1til no dia a dia. Ajuste: Ajuste regular Comprimento: comprimento curto Mangas: manga comprida Composi\u00e7\u00e3o: 37% Acr\u00edlico, 27% Algod\u00e3o, 25% Poli\u00e9ster, 9% Poliamida, 2% Elastano\" \/>\n<meta property=\"og:url\" content=\"https:\/\/www.guibutik.pt\/loja\/produto\/casaco-byoung-2\/\" \/>\n<meta property=\"og:site_name\" content=\"Guibutik\" \/>\n<meta property=\"article:publisher\" content=\"https:\/\/www.facebook.com\/guibutik\/\" \/>\n<meta property=\"article:modified_time\" content=\"2026-01-17T17:44:35+00:00\" \/>\n<meta property=\"og:image\" content=\"https:\/\/www.guibutik.pt\/loja\/wp-content\/uploads\/2025\/09\/20817105.jpg\" \/>\n\t<meta property=\"og:image:width\" content=\"362\" \/>\n\t<meta property=\"og:image:height\" content=\"543\" \/>\n\t<meta property=\"og:image:type\" content=\"image\/jpeg\" \/>\n<meta name=\"twitter:card\" content=\"summary_large_image\" \/>\n<meta name=\"twitter:label1\" content=\"Tempo estimado de leitura\" \/>\n\t<meta name=\"twitter:data1\" content=\"1 minuto\" \/>\n<script type=\"application\/ld+json\" class=\"yoast-schema-graph\">{\"@context\":\"https:\\\/\\\/schema.org\",\"@graph\":[{\"@type\":\"WebPage\",\"@id\":\"https:\\\/\\\/www.guibutik.pt\\\/loja\\\/produto\\\/casaco-byoung-2\\\/\",\"url\":\"https:\\\/\\\/www.guibutik.pt\\\/loja\\\/produto\\\/casaco-byoung-2\\\/\",\"name\":\"Casaco BYoung - Guibutik\",\"isPartOf\":{\"@id\":\"https:\\\/\\\/www.guibutik.pt\\\/loja\\\/#website\"},\"primaryImageOfPage\":{\"@id\":\"https:\\\/\\\/www.guibutik.pt\\\/loja\\\/produto\\\/casaco-byoung-2\\\/#primaryimage\"},\"image\":{\"@id\":\"https:\\\/\\\/www.guibutik.pt\\\/loja\\\/produto\\\/casaco-byoung-2\\\/#primaryimage\"},\"thumbnailUrl\":\"https:\\\/\\\/www.guibutik.pt\\\/loja\\\/wp-content\\\/uploads\\\/2025\\\/09\\\/20817105.jpg\",\"datePublished\":\"2025-09-08T09:22:30+00:00\",\"dateModified\":\"2026-01-17T17:44:35+00:00\",\"breadcrumb\":{\"@id\":\"https:\\\/\\\/www.guibutik.pt\\\/loja\\\/produto\\\/casaco-byoung-2\\\/#breadcrumb\"},\"inLanguage\":\"pt-PT\",\"potentialAction\":[{\"@type\":\"ReadAction\",\"target\":[\"https:\\\/\\\/www.guibutik.pt\\\/loja\\\/produto\\\/casaco-byoung-2\\\/\"]}]},{\"@type\":\"ImageObject\",\"inLanguage\":\"pt-PT\",\"@id\":\"https:\\\/\\\/www.guibutik.pt\\\/loja\\\/produto\\\/casaco-byoung-2\\\/#primaryimage\",\"url\":\"https:\\\/\\\/www.guibutik.pt\\\/loja\\\/wp-content\\\/uploads\\\/2025\\\/09\\\/20817105.jpg\",\"contentUrl\":\"https:\\\/\\\/www.guibutik.pt\\\/loja\\\/wp-content\\\/uploads\\\/2025\\\/09\\\/20817105.jpg\",\"width\":362,\"height\":543},{\"@type\":\"BreadcrumbList\",\"@id\":\"https:\\\/\\\/www.guibutik.pt\\\/loja\\\/produto\\\/casaco-byoung-2\\\/#breadcrumb\",\"itemListElement\":[{\"@type\":\"ListItem\",\"position\":1,\"name\":\"In\u00edcio\",\"item\":\"https:\\\/\\\/www.guibutik.pt\\\/loja\\\/\"},{\"@type\":\"ListItem\",\"position\":2,\"name\":\"Loja\",\"item\":\"https:\\\/\\\/www.guibutik.pt\\\/loja\\\/shop\\\/\"},{\"@type\":\"ListItem\",\"position\":3,\"name\":\"Casaco BYoung\"}]},{\"@type\":\"WebSite\",\"@id\":\"https:\\\/\\\/www.guibutik.pt\\\/loja\\\/#website\",\"url\":\"https:\\\/\\\/www.guibutik.pt\\\/loja\\\/\",\"name\":\"Guibutik\",\"description\":\"Moda e Sapataria\",\"potentialAction\":[{\"@type\":\"SearchAction\",\"target\":{\"@type\":\"EntryPoint\",\"urlTemplate\":\"https:\\\/\\\/www.guibutik.pt\\\/loja\\\/?s={search_term_string}\"},\"query-input\":{\"@type\":\"PropertyValueSpecification\",\"valueRequired\":true,\"valueName\":\"search_term_string\"}}],\"inLanguage\":\"pt-PT\"}]}<\/script>\n<!-- \/ Yoast SEO plugin. -->","yoast_head_json":{"title":"Casaco BYoung - Guibutik","robots":{"index":"index","follow":"follow","max-snippet":"max-snippet:-1","max-image-preview":"max-image-preview:large","max-video-preview":"max-video-preview:-1"},"canonical":"https:\/\/www.guibutik.pt\/loja\/produto\/casaco-byoung-2\/","og_locale":"pt_PT","og_type":"article","og_title":"Casaco BYoung - Guibutik","og_description":"Este cardigan feminino de malha oferece caimento regular, decote em V, fecho em bot\u00e3o de p\u00e9rola e mangas compridas. O design texturizado macio agrega estilo e conforto para uso vers\u00e1til no dia a dia. Ajuste: Ajuste regular Comprimento: comprimento curto Mangas: manga comprida Composi\u00e7\u00e3o: 37% Acr\u00edlico, 27% Algod\u00e3o, 25% Poli\u00e9ster, 9% Poliamida, 2% Elastano","og_url":"https:\/\/www.guibutik.pt\/loja\/produto\/casaco-byoung-2\/","og_site_name":"Guibutik","article_publisher":"https:\/\/www.facebook.com\/guibutik\/","article_modified_time":"2026-01-17T17:44:35+00:00","og_image":[{"width":362,"height":543,"url":"https:\/\/www.guibutik.pt\/loja\/wp-content\/uploads\/2025\/09\/20817105.jpg","type":"image\/jpeg"}],"twitter_card":"summary_large_image","twitter_misc":{"Tempo estimado de leitura":"1 minuto"},"schema":{"@context":"https:\/\/schema.org","@graph":[{"@type":"WebPage","@id":"https:\/\/www.guibutik.pt\/loja\/produto\/casaco-byoung-2\/","url":"https:\/\/www.guibutik.pt\/loja\/produto\/casaco-byoung-2\/","name":"Casaco BYoung - Guibutik","isPartOf":{"@id":"https:\/\/www.guibutik.pt\/loja\/#website"},"primaryImageOfPage":{"@id":"https:\/\/www.guibutik.pt\/loja\/produto\/casaco-byoung-2\/#primaryimage"},"image":{"@id":"https:\/\/www.guibutik.pt\/loja\/produto\/casaco-byoung-2\/#primaryimage"},"thumbnailUrl":"https:\/\/www.guibutik.pt\/loja\/wp-content\/uploads\/2025\/09\/20817105.jpg","datePublished":"2025-09-08T09:22:30+00:00","dateModified":"2026-01-17T17:44:35+00:00","breadcrumb":{"@id":"https:\/\/www.guibutik.pt\/loja\/produto\/casaco-byoung-2\/#breadcrumb"},"inLanguage":"pt-PT","potentialAction":[{"@type":"ReadAction","target":["https:\/\/www.guibutik.pt\/loja\/produto\/casaco-byoung-2\/"]}]},{"@type":"ImageObject","inLanguage":"pt-PT","@id":"https:\/\/www.guibutik.pt\/loja\/produto\/casaco-byoung-2\/#primaryimage","url":"https:\/\/www.guibutik.pt\/loja\/wp-content\/uploads\/2025\/09\/20817105.jpg","contentUrl":"https:\/\/www.guibutik.pt\/loja\/wp-content\/uploads\/2025\/09\/20817105.jpg","width":362,"height":543},{"@type":"BreadcrumbList","@id":"https:\/\/www.guibutik.pt\/loja\/produto\/casaco-byoung-2\/#breadcrumb","itemListElement":[{"@type":"ListItem","position":1,"name":"In\u00edcio","item":"https:\/\/www.guibutik.pt\/loja\/"},{"@type":"ListItem","position":2,"name":"Loja","item":"https:\/\/www.guibutik.pt\/loja\/shop\/"},{"@type":"ListItem","position":3,"name":"Casaco BYoung"}]},{"@type":"WebSite","@id":"https:\/\/www.guibutik.pt\/loja\/#website","url":"https:\/\/www.guibutik.pt\/loja\/","name":"Guibutik","description":"Moda e Sapataria","potentialAction":[{"@type":"SearchAction","target":{"@type":"EntryPoint","urlTemplate":"https:\/\/www.guibutik.pt\/loja\/?s={search_term_string}"},"query-input":{"@type":"PropertyValueSpecification","valueRequired":true,"valueName":"search_term_string"}}],"inLanguage":"pt-PT"}]}},"_links":{"self":[{"href":"https:\/\/www.guibutik.pt\/loja\/wp-json\/wp\/v2\/product\/74395","targetHints":{"allow":["GET"]}}],"collection":[{"href":"https:\/\/www.guibutik.pt\/loja\/wp-json\/wp\/v2\/product"}],"about":[{"href":"https:\/\/www.guibutik.pt\/loja\/wp-json\/wp\/v2\/types\/product"}],"replies":[{"embeddable":true,"href":"https:\/\/www.guibutik.pt\/loja\/wp-json\/wp\/v2\/comments?post=74395"}],"wp:featuredmedia":[{"embeddable":true,"href":"https:\/\/www.guibutik.pt\/loja\/wp-json\/wp\/v2\/media\/74398"}],"wp:attachment":[{"href":"https:\/\/www.guibutik.pt\/loja\/wp-json\/wp\/v2\/media?parent=74395"}],"wp:term":[{"taxonomy":"product_cat","embeddable":true,"href":"https:\/\/www.guibutik.pt\/loja\/wp-json\/wp\/v2\/product_cat?post=74395"},{"taxonomy":"product_tag","embeddable":true,"href":"https:\/\/www.guibutik.pt\/loja\/wp-json\/wp\/v2\/product_tag?post=74395"}],"curies":[{"name":"wp","href":"https:\/\/api.w.org\/{rel}","templated":true}]}}