{"id":73625,"date":"2025-09-08T09:45:06","date_gmt":"2025-09-08T08:45:06","guid":{"rendered":"https:\/\/www.guibutik.pt\/loja\/?post_type=product&#038;p=73625"},"modified":"2026-02-13T18:30:34","modified_gmt":"2026-02-13T17:30:34","slug":"jeans-megan-s-tiffosi","status":"publish","type":"product","link":"https:\/\/www.guibutik.pt\/loja\/produto\/jeans-megan-s-tiffosi\/","title":{"rendered":"Jeans Megan S Tiffosi"},"content":{"rendered":"<p>Jeans de cintura alta com cinco bolsos. Fecho frontal com fecho zip e bot\u00e3o met\u00e1lico. Bainha com acabamento desfiado.<\/p>\n<p>Composi\u00e7\u00e3o:<\/p>\n<p>99% Algod\u00e3o 1% Elastano<\/p>\n<p>Cuidados de lavagem:<\/p>\n<div class=\"col-sm-12 column clearfix\">\n<p class=\"paragraph\">Lavar \u00e0 temperatura m\u00e1xima de 30\u00ba.<\/p>\n<\/div>\n<div class=\"col-sm-12 column clearfix\">\n<p class=\"paragraph\">N\u00e3o pode usar lix\u00edvia.<\/p>\n<\/div>\n<div class=\"col-sm-12 column clearfix\">\n<p class=\"paragraph\">N\u00e3o pode colocar na m\u00e1quina de secar.<\/p>\n<\/div>\n<div class=\"col-sm-12 column clearfix\">\n<p class=\"paragraph\">Passar \u00e0 temperatura m\u00ednima (110\u00ba C).<\/p>\n<\/div>\n<div class=\"col-sm-12 column clearfix\">\n<p class=\"paragraph\">N\u00e3o pode lavar a seco.<\/p>\n<\/div>\n","protected":false},"excerpt":{"rendered":"<p>Jeans de cintura alta com cinco bolsos. Fecho frontal com fecho zip e bot\u00e3o met\u00e1lico. Bainha com acabamento desfiado. Composi\u00e7\u00e3o: 99% Algod\u00e3o 1% Elastano Cuidados de lavagem: Lavar \u00e0 temperatura m\u00e1xima de 30\u00ba. N\u00e3o pode usar lix\u00edvia. N\u00e3o pode colocar na m\u00e1quina de secar. Passar \u00e0 temperatura m\u00ednima (110\u00ba C). N\u00e3o pode lavar a seco.<\/p>\n","protected":false},"featured_media":73629,"comment_status":"closed","ping_status":"closed","template":"","meta":[],"product_cat":[285,222],"product_tag":[],"class_list":{"0":"post-73625","1":"product","2":"type-product","3":"status-publish","4":"has-post-thumbnail","6":"product_cat-calcas-senhora","7":"product_cat-senhora","8":"ts_product_brand-tiffosi","10":"first","11":"instock","12":"shipping-taxable","13":"purchasable","14":"product-type-variable"},"yoast_head":"<!-- This site is optimized with the Yoast SEO plugin v27.3 - https:\/\/yoast.com\/product\/yoast-seo-wordpress\/ -->\n<title>Jeans Megan S Tiffosi - Guibutik<\/title>\n<meta name=\"robots\" content=\"index, follow, max-snippet:-1, max-image-preview:large, max-video-preview:-1\" \/>\n<link rel=\"canonical\" href=\"https:\/\/www.guibutik.pt\/loja\/produto\/jeans-megan-s-tiffosi\/\" \/>\n<meta property=\"og:locale\" content=\"pt_PT\" \/>\n<meta property=\"og:type\" content=\"article\" \/>\n<meta property=\"og:title\" content=\"Jeans Megan S Tiffosi - Guibutik\" \/>\n<meta property=\"og:description\" content=\"Jeans de cintura alta com cinco bolsos. Fecho frontal com fecho zip e bot\u00e3o met\u00e1lico. Bainha com acabamento desfiado. Composi\u00e7\u00e3o: 99% Algod\u00e3o 1% Elastano Cuidados de lavagem: Lavar \u00e0 temperatura m\u00e1xima de 30\u00ba. N\u00e3o pode usar lix\u00edvia. N\u00e3o pode colocar na m\u00e1quina de secar. Passar \u00e0 temperatura m\u00ednima (110\u00ba C). N\u00e3o pode lavar a seco.\" \/>\n<meta property=\"og:url\" content=\"https:\/\/www.guibutik.pt\/loja\/produto\/jeans-megan-s-tiffosi\/\" \/>\n<meta property=\"og:site_name\" content=\"Guibutik\" \/>\n<meta property=\"article:publisher\" content=\"https:\/\/www.facebook.com\/guibutik\/\" \/>\n<meta property=\"article:modified_time\" content=\"2026-02-13T17:30:34+00:00\" \/>\n<meta property=\"og:image\" content=\"https:\/\/www.guibutik.pt\/loja\/wp-content\/uploads\/2025\/08\/10059455.jpg\" \/>\n\t<meta property=\"og:image:width\" content=\"1560\" \/>\n\t<meta property=\"og:image:height\" content=\"2340\" \/>\n\t<meta property=\"og:image:type\" content=\"image\/jpeg\" \/>\n<meta name=\"twitter:card\" content=\"summary_large_image\" \/>\n<meta name=\"twitter:label1\" content=\"Tempo estimado de leitura\" \/>\n\t<meta name=\"twitter:data1\" content=\"1 minuto\" \/>\n<script type=\"application\/ld+json\" class=\"yoast-schema-graph\">{\"@context\":\"https:\\\/\\\/schema.org\",\"@graph\":[{\"@type\":\"WebPage\",\"@id\":\"https:\\\/\\\/www.guibutik.pt\\\/loja\\\/produto\\\/jeans-megan-s-tiffosi\\\/\",\"url\":\"https:\\\/\\\/www.guibutik.pt\\\/loja\\\/produto\\\/jeans-megan-s-tiffosi\\\/\",\"name\":\"Jeans Megan S Tiffosi - Guibutik\",\"isPartOf\":{\"@id\":\"https:\\\/\\\/www.guibutik.pt\\\/loja\\\/#website\"},\"primaryImageOfPage\":{\"@id\":\"https:\\\/\\\/www.guibutik.pt\\\/loja\\\/produto\\\/jeans-megan-s-tiffosi\\\/#primaryimage\"},\"image\":{\"@id\":\"https:\\\/\\\/www.guibutik.pt\\\/loja\\\/produto\\\/jeans-megan-s-tiffosi\\\/#primaryimage\"},\"thumbnailUrl\":\"https:\\\/\\\/www.guibutik.pt\\\/loja\\\/wp-content\\\/uploads\\\/2025\\\/08\\\/10059455.jpg\",\"datePublished\":\"2025-09-08T08:45:06+00:00\",\"dateModified\":\"2026-02-13T17:30:34+00:00\",\"breadcrumb\":{\"@id\":\"https:\\\/\\\/www.guibutik.pt\\\/loja\\\/produto\\\/jeans-megan-s-tiffosi\\\/#breadcrumb\"},\"inLanguage\":\"pt-PT\",\"potentialAction\":[{\"@type\":\"ReadAction\",\"target\":[\"https:\\\/\\\/www.guibutik.pt\\\/loja\\\/produto\\\/jeans-megan-s-tiffosi\\\/\"]}]},{\"@type\":\"ImageObject\",\"inLanguage\":\"pt-PT\",\"@id\":\"https:\\\/\\\/www.guibutik.pt\\\/loja\\\/produto\\\/jeans-megan-s-tiffosi\\\/#primaryimage\",\"url\":\"https:\\\/\\\/www.guibutik.pt\\\/loja\\\/wp-content\\\/uploads\\\/2025\\\/08\\\/10059455.jpg\",\"contentUrl\":\"https:\\\/\\\/www.guibutik.pt\\\/loja\\\/wp-content\\\/uploads\\\/2025\\\/08\\\/10059455.jpg\",\"width\":1560,\"height\":2340},{\"@type\":\"BreadcrumbList\",\"@id\":\"https:\\\/\\\/www.guibutik.pt\\\/loja\\\/produto\\\/jeans-megan-s-tiffosi\\\/#breadcrumb\",\"itemListElement\":[{\"@type\":\"ListItem\",\"position\":1,\"name\":\"In\u00edcio\",\"item\":\"https:\\\/\\\/www.guibutik.pt\\\/loja\\\/\"},{\"@type\":\"ListItem\",\"position\":2,\"name\":\"Loja\",\"item\":\"https:\\\/\\\/www.guibutik.pt\\\/loja\\\/shop\\\/\"},{\"@type\":\"ListItem\",\"position\":3,\"name\":\"Jeans Megan S Tiffosi\"}]},{\"@type\":\"WebSite\",\"@id\":\"https:\\\/\\\/www.guibutik.pt\\\/loja\\\/#website\",\"url\":\"https:\\\/\\\/www.guibutik.pt\\\/loja\\\/\",\"name\":\"Guibutik\",\"description\":\"Moda e Sapataria\",\"potentialAction\":[{\"@type\":\"SearchAction\",\"target\":{\"@type\":\"EntryPoint\",\"urlTemplate\":\"https:\\\/\\\/www.guibutik.pt\\\/loja\\\/?s={search_term_string}\"},\"query-input\":{\"@type\":\"PropertyValueSpecification\",\"valueRequired\":true,\"valueName\":\"search_term_string\"}}],\"inLanguage\":\"pt-PT\"}]}<\/script>\n<!-- \/ Yoast SEO plugin. -->","yoast_head_json":{"title":"Jeans Megan S Tiffosi - Guibutik","robots":{"index":"index","follow":"follow","max-snippet":"max-snippet:-1","max-image-preview":"max-image-preview:large","max-video-preview":"max-video-preview:-1"},"canonical":"https:\/\/www.guibutik.pt\/loja\/produto\/jeans-megan-s-tiffosi\/","og_locale":"pt_PT","og_type":"article","og_title":"Jeans Megan S Tiffosi - Guibutik","og_description":"Jeans de cintura alta com cinco bolsos. Fecho frontal com fecho zip e bot\u00e3o met\u00e1lico. Bainha com acabamento desfiado. Composi\u00e7\u00e3o: 99% Algod\u00e3o 1% Elastano Cuidados de lavagem: Lavar \u00e0 temperatura m\u00e1xima de 30\u00ba. N\u00e3o pode usar lix\u00edvia. N\u00e3o pode colocar na m\u00e1quina de secar. Passar \u00e0 temperatura m\u00ednima (110\u00ba C). N\u00e3o pode lavar a seco.","og_url":"https:\/\/www.guibutik.pt\/loja\/produto\/jeans-megan-s-tiffosi\/","og_site_name":"Guibutik","article_publisher":"https:\/\/www.facebook.com\/guibutik\/","article_modified_time":"2026-02-13T17:30:34+00:00","og_image":[{"width":1560,"height":2340,"url":"https:\/\/www.guibutik.pt\/loja\/wp-content\/uploads\/2025\/08\/10059455.jpg","type":"image\/jpeg"}],"twitter_card":"summary_large_image","twitter_misc":{"Tempo estimado de leitura":"1 minuto"},"schema":{"@context":"https:\/\/schema.org","@graph":[{"@type":"WebPage","@id":"https:\/\/www.guibutik.pt\/loja\/produto\/jeans-megan-s-tiffosi\/","url":"https:\/\/www.guibutik.pt\/loja\/produto\/jeans-megan-s-tiffosi\/","name":"Jeans Megan S Tiffosi - Guibutik","isPartOf":{"@id":"https:\/\/www.guibutik.pt\/loja\/#website"},"primaryImageOfPage":{"@id":"https:\/\/www.guibutik.pt\/loja\/produto\/jeans-megan-s-tiffosi\/#primaryimage"},"image":{"@id":"https:\/\/www.guibutik.pt\/loja\/produto\/jeans-megan-s-tiffosi\/#primaryimage"},"thumbnailUrl":"https:\/\/www.guibutik.pt\/loja\/wp-content\/uploads\/2025\/08\/10059455.jpg","datePublished":"2025-09-08T08:45:06+00:00","dateModified":"2026-02-13T17:30:34+00:00","breadcrumb":{"@id":"https:\/\/www.guibutik.pt\/loja\/produto\/jeans-megan-s-tiffosi\/#breadcrumb"},"inLanguage":"pt-PT","potentialAction":[{"@type":"ReadAction","target":["https:\/\/www.guibutik.pt\/loja\/produto\/jeans-megan-s-tiffosi\/"]}]},{"@type":"ImageObject","inLanguage":"pt-PT","@id":"https:\/\/www.guibutik.pt\/loja\/produto\/jeans-megan-s-tiffosi\/#primaryimage","url":"https:\/\/www.guibutik.pt\/loja\/wp-content\/uploads\/2025\/08\/10059455.jpg","contentUrl":"https:\/\/www.guibutik.pt\/loja\/wp-content\/uploads\/2025\/08\/10059455.jpg","width":1560,"height":2340},{"@type":"BreadcrumbList","@id":"https:\/\/www.guibutik.pt\/loja\/produto\/jeans-megan-s-tiffosi\/#breadcrumb","itemListElement":[{"@type":"ListItem","position":1,"name":"In\u00edcio","item":"https:\/\/www.guibutik.pt\/loja\/"},{"@type":"ListItem","position":2,"name":"Loja","item":"https:\/\/www.guibutik.pt\/loja\/shop\/"},{"@type":"ListItem","position":3,"name":"Jeans Megan S Tiffosi"}]},{"@type":"WebSite","@id":"https:\/\/www.guibutik.pt\/loja\/#website","url":"https:\/\/www.guibutik.pt\/loja\/","name":"Guibutik","description":"Moda e Sapataria","potentialAction":[{"@type":"SearchAction","target":{"@type":"EntryPoint","urlTemplate":"https:\/\/www.guibutik.pt\/loja\/?s={search_term_string}"},"query-input":{"@type":"PropertyValueSpecification","valueRequired":true,"valueName":"search_term_string"}}],"inLanguage":"pt-PT"}]}},"_links":{"self":[{"href":"https:\/\/www.guibutik.pt\/loja\/wp-json\/wp\/v2\/product\/73625","targetHints":{"allow":["GET"]}}],"collection":[{"href":"https:\/\/www.guibutik.pt\/loja\/wp-json\/wp\/v2\/product"}],"about":[{"href":"https:\/\/www.guibutik.pt\/loja\/wp-json\/wp\/v2\/types\/product"}],"replies":[{"embeddable":true,"href":"https:\/\/www.guibutik.pt\/loja\/wp-json\/wp\/v2\/comments?post=73625"}],"wp:featuredmedia":[{"embeddable":true,"href":"https:\/\/www.guibutik.pt\/loja\/wp-json\/wp\/v2\/media\/73629"}],"wp:attachment":[{"href":"https:\/\/www.guibutik.pt\/loja\/wp-json\/wp\/v2\/media?parent=73625"}],"wp:term":[{"taxonomy":"product_cat","embeddable":true,"href":"https:\/\/www.guibutik.pt\/loja\/wp-json\/wp\/v2\/product_cat?post=73625"},{"taxonomy":"product_tag","embeddable":true,"href":"https:\/\/www.guibutik.pt\/loja\/wp-json\/wp\/v2\/product_tag?post=73625"}],"curies":[{"name":"wp","href":"https:\/\/api.w.org\/{rel}","templated":true}]}}