{"id":73006,"date":"2025-09-08T11:16:53","date_gmt":"2025-09-08T10:16:53","guid":{"rendered":"https:\/\/www.guibutik.pt\/loja\/?post_type=product&#038;p=73006"},"modified":"2026-02-24T19:09:36","modified_gmt":"2026-02-24T18:09:36","slug":"jeans-501-h-levis","status":"publish","type":"product","link":"https:\/\/www.guibutik.pt\/loja\/produto\/jeans-501-h-levis\/","title":{"rendered":"Jeans 501 H Levi&#8217;s"},"content":{"rendered":"<div class=\"about-this-style\" data-v-15cf9913=\"\"><span dir=\"auto\">Sobre este estilo<\/span><\/div>\n<div class=\"pdp-spec-feature\" data-v-ca784612=\"\" data-v-15cf9913=\"\">\n<div class=\"contentContainer\" data-v-ca784612=\"\">\n<div class=\"pdp-spec-description\" data-v-ca784612=\"\">\n<div data-v-ca784612=\"\">\n<p><span dir=\"auto\">Feche os olhos. Pense em &#8220;jeans&#8221;. Agora abra. Eles eram 501\u00ae Originals, certo? Com pernas retas cl\u00e1ssicas e um estilo ic\u00f4nico, eles s\u00e3o literalmente o modelo para todos os pares de jeans existentes \u2014 gravados no c\u00f3rtex coletivo do mundo desde que Levi Strauss (o pr\u00f3prio homem!) os lan\u00e7ou em 1873. At\u00e9 hoje, eles nunca sa\u00edram de moda. E nunca sair\u00e3o.<\/span><\/p>\n<ul>\n<li><span dir=\"auto\">O jeans azul original<\/span><\/li>\n<li><span dir=\"auto\">Nosso corte reto exclusivo<\/span><\/li>\n<li><span dir=\"auto\">Uma tela em branco para personaliza\u00e7\u00e3o e autoexpress\u00e3o<\/span><\/li>\n<\/ul>\n<div class=\"pdp-tabs-header\" data-v-9a871829=\"\"><span class=\"pdp-tabs-title\" data-v-9a871829=\"\"><span dir=\"auto\">Como se encaixa<\/span><\/span><\/div>\n<div class=\"contentContainer\" data-v-9a871829=\"\">\n<ul data-v-9a871829=\"\">\n<li class=\"\" tabindex=\"0\" data-v-9a871829=\"\"><span dir=\"auto\">Regular na coxa<\/span><\/li>\n<li class=\"\" tabindex=\"0\" data-v-9a871829=\"\"><span dir=\"auto\">Senta na sua cintura<\/span><\/li>\n<li class=\"\" tabindex=\"0\" data-v-9a871829=\"\"><span dir=\"auto\">Perna reta<\/span><\/li>\n<li class=\"model-measurements\" tabindex=\"0\" data-v-9a871829=\"\"><span dir=\"auto\"><span dir=\"auto\">Modelo das imagens: 1,85 m de altura e veste tamanho 30 x 32 (cintura da modelo: 76 cm)<\/span><\/span><\/li>\n<\/ul>\n<div class=\"pdp-tabs-header\" data-v-c1d5bbc9=\"\"><span class=\"pdp-tabs-title\" data-v-c1d5bbc9=\"\"><span dir=\"auto\">Composi\u00e7\u00e3o e Cuidados<\/span><\/span><\/div>\n<div class=\"contentContainer\" data-v-c1d5bbc9=\"\">\n<ul data-v-c1d5bbc9=\"\">\n<li tabindex=\"0\" data-v-c1d5bbc9=\"\"><span dir=\"auto\">99% algod\u00e3o ~1% elastano (LYCRA\u00ae)<\/span><\/li>\n<li tabindex=\"0\" data-v-c1d5bbc9=\"\"><span dir=\"auto\">Jeans<\/span><\/li>\n<li tabindex=\"0\" data-v-c1d5bbc9=\"\"><span dir=\"auto\">Alongamento confort\u00e1vel (1%-20%)<\/span><\/li>\n<li tabindex=\"0\" data-v-c1d5bbc9=\"\"><span dir=\"auto\">Braguilha de bot\u00e3o<\/span><\/li>\n<li tabindex=\"0\" data-v-c1d5bbc9=\"\"><span dir=\"auto\">Estilo de 5 bolsos<\/span><\/li>\n<li tabindex=\"0\" data-v-c1d5bbc9=\"\"><span dir=\"auto\">Lave seu jeans no m\u00e1ximo a cada 10 usos; isso aumenta sua vida \u00fatil e economiza recursos naturais; quando voc\u00ea finalmente lavar seu jeans, lave-o e seque-o do avesso com cores semelhantes; detergente l\u00edquido \u00e9 recomendado<\/span><\/li>\n<li tabindex=\"0\" data-v-c1d5bbc9=\"\"><span dir=\"auto\">Pa\u00eds de origem Egito<\/span><\/li>\n<\/ul>\n<\/div>\n<\/div>\n<\/div>\n<\/div>\n<\/div>\n<\/div>\n","protected":false},"excerpt":{"rendered":"<p>Sobre este estilo Feche os olhos. Pense em &#8220;jeans&#8221;. Agora abra. Eles eram 501\u00ae Originals, certo? Com pernas retas cl\u00e1ssicas e um estilo ic\u00f4nico, eles s\u00e3o literalmente o modelo para todos os pares de jeans existentes \u2014 gravados no c\u00f3rtex coletivo do mundo desde que Levi Strauss (o pr\u00f3prio homem!) os lan\u00e7ou em 1873. At\u00e9 [&hellip;]<\/p>\n","protected":false},"featured_media":73021,"comment_status":"closed","ping_status":"closed","template":"","meta":[],"product_cat":[298,221],"product_tag":[],"class_list":{"0":"post-73006","1":"product","2":"type-product","3":"status-publish","4":"has-post-thumbnail","6":"product_cat-calcas","7":"product_cat-homem","8":"ts_product_brand-levis","10":"first","11":"instock","12":"shipping-taxable","13":"purchasable","14":"product-type-variable"},"yoast_head":"<!-- This site is optimized with the Yoast SEO plugin v27.5 - https:\/\/yoast.com\/product\/yoast-seo-wordpress\/ -->\n<title>Jeans 501 H Levi&#039;s - Guibutik<\/title>\n<meta name=\"robots\" content=\"index, follow, max-snippet:-1, max-image-preview:large, max-video-preview:-1\" \/>\n<link rel=\"canonical\" href=\"https:\/\/www.guibutik.pt\/loja\/produto\/jeans-501-h-levis\/\" \/>\n<meta property=\"og:locale\" content=\"pt_PT\" \/>\n<meta property=\"og:type\" content=\"article\" \/>\n<meta property=\"og:title\" content=\"Jeans 501 H Levi&#039;s - Guibutik\" \/>\n<meta property=\"og:description\" content=\"Sobre este estilo Feche os olhos. Pense em &#8220;jeans&#8221;. Agora abra. Eles eram 501\u00ae Originals, certo? Com pernas retas cl\u00e1ssicas e um estilo ic\u00f4nico, eles s\u00e3o literalmente o modelo para todos os pares de jeans existentes \u2014 gravados no c\u00f3rtex coletivo do mundo desde que Levi Strauss (o pr\u00f3prio homem!) os lan\u00e7ou em 1873. At\u00e9 [&hellip;]\" \/>\n<meta property=\"og:url\" content=\"https:\/\/www.guibutik.pt\/loja\/produto\/jeans-501-h-levis\/\" \/>\n<meta property=\"og:site_name\" content=\"Guibutik\" \/>\n<meta property=\"article:publisher\" content=\"https:\/\/www.facebook.com\/guibutik\/\" \/>\n<meta property=\"article:modified_time\" content=\"2026-02-24T18:09:36+00:00\" \/>\n<meta property=\"og:image\" content=\"https:\/\/www.guibutik.pt\/loja\/wp-content\/uploads\/2025\/07\/00501-3473.jpg\" \/>\n\t<meta property=\"og:image:width\" content=\"1300\" \/>\n\t<meta property=\"og:image:height\" content=\"1800\" \/>\n\t<meta property=\"og:image:type\" content=\"image\/jpeg\" \/>\n<meta name=\"twitter:card\" content=\"summary_large_image\" \/>\n<meta name=\"twitter:label1\" content=\"Tempo estimado de leitura\" \/>\n\t<meta name=\"twitter:data1\" content=\"2 minutos\" \/>\n<script type=\"application\/ld+json\" class=\"yoast-schema-graph\">{\"@context\":\"https:\\\/\\\/schema.org\",\"@graph\":[{\"@type\":\"WebPage\",\"@id\":\"https:\\\/\\\/www.guibutik.pt\\\/loja\\\/produto\\\/jeans-501-h-levis\\\/\",\"url\":\"https:\\\/\\\/www.guibutik.pt\\\/loja\\\/produto\\\/jeans-501-h-levis\\\/\",\"name\":\"Jeans 501 H Levi's - Guibutik\",\"isPartOf\":{\"@id\":\"https:\\\/\\\/www.guibutik.pt\\\/loja\\\/#website\"},\"primaryImageOfPage\":{\"@id\":\"https:\\\/\\\/www.guibutik.pt\\\/loja\\\/produto\\\/jeans-501-h-levis\\\/#primaryimage\"},\"image\":{\"@id\":\"https:\\\/\\\/www.guibutik.pt\\\/loja\\\/produto\\\/jeans-501-h-levis\\\/#primaryimage\"},\"thumbnailUrl\":\"https:\\\/\\\/www.guibutik.pt\\\/loja\\\/wp-content\\\/uploads\\\/2025\\\/07\\\/00501-3473.jpg\",\"datePublished\":\"2025-09-08T10:16:53+00:00\",\"dateModified\":\"2026-02-24T18:09:36+00:00\",\"breadcrumb\":{\"@id\":\"https:\\\/\\\/www.guibutik.pt\\\/loja\\\/produto\\\/jeans-501-h-levis\\\/#breadcrumb\"},\"inLanguage\":\"pt-PT\",\"potentialAction\":[{\"@type\":\"ReadAction\",\"target\":[\"https:\\\/\\\/www.guibutik.pt\\\/loja\\\/produto\\\/jeans-501-h-levis\\\/\"]}]},{\"@type\":\"ImageObject\",\"inLanguage\":\"pt-PT\",\"@id\":\"https:\\\/\\\/www.guibutik.pt\\\/loja\\\/produto\\\/jeans-501-h-levis\\\/#primaryimage\",\"url\":\"https:\\\/\\\/www.guibutik.pt\\\/loja\\\/wp-content\\\/uploads\\\/2025\\\/07\\\/00501-3473.jpg\",\"contentUrl\":\"https:\\\/\\\/www.guibutik.pt\\\/loja\\\/wp-content\\\/uploads\\\/2025\\\/07\\\/00501-3473.jpg\",\"width\":1300,\"height\":1800},{\"@type\":\"BreadcrumbList\",\"@id\":\"https:\\\/\\\/www.guibutik.pt\\\/loja\\\/produto\\\/jeans-501-h-levis\\\/#breadcrumb\",\"itemListElement\":[{\"@type\":\"ListItem\",\"position\":1,\"name\":\"In\u00edcio\",\"item\":\"https:\\\/\\\/www.guibutik.pt\\\/loja\\\/\"},{\"@type\":\"ListItem\",\"position\":2,\"name\":\"Loja\",\"item\":\"https:\\\/\\\/www.guibutik.pt\\\/loja\\\/shop\\\/\"},{\"@type\":\"ListItem\",\"position\":3,\"name\":\"Jeans 501 H Levi&#8217;s\"}]},{\"@type\":\"WebSite\",\"@id\":\"https:\\\/\\\/www.guibutik.pt\\\/loja\\\/#website\",\"url\":\"https:\\\/\\\/www.guibutik.pt\\\/loja\\\/\",\"name\":\"Guibutik\",\"description\":\"Moda e Sapataria\",\"potentialAction\":[{\"@type\":\"SearchAction\",\"target\":{\"@type\":\"EntryPoint\",\"urlTemplate\":\"https:\\\/\\\/www.guibutik.pt\\\/loja\\\/?s={search_term_string}\"},\"query-input\":{\"@type\":\"PropertyValueSpecification\",\"valueRequired\":true,\"valueName\":\"search_term_string\"}}],\"inLanguage\":\"pt-PT\"}]}<\/script>\n<!-- \/ Yoast SEO plugin. -->","yoast_head_json":{"title":"Jeans 501 H Levi's - Guibutik","robots":{"index":"index","follow":"follow","max-snippet":"max-snippet:-1","max-image-preview":"max-image-preview:large","max-video-preview":"max-video-preview:-1"},"canonical":"https:\/\/www.guibutik.pt\/loja\/produto\/jeans-501-h-levis\/","og_locale":"pt_PT","og_type":"article","og_title":"Jeans 501 H Levi's - Guibutik","og_description":"Sobre este estilo Feche os olhos. Pense em &#8220;jeans&#8221;. Agora abra. Eles eram 501\u00ae Originals, certo? Com pernas retas cl\u00e1ssicas e um estilo ic\u00f4nico, eles s\u00e3o literalmente o modelo para todos os pares de jeans existentes \u2014 gravados no c\u00f3rtex coletivo do mundo desde que Levi Strauss (o pr\u00f3prio homem!) os lan\u00e7ou em 1873. At\u00e9 [&hellip;]","og_url":"https:\/\/www.guibutik.pt\/loja\/produto\/jeans-501-h-levis\/","og_site_name":"Guibutik","article_publisher":"https:\/\/www.facebook.com\/guibutik\/","article_modified_time":"2026-02-24T18:09:36+00:00","og_image":[{"width":1300,"height":1800,"url":"https:\/\/www.guibutik.pt\/loja\/wp-content\/uploads\/2025\/07\/00501-3473.jpg","type":"image\/jpeg"}],"twitter_card":"summary_large_image","twitter_misc":{"Tempo estimado de leitura":"2 minutos"},"schema":{"@context":"https:\/\/schema.org","@graph":[{"@type":"WebPage","@id":"https:\/\/www.guibutik.pt\/loja\/produto\/jeans-501-h-levis\/","url":"https:\/\/www.guibutik.pt\/loja\/produto\/jeans-501-h-levis\/","name":"Jeans 501 H Levi's - Guibutik","isPartOf":{"@id":"https:\/\/www.guibutik.pt\/loja\/#website"},"primaryImageOfPage":{"@id":"https:\/\/www.guibutik.pt\/loja\/produto\/jeans-501-h-levis\/#primaryimage"},"image":{"@id":"https:\/\/www.guibutik.pt\/loja\/produto\/jeans-501-h-levis\/#primaryimage"},"thumbnailUrl":"https:\/\/www.guibutik.pt\/loja\/wp-content\/uploads\/2025\/07\/00501-3473.jpg","datePublished":"2025-09-08T10:16:53+00:00","dateModified":"2026-02-24T18:09:36+00:00","breadcrumb":{"@id":"https:\/\/www.guibutik.pt\/loja\/produto\/jeans-501-h-levis\/#breadcrumb"},"inLanguage":"pt-PT","potentialAction":[{"@type":"ReadAction","target":["https:\/\/www.guibutik.pt\/loja\/produto\/jeans-501-h-levis\/"]}]},{"@type":"ImageObject","inLanguage":"pt-PT","@id":"https:\/\/www.guibutik.pt\/loja\/produto\/jeans-501-h-levis\/#primaryimage","url":"https:\/\/www.guibutik.pt\/loja\/wp-content\/uploads\/2025\/07\/00501-3473.jpg","contentUrl":"https:\/\/www.guibutik.pt\/loja\/wp-content\/uploads\/2025\/07\/00501-3473.jpg","width":1300,"height":1800},{"@type":"BreadcrumbList","@id":"https:\/\/www.guibutik.pt\/loja\/produto\/jeans-501-h-levis\/#breadcrumb","itemListElement":[{"@type":"ListItem","position":1,"name":"In\u00edcio","item":"https:\/\/www.guibutik.pt\/loja\/"},{"@type":"ListItem","position":2,"name":"Loja","item":"https:\/\/www.guibutik.pt\/loja\/shop\/"},{"@type":"ListItem","position":3,"name":"Jeans 501 H Levi&#8217;s"}]},{"@type":"WebSite","@id":"https:\/\/www.guibutik.pt\/loja\/#website","url":"https:\/\/www.guibutik.pt\/loja\/","name":"Guibutik","description":"Moda e Sapataria","potentialAction":[{"@type":"SearchAction","target":{"@type":"EntryPoint","urlTemplate":"https:\/\/www.guibutik.pt\/loja\/?s={search_term_string}"},"query-input":{"@type":"PropertyValueSpecification","valueRequired":true,"valueName":"search_term_string"}}],"inLanguage":"pt-PT"}]}},"_links":{"self":[{"href":"https:\/\/www.guibutik.pt\/loja\/wp-json\/wp\/v2\/product\/73006","targetHints":{"allow":["GET"]}}],"collection":[{"href":"https:\/\/www.guibutik.pt\/loja\/wp-json\/wp\/v2\/product"}],"about":[{"href":"https:\/\/www.guibutik.pt\/loja\/wp-json\/wp\/v2\/types\/product"}],"replies":[{"embeddable":true,"href":"https:\/\/www.guibutik.pt\/loja\/wp-json\/wp\/v2\/comments?post=73006"}],"wp:featuredmedia":[{"embeddable":true,"href":"https:\/\/www.guibutik.pt\/loja\/wp-json\/wp\/v2\/media\/73021"}],"wp:attachment":[{"href":"https:\/\/www.guibutik.pt\/loja\/wp-json\/wp\/v2\/media?parent=73006"}],"wp:term":[{"taxonomy":"product_cat","embeddable":true,"href":"https:\/\/www.guibutik.pt\/loja\/wp-json\/wp\/v2\/product_cat?post=73006"},{"taxonomy":"product_tag","embeddable":true,"href":"https:\/\/www.guibutik.pt\/loja\/wp-json\/wp\/v2\/product_tag?post=73006"}],"curies":[{"name":"wp","href":"https:\/\/api.w.org\/{rel}","templated":true}]}}