{"id":72857,"date":"2025-06-24T12:02:01","date_gmt":"2025-06-24T11:02:01","guid":{"rendered":"https:\/\/www.guibutik.pt\/loja\/?post_type=product&#038;p=72857"},"modified":"2025-08-16T11:07:41","modified_gmt":"2025-08-16T10:07:41","slug":"chinelo-h-skechers","status":"publish","type":"product","link":"https:\/\/www.guibutik.pt\/loja\/produto\/chinelo-h-skechers\/","title":{"rendered":"Chinelo H Skechers"},"content":{"rendered":"<p>Mantenha-se fresco e protegido com a Sand\u00e1lia Skechers GO Consistent\u2122 2.0. Esta sand\u00e1lia de performance apresenta cabedal sint\u00e9tico com palmilha Goga Mat\u00ae e amortecimento ULTRA LEVE.<\/p>\n<p>Caracter\u00edsticas:<br \/>\n&#8211; Palmilha confort\u00e1vel acolchoada Goga Mat\u00ae<br \/>\n&#8211; Amortecimento ultraleve na entressola<br \/>\n&#8211; Feito com materiais 100% veganos<br \/>\n&#8211; Design lav\u00e1vel \u00e0 m\u00e1quina<br \/>\n&#8211; Palmilha Goga Mat\u00ae contornada para conforto premium<br \/>\n&#8211; Detalhe do logotipo Skechers\u00ae<\/p>\n","protected":false},"excerpt":{"rendered":"<p>Mantenha-se fresco e protegido com a Sand\u00e1lia Skechers GO Consistent\u2122 2.0. Esta sand\u00e1lia de performance apresenta cabedal sint\u00e9tico com palmilha Goga Mat\u00ae e amortecimento ULTRA LEVE. Caracter\u00edsticas: &#8211; Palmilha confort\u00e1vel acolchoada Goga Mat\u00ae &#8211; Amortecimento ultraleve na entressola &#8211; Feito com materiais 100% veganos &#8211; Design lav\u00e1vel \u00e0 m\u00e1quina &#8211; Palmilha Goga Mat\u00ae contornada para [&hellip;]<\/p>\n","protected":false},"featured_media":72858,"comment_status":"closed","ping_status":"closed","template":"","meta":[],"product_cat":[279,221],"product_tag":[],"class_list":{"0":"post-72857","1":"product","2":"type-product","3":"status-publish","4":"has-post-thumbnail","6":"product_cat-chinelos","7":"product_cat-homem","8":"ts_product_brand-skechers","10":"first","11":"instock","12":"shipping-taxable","13":"purchasable","14":"product-type-variable"},"yoast_head":"<!-- This site is optimized with the Yoast SEO plugin v27.4 - https:\/\/yoast.com\/product\/yoast-seo-wordpress\/ -->\n<title>Chinelo H Skechers - Guibutik<\/title>\n<meta name=\"robots\" content=\"index, follow, max-snippet:-1, max-image-preview:large, max-video-preview:-1\" \/>\n<link rel=\"canonical\" href=\"https:\/\/www.guibutik.pt\/loja\/produto\/chinelo-h-skechers\/\" \/>\n<meta property=\"og:locale\" content=\"pt_PT\" \/>\n<meta property=\"og:type\" content=\"article\" \/>\n<meta property=\"og:title\" content=\"Chinelo H Skechers - Guibutik\" \/>\n<meta property=\"og:description\" content=\"Mantenha-se fresco e protegido com a Sand\u00e1lia Skechers GO Consistent\u2122 2.0. Esta sand\u00e1lia de performance apresenta cabedal sint\u00e9tico com palmilha Goga Mat\u00ae e amortecimento ULTRA LEVE. Caracter\u00edsticas: &#8211; Palmilha confort\u00e1vel acolchoada Goga Mat\u00ae &#8211; Amortecimento ultraleve na entressola &#8211; Feito com materiais 100% veganos &#8211; Design lav\u00e1vel \u00e0 m\u00e1quina &#8211; Palmilha Goga Mat\u00ae contornada para [&hellip;]\" \/>\n<meta property=\"og:url\" content=\"https:\/\/www.guibutik.pt\/loja\/produto\/chinelo-h-skechers\/\" \/>\n<meta property=\"og:site_name\" content=\"Guibutik\" \/>\n<meta property=\"article:publisher\" content=\"https:\/\/www.facebook.com\/guibutik\/\" \/>\n<meta property=\"article:modified_time\" content=\"2025-08-16T10:07:41+00:00\" \/>\n<meta property=\"og:image\" content=\"https:\/\/www.guibutik.pt\/loja\/wp-content\/uploads\/2025\/06\/229269_BLK_1x_1b2f5d2c-4c6b-4d92-b7e0-24ff1f2f3be9_1024x1024.webp\" \/>\n\t<meta property=\"og:image:width\" content=\"1000\" \/>\n\t<meta property=\"og:image:height\" content=\"1000\" \/>\n\t<meta property=\"og:image:type\" content=\"image\/webp\" \/>\n<meta name=\"twitter:card\" content=\"summary_large_image\" \/>\n<meta name=\"twitter:label1\" content=\"Tempo estimado de leitura\" \/>\n\t<meta name=\"twitter:data1\" content=\"1 minuto\" \/>\n<script type=\"application\/ld+json\" class=\"yoast-schema-graph\">{\"@context\":\"https:\\\/\\\/schema.org\",\"@graph\":[{\"@type\":\"WebPage\",\"@id\":\"https:\\\/\\\/www.guibutik.pt\\\/loja\\\/produto\\\/chinelo-h-skechers\\\/\",\"url\":\"https:\\\/\\\/www.guibutik.pt\\\/loja\\\/produto\\\/chinelo-h-skechers\\\/\",\"name\":\"Chinelo H Skechers - Guibutik\",\"isPartOf\":{\"@id\":\"https:\\\/\\\/www.guibutik.pt\\\/loja\\\/#website\"},\"primaryImageOfPage\":{\"@id\":\"https:\\\/\\\/www.guibutik.pt\\\/loja\\\/produto\\\/chinelo-h-skechers\\\/#primaryimage\"},\"image\":{\"@id\":\"https:\\\/\\\/www.guibutik.pt\\\/loja\\\/produto\\\/chinelo-h-skechers\\\/#primaryimage\"},\"thumbnailUrl\":\"https:\\\/\\\/www.guibutik.pt\\\/loja\\\/wp-content\\\/uploads\\\/2025\\\/06\\\/229269_BLK_1x_1b2f5d2c-4c6b-4d92-b7e0-24ff1f2f3be9_1024x1024.webp\",\"datePublished\":\"2025-06-24T11:02:01+00:00\",\"dateModified\":\"2025-08-16T10:07:41+00:00\",\"breadcrumb\":{\"@id\":\"https:\\\/\\\/www.guibutik.pt\\\/loja\\\/produto\\\/chinelo-h-skechers\\\/#breadcrumb\"},\"inLanguage\":\"pt-PT\",\"potentialAction\":[{\"@type\":\"ReadAction\",\"target\":[\"https:\\\/\\\/www.guibutik.pt\\\/loja\\\/produto\\\/chinelo-h-skechers\\\/\"]}]},{\"@type\":\"ImageObject\",\"inLanguage\":\"pt-PT\",\"@id\":\"https:\\\/\\\/www.guibutik.pt\\\/loja\\\/produto\\\/chinelo-h-skechers\\\/#primaryimage\",\"url\":\"https:\\\/\\\/www.guibutik.pt\\\/loja\\\/wp-content\\\/uploads\\\/2025\\\/06\\\/229269_BLK_1x_1b2f5d2c-4c6b-4d92-b7e0-24ff1f2f3be9_1024x1024.webp\",\"contentUrl\":\"https:\\\/\\\/www.guibutik.pt\\\/loja\\\/wp-content\\\/uploads\\\/2025\\\/06\\\/229269_BLK_1x_1b2f5d2c-4c6b-4d92-b7e0-24ff1f2f3be9_1024x1024.webp\",\"width\":1000,\"height\":1000},{\"@type\":\"BreadcrumbList\",\"@id\":\"https:\\\/\\\/www.guibutik.pt\\\/loja\\\/produto\\\/chinelo-h-skechers\\\/#breadcrumb\",\"itemListElement\":[{\"@type\":\"ListItem\",\"position\":1,\"name\":\"In\u00edcio\",\"item\":\"https:\\\/\\\/www.guibutik.pt\\\/loja\\\/\"},{\"@type\":\"ListItem\",\"position\":2,\"name\":\"Loja\",\"item\":\"https:\\\/\\\/www.guibutik.pt\\\/loja\\\/shop\\\/\"},{\"@type\":\"ListItem\",\"position\":3,\"name\":\"Chinelo H Skechers\"}]},{\"@type\":\"WebSite\",\"@id\":\"https:\\\/\\\/www.guibutik.pt\\\/loja\\\/#website\",\"url\":\"https:\\\/\\\/www.guibutik.pt\\\/loja\\\/\",\"name\":\"Guibutik\",\"description\":\"Moda e Sapataria\",\"potentialAction\":[{\"@type\":\"SearchAction\",\"target\":{\"@type\":\"EntryPoint\",\"urlTemplate\":\"https:\\\/\\\/www.guibutik.pt\\\/loja\\\/?s={search_term_string}\"},\"query-input\":{\"@type\":\"PropertyValueSpecification\",\"valueRequired\":true,\"valueName\":\"search_term_string\"}}],\"inLanguage\":\"pt-PT\"}]}<\/script>\n<!-- \/ Yoast SEO plugin. -->","yoast_head_json":{"title":"Chinelo H Skechers - Guibutik","robots":{"index":"index","follow":"follow","max-snippet":"max-snippet:-1","max-image-preview":"max-image-preview:large","max-video-preview":"max-video-preview:-1"},"canonical":"https:\/\/www.guibutik.pt\/loja\/produto\/chinelo-h-skechers\/","og_locale":"pt_PT","og_type":"article","og_title":"Chinelo H Skechers - Guibutik","og_description":"Mantenha-se fresco e protegido com a Sand\u00e1lia Skechers GO Consistent\u2122 2.0. Esta sand\u00e1lia de performance apresenta cabedal sint\u00e9tico com palmilha Goga Mat\u00ae e amortecimento ULTRA LEVE. Caracter\u00edsticas: &#8211; Palmilha confort\u00e1vel acolchoada Goga Mat\u00ae &#8211; Amortecimento ultraleve na entressola &#8211; Feito com materiais 100% veganos &#8211; Design lav\u00e1vel \u00e0 m\u00e1quina &#8211; Palmilha Goga Mat\u00ae contornada para [&hellip;]","og_url":"https:\/\/www.guibutik.pt\/loja\/produto\/chinelo-h-skechers\/","og_site_name":"Guibutik","article_publisher":"https:\/\/www.facebook.com\/guibutik\/","article_modified_time":"2025-08-16T10:07:41+00:00","og_image":[{"width":1000,"height":1000,"url":"https:\/\/www.guibutik.pt\/loja\/wp-content\/uploads\/2025\/06\/229269_BLK_1x_1b2f5d2c-4c6b-4d92-b7e0-24ff1f2f3be9_1024x1024.webp","type":"image\/webp"}],"twitter_card":"summary_large_image","twitter_misc":{"Tempo estimado de leitura":"1 minuto"},"schema":{"@context":"https:\/\/schema.org","@graph":[{"@type":"WebPage","@id":"https:\/\/www.guibutik.pt\/loja\/produto\/chinelo-h-skechers\/","url":"https:\/\/www.guibutik.pt\/loja\/produto\/chinelo-h-skechers\/","name":"Chinelo H Skechers - Guibutik","isPartOf":{"@id":"https:\/\/www.guibutik.pt\/loja\/#website"},"primaryImageOfPage":{"@id":"https:\/\/www.guibutik.pt\/loja\/produto\/chinelo-h-skechers\/#primaryimage"},"image":{"@id":"https:\/\/www.guibutik.pt\/loja\/produto\/chinelo-h-skechers\/#primaryimage"},"thumbnailUrl":"https:\/\/www.guibutik.pt\/loja\/wp-content\/uploads\/2025\/06\/229269_BLK_1x_1b2f5d2c-4c6b-4d92-b7e0-24ff1f2f3be9_1024x1024.webp","datePublished":"2025-06-24T11:02:01+00:00","dateModified":"2025-08-16T10:07:41+00:00","breadcrumb":{"@id":"https:\/\/www.guibutik.pt\/loja\/produto\/chinelo-h-skechers\/#breadcrumb"},"inLanguage":"pt-PT","potentialAction":[{"@type":"ReadAction","target":["https:\/\/www.guibutik.pt\/loja\/produto\/chinelo-h-skechers\/"]}]},{"@type":"ImageObject","inLanguage":"pt-PT","@id":"https:\/\/www.guibutik.pt\/loja\/produto\/chinelo-h-skechers\/#primaryimage","url":"https:\/\/www.guibutik.pt\/loja\/wp-content\/uploads\/2025\/06\/229269_BLK_1x_1b2f5d2c-4c6b-4d92-b7e0-24ff1f2f3be9_1024x1024.webp","contentUrl":"https:\/\/www.guibutik.pt\/loja\/wp-content\/uploads\/2025\/06\/229269_BLK_1x_1b2f5d2c-4c6b-4d92-b7e0-24ff1f2f3be9_1024x1024.webp","width":1000,"height":1000},{"@type":"BreadcrumbList","@id":"https:\/\/www.guibutik.pt\/loja\/produto\/chinelo-h-skechers\/#breadcrumb","itemListElement":[{"@type":"ListItem","position":1,"name":"In\u00edcio","item":"https:\/\/www.guibutik.pt\/loja\/"},{"@type":"ListItem","position":2,"name":"Loja","item":"https:\/\/www.guibutik.pt\/loja\/shop\/"},{"@type":"ListItem","position":3,"name":"Chinelo H Skechers"}]},{"@type":"WebSite","@id":"https:\/\/www.guibutik.pt\/loja\/#website","url":"https:\/\/www.guibutik.pt\/loja\/","name":"Guibutik","description":"Moda e Sapataria","potentialAction":[{"@type":"SearchAction","target":{"@type":"EntryPoint","urlTemplate":"https:\/\/www.guibutik.pt\/loja\/?s={search_term_string}"},"query-input":{"@type":"PropertyValueSpecification","valueRequired":true,"valueName":"search_term_string"}}],"inLanguage":"pt-PT"}]}},"_links":{"self":[{"href":"https:\/\/www.guibutik.pt\/loja\/wp-json\/wp\/v2\/product\/72857","targetHints":{"allow":["GET"]}}],"collection":[{"href":"https:\/\/www.guibutik.pt\/loja\/wp-json\/wp\/v2\/product"}],"about":[{"href":"https:\/\/www.guibutik.pt\/loja\/wp-json\/wp\/v2\/types\/product"}],"replies":[{"embeddable":true,"href":"https:\/\/www.guibutik.pt\/loja\/wp-json\/wp\/v2\/comments?post=72857"}],"wp:featuredmedia":[{"embeddable":true,"href":"https:\/\/www.guibutik.pt\/loja\/wp-json\/wp\/v2\/media\/72858"}],"wp:attachment":[{"href":"https:\/\/www.guibutik.pt\/loja\/wp-json\/wp\/v2\/media?parent=72857"}],"wp:term":[{"taxonomy":"product_cat","embeddable":true,"href":"https:\/\/www.guibutik.pt\/loja\/wp-json\/wp\/v2\/product_cat?post=72857"},{"taxonomy":"product_tag","embeddable":true,"href":"https:\/\/www.guibutik.pt\/loja\/wp-json\/wp\/v2\/product_tag?post=72857"}],"curies":[{"name":"wp","href":"https:\/\/api.w.org\/{rel}","templated":true}]}}