{"id":72494,"date":"2025-06-02T11:27:21","date_gmt":"2025-06-02T10:27:21","guid":{"rendered":"https:\/\/www.guibutik.pt\/loja\/?post_type=product&#038;p=72494"},"modified":"2026-03-02T11:27:02","modified_gmt":"2026-03-02T10:27:02","slug":"sapatilha-low-lace-s-timerland","status":"publish","type":"product","link":"https:\/\/www.guibutik.pt\/loja\/produto\/sapatilha-low-lace-s-timerland\/","title":{"rendered":"Sapatilha Low Lace S Timerland"},"content":{"rendered":"<p>Percorre o teu caminho da cidade ao trilho nos t\u00e9nis com atacadores Low Motion Access, com sistema de conforto TimberCush\u2122 de apoio e sola com reentr\u00e2ncias TimberGrip\u2122 concebida para tra\u00e7\u00e3o. Concebidos com parte superior e forro em tecido ReBOTL\u2122 com, pelo menos, 50% de pl\u00e1stico reciclado e atacadores em 100% pl\u00e1stico reciclado, estes t\u00e9nis ajudam a enfrentar qualquer trilho e mant\u00e9m-te sempre confort\u00e1vel.<\/p>\n<p><strong>Detalhes e cuidados:<\/strong><\/p>\n<ul class=\"grid list-disc gap-4 cols-2\" title=\"Detalhes e cuidados\" data-test-id=\"product-details-bulletin\">\n<li class=\"ml-5\">Limpeza CleanerBoot Sauce\u2122<\/li>\n<li class=\"ml-5\">Escova para limpeza da sola de borracha<\/li>\n<li class=\"ml-5\">ProtectorMax\u00ae<\/li>\n<li class=\"ml-5\">Protetor para todos os fins ProtectorBalm Proofer\u2122<\/li>\n<\/ul>\n<p><strong>Caracteristicas:<\/strong><\/p>\n<ul class=\"grid list-disc gap-4 cols-2\" title=\"Caracter\u00edsticas\" data-test-id=\"product-details-bulletin\">\n<li class=\"ml-5\">Parte superior em tecido ReBOTL\u2122 com 50% de pl\u00e1stico PET reciclado com revestimento resistente \u00e0 abras\u00e3o<\/li>\n<li class=\"ml-5\">Com atacadores<\/li>\n<li class=\"ml-5\">Atacadores em 100% PET reciclado<\/li>\n<li class=\"ml-5\">Forro em tecido ReBOTL\u2122 com 50% de pl\u00e1stico PET reciclado<\/li>\n<li class=\"ml-5\">55% da borracha da sola \u00e9 proveniente de quintas comprometidas com pr\u00e1ticas agr\u00edcolas regenerativas<\/li>\n<li class=\"ml-5\">Sistema de conforto TIMBERCUSH\u2122<\/li>\n<li class=\"ml-5\">Sola com reentr\u00e2ncias TimberGrip\u2122<\/li>\n<\/ul>\n","protected":false},"excerpt":{"rendered":"<p>Percorre o teu caminho da cidade ao trilho nos t\u00e9nis com atacadores Low Motion Access, com sistema de conforto TimberCush\u2122 de apoio e sola com reentr\u00e2ncias TimberGrip\u2122 concebida para tra\u00e7\u00e3o. Concebidos com parte superior e forro em tecido ReBOTL\u2122 com, pelo menos, 50% de pl\u00e1stico reciclado e atacadores em 100% pl\u00e1stico reciclado, estes t\u00e9nis ajudam [&hellip;]<\/p>\n","protected":false},"featured_media":72508,"comment_status":"closed","ping_status":"closed","template":"","meta":[],"product_cat":[291,222],"product_tag":[],"class_list":{"0":"post-72494","1":"product","2":"type-product","3":"status-publish","4":"has-post-thumbnail","6":"product_cat-calcado-senhora","7":"product_cat-senhora","8":"ts_product_brand-timberland","10":"first","11":"instock","12":"shipping-taxable","13":"purchasable","14":"product-type-variable"},"yoast_head":"<!-- This site is optimized with the Yoast SEO plugin v27.5 - https:\/\/yoast.com\/product\/yoast-seo-wordpress\/ -->\n<title>Sapatilha Low Lace S Timerland - Guibutik<\/title>\n<meta name=\"robots\" content=\"index, follow, max-snippet:-1, max-image-preview:large, max-video-preview:-1\" \/>\n<link rel=\"canonical\" href=\"https:\/\/www.guibutik.pt\/loja\/produto\/sapatilha-low-lace-s-timerland\/\" \/>\n<meta property=\"og:locale\" content=\"pt_PT\" \/>\n<meta property=\"og:type\" content=\"article\" \/>\n<meta property=\"og:title\" content=\"Sapatilha Low Lace S Timerland - Guibutik\" \/>\n<meta property=\"og:description\" content=\"Percorre o teu caminho da cidade ao trilho nos t\u00e9nis com atacadores Low Motion Access, com sistema de conforto TimberCush\u2122 de apoio e sola com reentr\u00e2ncias TimberGrip\u2122 concebida para tra\u00e7\u00e3o. Concebidos com parte superior e forro em tecido ReBOTL\u2122 com, pelo menos, 50% de pl\u00e1stico reciclado e atacadores em 100% pl\u00e1stico reciclado, estes t\u00e9nis ajudam [&hellip;]\" \/>\n<meta property=\"og:url\" content=\"https:\/\/www.guibutik.pt\/loja\/produto\/sapatilha-low-lace-s-timerland\/\" \/>\n<meta property=\"og:site_name\" content=\"Guibutik\" \/>\n<meta property=\"article:publisher\" content=\"https:\/\/www.facebook.com\/guibutik\/\" \/>\n<meta property=\"article:modified_time\" content=\"2026-03-02T10:27:02+00:00\" \/>\n<meta property=\"og:image\" content=\"https:\/\/www.guibutik.pt\/loja\/wp-content\/uploads\/2025\/06\/A29PP.jpg\" \/>\n\t<meta property=\"og:image:width\" content=\"1300\" \/>\n\t<meta property=\"og:image:height\" content=\"1300\" \/>\n\t<meta property=\"og:image:type\" content=\"image\/jpeg\" \/>\n<meta name=\"twitter:card\" content=\"summary_large_image\" \/>\n<meta name=\"twitter:label1\" content=\"Tempo estimado de leitura\" \/>\n\t<meta name=\"twitter:data1\" content=\"1 minuto\" \/>\n<script type=\"application\/ld+json\" class=\"yoast-schema-graph\">{\"@context\":\"https:\\\/\\\/schema.org\",\"@graph\":[{\"@type\":\"WebPage\",\"@id\":\"https:\\\/\\\/www.guibutik.pt\\\/loja\\\/produto\\\/sapatilha-low-lace-s-timerland\\\/\",\"url\":\"https:\\\/\\\/www.guibutik.pt\\\/loja\\\/produto\\\/sapatilha-low-lace-s-timerland\\\/\",\"name\":\"Sapatilha Low Lace S Timerland - Guibutik\",\"isPartOf\":{\"@id\":\"https:\\\/\\\/www.guibutik.pt\\\/loja\\\/#website\"},\"primaryImageOfPage\":{\"@id\":\"https:\\\/\\\/www.guibutik.pt\\\/loja\\\/produto\\\/sapatilha-low-lace-s-timerland\\\/#primaryimage\"},\"image\":{\"@id\":\"https:\\\/\\\/www.guibutik.pt\\\/loja\\\/produto\\\/sapatilha-low-lace-s-timerland\\\/#primaryimage\"},\"thumbnailUrl\":\"https:\\\/\\\/www.guibutik.pt\\\/loja\\\/wp-content\\\/uploads\\\/2025\\\/06\\\/A29PP.jpg\",\"datePublished\":\"2025-06-02T10:27:21+00:00\",\"dateModified\":\"2026-03-02T10:27:02+00:00\",\"breadcrumb\":{\"@id\":\"https:\\\/\\\/www.guibutik.pt\\\/loja\\\/produto\\\/sapatilha-low-lace-s-timerland\\\/#breadcrumb\"},\"inLanguage\":\"pt-PT\",\"potentialAction\":[{\"@type\":\"ReadAction\",\"target\":[\"https:\\\/\\\/www.guibutik.pt\\\/loja\\\/produto\\\/sapatilha-low-lace-s-timerland\\\/\"]}]},{\"@type\":\"ImageObject\",\"inLanguage\":\"pt-PT\",\"@id\":\"https:\\\/\\\/www.guibutik.pt\\\/loja\\\/produto\\\/sapatilha-low-lace-s-timerland\\\/#primaryimage\",\"url\":\"https:\\\/\\\/www.guibutik.pt\\\/loja\\\/wp-content\\\/uploads\\\/2025\\\/06\\\/A29PP.jpg\",\"contentUrl\":\"https:\\\/\\\/www.guibutik.pt\\\/loja\\\/wp-content\\\/uploads\\\/2025\\\/06\\\/A29PP.jpg\",\"width\":1300,\"height\":1300},{\"@type\":\"BreadcrumbList\",\"@id\":\"https:\\\/\\\/www.guibutik.pt\\\/loja\\\/produto\\\/sapatilha-low-lace-s-timerland\\\/#breadcrumb\",\"itemListElement\":[{\"@type\":\"ListItem\",\"position\":1,\"name\":\"In\u00edcio\",\"item\":\"https:\\\/\\\/www.guibutik.pt\\\/loja\\\/\"},{\"@type\":\"ListItem\",\"position\":2,\"name\":\"Loja\",\"item\":\"https:\\\/\\\/www.guibutik.pt\\\/loja\\\/shop\\\/\"},{\"@type\":\"ListItem\",\"position\":3,\"name\":\"Sapatilha Low Lace S Timerland\"}]},{\"@type\":\"WebSite\",\"@id\":\"https:\\\/\\\/www.guibutik.pt\\\/loja\\\/#website\",\"url\":\"https:\\\/\\\/www.guibutik.pt\\\/loja\\\/\",\"name\":\"Guibutik\",\"description\":\"Moda e Sapataria\",\"potentialAction\":[{\"@type\":\"SearchAction\",\"target\":{\"@type\":\"EntryPoint\",\"urlTemplate\":\"https:\\\/\\\/www.guibutik.pt\\\/loja\\\/?s={search_term_string}\"},\"query-input\":{\"@type\":\"PropertyValueSpecification\",\"valueRequired\":true,\"valueName\":\"search_term_string\"}}],\"inLanguage\":\"pt-PT\"}]}<\/script>\n<!-- \/ Yoast SEO plugin. -->","yoast_head_json":{"title":"Sapatilha Low Lace S Timerland - Guibutik","robots":{"index":"index","follow":"follow","max-snippet":"max-snippet:-1","max-image-preview":"max-image-preview:large","max-video-preview":"max-video-preview:-1"},"canonical":"https:\/\/www.guibutik.pt\/loja\/produto\/sapatilha-low-lace-s-timerland\/","og_locale":"pt_PT","og_type":"article","og_title":"Sapatilha Low Lace S Timerland - Guibutik","og_description":"Percorre o teu caminho da cidade ao trilho nos t\u00e9nis com atacadores Low Motion Access, com sistema de conforto TimberCush\u2122 de apoio e sola com reentr\u00e2ncias TimberGrip\u2122 concebida para tra\u00e7\u00e3o. Concebidos com parte superior e forro em tecido ReBOTL\u2122 com, pelo menos, 50% de pl\u00e1stico reciclado e atacadores em 100% pl\u00e1stico reciclado, estes t\u00e9nis ajudam [&hellip;]","og_url":"https:\/\/www.guibutik.pt\/loja\/produto\/sapatilha-low-lace-s-timerland\/","og_site_name":"Guibutik","article_publisher":"https:\/\/www.facebook.com\/guibutik\/","article_modified_time":"2026-03-02T10:27:02+00:00","og_image":[{"width":1300,"height":1300,"url":"https:\/\/www.guibutik.pt\/loja\/wp-content\/uploads\/2025\/06\/A29PP.jpg","type":"image\/jpeg"}],"twitter_card":"summary_large_image","twitter_misc":{"Tempo estimado de leitura":"1 minuto"},"schema":{"@context":"https:\/\/schema.org","@graph":[{"@type":"WebPage","@id":"https:\/\/www.guibutik.pt\/loja\/produto\/sapatilha-low-lace-s-timerland\/","url":"https:\/\/www.guibutik.pt\/loja\/produto\/sapatilha-low-lace-s-timerland\/","name":"Sapatilha Low Lace S Timerland - Guibutik","isPartOf":{"@id":"https:\/\/www.guibutik.pt\/loja\/#website"},"primaryImageOfPage":{"@id":"https:\/\/www.guibutik.pt\/loja\/produto\/sapatilha-low-lace-s-timerland\/#primaryimage"},"image":{"@id":"https:\/\/www.guibutik.pt\/loja\/produto\/sapatilha-low-lace-s-timerland\/#primaryimage"},"thumbnailUrl":"https:\/\/www.guibutik.pt\/loja\/wp-content\/uploads\/2025\/06\/A29PP.jpg","datePublished":"2025-06-02T10:27:21+00:00","dateModified":"2026-03-02T10:27:02+00:00","breadcrumb":{"@id":"https:\/\/www.guibutik.pt\/loja\/produto\/sapatilha-low-lace-s-timerland\/#breadcrumb"},"inLanguage":"pt-PT","potentialAction":[{"@type":"ReadAction","target":["https:\/\/www.guibutik.pt\/loja\/produto\/sapatilha-low-lace-s-timerland\/"]}]},{"@type":"ImageObject","inLanguage":"pt-PT","@id":"https:\/\/www.guibutik.pt\/loja\/produto\/sapatilha-low-lace-s-timerland\/#primaryimage","url":"https:\/\/www.guibutik.pt\/loja\/wp-content\/uploads\/2025\/06\/A29PP.jpg","contentUrl":"https:\/\/www.guibutik.pt\/loja\/wp-content\/uploads\/2025\/06\/A29PP.jpg","width":1300,"height":1300},{"@type":"BreadcrumbList","@id":"https:\/\/www.guibutik.pt\/loja\/produto\/sapatilha-low-lace-s-timerland\/#breadcrumb","itemListElement":[{"@type":"ListItem","position":1,"name":"In\u00edcio","item":"https:\/\/www.guibutik.pt\/loja\/"},{"@type":"ListItem","position":2,"name":"Loja","item":"https:\/\/www.guibutik.pt\/loja\/shop\/"},{"@type":"ListItem","position":3,"name":"Sapatilha Low Lace S Timerland"}]},{"@type":"WebSite","@id":"https:\/\/www.guibutik.pt\/loja\/#website","url":"https:\/\/www.guibutik.pt\/loja\/","name":"Guibutik","description":"Moda e Sapataria","potentialAction":[{"@type":"SearchAction","target":{"@type":"EntryPoint","urlTemplate":"https:\/\/www.guibutik.pt\/loja\/?s={search_term_string}"},"query-input":{"@type":"PropertyValueSpecification","valueRequired":true,"valueName":"search_term_string"}}],"inLanguage":"pt-PT"}]}},"_links":{"self":[{"href":"https:\/\/www.guibutik.pt\/loja\/wp-json\/wp\/v2\/product\/72494","targetHints":{"allow":["GET"]}}],"collection":[{"href":"https:\/\/www.guibutik.pt\/loja\/wp-json\/wp\/v2\/product"}],"about":[{"href":"https:\/\/www.guibutik.pt\/loja\/wp-json\/wp\/v2\/types\/product"}],"replies":[{"embeddable":true,"href":"https:\/\/www.guibutik.pt\/loja\/wp-json\/wp\/v2\/comments?post=72494"}],"wp:featuredmedia":[{"embeddable":true,"href":"https:\/\/www.guibutik.pt\/loja\/wp-json\/wp\/v2\/media\/72508"}],"wp:attachment":[{"href":"https:\/\/www.guibutik.pt\/loja\/wp-json\/wp\/v2\/media?parent=72494"}],"wp:term":[{"taxonomy":"product_cat","embeddable":true,"href":"https:\/\/www.guibutik.pt\/loja\/wp-json\/wp\/v2\/product_cat?post=72494"},{"taxonomy":"product_tag","embeddable":true,"href":"https:\/\/www.guibutik.pt\/loja\/wp-json\/wp\/v2\/product_tag?post=72494"}],"curies":[{"name":"wp","href":"https:\/\/api.w.org\/{rel}","templated":true}]}}